{"id":10456,"date":"2026-03-20T10:59:05","date_gmt":"2026-03-20T09:59:05","guid":{"rendered":"https:\/\/acoteq.com\/?page_id=10456"},"modified":"2026-03-20T10:59:06","modified_gmt":"2026-03-20T09:59:06","slug":"techniker","status":"publish","type":"page","link":"https:\/\/acoteq.com\/de\/jobs\/techniker\/","title":{"rendered":"Automatisierungstechniker, Inbetriebnahme- und Servicetechniker (m\/w\/d)"},"content":{"rendered":"<section class=\"banner\">\n\n\t<img decoding=\"async\" src=\"https:\/\/acoteq.com\/wp-content\/uploads\/2026\/02\/DSC02988.jpg.webp\" alt=\"\">\n\n\t<div class=\"banner_overlay\">\n\n\t\t<div class=\"container\">\n\n\t\t\t<div class=\"row banner_text\">\n\n\t\t\t\t<div class=\"col-lg-12\">\n\n\t\t\t\t\t<h1><em>Unbefristet | Vollzeit <\/em><strong>Automatisierungstechniker,<br \/>\n<\/strong><strong>Inbetriebnahme- &amp; Servicetechniker<\/strong> (m\/w\/d)<\/h1>\n\n\t\t\t\t\t \n\t\t\t\t<\/div>\n\n\t\t\t<\/div>\n\n\t\t<\/div>\n\n\t<\/div>\n\n<\/section>\n\n\n<div class=\"wp-block-group has-text-color has-background has-link-color wp-elements-0a5faa8425bffd1c8911ce4bbfde2de3\" style=\"color:#0e3770;background-color:#f3f4f7\"><div class=\"wp-block-group__inner-container is-layout-constrained wp-block-group-is-layout-constrained\"><div class=\"yoast-breadcrumbs\"><span><span><a href=\"https:\/\/acoteq.com\/de\/\"><i class=\"fas fa-home\">Home<\/i><\/a><\/span> \/ <span><a href=\"https:\/\/acoteq.com\/de\/jobs\/\">Jobs<\/a><\/span> \/ <span class=\"breadcrumb_last\" aria-current=\"page\">Automatisierungstechniker, Inbetriebnahme- und Servicetechniker (m\/w\/d)<\/span><\/span><\/div>\n\n\n<div style=\"height:20px\" aria-hidden=\"true\" class=\"wp-block-spacer\"><\/div>\n\n\n<section class=\"text arrow_list green\">\n\t\n\t<div class=\"container\">\n\n\t\t<div class=\"row\">\n\n\t\t\t<div class=\"col-lg-12\">\n\n\t\t\t\t<h4><strong><span style=\"color: #14315c;\">ACOTEQ ist ein junges erfolgreiches deutsches Unternehmen mit internationaler Kundschaft.<br \/>\nWir bieten unseren weltweiten Kunden Automationsl\u00f6sungen, Consulting und Technical Equipment f\u00fcr Maschinen, Anlagen und Dienstleistungen im Bereich der Draht- und Kabelindustrie. Unser Know-how und Engagement zusammen mit moderner Technologie und unsere Qualit\u00e4t haben uns zu einem weltweit anerkannten Partner der Draht- und Kabelindustrie werden lassen.<\/span><\/strong><\/h4>\n<p>&nbsp;<\/p>\n<h4><strong><span style=\"color: #14315c;\">Was bieten wir?<\/span><\/strong><\/h4>\n<ul>\n<li>Offene Unternehmenskultur mit flachen Hierarchien<\/li>\n<li>Kontinuierliche Aus- und Weiterbildung<\/li>\n<li>Individuelle Einarbeitung f\u00fcr die bevorstehenden Arbeiten mit anschlie\u00dfendem Freiraum f\u00fcr eigenen Initiativen<\/li>\n<li>Gleittage nach Au\u00dfendiensteins\u00e4tzen, um Privatleben und Arbeit in Einklang zu bringen<\/li>\n<li>Einbindung in die Arbeitszeit- und Einsatzplanung<\/li>\n<li>Urlaubs- und Weihnachtsgeld<\/li>\n<li>Positives und motivierendes Arbeitsklima<\/li>\n<li>Jobrad<\/li>\n<\/ul>\n<p>&nbsp;<\/p>\n<h5><strong><span style=\"color: #14315c;\">Sie haben eine der folgenden Berufsausbildungen:<\/span><\/strong><\/h5>\n<ul>\n<li>Mechatroniker*in<\/li>\n<li>Techniker*in \u2013 Elektrotechnik (Automatisierungstechnik)<\/li>\n<li>Elektroniker*in \u2013 Automatisierungstechnik<\/li>\n<li>absolviertes Studium mit elektrotechnischem-\/automatisierugnstechnischem Schwerpunkt<br \/>\n<strong>Berufsanf\u00e4nger willkommen!<\/strong><\/li>\n<\/ul>\n<p>&nbsp;<\/p>\n<h5><strong><span style=\"color: #14315c;\">Sie bringen (Grund-)Kenntnisse in folgenden Bereichen mit:<\/span><\/strong><\/h5>\n<ul>\n<li>Elektronik<\/li>\n<li>Antriebstechnik und Steuerungstechnik (Siemens und\/oder Allen Bradley\/Rockwell)<\/li>\n<li>Kabel- und Leitungstechnik<\/li>\n<li>Mess-, Steuer-, Regeltechnik<\/li>\n<li>Montage<\/li>\n<li>Produktion<\/li>\n<li>Verarbeitung<\/li>\n<li>Technik<\/li>\n<\/ul>\n<p>&nbsp;<\/p>\n<h5><strong><span style=\"color: #14315c;\">Sie erf\u00fcllen die folgenden Anforderungen:<\/span><\/strong><\/h5>\n<ul>\n<li>Gute Englischkenntnisse in Wort und Schrift, jede weitere Sprache von Vorteil<\/li>\n<li>F\u00fchrerschein Klasse B<\/li>\n<li>Hohe Bereitschaft zum Au\u00dfendienst weltweit und zu flexibler Arbeitszeitgestaltung<\/li>\n<li>Spa\u00df an komplexen technischen Aufgabenstellungen<\/li>\n<\/ul>\n<p>&nbsp;<\/p>\n<h5><strong><span style=\"color: #14315c;\">Sie unterst\u00fctzen uns in den folgenden Bereichen:<\/span><\/strong><\/h5>\n<ul>\n<li>Elektrische Projektierungen<\/li>\n<li>Erstellung von Schaltpl\u00e4nen<\/li>\n<li>Programmierung, Projektierung und Parametrierung f\u00fcr unterschiedliche Zielsysteme (zB SPS, Bediensysteme, Antriebsregler)<\/li>\n<li>Erstellung von Dokumentationen und Betriebsanleitungen<\/li>\n<li>Funktionspr\u00fcfungen<\/li>\n<li>Durchf\u00fchrung von Anlagenaufstellungen und -inbetriebnahmen sowie technische Abnahmen im In- und Ausland<\/li>\n<li>Einweisung des Bedien- und Wartungspersonals<\/li>\n<li>Durchf\u00fchrung von Anlageninspektionen, Reparaturen und Servicearbeiten<\/li>\n<\/ul>\n<p>&nbsp;<\/p>\n<h4><strong><span style=\"color: #14315c;\">Bei uns erwartet Sie ein abwechslungsreiches, vielf\u00e4ltiges Arbeitsfeld.<\/span><\/strong><\/h4>\n<p>&nbsp;<\/p>\n<p>Haben wir Sie angesprochen? Dann freuen wir uns darauf Sie kennenzulernen!<\/p>\n<p>Bitte reichen Sie uns Ihre Bewerbungsunterlagen mit Lebenslauf, Zeugnissen,<br \/>\nEntgeltvorstellung und m\u00f6glichem Eintrittstermin schriftlich per Post oder per E-Mail ein.<\/p>\n\n\t\t\t<\/div>\n\n\t\t<\/div>\n\n\t<\/div>\n\n<\/section>\n\n\n<div style=\"height:50px\" aria-hidden=\"true\" class=\"wp-block-spacer\"><\/div>\n\n\n<section class=\"text \">\n\t\n\t<div class=\"container\">\n\n\t\t<div class=\"row\">\n\n\t\t\t<div class=\"col-lg-12\">\n\n\t\t\t\t<p><strong>BEWERBUNG &amp; KONTAKT<\/strong><\/p>\n<p>ACOTEQ GmbH<br \/>\nFrau Gabriela Queins<br \/>\nAm Handwerkerzentrum 1<br \/>\n52156 Monschau<br \/>\nE-Mail: jobs@acoteq.com<\/p>\n\n\t\t\t<\/div>\n\n\t\t<\/div>\n\n\t<\/div>\n\n<\/section>\n\n\n<div style=\"height:20px\" aria-hidden=\"true\" class=\"wp-block-spacer\"><\/div>\n<\/div><\/div>\n","protected":false},"excerpt":{"rendered":"","protected":false},"author":1,"featured_media":0,"parent":10242,"menu_order":0,"comment_status":"closed","ping_status":"closed","template":"","meta":{"_acf_changed":false,"footnotes":""},"class_list":["post-10456","page","type-page","status-publish","hentry"],"acf":[],"yoast_head":"<!-- This site is optimized with the Yoast SEO plugin v27.2 - https:\/\/yoast.com\/product\/yoast-seo-wordpress\/ -->\n<title>Automatisierungstechniker, Inbetriebnahme- und Servicetechniker (m\/w\/d) | ACOTEQ<\/title>\n<meta name=\"robots\" content=\"index, follow, max-snippet:-1, max-image-preview:large, max-video-preview:-1\" \/>\n<link rel=\"canonical\" href=\"https:\/\/acoteq.com\/de\/jobs\/techniker\/\" \/>\n<meta property=\"og:locale\" content=\"de_DE\" \/>\n<meta property=\"og:type\" content=\"article\" \/>\n<meta property=\"og:title\" content=\"Automatisierungstechniker, Inbetriebnahme- und Servicetechniker (m\/w\/d) | ACOTEQ\" \/>\n<meta property=\"og:url\" content=\"https:\/\/acoteq.com\/de\/jobs\/techniker\/\" \/>\n<meta property=\"og:site_name\" content=\"ACOTEQ\" \/>\n<meta property=\"article:modified_time\" content=\"2026-03-20T09:59:06+00:00\" \/>\n<meta name=\"twitter:card\" content=\"summary_large_image\" \/>\n<script type=\"application\/ld+json\" class=\"yoast-schema-graph\">{\"@context\":\"https:\/\/schema.org\",\"@graph\":[{\"@type\":\"WebPage\",\"@id\":\"https:\/\/acoteq.com\/de\/jobs\/techniker\/\",\"url\":\"https:\/\/acoteq.com\/de\/jobs\/techniker\/\",\"name\":\"Automatisierungstechniker, Inbetriebnahme- und Servicetechniker (m\/w\/d) | ACOTEQ\",\"isPartOf\":{\"@id\":\"https:\/\/acoteq.com\/de\/#website\"},\"datePublished\":\"2026-03-20T09:59:05+00:00\",\"dateModified\":\"2026-03-20T09:59:06+00:00\",\"breadcrumb\":{\"@id\":\"https:\/\/acoteq.com\/de\/jobs\/techniker\/#breadcrumb\"},\"inLanguage\":\"de\",\"potentialAction\":[{\"@type\":\"ReadAction\",\"target\":[\"https:\/\/acoteq.com\/de\/jobs\/techniker\/\"]}]},{\"@type\":\"BreadcrumbList\",\"@id\":\"https:\/\/acoteq.com\/de\/jobs\/techniker\/#breadcrumb\",\"itemListElement\":[{\"@type\":\"ListItem\",\"position\":1,\"name\":\"Home\",\"item\":\"https:\/\/acoteq.com\/de\/\"},{\"@type\":\"ListItem\",\"position\":2,\"name\":\"Jobs\",\"item\":\"https:\/\/acoteq.com\/de\/jobs\/\"},{\"@type\":\"ListItem\",\"position\":3,\"name\":\"Automatisierungstechniker, Inbetriebnahme- und Servicetechniker (m\/w\/d)\"}]},{\"@type\":\"WebSite\",\"@id\":\"https:\/\/acoteq.com\/de\/#website\",\"url\":\"https:\/\/acoteq.com\/de\/\",\"name\":\"ACOTEQ\",\"description\":\"\",\"potentialAction\":[{\"@type\":\"SearchAction\",\"target\":{\"@type\":\"EntryPoint\",\"urlTemplate\":\"https:\/\/acoteq.com\/de\/?s={search_term_string}\"},\"query-input\":{\"@type\":\"PropertyValueSpecification\",\"valueRequired\":true,\"valueName\":\"search_term_string\"}}],\"inLanguage\":\"de\"}]}<\/script>\n<!-- \/ Yoast SEO plugin. -->","yoast_head_json":{"title":"Automatisierungstechniker, Inbetriebnahme- und Servicetechniker (m\/w\/d) | ACOTEQ","robots":{"index":"index","follow":"follow","max-snippet":"max-snippet:-1","max-image-preview":"max-image-preview:large","max-video-preview":"max-video-preview:-1"},"canonical":"https:\/\/acoteq.com\/de\/jobs\/techniker\/","og_locale":"de_DE","og_type":"article","og_title":"Automatisierungstechniker, Inbetriebnahme- und Servicetechniker (m\/w\/d) | ACOTEQ","og_url":"https:\/\/acoteq.com\/de\/jobs\/techniker\/","og_site_name":"ACOTEQ","article_modified_time":"2026-03-20T09:59:06+00:00","twitter_card":"summary_large_image","schema":{"@context":"https:\/\/schema.org","@graph":[{"@type":"WebPage","@id":"https:\/\/acoteq.com\/de\/jobs\/techniker\/","url":"https:\/\/acoteq.com\/de\/jobs\/techniker\/","name":"Automatisierungstechniker, Inbetriebnahme- und Servicetechniker (m\/w\/d) | ACOTEQ","isPartOf":{"@id":"https:\/\/acoteq.com\/de\/#website"},"datePublished":"2026-03-20T09:59:05+00:00","dateModified":"2026-03-20T09:59:06+00:00","breadcrumb":{"@id":"https:\/\/acoteq.com\/de\/jobs\/techniker\/#breadcrumb"},"inLanguage":"de","potentialAction":[{"@type":"ReadAction","target":["https:\/\/acoteq.com\/de\/jobs\/techniker\/"]}]},{"@type":"BreadcrumbList","@id":"https:\/\/acoteq.com\/de\/jobs\/techniker\/#breadcrumb","itemListElement":[{"@type":"ListItem","position":1,"name":"Home","item":"https:\/\/acoteq.com\/de\/"},{"@type":"ListItem","position":2,"name":"Jobs","item":"https:\/\/acoteq.com\/de\/jobs\/"},{"@type":"ListItem","position":3,"name":"Automatisierungstechniker, Inbetriebnahme- und Servicetechniker (m\/w\/d)"}]},{"@type":"WebSite","@id":"https:\/\/acoteq.com\/de\/#website","url":"https:\/\/acoteq.com\/de\/","name":"ACOTEQ","description":"","potentialAction":[{"@type":"SearchAction","target":{"@type":"EntryPoint","urlTemplate":"https:\/\/acoteq.com\/de\/?s={search_term_string}"},"query-input":{"@type":"PropertyValueSpecification","valueRequired":true,"valueName":"search_term_string"}}],"inLanguage":"de"}]}},"_links":{"self":[{"href":"https:\/\/acoteq.com\/de\/wp-json\/wp\/v2\/pages\/10456","targetHints":{"allow":["GET"]}}],"collection":[{"href":"https:\/\/acoteq.com\/de\/wp-json\/wp\/v2\/pages"}],"about":[{"href":"https:\/\/acoteq.com\/de\/wp-json\/wp\/v2\/types\/page"}],"author":[{"embeddable":true,"href":"https:\/\/acoteq.com\/de\/wp-json\/wp\/v2\/users\/1"}],"replies":[{"embeddable":true,"href":"https:\/\/acoteq.com\/de\/wp-json\/wp\/v2\/comments?post=10456"}],"version-history":[{"count":1,"href":"https:\/\/acoteq.com\/de\/wp-json\/wp\/v2\/pages\/10456\/revisions"}],"predecessor-version":[{"id":10457,"href":"https:\/\/acoteq.com\/de\/wp-json\/wp\/v2\/pages\/10456\/revisions\/10457"}],"up":[{"embeddable":true,"href":"https:\/\/acoteq.com\/de\/wp-json\/wp\/v2\/pages\/10242"}],"wp:attachment":[{"href":"https:\/\/acoteq.com\/de\/wp-json\/wp\/v2\/media?parent=10456"}],"curies":[{"name":"wp","href":"https:\/\/api.w.org\/{rel}","templated":true}]}}