{"id":10458,"date":"2026-03-20T11:00:47","date_gmt":"2026-03-20T10:00:47","guid":{"rendered":"https:\/\/acoteq.com\/?page_id=10458"},"modified":"2026-03-20T11:00:48","modified_gmt":"2026-03-20T10:00:48","slug":"werkstudent","status":"publish","type":"page","link":"https:\/\/acoteq.com\/de\/jobs\/werkstudent\/","title":{"rendered":"Werkstudent (m\/w\/d) im Bereich Soft- und Hardwareprojektierung"},"content":{"rendered":"<section class=\"banner\">\n\n\t<img decoding=\"async\" src=\"https:\/\/acoteq.com\/wp-content\/uploads\/2026\/02\/DSC02988.jpg.webp\" alt=\"\">\n\n\t<div class=\"banner_overlay\">\n\n\t\t<div class=\"container\">\n\n\t\t\t<div class=\"row banner_text\">\n\n\t\t\t\t<div class=\"col-lg-12\">\n\n\t\t\t\t\t<h1><em>Teilzeit <\/em><strong>Werkstudent (m\/w\/d)<\/strong><br \/>im Bereich Soft- und Hardwareprojektierung<\/h1>\n\n\t\t\t\t\t \n\t\t\t\t<\/div>\n\n\t\t\t<\/div>\n\n\t\t<\/div>\n\n\t<\/div>\n\n<\/section>\n\n\n<div class=\"wp-block-group has-text-color has-background has-link-color wp-elements-bc92c73cde3b020c4a2be49d593c7ba2\" style=\"color:#0e3770;background-color:#f3f4f7\"><div class=\"wp-block-group__inner-container is-layout-constrained wp-block-group-is-layout-constrained\"><div class=\"yoast-breadcrumbs\"><span><span><a href=\"https:\/\/acoteq.com\/de\/\"><i class=\"fas fa-home\">Home<\/i><\/a><\/span> \/ <span><a href=\"https:\/\/acoteq.com\/de\/jobs\/\">Jobs<\/a><\/span> \/ <span class=\"breadcrumb_last\" aria-current=\"page\">Werkstudent (m\/w\/d) im Bereich Soft- und Hardwareprojektierung<\/span><\/span><\/div>\n\n\n<div style=\"height:20px\" aria-hidden=\"true\" class=\"wp-block-spacer\"><\/div>\n\n\n<section class=\"text arrow_list green\">\n\t\n\t<div class=\"container\">\n\n\t\t<div class=\"row\">\n\n\t\t\t<div class=\"col-lg-12\">\n\n\t\t\t\t<h4><strong><span style=\"color: #14315c;\">ACOTEQ ist ein junges erfolgreiches deutsches Unternehmen mit internationaler Kundschaft.<br \/>\nWir bieten unseren weltweiten Kunden Automationsl\u00f6sungen, Consulting und Technical Equipment f\u00fcr Maschinen, Anlagen und Dienstleistungen im Bereich der Draht- und Kabelindustrie. Unser Know-how und Engagement zusammen mit moderner Technologie und unsere Qualit\u00e4t haben uns zu einem weltweit anerkannten Partner der Draht- und Kabelindustrie werden lassen.<\/span><\/strong><\/h4>\n<p>&nbsp;<\/p>\n<h4><strong><span style=\"color: #14315c;\">Was bieten wir?<\/span><\/strong><\/h4>\n<ul>\n<li>Offene Unternehmenskultur mit flachen Hierarchien<\/li>\n<li>Kontinuierliche Aus- und Weiterbildung<\/li>\n<li>Individuelle Einarbeitung f\u00fcr die bevorstehenden Arbeiten mit anschlie\u00dfendem Freiraum f\u00fcr eigenen Initiativen<\/li>\n<li>Einblick in die Praxis<\/li>\n<li>Chance auf \u00dcbernahme in ein festes Arbeitsverh\u00e4ltnis nach Ihrem Studium<\/li>\n<li>Positives und motivierendes Arbeitsklima<\/li>\n<\/ul>\n<p>&nbsp;<\/p>\n<h5><strong><span style=\"color: #14315c;\">Sie sind Student in einem der folgenden Studieng\u00e4nge:<\/span><\/strong><\/h5>\n<ul>\n<li>Elektrotechnik<\/li>\n<li>Mechatronik<\/li>\n<\/ul>\n<p>&nbsp;<\/p>\n<h5><strong><span style=\"color: #14315c;\">Sie bringen (Grund-)Kenntnisse in folgenden Bereichen mit:<\/span><\/strong><\/h5>\n<ul>\n<li>Elektronik<\/li>\n<li>Antriebstechnik und Steuerungstechnik<\/li>\n<li>Erfahrung in Hardwarekonstruktion und Maschinensoftware<\/li>\n<\/ul>\n<p>&nbsp;<\/p>\n<h5><strong><span style=\"color: #14315c;\">Sie erf\u00fcllen die folgenden Anforderungen:<\/span><\/strong><\/h5>\n<ul>\n<li>Gute Englischkenntnisse in Wort und Schrift, jede weitere Sprache von Vorteil<\/li>\n<li>Gute Kenntnisse in MS Office Word, Excel und PowerPoint<\/li>\n<li>F\u00fchrerschein Klasse B<\/li>\n<li>Spa\u00df an komplexen technischen Aufgabenstellungen<\/li>\n<\/ul>\n<p>&nbsp;<\/p>\n<h5><strong><span style=\"color: #14315c;\">Sie unterst\u00fctzen uns in den folgenden Bereichen:<\/span><\/strong><\/h5>\n<ul>\n<li>Unterst\u00fctzung der Elektrischen Projektierungen<\/li>\n<li>Unterst\u00fctzung bei der Erstellung von Schaltpl\u00e4nen<\/li>\n<li>Unterst\u00fctzung bei Programmierung, Projektierung und Parametrierung f\u00fcr unterschiedliche Zielsysteme (zB SPS, Bediensysteme, Antriebsregler)<\/li>\n<li>Unterst\u00fctzung bei der Auftragsbearbeitung<\/li>\n<\/ul>\n<p>&nbsp;<\/p>\n<h4><strong><span style=\"color: #14315c;\">Bei uns erwartet Sie ein abwechslungsreiches, vielf\u00e4ltiges Arbeitsfeld.<\/span><\/strong><\/h4>\n<p>&nbsp;<\/p>\n<p>Haben wir Sie angesprochen? Dann freuen wir uns darauf Sie kennenzulernen!<\/p>\n<p>Bitte reichen Sie uns Ihre Bewerbungsunterlagen mit Lebenslauf, Zeugnissen,<br \/>\nEntgeltvorstellung und m\u00f6glichem Eintrittstermin schriftlich per Post oder per E-Mail ein.<\/p>\n\n\t\t\t<\/div>\n\n\t\t<\/div>\n\n\t<\/div>\n\n<\/section>\n\n\n<div style=\"height:50px\" aria-hidden=\"true\" class=\"wp-block-spacer\"><\/div>\n\n\n<section class=\"text \">\n\t\n\t<div class=\"container\">\n\n\t\t<div class=\"row\">\n\n\t\t\t<div class=\"col-lg-12\">\n\n\t\t\t\t<p><strong>BEWERBUNG &amp; KONTAKT<\/strong><\/p>\n<p>ACOTEQ GmbH<br \/>\nFrau Gabriela Queins<br \/>\nAm Handwerkerzentrum 1<br \/>\n52156 Monschau<br \/>\nE-Mail: jobs@acoteq.com<\/p>\n\n\t\t\t<\/div>\n\n\t\t<\/div>\n\n\t<\/div>\n\n<\/section>\n\n\n<div style=\"height:20px\" aria-hidden=\"true\" class=\"wp-block-spacer\"><\/div>\n<\/div><\/div>\n","protected":false},"excerpt":{"rendered":"","protected":false},"author":1,"featured_media":0,"parent":10242,"menu_order":0,"comment_status":"closed","ping_status":"closed","template":"","meta":{"_acf_changed":false,"footnotes":""},"class_list":["post-10458","page","type-page","status-publish","hentry"],"acf":[],"yoast_head":"<!-- This site is optimized with the Yoast SEO plugin v27.2 - https:\/\/yoast.com\/product\/yoast-seo-wordpress\/ -->\n<title>Werkstudent (m\/w\/d) im Bereich Soft- und Hardwareprojektierung | ACOTEQ<\/title>\n<meta name=\"robots\" content=\"index, follow, max-snippet:-1, max-image-preview:large, max-video-preview:-1\" \/>\n<link rel=\"canonical\" href=\"https:\/\/acoteq.com\/de\/jobs\/werkstudent\/\" \/>\n<meta property=\"og:locale\" content=\"de_DE\" \/>\n<meta property=\"og:type\" content=\"article\" \/>\n<meta property=\"og:title\" content=\"Werkstudent (m\/w\/d) im Bereich Soft- und Hardwareprojektierung | ACOTEQ\" \/>\n<meta property=\"og:url\" content=\"https:\/\/acoteq.com\/de\/jobs\/werkstudent\/\" \/>\n<meta property=\"og:site_name\" content=\"ACOTEQ\" \/>\n<meta property=\"article:modified_time\" content=\"2026-03-20T10:00:48+00:00\" \/>\n<meta name=\"twitter:card\" content=\"summary_large_image\" \/>\n<script type=\"application\/ld+json\" class=\"yoast-schema-graph\">{\"@context\":\"https:\/\/schema.org\",\"@graph\":[{\"@type\":\"WebPage\",\"@id\":\"https:\/\/acoteq.com\/de\/jobs\/werkstudent\/\",\"url\":\"https:\/\/acoteq.com\/de\/jobs\/werkstudent\/\",\"name\":\"Werkstudent (m\/w\/d) im Bereich Soft- und Hardwareprojektierung | ACOTEQ\",\"isPartOf\":{\"@id\":\"https:\/\/acoteq.com\/de\/#website\"},\"datePublished\":\"2026-03-20T10:00:47+00:00\",\"dateModified\":\"2026-03-20T10:00:48+00:00\",\"breadcrumb\":{\"@id\":\"https:\/\/acoteq.com\/de\/jobs\/werkstudent\/#breadcrumb\"},\"inLanguage\":\"de\",\"potentialAction\":[{\"@type\":\"ReadAction\",\"target\":[\"https:\/\/acoteq.com\/de\/jobs\/werkstudent\/\"]}]},{\"@type\":\"BreadcrumbList\",\"@id\":\"https:\/\/acoteq.com\/de\/jobs\/werkstudent\/#breadcrumb\",\"itemListElement\":[{\"@type\":\"ListItem\",\"position\":1,\"name\":\"Home\",\"item\":\"https:\/\/acoteq.com\/de\/\"},{\"@type\":\"ListItem\",\"position\":2,\"name\":\"Jobs\",\"item\":\"https:\/\/acoteq.com\/de\/jobs\/\"},{\"@type\":\"ListItem\",\"position\":3,\"name\":\"Werkstudent (m\/w\/d) im Bereich Soft- und Hardwareprojektierung\"}]},{\"@type\":\"WebSite\",\"@id\":\"https:\/\/acoteq.com\/de\/#website\",\"url\":\"https:\/\/acoteq.com\/de\/\",\"name\":\"ACOTEQ\",\"description\":\"\",\"potentialAction\":[{\"@type\":\"SearchAction\",\"target\":{\"@type\":\"EntryPoint\",\"urlTemplate\":\"https:\/\/acoteq.com\/de\/?s={search_term_string}\"},\"query-input\":{\"@type\":\"PropertyValueSpecification\",\"valueRequired\":true,\"valueName\":\"search_term_string\"}}],\"inLanguage\":\"de\"}]}<\/script>\n<!-- \/ Yoast SEO plugin. -->","yoast_head_json":{"title":"Werkstudent (m\/w\/d) im Bereich Soft- und Hardwareprojektierung | ACOTEQ","robots":{"index":"index","follow":"follow","max-snippet":"max-snippet:-1","max-image-preview":"max-image-preview:large","max-video-preview":"max-video-preview:-1"},"canonical":"https:\/\/acoteq.com\/de\/jobs\/werkstudent\/","og_locale":"de_DE","og_type":"article","og_title":"Werkstudent (m\/w\/d) im Bereich Soft- und Hardwareprojektierung | ACOTEQ","og_url":"https:\/\/acoteq.com\/de\/jobs\/werkstudent\/","og_site_name":"ACOTEQ","article_modified_time":"2026-03-20T10:00:48+00:00","twitter_card":"summary_large_image","schema":{"@context":"https:\/\/schema.org","@graph":[{"@type":"WebPage","@id":"https:\/\/acoteq.com\/de\/jobs\/werkstudent\/","url":"https:\/\/acoteq.com\/de\/jobs\/werkstudent\/","name":"Werkstudent (m\/w\/d) im Bereich Soft- und Hardwareprojektierung | ACOTEQ","isPartOf":{"@id":"https:\/\/acoteq.com\/de\/#website"},"datePublished":"2026-03-20T10:00:47+00:00","dateModified":"2026-03-20T10:00:48+00:00","breadcrumb":{"@id":"https:\/\/acoteq.com\/de\/jobs\/werkstudent\/#breadcrumb"},"inLanguage":"de","potentialAction":[{"@type":"ReadAction","target":["https:\/\/acoteq.com\/de\/jobs\/werkstudent\/"]}]},{"@type":"BreadcrumbList","@id":"https:\/\/acoteq.com\/de\/jobs\/werkstudent\/#breadcrumb","itemListElement":[{"@type":"ListItem","position":1,"name":"Home","item":"https:\/\/acoteq.com\/de\/"},{"@type":"ListItem","position":2,"name":"Jobs","item":"https:\/\/acoteq.com\/de\/jobs\/"},{"@type":"ListItem","position":3,"name":"Werkstudent (m\/w\/d) im Bereich Soft- und Hardwareprojektierung"}]},{"@type":"WebSite","@id":"https:\/\/acoteq.com\/de\/#website","url":"https:\/\/acoteq.com\/de\/","name":"ACOTEQ","description":"","potentialAction":[{"@type":"SearchAction","target":{"@type":"EntryPoint","urlTemplate":"https:\/\/acoteq.com\/de\/?s={search_term_string}"},"query-input":{"@type":"PropertyValueSpecification","valueRequired":true,"valueName":"search_term_string"}}],"inLanguage":"de"}]}},"_links":{"self":[{"href":"https:\/\/acoteq.com\/de\/wp-json\/wp\/v2\/pages\/10458","targetHints":{"allow":["GET"]}}],"collection":[{"href":"https:\/\/acoteq.com\/de\/wp-json\/wp\/v2\/pages"}],"about":[{"href":"https:\/\/acoteq.com\/de\/wp-json\/wp\/v2\/types\/page"}],"author":[{"embeddable":true,"href":"https:\/\/acoteq.com\/de\/wp-json\/wp\/v2\/users\/1"}],"replies":[{"embeddable":true,"href":"https:\/\/acoteq.com\/de\/wp-json\/wp\/v2\/comments?post=10458"}],"version-history":[{"count":1,"href":"https:\/\/acoteq.com\/de\/wp-json\/wp\/v2\/pages\/10458\/revisions"}],"predecessor-version":[{"id":10460,"href":"https:\/\/acoteq.com\/de\/wp-json\/wp\/v2\/pages\/10458\/revisions\/10460"}],"up":[{"embeddable":true,"href":"https:\/\/acoteq.com\/de\/wp-json\/wp\/v2\/pages\/10242"}],"wp:attachment":[{"href":"https:\/\/acoteq.com\/de\/wp-json\/wp\/v2\/media?parent=10458"}],"curies":[{"name":"wp","href":"https:\/\/api.w.org\/{rel}","templated":true}]}}