{"id":3483,"date":"2026-02-12T14:05:36","date_gmt":"2026-02-12T13:05:36","guid":{"rendered":"https:\/\/acoteq.com\/brakes\/"},"modified":"2026-03-17T11:44:08","modified_gmt":"2026-03-17T10:44:08","slug":"bremsen","status":"publish","type":"page","link":"https:\/\/acoteq.com\/de\/ersatzteile\/mechanische-teile\/bremsen\/","title":{"rendered":"Bremsen"},"content":{"rendered":"<section class=\"cta\">\n\t\n\t<div class=\"container\">\n\n\t\t<div class=\"row\">\n\n\t\t\t<div class=\"col-lg-12\">\n\n\t\t\t\t<div class=\"cta_inner\">\n\n\t\t\t\t\t<div>\n\n\t\t\t\t\t\t<span class=\"pre_headline\"><i class=\"fas fa-search\"><\/i>&nbsp;Experten f\u00fcr globale Beschaffung<\/span>\n\n\t\t\t\t\t\t<p><strong>Ersatzteil <em>nicht gefunden<\/em>?<\/strong><\/p>\n<p>Unser Online-Katalog zeigt nur 5 % unserer Lieferkapazit\u00e4ten.<br \/>\n<strong>Lassen Sie unsere Experten genau das finden, was Sie brauchen.<\/strong><\/p>\n\n\t\t\t\t\t<\/div>\n\n\t\t\t\t\t<div>\n\n\t\t\t\t\t\t\n\t\t\t\t\t\t\t<a class=\"button light\" href=\"#contact\" target=\"\">Angebot anfordern&nbsp;<i class=\"fas fa-arrow-right\"><\/i><\/a>\n\n\t\t\t\t\t\t\n\t\t\t\t\t<\/div>\n\n\t\t\t\t\t<i class=\"fas fa-times close_cta\"><\/i>\n\n\t\t\t\t<\/div>\n\n\t\t\t<\/div>\n\n\t\t<\/div>\n\n\t<\/div>\n\n<\/section>\n\n\n<div style=\"height:75px\" aria-hidden=\"true\" class=\"wp-block-spacer\"><\/div>\n\n\n<div class=\"yoast-breadcrumbs\"><span><span><a href=\"https:\/\/acoteq.com\/de\/\"><i class=\"fas fa-home\">Home<\/i><\/a><\/span> \/ <span><a href=\"https:\/\/acoteq.com\/de\/ersatzteile\/\">Ersatzteile<\/a><\/span> \/ <span><a href=\"https:\/\/acoteq.com\/de\/ersatzteile\/mechanische-teile\/\">Mechanische Teile<\/a><\/span> \/ <span class=\"breadcrumb_last\" aria-current=\"page\">Bremsen<\/span><\/span><\/div>\n\n\n<div class=\"wp-block-group has-white-background-color has-text-color has-background has-link-color wp-elements-80a441991cbc366e902c9e675ae56e78\" style=\"color:#0e3770\"><div class=\"wp-block-group__inner-container is-layout-constrained wp-block-group-is-layout-constrained\"><section class=\"headline align-left \">\n\t\n\t<div class=\"container\">\n\n\t\t<div class=\"row\">\n\n\t\t\t<div class=\"col-lg-12\">\n\n\t\t\t\t<div class=\"headline_wrapper\">\n\n\t\t\t\t\t<h1><strong>Bremsen<\/strong><\/h1>\n\n\t\t\t\t\t\n\t\t\t\t<\/div>\n\n\t\t\t<\/div>\n\n\t\t<\/div>\n\n\t<\/div>\n\n<\/section>\n\n\n<div style=\"height:50px\" aria-hidden=\"true\" class=\"wp-block-spacer\"><\/div>\n\n\n<section class=\"cards\">\n\t\n\t<div class=\"container\">\n\n\t\t<div class=\"row\">\n\n\t\t\t\n\t\t\t\t\n\t\t\t\t\t<div class=\"col-lg-4 col-md-6 card_single\">\n\n\t\t\t\t\t\t\n\t\t\t\t\t\t<div class=\"card_inner\">\n\n\t\t\t\t\t\t\t\t\t\t\t\t\t\t\t<a href=\"https:\/\/acoteq.com\/de\/ersatzteile\/mechanische-teile\/bremsen\/sattelbremsen\/\">\n\t\t\t\t\t\t\t\t\t<img decoding=\"async\" width=\"640\" height=\"425\" src=\"https:\/\/acoteq.com\/wp-content\/uploads\/2026\/02\/1-Caliper-Brakes-1.png-1024x680.webp\" class=\"attachment-large size-large wp-post-image\" alt=\"Category image\" loading=\"lazy\" srcset=\"https:\/\/acoteq.com\/wp-content\/uploads\/2026\/02\/1-Caliper-Brakes-1.png-1024x680.webp 1024w, https:\/\/acoteq.com\/wp-content\/uploads\/2026\/02\/1-Caliper-Brakes-1.png-300x199.webp 300w, https:\/\/acoteq.com\/wp-content\/uploads\/2026\/02\/1-Caliper-Brakes-1.png-768x510.webp 768w, https:\/\/acoteq.com\/wp-content\/uploads\/2026\/02\/1-Caliper-Brakes-1.png.webp 1490w\" sizes=\"auto, (max-width: 640px) 100vw, 640px\" \/>\t\t\t\t\t\t\t\t<\/a>\n\t\t\t\t\t\t\t\t\n\n\t\t\t\t\t\t\t<div class=\"card_information\">\t\n\n\t\t\t\t\t\t\t\t<div>\n\n\t\t\t\t\t\t\t\t\t<h3>\n\t\t\t\t\t\t\t\t\t\t<a href=\"https:\/\/acoteq.com\/de\/ersatzteile\/mechanische-teile\/bremsen\/sattelbremsen\/\">\n\t\t\t\t\t\t\t\t\t\t\t<b>Sattelbremsen<\/b>\t\t\t\t\t\t\t\t\t\t\t\n\t\t\t\t\t\t\t\t\t\t<\/a>\n\t\t\t\t\t\t\t\t\t<\/h3>\n\n\t\t\t\t\t\t\t\t\t\t\t\n\n\t\t\t\t\t\t\t\t<\/div>\t\n\n\t\t\t\t\t\t\t\t<div class=\"cards_linkwrap\">\n\n\t\t\t\t\t\t\t\t\t\t\t\t\t\t\t\t\t\t\t\n\t\t\t\t\t\t\t\t\t\t<a href=\"https:\/\/acoteq.com\/de\/ersatzteile\/mechanische-teile\/bremsen\/sattelbremsen\/\">\n\t\t\t\t\t\t\t\t\t\t\tKategorie ansehen&nbsp;<i class=\"fas fa-arrow-right\"><\/i>\n\t\t\t\t\t\t\t\t\t\t<\/a>\t\t\t\t\t\t\t\t\t\t\n\n\t\t\t\t\t\t\t\t\t\t\t\t\t\n\n\t\t\t\t\t\t\t\t<\/div>\t\t\t\t\t\t\t\t\t\t\t\t\t\t\t\n\n\t\t\t\t\t\t\t<\/div>\n\n\t\t\t\t\t\t<\/div>\n\n\t\t\t\t\t<\/div>\n\n\t\t\t\t\n\t\t\t\t\t<div class=\"col-lg-4 col-md-6 card_single\">\n\n\t\t\t\t\t\t\n\t\t\t\t\t\t<div class=\"card_inner\">\n\n\t\t\t\t\t\t\t\t\t\t\t\t\t\t\t<a href=\"https:\/\/acoteq.com\/de\/ersatzteile\/mechanische-teile\/bremsen\/scheibenbremsen\/\">\n\t\t\t\t\t\t\t\t\t<img decoding=\"async\" width=\"640\" height=\"457\" src=\"https:\/\/acoteq.com\/wp-content\/uploads\/2026\/02\/2-Disc-Brakes-2.png-1024x731.webp\" class=\"attachment-large size-large wp-post-image\" alt=\"Category image\" loading=\"lazy\" srcset=\"https:\/\/acoteq.com\/wp-content\/uploads\/2026\/02\/2-Disc-Brakes-2.png-1024x731.webp 1024w, https:\/\/acoteq.com\/wp-content\/uploads\/2026\/02\/2-Disc-Brakes-2.png-300x214.webp 300w, https:\/\/acoteq.com\/wp-content\/uploads\/2026\/02\/2-Disc-Brakes-2.png-768x548.webp 768w, https:\/\/acoteq.com\/wp-content\/uploads\/2026\/02\/2-Disc-Brakes-2.png-1536x1097.webp 1536w, https:\/\/acoteq.com\/wp-content\/uploads\/2026\/02\/2-Disc-Brakes-2.png-2048x1463.webp 2048w\" sizes=\"auto, (max-width: 640px) 100vw, 640px\" \/>\t\t\t\t\t\t\t\t<\/a>\n\t\t\t\t\t\t\t\t\n\n\t\t\t\t\t\t\t<div class=\"card_information\">\t\n\n\t\t\t\t\t\t\t\t<div>\n\n\t\t\t\t\t\t\t\t\t<h3>\n\t\t\t\t\t\t\t\t\t\t<a href=\"https:\/\/acoteq.com\/de\/ersatzteile\/mechanische-teile\/bremsen\/scheibenbremsen\/\">\n\t\t\t\t\t\t\t\t\t\t\t<b>Scheibenbremsen<\/b>\t\t\t\t\t\t\t\t\t\t\t\n\t\t\t\t\t\t\t\t\t\t<\/a>\n\t\t\t\t\t\t\t\t\t<\/h3>\n\n\t\t\t\t\t\t\t\t\t\t\t\n\n\t\t\t\t\t\t\t\t<\/div>\t\n\n\t\t\t\t\t\t\t\t<div class=\"cards_linkwrap\">\n\n\t\t\t\t\t\t\t\t\t\t\t\t\t\t\t\t\t\t\t\n\t\t\t\t\t\t\t\t\t\t<a href=\"https:\/\/acoteq.com\/de\/ersatzteile\/mechanische-teile\/bremsen\/scheibenbremsen\/\">\n\t\t\t\t\t\t\t\t\t\t\tKategorie ansehen&nbsp;<i class=\"fas fa-arrow-right\"><\/i>\n\t\t\t\t\t\t\t\t\t\t<\/a>\t\t\t\t\t\t\t\t\t\t\n\n\t\t\t\t\t\t\t\t\t\t\t\t\t\n\n\t\t\t\t\t\t\t\t<\/div>\t\t\t\t\t\t\t\t\t\t\t\t\t\t\t\n\n\t\t\t\t\t\t\t<\/div>\n\n\t\t\t\t\t\t<\/div>\n\n\t\t\t\t\t<\/div>\n\n\t\t\t\t\n\t\t\t\t\t<div class=\"col-lg-4 col-md-6 card_single\">\n\n\t\t\t\t\t\t\n\t\t\t\t\t\t<div class=\"card_inner\">\n\n\t\t\t\t\t\t\t\t\t\t\t\t\t\t\t<a href=\"https:\/\/acoteq.com\/de\/ersatzteile\/mechanische-teile\/bremsen\/trommelbremsen\/\">\n\t\t\t\t\t\t\t\t\t<img decoding=\"async\" width=\"640\" height=\"426\" src=\"https:\/\/acoteq.com\/wp-content\/uploads\/2026\/02\/3-Drum-Brakes-2.png-1024x681.webp\" class=\"attachment-large size-large wp-post-image\" alt=\"Category image\" loading=\"lazy\" srcset=\"https:\/\/acoteq.com\/wp-content\/uploads\/2026\/02\/3-Drum-Brakes-2.png-1024x681.webp 1024w, https:\/\/acoteq.com\/wp-content\/uploads\/2026\/02\/3-Drum-Brakes-2.png-300x199.webp 300w, https:\/\/acoteq.com\/wp-content\/uploads\/2026\/02\/3-Drum-Brakes-2.png-768x511.webp 768w, https:\/\/acoteq.com\/wp-content\/uploads\/2026\/02\/3-Drum-Brakes-2.png-1536x1021.webp 1536w, https:\/\/acoteq.com\/wp-content\/uploads\/2026\/02\/3-Drum-Brakes-2.png-2048x1362.webp 2048w\" sizes=\"auto, (max-width: 640px) 100vw, 640px\" \/>\t\t\t\t\t\t\t\t<\/a>\n\t\t\t\t\t\t\t\t\n\n\t\t\t\t\t\t\t<div class=\"card_information\">\t\n\n\t\t\t\t\t\t\t\t<div>\n\n\t\t\t\t\t\t\t\t\t<h3>\n\t\t\t\t\t\t\t\t\t\t<a href=\"https:\/\/acoteq.com\/de\/ersatzteile\/mechanische-teile\/bremsen\/trommelbremsen\/\">\n\t\t\t\t\t\t\t\t\t\t\t<b>Trommelbremsen<\/b>\t\t\t\t\t\t\t\t\t\t\t\n\t\t\t\t\t\t\t\t\t\t<\/a>\n\t\t\t\t\t\t\t\t\t<\/h3>\n\n\t\t\t\t\t\t\t\t\t\t\t\n\n\t\t\t\t\t\t\t\t<\/div>\t\n\n\t\t\t\t\t\t\t\t<div class=\"cards_linkwrap\">\n\n\t\t\t\t\t\t\t\t\t\t\t\t\t\t\t\t\t\t\t\n\t\t\t\t\t\t\t\t\t\t<a href=\"https:\/\/acoteq.com\/de\/ersatzteile\/mechanische-teile\/bremsen\/trommelbremsen\/\">\n\t\t\t\t\t\t\t\t\t\t\tKategorie ansehen&nbsp;<i class=\"fas fa-arrow-right\"><\/i>\n\t\t\t\t\t\t\t\t\t\t<\/a>\t\t\t\t\t\t\t\t\t\t\n\n\t\t\t\t\t\t\t\t\t\t\t\t\t\n\n\t\t\t\t\t\t\t\t<\/div>\t\t\t\t\t\t\t\t\t\t\t\t\t\t\t\n\n\t\t\t\t\t\t\t<\/div>\n\n\t\t\t\t\t\t<\/div>\n\n\t\t\t\t\t<\/div>\n\n\t\t\t\t\t\t\t\n\n\t\t\t\t\t\t\n\n\t\t<\/div>\n\n\t<\/div>\n\n<\/section>\n<\/div><\/div>\n\n\n\n<div class=\"wp-block-group has-white-color has-text-color has-background has-link-color wp-elements-3f6f1226c88675b8c197595c75e952e5\" style=\"background-color:#051c3c\"><div class=\"wp-block-group__inner-container is-layout-constrained wp-block-group-is-layout-constrained\"><section class=\"process\">\n\t\n\t<div class=\"container\">\n\n\t\t<div class=\"row\">\n\n\t\t\t<div class=\"col-lg-4\">\n\n\t\t\t\t<section class=\"headline\">\n\t\t\t\t\t\n\t\t\t\t\t<div class=\"container\">\n\n\t\t\t\t\t\t<div class=\"row\">\n\n\t\t\t\t\t\t\t<div class=\"col-lg-12 p-0\">\n\n\t\t\t\t\t\t\t\t<div class=\"headline_wrapper\">\n\n\t\t\t\t\t\t\t\t\t<h2><em>So funktioniert es<\/em><strong> einfach <\/strong><strong><span style=\"color: #c7d300;\">Angebot anfordern<\/span><\/strong><\/h2>\n\n\t\t\t\t\t\t\t\t<\/div>\n\n\t\t\t\t\t\t\t<\/div>\n\n\t\t\t\t\t\t<\/div>\n\n\t\t\t\t\t<\/div>\n\n\t\t\t\t<\/section>\t\t\t\t\n\n\t\t\t<\/div>\n\n\t\t\t<div class=\"col-lg-8 process_steps\">\n\n\t\t\t\t<div class=\"process_steps_inner\">\n\n\t\t\t\t\t\n\t\t\t\t\t\t\t<div class=\"step_single\">\n\n\t\t\t\t\t\t\t\t<div class=\"step_icon\">\n\n\t\t\t\t\t\t\t\t\t<img decoding=\"async\" src=\"https:\/\/acoteq.com\/wp-content\/uploads\/2026\/02\/icons8_document.svg\" alt=\"\">\n\n\t\t\t\t\t\t\t\t<\/div>\n\n\t\t\t\t\t\t\t\t<div class=\"step_information\">\n\n\t\t\t\t\t\t\t\t\t<strong>1. TEIL IDENTIFIZIEREN<\/strong>\n\n\t\t\t\t\t\t\t\t\t<span>Herstellerangaben, Teilenummer oder ein Foto. Das ist alles, was wir brauchen.<\/span>\n\n\t\t\t\t\t\t\t\t<\/div>\t\t\t\t\t\t\n\n\t\t\t\t\t\t\t<\/div>\n\n\t\t\t\t\t\t\n\t\t\t\t\t\t\t<div class=\"step_single\">\n\n\t\t\t\t\t\t\t\t<div class=\"step_icon\">\n\n\t\t\t\t\t\t\t\t\t<img decoding=\"async\" src=\"https:\/\/acoteq.com\/wp-content\/uploads\/2026\/02\/Vector.svg\" alt=\"\">\n\n\t\t\t\t\t\t\t\t<\/div>\n\n\t\t\t\t\t\t\t\t<div class=\"step_information\">\n\n\t\t\t\t\t\t\t\t\t<strong>2. ANFRAGE SENDEN<\/strong>\n\n\t\t\t\t\t\t\t\t\t<span>Senden Sie die Details \u00fcber unser Kontaktformular, per E-Mail, Teams oder WhatsApp.<\/span>\n\n\t\t\t\t\t\t\t\t<\/div>\t\t\t\t\t\t\n\n\t\t\t\t\t\t\t<\/div>\n\n\t\t\t\t\t\t\n\t\t\t\t\t\t\t<div class=\"step_single\">\n\n\t\t\t\t\t\t\t\t<div class=\"step_icon\">\n\n\t\t\t\t\t\t\t\t\t<img decoding=\"async\" src=\"https:\/\/acoteq.com\/wp-content\/uploads\/2026\/02\/gg_check-o.svg\" alt=\"\">\n\n\t\t\t\t\t\t\t\t<\/div>\n\n\t\t\t\t\t\t\t\t<div class=\"step_information\">\n\n\t\t\t\t\t\t\t\t\t<strong>3. ANGEBOT ERHALTEN<\/strong>\n\n\t\t\t\t\t\t\t\t\t<span>Wir senden Ihnen ein Angebot, so schnell wie unser Liefernetzwerk es zul\u00e4sst.<\/span>\n\n\t\t\t\t\t\t\t\t<\/div>\t\t\t\t\t\t\n\n\t\t\t\t\t\t\t<\/div>\n\n\t\t\t\t\t\t\t\t\t\t\t\n\n\t\t\t\t<\/div>\n\n\t\t\t<\/div>\n\n\t\t<\/div>\n\n\t<\/div>\n\n<\/section><\/div><\/div>\n\n\n\n<div class=\"wp-block-group has-white-background-color has-text-color has-background has-link-color wp-elements-0f36797ee3dff0db24b50565c56cdec0\" style=\"color:#0e3770\"><div class=\"wp-block-group__inner-container is-layout-constrained wp-block-group-is-layout-constrained\"><section class=\"headline align-left \">\n\t\n\t<div class=\"container\">\n\n\t\t<div class=\"row\">\n\n\t\t\t<div class=\"col-lg-12\">\n\n\t\t\t\t<div class=\"headline_wrapper\">\n\n\t\t\t\t\t<h1><strong>Welche Bremsen <\/strong>bieten Sie an?<\/h1>\n\n\t\t\t\t\t\n\t\t\t\t<\/div>\n\n\t\t\t<\/div>\n\n\t\t<\/div>\n\n\t<\/div>\n\n<\/section>\n\n\n<div style=\"height:15px\" aria-hidden=\"true\" class=\"wp-block-spacer\"><\/div>\n\n\n\n<div class=\"wp-block-columns is-layout-flex wp-container-core-columns-is-layout-9d6595d7 wp-block-columns-is-layout-flex\">\n<div class=\"wp-block-column is-layout-flow wp-block-column-is-layout-flow\"><section class=\"text \">\n\t\n\t<div class=\"container\">\n\n\t\t<div class=\"row\">\n\n\t\t\t<div class=\"col-lg-12\">\n\n\t\t\t\t<p>Ganz gleich, ob Sie <strong>Bremsen<\/strong> in einem <strong>Bergbau-F\u00f6rdersystem<\/strong> ersetzen, die Sicherheitsmechanismen in einem <strong>industriellen Winder<\/strong> aufr\u00fcsten oder ein <strong>Notbremssystem<\/strong> in einer Antriebsanwendung warten \u2013 unsere L\u00f6sungen gew\u00e4hrleisten robuste Leistung und eine lange Lebensdauer. Unsere Bremskomponenten sind f\u00fcr einen zuverl\u00e4ssigen Betrieb unter extremen Umgebungsbedingungen ausgelegt, einschlie\u00dflich hoher Temperaturen, Staubbelastung und kontinuierlicher mechanischer Beanspruchung.<\/p>\n<p>Wir bieten <strong>federbet\u00e4tigte Bremsen, mechanische, hydraulische und pneumatische Bremsen<\/strong> sowie komplette Ersatz-Kits, die an OEM-Spezifikationen angepasst sind. Jede Bremseinheit wird ausgew\u00e4hlt oder konstruiert, um ein konstantes Drehmoment, minimalen Verschlei\u00df und eine unkomplizierte Integration in Ihr bestehendes Systemlayout zu gew\u00e4hrleisten. Zu den Optionen geh\u00f6ren <strong>fail-safe Bremsen, D\u00e4mpfungssysteme f\u00fcr Hochgeschwindigkeitsrotationen<\/strong> und <strong>Drehmomentbegrenzer<\/strong> zum Schutz kritischer Prozesse.<\/p>\n<p>Neben der Lieferung von Standardausf\u00fchrungen unterst\u00fctzen wir <strong>kundenspezifische Anpassungen<\/strong> und <strong>die Zuordnung von Referenz-Teilenummern<\/strong> auf Basis Ihres aktuellen Systems, damit sich eingestellte oder \u00e4ltere Modelle leichter identifizieren und ersetzen lassen. Mit ACOTEQ erhalten Sie Zugang zu weltweiter Lieferung, reaktionsschnellem Support und einem Team von Ingenieuren, das Sie bei der Auslegung von Bremsen, Kompatibilit\u00e4tspr\u00fcfungen und der Leistungsoptimierung unterst\u00fctzt.<\/p>\n<p>Entdecken Sie unser gesamtes Angebot an Industriebremsen und fordern Sie noch heute ein Angebot an. Wir liefern weltweit und unterst\u00fctzen Branchen wie Automatisierung, Metallverarbeitung, Bergbau, Draht- und Kabelindustrie sowie Energieerzeugung mit Bremssystemen, die auf Zuverl\u00e4ssigkeit und Kontrolle ausgelegt sind.<\/p>\n\n\t\t\t<\/div>\n\n\t\t<\/div>\n\n\t<\/div>\n\n<\/section><\/div>\n\n\n\n<div class=\"wp-block-column is-layout-flow wp-block-column-is-layout-flow\"><div class=\"container\">\n\n\t<div class=\"row\">\n\n\t\t<div class=\"col-lg-12\">\n\n\t\t\t<div class=\"imagewrap\">\n\n\t\t\t\t<img decoding=\"async\" src=\"https:\/\/acoteq.com\/wp-content\/uploads\/2026\/03\/brakes-e1773742164380.png\" alt=\"\">\n\n\t\t\t\t\n\t\t\t<\/div>\n\n\t\t<\/div>\n\n\t<\/div>\n\n<\/div><\/div>\n<\/div>\n<\/div><\/div>\n","protected":false},"excerpt":{"rendered":"","protected":false},"author":1,"featured_media":3484,"parent":4036,"menu_order":0,"comment_status":"closed","ping_status":"closed","template":"","meta":{"_acf_changed":false,"footnotes":""},"class_list":["post-3483","page","type-page","status-publish","has-post-thumbnail","hentry"],"acf":[],"yoast_head":"<!-- This site is optimized with the Yoast SEO plugin v27.4 - https:\/\/yoast.com\/product\/yoast-seo-wordpress\/ -->\n<title>Brakes | Mechanical Spare Parts | ACOTEQ<\/title>\n<meta name=\"description\" content=\"Industrial brakes, durable, precise, customizable, built for extreme conditions, with technical support and worldwide shipping.\" \/>\n<meta name=\"robots\" content=\"index, follow, max-snippet:-1, max-image-preview:large, max-video-preview:-1\" \/>\n<link rel=\"canonical\" href=\"https:\/\/acoteq.com\/de\/ersatzteile\/mechanische-teile\/bremsen\/\" \/>\n<meta property=\"og:locale\" content=\"de_DE\" \/>\n<meta property=\"og:type\" content=\"article\" \/>\n<meta property=\"og:title\" content=\"Brakes | Mechanical Spare Parts | ACOTEQ\" \/>\n<meta property=\"og:description\" content=\"Industrial brakes, durable, precise, customizable, built for extreme conditions, with technical support and worldwide shipping.\" \/>\n<meta property=\"og:url\" content=\"https:\/\/acoteq.com\/de\/ersatzteile\/mechanische-teile\/bremsen\/\" \/>\n<meta property=\"og:site_name\" content=\"ACOTEQ\" \/>\n<meta property=\"article:modified_time\" content=\"2026-03-17T10:44:08+00:00\" \/>\n<meta property=\"og:image\" content=\"https:\/\/acoteq.com\/wp-content\/uploads\/2026\/02\/0-Brakes-2.png.webp\" \/>\n\t<meta property=\"og:image:width\" content=\"1872\" \/>\n\t<meta property=\"og:image:height\" content=\"1244\" \/>\n\t<meta property=\"og:image:type\" content=\"image\/webp\" \/>\n<meta name=\"twitter:card\" content=\"summary_large_image\" \/>\n<meta name=\"twitter:label1\" content=\"Gesch\u00e4tzte Lesezeit\" \/>\n\t<meta name=\"twitter:data1\" content=\"1\u00a0Minute\" \/>\n<script type=\"application\/ld+json\" class=\"yoast-schema-graph\">{\"@context\":\"https:\\\/\\\/schema.org\",\"@graph\":[{\"@type\":\"WebPage\",\"@id\":\"https:\\\/\\\/acoteq.com\\\/de\\\/ersatzteile\\\/mechanische-teile\\\/bremsen\\\/\",\"url\":\"https:\\\/\\\/acoteq.com\\\/de\\\/ersatzteile\\\/mechanische-teile\\\/bremsen\\\/\",\"name\":\"Brakes | Mechanical Spare Parts | ACOTEQ\",\"isPartOf\":{\"@id\":\"https:\\\/\\\/acoteq.com\\\/de\\\/#website\"},\"primaryImageOfPage\":{\"@id\":\"https:\\\/\\\/acoteq.com\\\/de\\\/ersatzteile\\\/mechanische-teile\\\/bremsen\\\/#primaryimage\"},\"image\":{\"@id\":\"https:\\\/\\\/acoteq.com\\\/de\\\/ersatzteile\\\/mechanische-teile\\\/bremsen\\\/#primaryimage\"},\"thumbnailUrl\":\"https:\\\/\\\/acoteq.com\\\/wp-content\\\/uploads\\\/2026\\\/02\\\/0-Brakes-2.png.webp\",\"datePublished\":\"2026-02-12T13:05:36+00:00\",\"dateModified\":\"2026-03-17T10:44:08+00:00\",\"description\":\"Industrial brakes, durable, precise, customizable, built for extreme conditions, with technical support and worldwide shipping.\",\"breadcrumb\":{\"@id\":\"https:\\\/\\\/acoteq.com\\\/de\\\/ersatzteile\\\/mechanische-teile\\\/bremsen\\\/#breadcrumb\"},\"inLanguage\":\"de\",\"potentialAction\":[{\"@type\":\"ReadAction\",\"target\":[\"https:\\\/\\\/acoteq.com\\\/de\\\/ersatzteile\\\/mechanische-teile\\\/bremsen\\\/\"]}]},{\"@type\":\"ImageObject\",\"inLanguage\":\"de\",\"@id\":\"https:\\\/\\\/acoteq.com\\\/de\\\/ersatzteile\\\/mechanische-teile\\\/bremsen\\\/#primaryimage\",\"url\":\"https:\\\/\\\/acoteq.com\\\/wp-content\\\/uploads\\\/2026\\\/02\\\/0-Brakes-2.png.webp\",\"contentUrl\":\"https:\\\/\\\/acoteq.com\\\/wp-content\\\/uploads\\\/2026\\\/02\\\/0-Brakes-2.png.webp\",\"width\":1872,\"height\":1244},{\"@type\":\"BreadcrumbList\",\"@id\":\"https:\\\/\\\/acoteq.com\\\/de\\\/ersatzteile\\\/mechanische-teile\\\/bremsen\\\/#breadcrumb\",\"itemListElement\":[{\"@type\":\"ListItem\",\"position\":1,\"name\":\"Home\",\"item\":\"https:\\\/\\\/acoteq.com\\\/de\\\/\"},{\"@type\":\"ListItem\",\"position\":2,\"name\":\"Ersatzteile\",\"item\":\"https:\\\/\\\/acoteq.com\\\/de\\\/ersatzteile\\\/\"},{\"@type\":\"ListItem\",\"position\":3,\"name\":\"Mechanische Teile\",\"item\":\"https:\\\/\\\/acoteq.com\\\/de\\\/ersatzteile\\\/mechanische-teile\\\/\"},{\"@type\":\"ListItem\",\"position\":4,\"name\":\"Bremsen\"}]},{\"@type\":\"WebSite\",\"@id\":\"https:\\\/\\\/acoteq.com\\\/de\\\/#website\",\"url\":\"https:\\\/\\\/acoteq.com\\\/de\\\/\",\"name\":\"ACOTEQ\",\"description\":\"\",\"potentialAction\":[{\"@type\":\"SearchAction\",\"target\":{\"@type\":\"EntryPoint\",\"urlTemplate\":\"https:\\\/\\\/acoteq.com\\\/de\\\/?s={search_term_string}\"},\"query-input\":{\"@type\":\"PropertyValueSpecification\",\"valueRequired\":true,\"valueName\":\"search_term_string\"}}],\"inLanguage\":\"de\"}]}<\/script>\n<!-- \/ Yoast SEO plugin. -->","yoast_head_json":{"title":"Brakes | Mechanical Spare Parts | ACOTEQ","description":"Industrial brakes, durable, precise, customizable, built for extreme conditions, with technical support and worldwide shipping.","robots":{"index":"index","follow":"follow","max-snippet":"max-snippet:-1","max-image-preview":"max-image-preview:large","max-video-preview":"max-video-preview:-1"},"canonical":"https:\/\/acoteq.com\/de\/ersatzteile\/mechanische-teile\/bremsen\/","og_locale":"de_DE","og_type":"article","og_title":"Brakes | Mechanical Spare Parts | ACOTEQ","og_description":"Industrial brakes, durable, precise, customizable, built for extreme conditions, with technical support and worldwide shipping.","og_url":"https:\/\/acoteq.com\/de\/ersatzteile\/mechanische-teile\/bremsen\/","og_site_name":"ACOTEQ","article_modified_time":"2026-03-17T10:44:08+00:00","og_image":[{"width":1872,"height":1244,"url":"https:\/\/acoteq.com\/wp-content\/uploads\/2026\/02\/0-Brakes-2.png.webp","type":"image\/webp"}],"twitter_card":"summary_large_image","twitter_misc":{"Gesch\u00e4tzte Lesezeit":"1\u00a0Minute"},"schema":{"@context":"https:\/\/schema.org","@graph":[{"@type":"WebPage","@id":"https:\/\/acoteq.com\/de\/ersatzteile\/mechanische-teile\/bremsen\/","url":"https:\/\/acoteq.com\/de\/ersatzteile\/mechanische-teile\/bremsen\/","name":"Brakes | Mechanical Spare Parts | ACOTEQ","isPartOf":{"@id":"https:\/\/acoteq.com\/de\/#website"},"primaryImageOfPage":{"@id":"https:\/\/acoteq.com\/de\/ersatzteile\/mechanische-teile\/bremsen\/#primaryimage"},"image":{"@id":"https:\/\/acoteq.com\/de\/ersatzteile\/mechanische-teile\/bremsen\/#primaryimage"},"thumbnailUrl":"https:\/\/acoteq.com\/wp-content\/uploads\/2026\/02\/0-Brakes-2.png.webp","datePublished":"2026-02-12T13:05:36+00:00","dateModified":"2026-03-17T10:44:08+00:00","description":"Industrial brakes, durable, precise, customizable, built for extreme conditions, with technical support and worldwide shipping.","breadcrumb":{"@id":"https:\/\/acoteq.com\/de\/ersatzteile\/mechanische-teile\/bremsen\/#breadcrumb"},"inLanguage":"de","potentialAction":[{"@type":"ReadAction","target":["https:\/\/acoteq.com\/de\/ersatzteile\/mechanische-teile\/bremsen\/"]}]},{"@type":"ImageObject","inLanguage":"de","@id":"https:\/\/acoteq.com\/de\/ersatzteile\/mechanische-teile\/bremsen\/#primaryimage","url":"https:\/\/acoteq.com\/wp-content\/uploads\/2026\/02\/0-Brakes-2.png.webp","contentUrl":"https:\/\/acoteq.com\/wp-content\/uploads\/2026\/02\/0-Brakes-2.png.webp","width":1872,"height":1244},{"@type":"BreadcrumbList","@id":"https:\/\/acoteq.com\/de\/ersatzteile\/mechanische-teile\/bremsen\/#breadcrumb","itemListElement":[{"@type":"ListItem","position":1,"name":"Home","item":"https:\/\/acoteq.com\/de\/"},{"@type":"ListItem","position":2,"name":"Ersatzteile","item":"https:\/\/acoteq.com\/de\/ersatzteile\/"},{"@type":"ListItem","position":3,"name":"Mechanische Teile","item":"https:\/\/acoteq.com\/de\/ersatzteile\/mechanische-teile\/"},{"@type":"ListItem","position":4,"name":"Bremsen"}]},{"@type":"WebSite","@id":"https:\/\/acoteq.com\/de\/#website","url":"https:\/\/acoteq.com\/de\/","name":"ACOTEQ","description":"","potentialAction":[{"@type":"SearchAction","target":{"@type":"EntryPoint","urlTemplate":"https:\/\/acoteq.com\/de\/?s={search_term_string}"},"query-input":{"@type":"PropertyValueSpecification","valueRequired":true,"valueName":"search_term_string"}}],"inLanguage":"de"}]}},"_links":{"self":[{"href":"https:\/\/acoteq.com\/de\/wp-json\/wp\/v2\/pages\/3483","targetHints":{"allow":["GET"]}}],"collection":[{"href":"https:\/\/acoteq.com\/de\/wp-json\/wp\/v2\/pages"}],"about":[{"href":"https:\/\/acoteq.com\/de\/wp-json\/wp\/v2\/types\/page"}],"author":[{"embeddable":true,"href":"https:\/\/acoteq.com\/de\/wp-json\/wp\/v2\/users\/1"}],"replies":[{"embeddable":true,"href":"https:\/\/acoteq.com\/de\/wp-json\/wp\/v2\/comments?post=3483"}],"version-history":[{"count":4,"href":"https:\/\/acoteq.com\/de\/wp-json\/wp\/v2\/pages\/3483\/revisions"}],"predecessor-version":[{"id":9223,"href":"https:\/\/acoteq.com\/de\/wp-json\/wp\/v2\/pages\/3483\/revisions\/9223"}],"up":[{"embeddable":true,"href":"https:\/\/acoteq.com\/de\/wp-json\/wp\/v2\/pages\/4036"}],"wp:featuredmedia":[{"embeddable":true,"href":"https:\/\/acoteq.com\/de\/wp-json\/wp\/v2\/media\/3484"}],"wp:attachment":[{"href":"https:\/\/acoteq.com\/de\/wp-json\/wp\/v2\/media?parent=3483"}],"curies":[{"name":"wp","href":"https:\/\/api.w.org\/{rel}","templated":true}]}}