{"id":3531,"date":"2026-02-12T14:04:12","date_gmt":"2026-02-12T13:04:12","guid":{"rendered":"https:\/\/acoteq.com\/timing-belts\/"},"modified":"2026-03-17T11:47:53","modified_gmt":"2026-03-17T10:47:53","slug":"zahnriemen","status":"publish","type":"page","link":"https:\/\/acoteq.com\/de\/ersatzteile\/mechanische-teile\/riemen\/zahnriemen\/","title":{"rendered":"Zahnriemen"},"content":{"rendered":"<section class=\"cta\">\n\t\n\t<div class=\"container\">\n\n\t\t<div class=\"row\">\n\n\t\t\t<div class=\"col-lg-12\">\n\n\t\t\t\t<div class=\"cta_inner\">\n\n\t\t\t\t\t<div>\n\n\t\t\t\t\t\t<span class=\"pre_headline\"><i class=\"fas fa-search\"><\/i>&nbsp;Experten f\u00fcr globale Beschaffung<\/span>\n\n\t\t\t\t\t\t<p><strong>Ersatzteil <em>nicht gefunden<\/em>?<\/strong><\/p>\n<p>Unser Online-Katalog zeigt nur 5 % unserer Lieferkapazit\u00e4ten.<br \/>\n<strong>Lassen Sie unsere Experten genau das finden, was Sie brauchen.<\/strong><\/p>\n\n\t\t\t\t\t<\/div>\n\n\t\t\t\t\t<div>\n\n\t\t\t\t\t\t\n\t\t\t\t\t\t\t<a class=\"button light\" href=\"#contact\" target=\"\">Angebot anfordern&nbsp;<i class=\"fas fa-arrow-right\"><\/i><\/a>\n\n\t\t\t\t\t\t\n\t\t\t\t\t<\/div>\n\n\t\t\t\t\t<i class=\"fas fa-times close_cta\"><\/i>\n\n\t\t\t\t<\/div>\n\n\t\t\t<\/div>\n\n\t\t<\/div>\n\n\t<\/div>\n\n<\/section>\n\n\n<div style=\"height:75px\" aria-hidden=\"true\" class=\"wp-block-spacer\"><\/div>\n\n\n<div class=\"yoast-breadcrumbs\"><span><span><a href=\"https:\/\/acoteq.com\/de\/\"><i class=\"fas fa-home\">Home<\/i><\/a><\/span> \/ <span><a href=\"https:\/\/acoteq.com\/de\/ersatzteile\/\">Ersatzteile<\/a><\/span> \/ <span><a href=\"https:\/\/acoteq.com\/de\/ersatzteile\/mechanische-teile\/\">Mechanische Teile<\/a><\/span> \/ <span><a href=\"https:\/\/acoteq.com\/de\/ersatzteile\/mechanische-teile\/riemen\/\">Riemen<\/a><\/span> \/ <span class=\"breadcrumb_last\" aria-current=\"page\">Zahnriemen<\/span><\/span><\/div>\n\n\n<div class=\"wp-block-group has-white-background-color has-text-color has-background has-link-color wp-elements-14a274db64e8693f9ee2c814d0d8e8b7\" style=\"color:#0e3770\"><div class=\"wp-block-group__inner-container is-layout-constrained wp-block-group-is-layout-constrained\"><section class=\"headline align-left \">\n\t\n\t<div class=\"container\">\n\n\t\t<div class=\"row\">\n\n\t\t\t<div class=\"col-lg-12\">\n\n\t\t\t\t<div class=\"headline_wrapper\">\n\n\t\t\t\t\t<h1><strong>Zahnriemen<\/strong><\/h1>\n\n\t\t\t\t\t\n\t\t\t\t<\/div>\n\n\t\t\t<\/div>\n\n\t\t<\/div>\n\n\t<\/div>\n\n<\/section>\n\n\n<div style=\"height:50px\" aria-hidden=\"true\" class=\"wp-block-spacer\"><\/div>\n\n\n<section class=\"cards\">\n\t\n\t<div class=\"container\">\n\n\t\t<div class=\"row\">\n\n\t\t\t\n\t\t\t\t\n\t\t\t\t\t<div class=\"col-lg-4 col-md-6 card_single\">\n\n\t\t\t\t\t\t\n\t\t\t\t\t\t<div class=\"card_inner\">\n\n\t\t\t\t\t\t\t\t\t\t\t\t\t\t\t<a href=\"https:\/\/acoteq.com\/de\/ersatzteile\/mechanische-teile\/riemen\/zahnriemen\/zahnriemen-fur-den-automobilbereich\/\">\n\t\t\t\t\t\t\t\t\t<img decoding=\"async\" width=\"640\" height=\"427\" src=\"https:\/\/acoteq.com\/wp-content\/uploads\/2026\/02\/4.1.2-Automotive-Timing-Belts.png-1024x683.webp\" class=\"attachment-large size-large wp-post-image\" alt=\"Category image\" loading=\"lazy\" srcset=\"https:\/\/acoteq.com\/wp-content\/uploads\/2026\/02\/4.1.2-Automotive-Timing-Belts.png-1024x683.webp 1024w, https:\/\/acoteq.com\/wp-content\/uploads\/2026\/02\/4.1.2-Automotive-Timing-Belts.png-300x200.webp 300w, https:\/\/acoteq.com\/wp-content\/uploads\/2026\/02\/4.1.2-Automotive-Timing-Belts.png-768x512.webp 768w, https:\/\/acoteq.com\/wp-content\/uploads\/2026\/02\/4.1.2-Automotive-Timing-Belts.png.webp 1536w\" sizes=\"auto, (max-width: 640px) 100vw, 640px\" \/>\t\t\t\t\t\t\t\t<\/a>\n\t\t\t\t\t\t\t\t\n\n\t\t\t\t\t\t\t<div class=\"card_information\">\t\n\n\t\t\t\t\t\t\t\t<div>\n\n\t\t\t\t\t\t\t\t\t<h3>\n\t\t\t\t\t\t\t\t\t\t<a href=\"https:\/\/acoteq.com\/de\/ersatzteile\/mechanische-teile\/riemen\/zahnriemen\/zahnriemen-fur-den-automobilbereich\/\">\n\t\t\t\t\t\t\t\t\t\t\t<b>Zahnriemen<\/b> f\u00fcr den Automobilbereich\t\t\t\t\t\t\t\t\t\t\t\n\t\t\t\t\t\t\t\t\t\t<\/a>\n\t\t\t\t\t\t\t\t\t<\/h3>\n\n\t\t\t\t\t\t\t\t\t\t\t\n\n\t\t\t\t\t\t\t\t<\/div>\t\n\n\t\t\t\t\t\t\t\t<div class=\"cards_linkwrap\">\n\n\t\t\t\t\t\t\t\t\t\t\t\t\t\t\t\t\t\t\t\n\t\t\t\t\t\t\t\t\t\t<a href=\"https:\/\/acoteq.com\/de\/ersatzteile\/mechanische-teile\/riemen\/zahnriemen\/zahnriemen-fur-den-automobilbereich\/\">\n\t\t\t\t\t\t\t\t\t\t\tKategorie ansehen&nbsp;<i class=\"fas fa-arrow-right\"><\/i>\n\t\t\t\t\t\t\t\t\t\t<\/a>\t\t\t\t\t\t\t\t\t\t\n\n\t\t\t\t\t\t\t\t\t\t\t\t\t\n\n\t\t\t\t\t\t\t\t<\/div>\t\t\t\t\t\t\t\t\t\t\t\t\t\t\t\n\n\t\t\t\t\t\t\t<\/div>\n\n\t\t\t\t\t\t<\/div>\n\n\t\t\t\t\t<\/div>\n\n\t\t\t\t\n\t\t\t\t\t<div class=\"col-lg-4 col-md-6 card_single\">\n\n\t\t\t\t\t\t\n\t\t\t\t\t\t<div class=\"card_inner\">\n\n\t\t\t\t\t\t\t\t\t\t\t\t\t\t\t<a href=\"https:\/\/acoteq.com\/de\/ersatzteile\/mechanische-teile\/riemen\/zahnriemen\/gummi-zahnriemen\/\">\n\t\t\t\t\t\t\t\t\t<img decoding=\"async\" width=\"640\" height=\"427\" src=\"https:\/\/acoteq.com\/wp-content\/uploads\/2026\/02\/4.2.2-Rubber-Timing-Belts.png-1024x683.webp\" class=\"attachment-large size-large wp-post-image\" alt=\"Category image\" loading=\"lazy\" srcset=\"https:\/\/acoteq.com\/wp-content\/uploads\/2026\/02\/4.2.2-Rubber-Timing-Belts.png-1024x683.webp 1024w, https:\/\/acoteq.com\/wp-content\/uploads\/2026\/02\/4.2.2-Rubber-Timing-Belts.png-300x200.webp 300w, https:\/\/acoteq.com\/wp-content\/uploads\/2026\/02\/4.2.2-Rubber-Timing-Belts.png-768x512.webp 768w, https:\/\/acoteq.com\/wp-content\/uploads\/2026\/02\/4.2.2-Rubber-Timing-Belts.png.webp 1536w\" sizes=\"auto, (max-width: 640px) 100vw, 640px\" \/>\t\t\t\t\t\t\t\t<\/a>\n\t\t\t\t\t\t\t\t\n\n\t\t\t\t\t\t\t<div class=\"card_information\">\t\n\n\t\t\t\t\t\t\t\t<div>\n\n\t\t\t\t\t\t\t\t\t<h3>\n\t\t\t\t\t\t\t\t\t\t<a href=\"https:\/\/acoteq.com\/de\/ersatzteile\/mechanische-teile\/riemen\/zahnriemen\/gummi-zahnriemen\/\">\n\t\t\t\t\t\t\t\t\t\t\t<b>Gummi-Zahnriemen<\/b>\t\t\t\t\t\t\t\t\t\t\t\n\t\t\t\t\t\t\t\t\t\t<\/a>\n\t\t\t\t\t\t\t\t\t<\/h3>\n\n\t\t\t\t\t\t\t\t\t\t\t\n\n\t\t\t\t\t\t\t\t<\/div>\t\n\n\t\t\t\t\t\t\t\t<div class=\"cards_linkwrap\">\n\n\t\t\t\t\t\t\t\t\t\t\t\t\t\t\t\t\t\t\t\n\t\t\t\t\t\t\t\t\t\t<a href=\"https:\/\/acoteq.com\/de\/ersatzteile\/mechanische-teile\/riemen\/zahnriemen\/gummi-zahnriemen\/\">\n\t\t\t\t\t\t\t\t\t\t\tKategorie ansehen&nbsp;<i class=\"fas fa-arrow-right\"><\/i>\n\t\t\t\t\t\t\t\t\t\t<\/a>\t\t\t\t\t\t\t\t\t\t\n\n\t\t\t\t\t\t\t\t\t\t\t\t\t\n\n\t\t\t\t\t\t\t\t<\/div>\t\t\t\t\t\t\t\t\t\t\t\t\t\t\t\n\n\t\t\t\t\t\t\t<\/div>\n\n\t\t\t\t\t\t<\/div>\n\n\t\t\t\t\t<\/div>\n\n\t\t\t\t\n\t\t\t\t\t<div class=\"col-lg-4 col-md-6 card_single\">\n\n\t\t\t\t\t\t\n\t\t\t\t\t\t<div class=\"card_inner\">\n\n\t\t\t\t\t\t\t\t\t\t\t\t\t\t\t<a href=\"https:\/\/acoteq.com\/de\/ersatzteile\/mechanische-teile\/riemen\/zahnriemen\/pu-zahnriemen\/\">\n\t\t\t\t\t\t\t\t\t<img decoding=\"async\" width=\"640\" height=\"427\" src=\"https:\/\/acoteq.com\/wp-content\/uploads\/2026\/02\/4.3.2-PU-Timing-Belts.png-1024x683.webp\" class=\"attachment-large size-large wp-post-image\" alt=\"Category image\" loading=\"lazy\" srcset=\"https:\/\/acoteq.com\/wp-content\/uploads\/2026\/02\/4.3.2-PU-Timing-Belts.png-1024x683.webp 1024w, https:\/\/acoteq.com\/wp-content\/uploads\/2026\/02\/4.3.2-PU-Timing-Belts.png-300x200.webp 300w, https:\/\/acoteq.com\/wp-content\/uploads\/2026\/02\/4.3.2-PU-Timing-Belts.png-768x512.webp 768w, https:\/\/acoteq.com\/wp-content\/uploads\/2026\/02\/4.3.2-PU-Timing-Belts.png.webp 1536w\" sizes=\"auto, (max-width: 640px) 100vw, 640px\" \/>\t\t\t\t\t\t\t\t<\/a>\n\t\t\t\t\t\t\t\t\n\n\t\t\t\t\t\t\t<div class=\"card_information\">\t\n\n\t\t\t\t\t\t\t\t<div>\n\n\t\t\t\t\t\t\t\t\t<h3>\n\t\t\t\t\t\t\t\t\t\t<a href=\"https:\/\/acoteq.com\/de\/ersatzteile\/mechanische-teile\/riemen\/zahnriemen\/pu-zahnriemen\/\">\n\t\t\t\t\t\t\t\t\t\t\t<b>PU-Zahnriemen<\/b>\t\t\t\t\t\t\t\t\t\t\t\n\t\t\t\t\t\t\t\t\t\t<\/a>\n\t\t\t\t\t\t\t\t\t<\/h3>\n\n\t\t\t\t\t\t\t\t\t\t\t\n\n\t\t\t\t\t\t\t\t<\/div>\t\n\n\t\t\t\t\t\t\t\t<div class=\"cards_linkwrap\">\n\n\t\t\t\t\t\t\t\t\t\t\t\t\t\t\t\t\t\t\t\n\t\t\t\t\t\t\t\t\t\t<a href=\"https:\/\/acoteq.com\/de\/ersatzteile\/mechanische-teile\/riemen\/zahnriemen\/pu-zahnriemen\/\">\n\t\t\t\t\t\t\t\t\t\t\tKategorie ansehen&nbsp;<i class=\"fas fa-arrow-right\"><\/i>\n\t\t\t\t\t\t\t\t\t\t<\/a>\t\t\t\t\t\t\t\t\t\t\n\n\t\t\t\t\t\t\t\t\t\t\t\t\t\n\n\t\t\t\t\t\t\t\t<\/div>\t\t\t\t\t\t\t\t\t\t\t\t\t\t\t\n\n\t\t\t\t\t\t\t<\/div>\n\n\t\t\t\t\t\t<\/div>\n\n\t\t\t\t\t<\/div>\n\n\t\t\t\t\t\t\t\n\n\t\t\t\t\t\t\n\n\t\t<\/div>\n\n\t<\/div>\n\n<\/section>\n<\/div><\/div>\n\n\n\n<div class=\"wp-block-group has-white-color has-text-color has-background has-link-color wp-elements-3f6f1226c88675b8c197595c75e952e5\" style=\"background-color:#051c3c\"><div class=\"wp-block-group__inner-container is-layout-constrained wp-block-group-is-layout-constrained\"><section class=\"process\">\n\t\n\t<div class=\"container\">\n\n\t\t<div class=\"row\">\n\n\t\t\t<div class=\"col-lg-4\">\n\n\t\t\t\t<section class=\"headline\">\n\t\t\t\t\t\n\t\t\t\t\t<div class=\"container\">\n\n\t\t\t\t\t\t<div class=\"row\">\n\n\t\t\t\t\t\t\t<div class=\"col-lg-12 p-0\">\n\n\t\t\t\t\t\t\t\t<div class=\"headline_wrapper\">\n\n\t\t\t\t\t\t\t\t\t<h2><em>So funktioniert es<\/em><strong> einfach <\/strong><strong><span style=\"color: #c7d300;\">Angebot anfordern<\/span><\/strong><\/h2>\n\n\t\t\t\t\t\t\t\t<\/div>\n\n\t\t\t\t\t\t\t<\/div>\n\n\t\t\t\t\t\t<\/div>\n\n\t\t\t\t\t<\/div>\n\n\t\t\t\t<\/section>\t\t\t\t\n\n\t\t\t<\/div>\n\n\t\t\t<div class=\"col-lg-8 process_steps\">\n\n\t\t\t\t<div class=\"process_steps_inner\">\n\n\t\t\t\t\t\n\t\t\t\t\t\t\t<div class=\"step_single\">\n\n\t\t\t\t\t\t\t\t<div class=\"step_icon\">\n\n\t\t\t\t\t\t\t\t\t<img decoding=\"async\" src=\"https:\/\/acoteq.com\/wp-content\/uploads\/2026\/02\/icons8_document.svg\" alt=\"\">\n\n\t\t\t\t\t\t\t\t<\/div>\n\n\t\t\t\t\t\t\t\t<div class=\"step_information\">\n\n\t\t\t\t\t\t\t\t\t<strong>1. TEIL IDENTIFIZIEREN<\/strong>\n\n\t\t\t\t\t\t\t\t\t<span>Herstellerangaben, Teilenummer oder ein Foto. Das ist alles, was wir brauchen.<\/span>\n\n\t\t\t\t\t\t\t\t<\/div>\t\t\t\t\t\t\n\n\t\t\t\t\t\t\t<\/div>\n\n\t\t\t\t\t\t\n\t\t\t\t\t\t\t<div class=\"step_single\">\n\n\t\t\t\t\t\t\t\t<div class=\"step_icon\">\n\n\t\t\t\t\t\t\t\t\t<img decoding=\"async\" src=\"https:\/\/acoteq.com\/wp-content\/uploads\/2026\/02\/Vector.svg\" alt=\"\">\n\n\t\t\t\t\t\t\t\t<\/div>\n\n\t\t\t\t\t\t\t\t<div class=\"step_information\">\n\n\t\t\t\t\t\t\t\t\t<strong>2. ANFRAGE SENDEN<\/strong>\n\n\t\t\t\t\t\t\t\t\t<span>Senden Sie die Details \u00fcber unser Kontaktformular, per E-Mail, Teams oder WhatsApp.<\/span>\n\n\t\t\t\t\t\t\t\t<\/div>\t\t\t\t\t\t\n\n\t\t\t\t\t\t\t<\/div>\n\n\t\t\t\t\t\t\n\t\t\t\t\t\t\t<div class=\"step_single\">\n\n\t\t\t\t\t\t\t\t<div class=\"step_icon\">\n\n\t\t\t\t\t\t\t\t\t<img decoding=\"async\" src=\"https:\/\/acoteq.com\/wp-content\/uploads\/2026\/02\/gg_check-o.svg\" alt=\"\">\n\n\t\t\t\t\t\t\t\t<\/div>\n\n\t\t\t\t\t\t\t\t<div class=\"step_information\">\n\n\t\t\t\t\t\t\t\t\t<strong>3. ANGEBOT ERHALTEN<\/strong>\n\n\t\t\t\t\t\t\t\t\t<span>Wir senden Ihnen ein Angebot, so schnell wie unser Liefernetzwerk es zul\u00e4sst.<\/span>\n\n\t\t\t\t\t\t\t\t<\/div>\t\t\t\t\t\t\n\n\t\t\t\t\t\t\t<\/div>\n\n\t\t\t\t\t\t\t\t\t\t\t\n\n\t\t\t\t<\/div>\n\n\t\t\t<\/div>\n\n\t\t<\/div>\n\n\t<\/div>\n\n<\/section><\/div><\/div>\n\n\n\n<div class=\"wp-block-group has-white-background-color has-text-color has-background has-link-color wp-elements-07837016fb658023ae2dd4533fe823ad\" style=\"color:#0e3770\"><div class=\"wp-block-group__inner-container is-layout-constrained wp-block-group-is-layout-constrained\"><section class=\"headline align-left \">\n\t\n\t<div class=\"container\">\n\n\t\t<div class=\"row\">\n\n\t\t\t<div class=\"col-lg-12\">\n\n\t\t\t\t<div class=\"headline_wrapper\">\n\n\t\t\t\t\t<h1><strong>Welche Zahnriemen <\/strong>bieten Sie an?<\/h1>\n\n\t\t\t\t\t\n\t\t\t\t<\/div>\n\n\t\t\t<\/div>\n\n\t\t<\/div>\n\n\t<\/div>\n\n<\/section>\n\n\n<div style=\"height:15px\" aria-hidden=\"true\" class=\"wp-block-spacer\"><\/div>\n\n\n\n<div class=\"wp-block-columns is-layout-flex wp-container-core-columns-is-layout-9d6595d7 wp-block-columns-is-layout-flex\">\n<div class=\"wp-block-column is-layout-flow wp-block-column-is-layout-flow\"><section class=\"text \">\n\t\n\t<div class=\"container\">\n\n\t\t<div class=\"row\">\n\n\t\t\t<div class=\"col-lg-12\">\n\n\t\t\t\t<p><strong>Zahnriemen<\/strong> sind entscheidende Komponenten f\u00fcr die synchrone Kraft\u00fcbertragung und sorgen f\u00fcr eine pr\u00e4zise Bewegung zwischen Wellen ohne Schlupf oder Spiel. Sie werden in der industriellen Automatisierung, Robotik, Verpackungslinien, F\u00f6rderanlagen und Fahrzeugsystemen eingesetzt und gew\u00e4hrleisten konstante \u00dcbersetzungsverh\u00e4ltnisse sowie exakte Positionierung \u2013 selbst bei dynamischen Lasten und Hochgeschwindigkeitszyklen.<\/p>\n<p>Bei <strong>ACOTEQ<\/strong> liefern wir eine gro\u00dfe Auswahl an <strong>Zahnriemen<\/strong>, darunter <strong>Automobil-Zahnriemen<\/strong>, <strong>Gummi-Zahnriemen<\/strong> und <strong>PU-(Polyurethan-)Zahnriemen<\/strong>, erh\u00e4ltlich in <strong>Original- und kompatiblen Ausf\u00fchrungen<\/strong> f\u00fcr f\u00fchrende Industrie- und OEM-Marken. Unsere Riemen sind sowohl in imperialen als auch in metrischen Teilungen erh\u00e4ltlich (T5, T10, AT10, HTD, STD und mehr), mit Verst\u00e4rkungsoptionen wie Stahlcord, Glasfaser und Aramid f\u00fcr eine verl\u00e4ngerte Lebensdauer und minimale Dehnung.<\/p>\n<p>Ganz gleich, ob Sie <strong>hochpr\u00e4zise Riemen<\/strong> f\u00fcr synchronisierte Antriebssysteme oder <strong>langlebige Zahnriemen<\/strong> f\u00fcr raue Umgebungen ben\u00f6tigen \u2013 wir helfen Ihnen, das ideale Profil, die passende L\u00e4nge und die richtige Zahngeometrie f\u00fcr Ihre Ausr\u00fcstung zu finden. Die Anwendungen reichen von CNC-Maschinen und Abf\u00fcllsystemen bis hin zu Motoren, Extrudern und Transferlinien.<\/p>\n<p>Alle Riemen sind f\u00fcr hohe Drehmomentbelastungen, Best\u00e4ndigkeit gegen Abrieb und \u00d6le sowie eine konstante Leistung bei Temperaturschwankungen ausgelegt. Unsere PU-Zahnriemen bieten eine ausgezeichnete Chemikalienbest\u00e4ndigkeit und Formstabilit\u00e4t, w\u00e4hrend Gummi-Zahnriemen einen leisen Lauf und kosteneffiziente Leistung f\u00fcr Standard-Industrieantriebe bieten.<\/p>\n<p>Wir unterst\u00fctzen Ingenieure und Instandhaltungsteams mit <strong>Quervergleichsrecherchen, technischer Beratung und kundenspezifischen Zuschnittoptionen<\/strong> auf Basis Ihrer Projektspezifikationen. Unsere Zahnriemen sind f\u00fcr den <strong>weltweiten Versand<\/strong> verf\u00fcgbar, und wir gew\u00e4hrleisten kurze Lieferzeiten sowie technische Unterst\u00fctzung w\u00e4hrend Ihres gesamten Beschaffungsprozesses.<\/p>\n<p><strong>Fordern Sie noch heute ein Angebot an<\/strong> oder durchsuchen Sie unseren Katalog, um Zahnriemen zu beziehen, die auf Ihre betrieblichen Anforderungen zugeschnitten sind \u2013 vertraut von Herstellern, Systemintegratoren und OEMs auf der ganzen Welt.<\/p>\n\n\t\t\t<\/div>\n\n\t\t<\/div>\n\n\t<\/div>\n\n<\/section><\/div>\n\n\n\n<div class=\"wp-block-column is-layout-flow wp-block-column-is-layout-flow\"><div class=\"container\">\n\n\t<div class=\"row\">\n\n\t\t<div class=\"col-lg-12\">\n\n\t\t\t<div class=\"imagewrap\">\n\n\t\t\t\t<img decoding=\"async\" src=\"https:\/\/acoteq.com\/wp-content\/uploads\/2026\/03\/timing-belts-e1773741925364.png\" alt=\"\">\n\n\t\t\t\t\n\t\t\t<\/div>\n\n\t\t<\/div>\n\n\t<\/div>\n\n<\/div><\/div>\n<\/div>\n<\/div><\/div>\n","protected":false},"excerpt":{"rendered":"","protected":false},"author":1,"featured_media":3532,"parent":3635,"menu_order":0,"comment_status":"closed","ping_status":"closed","template":"","meta":{"_acf_changed":false,"footnotes":""},"class_list":["post-3531","page","type-page","status-publish","has-post-thumbnail","hentry"],"acf":[],"yoast_head":"<!-- This site is optimized with the Yoast SEO plugin v27.4 - https:\/\/yoast.com\/product\/yoast-seo-wordpress\/ -->\n<title>Zahnriemen | Mechanische Ersatzteile | ACOTEQ<\/title>\n<meta name=\"description\" content=\"Timing belts compatible with Gates, Optibelt, ContiTech, and more. For synchronous power transmission and precise motion. Worldwide shipping.\" \/>\n<meta name=\"robots\" content=\"index, follow, max-snippet:-1, max-image-preview:large, max-video-preview:-1\" \/>\n<link rel=\"canonical\" href=\"https:\/\/acoteq.com\/de\/ersatzteile\/mechanische-teile\/riemen\/zahnriemen\/\" \/>\n<meta property=\"og:locale\" content=\"de_DE\" \/>\n<meta property=\"og:type\" content=\"article\" \/>\n<meta property=\"og:title\" content=\"Zahnriemen | Mechanische Ersatzteile | ACOTEQ\" \/>\n<meta property=\"og:description\" content=\"Timing belts compatible with Gates, Optibelt, ContiTech, and more. For synchronous power transmission and precise motion. Worldwide shipping.\" \/>\n<meta property=\"og:url\" content=\"https:\/\/acoteq.com\/de\/ersatzteile\/mechanische-teile\/riemen\/zahnriemen\/\" \/>\n<meta property=\"og:site_name\" content=\"ACOTEQ\" \/>\n<meta property=\"article:modified_time\" content=\"2026-03-17T10:47:53+00:00\" \/>\n<meta property=\"og:image\" content=\"https:\/\/acoteq.com\/wp-content\/uploads\/2026\/02\/4-Timing-Belts-3.png.webp\" \/>\n\t<meta property=\"og:image:width\" content=\"2440\" \/>\n\t<meta property=\"og:image:height\" content=\"1626\" \/>\n\t<meta property=\"og:image:type\" content=\"image\/webp\" \/>\n<meta name=\"twitter:card\" content=\"summary_large_image\" \/>\n<meta name=\"twitter:label1\" content=\"Gesch\u00e4tzte Lesezeit\" \/>\n\t<meta name=\"twitter:data1\" content=\"1\u00a0Minute\" \/>\n<script type=\"application\/ld+json\" class=\"yoast-schema-graph\">{\"@context\":\"https:\\\/\\\/schema.org\",\"@graph\":[{\"@type\":\"WebPage\",\"@id\":\"https:\\\/\\\/acoteq.com\\\/de\\\/ersatzteile\\\/mechanische-teile\\\/riemen\\\/zahnriemen\\\/\",\"url\":\"https:\\\/\\\/acoteq.com\\\/de\\\/ersatzteile\\\/mechanische-teile\\\/riemen\\\/zahnriemen\\\/\",\"name\":\"Zahnriemen | Mechanische Ersatzteile | ACOTEQ\",\"isPartOf\":{\"@id\":\"https:\\\/\\\/acoteq.com\\\/de\\\/#website\"},\"primaryImageOfPage\":{\"@id\":\"https:\\\/\\\/acoteq.com\\\/de\\\/ersatzteile\\\/mechanische-teile\\\/riemen\\\/zahnriemen\\\/#primaryimage\"},\"image\":{\"@id\":\"https:\\\/\\\/acoteq.com\\\/de\\\/ersatzteile\\\/mechanische-teile\\\/riemen\\\/zahnriemen\\\/#primaryimage\"},\"thumbnailUrl\":\"https:\\\/\\\/acoteq.com\\\/wp-content\\\/uploads\\\/2026\\\/02\\\/4-Timing-Belts-3.png.webp\",\"datePublished\":\"2026-02-12T13:04:12+00:00\",\"dateModified\":\"2026-03-17T10:47:53+00:00\",\"description\":\"Timing belts compatible with Gates, Optibelt, ContiTech, and more. For synchronous power transmission and precise motion. Worldwide shipping.\",\"breadcrumb\":{\"@id\":\"https:\\\/\\\/acoteq.com\\\/de\\\/ersatzteile\\\/mechanische-teile\\\/riemen\\\/zahnriemen\\\/#breadcrumb\"},\"inLanguage\":\"de\",\"potentialAction\":[{\"@type\":\"ReadAction\",\"target\":[\"https:\\\/\\\/acoteq.com\\\/de\\\/ersatzteile\\\/mechanische-teile\\\/riemen\\\/zahnriemen\\\/\"]}]},{\"@type\":\"ImageObject\",\"inLanguage\":\"de\",\"@id\":\"https:\\\/\\\/acoteq.com\\\/de\\\/ersatzteile\\\/mechanische-teile\\\/riemen\\\/zahnriemen\\\/#primaryimage\",\"url\":\"https:\\\/\\\/acoteq.com\\\/wp-content\\\/uploads\\\/2026\\\/02\\\/4-Timing-Belts-3.png.webp\",\"contentUrl\":\"https:\\\/\\\/acoteq.com\\\/wp-content\\\/uploads\\\/2026\\\/02\\\/4-Timing-Belts-3.png.webp\",\"width\":2440,\"height\":1626},{\"@type\":\"BreadcrumbList\",\"@id\":\"https:\\\/\\\/acoteq.com\\\/de\\\/ersatzteile\\\/mechanische-teile\\\/riemen\\\/zahnriemen\\\/#breadcrumb\",\"itemListElement\":[{\"@type\":\"ListItem\",\"position\":1,\"name\":\"Home\",\"item\":\"https:\\\/\\\/acoteq.com\\\/de\\\/\"},{\"@type\":\"ListItem\",\"position\":2,\"name\":\"Ersatzteile\",\"item\":\"https:\\\/\\\/acoteq.com\\\/de\\\/ersatzteile\\\/\"},{\"@type\":\"ListItem\",\"position\":3,\"name\":\"Mechanische Teile\",\"item\":\"https:\\\/\\\/acoteq.com\\\/de\\\/ersatzteile\\\/mechanische-teile\\\/\"},{\"@type\":\"ListItem\",\"position\":4,\"name\":\"Riemen\",\"item\":\"https:\\\/\\\/acoteq.com\\\/de\\\/ersatzteile\\\/mechanische-teile\\\/riemen\\\/\"},{\"@type\":\"ListItem\",\"position\":5,\"name\":\"Zahnriemen\"}]},{\"@type\":\"WebSite\",\"@id\":\"https:\\\/\\\/acoteq.com\\\/de\\\/#website\",\"url\":\"https:\\\/\\\/acoteq.com\\\/de\\\/\",\"name\":\"ACOTEQ\",\"description\":\"\",\"potentialAction\":[{\"@type\":\"SearchAction\",\"target\":{\"@type\":\"EntryPoint\",\"urlTemplate\":\"https:\\\/\\\/acoteq.com\\\/de\\\/?s={search_term_string}\"},\"query-input\":{\"@type\":\"PropertyValueSpecification\",\"valueRequired\":true,\"valueName\":\"search_term_string\"}}],\"inLanguage\":\"de\"}]}<\/script>\n<!-- \/ Yoast SEO plugin. -->","yoast_head_json":{"title":"Zahnriemen | Mechanische Ersatzteile | ACOTEQ","description":"Timing belts compatible with Gates, Optibelt, ContiTech, and more. For synchronous power transmission and precise motion. Worldwide shipping.","robots":{"index":"index","follow":"follow","max-snippet":"max-snippet:-1","max-image-preview":"max-image-preview:large","max-video-preview":"max-video-preview:-1"},"canonical":"https:\/\/acoteq.com\/de\/ersatzteile\/mechanische-teile\/riemen\/zahnriemen\/","og_locale":"de_DE","og_type":"article","og_title":"Zahnriemen | Mechanische Ersatzteile | ACOTEQ","og_description":"Timing belts compatible with Gates, Optibelt, ContiTech, and more. For synchronous power transmission and precise motion. Worldwide shipping.","og_url":"https:\/\/acoteq.com\/de\/ersatzteile\/mechanische-teile\/riemen\/zahnriemen\/","og_site_name":"ACOTEQ","article_modified_time":"2026-03-17T10:47:53+00:00","og_image":[{"width":2440,"height":1626,"url":"https:\/\/acoteq.com\/wp-content\/uploads\/2026\/02\/4-Timing-Belts-3.png.webp","type":"image\/webp"}],"twitter_card":"summary_large_image","twitter_misc":{"Gesch\u00e4tzte Lesezeit":"1\u00a0Minute"},"schema":{"@context":"https:\/\/schema.org","@graph":[{"@type":"WebPage","@id":"https:\/\/acoteq.com\/de\/ersatzteile\/mechanische-teile\/riemen\/zahnriemen\/","url":"https:\/\/acoteq.com\/de\/ersatzteile\/mechanische-teile\/riemen\/zahnriemen\/","name":"Zahnriemen | Mechanische Ersatzteile | ACOTEQ","isPartOf":{"@id":"https:\/\/acoteq.com\/de\/#website"},"primaryImageOfPage":{"@id":"https:\/\/acoteq.com\/de\/ersatzteile\/mechanische-teile\/riemen\/zahnriemen\/#primaryimage"},"image":{"@id":"https:\/\/acoteq.com\/de\/ersatzteile\/mechanische-teile\/riemen\/zahnriemen\/#primaryimage"},"thumbnailUrl":"https:\/\/acoteq.com\/wp-content\/uploads\/2026\/02\/4-Timing-Belts-3.png.webp","datePublished":"2026-02-12T13:04:12+00:00","dateModified":"2026-03-17T10:47:53+00:00","description":"Timing belts compatible with Gates, Optibelt, ContiTech, and more. For synchronous power transmission and precise motion. Worldwide shipping.","breadcrumb":{"@id":"https:\/\/acoteq.com\/de\/ersatzteile\/mechanische-teile\/riemen\/zahnriemen\/#breadcrumb"},"inLanguage":"de","potentialAction":[{"@type":"ReadAction","target":["https:\/\/acoteq.com\/de\/ersatzteile\/mechanische-teile\/riemen\/zahnriemen\/"]}]},{"@type":"ImageObject","inLanguage":"de","@id":"https:\/\/acoteq.com\/de\/ersatzteile\/mechanische-teile\/riemen\/zahnriemen\/#primaryimage","url":"https:\/\/acoteq.com\/wp-content\/uploads\/2026\/02\/4-Timing-Belts-3.png.webp","contentUrl":"https:\/\/acoteq.com\/wp-content\/uploads\/2026\/02\/4-Timing-Belts-3.png.webp","width":2440,"height":1626},{"@type":"BreadcrumbList","@id":"https:\/\/acoteq.com\/de\/ersatzteile\/mechanische-teile\/riemen\/zahnriemen\/#breadcrumb","itemListElement":[{"@type":"ListItem","position":1,"name":"Home","item":"https:\/\/acoteq.com\/de\/"},{"@type":"ListItem","position":2,"name":"Ersatzteile","item":"https:\/\/acoteq.com\/de\/ersatzteile\/"},{"@type":"ListItem","position":3,"name":"Mechanische Teile","item":"https:\/\/acoteq.com\/de\/ersatzteile\/mechanische-teile\/"},{"@type":"ListItem","position":4,"name":"Riemen","item":"https:\/\/acoteq.com\/de\/ersatzteile\/mechanische-teile\/riemen\/"},{"@type":"ListItem","position":5,"name":"Zahnriemen"}]},{"@type":"WebSite","@id":"https:\/\/acoteq.com\/de\/#website","url":"https:\/\/acoteq.com\/de\/","name":"ACOTEQ","description":"","potentialAction":[{"@type":"SearchAction","target":{"@type":"EntryPoint","urlTemplate":"https:\/\/acoteq.com\/de\/?s={search_term_string}"},"query-input":{"@type":"PropertyValueSpecification","valueRequired":true,"valueName":"search_term_string"}}],"inLanguage":"de"}]}},"_links":{"self":[{"href":"https:\/\/acoteq.com\/de\/wp-json\/wp\/v2\/pages\/3531","targetHints":{"allow":["GET"]}}],"collection":[{"href":"https:\/\/acoteq.com\/de\/wp-json\/wp\/v2\/pages"}],"about":[{"href":"https:\/\/acoteq.com\/de\/wp-json\/wp\/v2\/types\/page"}],"author":[{"embeddable":true,"href":"https:\/\/acoteq.com\/de\/wp-json\/wp\/v2\/users\/1"}],"replies":[{"embeddable":true,"href":"https:\/\/acoteq.com\/de\/wp-json\/wp\/v2\/comments?post=3531"}],"version-history":[{"count":4,"href":"https:\/\/acoteq.com\/de\/wp-json\/wp\/v2\/pages\/3531\/revisions"}],"predecessor-version":[{"id":9236,"href":"https:\/\/acoteq.com\/de\/wp-json\/wp\/v2\/pages\/3531\/revisions\/9236"}],"up":[{"embeddable":true,"href":"https:\/\/acoteq.com\/de\/wp-json\/wp\/v2\/pages\/3635"}],"wp:featuredmedia":[{"embeddable":true,"href":"https:\/\/acoteq.com\/de\/wp-json\/wp\/v2\/media\/3532"}],"wp:attachment":[{"href":"https:\/\/acoteq.com\/de\/wp-json\/wp\/v2\/media?parent=3531"}],"curies":[{"name":"wp","href":"https:\/\/api.w.org\/{rel}","templated":true}]}}