{"id":3555,"date":"2026-02-12T14:03:34","date_gmt":"2026-02-12T13:03:34","guid":{"rendered":"https:\/\/acoteq.com\/special-timing-belts\/"},"modified":"2026-03-17T11:48:24","modified_gmt":"2026-03-17T10:48:24","slug":"spezielle-zahnriemen","status":"publish","type":"page","link":"https:\/\/acoteq.com\/de\/ersatzteile\/mechanische-teile\/riemen\/spezielle-zahnriemen\/","title":{"rendered":"Spezielle Zahnriemen"},"content":{"rendered":"<section class=\"cta\">\n\t\n\t<div class=\"container\">\n\n\t\t<div class=\"row\">\n\n\t\t\t<div class=\"col-lg-12\">\n\n\t\t\t\t<div class=\"cta_inner\">\n\n\t\t\t\t\t<div>\n\n\t\t\t\t\t\t<span class=\"pre_headline\"><i class=\"fas fa-search\"><\/i>&nbsp;Experten f\u00fcr globale Beschaffung<\/span>\n\n\t\t\t\t\t\t<p><strong>Ersatzteil <em>nicht gefunden<\/em>?<\/strong><\/p>\n<p>Unser Online-Katalog zeigt nur 5 % unserer Lieferkapazit\u00e4ten.<br \/>\n<strong>Lassen Sie unsere Experten genau das finden, was Sie brauchen.<\/strong><\/p>\n\n\t\t\t\t\t<\/div>\n\n\t\t\t\t\t<div>\n\n\t\t\t\t\t\t\n\t\t\t\t\t\t\t<a class=\"button light\" href=\"#contact\" target=\"\">Angebot anfordern&nbsp;<i class=\"fas fa-arrow-right\"><\/i><\/a>\n\n\t\t\t\t\t\t\n\t\t\t\t\t<\/div>\n\n\t\t\t\t\t<i class=\"fas fa-times close_cta\"><\/i>\n\n\t\t\t\t<\/div>\n\n\t\t\t<\/div>\n\n\t\t<\/div>\n\n\t<\/div>\n\n<\/section>\n\n\n<div style=\"height:75px\" aria-hidden=\"true\" class=\"wp-block-spacer\"><\/div>\n\n\n<div class=\"yoast-breadcrumbs\"><span><span><a href=\"https:\/\/acoteq.com\/de\/\"><i class=\"fas fa-home\">Home<\/i><\/a><\/span> \/ <span><a href=\"https:\/\/acoteq.com\/de\/ersatzteile\/\">Ersatzteile<\/a><\/span> \/ <span><a href=\"https:\/\/acoteq.com\/de\/ersatzteile\/mechanische-teile\/\">Mechanische Teile<\/a><\/span> \/ <span><a href=\"https:\/\/acoteq.com\/de\/ersatzteile\/mechanische-teile\/riemen\/\">Riemen<\/a><\/span> \/ <span class=\"breadcrumb_last\" aria-current=\"page\">Spezielle Zahnriemen<\/span><\/span><\/div>\n\n\n<div class=\"wp-block-group has-white-background-color has-text-color has-background has-link-color wp-elements-24a81e5a71ac467086390784b96234e1\" style=\"color:#0e3770\"><div class=\"wp-block-group__inner-container is-layout-constrained wp-block-group-is-layout-constrained\"><section class=\"headline align-left \">\n\t\n\t<div class=\"container\">\n\n\t\t<div class=\"row\">\n\n\t\t\t<div class=\"col-lg-12\">\n\n\t\t\t\t<div class=\"headline_wrapper\">\n\n\t\t\t\t\t<h1><strong>Spezielle Zahnriemen<\/strong><\/h1>\n\n\t\t\t\t\t\n\t\t\t\t<\/div>\n\n\t\t\t<\/div>\n\n\t\t<\/div>\n\n\t<\/div>\n\n<\/section>\n\n\n<div style=\"height:50px\" aria-hidden=\"true\" class=\"wp-block-spacer\"><\/div>\n\n\n<section class=\"cards\">\n\t\n\t<div class=\"container\">\n\n\t\t<div class=\"row\">\n\n\t\t\t\n\t\t\t\t\n\t\t\t\t\t<div class=\"col-lg-4 col-md-6 card_single\">\n\n\t\t\t\t\t\t\n\t\t\t\t\t\t<div class=\"card_inner\">\n\n\t\t\t\t\t\t\t\t\t\t\t\t\t\t\t<a href=\"https:\/\/acoteq.com\/de\/ersatzteile\/mechanische-teile\/riemen\/spezielle-zahnriemen\/eagle-silent-riemen\/\">\n\t\t\t\t\t\t\t\t\t<img decoding=\"async\" width=\"640\" height=\"427\" src=\"https:\/\/acoteq.com\/wp-content\/uploads\/2026\/02\/5.1.2-Eagle-Silent-Belts.png-1024x683.webp\" class=\"attachment-large size-large wp-post-image\" alt=\"Category image\" loading=\"lazy\" srcset=\"https:\/\/acoteq.com\/wp-content\/uploads\/2026\/02\/5.1.2-Eagle-Silent-Belts.png-1024x683.webp 1024w, https:\/\/acoteq.com\/wp-content\/uploads\/2026\/02\/5.1.2-Eagle-Silent-Belts.png-300x200.webp 300w, https:\/\/acoteq.com\/wp-content\/uploads\/2026\/02\/5.1.2-Eagle-Silent-Belts.png-768x512.webp 768w, https:\/\/acoteq.com\/wp-content\/uploads\/2026\/02\/5.1.2-Eagle-Silent-Belts.png.webp 1536w\" sizes=\"auto, (max-width: 640px) 100vw, 640px\" \/>\t\t\t\t\t\t\t\t<\/a>\n\t\t\t\t\t\t\t\t\n\n\t\t\t\t\t\t\t<div class=\"card_information\">\t\n\n\t\t\t\t\t\t\t\t<div>\n\n\t\t\t\t\t\t\t\t\t<h3>\n\t\t\t\t\t\t\t\t\t\t<a href=\"https:\/\/acoteq.com\/de\/ersatzteile\/mechanische-teile\/riemen\/spezielle-zahnriemen\/eagle-silent-riemen\/\">\n\t\t\t\t\t\t\t\t\t\t\t<b>Eagle\/Silent<\/b> Riemen\t\t\t\t\t\t\t\t\t\t\t\n\t\t\t\t\t\t\t\t\t\t<\/a>\n\t\t\t\t\t\t\t\t\t<\/h3>\n\n\t\t\t\t\t\t\t\t\t\t\t\n\n\t\t\t\t\t\t\t\t<\/div>\t\n\n\t\t\t\t\t\t\t\t<div class=\"cards_linkwrap\">\n\n\t\t\t\t\t\t\t\t\t\t\t\t\t\t\t\t\t\t\t\n\t\t\t\t\t\t\t\t\t\t<a href=\"https:\/\/acoteq.com\/de\/ersatzteile\/mechanische-teile\/riemen\/spezielle-zahnriemen\/eagle-silent-riemen\/\">\n\t\t\t\t\t\t\t\t\t\t\tKategorie ansehen&nbsp;<i class=\"fas fa-arrow-right\"><\/i>\n\t\t\t\t\t\t\t\t\t\t<\/a>\t\t\t\t\t\t\t\t\t\t\n\n\t\t\t\t\t\t\t\t\t\t\t\t\t\n\n\t\t\t\t\t\t\t\t<\/div>\t\t\t\t\t\t\t\t\t\t\t\t\t\t\t\n\n\t\t\t\t\t\t\t<\/div>\n\n\t\t\t\t\t\t<\/div>\n\n\t\t\t\t\t<\/div>\n\n\t\t\t\t\n\t\t\t\t\t<div class=\"col-lg-4 col-md-6 card_single\">\n\n\t\t\t\t\t\t\n\t\t\t\t\t\t<div class=\"card_inner\">\n\n\t\t\t\t\t\t\t\t\t\t\t\t\t\t\t<a href=\"https:\/\/acoteq.com\/de\/ersatzteile\/mechanische-teile\/riemen\/spezielle-zahnriemen\/zahnriemen-fuer-freizeitfahrzeuge\/\">\n\t\t\t\t\t\t\t\t\t<img decoding=\"async\" width=\"640\" height=\"427\" src=\"https:\/\/acoteq.com\/wp-content\/uploads\/2026\/02\/5.2.2-Recreational-Vehicle-Belts.png-1024x683.webp\" class=\"attachment-large size-large wp-post-image\" alt=\"Category image\" loading=\"lazy\" srcset=\"https:\/\/acoteq.com\/wp-content\/uploads\/2026\/02\/5.2.2-Recreational-Vehicle-Belts.png-1024x683.webp 1024w, https:\/\/acoteq.com\/wp-content\/uploads\/2026\/02\/5.2.2-Recreational-Vehicle-Belts.png-300x200.webp 300w, https:\/\/acoteq.com\/wp-content\/uploads\/2026\/02\/5.2.2-Recreational-Vehicle-Belts.png-768x512.webp 768w, https:\/\/acoteq.com\/wp-content\/uploads\/2026\/02\/5.2.2-Recreational-Vehicle-Belts.png.webp 1536w\" sizes=\"auto, (max-width: 640px) 100vw, 640px\" \/>\t\t\t\t\t\t\t\t<\/a>\n\t\t\t\t\t\t\t\t\n\n\t\t\t\t\t\t\t<div class=\"card_information\">\t\n\n\t\t\t\t\t\t\t\t<div>\n\n\t\t\t\t\t\t\t\t\t<h3>\n\t\t\t\t\t\t\t\t\t\t<a href=\"https:\/\/acoteq.com\/de\/ersatzteile\/mechanische-teile\/riemen\/spezielle-zahnriemen\/zahnriemen-fuer-freizeitfahrzeuge\/\">\n\t\t\t\t\t\t\t\t\t\t\t<b>Zahnriemen<\/b> f\u00fcr Freizeitfahrzeuge\t\t\t\t\t\t\t\t\t\t\t\n\t\t\t\t\t\t\t\t\t\t<\/a>\n\t\t\t\t\t\t\t\t\t<\/h3>\n\n\t\t\t\t\t\t\t\t\t\t\t\n\n\t\t\t\t\t\t\t\t<\/div>\t\n\n\t\t\t\t\t\t\t\t<div class=\"cards_linkwrap\">\n\n\t\t\t\t\t\t\t\t\t\t\t\t\t\t\t\t\t\t\t\n\t\t\t\t\t\t\t\t\t\t<a href=\"https:\/\/acoteq.com\/de\/ersatzteile\/mechanische-teile\/riemen\/spezielle-zahnriemen\/zahnriemen-fuer-freizeitfahrzeuge\/\">\n\t\t\t\t\t\t\t\t\t\t\tKategorie ansehen&nbsp;<i class=\"fas fa-arrow-right\"><\/i>\n\t\t\t\t\t\t\t\t\t\t<\/a>\t\t\t\t\t\t\t\t\t\t\n\n\t\t\t\t\t\t\t\t\t\t\t\t\t\n\n\t\t\t\t\t\t\t\t<\/div>\t\t\t\t\t\t\t\t\t\t\t\t\t\t\t\n\n\t\t\t\t\t\t\t<\/div>\n\n\t\t\t\t\t\t<\/div>\n\n\t\t\t\t\t<\/div>\n\n\t\t\t\t\t\t\t\n\n\t\t\t\t\t\t\n\n\t\t<\/div>\n\n\t<\/div>\n\n<\/section>\n<\/div><\/div>\n\n\n\n<div class=\"wp-block-group has-white-color has-text-color has-background has-link-color wp-elements-3f6f1226c88675b8c197595c75e952e5\" style=\"background-color:#051c3c\"><div class=\"wp-block-group__inner-container is-layout-constrained wp-block-group-is-layout-constrained\"><section class=\"process\">\n\t\n\t<div class=\"container\">\n\n\t\t<div class=\"row\">\n\n\t\t\t<div class=\"col-lg-4\">\n\n\t\t\t\t<section class=\"headline\">\n\t\t\t\t\t\n\t\t\t\t\t<div class=\"container\">\n\n\t\t\t\t\t\t<div class=\"row\">\n\n\t\t\t\t\t\t\t<div class=\"col-lg-12 p-0\">\n\n\t\t\t\t\t\t\t\t<div class=\"headline_wrapper\">\n\n\t\t\t\t\t\t\t\t\t<h2><em>So funktioniert es<\/em><strong> einfach <\/strong><strong><span style=\"color: #c7d300;\">Angebot anfordern<\/span><\/strong><\/h2>\n\n\t\t\t\t\t\t\t\t<\/div>\n\n\t\t\t\t\t\t\t<\/div>\n\n\t\t\t\t\t\t<\/div>\n\n\t\t\t\t\t<\/div>\n\n\t\t\t\t<\/section>\t\t\t\t\n\n\t\t\t<\/div>\n\n\t\t\t<div class=\"col-lg-8 process_steps\">\n\n\t\t\t\t<div class=\"process_steps_inner\">\n\n\t\t\t\t\t\n\t\t\t\t\t\t\t<div class=\"step_single\">\n\n\t\t\t\t\t\t\t\t<div class=\"step_icon\">\n\n\t\t\t\t\t\t\t\t\t<img decoding=\"async\" src=\"https:\/\/acoteq.com\/wp-content\/uploads\/2026\/02\/icons8_document.svg\" alt=\"\">\n\n\t\t\t\t\t\t\t\t<\/div>\n\n\t\t\t\t\t\t\t\t<div class=\"step_information\">\n\n\t\t\t\t\t\t\t\t\t<strong>1. TEIL IDENTIFIZIEREN<\/strong>\n\n\t\t\t\t\t\t\t\t\t<span>Herstellerangaben, Teilenummer oder ein Foto. Das ist alles, was wir brauchen.<\/span>\n\n\t\t\t\t\t\t\t\t<\/div>\t\t\t\t\t\t\n\n\t\t\t\t\t\t\t<\/div>\n\n\t\t\t\t\t\t\n\t\t\t\t\t\t\t<div class=\"step_single\">\n\n\t\t\t\t\t\t\t\t<div class=\"step_icon\">\n\n\t\t\t\t\t\t\t\t\t<img decoding=\"async\" src=\"https:\/\/acoteq.com\/wp-content\/uploads\/2026\/02\/Vector.svg\" alt=\"\">\n\n\t\t\t\t\t\t\t\t<\/div>\n\n\t\t\t\t\t\t\t\t<div class=\"step_information\">\n\n\t\t\t\t\t\t\t\t\t<strong>2. ANFRAGE SENDEN<\/strong>\n\n\t\t\t\t\t\t\t\t\t<span>Senden Sie die Details \u00fcber unser Kontaktformular, per E-Mail, Teams oder WhatsApp.<\/span>\n\n\t\t\t\t\t\t\t\t<\/div>\t\t\t\t\t\t\n\n\t\t\t\t\t\t\t<\/div>\n\n\t\t\t\t\t\t\n\t\t\t\t\t\t\t<div class=\"step_single\">\n\n\t\t\t\t\t\t\t\t<div class=\"step_icon\">\n\n\t\t\t\t\t\t\t\t\t<img decoding=\"async\" src=\"https:\/\/acoteq.com\/wp-content\/uploads\/2026\/02\/gg_check-o.svg\" alt=\"\">\n\n\t\t\t\t\t\t\t\t<\/div>\n\n\t\t\t\t\t\t\t\t<div class=\"step_information\">\n\n\t\t\t\t\t\t\t\t\t<strong>3. ANGEBOT ERHALTEN<\/strong>\n\n\t\t\t\t\t\t\t\t\t<span>Wir senden Ihnen ein Angebot, so schnell wie unser Liefernetzwerk es zul\u00e4sst.<\/span>\n\n\t\t\t\t\t\t\t\t<\/div>\t\t\t\t\t\t\n\n\t\t\t\t\t\t\t<\/div>\n\n\t\t\t\t\t\t\t\t\t\t\t\n\n\t\t\t\t<\/div>\n\n\t\t\t<\/div>\n\n\t\t<\/div>\n\n\t<\/div>\n\n<\/section><\/div><\/div>\n\n\n\n<div class=\"wp-block-group has-white-background-color has-text-color has-background has-link-color wp-elements-e25c9e77a36e80144fca8b0e5260b8be\" style=\"color:#0e3770\"><div class=\"wp-block-group__inner-container is-layout-constrained wp-block-group-is-layout-constrained\"><section class=\"headline align-left \">\n\t\n\t<div class=\"container\">\n\n\t\t<div class=\"row\">\n\n\t\t\t<div class=\"col-lg-12\">\n\n\t\t\t\t<div class=\"headline_wrapper\">\n\n\t\t\t\t\t<h1><strong>Welche speziellen Zahnriemen <\/strong>bieten Sie an?<\/h1>\n\n\t\t\t\t\t\n\t\t\t\t<\/div>\n\n\t\t\t<\/div>\n\n\t\t<\/div>\n\n\t<\/div>\n\n<\/section>\n\n\n<div style=\"height:15px\" aria-hidden=\"true\" class=\"wp-block-spacer\"><\/div>\n\n\n\n<div class=\"wp-block-columns is-layout-flex wp-container-core-columns-is-layout-9d6595d7 wp-block-columns-is-layout-flex\">\n<div class=\"wp-block-column is-layout-flow wp-block-column-is-layout-flow\"><section class=\"text \">\n\t\n\t<div class=\"container\">\n\n\t\t<div class=\"row\">\n\n\t\t\t<div class=\"col-lg-12\">\n\n\t\t\t\t<p><strong>Spezielle Zahnriemen<\/strong> sind darauf ausgelegt, anspruchsvolle Anforderungen zu erf\u00fcllen, die \u00fcber die standardm\u00e4\u00dfige synchrone Kraft\u00fcbertragung hinausgehen. Bei <strong>ACOTEQ<\/strong> liefern wir Hochleistungsriemen, die f\u00fcr reduzierte Ger\u00e4uschentwicklung, erh\u00f6hte Flexibilit\u00e4t und verbesserte Haltbarkeit unter wechselnden Lasten oder Au\u00dfenbedingungen entwickelt wurden.<\/p>\n<p>Unser Katalog umfasst <strong>Eagle\/Silent-Riemen<\/strong> f\u00fcr ger\u00e4uscharmen Betrieb und optimierten Zahneingriff sowie <strong>Freizeitfahrzeug-Riemen<\/strong>, die daf\u00fcr ausgelegt sind, Temperaturschwankungen, Staub und dynamische Spannung standzuhalten, wie sie in Offroad- oder mobilen Systemen \u00fcblich sind. Alle Riemen sind in <strong>Original- und kompatiblen Versionen<\/strong> erh\u00e4ltlich, mit globaler Verf\u00fcgbarkeit und umfassendem technischem Support.<\/p>\n<p>Ganz gleich, ob Sie spezielle OEM-Riemen ersetzen oder f\u00fcr kundenspezifische Antriebssysteme beschaffen m\u00f6chten \u2013 wir bieten pr\u00e4zise Querverweise, kundenspezifische L\u00e4ngenkonfigurationen und fachkundige Unterst\u00fctzung, um eine lange Lebensdauer und betriebliche Effizienz sicherzustellen.<\/p>\n<p>Entdecken Sie unsere Optionen f\u00fcr spezielle Zahnriemen oder <strong>fordern Sie noch heute ein Angebot an<\/strong> \u2013 unser Team unterst\u00fctzt Ihre Anwendungsanforderungen mit L\u00f6sungen in Industriequalit\u00e4t und schnellem weltweitem Versand.<\/p>\n\n\t\t\t<\/div>\n\n\t\t<\/div>\n\n\t<\/div>\n\n<\/section><\/div>\n\n\n\n<div class=\"wp-block-column is-layout-flow wp-block-column-is-layout-flow\"><div class=\"container\">\n\n\t<div class=\"row\">\n\n\t\t<div class=\"col-lg-12\">\n\n\t\t\t<div class=\"imagewrap\">\n\n\t\t\t\t<img decoding=\"async\" src=\"https:\/\/acoteq.com\/wp-content\/uploads\/2026\/03\/special-timing-belts-e1773742040707.png\" alt=\"\">\n\n\t\t\t\t\n\t\t\t<\/div>\n\n\t\t<\/div>\n\n\t<\/div>\n\n<\/div><\/div>\n<\/div>\n<\/div><\/div>\n","protected":false},"excerpt":{"rendered":"","protected":false},"author":1,"featured_media":3556,"parent":3635,"menu_order":0,"comment_status":"closed","ping_status":"closed","template":"","meta":{"_acf_changed":false,"footnotes":""},"class_list":["post-3555","page","type-page","status-publish","has-post-thumbnail","hentry"],"acf":[],"yoast_head":"<!-- This site is optimized with the Yoast SEO plugin v27.4 - https:\/\/yoast.com\/product\/yoast-seo-wordpress\/ -->\n<title>Spezielle Zahnriemen | Mechanische Ersatzteile | ACOTEQ<\/title>\n<meta name=\"description\" content=\"Special synchronous belts, quiet, durable, customizable, and fast worldwide shipping.\" \/>\n<meta name=\"robots\" content=\"index, follow, max-snippet:-1, max-image-preview:large, max-video-preview:-1\" \/>\n<link rel=\"canonical\" href=\"https:\/\/acoteq.com\/de\/ersatzteile\/mechanische-teile\/riemen\/spezielle-zahnriemen\/\" \/>\n<meta property=\"og:locale\" content=\"de_DE\" \/>\n<meta property=\"og:type\" content=\"article\" \/>\n<meta property=\"og:title\" content=\"Spezielle Zahnriemen | Mechanische Ersatzteile | ACOTEQ\" \/>\n<meta property=\"og:description\" content=\"Special synchronous belts, quiet, durable, customizable, and fast worldwide shipping.\" \/>\n<meta property=\"og:url\" content=\"https:\/\/acoteq.com\/de\/ersatzteile\/mechanische-teile\/riemen\/spezielle-zahnriemen\/\" \/>\n<meta property=\"og:site_name\" content=\"ACOTEQ\" \/>\n<meta property=\"article:modified_time\" content=\"2026-03-17T10:48:24+00:00\" \/>\n<meta property=\"og:image\" content=\"https:\/\/acoteq.com\/wp-content\/uploads\/2026\/02\/5-Special-Timing-Belts-1.png.webp\" \/>\n\t<meta property=\"og:image:width\" content=\"1536\" \/>\n\t<meta property=\"og:image:height\" content=\"1024\" \/>\n\t<meta property=\"og:image:type\" content=\"image\/webp\" \/>\n<meta name=\"twitter:card\" content=\"summary_large_image\" \/>\n<meta name=\"twitter:label1\" content=\"Gesch\u00e4tzte Lesezeit\" \/>\n\t<meta name=\"twitter:data1\" content=\"1\u00a0Minute\" \/>\n<script type=\"application\/ld+json\" class=\"yoast-schema-graph\">{\"@context\":\"https:\\\/\\\/schema.org\",\"@graph\":[{\"@type\":\"WebPage\",\"@id\":\"https:\\\/\\\/acoteq.com\\\/de\\\/ersatzteile\\\/mechanische-teile\\\/riemen\\\/spezielle-zahnriemen\\\/\",\"url\":\"https:\\\/\\\/acoteq.com\\\/de\\\/ersatzteile\\\/mechanische-teile\\\/riemen\\\/spezielle-zahnriemen\\\/\",\"name\":\"Spezielle Zahnriemen | Mechanische Ersatzteile | ACOTEQ\",\"isPartOf\":{\"@id\":\"https:\\\/\\\/acoteq.com\\\/de\\\/#website\"},\"primaryImageOfPage\":{\"@id\":\"https:\\\/\\\/acoteq.com\\\/de\\\/ersatzteile\\\/mechanische-teile\\\/riemen\\\/spezielle-zahnriemen\\\/#primaryimage\"},\"image\":{\"@id\":\"https:\\\/\\\/acoteq.com\\\/de\\\/ersatzteile\\\/mechanische-teile\\\/riemen\\\/spezielle-zahnriemen\\\/#primaryimage\"},\"thumbnailUrl\":\"https:\\\/\\\/acoteq.com\\\/wp-content\\\/uploads\\\/2026\\\/02\\\/5-Special-Timing-Belts-1.png.webp\",\"datePublished\":\"2026-02-12T13:03:34+00:00\",\"dateModified\":\"2026-03-17T10:48:24+00:00\",\"description\":\"Special synchronous belts, quiet, durable, customizable, and fast worldwide shipping.\",\"breadcrumb\":{\"@id\":\"https:\\\/\\\/acoteq.com\\\/de\\\/ersatzteile\\\/mechanische-teile\\\/riemen\\\/spezielle-zahnriemen\\\/#breadcrumb\"},\"inLanguage\":\"de\",\"potentialAction\":[{\"@type\":\"ReadAction\",\"target\":[\"https:\\\/\\\/acoteq.com\\\/de\\\/ersatzteile\\\/mechanische-teile\\\/riemen\\\/spezielle-zahnriemen\\\/\"]}]},{\"@type\":\"ImageObject\",\"inLanguage\":\"de\",\"@id\":\"https:\\\/\\\/acoteq.com\\\/de\\\/ersatzteile\\\/mechanische-teile\\\/riemen\\\/spezielle-zahnriemen\\\/#primaryimage\",\"url\":\"https:\\\/\\\/acoteq.com\\\/wp-content\\\/uploads\\\/2026\\\/02\\\/5-Special-Timing-Belts-1.png.webp\",\"contentUrl\":\"https:\\\/\\\/acoteq.com\\\/wp-content\\\/uploads\\\/2026\\\/02\\\/5-Special-Timing-Belts-1.png.webp\",\"width\":1536,\"height\":1024},{\"@type\":\"BreadcrumbList\",\"@id\":\"https:\\\/\\\/acoteq.com\\\/de\\\/ersatzteile\\\/mechanische-teile\\\/riemen\\\/spezielle-zahnriemen\\\/#breadcrumb\",\"itemListElement\":[{\"@type\":\"ListItem\",\"position\":1,\"name\":\"Home\",\"item\":\"https:\\\/\\\/acoteq.com\\\/de\\\/\"},{\"@type\":\"ListItem\",\"position\":2,\"name\":\"Ersatzteile\",\"item\":\"https:\\\/\\\/acoteq.com\\\/de\\\/ersatzteile\\\/\"},{\"@type\":\"ListItem\",\"position\":3,\"name\":\"Mechanische Teile\",\"item\":\"https:\\\/\\\/acoteq.com\\\/de\\\/ersatzteile\\\/mechanische-teile\\\/\"},{\"@type\":\"ListItem\",\"position\":4,\"name\":\"Riemen\",\"item\":\"https:\\\/\\\/acoteq.com\\\/de\\\/ersatzteile\\\/mechanische-teile\\\/riemen\\\/\"},{\"@type\":\"ListItem\",\"position\":5,\"name\":\"Spezielle Zahnriemen\"}]},{\"@type\":\"WebSite\",\"@id\":\"https:\\\/\\\/acoteq.com\\\/de\\\/#website\",\"url\":\"https:\\\/\\\/acoteq.com\\\/de\\\/\",\"name\":\"ACOTEQ\",\"description\":\"\",\"potentialAction\":[{\"@type\":\"SearchAction\",\"target\":{\"@type\":\"EntryPoint\",\"urlTemplate\":\"https:\\\/\\\/acoteq.com\\\/de\\\/?s={search_term_string}\"},\"query-input\":{\"@type\":\"PropertyValueSpecification\",\"valueRequired\":true,\"valueName\":\"search_term_string\"}}],\"inLanguage\":\"de\"}]}<\/script>\n<!-- \/ Yoast SEO plugin. -->","yoast_head_json":{"title":"Spezielle Zahnriemen | Mechanische Ersatzteile | ACOTEQ","description":"Special synchronous belts, quiet, durable, customizable, and fast worldwide shipping.","robots":{"index":"index","follow":"follow","max-snippet":"max-snippet:-1","max-image-preview":"max-image-preview:large","max-video-preview":"max-video-preview:-1"},"canonical":"https:\/\/acoteq.com\/de\/ersatzteile\/mechanische-teile\/riemen\/spezielle-zahnriemen\/","og_locale":"de_DE","og_type":"article","og_title":"Spezielle Zahnriemen | Mechanische Ersatzteile | ACOTEQ","og_description":"Special synchronous belts, quiet, durable, customizable, and fast worldwide shipping.","og_url":"https:\/\/acoteq.com\/de\/ersatzteile\/mechanische-teile\/riemen\/spezielle-zahnriemen\/","og_site_name":"ACOTEQ","article_modified_time":"2026-03-17T10:48:24+00:00","og_image":[{"width":1536,"height":1024,"url":"https:\/\/acoteq.com\/wp-content\/uploads\/2026\/02\/5-Special-Timing-Belts-1.png.webp","type":"image\/webp"}],"twitter_card":"summary_large_image","twitter_misc":{"Gesch\u00e4tzte Lesezeit":"1\u00a0Minute"},"schema":{"@context":"https:\/\/schema.org","@graph":[{"@type":"WebPage","@id":"https:\/\/acoteq.com\/de\/ersatzteile\/mechanische-teile\/riemen\/spezielle-zahnriemen\/","url":"https:\/\/acoteq.com\/de\/ersatzteile\/mechanische-teile\/riemen\/spezielle-zahnriemen\/","name":"Spezielle Zahnriemen | Mechanische Ersatzteile | ACOTEQ","isPartOf":{"@id":"https:\/\/acoteq.com\/de\/#website"},"primaryImageOfPage":{"@id":"https:\/\/acoteq.com\/de\/ersatzteile\/mechanische-teile\/riemen\/spezielle-zahnriemen\/#primaryimage"},"image":{"@id":"https:\/\/acoteq.com\/de\/ersatzteile\/mechanische-teile\/riemen\/spezielle-zahnriemen\/#primaryimage"},"thumbnailUrl":"https:\/\/acoteq.com\/wp-content\/uploads\/2026\/02\/5-Special-Timing-Belts-1.png.webp","datePublished":"2026-02-12T13:03:34+00:00","dateModified":"2026-03-17T10:48:24+00:00","description":"Special synchronous belts, quiet, durable, customizable, and fast worldwide shipping.","breadcrumb":{"@id":"https:\/\/acoteq.com\/de\/ersatzteile\/mechanische-teile\/riemen\/spezielle-zahnriemen\/#breadcrumb"},"inLanguage":"de","potentialAction":[{"@type":"ReadAction","target":["https:\/\/acoteq.com\/de\/ersatzteile\/mechanische-teile\/riemen\/spezielle-zahnriemen\/"]}]},{"@type":"ImageObject","inLanguage":"de","@id":"https:\/\/acoteq.com\/de\/ersatzteile\/mechanische-teile\/riemen\/spezielle-zahnriemen\/#primaryimage","url":"https:\/\/acoteq.com\/wp-content\/uploads\/2026\/02\/5-Special-Timing-Belts-1.png.webp","contentUrl":"https:\/\/acoteq.com\/wp-content\/uploads\/2026\/02\/5-Special-Timing-Belts-1.png.webp","width":1536,"height":1024},{"@type":"BreadcrumbList","@id":"https:\/\/acoteq.com\/de\/ersatzteile\/mechanische-teile\/riemen\/spezielle-zahnriemen\/#breadcrumb","itemListElement":[{"@type":"ListItem","position":1,"name":"Home","item":"https:\/\/acoteq.com\/de\/"},{"@type":"ListItem","position":2,"name":"Ersatzteile","item":"https:\/\/acoteq.com\/de\/ersatzteile\/"},{"@type":"ListItem","position":3,"name":"Mechanische Teile","item":"https:\/\/acoteq.com\/de\/ersatzteile\/mechanische-teile\/"},{"@type":"ListItem","position":4,"name":"Riemen","item":"https:\/\/acoteq.com\/de\/ersatzteile\/mechanische-teile\/riemen\/"},{"@type":"ListItem","position":5,"name":"Spezielle Zahnriemen"}]},{"@type":"WebSite","@id":"https:\/\/acoteq.com\/de\/#website","url":"https:\/\/acoteq.com\/de\/","name":"ACOTEQ","description":"","potentialAction":[{"@type":"SearchAction","target":{"@type":"EntryPoint","urlTemplate":"https:\/\/acoteq.com\/de\/?s={search_term_string}"},"query-input":{"@type":"PropertyValueSpecification","valueRequired":true,"valueName":"search_term_string"}}],"inLanguage":"de"}]}},"_links":{"self":[{"href":"https:\/\/acoteq.com\/de\/wp-json\/wp\/v2\/pages\/3555","targetHints":{"allow":["GET"]}}],"collection":[{"href":"https:\/\/acoteq.com\/de\/wp-json\/wp\/v2\/pages"}],"about":[{"href":"https:\/\/acoteq.com\/de\/wp-json\/wp\/v2\/types\/page"}],"author":[{"embeddable":true,"href":"https:\/\/acoteq.com\/de\/wp-json\/wp\/v2\/users\/1"}],"replies":[{"embeddable":true,"href":"https:\/\/acoteq.com\/de\/wp-json\/wp\/v2\/comments?post=3555"}],"version-history":[{"count":6,"href":"https:\/\/acoteq.com\/de\/wp-json\/wp\/v2\/pages\/3555\/revisions"}],"predecessor-version":[{"id":9239,"href":"https:\/\/acoteq.com\/de\/wp-json\/wp\/v2\/pages\/3555\/revisions\/9239"}],"up":[{"embeddable":true,"href":"https:\/\/acoteq.com\/de\/wp-json\/wp\/v2\/pages\/3635"}],"wp:featuredmedia":[{"embeddable":true,"href":"https:\/\/acoteq.com\/de\/wp-json\/wp\/v2\/media\/3556"}],"wp:attachment":[{"href":"https:\/\/acoteq.com\/de\/wp-json\/wp\/v2\/media?parent=3555"}],"curies":[{"name":"wp","href":"https:\/\/api.w.org\/{rel}","templated":true}]}}