{"id":3763,"date":"2026-02-12T13:57:01","date_gmt":"2026-02-12T12:57:01","guid":{"rendered":"https:\/\/acoteq.com\/bearing-accessories\/"},"modified":"2026-03-16T15:55:29","modified_gmt":"2026-03-16T14:55:29","slug":"lagerzubehoer","status":"publish","type":"page","link":"https:\/\/acoteq.com\/de\/ersatzteile\/mechanische-teile\/lager\/lagerzubehoer\/","title":{"rendered":"Lagerzubeh\u00f6r"},"content":{"rendered":"<section class=\"cta\">\n\t\n\t<div class=\"container\">\n\n\t\t<div class=\"row\">\n\n\t\t\t<div class=\"col-lg-12\">\n\n\t\t\t\t<div class=\"cta_inner\">\n\n\t\t\t\t\t<div>\n\n\t\t\t\t\t\t<span class=\"pre_headline\"><i class=\"fas fa-search\"><\/i>&nbsp;Experten f\u00fcr globale Beschaffung<\/span>\n\n\t\t\t\t\t\t<p><strong>Ersatzteil <em>nicht gefunden<\/em>?<\/strong><\/p>\n<p>Unser Online-Katalog zeigt nur 5 % unserer Lieferkapazit\u00e4ten.<br \/>\n<strong>Lassen Sie unsere Experten genau das finden, was Sie brauchen.<\/strong><\/p>\n\n\t\t\t\t\t<\/div>\n\n\t\t\t\t\t<div>\n\n\t\t\t\t\t\t\n\t\t\t\t\t\t\t<a class=\"button light\" href=\"#contact\" target=\"\">Angebot anfordern&nbsp;<i class=\"fas fa-arrow-right\"><\/i><\/a>\n\n\t\t\t\t\t\t\n\t\t\t\t\t<\/div>\n\n\t\t\t\t\t<i class=\"fas fa-times close_cta\"><\/i>\n\n\t\t\t\t<\/div>\n\n\t\t\t<\/div>\n\n\t\t<\/div>\n\n\t<\/div>\n\n<\/section>\n\n\n<div style=\"height:75px\" aria-hidden=\"true\" class=\"wp-block-spacer\"><\/div>\n\n\n<div class=\"yoast-breadcrumbs\"><span><span><a href=\"https:\/\/acoteq.com\/de\/\"><i class=\"fas fa-home\">Home<\/i><\/a><\/span> \/ <span><a href=\"https:\/\/acoteq.com\/de\/ersatzteile\/\">Ersatzteile<\/a><\/span> \/ <span><a href=\"https:\/\/acoteq.com\/de\/ersatzteile\/mechanische-teile\/\">Mechanische Teile<\/a><\/span> \/ <span><a href=\"https:\/\/acoteq.com\/de\/ersatzteile\/mechanische-teile\/lager\/\">Lager<\/a><\/span> \/ <span class=\"breadcrumb_last\" aria-current=\"page\">Lagerzubeh\u00f6r<\/span><\/span><\/div>\n\n\n<div class=\"wp-block-group has-white-background-color has-text-color has-background has-link-color wp-elements-2b75f5d7702293049bba91c3fb0f6cc0\" style=\"color:#0e3770\"><div class=\"wp-block-group__inner-container is-layout-constrained wp-block-group-is-layout-constrained\"><section class=\"headline align-left \">\n\t\n\t<div class=\"container\">\n\n\t\t<div class=\"row\">\n\n\t\t\t<div class=\"col-lg-12\">\n\n\t\t\t\t<div class=\"headline_wrapper\">\n\n\t\t\t\t\t<h1><strong>Lager-<\/strong>Zubeh\u00f6r<\/h1>\n\n\t\t\t\t\t\n\t\t\t\t<\/div>\n\n\t\t\t<\/div>\n\n\t\t<\/div>\n\n\t<\/div>\n\n<\/section>\n\n\n<div style=\"height:50px\" aria-hidden=\"true\" class=\"wp-block-spacer\"><\/div>\n\n\n<section class=\"cards\">\n\t\n\t<div class=\"container\">\n\n\t\t<div class=\"row\">\n\n\t\t\t\n\t\t\t\t\n\t\t\t\t\t<div class=\"col-lg-4 col-md-6 card_single\">\n\n\t\t\t\t\t\t\n\t\t\t\t\t\t<div class=\"card_inner\">\n\n\t\t\t\t\t\t\t\t\t\t\t\t\t\t\t<a href=\"https:\/\/acoteq.com\/de\/ersatzteile\/mechanische-teile\/lager\/lagerzubehoer\/spannhuelsen\/\">\n\t\t\t\t\t\t\t\t\t<img decoding=\"async\" width=\"640\" height=\"425\" src=\"https:\/\/acoteq.com\/wp-content\/uploads\/2026\/03\/sleeves-1.png\" class=\"attachment-large size-large wp-post-image\" alt=\"Category image\" loading=\"lazy\" srcset=\"https:\/\/acoteq.com\/wp-content\/uploads\/2026\/03\/sleeves-1.png 975w, https:\/\/acoteq.com\/wp-content\/uploads\/2026\/03\/sleeves-1-300x199.png 300w, https:\/\/acoteq.com\/wp-content\/uploads\/2026\/03\/sleeves-1-768x510.png 768w\" sizes=\"auto, (max-width: 640px) 100vw, 640px\" \/>\t\t\t\t\t\t\t\t<\/a>\n\t\t\t\t\t\t\t\t\n\n\t\t\t\t\t\t\t<div class=\"card_information\">\t\n\n\t\t\t\t\t\t\t\t<div>\n\n\t\t\t\t\t\t\t\t\t<h3>\n\t\t\t\t\t\t\t\t\t\t<a href=\"https:\/\/acoteq.com\/de\/ersatzteile\/mechanische-teile\/lager\/lagerzubehoer\/spannhuelsen\/\">\n\t\t\t\t\t\t\t\t\t\t\t<b>Spannh\u00fclsen<\/b>\t\t\t\t\t\t\t\t\t\t\t\n\t\t\t\t\t\t\t\t\t\t<\/a>\n\t\t\t\t\t\t\t\t\t<\/h3>\n\n\t\t\t\t\t\t\t\t\t\t\t\n\n\t\t\t\t\t\t\t\t<\/div>\t\n\n\t\t\t\t\t\t\t\t<div class=\"cards_linkwrap\">\n\n\t\t\t\t\t\t\t\t\t\t\t\t\t\t\t\t\t\t\t\n\t\t\t\t\t\t\t\t\t\t<a href=\"https:\/\/acoteq.com\/de\/ersatzteile\/mechanische-teile\/lager\/lagerzubehoer\/spannhuelsen\/\">\n\t\t\t\t\t\t\t\t\t\t\tKategorie ansehen&nbsp;<i class=\"fas fa-arrow-right\"><\/i>\n\t\t\t\t\t\t\t\t\t\t<\/a>\t\t\t\t\t\t\t\t\t\t\n\n\t\t\t\t\t\t\t\t\t\t\t\t\t\n\n\t\t\t\t\t\t\t\t<\/div>\t\t\t\t\t\t\t\t\t\t\t\t\t\t\t\n\n\t\t\t\t\t\t\t<\/div>\n\n\t\t\t\t\t\t<\/div>\n\n\t\t\t\t\t<\/div>\n\n\t\t\t\t\n\t\t\t\t\t<div class=\"col-lg-4 col-md-6 card_single\">\n\n\t\t\t\t\t\t\n\t\t\t\t\t\t<div class=\"card_inner\">\n\n\t\t\t\t\t\t\t\t\t\t\t\t\t\t\t<a href=\"https:\/\/acoteq.com\/de\/ersatzteile\/mechanische-teile\/lager\/lagerzubehoer\/sicherungsmuttern\/\">\n\t\t\t\t\t\t\t\t\t<img decoding=\"async\" width=\"640\" height=\"427\" src=\"https:\/\/acoteq.com\/wp-content\/uploads\/2026\/03\/4.2.2-Lock-Nuts-1024x683.png\" class=\"attachment-large size-large wp-post-image\" alt=\"Category image\" loading=\"lazy\" srcset=\"https:\/\/acoteq.com\/wp-content\/uploads\/2026\/03\/4.2.2-Lock-Nuts-1024x683.png 1024w, https:\/\/acoteq.com\/wp-content\/uploads\/2026\/03\/4.2.2-Lock-Nuts-300x200.png 300w, https:\/\/acoteq.com\/wp-content\/uploads\/2026\/03\/4.2.2-Lock-Nuts-768x512.png 768w, https:\/\/acoteq.com\/wp-content\/uploads\/2026\/03\/4.2.2-Lock-Nuts.png 1536w\" sizes=\"auto, (max-width: 640px) 100vw, 640px\" \/>\t\t\t\t\t\t\t\t<\/a>\n\t\t\t\t\t\t\t\t\n\n\t\t\t\t\t\t\t<div class=\"card_information\">\t\n\n\t\t\t\t\t\t\t\t<div>\n\n\t\t\t\t\t\t\t\t\t<h3>\n\t\t\t\t\t\t\t\t\t\t<a href=\"https:\/\/acoteq.com\/de\/ersatzteile\/mechanische-teile\/lager\/lagerzubehoer\/sicherungsmuttern\/\">\n\t\t\t\t\t\t\t\t\t\t\t<b>Sicherungsmuttern<\/b>\t\t\t\t\t\t\t\t\t\t\t\n\t\t\t\t\t\t\t\t\t\t<\/a>\n\t\t\t\t\t\t\t\t\t<\/h3>\n\n\t\t\t\t\t\t\t\t\t\t\t\n\n\t\t\t\t\t\t\t\t<\/div>\t\n\n\t\t\t\t\t\t\t\t<div class=\"cards_linkwrap\">\n\n\t\t\t\t\t\t\t\t\t\t\t\t\t\t\t\t\t\t\t\n\t\t\t\t\t\t\t\t\t\t<a href=\"https:\/\/acoteq.com\/de\/ersatzteile\/mechanische-teile\/lager\/lagerzubehoer\/sicherungsmuttern\/\">\n\t\t\t\t\t\t\t\t\t\t\tKategorie ansehen&nbsp;<i class=\"fas fa-arrow-right\"><\/i>\n\t\t\t\t\t\t\t\t\t\t<\/a>\t\t\t\t\t\t\t\t\t\t\n\n\t\t\t\t\t\t\t\t\t\t\t\t\t\n\n\t\t\t\t\t\t\t\t<\/div>\t\t\t\t\t\t\t\t\t\t\t\t\t\t\t\n\n\t\t\t\t\t\t\t<\/div>\n\n\t\t\t\t\t\t<\/div>\n\n\t\t\t\t\t<\/div>\n\n\t\t\t\t\n\t\t\t\t\t<div class=\"col-lg-4 col-md-6 card_single\">\n\n\t\t\t\t\t\t\n\t\t\t\t\t\t<div class=\"card_inner\">\n\n\t\t\t\t\t\t\t\t\t\t\t\t\t\t\t<a href=\"https:\/\/acoteq.com\/de\/ersatzteile\/mechanische-teile\/lager\/lagerzubehoer\/feststellringe\/\">\n\t\t\t\t\t\t\t\t\t<img decoding=\"async\" width=\"640\" height=\"427\" src=\"https:\/\/acoteq.com\/wp-content\/uploads\/2026\/03\/4.1.2-Fixed-Rings-1024x683.png\" class=\"attachment-large size-large wp-post-image\" alt=\"Category image\" loading=\"lazy\" srcset=\"https:\/\/acoteq.com\/wp-content\/uploads\/2026\/03\/4.1.2-Fixed-Rings-1024x683.png 1024w, https:\/\/acoteq.com\/wp-content\/uploads\/2026\/03\/4.1.2-Fixed-Rings-300x200.png 300w, https:\/\/acoteq.com\/wp-content\/uploads\/2026\/03\/4.1.2-Fixed-Rings-768x512.png 768w, https:\/\/acoteq.com\/wp-content\/uploads\/2026\/03\/4.1.2-Fixed-Rings.png 1536w\" sizes=\"auto, (max-width: 640px) 100vw, 640px\" \/>\t\t\t\t\t\t\t\t<\/a>\n\t\t\t\t\t\t\t\t\n\n\t\t\t\t\t\t\t<div class=\"card_information\">\t\n\n\t\t\t\t\t\t\t\t<div>\n\n\t\t\t\t\t\t\t\t\t<h3>\n\t\t\t\t\t\t\t\t\t\t<a href=\"https:\/\/acoteq.com\/de\/ersatzteile\/mechanische-teile\/lager\/lagerzubehoer\/feststellringe\/\">\n\t\t\t\t\t\t\t\t\t\t\t<b>Feststellringe<\/b>\t\t\t\t\t\t\t\t\t\t\t\n\t\t\t\t\t\t\t\t\t\t<\/a>\n\t\t\t\t\t\t\t\t\t<\/h3>\n\n\t\t\t\t\t\t\t\t\t\t\t\n\n\t\t\t\t\t\t\t\t<\/div>\t\n\n\t\t\t\t\t\t\t\t<div class=\"cards_linkwrap\">\n\n\t\t\t\t\t\t\t\t\t\t\t\t\t\t\t\t\t\t\t\n\t\t\t\t\t\t\t\t\t\t<a href=\"https:\/\/acoteq.com\/de\/ersatzteile\/mechanische-teile\/lager\/lagerzubehoer\/feststellringe\/\">\n\t\t\t\t\t\t\t\t\t\t\tKategorie ansehen&nbsp;<i class=\"fas fa-arrow-right\"><\/i>\n\t\t\t\t\t\t\t\t\t\t<\/a>\t\t\t\t\t\t\t\t\t\t\n\n\t\t\t\t\t\t\t\t\t\t\t\t\t\n\n\t\t\t\t\t\t\t\t<\/div>\t\t\t\t\t\t\t\t\t\t\t\t\t\t\t\n\n\t\t\t\t\t\t\t<\/div>\n\n\t\t\t\t\t\t<\/div>\n\n\t\t\t\t\t<\/div>\n\n\t\t\t\t\t\t\t\n\n\t\t\t\t\t\t\n\n\t\t<\/div>\n\n\t<\/div>\n\n<\/section>\n<\/div><\/div>\n\n\n\n<div class=\"wp-block-group has-white-color has-text-color has-background has-link-color wp-elements-3f6f1226c88675b8c197595c75e952e5\" style=\"background-color:#051c3c\"><div class=\"wp-block-group__inner-container is-layout-constrained wp-block-group-is-layout-constrained\"><section class=\"process\">\n\t\n\t<div class=\"container\">\n\n\t\t<div class=\"row\">\n\n\t\t\t<div class=\"col-lg-4\">\n\n\t\t\t\t<section class=\"headline\">\n\t\t\t\t\t\n\t\t\t\t\t<div class=\"container\">\n\n\t\t\t\t\t\t<div class=\"row\">\n\n\t\t\t\t\t\t\t<div class=\"col-lg-12 p-0\">\n\n\t\t\t\t\t\t\t\t<div class=\"headline_wrapper\">\n\n\t\t\t\t\t\t\t\t\t<h2><em>So funktioniert es<\/em><strong> einfach <\/strong><strong><span style=\"color: #c7d300;\">Angebot anfordern<\/span><\/strong><\/h2>\n\n\t\t\t\t\t\t\t\t<\/div>\n\n\t\t\t\t\t\t\t<\/div>\n\n\t\t\t\t\t\t<\/div>\n\n\t\t\t\t\t<\/div>\n\n\t\t\t\t<\/section>\t\t\t\t\n\n\t\t\t<\/div>\n\n\t\t\t<div class=\"col-lg-8 process_steps\">\n\n\t\t\t\t<div class=\"process_steps_inner\">\n\n\t\t\t\t\t\n\t\t\t\t\t\t\t<div class=\"step_single\">\n\n\t\t\t\t\t\t\t\t<div class=\"step_icon\">\n\n\t\t\t\t\t\t\t\t\t<img decoding=\"async\" src=\"https:\/\/acoteq.com\/wp-content\/uploads\/2026\/02\/icons8_document.svg\" alt=\"\">\n\n\t\t\t\t\t\t\t\t<\/div>\n\n\t\t\t\t\t\t\t\t<div class=\"step_information\">\n\n\t\t\t\t\t\t\t\t\t<strong>1. TEIL IDENTIFIZIEREN<\/strong>\n\n\t\t\t\t\t\t\t\t\t<span>Herstellerangaben, Teilenummer oder ein Foto. Das ist alles, was wir brauchen.<\/span>\n\n\t\t\t\t\t\t\t\t<\/div>\t\t\t\t\t\t\n\n\t\t\t\t\t\t\t<\/div>\n\n\t\t\t\t\t\t\n\t\t\t\t\t\t\t<div class=\"step_single\">\n\n\t\t\t\t\t\t\t\t<div class=\"step_icon\">\n\n\t\t\t\t\t\t\t\t\t<img decoding=\"async\" src=\"https:\/\/acoteq.com\/wp-content\/uploads\/2026\/02\/Vector.svg\" alt=\"\">\n\n\t\t\t\t\t\t\t\t<\/div>\n\n\t\t\t\t\t\t\t\t<div class=\"step_information\">\n\n\t\t\t\t\t\t\t\t\t<strong>2. ANFRAGE SENDEN<\/strong>\n\n\t\t\t\t\t\t\t\t\t<span>Senden Sie die Details \u00fcber unser Kontaktformular, per E-Mail, Teams oder WhatsApp.<\/span>\n\n\t\t\t\t\t\t\t\t<\/div>\t\t\t\t\t\t\n\n\t\t\t\t\t\t\t<\/div>\n\n\t\t\t\t\t\t\n\t\t\t\t\t\t\t<div class=\"step_single\">\n\n\t\t\t\t\t\t\t\t<div class=\"step_icon\">\n\n\t\t\t\t\t\t\t\t\t<img decoding=\"async\" src=\"https:\/\/acoteq.com\/wp-content\/uploads\/2026\/02\/gg_check-o.svg\" alt=\"\">\n\n\t\t\t\t\t\t\t\t<\/div>\n\n\t\t\t\t\t\t\t\t<div class=\"step_information\">\n\n\t\t\t\t\t\t\t\t\t<strong>3. ANGEBOT ERHALTEN<\/strong>\n\n\t\t\t\t\t\t\t\t\t<span>Wir senden Ihnen ein Angebot, so schnell wie unser Liefernetzwerk es zul\u00e4sst.<\/span>\n\n\t\t\t\t\t\t\t\t<\/div>\t\t\t\t\t\t\n\n\t\t\t\t\t\t\t<\/div>\n\n\t\t\t\t\t\t\t\t\t\t\t\n\n\t\t\t\t<\/div>\n\n\t\t\t<\/div>\n\n\t\t<\/div>\n\n\t<\/div>\n\n<\/section><\/div><\/div>\n\n\n\n<div class=\"wp-block-group has-white-background-color has-text-color has-background has-link-color wp-elements-d45fc0507580db14a5235dc0dd146379\" style=\"color:#0e3770\"><div class=\"wp-block-group__inner-container is-layout-constrained wp-block-group-is-layout-constrained\"><section class=\"headline align-left \">\n\t\n\t<div class=\"container\">\n\n\t\t<div class=\"row\">\n\n\t\t\t<div class=\"col-lg-12\">\n\n\t\t\t\t<div class=\"headline_wrapper\">\n\n\t\t\t\t\t<h1><strong>Welches Lagerzubeh\u00f6r <\/strong>bieten Sie an?<\/h1>\n\n\t\t\t\t\t\n\t\t\t\t<\/div>\n\n\t\t\t<\/div>\n\n\t\t<\/div>\n\n\t<\/div>\n\n<\/section>\n\n\n<div style=\"height:15px\" aria-hidden=\"true\" class=\"wp-block-spacer\"><\/div>\n\n\n\n<div class=\"wp-block-columns is-layout-flex wp-container-core-columns-is-layout-9d6595d7 wp-block-columns-is-layout-flex\">\n<div class=\"wp-block-column is-layout-flow wp-block-column-is-layout-flow\"><section class=\"text \">\n\t\n\t<div class=\"container\">\n\n\t\t<div class=\"row\">\n\n\t\t\t<div class=\"col-lg-12\">\n\n\t\t\t\t<p data-start=\"0\" data-end=\"748\"><strong>Lagerzubeh\u00f6r<\/strong> sind entscheidende Komponenten, die die korrekte Montage, Positionierung, Schmierung und langfristige Leistung von Lagersystemen in industriellen Anwendungen sicherstellen. W\u00e4hrend Lager die Last tragen und Rotation erm\u00f6glichen, sorgen Zubeh\u00f6rteile wie Spannh\u00fclsen, Abziehh\u00fclsen, Nutmuttern, Sicherungsbleche, Geh\u00e4use, Dichtungen und Schmierungskomponenten f\u00fcr die Stabilit\u00e4t und den Schutz, die f\u00fcr einen sicheren und effizienten Betrieb erforderlich sind. Eingesetzt in Elektromotoren, F\u00f6rderanlagen, Pumpen, L\u00fcftern, Getrieben und schweren Verarbeitungsanlagen hilft Lagerzubeh\u00f6r dabei, die Lebensdauer zu verl\u00e4ngern, Installationsfehler zu reduzieren und Wartungsverfahren in einer Vielzahl von Branchen zu vereinfachen, darunter Bergbau, Energie, Materialtransport, Lebensmittelverarbeitung und Automatisierung.<\/p>\n<p data-start=\"750\" data-end=\"1545\">Bei <strong>ACOTEQ<\/strong> bieten wir ein umfassendes Sortiment an <strong>Original- und kompatiblem Lagerzubeh\u00f6r<\/strong> von f\u00fchrenden globalen Herstellern wie <strong>SKF, FAG, NSK, NTN<\/strong> und <strong>INA<\/strong>. Unser Portfolio umfasst Spann- und Abziehh\u00fclsen f\u00fcr Lager mit kegeliger Bohrung, Pr\u00e4zisions-Nutmuttern und Sicherungsvorrichtungen, Lagergeh\u00e4use (Stehlager- und Flanschausf\u00fchrungen), Dichtungsl\u00f6sungen, Enddeckel, Stellringe und Schmierungszubeh\u00f6r. Alle Produkte sind weltweit lieferbar, und unser technisches Team unterst\u00fctzt Sie gerne bei der Auswahl, Kompatibilit\u00e4tspr\u00fcfung und bei marken\u00fcbergreifenden Ersatzl\u00f6sungen sowohl f\u00fcr Neuanlagen als auch f\u00fcr Retrofit-Projekte.<\/p>\n<p data-start=\"1547\" data-end=\"2177\">Die Auswahl des richtigen Lagerzubeh\u00f6rs ist entscheidend, um eine korrekte Lastverteilung, eine sichere Wellenmontage und eine zuverl\u00e4ssige Abdichtung gegen Verunreinigungen zu gew\u00e4hrleisten. Unsere Ingenieure unterst\u00fctzen Sie bei der Auswahl von Komponenten anhand von Wellendurchmesser, Geh\u00e4usetyp, Lastbedingungen, Betriebstemperatur, Umwelteinfl\u00fcssen und Wartungsstrategie. Ob Sie robuste Geh\u00e4use f\u00fcr raue Bergbauumgebungen, korrosionsbest\u00e4ndiges Zubeh\u00f6r f\u00fcr Washdown-Anwendungen oder pr\u00e4zise Sicherungsl\u00f6sungen f\u00fcr Hochgeschwindigkeitsanlagen ben\u00f6tigen \u2013 wir liefern technisch gepr\u00fcfte und anwendungsgerechte L\u00f6sungen mit vollst\u00e4ndiger Dokumentation und globalem Support.<\/p>\n<p data-start=\"2179\" data-end=\"2559\">Wir bieten au\u00dferdem Unterst\u00fctzung bei der <strong>Identifizierung von Teilenummern, Querverweisen<\/strong> und <strong>ma\u00dflich kompatiblen Ersatzl\u00f6sungen<\/strong> marken\u00fcbergreifend. Unsere Produkte werden sowohl in der OEM-Fertigung als auch in der industriellen Instandhaltung eingesetzt, und jedes Lager wird nach strengen Qualit\u00e4tsstandards f\u00fcr langfristige Zuverl\u00e4ssigkeit gefertigt.<\/p>\n<p>Alle Artikel in unserem Lagerzubeh\u00f6r sind f\u00fcr eine schnelle weltweite Lieferung verf\u00fcgbar \u2013 mit industrieller Verf\u00fcgbarkeit und reaktionsschnellem Service. Wir arbeiten mit Ingenieuren, Wartungsteams, Einkaufsspezialisten und Systemintegratoren zusammen, um eine nahtlose Beschaffung und Integration in bestehende Systeme sicherzustellen.<\/p>\n<p>Wenn Sie nach einer verl\u00e4sslichen Quelle f\u00fcr hochwertiges Lagerzubeh\u00f6r suchen, entdecken Sie unseren Online-Katalog oder kontaktieren Sie uns direkt mit Ihren Anwendungsanforderungen.<\/p>\n<p><strong>Fordern Sie noch heute ein Angebot an<\/strong> und entdecken Sie, warum Unternehmen weltweit auf ACOTEQ f\u00fcr Pr\u00e4zisionslager, technische Expertise und skalierbare Lieferf\u00e4higkeit vertrauen.<\/p>\n\n\t\t\t<\/div>\n\n\t\t<\/div>\n\n\t<\/div>\n\n<\/section><\/div>\n\n\n\n<div class=\"wp-block-column is-layout-flow wp-block-column-is-layout-flow\"><div class=\"container\">\n\n\t<div class=\"row\">\n\n\t\t<div class=\"col-lg-12\">\n\n\t\t\t<div class=\"imagewrap\">\n\n\t\t\t\t<img decoding=\"async\" src=\"https:\/\/acoteq.com\/wp-content\/uploads\/2026\/03\/bearing-accessories-e1773672676377.png\" alt=\"\">\n\n\t\t\t\t\n\t\t\t<\/div>\n\n\t\t<\/div>\n\n\t<\/div>\n\n<\/div><\/div>\n<\/div>\n<\/div><\/div>\n","protected":false},"excerpt":{"rendered":"","protected":false},"author":1,"featured_media":3764,"parent":4162,"menu_order":0,"comment_status":"closed","ping_status":"closed","template":"","meta":{"_acf_changed":false,"footnotes":""},"class_list":["post-3763","page","type-page","status-publish","has-post-thumbnail","hentry"],"acf":[],"yoast_head":"<!-- This site is optimized with the Yoast SEO plugin v27.4 - https:\/\/yoast.com\/product\/yoast-seo-wordpress\/ -->\n<title>Lagerzubeh\u00f6r | Mechanische Ersatzteile | ACOTEQ<\/title>\n<meta name=\"description\" content=\"Bearings accessories including sleeves, lock nuts, and retaining rings. Compatible with SKF, FAG, NSK. Worldwide shipping.\" \/>\n<meta name=\"robots\" content=\"index, follow, max-snippet:-1, max-image-preview:large, max-video-preview:-1\" \/>\n<link rel=\"canonical\" href=\"https:\/\/acoteq.com\/de\/ersatzteile\/mechanische-teile\/lager\/lagerzubehoer\/\" \/>\n<meta property=\"og:locale\" content=\"de_DE\" \/>\n<meta property=\"og:type\" content=\"article\" \/>\n<meta property=\"og:title\" content=\"Lagerzubeh\u00f6r | Mechanische Ersatzteile | ACOTEQ\" \/>\n<meta property=\"og:description\" content=\"Bearings accessories including sleeves, lock nuts, and retaining rings. Compatible with SKF, FAG, NSK. Worldwide shipping.\" \/>\n<meta property=\"og:url\" content=\"https:\/\/acoteq.com\/de\/ersatzteile\/mechanische-teile\/lager\/lagerzubehoer\/\" \/>\n<meta property=\"og:site_name\" content=\"ACOTEQ\" \/>\n<meta property=\"article:modified_time\" content=\"2026-03-16T14:55:29+00:00\" \/>\n<meta property=\"og:image\" content=\"https:\/\/acoteq.com\/wp-content\/uploads\/2026\/02\/4-Bearing-Accessories-4-e1756284071944.png.webp\" \/>\n\t<meta property=\"og:image:width\" content=\"1460\" \/>\n\t<meta property=\"og:image:height\" content=\"1024\" \/>\n\t<meta property=\"og:image:type\" content=\"image\/webp\" \/>\n<meta name=\"twitter:card\" content=\"summary_large_image\" \/>\n<meta name=\"twitter:label1\" content=\"Gesch\u00e4tzte Lesezeit\" \/>\n\t<meta name=\"twitter:data1\" content=\"1\u00a0Minute\" \/>\n<script type=\"application\/ld+json\" class=\"yoast-schema-graph\">{\"@context\":\"https:\\\/\\\/schema.org\",\"@graph\":[{\"@type\":\"WebPage\",\"@id\":\"https:\\\/\\\/acoteq.com\\\/de\\\/ersatzteile\\\/mechanische-teile\\\/lager\\\/lagerzubehoer\\\/\",\"url\":\"https:\\\/\\\/acoteq.com\\\/de\\\/ersatzteile\\\/mechanische-teile\\\/lager\\\/lagerzubehoer\\\/\",\"name\":\"Lagerzubeh\u00f6r | Mechanische Ersatzteile | ACOTEQ\",\"isPartOf\":{\"@id\":\"https:\\\/\\\/acoteq.com\\\/de\\\/#website\"},\"primaryImageOfPage\":{\"@id\":\"https:\\\/\\\/acoteq.com\\\/de\\\/ersatzteile\\\/mechanische-teile\\\/lager\\\/lagerzubehoer\\\/#primaryimage\"},\"image\":{\"@id\":\"https:\\\/\\\/acoteq.com\\\/de\\\/ersatzteile\\\/mechanische-teile\\\/lager\\\/lagerzubehoer\\\/#primaryimage\"},\"thumbnailUrl\":\"https:\\\/\\\/acoteq.com\\\/wp-content\\\/uploads\\\/2026\\\/02\\\/4-Bearing-Accessories-4-e1756284071944.png.webp\",\"datePublished\":\"2026-02-12T12:57:01+00:00\",\"dateModified\":\"2026-03-16T14:55:29+00:00\",\"description\":\"Bearings accessories including sleeves, lock nuts, and retaining rings. Compatible with SKF, FAG, NSK. Worldwide shipping.\",\"breadcrumb\":{\"@id\":\"https:\\\/\\\/acoteq.com\\\/de\\\/ersatzteile\\\/mechanische-teile\\\/lager\\\/lagerzubehoer\\\/#breadcrumb\"},\"inLanguage\":\"de\",\"potentialAction\":[{\"@type\":\"ReadAction\",\"target\":[\"https:\\\/\\\/acoteq.com\\\/de\\\/ersatzteile\\\/mechanische-teile\\\/lager\\\/lagerzubehoer\\\/\"]}]},{\"@type\":\"ImageObject\",\"inLanguage\":\"de\",\"@id\":\"https:\\\/\\\/acoteq.com\\\/de\\\/ersatzteile\\\/mechanische-teile\\\/lager\\\/lagerzubehoer\\\/#primaryimage\",\"url\":\"https:\\\/\\\/acoteq.com\\\/wp-content\\\/uploads\\\/2026\\\/02\\\/4-Bearing-Accessories-4-e1756284071944.png.webp\",\"contentUrl\":\"https:\\\/\\\/acoteq.com\\\/wp-content\\\/uploads\\\/2026\\\/02\\\/4-Bearing-Accessories-4-e1756284071944.png.webp\",\"width\":1460,\"height\":1024},{\"@type\":\"BreadcrumbList\",\"@id\":\"https:\\\/\\\/acoteq.com\\\/de\\\/ersatzteile\\\/mechanische-teile\\\/lager\\\/lagerzubehoer\\\/#breadcrumb\",\"itemListElement\":[{\"@type\":\"ListItem\",\"position\":1,\"name\":\"Home\",\"item\":\"https:\\\/\\\/acoteq.com\\\/de\\\/\"},{\"@type\":\"ListItem\",\"position\":2,\"name\":\"Ersatzteile\",\"item\":\"https:\\\/\\\/acoteq.com\\\/de\\\/ersatzteile\\\/\"},{\"@type\":\"ListItem\",\"position\":3,\"name\":\"Mechanische Teile\",\"item\":\"https:\\\/\\\/acoteq.com\\\/de\\\/ersatzteile\\\/mechanische-teile\\\/\"},{\"@type\":\"ListItem\",\"position\":4,\"name\":\"Lager\",\"item\":\"https:\\\/\\\/acoteq.com\\\/de\\\/ersatzteile\\\/mechanische-teile\\\/lager\\\/\"},{\"@type\":\"ListItem\",\"position\":5,\"name\":\"Lagerzubeh\u00f6r\"}]},{\"@type\":\"WebSite\",\"@id\":\"https:\\\/\\\/acoteq.com\\\/de\\\/#website\",\"url\":\"https:\\\/\\\/acoteq.com\\\/de\\\/\",\"name\":\"ACOTEQ\",\"description\":\"\",\"potentialAction\":[{\"@type\":\"SearchAction\",\"target\":{\"@type\":\"EntryPoint\",\"urlTemplate\":\"https:\\\/\\\/acoteq.com\\\/de\\\/?s={search_term_string}\"},\"query-input\":{\"@type\":\"PropertyValueSpecification\",\"valueRequired\":true,\"valueName\":\"search_term_string\"}}],\"inLanguage\":\"de\"}]}<\/script>\n<!-- \/ Yoast SEO plugin. -->","yoast_head_json":{"title":"Lagerzubeh\u00f6r | Mechanische Ersatzteile | ACOTEQ","description":"Bearings accessories including sleeves, lock nuts, and retaining rings. Compatible with SKF, FAG, NSK. Worldwide shipping.","robots":{"index":"index","follow":"follow","max-snippet":"max-snippet:-1","max-image-preview":"max-image-preview:large","max-video-preview":"max-video-preview:-1"},"canonical":"https:\/\/acoteq.com\/de\/ersatzteile\/mechanische-teile\/lager\/lagerzubehoer\/","og_locale":"de_DE","og_type":"article","og_title":"Lagerzubeh\u00f6r | Mechanische Ersatzteile | ACOTEQ","og_description":"Bearings accessories including sleeves, lock nuts, and retaining rings. Compatible with SKF, FAG, NSK. Worldwide shipping.","og_url":"https:\/\/acoteq.com\/de\/ersatzteile\/mechanische-teile\/lager\/lagerzubehoer\/","og_site_name":"ACOTEQ","article_modified_time":"2026-03-16T14:55:29+00:00","og_image":[{"width":1460,"height":1024,"url":"https:\/\/acoteq.com\/wp-content\/uploads\/2026\/02\/4-Bearing-Accessories-4-e1756284071944.png.webp","type":"image\/webp"}],"twitter_card":"summary_large_image","twitter_misc":{"Gesch\u00e4tzte Lesezeit":"1\u00a0Minute"},"schema":{"@context":"https:\/\/schema.org","@graph":[{"@type":"WebPage","@id":"https:\/\/acoteq.com\/de\/ersatzteile\/mechanische-teile\/lager\/lagerzubehoer\/","url":"https:\/\/acoteq.com\/de\/ersatzteile\/mechanische-teile\/lager\/lagerzubehoer\/","name":"Lagerzubeh\u00f6r | Mechanische Ersatzteile | ACOTEQ","isPartOf":{"@id":"https:\/\/acoteq.com\/de\/#website"},"primaryImageOfPage":{"@id":"https:\/\/acoteq.com\/de\/ersatzteile\/mechanische-teile\/lager\/lagerzubehoer\/#primaryimage"},"image":{"@id":"https:\/\/acoteq.com\/de\/ersatzteile\/mechanische-teile\/lager\/lagerzubehoer\/#primaryimage"},"thumbnailUrl":"https:\/\/acoteq.com\/wp-content\/uploads\/2026\/02\/4-Bearing-Accessories-4-e1756284071944.png.webp","datePublished":"2026-02-12T12:57:01+00:00","dateModified":"2026-03-16T14:55:29+00:00","description":"Bearings accessories including sleeves, lock nuts, and retaining rings. Compatible with SKF, FAG, NSK. Worldwide shipping.","breadcrumb":{"@id":"https:\/\/acoteq.com\/de\/ersatzteile\/mechanische-teile\/lager\/lagerzubehoer\/#breadcrumb"},"inLanguage":"de","potentialAction":[{"@type":"ReadAction","target":["https:\/\/acoteq.com\/de\/ersatzteile\/mechanische-teile\/lager\/lagerzubehoer\/"]}]},{"@type":"ImageObject","inLanguage":"de","@id":"https:\/\/acoteq.com\/de\/ersatzteile\/mechanische-teile\/lager\/lagerzubehoer\/#primaryimage","url":"https:\/\/acoteq.com\/wp-content\/uploads\/2026\/02\/4-Bearing-Accessories-4-e1756284071944.png.webp","contentUrl":"https:\/\/acoteq.com\/wp-content\/uploads\/2026\/02\/4-Bearing-Accessories-4-e1756284071944.png.webp","width":1460,"height":1024},{"@type":"BreadcrumbList","@id":"https:\/\/acoteq.com\/de\/ersatzteile\/mechanische-teile\/lager\/lagerzubehoer\/#breadcrumb","itemListElement":[{"@type":"ListItem","position":1,"name":"Home","item":"https:\/\/acoteq.com\/de\/"},{"@type":"ListItem","position":2,"name":"Ersatzteile","item":"https:\/\/acoteq.com\/de\/ersatzteile\/"},{"@type":"ListItem","position":3,"name":"Mechanische Teile","item":"https:\/\/acoteq.com\/de\/ersatzteile\/mechanische-teile\/"},{"@type":"ListItem","position":4,"name":"Lager","item":"https:\/\/acoteq.com\/de\/ersatzteile\/mechanische-teile\/lager\/"},{"@type":"ListItem","position":5,"name":"Lagerzubeh\u00f6r"}]},{"@type":"WebSite","@id":"https:\/\/acoteq.com\/de\/#website","url":"https:\/\/acoteq.com\/de\/","name":"ACOTEQ","description":"","potentialAction":[{"@type":"SearchAction","target":{"@type":"EntryPoint","urlTemplate":"https:\/\/acoteq.com\/de\/?s={search_term_string}"},"query-input":{"@type":"PropertyValueSpecification","valueRequired":true,"valueName":"search_term_string"}}],"inLanguage":"de"}]}},"_links":{"self":[{"href":"https:\/\/acoteq.com\/de\/wp-json\/wp\/v2\/pages\/3763","targetHints":{"allow":["GET"]}}],"collection":[{"href":"https:\/\/acoteq.com\/de\/wp-json\/wp\/v2\/pages"}],"about":[{"href":"https:\/\/acoteq.com\/de\/wp-json\/wp\/v2\/types\/page"}],"author":[{"embeddable":true,"href":"https:\/\/acoteq.com\/de\/wp-json\/wp\/v2\/users\/1"}],"replies":[{"embeddable":true,"href":"https:\/\/acoteq.com\/de\/wp-json\/wp\/v2\/comments?post=3763"}],"version-history":[{"count":5,"href":"https:\/\/acoteq.com\/de\/wp-json\/wp\/v2\/pages\/3763\/revisions"}],"predecessor-version":[{"id":8937,"href":"https:\/\/acoteq.com\/de\/wp-json\/wp\/v2\/pages\/3763\/revisions\/8937"}],"up":[{"embeddable":true,"href":"https:\/\/acoteq.com\/de\/wp-json\/wp\/v2\/pages\/4162"}],"wp:featuredmedia":[{"embeddable":true,"href":"https:\/\/acoteq.com\/de\/wp-json\/wp\/v2\/media\/3764"}],"wp:attachment":[{"href":"https:\/\/acoteq.com\/de\/wp-json\/wp\/v2\/media?parent=3763"}],"curies":[{"name":"wp","href":"https:\/\/api.w.org\/{rel}","templated":true}]}}