{"id":3847,"date":"2026-02-12T13:47:41","date_gmt":"2026-02-12T12:47:41","guid":{"rendered":"https:\/\/acoteq.com\/hydraulic-cylinders\/"},"modified":"2026-03-17T11:43:15","modified_gmt":"2026-03-17T10:43:15","slug":"hydraulikzylinder","status":"publish","type":"page","link":"https:\/\/acoteq.com\/de\/ersatzteile\/hydraulische-teile\/hydraulikzylinder\/","title":{"rendered":"Hydraulikzylinder"},"content":{"rendered":"<section class=\"cta\">\n\t\n\t<div class=\"container\">\n\n\t\t<div class=\"row\">\n\n\t\t\t<div class=\"col-lg-12\">\n\n\t\t\t\t<div class=\"cta_inner\">\n\n\t\t\t\t\t<div>\n\n\t\t\t\t\t\t<span class=\"pre_headline\"><i class=\"fas fa-search\"><\/i>&nbsp;Experten f\u00fcr globale Beschaffung<\/span>\n\n\t\t\t\t\t\t<p><strong>Ersatzteil <em>nicht gefunden<\/em>?<\/strong><\/p>\n<p>Unser Online-Katalog zeigt nur 5 % unserer Lieferkapazit\u00e4ten.<br \/>\n<strong>Lassen Sie unsere Experten genau das finden, was Sie brauchen.<\/strong><\/p>\n\n\t\t\t\t\t<\/div>\n\n\t\t\t\t\t<div>\n\n\t\t\t\t\t\t\n\t\t\t\t\t\t\t<a class=\"button light\" href=\"#contact\" target=\"\">Angebot anfordern&nbsp;<i class=\"fas fa-arrow-right\"><\/i><\/a>\n\n\t\t\t\t\t\t\n\t\t\t\t\t<\/div>\n\n\t\t\t\t\t<i class=\"fas fa-times close_cta\"><\/i>\n\n\t\t\t\t<\/div>\n\n\t\t\t<\/div>\n\n\t\t<\/div>\n\n\t<\/div>\n\n<\/section>\n\n\n<div style=\"height:75px\" aria-hidden=\"true\" class=\"wp-block-spacer\"><\/div>\n\n\n<div class=\"yoast-breadcrumbs\"><span><span><a href=\"https:\/\/acoteq.com\/de\/\"><i class=\"fas fa-home\">Home<\/i><\/a><\/span> \/ <span><a href=\"https:\/\/acoteq.com\/de\/ersatzteile\/\">Ersatzteile<\/a><\/span> \/ <span><a href=\"https:\/\/acoteq.com\/de\/ersatzteile\/hydraulische-teile\/\">Hydraulische Teile<\/a><\/span> \/ <span class=\"breadcrumb_last\" aria-current=\"page\">Hydraulikzylinder<\/span><\/span><\/div>\n\n\n<div class=\"wp-block-group has-white-background-color has-text-color has-background has-link-color wp-elements-63950a2548dc8346df2e7b81dc136ddf\" style=\"color:#0e3770\"><div class=\"wp-block-group__inner-container is-layout-constrained wp-block-group-is-layout-constrained\"><section class=\"headline align-left \">\n\t\n\t<div class=\"container\">\n\n\t\t<div class=\"row\">\n\n\t\t\t<div class=\"col-lg-12\">\n\n\t\t\t\t<div class=\"headline_wrapper\">\n\n\t\t\t\t\t<h1><strong>Hydraulik-<\/strong>Zylinder<\/h1>\n\n\t\t\t\t\t\n\t\t\t\t<\/div>\n\n\t\t\t<\/div>\n\n\t\t<\/div>\n\n\t<\/div>\n\n<\/section>\n\n\n<div style=\"height:50px\" aria-hidden=\"true\" class=\"wp-block-spacer\"><\/div>\n\n\n<section class=\"cards\">\n\t\n\t<div class=\"container\">\n\n\t\t<div class=\"row\">\n\n\t\t\t\n\t\t\t\t\n\t\t\t\t\t<div class=\"col-lg-4 col-md-6 card_single\">\n\n\t\t\t\t\t\t\n\t\t\t\t\t\t<div class=\"card_inner\">\n\n\t\t\t\t\t\t\t\t\t\t\t\t\t\t\t<a href=\"https:\/\/acoteq.com\/de\/ersatzteile\/hydraulische-teile\/hydraulikzylinder\/kompaktzylinder\/\">\n\t\t\t\t\t\t\t\t\t<img decoding=\"async\" width=\"640\" height=\"446\" src=\"https:\/\/acoteq.com\/wp-content\/uploads\/2026\/02\/3-Compact-Cylinders-1-e1757419206634.png-e1771991871161-1024x713.webp\" class=\"attachment-large size-large wp-post-image\" alt=\"Category image\" loading=\"lazy\" srcset=\"https:\/\/acoteq.com\/wp-content\/uploads\/2026\/02\/3-Compact-Cylinders-1-e1757419206634.png-e1771991871161-1024x713.webp 1024w, https:\/\/acoteq.com\/wp-content\/uploads\/2026\/02\/3-Compact-Cylinders-1-e1757419206634.png-e1771991871161-300x209.webp 300w, https:\/\/acoteq.com\/wp-content\/uploads\/2026\/02\/3-Compact-Cylinders-1-e1757419206634.png-e1771991871161-768x535.webp 768w, https:\/\/acoteq.com\/wp-content\/uploads\/2026\/02\/3-Compact-Cylinders-1-e1757419206634.png-e1771991871161.webp 1307w\" sizes=\"auto, (max-width: 640px) 100vw, 640px\" \/>\t\t\t\t\t\t\t\t<\/a>\n\t\t\t\t\t\t\t\t\n\n\t\t\t\t\t\t\t<div class=\"card_information\">\t\n\n\t\t\t\t\t\t\t\t<div>\n\n\t\t\t\t\t\t\t\t\t<h3>\n\t\t\t\t\t\t\t\t\t\t<a href=\"https:\/\/acoteq.com\/de\/ersatzteile\/hydraulische-teile\/hydraulikzylinder\/kompaktzylinder\/\">\n\t\t\t\t\t\t\t\t\t\t\t<b>Kompaktzylinder<\/b>\t\t\t\t\t\t\t\t\t\t\t\n\t\t\t\t\t\t\t\t\t\t<\/a>\n\t\t\t\t\t\t\t\t\t<\/h3>\n\n\t\t\t\t\t\t\t\t\t\t\t\n\n\t\t\t\t\t\t\t\t<\/div>\t\n\n\t\t\t\t\t\t\t\t<div class=\"cards_linkwrap\">\n\n\t\t\t\t\t\t\t\t\t\t\t\t\t\t\t\t\t\t\t\n\t\t\t\t\t\t\t\t\t\t<a href=\"https:\/\/acoteq.com\/de\/ersatzteile\/hydraulische-teile\/hydraulikzylinder\/kompaktzylinder\/\">\n\t\t\t\t\t\t\t\t\t\t\tKategorie ansehen&nbsp;<i class=\"fas fa-arrow-right\"><\/i>\n\t\t\t\t\t\t\t\t\t\t<\/a>\t\t\t\t\t\t\t\t\t\t\n\n\t\t\t\t\t\t\t\t\t\t\t\t\t\n\n\t\t\t\t\t\t\t\t<\/div>\t\t\t\t\t\t\t\t\t\t\t\t\t\t\t\n\n\t\t\t\t\t\t\t<\/div>\n\n\t\t\t\t\t\t<\/div>\n\n\t\t\t\t\t<\/div>\n\n\t\t\t\t\n\t\t\t\t\t<div class=\"col-lg-4 col-md-6 card_single\">\n\n\t\t\t\t\t\t\n\t\t\t\t\t\t<div class=\"card_inner\">\n\n\t\t\t\t\t\t\t\t\t\t\t\t\t\t\t<a href=\"https:\/\/acoteq.com\/de\/ersatzteile\/hydraulische-teile\/hydraulikzylinder\/zugstangenzylinder\/\">\n\t\t\t\t\t\t\t\t\t<img decoding=\"async\" width=\"640\" height=\"444\" src=\"https:\/\/acoteq.com\/wp-content\/uploads\/2026\/02\/2-Tie-Rod-Cylinders-1-e1757419322472.png-1024x710.webp\" class=\"attachment-large size-large wp-post-image\" alt=\"Category image\" loading=\"lazy\" srcset=\"https:\/\/acoteq.com\/wp-content\/uploads\/2026\/02\/2-Tie-Rod-Cylinders-1-e1757419322472.png-1024x710.webp 1024w, https:\/\/acoteq.com\/wp-content\/uploads\/2026\/02\/2-Tie-Rod-Cylinders-1-e1757419322472.png-300x208.webp 300w, https:\/\/acoteq.com\/wp-content\/uploads\/2026\/02\/2-Tie-Rod-Cylinders-1-e1757419322472.png-768x532.webp 768w, https:\/\/acoteq.com\/wp-content\/uploads\/2026\/02\/2-Tie-Rod-Cylinders-1-e1757419322472.png.webp 1477w\" sizes=\"auto, (max-width: 640px) 100vw, 640px\" \/>\t\t\t\t\t\t\t\t<\/a>\n\t\t\t\t\t\t\t\t\n\n\t\t\t\t\t\t\t<div class=\"card_information\">\t\n\n\t\t\t\t\t\t\t\t<div>\n\n\t\t\t\t\t\t\t\t\t<h3>\n\t\t\t\t\t\t\t\t\t\t<a href=\"https:\/\/acoteq.com\/de\/ersatzteile\/hydraulische-teile\/hydraulikzylinder\/zugstangenzylinder\/\">\n\t\t\t\t\t\t\t\t\t\t\t<b>Zugstangenzylinder<\/b>\t\t\t\t\t\t\t\t\t\t\t\n\t\t\t\t\t\t\t\t\t\t<\/a>\n\t\t\t\t\t\t\t\t\t<\/h3>\n\n\t\t\t\t\t\t\t\t\t\t\t\n\n\t\t\t\t\t\t\t\t<\/div>\t\n\n\t\t\t\t\t\t\t\t<div class=\"cards_linkwrap\">\n\n\t\t\t\t\t\t\t\t\t\t\t\t\t\t\t\t\t\t\t\n\t\t\t\t\t\t\t\t\t\t<a href=\"https:\/\/acoteq.com\/de\/ersatzteile\/hydraulische-teile\/hydraulikzylinder\/zugstangenzylinder\/\">\n\t\t\t\t\t\t\t\t\t\t\tKategorie ansehen&nbsp;<i class=\"fas fa-arrow-right\"><\/i>\n\t\t\t\t\t\t\t\t\t\t<\/a>\t\t\t\t\t\t\t\t\t\t\n\n\t\t\t\t\t\t\t\t\t\t\t\t\t\n\n\t\t\t\t\t\t\t\t<\/div>\t\t\t\t\t\t\t\t\t\t\t\t\t\t\t\n\n\t\t\t\t\t\t\t<\/div>\n\n\t\t\t\t\t\t<\/div>\n\n\t\t\t\t\t<\/div>\n\n\t\t\t\t\n\t\t\t\t\t<div class=\"col-lg-4 col-md-6 card_single\">\n\n\t\t\t\t\t\t\n\t\t\t\t\t\t<div class=\"card_inner\">\n\n\t\t\t\t\t\t\t\t\t\t\t\t\t\t\t<a href=\"https:\/\/acoteq.com\/de\/ersatzteile\/hydraulische-teile\/hydraulikzylinder\/geschweisste-zylinder-und-walzwerkszylinder\/\">\n\t\t\t\t\t\t\t\t\t<img decoding=\"async\" width=\"640\" height=\"426\" src=\"https:\/\/acoteq.com\/wp-content\/uploads\/2026\/02\/1-Welded-Mill-Type-Cylinders-1-e1757419259232.png-1024x681.webp\" class=\"attachment-large size-large wp-post-image\" alt=\"Category image\" loading=\"lazy\" srcset=\"https:\/\/acoteq.com\/wp-content\/uploads\/2026\/02\/1-Welded-Mill-Type-Cylinders-1-e1757419259232.png-1024x681.webp 1024w, https:\/\/acoteq.com\/wp-content\/uploads\/2026\/02\/1-Welded-Mill-Type-Cylinders-1-e1757419259232.png-300x199.webp 300w, https:\/\/acoteq.com\/wp-content\/uploads\/2026\/02\/1-Welded-Mill-Type-Cylinders-1-e1757419259232.png-768x511.webp 768w, https:\/\/acoteq.com\/wp-content\/uploads\/2026\/02\/1-Welded-Mill-Type-Cylinders-1-e1757419259232.png.webp 1444w\" sizes=\"auto, (max-width: 640px) 100vw, 640px\" \/>\t\t\t\t\t\t\t\t<\/a>\n\t\t\t\t\t\t\t\t\n\n\t\t\t\t\t\t\t<div class=\"card_information\">\t\n\n\t\t\t\t\t\t\t\t<div>\n\n\t\t\t\t\t\t\t\t\t<h3>\n\t\t\t\t\t\t\t\t\t\t<a href=\"https:\/\/acoteq.com\/de\/ersatzteile\/hydraulische-teile\/hydraulikzylinder\/geschweisste-zylinder-und-walzwerkszylinder\/\">\n\t\t\t\t\t\t\t\t\t\t\t<b>Geschwei\u00dfte<\/b> Zylinder und Walzwerkszylinder\t\t\t\t\t\t\t\t\t\t\t\n\t\t\t\t\t\t\t\t\t\t<\/a>\n\t\t\t\t\t\t\t\t\t<\/h3>\n\n\t\t\t\t\t\t\t\t\t\t\t\n\n\t\t\t\t\t\t\t\t<\/div>\t\n\n\t\t\t\t\t\t\t\t<div class=\"cards_linkwrap\">\n\n\t\t\t\t\t\t\t\t\t\t\t\t\t\t\t\t\t\t\t\n\t\t\t\t\t\t\t\t\t\t<a href=\"https:\/\/acoteq.com\/de\/ersatzteile\/hydraulische-teile\/hydraulikzylinder\/geschweisste-zylinder-und-walzwerkszylinder\/\">\n\t\t\t\t\t\t\t\t\t\t\tKategorie ansehen&nbsp;<i class=\"fas fa-arrow-right\"><\/i>\n\t\t\t\t\t\t\t\t\t\t<\/a>\t\t\t\t\t\t\t\t\t\t\n\n\t\t\t\t\t\t\t\t\t\t\t\t\t\n\n\t\t\t\t\t\t\t\t<\/div>\t\t\t\t\t\t\t\t\t\t\t\t\t\t\t\n\n\t\t\t\t\t\t\t<\/div>\n\n\t\t\t\t\t\t<\/div>\n\n\t\t\t\t\t<\/div>\n\n\t\t\t\t\n\t\t\t\t\t<div class=\"col-lg-4 col-md-6 card_single\">\n\n\t\t\t\t\t\t\n\t\t\t\t\t\t<div class=\"card_inner\">\n\n\t\t\t\t\t\t\t\t\t\t\t\t\t\t\t<a href=\"https:\/\/acoteq.com\/de\/ersatzteile\/hydraulische-teile\/hydraulikzylinder\/zylinderzubehoer\/\">\n\t\t\t\t\t\t\t\t\t<img decoding=\"async\" width=\"640\" height=\"456\" src=\"https:\/\/acoteq.com\/wp-content\/uploads\/2026\/02\/4-Cylinder-Accessories-1-e1757419072218.png-1024x730.webp\" class=\"attachment-large size-large wp-post-image\" alt=\"Category image\" loading=\"lazy\" srcset=\"https:\/\/acoteq.com\/wp-content\/uploads\/2026\/02\/4-Cylinder-Accessories-1-e1757419072218.png-1024x730.webp 1024w, https:\/\/acoteq.com\/wp-content\/uploads\/2026\/02\/4-Cylinder-Accessories-1-e1757419072218.png-300x214.webp 300w, https:\/\/acoteq.com\/wp-content\/uploads\/2026\/02\/4-Cylinder-Accessories-1-e1757419072218.png-768x548.webp 768w, https:\/\/acoteq.com\/wp-content\/uploads\/2026\/02\/4-Cylinder-Accessories-1-e1757419072218.png.webp 1436w\" sizes=\"auto, (max-width: 640px) 100vw, 640px\" \/>\t\t\t\t\t\t\t\t<\/a>\n\t\t\t\t\t\t\t\t\n\n\t\t\t\t\t\t\t<div class=\"card_information\">\t\n\n\t\t\t\t\t\t\t\t<div>\n\n\t\t\t\t\t\t\t\t\t<h3>\n\t\t\t\t\t\t\t\t\t\t<a href=\"https:\/\/acoteq.com\/de\/ersatzteile\/hydraulische-teile\/hydraulikzylinder\/zylinderzubehoer\/\">\n\t\t\t\t\t\t\t\t\t\t\t<b>Zylinderzubeh\u00f6r<\/b>\t\t\t\t\t\t\t\t\t\t\t\n\t\t\t\t\t\t\t\t\t\t<\/a>\n\t\t\t\t\t\t\t\t\t<\/h3>\n\n\t\t\t\t\t\t\t\t\t\t\t\n\n\t\t\t\t\t\t\t\t<\/div>\t\n\n\t\t\t\t\t\t\t\t<div class=\"cards_linkwrap\">\n\n\t\t\t\t\t\t\t\t\t\t\t\t\t\t\t\t\t\t\t\n\t\t\t\t\t\t\t\t\t\t<a href=\"https:\/\/acoteq.com\/de\/ersatzteile\/hydraulische-teile\/hydraulikzylinder\/zylinderzubehoer\/\">\n\t\t\t\t\t\t\t\t\t\t\tKategorie ansehen&nbsp;<i class=\"fas fa-arrow-right\"><\/i>\n\t\t\t\t\t\t\t\t\t\t<\/a>\t\t\t\t\t\t\t\t\t\t\n\n\t\t\t\t\t\t\t\t\t\t\t\t\t\n\n\t\t\t\t\t\t\t\t<\/div>\t\t\t\t\t\t\t\t\t\t\t\t\t\t\t\n\n\t\t\t\t\t\t\t<\/div>\n\n\t\t\t\t\t\t<\/div>\n\n\t\t\t\t\t<\/div>\n\n\t\t\t\t\t\t\t\n\n\t\t\t\t\t\t\n\n\t\t<\/div>\n\n\t<\/div>\n\n<\/section>\n<\/div><\/div>\n\n\n\n<div class=\"wp-block-group has-white-color has-text-color has-background has-link-color wp-elements-3f6f1226c88675b8c197595c75e952e5\" style=\"background-color:#051c3c\"><div class=\"wp-block-group__inner-container is-layout-constrained wp-block-group-is-layout-constrained\"><section class=\"process\">\n\t\n\t<div class=\"container\">\n\n\t\t<div class=\"row\">\n\n\t\t\t<div class=\"col-lg-4\">\n\n\t\t\t\t<section class=\"headline\">\n\t\t\t\t\t\n\t\t\t\t\t<div class=\"container\">\n\n\t\t\t\t\t\t<div class=\"row\">\n\n\t\t\t\t\t\t\t<div class=\"col-lg-12 p-0\">\n\n\t\t\t\t\t\t\t\t<div class=\"headline_wrapper\">\n\n\t\t\t\t\t\t\t\t\t<h2><em>So funktioniert es<\/em><strong> einfach <\/strong><strong><span style=\"color: #c7d300;\">Angebot anfordern<\/span><\/strong><\/h2>\n\n\t\t\t\t\t\t\t\t<\/div>\n\n\t\t\t\t\t\t\t<\/div>\n\n\t\t\t\t\t\t<\/div>\n\n\t\t\t\t\t<\/div>\n\n\t\t\t\t<\/section>\t\t\t\t\n\n\t\t\t<\/div>\n\n\t\t\t<div class=\"col-lg-8 process_steps\">\n\n\t\t\t\t<div class=\"process_steps_inner\">\n\n\t\t\t\t\t\n\t\t\t\t\t\t\t<div class=\"step_single\">\n\n\t\t\t\t\t\t\t\t<div class=\"step_icon\">\n\n\t\t\t\t\t\t\t\t\t<img decoding=\"async\" src=\"https:\/\/acoteq.com\/wp-content\/uploads\/2026\/02\/icons8_document.svg\" alt=\"\">\n\n\t\t\t\t\t\t\t\t<\/div>\n\n\t\t\t\t\t\t\t\t<div class=\"step_information\">\n\n\t\t\t\t\t\t\t\t\t<strong>1. TEIL IDENTIFIZIEREN<\/strong>\n\n\t\t\t\t\t\t\t\t\t<span>Herstellerangaben, Teilenummer oder ein Foto. Das ist alles, was wir brauchen.<\/span>\n\n\t\t\t\t\t\t\t\t<\/div>\t\t\t\t\t\t\n\n\t\t\t\t\t\t\t<\/div>\n\n\t\t\t\t\t\t\n\t\t\t\t\t\t\t<div class=\"step_single\">\n\n\t\t\t\t\t\t\t\t<div class=\"step_icon\">\n\n\t\t\t\t\t\t\t\t\t<img decoding=\"async\" src=\"https:\/\/acoteq.com\/wp-content\/uploads\/2026\/02\/Vector.svg\" alt=\"\">\n\n\t\t\t\t\t\t\t\t<\/div>\n\n\t\t\t\t\t\t\t\t<div class=\"step_information\">\n\n\t\t\t\t\t\t\t\t\t<strong>2. ANFRAGE SENDEN<\/strong>\n\n\t\t\t\t\t\t\t\t\t<span>Senden Sie die Details \u00fcber unser Kontaktformular, per E-Mail, Teams oder WhatsApp.<\/span>\n\n\t\t\t\t\t\t\t\t<\/div>\t\t\t\t\t\t\n\n\t\t\t\t\t\t\t<\/div>\n\n\t\t\t\t\t\t\n\t\t\t\t\t\t\t<div class=\"step_single\">\n\n\t\t\t\t\t\t\t\t<div class=\"step_icon\">\n\n\t\t\t\t\t\t\t\t\t<img decoding=\"async\" src=\"https:\/\/acoteq.com\/wp-content\/uploads\/2026\/02\/gg_check-o.svg\" alt=\"\">\n\n\t\t\t\t\t\t\t\t<\/div>\n\n\t\t\t\t\t\t\t\t<div class=\"step_information\">\n\n\t\t\t\t\t\t\t\t\t<strong>3. ANGEBOT ERHALTEN<\/strong>\n\n\t\t\t\t\t\t\t\t\t<span>Wir senden Ihnen ein Angebot, so schnell wie unser Liefernetzwerk es zul\u00e4sst.<\/span>\n\n\t\t\t\t\t\t\t\t<\/div>\t\t\t\t\t\t\n\n\t\t\t\t\t\t\t<\/div>\n\n\t\t\t\t\t\t\t\t\t\t\t\n\n\t\t\t\t<\/div>\n\n\t\t\t<\/div>\n\n\t\t<\/div>\n\n\t<\/div>\n\n<\/section><\/div><\/div>\n\n\n\n<div class=\"wp-block-group has-white-background-color has-text-color has-background has-link-color wp-elements-85e6b452ec7daec9f7db9b73a8ed496a\" style=\"color:#0e3770\"><div class=\"wp-block-group__inner-container is-layout-constrained wp-block-group-is-layout-constrained\"><section class=\"headline align-left \">\n\t\n\t<div class=\"container\">\n\n\t\t<div class=\"row\">\n\n\t\t\t<div class=\"col-lg-12\">\n\n\t\t\t\t<div class=\"headline_wrapper\">\n\n\t\t\t\t\t<h1><strong>Welche Hydraulikzylinder <\/strong>bieten Sie an?<\/h1>\n\n\t\t\t\t\t\n\t\t\t\t<\/div>\n\n\t\t\t<\/div>\n\n\t\t<\/div>\n\n\t<\/div>\n\n<\/section>\n\n\n<div style=\"height:15px\" aria-hidden=\"true\" class=\"wp-block-spacer\"><\/div>\n\n\n\n<div class=\"wp-block-columns is-layout-flex wp-container-core-columns-is-layout-9d6595d7 wp-block-columns-is-layout-flex\">\n<div class=\"wp-block-column is-layout-flow wp-block-column-is-layout-flow\"><section class=\"text \">\n\t\n\t<div class=\"container\">\n\n\t\t<div class=\"row\">\n\n\t\t\t<div class=\"col-lg-12\">\n\n\t\t\t\t<p><strong>Hydraulikzylinder<\/strong> sind wesentliche Aktuatoren in fluidtechnischen Systemen, die hydraulischen Druck in lineare Kraft und Bewegung umwandeln. Sie werden in Baumaschinen, Pressen, Bergbauausr\u00fcstungen und der industriellen Automatisierung eingesetzt und liefern die Leistung und Pr\u00e4zision, die f\u00fcr Schwerlastanwendungen erforderlich sind. Die richtige Auswahl gew\u00e4hrleistet Langlebigkeit, hohe Leistung und einen sicheren Betrieb unter extremen Lasten und Dr\u00fccken.<\/p>\n<p>Zu den wichtigsten Arten von <strong>Hydraulikzylindern<\/strong> geh\u00f6ren <strong>Zugstangenzylinder<\/strong>, die aufgrund ihrer Wartungsfreundlichkeit und standardisierten Abmessungen h\u00e4ufig in Industriemaschinen verwendet werden; <strong>geschwei\u00dfte Zylinder und Walzwerkszylinder<\/strong>, die f\u00fcr Hochdruck- und Schwerlastumgebungen ausgelegt sind; sowie <strong>kompakte Zylinder<\/strong>, die in Anwendungen mit begrenztem Bauraum eine zuverl\u00e4ssige Leistung bieten. <strong>Kundenspezifische Hydraulikzylinder<\/strong> k\u00f6nnen f\u00fcr besondere Anforderungen konstruiert werden, w\u00e4hrend <strong>Zylinderzubeh\u00f6r<\/strong> wie Gabelgelenkaufnahmen, Stangenaugen und Dichtungss\u00e4tze die korrekte Installation und Wartung unterst\u00fctzen.<\/p>\n<p>Wir liefern <strong>Hydraulikzylinder<\/strong>, die mit f\u00fchrenden Marken wie <strong>Bosch Rexroth, Parker, Eaton<\/strong> und <strong>Hydac<\/strong> kompatibel sind. Unser Angebot umfasst eine gro\u00dfe Bandbreite an Bohrungsgr\u00f6\u00dfen, Hubl\u00e4ngen, Befestigungskonfigurationen und Druckstufen. Materialien wie hochfester Stahl, hartverchromte Stangen und fortschrittliche Dichtungssysteme sorgen auch unter rauen Bedingungen f\u00fcr eine lange Lebensdauer.<\/p>\n<p>Zu den technischen Spezifikationen geh\u00f6ren <strong>maximale Betriebsdr\u00fccke, Kolbendurchmesser, Hubl\u00e4ngen, Befestigungsstandards (ISO, NFPA, DIN) und Dichtungstechnologien<\/strong>. Dies erm\u00f6glicht die pr\u00e4zise Auswahl von Zylindern, die f\u00fcr Anwendungen wie Pressen, Hebesysteme, mobile Hydraulik und automatisierte Produktionslinien geeignet sind.<\/p>\n<p>Entdecken Sie das komplette Sortiment an <strong>Hydraulikzylindern<\/strong>, um eine zuverl\u00e4ssige Krafterzeugung, reduzierte Ausfallzeiten und maximale Effizienz in industriellen Hydrauliksystemen zu erreichen.<\/p>\n\n\t\t\t<\/div>\n\n\t\t<\/div>\n\n\t<\/div>\n\n<\/section><\/div>\n\n\n\n<div class=\"wp-block-column is-layout-flow wp-block-column-is-layout-flow\"><div class=\"container\">\n\n\t<div class=\"row\">\n\n\t\t<div class=\"col-lg-12\">\n\n\t\t\t<div class=\"imagewrap\">\n\n\t\t\t\t<img decoding=\"async\" src=\"https:\/\/acoteq.com\/wp-content\/uploads\/2026\/03\/hydraulic-cylinders-e1773742828446.png\" alt=\"\">\n\n\t\t\t\t\n\t\t\t<\/div>\n\n\t\t<\/div>\n\n\t<\/div>\n\n<\/div><\/div>\n<\/div>\n<\/div><\/div>\n","protected":false},"excerpt":{"rendered":"","protected":false},"author":1,"featured_media":3848,"parent":4052,"menu_order":0,"comment_status":"closed","ping_status":"closed","template":"","meta":{"_acf_changed":false,"footnotes":""},"class_list":["post-3847","page","type-page","status-publish","has-post-thumbnail","hentry"],"acf":[],"yoast_head":"<!-- This site is optimized with the Yoast SEO plugin v27.4 - https:\/\/yoast.com\/product\/yoast-seo-wordpress\/ -->\n<title>Hydraulikzylinder | Hydraulische Ersatzteile | ACOTEQ<\/title>\n<meta name=\"description\" content=\"Hydraulic cylinders delivering precise force extended durability and reliable performance in demanding industrial applications.\" \/>\n<meta name=\"robots\" content=\"index, follow, max-snippet:-1, max-image-preview:large, max-video-preview:-1\" \/>\n<link rel=\"canonical\" href=\"https:\/\/acoteq.com\/de\/ersatzteile\/hydraulische-teile\/hydraulikzylinder\/\" \/>\n<meta property=\"og:locale\" content=\"de_DE\" \/>\n<meta property=\"og:type\" content=\"article\" \/>\n<meta property=\"og:title\" content=\"Hydraulikzylinder | Hydraulische Ersatzteile | ACOTEQ\" \/>\n<meta property=\"og:description\" content=\"Hydraulic cylinders delivering precise force extended durability and reliable performance in demanding industrial applications.\" \/>\n<meta property=\"og:url\" content=\"https:\/\/acoteq.com\/de\/ersatzteile\/hydraulische-teile\/hydraulikzylinder\/\" \/>\n<meta property=\"og:site_name\" content=\"ACOTEQ\" \/>\n<meta property=\"article:modified_time\" content=\"2026-03-17T10:43:15+00:00\" \/>\n<meta property=\"og:image\" content=\"https:\/\/acoteq.com\/wp-content\/uploads\/2026\/02\/0-Hydraulic-Cylinders.png.webp\" \/>\n\t<meta property=\"og:image:width\" content=\"1536\" \/>\n\t<meta property=\"og:image:height\" content=\"1024\" \/>\n\t<meta property=\"og:image:type\" content=\"image\/webp\" \/>\n<meta name=\"twitter:card\" content=\"summary_large_image\" \/>\n<meta name=\"twitter:label1\" content=\"Gesch\u00e4tzte Lesezeit\" \/>\n\t<meta name=\"twitter:data1\" content=\"1\u00a0Minute\" \/>\n<script type=\"application\/ld+json\" class=\"yoast-schema-graph\">{\"@context\":\"https:\\\/\\\/schema.org\",\"@graph\":[{\"@type\":\"WebPage\",\"@id\":\"https:\\\/\\\/acoteq.com\\\/de\\\/ersatzteile\\\/hydraulische-teile\\\/hydraulikzylinder\\\/\",\"url\":\"https:\\\/\\\/acoteq.com\\\/de\\\/ersatzteile\\\/hydraulische-teile\\\/hydraulikzylinder\\\/\",\"name\":\"Hydraulikzylinder | Hydraulische Ersatzteile | ACOTEQ\",\"isPartOf\":{\"@id\":\"https:\\\/\\\/acoteq.com\\\/de\\\/#website\"},\"primaryImageOfPage\":{\"@id\":\"https:\\\/\\\/acoteq.com\\\/de\\\/ersatzteile\\\/hydraulische-teile\\\/hydraulikzylinder\\\/#primaryimage\"},\"image\":{\"@id\":\"https:\\\/\\\/acoteq.com\\\/de\\\/ersatzteile\\\/hydraulische-teile\\\/hydraulikzylinder\\\/#primaryimage\"},\"thumbnailUrl\":\"https:\\\/\\\/acoteq.com\\\/wp-content\\\/uploads\\\/2026\\\/02\\\/0-Hydraulic-Cylinders.png.webp\",\"datePublished\":\"2026-02-12T12:47:41+00:00\",\"dateModified\":\"2026-03-17T10:43:15+00:00\",\"description\":\"Hydraulic cylinders delivering precise force extended durability and reliable performance in demanding industrial applications.\",\"breadcrumb\":{\"@id\":\"https:\\\/\\\/acoteq.com\\\/de\\\/ersatzteile\\\/hydraulische-teile\\\/hydraulikzylinder\\\/#breadcrumb\"},\"inLanguage\":\"de\",\"potentialAction\":[{\"@type\":\"ReadAction\",\"target\":[\"https:\\\/\\\/acoteq.com\\\/de\\\/ersatzteile\\\/hydraulische-teile\\\/hydraulikzylinder\\\/\"]}]},{\"@type\":\"ImageObject\",\"inLanguage\":\"de\",\"@id\":\"https:\\\/\\\/acoteq.com\\\/de\\\/ersatzteile\\\/hydraulische-teile\\\/hydraulikzylinder\\\/#primaryimage\",\"url\":\"https:\\\/\\\/acoteq.com\\\/wp-content\\\/uploads\\\/2026\\\/02\\\/0-Hydraulic-Cylinders.png.webp\",\"contentUrl\":\"https:\\\/\\\/acoteq.com\\\/wp-content\\\/uploads\\\/2026\\\/02\\\/0-Hydraulic-Cylinders.png.webp\",\"width\":1536,\"height\":1024},{\"@type\":\"BreadcrumbList\",\"@id\":\"https:\\\/\\\/acoteq.com\\\/de\\\/ersatzteile\\\/hydraulische-teile\\\/hydraulikzylinder\\\/#breadcrumb\",\"itemListElement\":[{\"@type\":\"ListItem\",\"position\":1,\"name\":\"Home\",\"item\":\"https:\\\/\\\/acoteq.com\\\/de\\\/\"},{\"@type\":\"ListItem\",\"position\":2,\"name\":\"Ersatzteile\",\"item\":\"https:\\\/\\\/acoteq.com\\\/de\\\/ersatzteile\\\/\"},{\"@type\":\"ListItem\",\"position\":3,\"name\":\"Hydraulische Teile\",\"item\":\"https:\\\/\\\/acoteq.com\\\/de\\\/ersatzteile\\\/hydraulische-teile\\\/\"},{\"@type\":\"ListItem\",\"position\":4,\"name\":\"Hydraulikzylinder\"}]},{\"@type\":\"WebSite\",\"@id\":\"https:\\\/\\\/acoteq.com\\\/de\\\/#website\",\"url\":\"https:\\\/\\\/acoteq.com\\\/de\\\/\",\"name\":\"ACOTEQ\",\"description\":\"\",\"potentialAction\":[{\"@type\":\"SearchAction\",\"target\":{\"@type\":\"EntryPoint\",\"urlTemplate\":\"https:\\\/\\\/acoteq.com\\\/de\\\/?s={search_term_string}\"},\"query-input\":{\"@type\":\"PropertyValueSpecification\",\"valueRequired\":true,\"valueName\":\"search_term_string\"}}],\"inLanguage\":\"de\"}]}<\/script>\n<!-- \/ Yoast SEO plugin. -->","yoast_head_json":{"title":"Hydraulikzylinder | Hydraulische Ersatzteile | ACOTEQ","description":"Hydraulic cylinders delivering precise force extended durability and reliable performance in demanding industrial applications.","robots":{"index":"index","follow":"follow","max-snippet":"max-snippet:-1","max-image-preview":"max-image-preview:large","max-video-preview":"max-video-preview:-1"},"canonical":"https:\/\/acoteq.com\/de\/ersatzteile\/hydraulische-teile\/hydraulikzylinder\/","og_locale":"de_DE","og_type":"article","og_title":"Hydraulikzylinder | Hydraulische Ersatzteile | ACOTEQ","og_description":"Hydraulic cylinders delivering precise force extended durability and reliable performance in demanding industrial applications.","og_url":"https:\/\/acoteq.com\/de\/ersatzteile\/hydraulische-teile\/hydraulikzylinder\/","og_site_name":"ACOTEQ","article_modified_time":"2026-03-17T10:43:15+00:00","og_image":[{"width":1536,"height":1024,"url":"https:\/\/acoteq.com\/wp-content\/uploads\/2026\/02\/0-Hydraulic-Cylinders.png.webp","type":"image\/webp"}],"twitter_card":"summary_large_image","twitter_misc":{"Gesch\u00e4tzte Lesezeit":"1\u00a0Minute"},"schema":{"@context":"https:\/\/schema.org","@graph":[{"@type":"WebPage","@id":"https:\/\/acoteq.com\/de\/ersatzteile\/hydraulische-teile\/hydraulikzylinder\/","url":"https:\/\/acoteq.com\/de\/ersatzteile\/hydraulische-teile\/hydraulikzylinder\/","name":"Hydraulikzylinder | Hydraulische Ersatzteile | ACOTEQ","isPartOf":{"@id":"https:\/\/acoteq.com\/de\/#website"},"primaryImageOfPage":{"@id":"https:\/\/acoteq.com\/de\/ersatzteile\/hydraulische-teile\/hydraulikzylinder\/#primaryimage"},"image":{"@id":"https:\/\/acoteq.com\/de\/ersatzteile\/hydraulische-teile\/hydraulikzylinder\/#primaryimage"},"thumbnailUrl":"https:\/\/acoteq.com\/wp-content\/uploads\/2026\/02\/0-Hydraulic-Cylinders.png.webp","datePublished":"2026-02-12T12:47:41+00:00","dateModified":"2026-03-17T10:43:15+00:00","description":"Hydraulic cylinders delivering precise force extended durability and reliable performance in demanding industrial applications.","breadcrumb":{"@id":"https:\/\/acoteq.com\/de\/ersatzteile\/hydraulische-teile\/hydraulikzylinder\/#breadcrumb"},"inLanguage":"de","potentialAction":[{"@type":"ReadAction","target":["https:\/\/acoteq.com\/de\/ersatzteile\/hydraulische-teile\/hydraulikzylinder\/"]}]},{"@type":"ImageObject","inLanguage":"de","@id":"https:\/\/acoteq.com\/de\/ersatzteile\/hydraulische-teile\/hydraulikzylinder\/#primaryimage","url":"https:\/\/acoteq.com\/wp-content\/uploads\/2026\/02\/0-Hydraulic-Cylinders.png.webp","contentUrl":"https:\/\/acoteq.com\/wp-content\/uploads\/2026\/02\/0-Hydraulic-Cylinders.png.webp","width":1536,"height":1024},{"@type":"BreadcrumbList","@id":"https:\/\/acoteq.com\/de\/ersatzteile\/hydraulische-teile\/hydraulikzylinder\/#breadcrumb","itemListElement":[{"@type":"ListItem","position":1,"name":"Home","item":"https:\/\/acoteq.com\/de\/"},{"@type":"ListItem","position":2,"name":"Ersatzteile","item":"https:\/\/acoteq.com\/de\/ersatzteile\/"},{"@type":"ListItem","position":3,"name":"Hydraulische Teile","item":"https:\/\/acoteq.com\/de\/ersatzteile\/hydraulische-teile\/"},{"@type":"ListItem","position":4,"name":"Hydraulikzylinder"}]},{"@type":"WebSite","@id":"https:\/\/acoteq.com\/de\/#website","url":"https:\/\/acoteq.com\/de\/","name":"ACOTEQ","description":"","potentialAction":[{"@type":"SearchAction","target":{"@type":"EntryPoint","urlTemplate":"https:\/\/acoteq.com\/de\/?s={search_term_string}"},"query-input":{"@type":"PropertyValueSpecification","valueRequired":true,"valueName":"search_term_string"}}],"inLanguage":"de"}]}},"_links":{"self":[{"href":"https:\/\/acoteq.com\/de\/wp-json\/wp\/v2\/pages\/3847","targetHints":{"allow":["GET"]}}],"collection":[{"href":"https:\/\/acoteq.com\/de\/wp-json\/wp\/v2\/pages"}],"about":[{"href":"https:\/\/acoteq.com\/de\/wp-json\/wp\/v2\/types\/page"}],"author":[{"embeddable":true,"href":"https:\/\/acoteq.com\/de\/wp-json\/wp\/v2\/users\/1"}],"replies":[{"embeddable":true,"href":"https:\/\/acoteq.com\/de\/wp-json\/wp\/v2\/comments?post=3847"}],"version-history":[{"count":4,"href":"https:\/\/acoteq.com\/de\/wp-json\/wp\/v2\/pages\/3847\/revisions"}],"predecessor-version":[{"id":9221,"href":"https:\/\/acoteq.com\/de\/wp-json\/wp\/v2\/pages\/3847\/revisions\/9221"}],"up":[{"embeddable":true,"href":"https:\/\/acoteq.com\/de\/wp-json\/wp\/v2\/pages\/4052"}],"wp:featuredmedia":[{"embeddable":true,"href":"https:\/\/acoteq.com\/de\/wp-json\/wp\/v2\/media\/3848"}],"wp:attachment":[{"href":"https:\/\/acoteq.com\/de\/wp-json\/wp\/v2\/media?parent=3847"}],"curies":[{"name":"wp","href":"https:\/\/api.w.org\/{rel}","templated":true}]}}