{"id":3984,"date":"2026-02-12T13:41:47","date_gmt":"2026-02-12T12:41:47","guid":{"rendered":"https:\/\/acoteq.com\/custom-manufacturing\/"},"modified":"2026-03-16T16:44:58","modified_gmt":"2026-03-16T15:44:58","slug":"sonderfertigung","status":"publish","type":"page","link":"https:\/\/acoteq.com\/de\/ersatzteile\/sonderteile\/sonderfertigung\/","title":{"rendered":"Sonderfertigung"},"content":{"rendered":"<section class=\"cta\">\n\t\n\t<div class=\"container\">\n\n\t\t<div class=\"row\">\n\n\t\t\t<div class=\"col-lg-12\">\n\n\t\t\t\t<div class=\"cta_inner\">\n\n\t\t\t\t\t<div>\n\n\t\t\t\t\t\t<span class=\"pre_headline\"><i class=\"fas fa-search\"><\/i>&nbsp;Experten f\u00fcr globale Beschaffung<\/span>\n\n\t\t\t\t\t\t<p><strong>Ersatzteil <em>nicht gefunden<\/em>?<\/strong><\/p>\n<p>Unser Online-Katalog zeigt nur 5 % unserer Lieferkapazit\u00e4ten.<br \/>\n<strong>Lassen Sie unsere Experten genau das finden, was Sie brauchen.<\/strong><\/p>\n\n\t\t\t\t\t<\/div>\n\n\t\t\t\t\t<div>\n\n\t\t\t\t\t\t\n\t\t\t\t\t\t\t<a class=\"button light\" href=\"#contact\" target=\"\">Angebot anfordern&nbsp;<i class=\"fas fa-arrow-right\"><\/i><\/a>\n\n\t\t\t\t\t\t\n\t\t\t\t\t<\/div>\n\n\t\t\t\t\t<i class=\"fas fa-times close_cta\"><\/i>\n\n\t\t\t\t<\/div>\n\n\t\t\t<\/div>\n\n\t\t<\/div>\n\n\t<\/div>\n\n<\/section>\n\n\n<div style=\"height:75px\" aria-hidden=\"true\" class=\"wp-block-spacer\"><\/div>\n\n\n<div class=\"yoast-breadcrumbs\"><span><span><a href=\"https:\/\/acoteq.com\/de\/\"><i class=\"fas fa-home\">Home<\/i><\/a><\/span> \/ <span><a href=\"https:\/\/acoteq.com\/de\/ersatzteile\/\">Ersatzteile<\/a><\/span> \/ <span><a href=\"https:\/\/acoteq.com\/de\/ersatzteile\/sonderteile\/\">Sonderteile<\/a><\/span> \/ <span class=\"breadcrumb_last\" aria-current=\"page\">Sonderfertigung<\/span><\/span><\/div>\n\n\n<div class=\"wp-block-group has-white-background-color has-background\"><div class=\"wp-block-group__inner-container is-layout-constrained wp-block-group-is-layout-constrained\"><section class=\"product\">\n\t\n\t<div class=\"container\">\n\n\t\t<div class=\"row\">\n\n\t\t\t<div class=\"col-lg-12 product_title\">\n\n\t\t\t\t<h1>Sonderfertigung&nbsp;<span>Sonderfertigungsl\u00f6sungen f\u00fcr ma\u00dfgeschneiderte industrielle Leistung<\/span><\/h1>\n\n\t\t\t<\/div>\n\n\t\t<\/div>\n\n\t\t<div class=\"row\">\n\n\t\t\t<div class=\"col-lg-5 product_gallery\">\n\n\t\t\t\t<div class=\"product_main\">\n\n\t\t\t\t\t\n\t\t\t\t\t\t\t<div class=\"product_main_single\">\n\n\t\t\t\t\t\t\t\t<img decoding=\"async\" src=\"https:\/\/acoteq.com\/wp-content\/uploads\/2026\/02\/1-Custom-Manufacturing-1.png.webp\" alt=\"\">\n\n\t\t\t\t\t\t\t<\/div>\n\n\t\t\t\t\t\t\t\t\t\t\t\n\n\t\t\t\t<\/div>\n\n\t\t\t\t<div class=\"product_nav\">\n\n\t\t\t\t\t\n\t\t\t\t\t\t\t<div class=\"product_nav_single\">\n\n\t\t\t\t\t\t\t\t<img decoding=\"async\" src=\"https:\/\/acoteq.com\/wp-content\/uploads\/2026\/02\/1-Custom-Manufacturing-1.png.webp\" alt=\"\">\n\n\t\t\t\t\t\t\t<\/div>\n\n\t\t\t\t\t\t\t\t\t\t\t\n\n\t\t\t\t<\/div>\t\t\t\t\n\n\t\t\t<\/div>\n\n\t\t\t<div class=\"col-lg-7 product_tabs\">\n\n\t\t\t\t\n\t\t\t\t\t<div class=\"product_tabs_nav\" role=\"tablist\" aria-label=\"Product Tabs\">\n\t\t\t\t\t\t\t\t\t\t\t\t\t<button\n\t\t\t\t\t\t\t\ttype=\"button\"\n\t\t\t\t\t\t\t\tclass=\"product_tab_btn is-active\"\n\t\t\t\t\t\t\t\tdata-tab-target=\"key_features\"\n\t\t\t\t\t\t\t\trole=\"tab\"\n\t\t\t\t\t\t\t\taria-selected=\"true\"\n\t\t\t\t\t\t\t>\n\t\t\t\t\t\t\t\tHauptmerkmale\t\t\t\t\t\t\t<\/button>\n\t\t\t\t\t\t\t\t\t\t\t\t\t<button\n\t\t\t\t\t\t\t\ttype=\"button\"\n\t\t\t\t\t\t\t\tclass=\"product_tab_btn \"\n\t\t\t\t\t\t\t\tdata-tab-target=\"common_applications\"\n\t\t\t\t\t\t\t\trole=\"tab\"\n\t\t\t\t\t\t\t\taria-selected=\"false\"\n\t\t\t\t\t\t\t>\n\t\t\t\t\t\t\t\tH\u00e4ufige Anwendungen\t\t\t\t\t\t\t<\/button>\n\t\t\t\t\t\t\t\t\t\t\t\t\t<button\n\t\t\t\t\t\t\t\ttype=\"button\"\n\t\t\t\t\t\t\t\tclass=\"product_tab_btn \"\n\t\t\t\t\t\t\t\tdata-tab-target=\"ordering_support\"\n\t\t\t\t\t\t\t\trole=\"tab\"\n\t\t\t\t\t\t\t\taria-selected=\"false\"\n\t\t\t\t\t\t\t>\n\t\t\t\t\t\t\t\tUnterst\u00fctzung bei Bestellungen\t\t\t\t\t\t\t<\/button>\n\t\t\t\t\t\t\t\t\t\t\t<\/div>\n\n\t\t\t\t\t<div class=\"product_tabs_panels\">\n\t\t\t\t\t\t\t\t\t\t\t\t\t<div\n\t\t\t\t\t\t\t\tclass=\"product_tab_panel is-active\"\n\t\t\t\t\t\t\t\tdata-tab-panel=\"key_features\"\n\t\t\t\t\t\t\t\trole=\"tabpanel\"\n\t\t\t\t\t\t\t>\n\t\t\t\t\t\t\t\t\t\t\t\t\t\t\t\t\t<ul class=\"product_tab_list\">\n\t\t\t\t\t\t\t\t\t\t\t\t\t\t\t\t\t\t\t\t\t\t\t\t\t\t\t\t\t\t\t\t\t\t\t\t\t\t\t\t\t\t\t\t<li>Reverse-Engineering-F\u00e4higkeiten f\u00fcr veraltete oder schwer auffindbare Teile<\/li>\n\t\t\t\t\t\t\t\t\t\t\t\t\t\t\t\t\t\t\t\t\t\t\t\t\t\t\t\t\t\t\t\t\t\t\t\t\t\t\t\t\t\t\t\t\t\t\t\t\t\t\t\t\t\t\t<li>Materialvielfalt: Kohlenstoffstahl, Edelstahl, technische Kunststoffe und Hochleistungslegierungen<\/li>\n\t\t\t\t\t\t\t\t\t\t\t\t\t\t\t\t\t\t\t\t\t\t\t\t\t\t\t\t\t\t\t\t\t\t\t\t\t\t\t\t\t\t\t\t\t\t\t\t\t\t\t\t\t\t\t<li>Individuelle Bearbeitung einschlie\u00dflich CNC-Fr\u00e4sen, Drehen, Laserschneiden und Oberfl\u00e4chenbehandlungen<\/li>\n\t\t\t\t\t\t\t\t\t\t\t\t\t\t\t\t\t\t\t\t\t\t\t\t\t\t\t\t\t\t\t\t\t\t\t\t\t\t\t\t\t\t\t\t\t\t\t\t\t\t\t\t\t\t\t<li>Erh\u00f6hte Verschlei\u00dffestigkeit durch Beschichtungen, W\u00e4rmebehandlungen und optimierte Konstruktionen<\/li>\n\t\t\t\t\t\t\t\t\t\t\t\t\t\t\t\t\t\t\t\t\t\t\t\t\t\t\t\t\t\t\t\t\t\t\t\t\t\t\t\t\t\t\t\t\t\t\t\t\t\t\t\t\t\t\t<li>Flexible Produktionsmengen: einzelne Prototypen, Kleinserien oder Gro\u00dfserienfertigung<\/li>\n\t\t\t\t\t\t\t\t\t\t\t\t\t\t\t\t\t\t\t\t\t\t\t\t\t\t\t\t\t\t\t\t\t\t\t\t\t\t\t\t\t\t\t\t\t\t\t\t\t\t\t\t\t\t\t<li>Einhaltung internationaler Standards (DIN, ISO, ANSI, JIS)<\/li>\n\t\t\t\t\t\t\t\t\t\t\t\t\t\t\t\t\t\t\t\t\t\t\t\t\t\t\t\t\t\t\t\t\t\t\t\t\t\t\t\t\t\t\t\t\t\t\t\t\t\t\t\t\t\t\t<li>Vollst\u00e4ndige Dokumentation und Qualit\u00e4tskontrollberichte werden mit jeder Bestellung bereitgestellt<\/li>\n\t\t\t\t\t\t\t\t\t\t\t\t\t\t\t\t\t\t\t\t\t\t\t\t\t\t\t\t\t\t<\/ul>\n\t\t\t\t\t\t\t\t\t\t\t\t\t\t\t<\/div>\n\t\t\t\t\t\t\t\t\t\t\t\t\t<div\n\t\t\t\t\t\t\t\tclass=\"product_tab_panel \"\n\t\t\t\t\t\t\t\tdata-tab-panel=\"common_applications\"\n\t\t\t\t\t\t\t\trole=\"tabpanel\"\n\t\t\t\t\t\t\t>\n\t\t\t\t\t\t\t\t\t\t\t\t\t\t\t\t\t<ul class=\"product_tab_list\">\n\t\t\t\t\t\t\t\t\t\t\t\t\t\t\t\t\t\t\t\t\t\t\t\t\t\t\t\t\t\t\t\t\t\t\t\t\t\t\t\t\t\t\t\t<li>Ersatz f\u00fcr eingestellte OEM-Komponenten<\/li>\n\t\t\t\t\t\t\t\t\t\t\t\t\t\t\t\t\t\t\t\t\t\t\t\t\t\t\t\t\t\t\t\t\t\t\t\t\t\t\t\t\t\t\t\t\t\t\t\t\t\t\t\t\t\t\t<li>Optimierung hochverschlei\u00dfender mechanischer Teile<\/li>\n\t\t\t\t\t\t\t\t\t\t\t\t\t\t\t\t\t\t\t\t\t\t\t\t\t\t\t\t\t\t\t\t\t\t\t\t\t\t\t\t\t\t\t\t\t\t\t\t\t\t\t\t\t\t\t<li>Kundenspezifische hydraulische und pneumatische Anschl\u00fcsse<\/li>\n\t\t\t\t\t\t\t\t\t\t\t\t\t\t\t\t\t\t\t\t\t\t\t\t\t\t\t\t\t\t\t\t\t\t\t\t\t\t\t\t\t\t\t\t\t\t\t\t\t\t\t\t\t\t\t<li>Elektrische und elektronische Geh\u00e4use, angepasst an spezielle Layouts<\/li>\n\t\t\t\t\t\t\t\t\t\t\t\t\t\t\t\t\t\t\t\t\t\t\t\t\t\t\t\t\t\t\t\t\t\t\t\t\t\t\t\t\t\t\t\t\t\t\t\t\t\t\t\t\t\t\t<li>Spezielle Maschinenschutzvorrichtungen und Schutzglasscheiben<\/li>\n\t\t\t\t\t\t\t\t\t\t\t\t\t\t\t\t\t\t\t\t\t\t\t\t\t\t\t\t\t\t\t\t\t\t\t\t\t\t\t\t\t\t\t\t\t\t\t\t\t\t\t\t\t\t\t<li>Pr\u00e4zisionszahnr\u00e4der, Riemenscheiben und Antriebskomponenten<\/li>\n\t\t\t\t\t\t\t\t\t\t\t\t\t\t\t\t\t\t\t\t\t\t\t\t\t\t\t\t\t\t\t\t\t\t\t\t\t\t\t\t\t\t\t\t\t\t\t\t\t\t\t\t\t\t\t<li>Branchenspezifische Werkzeuge und Vorrichtungen<\/li>\n\t\t\t\t\t\t\t\t\t\t\t\t\t\t\t\t\t\t\t\t\t\t\t\t\t\t\t\t\t\t\t\t\t\t\t\t\t\t\t\t\t\t\t\t\t\t\t\t\t\t\t\t\t\t\t<li>Upgrades und Nachr\u00fcstungen f\u00fcr Automatisierungssysteme<\/li>\n\t\t\t\t\t\t\t\t\t\t\t\t\t\t\t\t\t\t\t\t\t\t\t\t\t\t\t\t\t\t<\/ul>\n\t\t\t\t\t\t\t\t\t\t\t\t\t\t\t<\/div>\n\t\t\t\t\t\t\t\t\t\t\t\t\t<div\n\t\t\t\t\t\t\t\tclass=\"product_tab_panel \"\n\t\t\t\t\t\t\t\tdata-tab-panel=\"ordering_support\"\n\t\t\t\t\t\t\t\trole=\"tabpanel\"\n\t\t\t\t\t\t\t>\n\t\t\t\t\t\t\t\t\t\t\t\t\t\t\t\t\t<div class=\"product_tab_text\">\n\t\t\t\t\t\t\t\t\t\t<p>Unser Team unterst\u00fctzt bei der Querverweisung von Teilenummern, der Erstellung von CAD-Dateien und der Toleranzvalidierung, um die Ma\u00df- und Funktionskompatibilit\u00e4t sicherzustellen. Ob beim Ersatz von OEM-Teilen oder bei der Entwicklung neuer Designs \u2013 wir bieten technische Beratung und Unterst\u00fctzung bei der Materialauswahl, um anspruchsvollen Betriebsumgebungen gerecht zu werden.<\/p>\n\t\t\t\t\t\t\t\t\t<\/div>\n\t\t\t\t\t\t\t\t\t\t\t\t\t\t\t<\/div>\n\t\t\t\t\t\t\t\t\t\t\t<\/div>\n\n\t\t\t\t\t<script>\n\t\t\t\t\t\t(function () {\n\t\t\t\t\t\t\tconst root = document.currentScript.closest('.product_tabs');\n\t\t\t\t\t\t\tif (!root) return;\n\n\t\t\t\t\t\t\tconst btns = root.querySelectorAll('[data-tab-target]');\n\t\t\t\t\t\t\tconst panels = root.querySelectorAll('[data-tab-panel]');\n\n\t\t\t\t\t\t\tfunction activate(id) {\n\t\t\t\t\t\t\t\tbtns.forEach(b => {\n\t\t\t\t\t\t\t\t\tconst isActive = b.getAttribute('data-tab-target') === id;\n\t\t\t\t\t\t\t\t\tb.classList.toggle('is-active', isActive);\n\t\t\t\t\t\t\t\t\tb.setAttribute('aria-selected', isActive ? 'true' : 'false');\n\t\t\t\t\t\t\t\t});\n\t\t\t\t\t\t\t\tpanels.forEach(p => {\n\t\t\t\t\t\t\t\t\tconst isActive = p.getAttribute('data-tab-panel') === id;\n\t\t\t\t\t\t\t\t\tp.classList.toggle('is-active', isActive);\n\t\t\t\t\t\t\t\t});\n\t\t\t\t\t\t\t}\n\n\t\t\t\t\t\t\tbtns.forEach(b => b.addEventListener('click', () => activate(b.getAttribute('data-tab-target'))));\n\t\t\t\t\t\t})();\n\t\t\t\t\t<\/script>\n\n\t\t\t\t\n\t\t\t\t<div class=\"order\">\n\n\t\t\t\t\t<input type=\"number\" name=\"quantity\" min=\"1\" value=\"1\">\n\n\t\t\t\t\t<a class=\"button\" href=\"#contact\">Angebot anfordern&nbsp;<i class=\"fas fa-arrow-right\"><\/i><\/a>\n\n\t\t\t\t<\/div>\n\n\t\t\t<\/div>\t\t\n\n\t\t<\/div>\n\n\t<\/div>\n\n<\/section>\n\n\n<div style=\"height:50px\" aria-hidden=\"true\" class=\"wp-block-spacer\"><\/div>\n\n\n<section class=\"text \">\n\t\n\t<div class=\"container\">\n\n\t\t<div class=\"row\">\n\n\t\t\t<div class=\"col-lg-12\">\n\n\t\t\t\t<p>Wir bieten kundenspezifische Fertigungsservices f\u00fcr Ersatzteile an, die sowohl originale als auch kompatible L\u00f6sungen umfassen, die auf einzigartige betriebliche Anforderungen ausgelegt sind. Unser Engineering-Team arbeitet mit weltweit anerkannten Standards und f\u00fchrenden Technologien, um pr\u00e4zise gefertigte, anwendungsspezifische Komponenten f\u00fcr Branchen wie Automatisierung, Bergbau, Bauwesen, Energie und Lebensmittelverarbeitung zu liefern.<\/p>\n<p>Durch Reverse Engineering, ma\u00dfgeschneiderte Materialauswahl und fortschrittliche Bearbeitungstechniken fertigen wir kundenspezifische Ersatzteile, die eine Leistung auf OEM-Niveau oder dar\u00fcber hinaus gew\u00e4hrleisten. Von Prototypen in kleinen St\u00fcckzahlen bis hin zur Gro\u00dfserienproduktion sind unsere Fertigungsprozesse auf Ma\u00dfgenauigkeit, Langlebigkeit und Kosteneffizienz optimiert. Alle L\u00f6sungen sind mit weltweitem Versand verf\u00fcgbar und werden durch fachkundigen technischen Support unterst\u00fctzt.<\/p>\n\n\t\t\t<\/div>\n\n\t\t<\/div>\n\n\t<\/div>\n\n<\/section>\n\n\n<div style=\"height:75px\" aria-hidden=\"true\" class=\"wp-block-spacer\"><\/div>\n\n\n<section class=\"tiles\">\n\t\n\t<div class=\"container\">\n\n\t\t<div class=\"row\">\n\n\t\t\t\n\t\t\t\n\t\t\t\t\t\n\t\t\t\t\t\t<div class=\"col-lg-4 tiles_single type_1\">\n\n\t\t\t\t\t\t\t<div class=\"tiles_inner\">\n\n\t\t\t\t\t\t\t\t<div class=\"tiles_image\">\n\n\t\t\t\t\t\t\t\t\t<img decoding=\"async\" src=\"https:\/\/acoteq.com\/wp-content\/uploads\/2026\/02\/mdi_truck.svg\" alt=\"\">\n\n\t\t\t\t\t\t\t\t<\/div>\n\n\t\t\t\t\t\t\t\t<div class=\"tiles_info\">\n\n\t\t\t\t\t\t\t\t\t<strong class=\"title\">Globale Logistik<\/strong>\n\t\t\t\t\t\t\t\t\t\n\t\t\t\t\t\t\t\t\t<span class=\"description\">Von unserem Hauptsitz zu Ihrem Standort<\/span>\n\n\t\t\t\t\t\t\t\t\t\n\t\t\t\t\t\t\t\t<\/div>\n\n\t\t\t\t\t\t\t<\/div>\n\n\t\t\t\t\t\t<\/div>\n\n\t\t\t\t\t\n\t\t\t\t\n\t\t\t\t\t\n\t\t\t\t\t\t<div class=\"col-lg-4 tiles_single type_1\">\n\n\t\t\t\t\t\t\t<div class=\"tiles_inner\">\n\n\t\t\t\t\t\t\t\t<div class=\"tiles_image\">\n\n\t\t\t\t\t\t\t\t\t<img decoding=\"async\" src=\"https:\/\/acoteq.com\/wp-content\/uploads\/2026\/02\/mdi_verified-user.svg\" alt=\"\">\n\n\t\t\t\t\t\t\t\t<\/div>\n\n\t\t\t\t\t\t\t\t<div class=\"tiles_info\">\n\n\t\t\t\t\t\t\t\t\t<strong class=\"title\">Originalteile<\/strong>\n\t\t\t\t\t\t\t\t\t\n\t\t\t\t\t\t\t\t\t<span class=\"description\">Direkt vom Hersteller<\/span>\n\n\t\t\t\t\t\t\t\t\t\n\t\t\t\t\t\t\t\t<\/div>\n\n\t\t\t\t\t\t\t<\/div>\n\n\t\t\t\t\t\t<\/div>\n\n\t\t\t\t\t\n\t\t\t\t\n\t\t\t\t\t\n\t\t\t\t\t\t<div class=\"col-lg-4 tiles_single type_1\">\n\n\t\t\t\t\t\t\t<div class=\"tiles_inner\">\n\n\t\t\t\t\t\t\t\t<div class=\"tiles_image\">\n\n\t\t\t\t\t\t\t\t\t<img decoding=\"async\" src=\"https:\/\/acoteq.com\/wp-content\/uploads\/2026\/02\/ic_round-engineering.svg\" alt=\"\">\n\n\t\t\t\t\t\t\t\t<\/div>\n\n\t\t\t\t\t\t\t\t<div class=\"tiles_info\">\n\n\t\t\t\t\t\t\t\t\t<strong class=\"title\">Technischer Support<\/strong>\n\t\t\t\t\t\t\t\t\t\n\t\t\t\t\t\t\t\t\t<span class=\"description\">Fachberatung durch unsere Ingenieure<\/span>\n\n\t\t\t\t\t\t\t\t\t\n\t\t\t\t\t\t\t\t<\/div>\n\n\t\t\t\t\t\t\t<\/div>\n\n\t\t\t\t\t\t<\/div>\n\n\t\t\t\t\t\n\t\t\t\t\t\t\t\t\n\n\t\t<\/div>\n\n\t<\/div>\n\n<\/section>\n\n\n<div style=\"height:75px\" aria-hidden=\"true\" class=\"wp-block-spacer\"><\/div>\n\n\n<section class=\"related\">\n    \n    <div class=\"container\">\n\n        <div class=\"row\">\n\n            <div class=\"col-lg-12\">\n\n                <h2>\u00c4hnliche Produkte<\/h2>\n\n                <div class=\"related_wrapper\">\n\n                    \n                        <a href=\"https:\/\/acoteq.com\/de\/ersatzteile\/sonderteile\/reverse-engineering\/\" class=\"related_item\">\n\n                            <div class=\"related_item_inner\">\n\n                                                                    <div class=\"related_thumb\">\n                                        <img loading=\"lazy\" decoding=\"async\" width=\"300\" height=\"200\" src=\"https:\/\/acoteq.com\/wp-content\/uploads\/2026\/02\/2-Reverse-Engineering-1-2.png-300x200.webp\" class=\"related_image wp-post-image\" alt=\"Reverse Engineering\" srcset=\"https:\/\/acoteq.com\/wp-content\/uploads\/2026\/02\/2-Reverse-Engineering-1-2.png-300x200.webp 300w, https:\/\/acoteq.com\/wp-content\/uploads\/2026\/02\/2-Reverse-Engineering-1-2.png-768x513.webp 768w, https:\/\/acoteq.com\/wp-content\/uploads\/2026\/02\/2-Reverse-Engineering-1-2.png.webp 914w\" sizes=\"auto, (max-width: 300px) 100vw, 300px\" \/>                                    <\/div>\n                                \n                                <strong class=\"related_title\">\n                                    Reverse Engineering\n                                    <span>Produkt ansehen&nbsp;<i class=\"fas fa-arrow-right\"><\/i><\/span>                                    \n                                <\/strong>                                \n\n                            <\/div>\n\n                        <\/a>\n\n                    \n                        <a href=\"https:\/\/acoteq.com\/de\/ersatzteile\/sonderteile\/optimierte-teile\/\" class=\"related_item\">\n\n                            <div class=\"related_item_inner\">\n\n                                                                    <div class=\"related_thumb\">\n                                        <img loading=\"lazy\" decoding=\"async\" width=\"300\" height=\"200\" src=\"https:\/\/acoteq.com\/wp-content\/uploads\/2026\/02\/3-Customized-Parts-2.png-300x200.webp\" class=\"related_image wp-post-image\" alt=\"Optimierte Teile\" srcset=\"https:\/\/acoteq.com\/wp-content\/uploads\/2026\/02\/3-Customized-Parts-2.png-300x200.webp 300w, https:\/\/acoteq.com\/wp-content\/uploads\/2026\/02\/3-Customized-Parts-2.png-1024x683.webp 1024w, https:\/\/acoteq.com\/wp-content\/uploads\/2026\/02\/3-Customized-Parts-2.png-768x512.webp 768w, https:\/\/acoteq.com\/wp-content\/uploads\/2026\/02\/3-Customized-Parts-2.png.webp 1536w\" sizes=\"auto, (max-width: 300px) 100vw, 300px\" \/>                                    <\/div>\n                                \n                                <strong class=\"related_title\">\n                                    Optimierte Teile\n                                    <span>Produkt ansehen&nbsp;<i class=\"fas fa-arrow-right\"><\/i><\/span>                                    \n                                <\/strong>                                \n\n                            <\/div>\n\n                        <\/a>\n\n                    \n                        <a href=\"https:\/\/acoteq.com\/de\/ersatzteile\/sonderteile\/sonderfertigung\/\" class=\"related_item\">\n\n                            <div class=\"related_item_inner\">\n\n                                                                    <div class=\"related_thumb\">\n                                        <img loading=\"lazy\" decoding=\"async\" width=\"300\" height=\"200\" src=\"https:\/\/acoteq.com\/wp-content\/uploads\/2026\/02\/1-Custom-Manufacturing-1.png-300x200.webp\" class=\"related_image wp-post-image\" alt=\"Sonderfertigung\" srcset=\"https:\/\/acoteq.com\/wp-content\/uploads\/2026\/02\/1-Custom-Manufacturing-1.png-300x200.webp 300w, https:\/\/acoteq.com\/wp-content\/uploads\/2026\/02\/1-Custom-Manufacturing-1.png-1024x683.webp 1024w, https:\/\/acoteq.com\/wp-content\/uploads\/2026\/02\/1-Custom-Manufacturing-1.png-768x512.webp 768w, https:\/\/acoteq.com\/wp-content\/uploads\/2026\/02\/1-Custom-Manufacturing-1.png.webp 1536w\" sizes=\"auto, (max-width: 300px) 100vw, 300px\" \/>                                    <\/div>\n                                \n                                <strong class=\"related_title\">\n                                    Sonderfertigung\n                                    <span>Produkt ansehen&nbsp;<i class=\"fas fa-arrow-right\"><\/i><\/span>                                    \n                                <\/strong>                                \n\n                            <\/div>\n\n                        <\/a>\n\n                    \n                <\/div>\n\n            <\/div>\n\n        <\/div>\n\n    <\/div>\n\n<\/section>\n\n\n\n<div style=\"height:15px\" aria-hidden=\"true\" class=\"wp-block-spacer\"><\/div>\n\n\n<section class=\"text \">\n\t\n\t<div class=\"container\">\n\n\t\t<div class=\"row\">\n\n\t\t\t<div class=\"col-lg-12\">\n\n\t\t\t\t<p style=\"text-align: right;\">Haben Sie nicht gefunden, was Sie ben\u00f6tigen? <a href=\"#contact\">Kontaktieren Sie uns!<\/a><\/p>\n\n\t\t\t<\/div>\n\n\t\t<\/div>\n\n\t<\/div>\n\n<\/section><\/div><\/div>\n","protected":false},"excerpt":{"rendered":"","protected":false},"author":1,"featured_media":3985,"parent":4068,"menu_order":0,"comment_status":"closed","ping_status":"closed","template":"","meta":{"_acf_changed":false,"footnotes":""},"class_list":["post-3984","page","type-page","status-publish","has-post-thumbnail","hentry"],"acf":[],"yoast_head":"<!-- This site is optimized with the Yoast SEO plugin v27.4 - https:\/\/yoast.com\/product\/yoast-seo-wordpress\/ -->\n<title>Sonderfertigung | Ersatzteile | ACOTEQ<\/title>\n<meta name=\"robots\" content=\"index, follow, max-snippet:-1, max-image-preview:large, max-video-preview:-1\" \/>\n<link rel=\"canonical\" href=\"https:\/\/acoteq.com\/de\/ersatzteile\/sonderteile\/sonderfertigung\/\" \/>\n<meta property=\"og:locale\" content=\"de_DE\" \/>\n<meta property=\"og:type\" content=\"article\" \/>\n<meta property=\"og:title\" content=\"Sonderfertigung | Ersatzteile | ACOTEQ\" \/>\n<meta property=\"og:url\" content=\"https:\/\/acoteq.com\/de\/ersatzteile\/sonderteile\/sonderfertigung\/\" \/>\n<meta property=\"og:site_name\" content=\"ACOTEQ\" \/>\n<meta property=\"article:modified_time\" content=\"2026-03-16T15:44:58+00:00\" \/>\n<meta property=\"og:image\" content=\"https:\/\/acoteq.com\/wp-content\/uploads\/2026\/02\/1-Custom-Manufacturing-1.png.webp\" \/>\n\t<meta property=\"og:image:width\" content=\"1536\" \/>\n\t<meta property=\"og:image:height\" content=\"1024\" \/>\n\t<meta property=\"og:image:type\" content=\"image\/webp\" \/>\n<meta name=\"twitter:card\" content=\"summary_large_image\" \/>\n<meta name=\"twitter:label1\" content=\"Gesch\u00e4tzte Lesezeit\" \/>\n\t<meta name=\"twitter:data1\" content=\"1\u00a0Minute\" \/>\n<script type=\"application\/ld+json\" class=\"yoast-schema-graph\">{\"@context\":\"https:\\\/\\\/schema.org\",\"@graph\":[{\"@type\":\"WebPage\",\"@id\":\"https:\\\/\\\/acoteq.com\\\/de\\\/ersatzteile\\\/sonderteile\\\/sonderfertigung\\\/\",\"url\":\"https:\\\/\\\/acoteq.com\\\/de\\\/ersatzteile\\\/sonderteile\\\/sonderfertigung\\\/\",\"name\":\"Sonderfertigung | Ersatzteile | ACOTEQ\",\"isPartOf\":{\"@id\":\"https:\\\/\\\/acoteq.com\\\/de\\\/#website\"},\"primaryImageOfPage\":{\"@id\":\"https:\\\/\\\/acoteq.com\\\/de\\\/ersatzteile\\\/sonderteile\\\/sonderfertigung\\\/#primaryimage\"},\"image\":{\"@id\":\"https:\\\/\\\/acoteq.com\\\/de\\\/ersatzteile\\\/sonderteile\\\/sonderfertigung\\\/#primaryimage\"},\"thumbnailUrl\":\"https:\\\/\\\/acoteq.com\\\/wp-content\\\/uploads\\\/2026\\\/02\\\/1-Custom-Manufacturing-1.png.webp\",\"datePublished\":\"2026-02-12T12:41:47+00:00\",\"dateModified\":\"2026-03-16T15:44:58+00:00\",\"breadcrumb\":{\"@id\":\"https:\\\/\\\/acoteq.com\\\/de\\\/ersatzteile\\\/sonderteile\\\/sonderfertigung\\\/#breadcrumb\"},\"inLanguage\":\"de\",\"potentialAction\":[{\"@type\":\"ReadAction\",\"target\":[\"https:\\\/\\\/acoteq.com\\\/de\\\/ersatzteile\\\/sonderteile\\\/sonderfertigung\\\/\"]}]},{\"@type\":\"ImageObject\",\"inLanguage\":\"de\",\"@id\":\"https:\\\/\\\/acoteq.com\\\/de\\\/ersatzteile\\\/sonderteile\\\/sonderfertigung\\\/#primaryimage\",\"url\":\"https:\\\/\\\/acoteq.com\\\/wp-content\\\/uploads\\\/2026\\\/02\\\/1-Custom-Manufacturing-1.png.webp\",\"contentUrl\":\"https:\\\/\\\/acoteq.com\\\/wp-content\\\/uploads\\\/2026\\\/02\\\/1-Custom-Manufacturing-1.png.webp\",\"width\":1536,\"height\":1024},{\"@type\":\"BreadcrumbList\",\"@id\":\"https:\\\/\\\/acoteq.com\\\/de\\\/ersatzteile\\\/sonderteile\\\/sonderfertigung\\\/#breadcrumb\",\"itemListElement\":[{\"@type\":\"ListItem\",\"position\":1,\"name\":\"Home\",\"item\":\"https:\\\/\\\/acoteq.com\\\/de\\\/\"},{\"@type\":\"ListItem\",\"position\":2,\"name\":\"Ersatzteile\",\"item\":\"https:\\\/\\\/acoteq.com\\\/de\\\/ersatzteile\\\/\"},{\"@type\":\"ListItem\",\"position\":3,\"name\":\"Sonderteile\",\"item\":\"https:\\\/\\\/acoteq.com\\\/de\\\/ersatzteile\\\/sonderteile\\\/\"},{\"@type\":\"ListItem\",\"position\":4,\"name\":\"Sonderfertigung\"}]},{\"@type\":\"WebSite\",\"@id\":\"https:\\\/\\\/acoteq.com\\\/de\\\/#website\",\"url\":\"https:\\\/\\\/acoteq.com\\\/de\\\/\",\"name\":\"ACOTEQ\",\"description\":\"\",\"potentialAction\":[{\"@type\":\"SearchAction\",\"target\":{\"@type\":\"EntryPoint\",\"urlTemplate\":\"https:\\\/\\\/acoteq.com\\\/de\\\/?s={search_term_string}\"},\"query-input\":{\"@type\":\"PropertyValueSpecification\",\"valueRequired\":true,\"valueName\":\"search_term_string\"}}],\"inLanguage\":\"de\"}]}<\/script>\n<!-- \/ Yoast SEO plugin. -->","yoast_head_json":{"title":"Sonderfertigung | Ersatzteile | ACOTEQ","robots":{"index":"index","follow":"follow","max-snippet":"max-snippet:-1","max-image-preview":"max-image-preview:large","max-video-preview":"max-video-preview:-1"},"canonical":"https:\/\/acoteq.com\/de\/ersatzteile\/sonderteile\/sonderfertigung\/","og_locale":"de_DE","og_type":"article","og_title":"Sonderfertigung | Ersatzteile | ACOTEQ","og_url":"https:\/\/acoteq.com\/de\/ersatzteile\/sonderteile\/sonderfertigung\/","og_site_name":"ACOTEQ","article_modified_time":"2026-03-16T15:44:58+00:00","og_image":[{"width":1536,"height":1024,"url":"https:\/\/acoteq.com\/wp-content\/uploads\/2026\/02\/1-Custom-Manufacturing-1.png.webp","type":"image\/webp"}],"twitter_card":"summary_large_image","twitter_misc":{"Gesch\u00e4tzte Lesezeit":"1\u00a0Minute"},"schema":{"@context":"https:\/\/schema.org","@graph":[{"@type":"WebPage","@id":"https:\/\/acoteq.com\/de\/ersatzteile\/sonderteile\/sonderfertigung\/","url":"https:\/\/acoteq.com\/de\/ersatzteile\/sonderteile\/sonderfertigung\/","name":"Sonderfertigung | Ersatzteile | ACOTEQ","isPartOf":{"@id":"https:\/\/acoteq.com\/de\/#website"},"primaryImageOfPage":{"@id":"https:\/\/acoteq.com\/de\/ersatzteile\/sonderteile\/sonderfertigung\/#primaryimage"},"image":{"@id":"https:\/\/acoteq.com\/de\/ersatzteile\/sonderteile\/sonderfertigung\/#primaryimage"},"thumbnailUrl":"https:\/\/acoteq.com\/wp-content\/uploads\/2026\/02\/1-Custom-Manufacturing-1.png.webp","datePublished":"2026-02-12T12:41:47+00:00","dateModified":"2026-03-16T15:44:58+00:00","breadcrumb":{"@id":"https:\/\/acoteq.com\/de\/ersatzteile\/sonderteile\/sonderfertigung\/#breadcrumb"},"inLanguage":"de","potentialAction":[{"@type":"ReadAction","target":["https:\/\/acoteq.com\/de\/ersatzteile\/sonderteile\/sonderfertigung\/"]}]},{"@type":"ImageObject","inLanguage":"de","@id":"https:\/\/acoteq.com\/de\/ersatzteile\/sonderteile\/sonderfertigung\/#primaryimage","url":"https:\/\/acoteq.com\/wp-content\/uploads\/2026\/02\/1-Custom-Manufacturing-1.png.webp","contentUrl":"https:\/\/acoteq.com\/wp-content\/uploads\/2026\/02\/1-Custom-Manufacturing-1.png.webp","width":1536,"height":1024},{"@type":"BreadcrumbList","@id":"https:\/\/acoteq.com\/de\/ersatzteile\/sonderteile\/sonderfertigung\/#breadcrumb","itemListElement":[{"@type":"ListItem","position":1,"name":"Home","item":"https:\/\/acoteq.com\/de\/"},{"@type":"ListItem","position":2,"name":"Ersatzteile","item":"https:\/\/acoteq.com\/de\/ersatzteile\/"},{"@type":"ListItem","position":3,"name":"Sonderteile","item":"https:\/\/acoteq.com\/de\/ersatzteile\/sonderteile\/"},{"@type":"ListItem","position":4,"name":"Sonderfertigung"}]},{"@type":"WebSite","@id":"https:\/\/acoteq.com\/de\/#website","url":"https:\/\/acoteq.com\/de\/","name":"ACOTEQ","description":"","potentialAction":[{"@type":"SearchAction","target":{"@type":"EntryPoint","urlTemplate":"https:\/\/acoteq.com\/de\/?s={search_term_string}"},"query-input":{"@type":"PropertyValueSpecification","valueRequired":true,"valueName":"search_term_string"}}],"inLanguage":"de"}]}},"_links":{"self":[{"href":"https:\/\/acoteq.com\/de\/wp-json\/wp\/v2\/pages\/3984","targetHints":{"allow":["GET"]}}],"collection":[{"href":"https:\/\/acoteq.com\/de\/wp-json\/wp\/v2\/pages"}],"about":[{"href":"https:\/\/acoteq.com\/de\/wp-json\/wp\/v2\/types\/page"}],"author":[{"embeddable":true,"href":"https:\/\/acoteq.com\/de\/wp-json\/wp\/v2\/users\/1"}],"replies":[{"embeddable":true,"href":"https:\/\/acoteq.com\/de\/wp-json\/wp\/v2\/comments?post=3984"}],"version-history":[{"count":3,"href":"https:\/\/acoteq.com\/de\/wp-json\/wp\/v2\/pages\/3984\/revisions"}],"predecessor-version":[{"id":8968,"href":"https:\/\/acoteq.com\/de\/wp-json\/wp\/v2\/pages\/3984\/revisions\/8968"}],"up":[{"embeddable":true,"href":"https:\/\/acoteq.com\/de\/wp-json\/wp\/v2\/pages\/4068"}],"wp:featuredmedia":[{"embeddable":true,"href":"https:\/\/acoteq.com\/de\/wp-json\/wp\/v2\/media\/3985"}],"wp:attachment":[{"href":"https:\/\/acoteq.com\/de\/wp-json\/wp\/v2\/media?parent=3984"}],"curies":[{"name":"wp","href":"https:\/\/api.w.org\/{rel}","templated":true}]}}