{"id":3999,"date":"2026-02-11T13:36:48","date_gmt":"2026-02-11T12:36:48","guid":{"rendered":"https:\/\/acoteq.com\/gesadur-rollers\/technical-service\/"},"modified":"2026-04-29T15:18:48","modified_gmt":"2026-04-29T13:18:48","slug":"technischer-service","status":"publish","type":"page","link":"https:\/\/acoteq.com\/de\/gesadur-rollen\/technischer-service\/","title":{"rendered":"Technischer Service"},"content":{"rendered":"<section class=\"banner\">\n\n\t<img decoding=\"async\" src=\"https:\/\/acoteq.com\/wp-content\/uploads\/2026\/02\/gesadur_technical.png\" alt=\"\">\n\n\t<div class=\"banner_overlay\">\n\n\t\t<div class=\"container\">\n\n\t\t\t<div class=\"row banner_text\">\n\n\t\t\t\t<div class=\"col-lg-12\">\n\n\t\t\t\t\t<h1><em>GESADUR Rollen<\/em><strong>Technischer Service<\/strong><\/h1>\n<p style=\"text-align: justify;\">Wir unterst\u00fctzen Hersteller dabei, die Lebenszyklusleistung von Industrierollen durch Vor-Ort-Diagnose, wartungsorientiertes Engineering, Schmierungsoptimierung und Modernisierungsl\u00f6sungen zu verbessern.<\/p>\n\n\t\t\t\t\t \n\t\t\t\t<\/div>\n\n\t\t\t<\/div>\n\n\t\t<\/div>\n\n\t<\/div>\n\n<\/section>\n\n\n<div class=\"wp-block-group has-text-color has-background has-link-color wp-elements-7b44710889d220f295ab304a83ce1d17\" style=\"color:#0e3770;background-color:#f3f4f7\"><div class=\"wp-block-group__inner-container is-layout-constrained wp-block-group-is-layout-constrained\">\n<div style=\"height:20px\" aria-hidden=\"true\" class=\"wp-block-spacer\"><\/div>\n\n\n<section class=\"headline align-center \">\n\t\n\t<div class=\"container\">\n\n\t\t<div class=\"row\">\n\n\t\t\t<div class=\"col-lg-12\">\n\n\t\t\t\t<div class=\"headline_wrapper\">\n\n\t\t\t\t\t<h2><em>DIREKTE UNTERST\u00dcTZUNG F\u00dcR KRITISCHE PRODUKTIONSANFORDERUNGEN<\/em> <strong>TECHNISCHER<\/strong> SUPPORT<\/h2>\n\n\t\t\t\t\t\n\t\t\t\t<\/div>\n\n\t\t\t<\/div>\n\n\t\t<\/div>\n\n\t<\/div>\n\n<\/section>\n\n\n<div style=\"height:50px\" aria-hidden=\"true\" class=\"wp-block-spacer\"><\/div>\n\n\n<section class=\"tiles\">\n\t\n\t<div class=\"container\">\n\n\t\t<div class=\"row\">\n\n\t\t\t\n\t\t\t\n\t\t\t\t\t\n\t\t\t\t\t\t<div class=\"col-lg-4 tiles_single type_2\">\n\n\t\t\t\t\t\t\t\t\t\t\t\t\t\t\n\n\t\t\t\t\t\t\t<div class=\"tiles_inner\">\n\n\t\t\t\t\t\t\t\t<div class=\"tiles_image\">\n\n\t\t\t\t\t\t\t\t\t<img decoding=\"async\" src=\"https:\/\/acoteq.com\/wp-content\/uploads\/2026\/02\/Vector-2.svg\" alt=\"\">\n\n\t\t\t\t\t\t\t\t<\/div>\n\n\t\t\t\t\t\t\t\t<div class=\"tiles_info\">\n\n\t\t\t\t\t\t\t\t\t<div>\n\n\t\t\t\t\t\t\t\t\t\t<strong class=\"title\">Vor-Ort-Support<\/strong>\n\t\t\t\t\t\t\t\t\t\t\n\t\t\t\t\t\t\t\t\t\t<span class=\"description\"><p style=\"text-align: justify;\">\r\n<ul>\r\n \t<li>Inspektion der Lauffl\u00e4chen von Rollen und Ringen<\/li>\r\n \t<li>\u00dcberpr\u00fcfung der Rollenlastbedingungen<\/li>\r\n \t<li>Kontrolle und Korrektur der Ausrichtung<\/li>\r\n \t<li>Schulung zu Kontrolle und Wartung<\/li>\r\n<\/ul><\/p><\/span>\n\n\t\t\t\t\t\t\t\t\t<\/div>\n\n\t\t\t\t\t\t\t\t\t\n\t\t\t\t\t\t\t\t<\/div>\n\n\t\t\t\t\t\t\t<\/div>\n\n\t\t\t\t\t\t\t\t\t\t\t\t\t\t\t\n\n\t\t\t\t\t\t<\/div>\t\t\t\t\t\t\n\n\t\t\t\t\t\n\t\t\t\t\n\t\t\t\t\t\n\t\t\t\t\t\t<div class=\"col-lg-4 tiles_single type_2\">\n\n\t\t\t\t\t\t\t\t\t\t\t\t\t\t\n\n\t\t\t\t\t\t\t<div class=\"tiles_inner\">\n\n\t\t\t\t\t\t\t\t<div class=\"tiles_image\">\n\n\t\t\t\t\t\t\t\t\t<img decoding=\"async\" src=\"https:\/\/acoteq.com\/wp-content\/uploads\/2026\/03\/fa6-solid_droplet.svg\" alt=\"\">\n\n\t\t\t\t\t\t\t\t<\/div>\n\n\t\t\t\t\t\t\t\t<div class=\"tiles_info\">\n\n\t\t\t\t\t\t\t\t\t<div>\n\n\t\t\t\t\t\t\t\t\t\t<strong class=\"title\">Schmiersystem<\/strong>\n\t\t\t\t\t\t\t\t\t\t\n\t\t\t\t\t\t\t\t\t\t<span class=\"description\"><p style=\"text-align: justify;\">\r\n<ul>\r\n \t<li>Festlegung von Schmierintervallen und -methoden (manuell oder automatisch)<\/li>\r\n \t<li>Reduzierung von Reibung, W\u00e4rmeentwicklung und Verschlei\u00df f\u00fcr eine deutlich verl\u00e4ngerte Rollenlebensdauer<\/li>\r\n \t<li>Optimierung der Schmierstellen<\/li>\r\n<\/ul><\/p>\r\n<\/span>\n\n\t\t\t\t\t\t\t\t\t<\/div>\n\n\t\t\t\t\t\t\t\t\t\n\t\t\t\t\t\t\t\t<\/div>\n\n\t\t\t\t\t\t\t<\/div>\n\n\t\t\t\t\t\t\t\t\t\t\t\t\t\t\t\n\n\t\t\t\t\t\t<\/div>\t\t\t\t\t\t\n\n\t\t\t\t\t\n\t\t\t\t\n\t\t\t\t\t\n\t\t\t\t\t\t<div class=\"col-lg-4 tiles_single type_2\">\n\n\t\t\t\t\t\t\t\t\t\t\t\t\t\t\n\n\t\t\t\t\t\t\t<div class=\"tiles_inner\">\n\n\t\t\t\t\t\t\t\t<div class=\"tiles_image\">\n\n\t\t\t\t\t\t\t\t\t<img decoding=\"async\" src=\"https:\/\/acoteq.com\/wp-content\/uploads\/2026\/03\/solar_wheel-angle-outline.svg\" alt=\"\">\n\n\t\t\t\t\t\t\t\t<\/div>\n\n\t\t\t\t\t\t\t\t<div class=\"tiles_info\">\n\n\t\t\t\t\t\t\t\t\t<div>\n\n\t\t\t\t\t\t\t\t\t\t<strong class=\"title\">Modernisierung alter Rollen<\/strong>\n\t\t\t\t\t\t\t\t\t\t\n\t\t\t\t\t\t\t\t\t\t<span class=\"description\"><p style=\"text-align: justify;\">\r\n<ul>\r\n \t<li>Austausch oder Neukonstruktion veralteter Rollen (Stahl \/ Lignostone \u2013 Kunstharzpressholz)<\/li>\r\n \t<li>Reduzierung von Stillstandszeiten und Wartungsaufwand durch verbesserte Rollenkonstruktion und -entwicklung<\/li>\r\n \t<li>Anpassung an moderne Maschinenstandards<\/li>\r\n<\/ul><\/p>\r\n<\/span>\n\n\t\t\t\t\t\t\t\t\t<\/div>\n\n\t\t\t\t\t\t\t\t\t\n\t\t\t\t\t\t\t\t<\/div>\n\n\t\t\t\t\t\t\t<\/div>\n\n\t\t\t\t\t\t\t\t\t\t\t\t\t\t\t\n\n\t\t\t\t\t\t<\/div>\t\t\t\t\t\t\n\n\t\t\t\t\t\n\t\t\t\t\n\t\t\t\t\t\n\t\t\t\t\t\t<div class=\"col-lg-4 tiles_single type_2\">\n\n\t\t\t\t\t\t\t\t\t\t\t\t\t\t\n\n\t\t\t\t\t\t\t<div class=\"tiles_inner\">\n\n\t\t\t\t\t\t\t\t<div class=\"tiles_image\">\n\n\t\t\t\t\t\t\t\t\t<img decoding=\"async\" src=\"https:\/\/acoteq.com\/wp-content\/uploads\/2026\/03\/mingcute_dot-circle-fill.svg\" alt=\"\">\n\n\t\t\t\t\t\t\t\t<\/div>\n\n\t\t\t\t\t\t\t\t<div class=\"tiles_info\">\n\n\t\t\t\t\t\t\t\t\t<div>\n\n\t\t\t\t\t\t\t\t\t\t<strong class=\"title\">Modernisierung der Rollenlagerung<\/strong>\n\t\t\t\t\t\t\t\t\t\t\n\t\t\t\t\t\t\t\t\t\t<span class=\"description\"><p style=\"text-align: justify;\">\r\n<ul>\r\n \t<li>Ersatz vorhandener Lager durch verbesserte, leistungsst\u00e4rkere L\u00f6sungen<\/li>\r\n \t<li>Optimierung der Lastverteilung und Laufstabilit\u00e4t<\/li>\r\n \t<li>Einsatz reibungsarmer oder wartungsfreier Lagertypen<\/li>\r\n \t<li>Anpassung an das bestehende Rollengeh\u00e4use ohne gr\u00f6\u00dfere \u00c4nderungen<\/li>\r\n<\/ul><\/p>\r\n\r\n<\/span>\n\n\t\t\t\t\t\t\t\t\t<\/div>\n\n\t\t\t\t\t\t\t\t\t\n\t\t\t\t\t\t\t\t<\/div>\n\n\t\t\t\t\t\t\t<\/div>\n\n\t\t\t\t\t\t\t\t\t\t\t\t\t\t\t\n\n\t\t\t\t\t\t<\/div>\t\t\t\t\t\t\n\n\t\t\t\t\t\n\t\t\t\t\t\t\t\t\n\n\t\t<\/div>\n\n\t<\/div>\n\n<\/section>\n\n\n<div style=\"height:50px\" aria-hidden=\"true\" class=\"wp-block-spacer\"><\/div>\n<\/div><\/div>\n\n\n<section class=\"service\">\n\t\n\t<div class=\"container\">\n\n\t\t<div class=\"row\">\n\n\t\t\t<div class=\"col-lg-12\">\n\n\t\t\t\t<div class=\"service_inner\">\n\n\t\t\t\t\t<div class=\"row\">\n\n\t\t\t\t\t\t<div class=\"col-lg-6 service_text\">\n\n\t\t\t\t\t\t\t<h2><em>GESADUR Rollen<\/em><strong>TECHNISCHER<\/strong> SERVICE<\/h2>\n<p><strong>PRODUKTIONSPROBLEME?<\/strong><br \/>\nErhalten Sie direkte Diagnoseunterst\u00fctzung von unseren Ingenieuren.<br \/>\nWir bewerten mechanische und elektrische Probleme sofort.<\/p>\n\n\t\t\t\t\t\t\t\n\t\t\t\t\t\t\t\t<ul>\n\n\t\t\t\t\t\t\t\t\n\t\t\t\t\t\t\t\t\t<li>MASCHINENANALYSE<\/li>\n\n\t\t\t\t\t\t\t\t\n\t\t\t\t\t\t\t\t\t<li>SOFTWARE-SUPPORT<\/li>\n\n\t\t\t\t\t\t\t\t\n\t\t\t\t\t\t\t\t<\/ul>\n\n\t\t\t\t\t\t\t\t\t\t\t\t\t\t\n\n\t\t\t\t\t\t<\/div>\n\n\t\t\t\t\t\t<div class=\"col-lg-6 service_links\">\n\n\t\t\t\t\t\t\t<div>\n\n\t\t\t\t\t\t\t\t<span><span class=\"pulsing_dot\"><\/span>&nbsp;Direkter Draht zum Technikteam<\/span>\n\n\t\t\t\t\t\t\t\t<a target=\"_blank\" href=\"https:\/\/wa.me\/4915140779592\">\n\t\t\t\t\t\t\t\t\t\n\t\t\t\t\t\t\t\t\t<img decoding=\"async\" src=\"https:\/\/acoteq.com\/wp-content\/themes\/acoteq\/assets\/img\/whatsapp.png\" alt=\"Icon WhatsApp\">\n\n\t\t\t\t\t\t\t\t\t<div>\n\n\t\t\t\t\t\t\t\t\t\t<strong>Auf WhatsApp chatten<\/strong>\n\n\t\t\t\t\t\t\t\t\t<\/div>\n\n\t\t\t\t\t\t\t\t<\/a>\n\n\t\t\t\t\t\t\t\t<a target=\"_blank\" href=\"https:\/\/teams.microsoft.com\/l\/chat\/0\/0?users=info@acoteq.com\">\n\t\t\t\t\t\t\t\t\t\n\t\t\t\t\t\t\t\t\t<img decoding=\"async\" src=\"https:\/\/acoteq.com\/wp-content\/themes\/acoteq\/assets\/img\/teams.png\" alt=\"Icon MS Teams\">\n\n\t\t\t\t\t\t\t\t\t<div>\n\n\t\t\t\t\t\t\t\t\t\t<strong>Auf Teams chatten<\/strong>\n\n\t\t\t\t\t\t\t\t\t<\/div>\t\t\t\t\t\t\t\n\n\t\t\t\t\t\t\t\t<\/a>\n\n\t\t\t\t\t\t\t\t<span><a href=\"mailto:info@acoteq.com\">Oder kontaktieren Sie uns per E-Mail&nbsp;<i class=\"fas fa-arrow-right\"><\/i><\/a><\/span>\n\n\t\t\t\t\t\t\t<\/div>\n\n\t\t\t\t\t\t<\/div>\n\n\t\t\t\t\t<\/div>\n\n\t\t\t\t<\/div>\n\n\t\t\t<\/div>\n\n\t\t<\/div>\n\n\t<\/div>\n\n<\/section>\n\n\n<div class=\"wp-block-group has-text-color has-background has-link-color wp-elements-dd22baaacb6642b79a8f16c301715b7c\" style=\"color:#0e3770;background-color:#f3f4f7\"><div class=\"wp-block-group__inner-container is-layout-constrained wp-block-group-is-layout-constrained\">\n<div style=\"height:70px\" aria-hidden=\"true\" class=\"wp-block-spacer\"><\/div>\n\n\n<section class=\"headline align-left \">\n\t\n\t<div class=\"container\">\n\n\t\t<div class=\"row\">\n\n\t\t\t<div class=\"col-lg-12\">\n\n\t\t\t\t<div class=\"headline_wrapper\">\n\n\t\t\t\t\t<h2><strong>WARUM UNSER<\/strong> TECHNISCHER SERVICE<\/h2>\n\n\t\t\t\t\t\n\t\t\t\t<\/div>\n\n\t\t\t<\/div>\n\n\t\t<\/div>\n\n\t<\/div>\n\n<\/section>\n\n\n<div style=\"height:35px\" aria-hidden=\"true\" class=\"wp-block-spacer\"><\/div>\n\n\n\n<div class=\"wp-block-columns is-layout-flex wp-container-core-columns-is-layout-9d6595d7 wp-block-columns-is-layout-flex\">\n<div class=\"wp-block-column is-layout-flow wp-block-column-is-layout-flow\">\n<div class=\"wp-block-columns is-layout-flex wp-container-core-columns-is-layout-9d6595d7 wp-block-columns-is-layout-flex\">\n<div class=\"wp-block-column is-layout-flow wp-block-column-is-layout-flow\"><section class=\"text arrow_list green\">\n\t\n\t<div class=\"container\">\n\n\t\t<div class=\"row\">\n\n\t\t\t<div class=\"col-lg-12\">\n\n\t\t\t\t<ul>\n<li><strong>Praxisnahe Expertise<\/strong>Direkter Zugang zu Ingenieuren, die die mechanische Realit\u00e4t von Produktionslinien verstehen.<\/li>\n<li><strong>Ma\u00dfgeschneiderte technische L\u00f6sungen<\/strong>Schmierungs-, Rollen- und Lageroptimierungen, die speziell auf Ihre Maschinen und Betriebsbedingungen abgestimmt sind.<\/li>\n<li><strong>Reduzierung von Stillstandszeiten<\/strong>Proaktive Supportstrategien, die dazu beitragen, dass Linien l\u00e4nger laufen und reaktive Wartung reduziert wird.<\/li>\n<li><strong>Langfristige Zuverl\u00e4ssigkeit<\/strong>L\u00f6sungen mit Fokus auf strukturelle Stabilit\u00e4t, Verschlei\u00dfreduzierung und gleichbleibende Produktqualit\u00e4t \u00fcber die Zeit.<\/li>\n<\/ul>\n\n\t\t\t<\/div>\n\n\t\t<\/div>\n\n\t<\/div>\n\n<\/section><\/div>\n\n\n\n<div class=\"wp-block-column is-layout-flow wp-block-column-is-layout-flow\"><div class=\"container\">\n\n\t<div class=\"row\">\n\n\t\t<div class=\"col-lg-12\">\n\n\t\t\t<div class=\"imagewrap\">\n\n\t\t\t\t<img decoding=\"async\" src=\"https:\/\/acoteq.com\/wp-content\/uploads\/2026\/03\/roller-e1773136132261.png\" alt=\"\">\n\n\t\t\t\t\n\t\t\t<\/div>\n\n\t\t<\/div>\n\n\t<\/div>\n\n<\/div><\/div>\n<\/div>\n<\/div>\n<\/div>\n\n\n\n<div class=\"wp-block-columns is-layout-flex wp-container-core-columns-is-layout-9d6595d7 wp-block-columns-is-layout-flex\">\n<div class=\"wp-block-column is-layout-flow wp-block-column-is-layout-flow\"><section class=\"counter\">\n\t\n\t<div class=\"container\">\n\n\t\t<div class=\"row justify-content-center\">\n\n\t\t\t\n\t\t\t\t\n\t\t\t\t\t<div class=\"col counter_single\">\n\n\t\t\t\t\t\t<div class=\"counter_inner\">\n\n\t\t\t\t\t\t\t<div class=\"counter_icon\">\n\n\t\t\t\t\t\t\t\t<img decoding=\"async\" src=\"https:\/\/acoteq.com\/wp-content\/uploads\/2026\/02\/ic_sharp-engineering.svg\" alt=\"\">\n\n\t\t\t\t\t\t\t<\/div>\n\n\t\t\t\t\t\t\t<div class=\"counter_value\">\n\t\t\t\t\t\t\t\t\n\t\t\t\t\t\t\t\t<span><span class=\"counter_number\" data-value=\"100\">100<\/span>+<\/span>\n\n\t\t\t\t\t\t\t\t<strong class=\"counter_label\">KOMBINIERTE JAHRE<br>AN ERFAHRUNG<\/strong>\n\n\t\t\t\t\t\t\t<\/div>\n\n\t\t\t\t\t\t<\/div>\n\n\t\t\t\t\t<\/div>\n\n\t\t\t\t\n\t\t\t\t\t<div class=\"col counter_single\">\n\n\t\t\t\t\t\t<div class=\"counter_inner\">\n\n\t\t\t\t\t\t\t<div class=\"counter_icon\">\n\n\t\t\t\t\t\t\t\t<img decoding=\"async\" src=\"https:\/\/acoteq.com\/wp-content\/uploads\/2026\/02\/fluent_people-team-28-filled-1.svg\" alt=\"\">\n\n\t\t\t\t\t\t\t<\/div>\n\n\t\t\t\t\t\t\t<div class=\"counter_value\">\n\t\t\t\t\t\t\t\t\n\t\t\t\t\t\t\t\t<span><span class=\"counter_number\" data-value=\"15\">15<\/span>+<\/span>\n\n\t\t\t\t\t\t\t\t<strong class=\"counter_label\">INTEGRIERTE<br>SPEZIALISTEN<\/strong>\n\n\t\t\t\t\t\t\t<\/div>\n\n\t\t\t\t\t\t<\/div>\n\n\t\t\t\t\t<\/div>\n\n\t\t\t\t\n\t\t\t\t\t<div class=\"col counter_single\">\n\n\t\t\t\t\t\t<div class=\"counter_inner\">\n\n\t\t\t\t\t\t\t<div class=\"counter_icon\">\n\n\t\t\t\t\t\t\t\t<img decoding=\"async\" src=\"https:\/\/acoteq.com\/wp-content\/uploads\/2026\/02\/ic_sharp-verified-user.svg\" alt=\"\">\n\n\t\t\t\t\t\t\t<\/div>\n\n\t\t\t\t\t\t\t<div class=\"counter_value\">\n\t\t\t\t\t\t\t\t\n\t\t\t\t\t\t\t\t<span><span class=\"counter_number\" data-value=\"100\">100<\/span>%<\/span>\n\n\t\t\t\t\t\t\t\t<strong class=\"counter_label\">SICHERHEITS- &#038; CE-<br>KONFORMIT\u00c4T<\/strong>\n\n\t\t\t\t\t\t\t<\/div>\n\n\t\t\t\t\t\t<\/div>\n\n\t\t\t\t\t<\/div>\n\n\t\t\t\t\n\t\t\t\t\t<div class=\"col counter_single\">\n\n\t\t\t\t\t\t<div class=\"counter_inner\">\n\n\t\t\t\t\t\t\t<div class=\"counter_icon\">\n\n\t\t\t\t\t\t\t\t<img decoding=\"async\" src=\"https:\/\/acoteq.com\/wp-content\/uploads\/2026\/02\/mdi_message-text-fast-1.svg\" alt=\"\">\n\n\t\t\t\t\t\t\t<\/div>\n\n\t\t\t\t\t\t\t<div class=\"counter_value\">\n\t\t\t\t\t\t\t\t\n\t\t\t\t\t\t\t\t<span><span class=\"counter_number\" data-value=\"24\">24<\/span>h<\/span>\n\n\t\t\t\t\t\t\t\t<strong class=\"counter_label\">SUPPORT-<br>REAKTION<\/strong>\n\n\t\t\t\t\t\t\t<\/div>\n\n\t\t\t\t\t\t<\/div>\n\n\t\t\t\t\t<\/div>\n\n\t\t\t\t\t\n\n\t\t\t\t\t\t\n\n\t\t<\/div>\n\n\t<\/div>\n\n<\/section><\/div>\n<\/div>\n\n\n\n<div style=\"height:50px\" aria-hidden=\"true\" class=\"wp-block-spacer\"><\/div>\n<\/div><\/div>\n","protected":false},"excerpt":{"rendered":"","protected":false},"author":1,"featured_media":0,"parent":2673,"menu_order":0,"comment_status":"closed","ping_status":"closed","template":"","meta":{"_acf_changed":false,"footnotes":""},"class_list":["post-3999","page","type-page","status-publish","hentry"],"acf":[],"yoast_head":"<!-- This site is optimized with the Yoast SEO plugin v27.4 - https:\/\/yoast.com\/product\/yoast-seo-wordpress\/ -->\n<title>Technischer Service | GESADUR Rollen | ACOTEQ<\/title>\n<meta name=\"robots\" content=\"index, follow, max-snippet:-1, max-image-preview:large, max-video-preview:-1\" \/>\n<link rel=\"canonical\" href=\"https:\/\/acoteq.com\/de\/gesadur-rollen\/technischer-service\/\" \/>\n<meta property=\"og:locale\" content=\"de_DE\" \/>\n<meta property=\"og:type\" content=\"article\" \/>\n<meta property=\"og:title\" content=\"Technischer Service | GESADUR Rollen | ACOTEQ\" \/>\n<meta property=\"og:url\" content=\"https:\/\/acoteq.com\/de\/gesadur-rollen\/technischer-service\/\" \/>\n<meta property=\"og:site_name\" content=\"ACOTEQ\" \/>\n<meta property=\"article:modified_time\" content=\"2026-04-29T13:18:48+00:00\" \/>\n<meta name=\"twitter:card\" content=\"summary_large_image\" \/>\n<script type=\"application\/ld+json\" class=\"yoast-schema-graph\">{\"@context\":\"https:\\\/\\\/schema.org\",\"@graph\":[{\"@type\":\"WebPage\",\"@id\":\"https:\\\/\\\/acoteq.com\\\/de\\\/gesadur-rollen\\\/technischer-service\\\/\",\"url\":\"https:\\\/\\\/acoteq.com\\\/de\\\/gesadur-rollen\\\/technischer-service\\\/\",\"name\":\"Technischer Service | GESADUR Rollen | ACOTEQ\",\"isPartOf\":{\"@id\":\"https:\\\/\\\/acoteq.com\\\/de\\\/#website\"},\"datePublished\":\"2026-02-11T12:36:48+00:00\",\"dateModified\":\"2026-04-29T13:18:48+00:00\",\"breadcrumb\":{\"@id\":\"https:\\\/\\\/acoteq.com\\\/de\\\/gesadur-rollen\\\/technischer-service\\\/#breadcrumb\"},\"inLanguage\":\"de\",\"potentialAction\":[{\"@type\":\"ReadAction\",\"target\":[\"https:\\\/\\\/acoteq.com\\\/de\\\/gesadur-rollen\\\/technischer-service\\\/\"]}]},{\"@type\":\"BreadcrumbList\",\"@id\":\"https:\\\/\\\/acoteq.com\\\/de\\\/gesadur-rollen\\\/technischer-service\\\/#breadcrumb\",\"itemListElement\":[{\"@type\":\"ListItem\",\"position\":1,\"name\":\"Home\",\"item\":\"https:\\\/\\\/acoteq.com\\\/de\\\/\"},{\"@type\":\"ListItem\",\"position\":2,\"name\":\"GESADUR Rollen\",\"item\":\"https:\\\/\\\/acoteq.com\\\/de\\\/gesadur-rollen\\\/\"},{\"@type\":\"ListItem\",\"position\":3,\"name\":\"Technischer Service\"}]},{\"@type\":\"WebSite\",\"@id\":\"https:\\\/\\\/acoteq.com\\\/de\\\/#website\",\"url\":\"https:\\\/\\\/acoteq.com\\\/de\\\/\",\"name\":\"ACOTEQ\",\"description\":\"\",\"potentialAction\":[{\"@type\":\"SearchAction\",\"target\":{\"@type\":\"EntryPoint\",\"urlTemplate\":\"https:\\\/\\\/acoteq.com\\\/de\\\/?s={search_term_string}\"},\"query-input\":{\"@type\":\"PropertyValueSpecification\",\"valueRequired\":true,\"valueName\":\"search_term_string\"}}],\"inLanguage\":\"de\"}]}<\/script>\n<!-- \/ Yoast SEO plugin. -->","yoast_head_json":{"title":"Technischer Service | GESADUR Rollen | ACOTEQ","robots":{"index":"index","follow":"follow","max-snippet":"max-snippet:-1","max-image-preview":"max-image-preview:large","max-video-preview":"max-video-preview:-1"},"canonical":"https:\/\/acoteq.com\/de\/gesadur-rollen\/technischer-service\/","og_locale":"de_DE","og_type":"article","og_title":"Technischer Service | GESADUR Rollen | ACOTEQ","og_url":"https:\/\/acoteq.com\/de\/gesadur-rollen\/technischer-service\/","og_site_name":"ACOTEQ","article_modified_time":"2026-04-29T13:18:48+00:00","twitter_card":"summary_large_image","schema":{"@context":"https:\/\/schema.org","@graph":[{"@type":"WebPage","@id":"https:\/\/acoteq.com\/de\/gesadur-rollen\/technischer-service\/","url":"https:\/\/acoteq.com\/de\/gesadur-rollen\/technischer-service\/","name":"Technischer Service | GESADUR Rollen | ACOTEQ","isPartOf":{"@id":"https:\/\/acoteq.com\/de\/#website"},"datePublished":"2026-02-11T12:36:48+00:00","dateModified":"2026-04-29T13:18:48+00:00","breadcrumb":{"@id":"https:\/\/acoteq.com\/de\/gesadur-rollen\/technischer-service\/#breadcrumb"},"inLanguage":"de","potentialAction":[{"@type":"ReadAction","target":["https:\/\/acoteq.com\/de\/gesadur-rollen\/technischer-service\/"]}]},{"@type":"BreadcrumbList","@id":"https:\/\/acoteq.com\/de\/gesadur-rollen\/technischer-service\/#breadcrumb","itemListElement":[{"@type":"ListItem","position":1,"name":"Home","item":"https:\/\/acoteq.com\/de\/"},{"@type":"ListItem","position":2,"name":"GESADUR Rollen","item":"https:\/\/acoteq.com\/de\/gesadur-rollen\/"},{"@type":"ListItem","position":3,"name":"Technischer Service"}]},{"@type":"WebSite","@id":"https:\/\/acoteq.com\/de\/#website","url":"https:\/\/acoteq.com\/de\/","name":"ACOTEQ","description":"","potentialAction":[{"@type":"SearchAction","target":{"@type":"EntryPoint","urlTemplate":"https:\/\/acoteq.com\/de\/?s={search_term_string}"},"query-input":{"@type":"PropertyValueSpecification","valueRequired":true,"valueName":"search_term_string"}}],"inLanguage":"de"}]}},"_links":{"self":[{"href":"https:\/\/acoteq.com\/de\/wp-json\/wp\/v2\/pages\/3999","targetHints":{"allow":["GET"]}}],"collection":[{"href":"https:\/\/acoteq.com\/de\/wp-json\/wp\/v2\/pages"}],"about":[{"href":"https:\/\/acoteq.com\/de\/wp-json\/wp\/v2\/types\/page"}],"author":[{"embeddable":true,"href":"https:\/\/acoteq.com\/de\/wp-json\/wp\/v2\/users\/1"}],"replies":[{"embeddable":true,"href":"https:\/\/acoteq.com\/de\/wp-json\/wp\/v2\/comments?post=3999"}],"version-history":[{"count":30,"href":"https:\/\/acoteq.com\/de\/wp-json\/wp\/v2\/pages\/3999\/revisions"}],"predecessor-version":[{"id":10608,"href":"https:\/\/acoteq.com\/de\/wp-json\/wp\/v2\/pages\/3999\/revisions\/10608"}],"up":[{"embeddable":true,"href":"https:\/\/acoteq.com\/de\/wp-json\/wp\/v2\/pages\/2673"}],"wp:attachment":[{"href":"https:\/\/acoteq.com\/de\/wp-json\/wp\/v2\/media?parent=3999"}],"curies":[{"name":"wp","href":"https:\/\/api.w.org\/{rel}","templated":true}]}}