{"id":4007,"date":"2026-02-11T13:36:11","date_gmt":"2026-02-11T12:36:11","guid":{"rendered":"https:\/\/acoteq.com\/gesadur-rollers\/engineering-phase-support\/"},"modified":"2026-04-29T15:24:11","modified_gmt":"2026-04-29T13:24:11","slug":"design-und-engineering","status":"publish","type":"page","link":"https:\/\/acoteq.com\/de\/gesadur-rollen\/design-und-engineering\/","title":{"rendered":"Design &amp; Engineering"},"content":{"rendered":"<section class=\"banner\">\n\n\t<img decoding=\"async\" src=\"https:\/\/acoteq.com\/wp-content\/uploads\/2026\/02\/gesadur_engineering.png\" alt=\"\">\n\n\t<div class=\"banner_overlay\">\n\n\t\t<div class=\"container\">\n\n\t\t\t<div class=\"row banner_text\">\n\n\t\t\t\t<div class=\"col-lg-12\">\n\n\t\t\t\t\t<h1><em>GESADUR Rollen<\/em><strong>Design &amp; Engineering<\/strong><\/h1>\n<p style=\"text-align: justify;\">Wir entwickeln Rollen, Lagersysteme, Tragstrukturen und komplette Unterrolleneinheiten auf der Grundlage realer Betriebsbedingungen und gew\u00e4hrleisten dabei strukturelle Integrit\u00e4t, zuverl\u00e4ssige Integration und langfristige Leistung.<\/p>\n\n\t\t\t\t\t \n\t\t\t\t<\/div>\n\n\t\t\t<\/div>\n\n\t\t<\/div>\n\n\t<\/div>\n\n<\/section>\n\n\n<div class=\"wp-block-group has-text-color has-background has-link-color wp-elements-82cc21ef309583b763a9a02cc47ad57e\" style=\"color:#0e3770;background-color:#f3f4f7\"><div class=\"wp-block-group__inner-container is-layout-constrained wp-block-group-is-layout-constrained\">\n<div style=\"height:20px\" aria-hidden=\"true\" class=\"wp-block-spacer\"><\/div>\n\n\n<section class=\"headline align-center \">\n\t\n\t<div class=\"container\">\n\n\t\t<div class=\"row\">\n\n\t\t\t<div class=\"col-lg-12\">\n\n\t\t\t\t<div class=\"headline_wrapper\">\n\n\t\t\t\t\t<h2><em>Durch ENGINEERING berechnet, f\u00fcr ZUVERL\u00c4SSIGKEIT gebaut<\/em> <strong>ENGINEERING<\/strong> SUPPORT<\/h2>\n\n\t\t\t\t\t\n\t\t\t\t<\/div>\n\n\t\t\t<\/div>\n\n\t\t<\/div>\n\n\t<\/div>\n\n<\/section>\n\n\n<div style=\"height:50px\" aria-hidden=\"true\" class=\"wp-block-spacer\"><\/div>\n\n\n<section class=\"tiles\">\n\t\n\t<div class=\"container\">\n\n\t\t<div class=\"row\">\n\n\t\t\t\n\t\t\t\n\t\t\t\t\t\n\t\t\t\t\t\t<div class=\"col-lg-4 tiles_single type_2\">\n\n\t\t\t\t\t\t\t\t\t\t\t\t\t\t\n\n\t\t\t\t\t\t\t<div class=\"tiles_inner\">\n\n\t\t\t\t\t\t\t\t<div class=\"tiles_image\">\n\n\t\t\t\t\t\t\t\t\t<img decoding=\"async\" src=\"https:\/\/acoteq.com\/wp-content\/uploads\/2026\/03\/icon-park-outline_triangle-ruler.svg\" alt=\"\">\n\n\t\t\t\t\t\t\t\t<\/div>\n\n\t\t\t\t\t\t\t\t<div class=\"tiles_info\">\n\n\t\t\t\t\t\t\t\t\t<div>\n\n\t\t\t\t\t\t\t\t\t\t<strong class=\"title\">Berechnung und Konstruktion<\/strong>\n\t\t\t\t\t\t\t\t\t\t\n\t\t\t\t\t\t\t\t\t\t<span class=\"description\"><p style=\"text-align: justify;\">Basierend auf Geschwindigkeiten, mechanischen Lasten und Rollenpositionen (Winkel) berechnen wir:\r\n<ul>\r\n \t<li>Rollendurchmesser<\/li>\r\n \t<li>Rollenbreite<\/li>\r\n \t<li>Sicherheitsfaktor<\/li>\r\n<\/ul><\/p><\/span>\n\n\t\t\t\t\t\t\t\t\t<\/div>\n\n\t\t\t\t\t\t\t\t\t\n\t\t\t\t\t\t\t\t<\/div>\n\n\t\t\t\t\t\t\t<\/div>\n\n\t\t\t\t\t\t\t\t\t\t\t\t\t\t\t\n\n\t\t\t\t\t\t<\/div>\t\t\t\t\t\t\n\n\t\t\t\t\t\n\t\t\t\t\n\t\t\t\t\t\n\t\t\t\t\t\t<div class=\"col-lg-4 tiles_single type_2\">\n\n\t\t\t\t\t\t\t\t\t\t\t\t\t\t\n\n\t\t\t\t\t\t\t<div class=\"tiles_inner\">\n\n\t\t\t\t\t\t\t\t<div class=\"tiles_image\">\n\n\t\t\t\t\t\t\t\t\t<img decoding=\"async\" src=\"https:\/\/acoteq.com\/wp-content\/uploads\/2026\/03\/Group.svg\" alt=\"\">\n\n\t\t\t\t\t\t\t\t<\/div>\n\n\t\t\t\t\t\t\t\t<div class=\"tiles_info\">\n\n\t\t\t\t\t\t\t\t\t<div>\n\n\t\t\t\t\t\t\t\t\t\t<strong class=\"title\">Technisches Engineering<\/strong>\n\t\t\t\t\t\t\t\t\t\t\n\t\t\t\t\t\t\t\t\t\t<span class=\"description\"><p style=\"text-align: justify;\">In dieser Phase entwickeln wir technische Zeichnungen der Rolle, einschlie\u00dflich:\r\n<ul>\r\n \t<li>3D-Modellierung (Nabe, Bohrung und Passungstoleranzen)<\/li>\r\n \t<li>Festlegung der Oberfl\u00e4chenbeschaffenheit, Kontaktgeometrie und Rundlauftoleranz<\/li>\r\n \t<li>Erstellung von Fertigungszeichnungen und Qualit\u00e4tskontrolldaten<\/li>\r\n<\/ul><\/p><\/span>\n\n\t\t\t\t\t\t\t\t\t<\/div>\n\n\t\t\t\t\t\t\t\t\t\n\t\t\t\t\t\t\t\t<\/div>\n\n\t\t\t\t\t\t\t<\/div>\n\n\t\t\t\t\t\t\t\t\t\t\t\t\t\t\t\n\n\t\t\t\t\t\t<\/div>\t\t\t\t\t\t\n\n\t\t\t\t\t\n\t\t\t\t\n\t\t\t\t\t\n\t\t\t\t\t\t<div class=\"col-lg-4 tiles_single type_2\">\n\n\t\t\t\t\t\t\t\t\t\t\t\t\t\t\n\n\t\t\t\t\t\t\t<div class=\"tiles_inner\">\n\n\t\t\t\t\t\t\t\t<div class=\"tiles_image\">\n\n\t\t\t\t\t\t\t\t\t<img decoding=\"async\" src=\"https:\/\/acoteq.com\/wp-content\/uploads\/2026\/03\/mingcute_dot-circle-fill.svg\" alt=\"\">\n\n\t\t\t\t\t\t\t\t<\/div>\n\n\t\t\t\t\t\t\t\t<div class=\"tiles_info\">\n\n\t\t\t\t\t\t\t\t\t<div>\n\n\t\t\t\t\t\t\t\t\t\t<strong class=\"title\">Auswahl des Lagersystems<\/strong>\n\t\t\t\t\t\t\t\t\t\t\n\t\t\t\t\t\t\t\t\t\t<span class=\"description\"><p style=\"text-align: justify;\">\r\n<ul>\r\n \t<li>Bestimmung von Lagerlasten und dynamischen Anforderungen<\/li>\r\n \t<li>Auswahl des Lagertyps (Kugel-, Rollen- oder Gleitlager)<\/li>\r\n \t<li>Spezifikation des Schmiersystems und des Dichtungskonzepts<\/li>\r\n \t<li>Berechnung der Lebensdauer und Wartungsintervalle<\/li>\r\n \t<li>Integration des Lagers in das Rollengeh\u00e4use f\u00fcr eine einfache Montage<\/li>\r\n<\/ul><\/p><\/span>\n\n\t\t\t\t\t\t\t\t\t<\/div>\n\n\t\t\t\t\t\t\t\t\t\n\t\t\t\t\t\t\t\t<\/div>\n\n\t\t\t\t\t\t\t<\/div>\n\n\t\t\t\t\t\t\t\t\t\t\t\t\t\t\t\n\n\t\t\t\t\t\t<\/div>\t\t\t\t\t\t\n\n\t\t\t\t\t\n\t\t\t\t\n\t\t\t\t\t\n\t\t\t\t\t\t<div class=\"col-lg-4 tiles_single type_2\">\n\n\t\t\t\t\t\t\t\t\t\t\t\t\t\t\n\n\t\t\t\t\t\t\t<div class=\"tiles_inner\">\n\n\t\t\t\t\t\t\t\t<div class=\"tiles_image\">\n\n\t\t\t\t\t\t\t\t\t<img decoding=\"async\" src=\"https:\/\/acoteq.com\/wp-content\/uploads\/2026\/03\/material-symbols-light_circle.svg\" alt=\"\">\n\n\t\t\t\t\t\t\t\t<\/div>\n\n\t\t\t\t\t\t\t\t<div class=\"tiles_info\">\n\n\t\t\t\t\t\t\t\t\t<div>\n\n\t\t\t\t\t\t\t\t\t\t<strong class=\"title\">Konstruktion der Rollenhalter<\/strong>\n\t\t\t\t\t\t\t\t\t\t\n\t\t\t\t\t\t\t\t\t\t<span class=\"description\"><p style=\"text-align: justify;\">\r\n<ul>\r\n \t<li>Konstruktion der Montagetruktur zur Unterst\u00fctzung der Rolle unter Last<\/li>\r\n \t<li>Definition von Ausrichtungs- und Einstellmerkmalen f\u00fcr pr\u00e4zisen Betrieb<\/li>\r\n \t<li>Materialauswahl zur Gew\u00e4hrleistung von Korrosionsbest\u00e4ndigkeit und struktureller Stabilit\u00e4t<\/li>\r\n \t<li>Vereinfachte Wartung und Konzept f\u00fcr schnellen Austausch<\/li>\r\n<\/ul><\/p><\/span>\n\n\t\t\t\t\t\t\t\t\t<\/div>\n\n\t\t\t\t\t\t\t\t\t\n\t\t\t\t\t\t\t\t<\/div>\n\n\t\t\t\t\t\t\t<\/div>\n\n\t\t\t\t\t\t\t\t\t\t\t\t\t\t\t\n\n\t\t\t\t\t\t<\/div>\t\t\t\t\t\t\n\n\t\t\t\t\t\n\t\t\t\t\n\t\t\t\t\t\n\t\t\t\t\t\t<div class=\"col-lg-4 tiles_single type_2\">\n\n\t\t\t\t\t\t\t\t\t\t\t\t\t\t\n\n\t\t\t\t\t\t\t<div class=\"tiles_inner\">\n\n\t\t\t\t\t\t\t\t<div class=\"tiles_image\">\n\n\t\t\t\t\t\t\t\t\t<img decoding=\"async\" src=\"https:\/\/acoteq.com\/wp-content\/uploads\/2026\/03\/material-symbols_circles.svg\" alt=\"\">\n\n\t\t\t\t\t\t\t\t<\/div>\n\n\t\t\t\t\t\t\t\t<div class=\"tiles_info\">\n\n\t\t\t\t\t\t\t\t\t<div>\n\n\t\t\t\t\t\t\t\t\t\t<strong class=\"title\">Konstruktion einer vollst\u00e4ndigen Tragrolleneinheit<\/strong>\n\t\t\t\t\t\t\t\t\t\t\n\t\t\t\t\t\t\t\t\t\t<span class=\"description\"><p style=\"text-align: justify;\">\r\n<ul>\r\n \t<li>Strukturelle Konstruktion zur Stabilisierung der Rolle und Vermeidung von Vibrationen<\/li>\r\n \t<li>Gew\u00e4hrleistet einfache Ausrichtung, Reinigung und Inspektion<\/li>\r\n \t<li>Anpassung an unterschiedliche Maschinen und Gr\u00f6\u00dfen<\/li>\r\n<\/ul><\/p>\r\n<\/span>\n\n\t\t\t\t\t\t\t\t\t<\/div>\n\n\t\t\t\t\t\t\t\t\t\n\t\t\t\t\t\t\t\t<\/div>\n\n\t\t\t\t\t\t\t<\/div>\n\n\t\t\t\t\t\t\t\t\t\t\t\t\t\t\t\n\n\t\t\t\t\t\t<\/div>\t\t\t\t\t\t\n\n\t\t\t\t\t\n\t\t\t\t\t\t\t\t\n\n\t\t<\/div>\n\n\t<\/div>\n\n<\/section>\n\n\n<div style=\"height:50px\" aria-hidden=\"true\" class=\"wp-block-spacer\"><\/div>\n<\/div><\/div>\n\n\n<section class=\"service\">\n\t\n\t<div class=\"container\">\n\n\t\t<div class=\"row\">\n\n\t\t\t<div class=\"col-lg-12\">\n\n\t\t\t\t<div class=\"service_inner\">\n\n\t\t\t\t\t<div class=\"row\">\n\n\t\t\t\t\t\t<div class=\"col-lg-6 service_text\">\n\n\t\t\t\t\t\t\t<h2><em>DRAHT- &amp; KABELINDUSTRIE<\/em><strong>TECHNISCHER<\/strong> SERVICE<\/h2>\n<p><strong>PRODUKTIONSPROBLEME?<\/strong><br \/>\nErhalten Sie direkte Diagnoseunterst\u00fctzung von unseren Ingenieuren.<br \/>\nWir bewerten mechanische und elektrische Probleme sofort.<\/p>\n\n\t\t\t\t\t\t\t\n\t\t\t\t\t\t\t\t<ul>\n\n\t\t\t\t\t\t\t\t\n\t\t\t\t\t\t\t\t\t<li>MASCHINENANALYSE<\/li>\n\n\t\t\t\t\t\t\t\t\n\t\t\t\t\t\t\t\t\t<li>SOFTWARE-SUPPORT<\/li>\n\n\t\t\t\t\t\t\t\t\n\t\t\t\t\t\t\t\t<\/ul>\n\n\t\t\t\t\t\t\t\t\t\t\t\t\t\t\n\n\t\t\t\t\t\t<\/div>\n\n\t\t\t\t\t\t<div class=\"col-lg-6 service_links\">\n\n\t\t\t\t\t\t\t<div>\n\n\t\t\t\t\t\t\t\t<span><span class=\"pulsing_dot\"><\/span>&nbsp;Direkter Draht zum Technikteam<\/span>\n\n\t\t\t\t\t\t\t\t<a target=\"_blank\" href=\"https:\/\/wa.me\/4915140779592\">\n\t\t\t\t\t\t\t\t\t\n\t\t\t\t\t\t\t\t\t<img decoding=\"async\" src=\"https:\/\/acoteq.com\/wp-content\/themes\/acoteq\/assets\/img\/whatsapp.png\" alt=\"Icon WhatsApp\">\n\n\t\t\t\t\t\t\t\t\t<div>\n\n\t\t\t\t\t\t\t\t\t\t<strong>Auf WhatsApp chatten<\/strong>\n\n\t\t\t\t\t\t\t\t\t<\/div>\n\n\t\t\t\t\t\t\t\t<\/a>\n\n\t\t\t\t\t\t\t\t<a target=\"_blank\" href=\"https:\/\/teams.microsoft.com\/l\/chat\/0\/0?users=info@acoteq.com\">\n\t\t\t\t\t\t\t\t\t\n\t\t\t\t\t\t\t\t\t<img decoding=\"async\" src=\"https:\/\/acoteq.com\/wp-content\/themes\/acoteq\/assets\/img\/teams.png\" alt=\"Icon MS Teams\">\n\n\t\t\t\t\t\t\t\t\t<div>\n\n\t\t\t\t\t\t\t\t\t\t<strong>Auf Teams chatten<\/strong>\n\n\t\t\t\t\t\t\t\t\t<\/div>\t\t\t\t\t\t\t\n\n\t\t\t\t\t\t\t\t<\/a>\n\n\t\t\t\t\t\t\t\t<span><a href=\"mailto:info@acoteq.com\">Oder kontaktieren Sie uns per E-Mail&nbsp;<i class=\"fas fa-arrow-right\"><\/i><\/a><\/span>\n\n\t\t\t\t\t\t\t<\/div>\n\n\t\t\t\t\t\t<\/div>\n\n\t\t\t\t\t<\/div>\n\n\t\t\t\t<\/div>\n\n\t\t\t<\/div>\n\n\t\t<\/div>\n\n\t<\/div>\n\n<\/section>\n\n\n<div class=\"wp-block-group has-text-color has-background has-link-color wp-elements-9a3a8e6b71bea261bf3f2c7d5ac89ae1\" style=\"color:#0e3770;background-color:#f3f4f7\"><div class=\"wp-block-group__inner-container is-layout-constrained wp-block-group-is-layout-constrained\">\n<div style=\"height:70px\" aria-hidden=\"true\" class=\"wp-block-spacer\"><\/div>\n\n\n<section class=\"headline align-left \">\n\t\n\t<div class=\"container\">\n\n\t\t<div class=\"row\">\n\n\t\t\t<div class=\"col-lg-12\">\n\n\t\t\t\t<div class=\"headline_wrapper\">\n\n\t\t\t\t\t<h2><strong>WARUM UNSER<\/strong> DESIGN &amp; ENGINEERING<\/h2>\n\n\t\t\t\t\t\n\t\t\t\t<\/div>\n\n\t\t\t<\/div>\n\n\t\t<\/div>\n\n\t<\/div>\n\n<\/section>\n\n\n<div style=\"height:35px\" aria-hidden=\"true\" class=\"wp-block-spacer\"><\/div>\n\n\n\n<div class=\"wp-block-columns is-layout-flex wp-container-core-columns-is-layout-9d6595d7 wp-block-columns-is-layout-flex\">\n<div class=\"wp-block-column is-layout-flow wp-block-column-is-layout-flow\">\n<div class=\"wp-block-columns is-layout-flex wp-container-core-columns-is-layout-9d6595d7 wp-block-columns-is-layout-flex\">\n<div class=\"wp-block-column is-layout-flow wp-block-column-is-layout-flow\"><section class=\"text arrow_list green\">\n\t\n\t<div class=\"container\">\n\n\t\t<div class=\"row\">\n\n\t\t\t<div class=\"col-lg-12\">\n\n\t\t\t\t<ul>\n<li style=\"text-align: justify;\"><strong>Wissenschaftlich fundiert<\/strong>Wir berechnen auf Grundlage mechanischer Prinzipien, Betriebslasten und technischer Kriterien.<\/li>\n<li style=\"text-align: justify;\"><strong>Passgenaue L\u00f6sungen<\/strong>Jedes Design wird an die Geometrie und Leistungsanforderungen der jeweiligen Maschine angepasst.<\/li>\n<li style=\"text-align: justify;\"><strong>Zuverl\u00e4ssigkeit<\/strong>Wir entwickeln f\u00fcr lange Lebensdauer, geringeren Wartungsaufwand und reduzierte ungeplante Stillstandszeiten.<\/li>\n<li style=\"text-align: justify;\"><strong>Verantwortung \u00fcber den gesamten Prozess<\/strong>Wir unterst\u00fctzen den gesamten Weg von der ersten Berechnung bis zur finalen technischen Dokumentation.<\/li>\n<\/ul>\n\n\t\t\t<\/div>\n\n\t\t<\/div>\n\n\t<\/div>\n\n<\/section><\/div>\n\n\n\n<div class=\"wp-block-column is-layout-flow wp-block-column-is-layout-flow\"><div class=\"container\">\n\n\t<div class=\"row\">\n\n\t\t<div class=\"col-lg-12\">\n\n\t\t\t<div class=\"imagewrap\">\n\n\t\t\t\t<img decoding=\"async\" src=\"https:\/\/acoteq.com\/wp-content\/uploads\/2026\/03\/Calculation-e1773133939586.png\" alt=\"\">\n\n\t\t\t\t\n\t\t\t<\/div>\n\n\t\t<\/div>\n\n\t<\/div>\n\n<\/div><\/div>\n<\/div>\n<\/div>\n<\/div>\n\n\n\n<div style=\"height:15px\" aria-hidden=\"true\" class=\"wp-block-spacer\"><\/div>\n\n\n\n<div class=\"wp-block-columns is-layout-flex wp-container-core-columns-is-layout-9d6595d7 wp-block-columns-is-layout-flex\">\n<div class=\"wp-block-column is-layout-flow wp-block-column-is-layout-flow\"><section class=\"counter\">\n\t\n\t<div class=\"container\">\n\n\t\t<div class=\"row justify-content-center\">\n\n\t\t\t\n\t\t\t\t\n\t\t\t\t\t<div class=\"col counter_single\">\n\n\t\t\t\t\t\t<div class=\"counter_inner\">\n\n\t\t\t\t\t\t\t<div class=\"counter_icon\">\n\n\t\t\t\t\t\t\t\t<img decoding=\"async\" src=\"https:\/\/acoteq.com\/wp-content\/uploads\/2026\/02\/ic_sharp-engineering.svg\" alt=\"\">\n\n\t\t\t\t\t\t\t<\/div>\n\n\t\t\t\t\t\t\t<div class=\"counter_value\">\n\t\t\t\t\t\t\t\t\n\t\t\t\t\t\t\t\t<span><span class=\"counter_number\" data-value=\"100\">100<\/span>+<\/span>\n\n\t\t\t\t\t\t\t\t<strong class=\"counter_label\">KOMBINIERTE JAHRE<br>AN ERFAHRUNG<\/strong>\n\n\t\t\t\t\t\t\t<\/div>\n\n\t\t\t\t\t\t<\/div>\n\n\t\t\t\t\t<\/div>\n\n\t\t\t\t\n\t\t\t\t\t<div class=\"col counter_single\">\n\n\t\t\t\t\t\t<div class=\"counter_inner\">\n\n\t\t\t\t\t\t\t<div class=\"counter_icon\">\n\n\t\t\t\t\t\t\t\t<img decoding=\"async\" src=\"https:\/\/acoteq.com\/wp-content\/uploads\/2026\/02\/fluent_people-team-28-filled-1.svg\" alt=\"\">\n\n\t\t\t\t\t\t\t<\/div>\n\n\t\t\t\t\t\t\t<div class=\"counter_value\">\n\t\t\t\t\t\t\t\t\n\t\t\t\t\t\t\t\t<span><span class=\"counter_number\" data-value=\"15\">15<\/span>+<\/span>\n\n\t\t\t\t\t\t\t\t<strong class=\"counter_label\">INTEGRIERTE<br>SPEZIALISTEN<\/strong>\n\n\t\t\t\t\t\t\t<\/div>\n\n\t\t\t\t\t\t<\/div>\n\n\t\t\t\t\t<\/div>\n\n\t\t\t\t\n\t\t\t\t\t<div class=\"col counter_single\">\n\n\t\t\t\t\t\t<div class=\"counter_inner\">\n\n\t\t\t\t\t\t\t<div class=\"counter_icon\">\n\n\t\t\t\t\t\t\t\t<img decoding=\"async\" src=\"https:\/\/acoteq.com\/wp-content\/uploads\/2026\/02\/ic_sharp-verified-user.svg\" alt=\"\">\n\n\t\t\t\t\t\t\t<\/div>\n\n\t\t\t\t\t\t\t<div class=\"counter_value\">\n\t\t\t\t\t\t\t\t\n\t\t\t\t\t\t\t\t<span><span class=\"counter_number\" data-value=\"100\">100<\/span>%<\/span>\n\n\t\t\t\t\t\t\t\t<strong class=\"counter_label\">SICHERHEITS- &#038; CE-<br>KONFORMIT\u00c4T<\/strong>\n\n\t\t\t\t\t\t\t<\/div>\n\n\t\t\t\t\t\t<\/div>\n\n\t\t\t\t\t<\/div>\n\n\t\t\t\t\n\t\t\t\t\t<div class=\"col counter_single\">\n\n\t\t\t\t\t\t<div class=\"counter_inner\">\n\n\t\t\t\t\t\t\t<div class=\"counter_icon\">\n\n\t\t\t\t\t\t\t\t<img decoding=\"async\" src=\"https:\/\/acoteq.com\/wp-content\/uploads\/2026\/02\/mdi_message-text-fast-1.svg\" alt=\"\">\n\n\t\t\t\t\t\t\t<\/div>\n\n\t\t\t\t\t\t\t<div class=\"counter_value\">\n\t\t\t\t\t\t\t\t\n\t\t\t\t\t\t\t\t<span><span class=\"counter_number\" data-value=\"24\">24<\/span>h<\/span>\n\n\t\t\t\t\t\t\t\t<strong class=\"counter_label\">SUPPORT-<br>REAKTION<\/strong>\n\n\t\t\t\t\t\t\t<\/div>\n\n\t\t\t\t\t\t<\/div>\n\n\t\t\t\t\t<\/div>\n\n\t\t\t\t\t\n\n\t\t\t\t\t\t\n\n\t\t<\/div>\n\n\t<\/div>\n\n<\/section><\/div>\n<\/div>\n\n\n\n<div style=\"height:50px\" aria-hidden=\"true\" class=\"wp-block-spacer\"><\/div>\n<\/div><\/div>\n","protected":false},"excerpt":{"rendered":"","protected":false},"author":1,"featured_media":0,"parent":2673,"menu_order":0,"comment_status":"closed","ping_status":"closed","template":"","meta":{"_acf_changed":false,"footnotes":""},"class_list":["post-4007","page","type-page","status-publish","hentry"],"acf":[],"yoast_head":"<!-- This site is optimized with the Yoast SEO plugin v27.4 - https:\/\/yoast.com\/product\/yoast-seo-wordpress\/ -->\n<title>Design &amp; Engineering | GESADUR Rollen | ACOTEQ<\/title>\n<meta name=\"robots\" content=\"index, follow, max-snippet:-1, max-image-preview:large, max-video-preview:-1\" \/>\n<link rel=\"canonical\" href=\"https:\/\/acoteq.com\/de\/gesadur-rollen\/design-und-engineering\/\" \/>\n<meta property=\"og:locale\" content=\"de_DE\" \/>\n<meta property=\"og:type\" content=\"article\" \/>\n<meta property=\"og:title\" content=\"Design &amp; Engineering | GESADUR Rollen | ACOTEQ\" \/>\n<meta property=\"og:url\" content=\"https:\/\/acoteq.com\/de\/gesadur-rollen\/design-und-engineering\/\" \/>\n<meta property=\"og:site_name\" content=\"ACOTEQ\" \/>\n<meta property=\"article:modified_time\" content=\"2026-04-29T13:24:11+00:00\" \/>\n<meta name=\"twitter:card\" content=\"summary_large_image\" \/>\n<script type=\"application\/ld+json\" class=\"yoast-schema-graph\">{\"@context\":\"https:\\\/\\\/schema.org\",\"@graph\":[{\"@type\":\"WebPage\",\"@id\":\"https:\\\/\\\/acoteq.com\\\/de\\\/gesadur-rollen\\\/design-und-engineering\\\/\",\"url\":\"https:\\\/\\\/acoteq.com\\\/de\\\/gesadur-rollen\\\/design-und-engineering\\\/\",\"name\":\"Design & Engineering | GESADUR Rollen | ACOTEQ\",\"isPartOf\":{\"@id\":\"https:\\\/\\\/acoteq.com\\\/de\\\/#website\"},\"datePublished\":\"2026-02-11T12:36:11+00:00\",\"dateModified\":\"2026-04-29T13:24:11+00:00\",\"breadcrumb\":{\"@id\":\"https:\\\/\\\/acoteq.com\\\/de\\\/gesadur-rollen\\\/design-und-engineering\\\/#breadcrumb\"},\"inLanguage\":\"de\",\"potentialAction\":[{\"@type\":\"ReadAction\",\"target\":[\"https:\\\/\\\/acoteq.com\\\/de\\\/gesadur-rollen\\\/design-und-engineering\\\/\"]}]},{\"@type\":\"BreadcrumbList\",\"@id\":\"https:\\\/\\\/acoteq.com\\\/de\\\/gesadur-rollen\\\/design-und-engineering\\\/#breadcrumb\",\"itemListElement\":[{\"@type\":\"ListItem\",\"position\":1,\"name\":\"Home\",\"item\":\"https:\\\/\\\/acoteq.com\\\/de\\\/\"},{\"@type\":\"ListItem\",\"position\":2,\"name\":\"GESADUR Rollen\",\"item\":\"https:\\\/\\\/acoteq.com\\\/de\\\/gesadur-rollen\\\/\"},{\"@type\":\"ListItem\",\"position\":3,\"name\":\"Design &amp; Engineering\"}]},{\"@type\":\"WebSite\",\"@id\":\"https:\\\/\\\/acoteq.com\\\/de\\\/#website\",\"url\":\"https:\\\/\\\/acoteq.com\\\/de\\\/\",\"name\":\"ACOTEQ\",\"description\":\"\",\"potentialAction\":[{\"@type\":\"SearchAction\",\"target\":{\"@type\":\"EntryPoint\",\"urlTemplate\":\"https:\\\/\\\/acoteq.com\\\/de\\\/?s={search_term_string}\"},\"query-input\":{\"@type\":\"PropertyValueSpecification\",\"valueRequired\":true,\"valueName\":\"search_term_string\"}}],\"inLanguage\":\"de\"}]}<\/script>\n<!-- \/ Yoast SEO plugin. -->","yoast_head_json":{"title":"Design & Engineering | GESADUR Rollen | ACOTEQ","robots":{"index":"index","follow":"follow","max-snippet":"max-snippet:-1","max-image-preview":"max-image-preview:large","max-video-preview":"max-video-preview:-1"},"canonical":"https:\/\/acoteq.com\/de\/gesadur-rollen\/design-und-engineering\/","og_locale":"de_DE","og_type":"article","og_title":"Design & Engineering | GESADUR Rollen | ACOTEQ","og_url":"https:\/\/acoteq.com\/de\/gesadur-rollen\/design-und-engineering\/","og_site_name":"ACOTEQ","article_modified_time":"2026-04-29T13:24:11+00:00","twitter_card":"summary_large_image","schema":{"@context":"https:\/\/schema.org","@graph":[{"@type":"WebPage","@id":"https:\/\/acoteq.com\/de\/gesadur-rollen\/design-und-engineering\/","url":"https:\/\/acoteq.com\/de\/gesadur-rollen\/design-und-engineering\/","name":"Design & Engineering | GESADUR Rollen | ACOTEQ","isPartOf":{"@id":"https:\/\/acoteq.com\/de\/#website"},"datePublished":"2026-02-11T12:36:11+00:00","dateModified":"2026-04-29T13:24:11+00:00","breadcrumb":{"@id":"https:\/\/acoteq.com\/de\/gesadur-rollen\/design-und-engineering\/#breadcrumb"},"inLanguage":"de","potentialAction":[{"@type":"ReadAction","target":["https:\/\/acoteq.com\/de\/gesadur-rollen\/design-und-engineering\/"]}]},{"@type":"BreadcrumbList","@id":"https:\/\/acoteq.com\/de\/gesadur-rollen\/design-und-engineering\/#breadcrumb","itemListElement":[{"@type":"ListItem","position":1,"name":"Home","item":"https:\/\/acoteq.com\/de\/"},{"@type":"ListItem","position":2,"name":"GESADUR Rollen","item":"https:\/\/acoteq.com\/de\/gesadur-rollen\/"},{"@type":"ListItem","position":3,"name":"Design &amp; Engineering"}]},{"@type":"WebSite","@id":"https:\/\/acoteq.com\/de\/#website","url":"https:\/\/acoteq.com\/de\/","name":"ACOTEQ","description":"","potentialAction":[{"@type":"SearchAction","target":{"@type":"EntryPoint","urlTemplate":"https:\/\/acoteq.com\/de\/?s={search_term_string}"},"query-input":{"@type":"PropertyValueSpecification","valueRequired":true,"valueName":"search_term_string"}}],"inLanguage":"de"}]}},"_links":{"self":[{"href":"https:\/\/acoteq.com\/de\/wp-json\/wp\/v2\/pages\/4007","targetHints":{"allow":["GET"]}}],"collection":[{"href":"https:\/\/acoteq.com\/de\/wp-json\/wp\/v2\/pages"}],"about":[{"href":"https:\/\/acoteq.com\/de\/wp-json\/wp\/v2\/types\/page"}],"author":[{"embeddable":true,"href":"https:\/\/acoteq.com\/de\/wp-json\/wp\/v2\/users\/1"}],"replies":[{"embeddable":true,"href":"https:\/\/acoteq.com\/de\/wp-json\/wp\/v2\/comments?post=4007"}],"version-history":[{"count":36,"href":"https:\/\/acoteq.com\/de\/wp-json\/wp\/v2\/pages\/4007\/revisions"}],"predecessor-version":[{"id":10623,"href":"https:\/\/acoteq.com\/de\/wp-json\/wp\/v2\/pages\/4007\/revisions\/10623"}],"up":[{"embeddable":true,"href":"https:\/\/acoteq.com\/de\/wp-json\/wp\/v2\/pages\/2673"}],"wp:attachment":[{"href":"https:\/\/acoteq.com\/de\/wp-json\/wp\/v2\/media?parent=4007"}],"curies":[{"name":"wp","href":"https:\/\/api.w.org\/{rel}","templated":true}]}}