{"id":4023,"date":"2026-02-11T13:33:25","date_gmt":"2026-02-11T12:33:25","guid":{"rendered":"https:\/\/acoteq.com\/automation\/"},"modified":"2026-04-09T11:57:25","modified_gmt":"2026-04-09T09:57:25","slug":"automatisierung","status":"publish","type":"page","link":"https:\/\/acoteq.com\/de\/draht-und-kabel\/automatisierung\/","title":{"rendered":"Automatisierung"},"content":{"rendered":"<section class=\"banner\">\n\n\t<img decoding=\"async\" src=\"https:\/\/acoteq.com\/wp-content\/uploads\/2026\/02\/Automation.jpeg\" alt=\"\">\n\n\t<div class=\"banner_overlay\">\n\n\t\t<div class=\"container\">\n\n\t\t\t<div class=\"row banner_text\">\n\n\t\t\t\t<div class=\"col-lg-12\">\n\n\t\t\t\t\t<h1><em>DRAHT &#038; KABEL<\/em><strong>AUTOMATISIERUNG<\/strong><\/h1>\n<p style=\"text-align: justify;\">Wir decken alles ab \u2013 von der Modernisierung von Steuerungssystemen und HMI-Upgrades bis hin zu robotischem Handling, prozessnaher Automatisierung und plattform\u00fcbergreifender Hardware-Unterst\u00fctzung.<\/p>\n\n\t\t\t\t\t \n\t\t\t\t<\/div>\n\n\t\t\t<\/div>\n\n\t\t<\/div>\n\n\t<\/div>\n\n<\/section>\n\n\n<div class=\"wp-block-group has-text-color has-background has-link-color wp-elements-25700d15bba5b10f69422f6290c5b26f\" style=\"color:#0e3770;background-color:#f3f4f7\"><div class=\"wp-block-group__inner-container is-layout-constrained wp-block-group-is-layout-constrained\">\n<div style=\"height:20px\" aria-hidden=\"true\" class=\"wp-block-spacer\"><\/div>\n\n\n<section class=\"headline align-center \">\n\t\n\t<div class=\"container\">\n\n\t\t<div class=\"row\">\n\n\t\t\t<div class=\"col-lg-12\">\n\n\t\t\t\t<div class=\"headline_wrapper\">\n\n\t\t\t\t\t<h2><em>Optimierung der Produktion durch<\/em> <strong>ENGINEERING<\/strong>-L\u00d6SUNGEN<\/h2>\n\n\t\t\t\t\t\n\t\t\t\t<\/div>\n\n\t\t\t<\/div>\n\n\t\t<\/div>\n\n\t<\/div>\n\n<\/section>\n\n\n<div style=\"height:50px\" aria-hidden=\"true\" class=\"wp-block-spacer\"><\/div>\n\n\n<section class=\"tiles\">\n\t\n\t<div class=\"container\">\n\n\t\t<div class=\"row\">\n\n\t\t\t\n\t\t\t\n\t\t\t\t\t\n\t\t\t\t\t\t<div class=\"col-lg-4 tiles_single type_2\">\n\n\t\t\t\t\t\t\t\t\t\t\t\t\t\t\n\n\t\t\t\t\t\t\t<div class=\"tiles_inner\">\n\n\t\t\t\t\t\t\t\t<div class=\"tiles_image\">\n\n\t\t\t\t\t\t\t\t\t<img decoding=\"async\" src=\"https:\/\/acoteq.com\/wp-content\/uploads\/2026\/03\/ix_plc-device.svg\" alt=\"\">\n\n\t\t\t\t\t\t\t\t<\/div>\n\n\t\t\t\t\t\t\t\t<div class=\"tiles_info\">\n\n\t\t\t\t\t\t\t\t\t<div>\n\n\t\t\t\t\t\t\t\t\t\t<strong class=\"title\">Modernisierung von Steuerungssystemen<\/strong>\n\t\t\t\t\t\t\t\t\t\t\n\t\t\t\t\t\t\t\t\t\t<span class=\"description\">Sch\u00fctzen Sie sich vor den Risiken veralteter Technik. Wir ersetzen unzuverl\u00e4ssige Altsysteme durch robuste, zukunftssichere Automatisierungsplattformen, die maximale Verf\u00fcgbarkeit gew\u00e4hrleisten.<\/span>\n\n\t\t\t\t\t\t\t\t\t<\/div>\n\n\t\t\t\t\t\t\t\t\t\n\t\t\t\t\t\t\t\t<\/div>\n\n\t\t\t\t\t\t\t<\/div>\n\n\t\t\t\t\t\t\t\t\t\t\t\t\t\t\t\n\n\t\t\t\t\t\t<\/div>\t\t\t\t\t\t\n\n\t\t\t\t\t\n\t\t\t\t\n\t\t\t\t\t\n\t\t\t\t\t\t<div class=\"col-lg-4 tiles_single type_2\">\n\n\t\t\t\t\t\t\t\t\t\t\t\t\t\t\n\n\t\t\t\t\t\t\t<div class=\"tiles_inner\">\n\n\t\t\t\t\t\t\t\t<div class=\"tiles_image\">\n\n\t\t\t\t\t\t\t\t\t<img decoding=\"async\" src=\"https:\/\/acoteq.com\/wp-content\/uploads\/2026\/03\/material-symbols_touch-long.svg\" alt=\"\">\n\n\t\t\t\t\t\t\t\t<\/div>\n\n\t\t\t\t\t\t\t\t<div class=\"tiles_info\">\n\n\t\t\t\t\t\t\t\t\t<div>\n\n\t\t\t\t\t\t\t\t\t\t<strong class=\"title\">HMI &#038; Schnittstellen der n\u00e4chsten Generation<\/strong>\n\t\t\t\t\t\t\t\t\t\t\n\t\t\t\t\t\t\t\t\t\t<span class=\"description\"><p style=\"text-align: justify;\">Intelligentere Schnittstellen f\u00fcr bessere Entscheidungen. Unsere intuitiven HMIs reduzieren Bedienfehler und versorgen Ihr Team mit Echtzeit-Datenvisualisierung.<\/p><\/span>\n\n\t\t\t\t\t\t\t\t\t<\/div>\n\n\t\t\t\t\t\t\t\t\t\n\t\t\t\t\t\t\t\t<\/div>\n\n\t\t\t\t\t\t\t<\/div>\n\n\t\t\t\t\t\t\t\t\t\t\t\t\t\t\t\n\n\t\t\t\t\t\t<\/div>\t\t\t\t\t\t\n\n\t\t\t\t\t\n\t\t\t\t\n\t\t\t\t\t\n\t\t\t\t\t\t<div class=\"col-lg-4 tiles_single type_2\">\n\n\t\t\t\t\t\t\t\t\t\t\t\t\t\t\n\n\t\t\t\t\t\t\t<div class=\"tiles_inner\">\n\n\t\t\t\t\t\t\t\t<div class=\"tiles_image\">\n\n\t\t\t\t\t\t\t\t\t<img decoding=\"async\" src=\"https:\/\/acoteq.com\/wp-content\/uploads\/2026\/03\/streamline-ultimate_factory-industrial-robot-arm-1-bold.svg\" alt=\"\">\n\n\t\t\t\t\t\t\t\t<\/div>\n\n\t\t\t\t\t\t\t\t<div class=\"tiles_info\">\n\n\t\t\t\t\t\t\t\t\t<div>\n\n\t\t\t\t\t\t\t\t\t\t<strong class=\"title\">Robotik<\/strong>\n\t\t\t\t\t\t\t\t\t\t\n\t\t\t\t\t\t\t\t\t\t<span class=\"description\"><p style=\"text-align: justify;\">Pr\u00e4zision im gro\u00dfen Ma\u00dfstab. Implementieren Sie robotische L\u00f6sungen, die wiederkehrende Aufgaben standardisieren, die Arbeitssicherheit erh\u00f6hen und makellose Konsistenz liefern.<\/p><\/span>\n\n\t\t\t\t\t\t\t\t\t<\/div>\n\n\t\t\t\t\t\t\t\t\t\n\t\t\t\t\t\t\t\t<\/div>\n\n\t\t\t\t\t\t\t<\/div>\n\n\t\t\t\t\t\t\t\t\t\t\t\t\t\t\t\n\n\t\t\t\t\t\t<\/div>\t\t\t\t\t\t\n\n\t\t\t\t\t\n\t\t\t\t\n\t\t\t\t\t\n\t\t\t\t\t\t<div class=\"col-lg-4 tiles_single type_2\">\n\n\t\t\t\t\t\t\t\t\t\t\t\t\t\t\n\n\t\t\t\t\t\t\t<div class=\"tiles_inner\">\n\n\t\t\t\t\t\t\t\t<div class=\"tiles_image\">\n\n\t\t\t\t\t\t\t\t\t<img decoding=\"async\" src=\"https:\/\/acoteq.com\/wp-content\/uploads\/2026\/03\/hugeicons_thread-1.svg\" alt=\"\">\n\n\t\t\t\t\t\t\t\t<\/div>\n\n\t\t\t\t\t\t\t\t<div class=\"tiles_info\">\n\n\t\t\t\t\t\t\t\t\t<div>\n\n\t\t\t\t\t\t\t\t\t\t<strong class=\"title\">Spezialisierte Prozesssteuerung<\/strong>\n\t\t\t\t\t\t\t\t\t\t\n\t\t\t\t\t\t\t\t\t\t<span class=\"description\"><p style=\"text-align: justify;\">Meisterschaft in jedem Meter. ACOTEQ Ingenieure sind auf die besonderen Variablen von Draht- &#038; Kabelanlagen spezialisiert und optimieren Spannung, Geschwindigkeit und Qualit\u00e4tskontrolle.<\/p><\/span>\n\n\t\t\t\t\t\t\t\t\t<\/div>\n\n\t\t\t\t\t\t\t\t\t\n\t\t\t\t\t\t\t\t<\/div>\n\n\t\t\t\t\t\t\t<\/div>\n\n\t\t\t\t\t\t\t\t\t\t\t\t\t\t\t\n\n\t\t\t\t\t\t<\/div>\t\t\t\t\t\t\n\n\t\t\t\t\t\n\t\t\t\t\n\t\t\t\t\t\n\t\t\t\t\t\t<div class=\"col-lg-4 tiles_single type_2\">\n\n\t\t\t\t\t\t\t\t\t\t\t\t\t\t\n\n\t\t\t\t\t\t\t<div class=\"tiles_inner\">\n\n\t\t\t\t\t\t\t\t<div class=\"tiles_image\">\n\n\t\t\t\t\t\t\t\t\t<img decoding=\"async\" src=\"https:\/\/acoteq.com\/wp-content\/uploads\/2026\/03\/ant-design_safety-outlined.svg\" alt=\"\">\n\n\t\t\t\t\t\t\t\t<\/div>\n\n\t\t\t\t\t\t\t\t<div class=\"tiles_info\">\n\n\t\t\t\t\t\t\t\t\t<div>\n\n\t\t\t\t\t\t\t\t\t\t<strong class=\"title\">Sicherheit &#038; Compliance<\/strong>\n\t\t\t\t\t\t\t\t\t\t\n\t\t\t\t\t\t\t\t\t\t<span class=\"description\"><p style=\"text-align: justify;\">Globale Standards, lokale Sicherheit. Wir entwickeln und integrieren umfassende Sicherheitssysteme, die strenge industrielle CE- und UL-Zertifizierungen erf\u00fcllen.<\/p><\/span>\n\n\t\t\t\t\t\t\t\t\t<\/div>\n\n\t\t\t\t\t\t\t\t\t\n\t\t\t\t\t\t\t\t<\/div>\n\n\t\t\t\t\t\t\t<\/div>\n\n\t\t\t\t\t\t\t\t\t\t\t\t\t\t\t\n\n\t\t\t\t\t\t<\/div>\t\t\t\t\t\t\n\n\t\t\t\t\t\n\t\t\t\t\t\t\t\t\n\n\t\t<\/div>\n\n\t<\/div>\n\n<\/section>\n\n\n<div style=\"height:50px\" aria-hidden=\"true\" class=\"wp-block-spacer\"><\/div>\n<\/div><\/div>\n\n\n<section class=\"service\">\n\t\n\t<div class=\"container\">\n\n\t\t<div class=\"row\">\n\n\t\t\t<div class=\"col-lg-12\">\n\n\t\t\t\t<div class=\"service_inner\">\n\n\t\t\t\t\t<div class=\"row\">\n\n\t\t\t\t\t\t<div class=\"col-lg-6 service_text\">\n\n\t\t\t\t\t\t\t<h2><em>DRAHT- &amp; KABELINDUSTRIE<\/em> <strong>technischer<\/strong> Service<\/h2>\n<p><strong>Produktionsprobleme?<\/strong><br \/>\nErhalten Sie direkte diagnostische Unterst\u00fctzung von unseren Ingenieuren.<br \/>\nWir bewerten mechanische und elektrische Probleme sofort.<\/p>\n\n\t\t\t\t\t\t\t\n\t\t\t\t\t\t\t\t<ul>\n\n\t\t\t\t\t\t\t\t\n\t\t\t\t\t\t\t\t\t<li>MASCHINENANALYSE<\/li>\n\n\t\t\t\t\t\t\t\t\n\t\t\t\t\t\t\t\t\t<li>SOFTWARE-SUPPORT<\/li>\n\n\t\t\t\t\t\t\t\t\n\t\t\t\t\t\t\t\t<\/ul>\n\n\t\t\t\t\t\t\t\t\t\t\t\t\t\t\n\n\t\t\t\t\t\t<\/div>\n\n\t\t\t\t\t\t<div class=\"col-lg-6 service_links\">\n\n\t\t\t\t\t\t\t<div>\n\n\t\t\t\t\t\t\t\t<span><span class=\"pulsing_dot\"><\/span>&nbsp;Direkter Draht zum Technikteam<\/span>\n\n\t\t\t\t\t\t\t\t<a target=\"_blank\" href=\"https:\/\/wa.me\/4915140779592\">\n\t\t\t\t\t\t\t\t\t\n\t\t\t\t\t\t\t\t\t<img decoding=\"async\" src=\"https:\/\/acoteq.com\/wp-content\/themes\/acoteq\/assets\/img\/whatsapp.png\" alt=\"Icon WhatsApp\">\n\n\t\t\t\t\t\t\t\t\t<div>\n\n\t\t\t\t\t\t\t\t\t\t<strong>Auf WhatsApp chatten<\/strong>\n\n\t\t\t\t\t\t\t\t\t<\/div>\n\n\t\t\t\t\t\t\t\t<\/a>\n\n\t\t\t\t\t\t\t\t<a target=\"_blank\" href=\"https:\/\/teams.microsoft.com\/l\/chat\/0\/0?users=info@acoteq.com\">\n\t\t\t\t\t\t\t\t\t\n\t\t\t\t\t\t\t\t\t<img decoding=\"async\" src=\"https:\/\/acoteq.com\/wp-content\/themes\/acoteq\/assets\/img\/teams.png\" alt=\"Icon MS Teams\">\n\n\t\t\t\t\t\t\t\t\t<div>\n\n\t\t\t\t\t\t\t\t\t\t<strong>Auf Teams chatten<\/strong>\n\n\t\t\t\t\t\t\t\t\t<\/div>\t\t\t\t\t\t\t\n\n\t\t\t\t\t\t\t\t<\/a>\n\n\t\t\t\t\t\t\t\t<span><a href=\"mailto:info@acoteq.com\">Oder kontaktieren Sie uns per E-Mail&nbsp;<i class=\"fas fa-arrow-right\"><\/i><\/a><\/span>\n\n\t\t\t\t\t\t\t<\/div>\n\n\t\t\t\t\t\t<\/div>\n\n\t\t\t\t\t<\/div>\n\n\t\t\t\t<\/div>\n\n\t\t\t<\/div>\n\n\t\t<\/div>\n\n\t<\/div>\n\n<\/section>\n\n\n<div class=\"wp-block-group has-text-color has-background has-link-color wp-elements-eefda92513799302bc3c9c9226b24901\" style=\"color:#0e3770;background-color:#f3f4f7\"><div class=\"wp-block-group__inner-container is-layout-constrained wp-block-group-is-layout-constrained\">\n<div style=\"height:25px\" aria-hidden=\"true\" class=\"wp-block-spacer\"><\/div>\n\n\n<section class=\"headline align-center \">\n\t\n\t<div class=\"container\">\n\n\t\t<div class=\"row\">\n\n\t\t\t<div class=\"col-lg-12\">\n\n\t\t\t\t<div class=\"headline_wrapper\">\n\n\t\t\t\t\t<h2><em>Plattformen &#038; Hardware<\/em> <strong>DIE WIR UNTERST\u00dcTZEN<\/strong><\/h2>\n\n\t\t\t\t\t\n\t\t\t\t<\/div>\n\n\t\t\t<\/div>\n\n\t\t<\/div>\n\n\t<\/div>\n\n<\/section>\n\n\n<div style=\"height:25px\" aria-hidden=\"true\" class=\"wp-block-spacer\"><\/div>\n\n\n<section class=\"manufacturers\">\n\t\n\t<div class=\"container\">\n\n\t\t<div class=\"row\">\n\n\t\t\t<div class=\"col-lg-12\">\n\n\t\t\t\t<div class=\"manufacturers_wrapper\">\n\n\t\t\t\t\t\n\t\t\t\t\t\t\t<div class=\"manufacturer_single\">\n\n\t\t\t\t\t\t\t\t<div class=\"manufacturer_inner\">\n\t\t\n\t\t\t\t\t\t\t\t\t<span>SIEMENS<\/span>\n\n\t\t\t\t\t\t\t\t<\/div>\n\n\t\t\t\t\t\t\t<\/div>\n\n\t\t\t\t\t\t\n\t\t\t\t\t\t\t<div class=\"manufacturer_single\">\n\n\t\t\t\t\t\t\t\t<div class=\"manufacturer_inner\">\n\t\t\n\t\t\t\t\t\t\t\t\t<span>ALLEN BRADLEY<\/span>\n\n\t\t\t\t\t\t\t\t<\/div>\n\n\t\t\t\t\t\t\t<\/div>\n\n\t\t\t\t\t\t\n\t\t\t\t\t\t\t<div class=\"manufacturer_single\">\n\n\t\t\t\t\t\t\t\t<div class=\"manufacturer_inner\">\n\t\t\n\t\t\t\t\t\t\t\t\t<span>SEW<\/span>\n\n\t\t\t\t\t\t\t\t<\/div>\n\n\t\t\t\t\t\t\t<\/div>\n\n\t\t\t\t\t\t\n\t\t\t\t\t\t\t<div class=\"manufacturer_single\">\n\n\t\t\t\t\t\t\t\t<div class=\"manufacturer_inner\">\n\t\t\n\t\t\t\t\t\t\t\t\t<span>YASKAWA<\/span>\n\n\t\t\t\t\t\t\t\t<\/div>\n\n\t\t\t\t\t\t\t<\/div>\n\n\t\t\t\t\t\t\n\t\t\t\t\t\t\t<div class=\"manufacturer_single\">\n\n\t\t\t\t\t\t\t\t<div class=\"manufacturer_inner\">\n\t\t\n\t\t\t\t\t\t\t\t\t<span>FUJI<\/span>\n\n\t\t\t\t\t\t\t\t<\/div>\n\n\t\t\t\t\t\t\t<\/div>\n\n\t\t\t\t\t\t\n\t\t\t\t\t\t\t<div class=\"manufacturer_single\">\n\n\t\t\t\t\t\t\t\t<div class=\"manufacturer_inner\">\n\t\t\n\t\t\t\t\t\t\t\t\t<span>PARKER SSD<\/span>\n\n\t\t\t\t\t\t\t\t<\/div>\n\n\t\t\t\t\t\t\t<\/div>\n\n\t\t\t\t\t\t\n\t\t\t\t\t\t\t<div class=\"manufacturer_single\">\n\n\t\t\t\t\t\t\t\t<div class=\"manufacturer_inner\">\n\t\t\n\t\t\t\t\t\t\t\t\t<span>PILZ<\/span>\n\n\t\t\t\t\t\t\t\t<\/div>\n\n\t\t\t\t\t\t\t<\/div>\n\n\t\t\t\t\t\t\n\t\t\t\t\t\t\t<div class=\"manufacturer_single\">\n\n\t\t\t\t\t\t\t\t<div class=\"manufacturer_inner\">\n\t\t\n\t\t\t\t\t\t\t\t\t<span>SICK<\/span>\n\n\t\t\t\t\t\t\t\t<\/div>\n\n\t\t\t\t\t\t\t<\/div>\n\n\t\t\t\t\t\t\n\t\t\t\t\t\t\t<div class=\"manufacturer_single\">\n\n\t\t\t\t\t\t\t\t<div class=\"manufacturer_inner\">\n\t\t\n\t\t\t\t\t\t\t\t\t<span>DOLD<\/span>\n\n\t\t\t\t\t\t\t\t<\/div>\n\n\t\t\t\t\t\t\t<\/div>\n\n\t\t\t\t\t\t\n\t\t\t\t\t\t\t<div class=\"manufacturer_single\">\n\n\t\t\t\t\t\t\t\t<div class=\"manufacturer_inner\">\n\t\t\n\t\t\t\t\t\t\t\t\t<span>SIEMENS S7<\/span>\n\n\t\t\t\t\t\t\t\t<\/div>\n\n\t\t\t\t\t\t\t<\/div>\n\n\t\t\t\t\t\t\n\t\t\t\t\t\t\t<div class=\"manufacturer_single\">\n\n\t\t\t\t\t\t\t\t<div class=\"manufacturer_inner\">\n\t\t\n\t\t\t\t\t\t\t\t\t<span>SIEMENS S5<\/span>\n\n\t\t\t\t\t\t\t\t<\/div>\n\n\t\t\t\t\t\t\t<\/div>\n\n\t\t\t\t\t\t\n\t\t\t\t\t\t\t<div class=\"manufacturer_single\">\n\n\t\t\t\t\t\t\t\t<div class=\"manufacturer_inner\">\n\t\t\n\t\t\t\t\t\t\t\t\t<span>CONTROL LOGIX<\/span>\n\n\t\t\t\t\t\t\t\t<\/div>\n\n\t\t\t\t\t\t\t<\/div>\n\n\t\t\t\t\t\t\n\t\t\t\t\t\t\t<div class=\"manufacturer_single\">\n\n\t\t\t\t\t\t\t\t<div class=\"manufacturer_inner\">\n\t\t\n\t\t\t\t\t\t\t\t\t<span>COMPACT LOGIX<\/span>\n\n\t\t\t\t\t\t\t\t<\/div>\n\n\t\t\t\t\t\t\t<\/div>\n\n\t\t\t\t\t\t\n\t\t\t\t\t\t\t<div class=\"manufacturer_single\">\n\n\t\t\t\t\t\t\t\t<div class=\"manufacturer_inner\">\n\t\t\n\t\t\t\t\t\t\t\t\t<span>SIEMENS MP\/OP<\/span>\n\n\t\t\t\t\t\t\t\t<\/div>\n\n\t\t\t\t\t\t\t<\/div>\n\n\t\t\t\t\t\t\n\t\t\t\t\t\t\t<div class=\"manufacturer_single\">\n\n\t\t\t\t\t\t\t\t<div class=\"manufacturer_inner\">\n\t\t\n\t\t\t\t\t\t\t\t\t<span>WINCC \/ TIA PORTAL<\/span>\n\n\t\t\t\t\t\t\t\t<\/div>\n\n\t\t\t\t\t\t\t<\/div>\n\n\t\t\t\t\t\t\n\t\t\t\t\t\t\t<div class=\"manufacturer_single\">\n\n\t\t\t\t\t\t\t\t<div class=\"manufacturer_inner\">\n\t\t\n\t\t\t\t\t\t\t\t\t<span>PANELVIEW<\/span>\n\n\t\t\t\t\t\t\t\t<\/div>\n\n\t\t\t\t\t\t\t<\/div>\n\n\t\t\t\t\t\t\n\t\t\t\t\t\t\t<div class=\"manufacturer_single\">\n\n\t\t\t\t\t\t\t\t<div class=\"manufacturer_inner\">\n\t\t\n\t\t\t\t\t\t\t\t\t<span>SINAMICS<\/span>\n\n\t\t\t\t\t\t\t\t<\/div>\n\n\t\t\t\t\t\t\t<\/div>\n\n\t\t\t\t\t\t\n\t\t\t\t\t\t\t<div class=\"manufacturer_single\">\n\n\t\t\t\t\t\t\t\t<div class=\"manufacturer_inner\">\n\t\t\n\t\t\t\t\t\t\t\t\t<span>MASTERDRIVES<\/span>\n\n\t\t\t\t\t\t\t\t<\/div>\n\n\t\t\t\t\t\t\t<\/div>\n\n\t\t\t\t\t\t\n\t\t\t\t\t\t\t<div class=\"manufacturer_single\">\n\n\t\t\t\t\t\t\t\t<div class=\"manufacturer_inner\">\n\t\t\n\t\t\t\t\t\t\t\t\t<span>UND MEHR&#8230;<\/span>\n\n\t\t\t\t\t\t\t\t<\/div>\n\n\t\t\t\t\t\t\t<\/div>\n\n\t\t\t\t\t\t\t\n\n\t\t\t\t<\/div>\t\t\t\t\n\n\t\t\t<\/div>\n\n\t\t<\/div>\n\n\t<\/div>\n\n<\/section>\n\n\n<div style=\"height:30px\" aria-hidden=\"true\" class=\"wp-block-spacer\"><\/div>\n\n\n\n<div style=\"height:50px\" aria-hidden=\"true\" class=\"wp-block-spacer\"><\/div>\n<\/div><\/div>\n","protected":false},"excerpt":{"rendered":"","protected":false},"author":1,"featured_media":0,"parent":4092,"menu_order":0,"comment_status":"closed","ping_status":"closed","template":"","meta":{"_acf_changed":false,"footnotes":""},"class_list":["post-4023","page","type-page","status-publish","hentry"],"acf":[],"yoast_head":"<!-- This site is optimized with the Yoast SEO plugin v27.2 - https:\/\/yoast.com\/product\/yoast-seo-wordpress\/ -->\n<title>Automatisierung | Draht &amp; Kabel | ACOTEQ<\/title>\n<meta name=\"robots\" content=\"index, follow, max-snippet:-1, max-image-preview:large, max-video-preview:-1\" \/>\n<link rel=\"canonical\" href=\"https:\/\/acoteq.com\/de\/draht-und-kabel\/automatisierung\/\" \/>\n<meta property=\"og:locale\" content=\"de_DE\" \/>\n<meta property=\"og:type\" content=\"article\" \/>\n<meta property=\"og:title\" content=\"Automatisierung | Draht &amp; Kabel | ACOTEQ\" \/>\n<meta property=\"og:url\" content=\"https:\/\/acoteq.com\/de\/draht-und-kabel\/automatisierung\/\" \/>\n<meta property=\"og:site_name\" content=\"ACOTEQ\" \/>\n<meta property=\"article:modified_time\" content=\"2026-04-09T09:57:25+00:00\" \/>\n<meta name=\"twitter:card\" content=\"summary_large_image\" \/>\n<script type=\"application\/ld+json\" class=\"yoast-schema-graph\">{\"@context\":\"https:\/\/schema.org\",\"@graph\":[{\"@type\":\"WebPage\",\"@id\":\"https:\/\/acoteq.com\/de\/draht-und-kabel\/automatisierung\/\",\"url\":\"https:\/\/acoteq.com\/de\/draht-und-kabel\/automatisierung\/\",\"name\":\"Automatisierung | Draht & Kabel | ACOTEQ\",\"isPartOf\":{\"@id\":\"https:\/\/acoteq.com\/de\/#website\"},\"datePublished\":\"2026-02-11T12:33:25+00:00\",\"dateModified\":\"2026-04-09T09:57:25+00:00\",\"breadcrumb\":{\"@id\":\"https:\/\/acoteq.com\/de\/draht-und-kabel\/automatisierung\/#breadcrumb\"},\"inLanguage\":\"de\",\"potentialAction\":[{\"@type\":\"ReadAction\",\"target\":[\"https:\/\/acoteq.com\/de\/draht-und-kabel\/automatisierung\/\"]}]},{\"@type\":\"BreadcrumbList\",\"@id\":\"https:\/\/acoteq.com\/de\/draht-und-kabel\/automatisierung\/#breadcrumb\",\"itemListElement\":[{\"@type\":\"ListItem\",\"position\":1,\"name\":\"Home\",\"item\":\"https:\/\/acoteq.com\/de\/\"},{\"@type\":\"ListItem\",\"position\":2,\"name\":\"Draht &amp; Kabel\",\"item\":\"https:\/\/acoteq.com\/de\/draht-und-kabel\/\"},{\"@type\":\"ListItem\",\"position\":3,\"name\":\"Automatisierung\"}]},{\"@type\":\"WebSite\",\"@id\":\"https:\/\/acoteq.com\/de\/#website\",\"url\":\"https:\/\/acoteq.com\/de\/\",\"name\":\"ACOTEQ\",\"description\":\"\",\"potentialAction\":[{\"@type\":\"SearchAction\",\"target\":{\"@type\":\"EntryPoint\",\"urlTemplate\":\"https:\/\/acoteq.com\/de\/?s={search_term_string}\"},\"query-input\":{\"@type\":\"PropertyValueSpecification\",\"valueRequired\":true,\"valueName\":\"search_term_string\"}}],\"inLanguage\":\"de\"}]}<\/script>\n<!-- \/ Yoast SEO plugin. -->","yoast_head_json":{"title":"Automatisierung | Draht & Kabel | ACOTEQ","robots":{"index":"index","follow":"follow","max-snippet":"max-snippet:-1","max-image-preview":"max-image-preview:large","max-video-preview":"max-video-preview:-1"},"canonical":"https:\/\/acoteq.com\/de\/draht-und-kabel\/automatisierung\/","og_locale":"de_DE","og_type":"article","og_title":"Automatisierung | Draht & Kabel | ACOTEQ","og_url":"https:\/\/acoteq.com\/de\/draht-und-kabel\/automatisierung\/","og_site_name":"ACOTEQ","article_modified_time":"2026-04-09T09:57:25+00:00","twitter_card":"summary_large_image","schema":{"@context":"https:\/\/schema.org","@graph":[{"@type":"WebPage","@id":"https:\/\/acoteq.com\/de\/draht-und-kabel\/automatisierung\/","url":"https:\/\/acoteq.com\/de\/draht-und-kabel\/automatisierung\/","name":"Automatisierung | Draht & Kabel | ACOTEQ","isPartOf":{"@id":"https:\/\/acoteq.com\/de\/#website"},"datePublished":"2026-02-11T12:33:25+00:00","dateModified":"2026-04-09T09:57:25+00:00","breadcrumb":{"@id":"https:\/\/acoteq.com\/de\/draht-und-kabel\/automatisierung\/#breadcrumb"},"inLanguage":"de","potentialAction":[{"@type":"ReadAction","target":["https:\/\/acoteq.com\/de\/draht-und-kabel\/automatisierung\/"]}]},{"@type":"BreadcrumbList","@id":"https:\/\/acoteq.com\/de\/draht-und-kabel\/automatisierung\/#breadcrumb","itemListElement":[{"@type":"ListItem","position":1,"name":"Home","item":"https:\/\/acoteq.com\/de\/"},{"@type":"ListItem","position":2,"name":"Draht &amp; Kabel","item":"https:\/\/acoteq.com\/de\/draht-und-kabel\/"},{"@type":"ListItem","position":3,"name":"Automatisierung"}]},{"@type":"WebSite","@id":"https:\/\/acoteq.com\/de\/#website","url":"https:\/\/acoteq.com\/de\/","name":"ACOTEQ","description":"","potentialAction":[{"@type":"SearchAction","target":{"@type":"EntryPoint","urlTemplate":"https:\/\/acoteq.com\/de\/?s={search_term_string}"},"query-input":{"@type":"PropertyValueSpecification","valueRequired":true,"valueName":"search_term_string"}}],"inLanguage":"de"}]}},"_links":{"self":[{"href":"https:\/\/acoteq.com\/de\/wp-json\/wp\/v2\/pages\/4023","targetHints":{"allow":["GET"]}}],"collection":[{"href":"https:\/\/acoteq.com\/de\/wp-json\/wp\/v2\/pages"}],"about":[{"href":"https:\/\/acoteq.com\/de\/wp-json\/wp\/v2\/types\/page"}],"author":[{"embeddable":true,"href":"https:\/\/acoteq.com\/de\/wp-json\/wp\/v2\/users\/1"}],"replies":[{"embeddable":true,"href":"https:\/\/acoteq.com\/de\/wp-json\/wp\/v2\/comments?post=4023"}],"version-history":[{"count":53,"href":"https:\/\/acoteq.com\/de\/wp-json\/wp\/v2\/pages\/4023\/revisions"}],"predecessor-version":[{"id":10519,"href":"https:\/\/acoteq.com\/de\/wp-json\/wp\/v2\/pages\/4023\/revisions\/10519"}],"up":[{"embeddable":true,"href":"https:\/\/acoteq.com\/de\/wp-json\/wp\/v2\/pages\/4092"}],"wp:attachment":[{"href":"https:\/\/acoteq.com\/de\/wp-json\/wp\/v2\/media?parent=4023"}],"curies":[{"name":"wp","href":"https:\/\/api.w.org\/{rel}","templated":true}]}}