{"id":2670,"date":"2026-03-02T09:11:01","date_gmt":"2026-03-02T08:11:01","guid":{"rendered":"https:\/\/acoteq.com\/worldwide-delivery\/"},"modified":"2026-03-16T10:07:57","modified_gmt":"2026-03-16T09:07:57","slug":"envio-mundial","status":"publish","type":"page","link":"https:\/\/acoteq.com\/es\/envio-mundial\/","title":{"rendered":"Envio Mundial"},"content":{"rendered":"<section class=\"banner\">\n\n\t<img decoding=\"async\" src=\"https:\/\/acoteq.com\/wp-content\/uploads\/2026\/03\/DSC02965-e1773238785336.jpg\" alt=\"\">\n\n\t<div class=\"banner_overlay\">\n\n\t\t<div class=\"container\">\n\n\t\t\t<div class=\"row banner_text\">\n\n\t\t\t\t<div class=\"col-lg-12\">\n\n\t\t\t\t\t<h1><em>100+ PA\u00cdSES<\/em> <strong>Entrega en todo el mundo<\/strong><\/h1>\n<p style=\"text-align: justify;\">Tanto si necesita un reemplazo urgente, una pieza fabricada a medida, rodillos GESADUR\u00ae, soporte para una l\u00ednea de producci\u00f3n de alambre y cable o cualquier otra industria, combinamos validaci\u00f3n t\u00e9cnica, log\u00edstica preparada para la exportaci\u00f3n y una comunicaci\u00f3n \u00e1gil para entregar la soluci\u00f3n adecuada a sus instalaciones.<\/p>\n\n\t\t\t\t\t \n\t\t\t\t<\/div>\n\n\t\t\t<\/div>\n\n\t\t<\/div>\n\n\t<\/div>\n\n<\/section>\n\n\n<div class=\"wp-block-group has-text-color has-background has-link-color wp-elements-e65b4667ddb970bb9e971d28551c29d5\" style=\"color:#0e3770;background-color:#f3f4f7\"><div class=\"wp-block-group__inner-container is-layout-constrained wp-block-group-is-layout-constrained\">\n<div style=\"height:20px\" aria-hidden=\"true\" class=\"wp-block-spacer\"><\/div>\n\n\n<section class=\"headline align-center \">\n\t\n\t<div class=\"container\">\n\n\t\t<div class=\"row\">\n\n\t\t\t<div class=\"col-lg-12\">\n\n\t\t\t\t<div class=\"headline_wrapper\">\n\n\t\t\t\t\t<h2><em>Por qu\u00e9 los fabricantes eligen ACOTEQ <\/em><strong>SUMINISTRO<\/strong> GLOBAL<\/h2>\n\n\t\t\t\t\t\n\t\t\t\t<\/div>\n\n\t\t\t<\/div>\n\n\t\t<\/div>\n\n\t<\/div>\n\n<\/section>\n\n\n<div style=\"height:70px\" aria-hidden=\"true\" class=\"wp-block-spacer\"><\/div>\n\n\n<section class=\"tiles\">\n\t\n\t<div class=\"container\">\n\n\t\t<div class=\"row\">\n\n\t\t\t\n\t\t\t\n\t\t\t\t\t\n\t\t\t\t\t\t<div class=\"col-lg-4 tiles_single type_2\">\n\n\t\t\t\t\t\t\t\t\t\t\t\t\t\t\n\n\t\t\t\t\t\t\t<div class=\"tiles_inner\">\n\n\t\t\t\t\t\t\t\t<div class=\"tiles_image\">\n\n\t\t\t\t\t\t\t\t\t<img decoding=\"async\" src=\"https:\/\/acoteq.com\/wp-content\/uploads\/2026\/02\/Vector-3.svg\" alt=\"\">\n\n\t\t\t\t\t\t\t\t<\/div>\n\n\t\t\t\t\t\t\t\t<div class=\"tiles_info\">\n\n\t\t\t\t\t\t\t\t\t<div>\n\n\t\t\t\t\t\t\t\t\t\t<strong class=\"title\">Soluciones de env\u00edo<br>internacional<\/strong>\n\t\t\t\t\t\t\t\t\t\t\n\t\t\t\t\t\t\t\t\t\t<span class=\"description\"><p style=\"text-align: justify;\">Para necesidades urgentes, ACOTEQ ofrece mensajer\u00eda a\u00e9rea expr\u00e9s a trav\u00e9s de proveedores como DHL Express, FedEx y UPS. Para pedidos m\u00e1s grandes o pesados, tambi\u00e9n hay disponibles soluciones de carga a\u00e9rea y mar\u00edtima.<\/p><\/span>\n\n\t\t\t\t\t\t\t\t\t<\/div>\n\n\t\t\t\t\t\t\t\t\t\n\t\t\t\t\t\t\t\t<\/div>\n\n\t\t\t\t\t\t\t<\/div>\n\n\t\t\t\t\t\t\t\t\t\t\t\t\t\t\t\n\n\t\t\t\t\t\t<\/div>\t\t\t\t\t\t\n\n\t\t\t\t\t\n\t\t\t\t\n\t\t\t\t\t\n\t\t\t\t\t\t<div class=\"col-lg-4 tiles_single type_2\">\n\n\t\t\t\t\t\t\t\t\t\t\t\t\t\t\n\n\t\t\t\t\t\t\t<div class=\"tiles_inner\">\n\n\t\t\t\t\t\t\t\t<div class=\"tiles_image\">\n\n\t\t\t\t\t\t\t\t\t<img decoding=\"async\" src=\"https:\/\/acoteq.com\/wp-content\/uploads\/2026\/03\/mdi_clipboard-check-outline-1.svg\" alt=\"\">\n\n\t\t\t\t\t\t\t\t<\/div>\n\n\t\t\t\t\t\t\t\t<div class=\"tiles_info\">\n\n\t\t\t\t\t\t\t\t\t<div>\n\n\t\t\t\t\t\t\t\t\t\t<strong class=\"title\">Validaci\u00f3n t\u00e9cnica<br>antes del env\u00edo<\/strong>\n\t\t\t\t\t\t\t\t\t\t\n\t\t\t\t\t\t\t\t\t\t<span class=\"description\"><p style=\"text-align: justify;\">Ofrecemos apoyo en la identificaci\u00f3n de piezas, comprobaciones de referencias cruzadas, verificaci\u00f3n dimensional, selecci\u00f3n de materiales y revisi\u00f3n de la aplicaci\u00f3n antes del despacho, ayudando a reducir errores de pedido y el riesgo de inactividad.<\/p><\/span>\n\n\t\t\t\t\t\t\t\t\t<\/div>\n\n\t\t\t\t\t\t\t\t\t\n\t\t\t\t\t\t\t\t<\/div>\n\n\t\t\t\t\t\t\t<\/div>\n\n\t\t\t\t\t\t\t\t\t\t\t\t\t\t\t\n\n\t\t\t\t\t\t<\/div>\t\t\t\t\t\t\n\n\t\t\t\t\t\n\t\t\t\t\n\t\t\t\t\t\n\t\t\t\t\t\t<div class=\"col-lg-4 tiles_single type_2\">\n\n\t\t\t\t\t\t\t\t\t\t\t\t\t\t\n\n\t\t\t\t\t\t\t<div class=\"tiles_inner\">\n\n\t\t\t\t\t\t\t\t<div class=\"tiles_image\">\n\n\t\t\t\t\t\t\t\t\t<img decoding=\"async\" src=\"https:\/\/acoteq.com\/wp-content\/uploads\/2026\/03\/streamline-ultimate_office-stamp-document.svg\" alt=\"\">\n\n\t\t\t\t\t\t\t\t<\/div>\n\n\t\t\t\t\t\t\t\t<div class=\"tiles_info\">\n\n\t\t\t\t\t\t\t\t\t<div>\n\n\t\t\t\t\t\t\t\t\t\t<strong class=\"title\">Documentaci\u00f3n de exportaci\u00f3n<br>y soporte aduanero<\/strong>\n\t\t\t\t\t\t\t\t\t\t\n\t\t\t\t\t\t\t\t\t\t<span class=\"description\"><p style=\"text-align: justify;\">Las facturas comerciales, listas de empaque, certificados de origen, fichas t\u00e9cnicas, soporte de c\u00f3digos HS y coordinaci\u00f3n de Incoterms ayudan a simplificar las importaciones internacionales y el despacho aduanero.<\/p><\/span>\n\n\t\t\t\t\t\t\t\t\t<\/div>\n\n\t\t\t\t\t\t\t\t\t\n\t\t\t\t\t\t\t\t<\/div>\n\n\t\t\t\t\t\t\t<\/div>\n\n\t\t\t\t\t\t\t\t\t\t\t\t\t\t\t\n\n\t\t\t\t\t\t<\/div>\t\t\t\t\t\t\n\n\t\t\t\t\t\n\t\t\t\t\t\t\t\t\n\n\t\t<\/div>\n\n\t<\/div>\n\n<\/section>\n\n\n<div style=\"height:50px\" aria-hidden=\"true\" class=\"wp-block-spacer\"><\/div>\n<\/div><\/div>\n\n\n\n<div class=\"wp-block-group has-white-color has-text-color has-background has-link-color wp-elements-86d3271ff418d62ec439e9c326097ce9\" style=\"background-color:#051c3c\"><div class=\"wp-block-group__inner-container is-layout-constrained wp-block-group-is-layout-constrained\"><section class=\"process\">\n\t\n\t<div class=\"container\">\n\n\t\t<div class=\"row\">\n\n\t\t\t<div class=\"col-lg-4\">\n\n\t\t\t\t<section class=\"headline\">\n\t\t\t\t\t\n\t\t\t\t\t<div class=\"container\">\n\n\t\t\t\t\t\t<div class=\"row\">\n\n\t\t\t\t\t\t\t<div class=\"col-lg-12 p-0\">\n\n\t\t\t\t\t\t\t\t<div class=\"headline_wrapper\">\n\n\t\t\t\t\t\t\t\t\t<h2><em>C\u00f3mo funciona <\/em><strong><span style=\"color: #c7d300;\">SOLICITE SU COTIZACI\u00d3N<\/span><\/strong><strong>f\u00e1cilmente<\/strong><\/h2>\n\n\t\t\t\t\t\t\t\t<\/div>\n\n\t\t\t\t\t\t\t<\/div>\n\n\t\t\t\t\t\t<\/div>\n\n\t\t\t\t\t<\/div>\n\n\t\t\t\t<\/section>\t\t\t\t\n\n\t\t\t<\/div>\n\n\t\t\t<div class=\"col-lg-8 process_steps\">\n\n\t\t\t\t<div class=\"process_steps_inner\">\n\n\t\t\t\t\t\n\t\t\t\t\t\t\t<div class=\"step_single\">\n\n\t\t\t\t\t\t\t\t<div class=\"step_icon\">\n\n\t\t\t\t\t\t\t\t\t<img decoding=\"async\" src=\"https:\/\/acoteq.com\/wp-content\/uploads\/2026\/02\/icons8_document.svg\" alt=\"\">\n\n\t\t\t\t\t\t\t\t<\/div>\n\n\t\t\t\t\t\t\t\t<div class=\"step_information\">\n\n\t\t\t\t\t\t\t\t\t<strong>1. Identifique su pieza<\/strong>\n\n\t\t\t\t\t\t\t\t\t<span>Datos del fabricante, n\u00famero de pieza o una foto. Eso es todo lo que necesitamos.<\/span>\n\n\t\t\t\t\t\t\t\t<\/div>\t\t\t\t\t\t\n\n\t\t\t\t\t\t\t<\/div>\n\n\t\t\t\t\t\t\n\t\t\t\t\t\t\t<div class=\"step_single\">\n\n\t\t\t\t\t\t\t\t<div class=\"step_icon\">\n\n\t\t\t\t\t\t\t\t\t<img decoding=\"async\" src=\"https:\/\/acoteq.com\/wp-content\/uploads\/2026\/02\/Vector.svg\" alt=\"\">\n\n\t\t\t\t\t\t\t\t<\/div>\n\n\t\t\t\t\t\t\t\t<div class=\"step_information\">\n\n\t\t\t\t\t\t\t\t\t<strong>2. Env\u00ede su solicitud<\/strong>\n\n\t\t\t\t\t\t\t\t\t<span>Env\u00ede los detalles a trav\u00e9s de nuestro formulario de contacto, correo electr\u00f3nico, Teams o WhatsApp.<\/span>\n\n\t\t\t\t\t\t\t\t<\/div>\t\t\t\t\t\t\n\n\t\t\t\t\t\t\t<\/div>\n\n\t\t\t\t\t\t\n\t\t\t\t\t\t\t<div class=\"step_single\">\n\n\t\t\t\t\t\t\t\t<div class=\"step_icon\">\n\n\t\t\t\t\t\t\t\t\t<img decoding=\"async\" src=\"https:\/\/acoteq.com\/wp-content\/uploads\/2026\/02\/gg_check-o.svg\" alt=\"\">\n\n\t\t\t\t\t\t\t\t<\/div>\n\n\t\t\t\t\t\t\t\t<div class=\"step_information\">\n\n\t\t\t\t\t\t\t\t\t<strong>3. Reciba su cotizaci\u00f3n<\/strong>\n\n\t\t\t\t\t\t\t\t\t<span>Le enviaremos una cotizaci\u00f3n tan r\u00e1pido como nuestra red de suministro lo permita.<\/span>\n\n\t\t\t\t\t\t\t\t<\/div>\t\t\t\t\t\t\n\n\t\t\t\t\t\t\t<\/div>\n\n\t\t\t\t\t\t\t\t\t\t\t\n\n\t\t\t\t<\/div>\n\n\t\t\t<\/div>\n\n\t\t<\/div>\n\n\t<\/div>\n\n<\/section><\/div><\/div>\n\n\n\n<div class=\"wp-block-group has-text-color has-background has-link-color wp-elements-fa7403ac7152cb1250f5389ffda590e7\" style=\"color:#0e3770;background-color:#f3f4f7\"><div class=\"wp-block-group__inner-container is-layout-constrained wp-block-group-is-layout-constrained\">\n<div style=\"height:25px\" aria-hidden=\"true\" class=\"wp-block-spacer\"><\/div>\n\n\n<section class=\"headline align-center \">\n\t\n\t<div class=\"container\">\n\n\t\t<div class=\"row\">\n\n\t\t\t<div class=\"col-lg-12\">\n\n\t\t\t\t<div class=\"headline_wrapper\">\n\n\t\t\t\t\t<h2><em>Log\u00edstica global<\/em> <strong>ENTREGANDO EN TODO EL MUNDO<\/strong><\/h2>\n\n\t\t\t\t\t\n\t\t\t\t<\/div>\n\n\t\t\t<\/div>\n\n\t\t<\/div>\n\n\t<\/div>\n\n<\/section>\n\n\n<div style=\"height:25px\" aria-hidden=\"true\" class=\"wp-block-spacer\"><\/div>\n\n\n<section class=\"manufacturers\">\n\t\n\t<div class=\"container\">\n\n\t\t<div class=\"row\">\n\n\t\t\t<div class=\"col-lg-12\">\n\n\t\t\t\t<div class=\"manufacturers_wrapper\">\n\n\t\t\t\t\t\n\t\t\t\t\t\t\t<div class=\"manufacturer_single\">\n\n\t\t\t\t\t\t\t\t<div class=\"manufacturer_inner\">\n\t\t\n\t\t\t\t\t\t\t\t\t<span>Estados Unidos<\/span>\n\n\t\t\t\t\t\t\t\t<\/div>\n\n\t\t\t\t\t\t\t<\/div>\n\n\t\t\t\t\t\t\n\t\t\t\t\t\t\t<div class=\"manufacturer_single\">\n\n\t\t\t\t\t\t\t\t<div class=\"manufacturer_inner\">\n\t\t\n\t\t\t\t\t\t\t\t\t<span>Canad\u00e1<\/span>\n\n\t\t\t\t\t\t\t\t<\/div>\n\n\t\t\t\t\t\t\t<\/div>\n\n\t\t\t\t\t\t\n\t\t\t\t\t\t\t<div class=\"manufacturer_single\">\n\n\t\t\t\t\t\t\t\t<div class=\"manufacturer_inner\">\n\t\t\n\t\t\t\t\t\t\t\t\t<span>M\u00e9xico<\/span>\n\n\t\t\t\t\t\t\t\t<\/div>\n\n\t\t\t\t\t\t\t<\/div>\n\n\t\t\t\t\t\t\n\t\t\t\t\t\t\t<div class=\"manufacturer_single\">\n\n\t\t\t\t\t\t\t\t<div class=\"manufacturer_inner\">\n\t\t\n\t\t\t\t\t\t\t\t\t<span>Brasil<\/span>\n\n\t\t\t\t\t\t\t\t<\/div>\n\n\t\t\t\t\t\t\t<\/div>\n\n\t\t\t\t\t\t\n\t\t\t\t\t\t\t<div class=\"manufacturer_single\">\n\n\t\t\t\t\t\t\t\t<div class=\"manufacturer_inner\">\n\t\t\n\t\t\t\t\t\t\t\t\t<span>Argentina<\/span>\n\n\t\t\t\t\t\t\t\t<\/div>\n\n\t\t\t\t\t\t\t<\/div>\n\n\t\t\t\t\t\t\n\t\t\t\t\t\t\t<div class=\"manufacturer_single\">\n\n\t\t\t\t\t\t\t\t<div class=\"manufacturer_inner\">\n\t\t\n\t\t\t\t\t\t\t\t\t<span>Chile<\/span>\n\n\t\t\t\t\t\t\t\t<\/div>\n\n\t\t\t\t\t\t\t<\/div>\n\n\t\t\t\t\t\t\n\t\t\t\t\t\t\t<div class=\"manufacturer_single\">\n\n\t\t\t\t\t\t\t\t<div class=\"manufacturer_inner\">\n\t\t\n\t\t\t\t\t\t\t\t\t<span>Colombia<\/span>\n\n\t\t\t\t\t\t\t\t<\/div>\n\n\t\t\t\t\t\t\t<\/div>\n\n\t\t\t\t\t\t\n\t\t\t\t\t\t\t<div class=\"manufacturer_single\">\n\n\t\t\t\t\t\t\t\t<div class=\"manufacturer_inner\">\n\t\t\n\t\t\t\t\t\t\t\t\t<span>Per\u00fa<\/span>\n\n\t\t\t\t\t\t\t\t<\/div>\n\n\t\t\t\t\t\t\t<\/div>\n\n\t\t\t\t\t\t\n\t\t\t\t\t\t\t<div class=\"manufacturer_single\">\n\n\t\t\t\t\t\t\t\t<div class=\"manufacturer_inner\">\n\t\t\n\t\t\t\t\t\t\t\t\t<span>Reino Unido<\/span>\n\n\t\t\t\t\t\t\t\t<\/div>\n\n\t\t\t\t\t\t\t<\/div>\n\n\t\t\t\t\t\t\n\t\t\t\t\t\t\t<div class=\"manufacturer_single\">\n\n\t\t\t\t\t\t\t\t<div class=\"manufacturer_inner\">\n\t\t\n\t\t\t\t\t\t\t\t\t<span>Irlanda<\/span>\n\n\t\t\t\t\t\t\t\t<\/div>\n\n\t\t\t\t\t\t\t<\/div>\n\n\t\t\t\t\t\t\n\t\t\t\t\t\t\t<div class=\"manufacturer_single\">\n\n\t\t\t\t\t\t\t\t<div class=\"manufacturer_inner\">\n\t\t\n\t\t\t\t\t\t\t\t\t<span>Alemania<\/span>\n\n\t\t\t\t\t\t\t\t<\/div>\n\n\t\t\t\t\t\t\t<\/div>\n\n\t\t\t\t\t\t\n\t\t\t\t\t\t\t<div class=\"manufacturer_single\">\n\n\t\t\t\t\t\t\t\t<div class=\"manufacturer_inner\">\n\t\t\n\t\t\t\t\t\t\t\t\t<span>Francia<\/span>\n\n\t\t\t\t\t\t\t\t<\/div>\n\n\t\t\t\t\t\t\t<\/div>\n\n\t\t\t\t\t\t\n\t\t\t\t\t\t\t<div class=\"manufacturer_single\">\n\n\t\t\t\t\t\t\t\t<div class=\"manufacturer_inner\">\n\t\t\n\t\t\t\t\t\t\t\t\t<span>Espa\u00f1a<\/span>\n\n\t\t\t\t\t\t\t\t<\/div>\n\n\t\t\t\t\t\t\t<\/div>\n\n\t\t\t\t\t\t\n\t\t\t\t\t\t\t<div class=\"manufacturer_single\">\n\n\t\t\t\t\t\t\t\t<div class=\"manufacturer_inner\">\n\t\t\n\t\t\t\t\t\t\t\t\t<span>Italia<\/span>\n\n\t\t\t\t\t\t\t\t<\/div>\n\n\t\t\t\t\t\t\t<\/div>\n\n\t\t\t\t\t\t\n\t\t\t\t\t\t\t<div class=\"manufacturer_single\">\n\n\t\t\t\t\t\t\t\t<div class=\"manufacturer_inner\">\n\t\t\n\t\t\t\t\t\t\t\t\t<span>Portugal<\/span>\n\n\t\t\t\t\t\t\t\t<\/div>\n\n\t\t\t\t\t\t\t<\/div>\n\n\t\t\t\t\t\t\n\t\t\t\t\t\t\t<div class=\"manufacturer_single\">\n\n\t\t\t\t\t\t\t\t<div class=\"manufacturer_inner\">\n\t\t\n\t\t\t\t\t\t\t\t\t<span>Pa\u00edses Bajos<\/span>\n\n\t\t\t\t\t\t\t\t<\/div>\n\n\t\t\t\t\t\t\t<\/div>\n\n\t\t\t\t\t\t\n\t\t\t\t\t\t\t<div class=\"manufacturer_single\">\n\n\t\t\t\t\t\t\t\t<div class=\"manufacturer_inner\">\n\t\t\n\t\t\t\t\t\t\t\t\t<span>B\u00e9lgica<\/span>\n\n\t\t\t\t\t\t\t\t<\/div>\n\n\t\t\t\t\t\t\t<\/div>\n\n\t\t\t\t\t\t\n\t\t\t\t\t\t\t<div class=\"manufacturer_single\">\n\n\t\t\t\t\t\t\t\t<div class=\"manufacturer_inner\">\n\t\t\n\t\t\t\t\t\t\t\t\t<span>Suiza<\/span>\n\n\t\t\t\t\t\t\t\t<\/div>\n\n\t\t\t\t\t\t\t<\/div>\n\n\t\t\t\t\t\t\n\t\t\t\t\t\t\t<div class=\"manufacturer_single\">\n\n\t\t\t\t\t\t\t\t<div class=\"manufacturer_inner\">\n\t\t\n\t\t\t\t\t\t\t\t\t<span>Austria<\/span>\n\n\t\t\t\t\t\t\t\t<\/div>\n\n\t\t\t\t\t\t\t<\/div>\n\n\t\t\t\t\t\t\n\t\t\t\t\t\t\t<div class=\"manufacturer_single\">\n\n\t\t\t\t\t\t\t\t<div class=\"manufacturer_inner\">\n\t\t\n\t\t\t\t\t\t\t\t\t<span>Suecia<\/span>\n\n\t\t\t\t\t\t\t\t<\/div>\n\n\t\t\t\t\t\t\t<\/div>\n\n\t\t\t\t\t\t\n\t\t\t\t\t\t\t<div class=\"manufacturer_single\">\n\n\t\t\t\t\t\t\t\t<div class=\"manufacturer_inner\">\n\t\t\n\t\t\t\t\t\t\t\t\t<span>Noruega<\/span>\n\n\t\t\t\t\t\t\t\t<\/div>\n\n\t\t\t\t\t\t\t<\/div>\n\n\t\t\t\t\t\t\n\t\t\t\t\t\t\t<div class=\"manufacturer_single\">\n\n\t\t\t\t\t\t\t\t<div class=\"manufacturer_inner\">\n\t\t\n\t\t\t\t\t\t\t\t\t<span>Dinamarca<\/span>\n\n\t\t\t\t\t\t\t\t<\/div>\n\n\t\t\t\t\t\t\t<\/div>\n\n\t\t\t\t\t\t\n\t\t\t\t\t\t\t<div class=\"manufacturer_single\">\n\n\t\t\t\t\t\t\t\t<div class=\"manufacturer_inner\">\n\t\t\n\t\t\t\t\t\t\t\t\t<span>Finlandia<\/span>\n\n\t\t\t\t\t\t\t\t<\/div>\n\n\t\t\t\t\t\t\t<\/div>\n\n\t\t\t\t\t\t\n\t\t\t\t\t\t\t<div class=\"manufacturer_single\">\n\n\t\t\t\t\t\t\t\t<div class=\"manufacturer_inner\">\n\t\t\n\t\t\t\t\t\t\t\t\t<span>Polonia<\/span>\n\n\t\t\t\t\t\t\t\t<\/div>\n\n\t\t\t\t\t\t\t<\/div>\n\n\t\t\t\t\t\t\n\t\t\t\t\t\t\t<div class=\"manufacturer_single\">\n\n\t\t\t\t\t\t\t\t<div class=\"manufacturer_inner\">\n\t\t\n\t\t\t\t\t\t\t\t\t<span>Rep\u00fablica Checa<\/span>\n\n\t\t\t\t\t\t\t\t<\/div>\n\n\t\t\t\t\t\t\t<\/div>\n\n\t\t\t\t\t\t\n\t\t\t\t\t\t\t<div class=\"manufacturer_single\">\n\n\t\t\t\t\t\t\t\t<div class=\"manufacturer_inner\">\n\t\t\n\t\t\t\t\t\t\t\t\t<span>Portugal<\/span>\n\n\t\t\t\t\t\t\t\t<\/div>\n\n\t\t\t\t\t\t\t<\/div>\n\n\t\t\t\t\t\t\n\t\t\t\t\t\t\t<div class=\"manufacturer_single\">\n\n\t\t\t\t\t\t\t\t<div class=\"manufacturer_inner\">\n\t\t\n\t\t\t\t\t\t\t\t\t<span>Turqu\u00eda<\/span>\n\n\t\t\t\t\t\t\t\t<\/div>\n\n\t\t\t\t\t\t\t<\/div>\n\n\t\t\t\t\t\t\n\t\t\t\t\t\t\t<div class=\"manufacturer_single\">\n\n\t\t\t\t\t\t\t\t<div class=\"manufacturer_inner\">\n\t\t\n\t\t\t\t\t\t\t\t\t<span>Ruman\u00eda<\/span>\n\n\t\t\t\t\t\t\t\t<\/div>\n\n\t\t\t\t\t\t\t<\/div>\n\n\t\t\t\t\t\t\n\t\t\t\t\t\t\t<div class=\"manufacturer_single\">\n\n\t\t\t\t\t\t\t\t<div class=\"manufacturer_inner\">\n\t\t\n\t\t\t\t\t\t\t\t\t<span>Grecia<\/span>\n\n\t\t\t\t\t\t\t\t<\/div>\n\n\t\t\t\t\t\t\t<\/div>\n\n\t\t\t\t\t\t\n\t\t\t\t\t\t\t<div class=\"manufacturer_single\">\n\n\t\t\t\t\t\t\t\t<div class=\"manufacturer_inner\">\n\t\t\n\t\t\t\t\t\t\t\t\t<span>EAU<\/span>\n\n\t\t\t\t\t\t\t\t<\/div>\n\n\t\t\t\t\t\t\t<\/div>\n\n\t\t\t\t\t\t\n\t\t\t\t\t\t\t<div class=\"manufacturer_single\">\n\n\t\t\t\t\t\t\t\t<div class=\"manufacturer_inner\">\n\t\t\n\t\t\t\t\t\t\t\t\t<span>Qatar<\/span>\n\n\t\t\t\t\t\t\t\t<\/div>\n\n\t\t\t\t\t\t\t<\/div>\n\n\t\t\t\t\t\t\n\t\t\t\t\t\t\t<div class=\"manufacturer_single\">\n\n\t\t\t\t\t\t\t\t<div class=\"manufacturer_inner\">\n\t\t\n\t\t\t\t\t\t\t\t\t<span>Egipto<\/span>\n\n\t\t\t\t\t\t\t\t<\/div>\n\n\t\t\t\t\t\t\t<\/div>\n\n\t\t\t\t\t\t\n\t\t\t\t\t\t\t<div class=\"manufacturer_single\">\n\n\t\t\t\t\t\t\t\t<div class=\"manufacturer_inner\">\n\t\t\n\t\t\t\t\t\t\t\t\t<span>Argelia<\/span>\n\n\t\t\t\t\t\t\t\t<\/div>\n\n\t\t\t\t\t\t\t<\/div>\n\n\t\t\t\t\t\t\n\t\t\t\t\t\t\t<div class=\"manufacturer_single\">\n\n\t\t\t\t\t\t\t\t<div class=\"manufacturer_inner\">\n\t\t\n\t\t\t\t\t\t\t\t\t<span>Sud\u00e1frica<\/span>\n\n\t\t\t\t\t\t\t\t<\/div>\n\n\t\t\t\t\t\t\t<\/div>\n\n\t\t\t\t\t\t\n\t\t\t\t\t\t\t<div class=\"manufacturer_single\">\n\n\t\t\t\t\t\t\t\t<div class=\"manufacturer_inner\">\n\t\t\n\t\t\t\t\t\t\t\t\t<span>Marruecos<\/span>\n\n\t\t\t\t\t\t\t\t<\/div>\n\n\t\t\t\t\t\t\t<\/div>\n\n\t\t\t\t\t\t\n\t\t\t\t\t\t\t<div class=\"manufacturer_single\">\n\n\t\t\t\t\t\t\t\t<div class=\"manufacturer_inner\">\n\t\t\n\t\t\t\t\t\t\t\t\t<span>Nigeria<\/span>\n\n\t\t\t\t\t\t\t\t<\/div>\n\n\t\t\t\t\t\t\t<\/div>\n\n\t\t\t\t\t\t\n\t\t\t\t\t\t\t<div class=\"manufacturer_single\">\n\n\t\t\t\t\t\t\t\t<div class=\"manufacturer_inner\">\n\t\t\n\t\t\t\t\t\t\t\t\t<span>Ghana<\/span>\n\n\t\t\t\t\t\t\t\t<\/div>\n\n\t\t\t\t\t\t\t<\/div>\n\n\t\t\t\t\t\t\n\t\t\t\t\t\t\t<div class=\"manufacturer_single\">\n\n\t\t\t\t\t\t\t\t<div class=\"manufacturer_inner\">\n\t\t\n\t\t\t\t\t\t\t\t\t<span>India<\/span>\n\n\t\t\t\t\t\t\t\t<\/div>\n\n\t\t\t\t\t\t\t<\/div>\n\n\t\t\t\t\t\t\n\t\t\t\t\t\t\t<div class=\"manufacturer_single\">\n\n\t\t\t\t\t\t\t\t<div class=\"manufacturer_inner\">\n\t\t\n\t\t\t\t\t\t\t\t\t<span>China<\/span>\n\n\t\t\t\t\t\t\t\t<\/div>\n\n\t\t\t\t\t\t\t<\/div>\n\n\t\t\t\t\t\t\n\t\t\t\t\t\t\t<div class=\"manufacturer_single\">\n\n\t\t\t\t\t\t\t\t<div class=\"manufacturer_inner\">\n\t\t\n\t\t\t\t\t\t\t\t\t<span>Jap\u00f3n<\/span>\n\n\t\t\t\t\t\t\t\t<\/div>\n\n\t\t\t\t\t\t\t<\/div>\n\n\t\t\t\t\t\t\n\t\t\t\t\t\t\t<div class=\"manufacturer_single\">\n\n\t\t\t\t\t\t\t\t<div class=\"manufacturer_inner\">\n\t\t\n\t\t\t\t\t\t\t\t\t<span>Corea del Sur<\/span>\n\n\t\t\t\t\t\t\t\t<\/div>\n\n\t\t\t\t\t\t\t<\/div>\n\n\t\t\t\t\t\t\n\t\t\t\t\t\t\t<div class=\"manufacturer_single\">\n\n\t\t\t\t\t\t\t\t<div class=\"manufacturer_inner\">\n\t\t\n\t\t\t\t\t\t\t\t\t<span>Singapur<\/span>\n\n\t\t\t\t\t\t\t\t<\/div>\n\n\t\t\t\t\t\t\t<\/div>\n\n\t\t\t\t\t\t\n\t\t\t\t\t\t\t<div class=\"manufacturer_single\">\n\n\t\t\t\t\t\t\t\t<div class=\"manufacturer_inner\">\n\t\t\n\t\t\t\t\t\t\t\t\t<span>Malasia<\/span>\n\n\t\t\t\t\t\t\t\t<\/div>\n\n\t\t\t\t\t\t\t<\/div>\n\n\t\t\t\t\t\t\n\t\t\t\t\t\t\t<div class=\"manufacturer_single\">\n\n\t\t\t\t\t\t\t\t<div class=\"manufacturer_inner\">\n\t\t\n\t\t\t\t\t\t\t\t\t<span>Tailandia<\/span>\n\n\t\t\t\t\t\t\t\t<\/div>\n\n\t\t\t\t\t\t\t<\/div>\n\n\t\t\t\t\t\t\n\t\t\t\t\t\t\t<div class=\"manufacturer_single\">\n\n\t\t\t\t\t\t\t\t<div class=\"manufacturer_inner\">\n\t\t\n\t\t\t\t\t\t\t\t\t<span>Indonesia<\/span>\n\n\t\t\t\t\t\t\t\t<\/div>\n\n\t\t\t\t\t\t\t<\/div>\n\n\t\t\t\t\t\t\n\t\t\t\t\t\t\t<div class=\"manufacturer_single\">\n\n\t\t\t\t\t\t\t\t<div class=\"manufacturer_inner\">\n\t\t\n\t\t\t\t\t\t\t\t\t<span>Vietnam<\/span>\n\n\t\t\t\t\t\t\t\t<\/div>\n\n\t\t\t\t\t\t\t<\/div>\n\n\t\t\t\t\t\t\n\t\t\t\t\t\t\t<div class=\"manufacturer_single\">\n\n\t\t\t\t\t\t\t\t<div class=\"manufacturer_inner\">\n\t\t\n\t\t\t\t\t\t\t\t\t<span>Filipinas<\/span>\n\n\t\t\t\t\t\t\t\t<\/div>\n\n\t\t\t\t\t\t\t<\/div>\n\n\t\t\t\t\t\t\n\t\t\t\t\t\t\t<div class=\"manufacturer_single\">\n\n\t\t\t\t\t\t\t\t<div class=\"manufacturer_inner\">\n\t\t\n\t\t\t\t\t\t\t\t\t<span>Australia<\/span>\n\n\t\t\t\t\t\t\t\t<\/div>\n\n\t\t\t\t\t\t\t<\/div>\n\n\t\t\t\t\t\t\n\t\t\t\t\t\t\t<div class=\"manufacturer_single\">\n\n\t\t\t\t\t\t\t\t<div class=\"manufacturer_inner\">\n\t\t\n\t\t\t\t\t\t\t\t\t<span>Nueva Zelanda<\/span>\n\n\t\t\t\t\t\t\t\t<\/div>\n\n\t\t\t\t\t\t\t<\/div>\n\n\t\t\t\t\t\t\n\t\t\t\t\t\t\t<div class=\"manufacturer_single\">\n\n\t\t\t\t\t\t\t\t<div class=\"manufacturer_inner\">\n\t\t\n\t\t\t\t\t\t\t\t\t<span>Y MUCHOS M\u00c1S&#8230;<\/span>\n\n\t\t\t\t\t\t\t\t<\/div>\n\n\t\t\t\t\t\t\t<\/div>\n\n\t\t\t\t\t\t\t\n\n\t\t\t\t<\/div>\t\t\t\t\n\n\t\t\t<\/div>\n\n\t\t<\/div>\n\n\t<\/div>\n\n<\/section>\n\n\n<div style=\"height:30px\" aria-hidden=\"true\" class=\"wp-block-spacer\"><\/div>\n\n\n\n<div style=\"height:50px\" aria-hidden=\"true\" class=\"wp-block-spacer\"><\/div>\n<\/div><\/div>\n","protected":false},"excerpt":{"rendered":"","protected":false},"author":1,"featured_media":0,"parent":0,"menu_order":0,"comment_status":"closed","ping_status":"closed","template":"","meta":{"_acf_changed":false,"footnotes":""},"class_list":["post-2670","page","type-page","status-publish","hentry"],"acf":[],"yoast_head":"<!-- This site is optimized with the Yoast SEO plugin v27.4 - https:\/\/yoast.com\/product\/yoast-seo-wordpress\/ -->\n<title>Envio Mundial | ACOTEQ<\/title>\n<meta name=\"robots\" content=\"index, follow, max-snippet:-1, max-image-preview:large, max-video-preview:-1\" \/>\n<link rel=\"canonical\" href=\"https:\/\/acoteq.com\/es\/envio-mundial\/\" \/>\n<meta property=\"og:locale\" content=\"es_ES\" \/>\n<meta property=\"og:type\" content=\"article\" \/>\n<meta property=\"og:title\" content=\"Envio Mundial | ACOTEQ\" \/>\n<meta property=\"og:url\" content=\"https:\/\/acoteq.com\/es\/envio-mundial\/\" \/>\n<meta property=\"og:site_name\" content=\"ACOTEQ\" \/>\n<meta property=\"article:modified_time\" content=\"2026-03-16T09:07:57+00:00\" \/>\n<meta name=\"twitter:card\" content=\"summary_large_image\" \/>\n<script type=\"application\/ld+json\" class=\"yoast-schema-graph\">{\"@context\":\"https:\\\/\\\/schema.org\",\"@graph\":[{\"@type\":\"WebPage\",\"@id\":\"https:\\\/\\\/acoteq.com\\\/es\\\/envio-mundial\\\/\",\"url\":\"https:\\\/\\\/acoteq.com\\\/es\\\/envio-mundial\\\/\",\"name\":\"Envio Mundial | ACOTEQ\",\"isPartOf\":{\"@id\":\"https:\\\/\\\/acoteq.com\\\/es\\\/#website\"},\"datePublished\":\"2026-03-02T08:11:01+00:00\",\"dateModified\":\"2026-03-16T09:07:57+00:00\",\"breadcrumb\":{\"@id\":\"https:\\\/\\\/acoteq.com\\\/es\\\/envio-mundial\\\/#breadcrumb\"},\"inLanguage\":\"es\",\"potentialAction\":[{\"@type\":\"ReadAction\",\"target\":[\"https:\\\/\\\/acoteq.com\\\/es\\\/envio-mundial\\\/\"]}]},{\"@type\":\"BreadcrumbList\",\"@id\":\"https:\\\/\\\/acoteq.com\\\/es\\\/envio-mundial\\\/#breadcrumb\",\"itemListElement\":[{\"@type\":\"ListItem\",\"position\":1,\"name\":\"Home\",\"item\":\"https:\\\/\\\/acoteq.com\\\/es\\\/\"},{\"@type\":\"ListItem\",\"position\":2,\"name\":\"Envio Mundial\"}]},{\"@type\":\"WebSite\",\"@id\":\"https:\\\/\\\/acoteq.com\\\/es\\\/#website\",\"url\":\"https:\\\/\\\/acoteq.com\\\/es\\\/\",\"name\":\"ACOTEQ\",\"description\":\"\",\"potentialAction\":[{\"@type\":\"SearchAction\",\"target\":{\"@type\":\"EntryPoint\",\"urlTemplate\":\"https:\\\/\\\/acoteq.com\\\/es\\\/?s={search_term_string}\"},\"query-input\":{\"@type\":\"PropertyValueSpecification\",\"valueRequired\":true,\"valueName\":\"search_term_string\"}}],\"inLanguage\":\"es\"}]}<\/script>\n<!-- \/ Yoast SEO plugin. -->","yoast_head_json":{"title":"Envio Mundial | ACOTEQ","robots":{"index":"index","follow":"follow","max-snippet":"max-snippet:-1","max-image-preview":"max-image-preview:large","max-video-preview":"max-video-preview:-1"},"canonical":"https:\/\/acoteq.com\/es\/envio-mundial\/","og_locale":"es_ES","og_type":"article","og_title":"Envio Mundial | ACOTEQ","og_url":"https:\/\/acoteq.com\/es\/envio-mundial\/","og_site_name":"ACOTEQ","article_modified_time":"2026-03-16T09:07:57+00:00","twitter_card":"summary_large_image","schema":{"@context":"https:\/\/schema.org","@graph":[{"@type":"WebPage","@id":"https:\/\/acoteq.com\/es\/envio-mundial\/","url":"https:\/\/acoteq.com\/es\/envio-mundial\/","name":"Envio Mundial | ACOTEQ","isPartOf":{"@id":"https:\/\/acoteq.com\/es\/#website"},"datePublished":"2026-03-02T08:11:01+00:00","dateModified":"2026-03-16T09:07:57+00:00","breadcrumb":{"@id":"https:\/\/acoteq.com\/es\/envio-mundial\/#breadcrumb"},"inLanguage":"es","potentialAction":[{"@type":"ReadAction","target":["https:\/\/acoteq.com\/es\/envio-mundial\/"]}]},{"@type":"BreadcrumbList","@id":"https:\/\/acoteq.com\/es\/envio-mundial\/#breadcrumb","itemListElement":[{"@type":"ListItem","position":1,"name":"Home","item":"https:\/\/acoteq.com\/es\/"},{"@type":"ListItem","position":2,"name":"Envio Mundial"}]},{"@type":"WebSite","@id":"https:\/\/acoteq.com\/es\/#website","url":"https:\/\/acoteq.com\/es\/","name":"ACOTEQ","description":"","potentialAction":[{"@type":"SearchAction","target":{"@type":"EntryPoint","urlTemplate":"https:\/\/acoteq.com\/es\/?s={search_term_string}"},"query-input":{"@type":"PropertyValueSpecification","valueRequired":true,"valueName":"search_term_string"}}],"inLanguage":"es"}]}},"_links":{"self":[{"href":"https:\/\/acoteq.com\/es\/wp-json\/wp\/v2\/pages\/2670","targetHints":{"allow":["GET"]}}],"collection":[{"href":"https:\/\/acoteq.com\/es\/wp-json\/wp\/v2\/pages"}],"about":[{"href":"https:\/\/acoteq.com\/es\/wp-json\/wp\/v2\/types\/page"}],"author":[{"embeddable":true,"href":"https:\/\/acoteq.com\/es\/wp-json\/wp\/v2\/users\/1"}],"replies":[{"embeddable":true,"href":"https:\/\/acoteq.com\/es\/wp-json\/wp\/v2\/comments?post=2670"}],"version-history":[{"count":9,"href":"https:\/\/acoteq.com\/es\/wp-json\/wp\/v2\/pages\/2670\/revisions"}],"predecessor-version":[{"id":8551,"href":"https:\/\/acoteq.com\/es\/wp-json\/wp\/v2\/pages\/2670\/revisions\/8551"}],"wp:attachment":[{"href":"https:\/\/acoteq.com\/es\/wp-json\/wp\/v2\/media?parent=2670"}],"curies":[{"name":"wp","href":"https:\/\/api.w.org\/{rel}","templated":true}]}}