{"id":3487,"date":"2026-02-12T14:05:36","date_gmt":"2026-02-12T13:05:36","guid":{"rendered":"https:\/\/acoteq.com\/brakes\/"},"modified":"2026-03-18T12:47:44","modified_gmt":"2026-03-18T11:47:44","slug":"frenos","status":"publish","type":"page","link":"https:\/\/acoteq.com\/es\/repuestos\/repuestos-mecanicos\/frenos\/","title":{"rendered":"Frenos"},"content":{"rendered":"<section class=\"cta\">\n\t\n\t<div class=\"container\">\n\n\t\t<div class=\"row\">\n\n\t\t\t<div class=\"col-lg-12\">\n\n\t\t\t\t<div class=\"cta_inner\">\n\n\t\t\t\t\t<div>\n\n\t\t\t\t\t\t<span class=\"pre_headline\"><i class=\"fas fa-search\"><\/i>&nbsp;Expertos en abastecimiento global<\/span>\n\n\t\t\t\t\t\t<p><strong>\u00bf<em>No encuentra<\/em> su repuesto?<\/strong><\/p>\n<p>Nuestro cat\u00e1logo en l\u00ednea muestra solo el 5% de nuestra capacidad de suministro.<br \/>\n<strong>Deje que nuestros expertos encuentren exactamente lo que necesita.<\/strong><\/p>\n\n\t\t\t\t\t<\/div>\n\n\t\t\t\t\t<div>\n\n\t\t\t\t\t\t\n\t\t\t\t\t\t\t<a class=\"button light\" href=\"#contact\" target=\"\">Solicitar una cotizaci\u00f3n&nbsp;<i class=\"fas fa-arrow-right\"><\/i><\/a>\n\n\t\t\t\t\t\t\n\t\t\t\t\t<\/div>\n\n\t\t\t\t\t<i class=\"fas fa-times close_cta\"><\/i>\n\n\t\t\t\t<\/div>\n\n\t\t\t<\/div>\n\n\t\t<\/div>\n\n\t<\/div>\n\n<\/section>\n\n\n<div style=\"height:75px\" aria-hidden=\"true\" class=\"wp-block-spacer\"><\/div>\n\n\n<div class=\"yoast-breadcrumbs\"><span><span><a href=\"https:\/\/acoteq.com\/es\/\"><i class=\"fas fa-home\">Home<\/i><\/a><\/span> \/ <span><a href=\"https:\/\/acoteq.com\/es\/repuestos\/\">Repuestos<\/a><\/span> \/ <span><a href=\"https:\/\/acoteq.com\/es\/repuestos\/repuestos-mecanicos\/\">Repuestos Mec\u00e1nicos<\/a><\/span> \/ <span class=\"breadcrumb_last\" aria-current=\"page\">Frenos<\/span><\/span><\/div>\n\n\n<div class=\"wp-block-group has-white-background-color has-text-color has-background has-link-color wp-elements-a9642ad2298c61fc9520c4b9c3691b3d\" style=\"color:#0e3770\"><div class=\"wp-block-group__inner-container is-layout-constrained wp-block-group-is-layout-constrained\"><section class=\"headline align-left \">\n\t\n\t<div class=\"container\">\n\n\t\t<div class=\"row\">\n\n\t\t\t<div class=\"col-lg-12\">\n\n\t\t\t\t<div class=\"headline_wrapper\">\n\n\t\t\t\t\t<h1><strong>Frenos<\/strong><\/h1>\n\n\t\t\t\t\t\n\t\t\t\t<\/div>\n\n\t\t\t<\/div>\n\n\t\t<\/div>\n\n\t<\/div>\n\n<\/section>\n\n\n<div style=\"height:50px\" aria-hidden=\"true\" class=\"wp-block-spacer\"><\/div>\n\n\n<section class=\"cards\">\n\t\n\t<div class=\"container\">\n\n\t\t<div class=\"row\">\n\n\t\t\t\n\t\t\t\t\n\t\t\t\t\t<div class=\"col-lg-4 col-md-6 card_single\">\n\n\t\t\t\t\t\t\n\t\t\t\t\t\t<div class=\"card_inner\">\n\n\t\t\t\t\t\t\t\t\t\t\t\t\t\t\t<a href=\"https:\/\/acoteq.com\/es\/repuestos\/repuestos-mecanicos\/frenos\/frenos-de-pinza\/\">\n\t\t\t\t\t\t\t\t\t<img decoding=\"async\" width=\"640\" height=\"425\" src=\"https:\/\/acoteq.com\/wp-content\/uploads\/2026\/02\/1-Caliper-Brakes-1.png-1024x680.webp\" class=\"attachment-large size-large wp-post-image\" alt=\"Category image\" loading=\"lazy\" srcset=\"https:\/\/acoteq.com\/wp-content\/uploads\/2026\/02\/1-Caliper-Brakes-1.png-1024x680.webp 1024w, https:\/\/acoteq.com\/wp-content\/uploads\/2026\/02\/1-Caliper-Brakes-1.png-300x199.webp 300w, https:\/\/acoteq.com\/wp-content\/uploads\/2026\/02\/1-Caliper-Brakes-1.png-768x510.webp 768w, https:\/\/acoteq.com\/wp-content\/uploads\/2026\/02\/1-Caliper-Brakes-1.png.webp 1490w\" sizes=\"auto, (max-width: 640px) 100vw, 640px\" \/>\t\t\t\t\t\t\t\t<\/a>\n\t\t\t\t\t\t\t\t\n\n\t\t\t\t\t\t\t<div class=\"card_information\">\t\n\n\t\t\t\t\t\t\t\t<div>\n\n\t\t\t\t\t\t\t\t\t<h3>\n\t\t\t\t\t\t\t\t\t\t<a href=\"https:\/\/acoteq.com\/es\/repuestos\/repuestos-mecanicos\/frenos\/frenos-de-pinza\/\">\n\t\t\t\t\t\t\t\t\t\t\t<b>Frenos<\/b> de pinza\t\t\t\t\t\t\t\t\t\t\t\n\t\t\t\t\t\t\t\t\t\t<\/a>\n\t\t\t\t\t\t\t\t\t<\/h3>\n\n\t\t\t\t\t\t\t\t\t\t\t\n\n\t\t\t\t\t\t\t\t<\/div>\t\n\n\t\t\t\t\t\t\t\t<div class=\"cards_linkwrap\">\n\n\t\t\t\t\t\t\t\t\t\t\t\t\t\t\t\t\t\t\t\n\t\t\t\t\t\t\t\t\t\t<a href=\"https:\/\/acoteq.com\/es\/repuestos\/repuestos-mecanicos\/frenos\/frenos-de-pinza\/\">\n\t\t\t\t\t\t\t\t\t\t\tVer categor\u00eda&nbsp;<i class=\"fas fa-arrow-right\"><\/i>\n\t\t\t\t\t\t\t\t\t\t<\/a>\t\t\t\t\t\t\t\t\t\t\n\n\t\t\t\t\t\t\t\t\t\t\t\t\t\n\n\t\t\t\t\t\t\t\t<\/div>\t\t\t\t\t\t\t\t\t\t\t\t\t\t\t\n\n\t\t\t\t\t\t\t<\/div>\n\n\t\t\t\t\t\t<\/div>\n\n\t\t\t\t\t<\/div>\n\n\t\t\t\t\n\t\t\t\t\t<div class=\"col-lg-4 col-md-6 card_single\">\n\n\t\t\t\t\t\t\n\t\t\t\t\t\t<div class=\"card_inner\">\n\n\t\t\t\t\t\t\t\t\t\t\t\t\t\t\t<a href=\"https:\/\/acoteq.com\/es\/repuestos\/repuestos-mecanicos\/frenos\/frenos-de-disco\/\">\n\t\t\t\t\t\t\t\t\t<img decoding=\"async\" width=\"640\" height=\"457\" src=\"https:\/\/acoteq.com\/wp-content\/uploads\/2026\/02\/2-Disc-Brakes-2.png-1024x731.webp\" class=\"attachment-large size-large wp-post-image\" alt=\"Category image\" loading=\"lazy\" srcset=\"https:\/\/acoteq.com\/wp-content\/uploads\/2026\/02\/2-Disc-Brakes-2.png-1024x731.webp 1024w, https:\/\/acoteq.com\/wp-content\/uploads\/2026\/02\/2-Disc-Brakes-2.png-300x214.webp 300w, https:\/\/acoteq.com\/wp-content\/uploads\/2026\/02\/2-Disc-Brakes-2.png-768x548.webp 768w, https:\/\/acoteq.com\/wp-content\/uploads\/2026\/02\/2-Disc-Brakes-2.png-1536x1097.webp 1536w, https:\/\/acoteq.com\/wp-content\/uploads\/2026\/02\/2-Disc-Brakes-2.png-2048x1463.webp 2048w\" sizes=\"auto, (max-width: 640px) 100vw, 640px\" \/>\t\t\t\t\t\t\t\t<\/a>\n\t\t\t\t\t\t\t\t\n\n\t\t\t\t\t\t\t<div class=\"card_information\">\t\n\n\t\t\t\t\t\t\t\t<div>\n\n\t\t\t\t\t\t\t\t\t<h3>\n\t\t\t\t\t\t\t\t\t\t<a href=\"https:\/\/acoteq.com\/es\/repuestos\/repuestos-mecanicos\/frenos\/frenos-de-disco\/\">\n\t\t\t\t\t\t\t\t\t\t\t<b>Frenos<\/b> de disco\t\t\t\t\t\t\t\t\t\t\t\n\t\t\t\t\t\t\t\t\t\t<\/a>\n\t\t\t\t\t\t\t\t\t<\/h3>\n\n\t\t\t\t\t\t\t\t\t\t\t\n\n\t\t\t\t\t\t\t\t<\/div>\t\n\n\t\t\t\t\t\t\t\t<div class=\"cards_linkwrap\">\n\n\t\t\t\t\t\t\t\t\t\t\t\t\t\t\t\t\t\t\t\n\t\t\t\t\t\t\t\t\t\t<a href=\"https:\/\/acoteq.com\/es\/repuestos\/repuestos-mecanicos\/frenos\/frenos-de-disco\/\">\n\t\t\t\t\t\t\t\t\t\t\tVer categor\u00eda&nbsp;<i class=\"fas fa-arrow-right\"><\/i>\n\t\t\t\t\t\t\t\t\t\t<\/a>\t\t\t\t\t\t\t\t\t\t\n\n\t\t\t\t\t\t\t\t\t\t\t\t\t\n\n\t\t\t\t\t\t\t\t<\/div>\t\t\t\t\t\t\t\t\t\t\t\t\t\t\t\n\n\t\t\t\t\t\t\t<\/div>\n\n\t\t\t\t\t\t<\/div>\n\n\t\t\t\t\t<\/div>\n\n\t\t\t\t\n\t\t\t\t\t<div class=\"col-lg-4 col-md-6 card_single\">\n\n\t\t\t\t\t\t\n\t\t\t\t\t\t<div class=\"card_inner\">\n\n\t\t\t\t\t\t\t\t\t\t\t\t\t\t\t<a href=\"https:\/\/acoteq.com\/es\/repuestos\/repuestos-mecanicos\/frenos\/frenos-de-tambor\/\">\n\t\t\t\t\t\t\t\t\t<img decoding=\"async\" width=\"640\" height=\"426\" src=\"https:\/\/acoteq.com\/wp-content\/uploads\/2026\/02\/3-Drum-Brakes-2.png-1024x681.webp\" class=\"attachment-large size-large wp-post-image\" alt=\"Category image\" loading=\"lazy\" srcset=\"https:\/\/acoteq.com\/wp-content\/uploads\/2026\/02\/3-Drum-Brakes-2.png-1024x681.webp 1024w, https:\/\/acoteq.com\/wp-content\/uploads\/2026\/02\/3-Drum-Brakes-2.png-300x199.webp 300w, https:\/\/acoteq.com\/wp-content\/uploads\/2026\/02\/3-Drum-Brakes-2.png-768x511.webp 768w, https:\/\/acoteq.com\/wp-content\/uploads\/2026\/02\/3-Drum-Brakes-2.png-1536x1021.webp 1536w, https:\/\/acoteq.com\/wp-content\/uploads\/2026\/02\/3-Drum-Brakes-2.png-2048x1362.webp 2048w\" sizes=\"auto, (max-width: 640px) 100vw, 640px\" \/>\t\t\t\t\t\t\t\t<\/a>\n\t\t\t\t\t\t\t\t\n\n\t\t\t\t\t\t\t<div class=\"card_information\">\t\n\n\t\t\t\t\t\t\t\t<div>\n\n\t\t\t\t\t\t\t\t\t<h3>\n\t\t\t\t\t\t\t\t\t\t<a href=\"https:\/\/acoteq.com\/es\/repuestos\/repuestos-mecanicos\/frenos\/frenos-de-tambor\/\">\n\t\t\t\t\t\t\t\t\t\t\t<b>Frenos<\/b> de tambor\t\t\t\t\t\t\t\t\t\t\t\n\t\t\t\t\t\t\t\t\t\t<\/a>\n\t\t\t\t\t\t\t\t\t<\/h3>\n\n\t\t\t\t\t\t\t\t\t\t\t\n\n\t\t\t\t\t\t\t\t<\/div>\t\n\n\t\t\t\t\t\t\t\t<div class=\"cards_linkwrap\">\n\n\t\t\t\t\t\t\t\t\t\t\t\t\t\t\t\t\t\t\t\n\t\t\t\t\t\t\t\t\t\t<a href=\"https:\/\/acoteq.com\/es\/repuestos\/repuestos-mecanicos\/frenos\/frenos-de-tambor\/\">\n\t\t\t\t\t\t\t\t\t\t\tVer categor\u00eda&nbsp;<i class=\"fas fa-arrow-right\"><\/i>\n\t\t\t\t\t\t\t\t\t\t<\/a>\t\t\t\t\t\t\t\t\t\t\n\n\t\t\t\t\t\t\t\t\t\t\t\t\t\n\n\t\t\t\t\t\t\t\t<\/div>\t\t\t\t\t\t\t\t\t\t\t\t\t\t\t\n\n\t\t\t\t\t\t\t<\/div>\n\n\t\t\t\t\t\t<\/div>\n\n\t\t\t\t\t<\/div>\n\n\t\t\t\t\t\t\t\n\n\t\t\t\t\t\t\n\n\t\t<\/div>\n\n\t<\/div>\n\n<\/section>\n<\/div><\/div>\n\n\n\n<div class=\"wp-block-group has-white-color has-text-color has-background has-link-color wp-elements-86d3271ff418d62ec439e9c326097ce9\" style=\"background-color:#051c3c\"><div class=\"wp-block-group__inner-container is-layout-constrained wp-block-group-is-layout-constrained\"><section class=\"process\">\n\t\n\t<div class=\"container\">\n\n\t\t<div class=\"row\">\n\n\t\t\t<div class=\"col-lg-4\">\n\n\t\t\t\t<section class=\"headline\">\n\t\t\t\t\t\n\t\t\t\t\t<div class=\"container\">\n\n\t\t\t\t\t\t<div class=\"row\">\n\n\t\t\t\t\t\t\t<div class=\"col-lg-12 p-0\">\n\n\t\t\t\t\t\t\t\t<div class=\"headline_wrapper\">\n\n\t\t\t\t\t\t\t\t\t<h2><em>C\u00f3mo funciona <\/em><strong><span style=\"color: #c7d300;\">SOLICITE SU COTIZACI\u00d3N<\/span><\/strong><strong>f\u00e1cilmente<\/strong><\/h2>\n\n\t\t\t\t\t\t\t\t<\/div>\n\n\t\t\t\t\t\t\t<\/div>\n\n\t\t\t\t\t\t<\/div>\n\n\t\t\t\t\t<\/div>\n\n\t\t\t\t<\/section>\t\t\t\t\n\n\t\t\t<\/div>\n\n\t\t\t<div class=\"col-lg-8 process_steps\">\n\n\t\t\t\t<div class=\"process_steps_inner\">\n\n\t\t\t\t\t\n\t\t\t\t\t\t\t<div class=\"step_single\">\n\n\t\t\t\t\t\t\t\t<div class=\"step_icon\">\n\n\t\t\t\t\t\t\t\t\t<img decoding=\"async\" src=\"https:\/\/acoteq.com\/wp-content\/uploads\/2026\/02\/icons8_document.svg\" alt=\"\">\n\n\t\t\t\t\t\t\t\t<\/div>\n\n\t\t\t\t\t\t\t\t<div class=\"step_information\">\n\n\t\t\t\t\t\t\t\t\t<strong>1. Identifique su pieza<\/strong>\n\n\t\t\t\t\t\t\t\t\t<span>Datos del fabricante, n\u00famero de pieza o una foto. Eso es todo lo que necesitamos.<\/span>\n\n\t\t\t\t\t\t\t\t<\/div>\t\t\t\t\t\t\n\n\t\t\t\t\t\t\t<\/div>\n\n\t\t\t\t\t\t\n\t\t\t\t\t\t\t<div class=\"step_single\">\n\n\t\t\t\t\t\t\t\t<div class=\"step_icon\">\n\n\t\t\t\t\t\t\t\t\t<img decoding=\"async\" src=\"https:\/\/acoteq.com\/wp-content\/uploads\/2026\/02\/Vector.svg\" alt=\"\">\n\n\t\t\t\t\t\t\t\t<\/div>\n\n\t\t\t\t\t\t\t\t<div class=\"step_information\">\n\n\t\t\t\t\t\t\t\t\t<strong>2. Env\u00ede su solicitud<\/strong>\n\n\t\t\t\t\t\t\t\t\t<span>Env\u00ede los detalles a trav\u00e9s de nuestro formulario de contacto, correo electr\u00f3nico, Teams o WhatsApp.<\/span>\n\n\t\t\t\t\t\t\t\t<\/div>\t\t\t\t\t\t\n\n\t\t\t\t\t\t\t<\/div>\n\n\t\t\t\t\t\t\n\t\t\t\t\t\t\t<div class=\"step_single\">\n\n\t\t\t\t\t\t\t\t<div class=\"step_icon\">\n\n\t\t\t\t\t\t\t\t\t<img decoding=\"async\" src=\"https:\/\/acoteq.com\/wp-content\/uploads\/2026\/02\/gg_check-o.svg\" alt=\"\">\n\n\t\t\t\t\t\t\t\t<\/div>\n\n\t\t\t\t\t\t\t\t<div class=\"step_information\">\n\n\t\t\t\t\t\t\t\t\t<strong>3. Reciba su cotizaci\u00f3n<\/strong>\n\n\t\t\t\t\t\t\t\t\t<span>Le enviaremos una cotizaci\u00f3n tan r\u00e1pido como nuestra red de suministro lo permita.<\/span>\n\n\t\t\t\t\t\t\t\t<\/div>\t\t\t\t\t\t\n\n\t\t\t\t\t\t\t<\/div>\n\n\t\t\t\t\t\t\t\t\t\t\t\n\n\t\t\t\t<\/div>\n\n\t\t\t<\/div>\n\n\t\t<\/div>\n\n\t<\/div>\n\n<\/section><\/div><\/div>\n\n\n\n<div class=\"wp-block-group has-white-background-color has-text-color has-background has-link-color wp-elements-5acf6296b707ce11d479840365dbc53a\" style=\"color:#0e3770\"><div class=\"wp-block-group__inner-container is-layout-constrained wp-block-group-is-layout-constrained\"><section class=\"headline align-left \">\n\t\n\t<div class=\"container\">\n\n\t\t<div class=\"row\">\n\n\t\t\t<div class=\"col-lg-12\">\n\n\t\t\t\t<div class=\"headline_wrapper\">\n\n\t\t\t\t\t<h1><strong>\u00bfQu\u00e9 tipos de frenos<\/strong> ofrecen?<\/h1>\n\n\t\t\t\t\t\n\t\t\t\t<\/div>\n\n\t\t\t<\/div>\n\n\t\t<\/div>\n\n\t<\/div>\n\n<\/section>\n\n\n<div style=\"height:15px\" aria-hidden=\"true\" class=\"wp-block-spacer\"><\/div>\n\n\n\n<div class=\"wp-block-columns is-layout-flex wp-container-core-columns-is-layout-9d6595d7 wp-block-columns-is-layout-flex\">\n<div class=\"wp-block-column is-layout-flow wp-block-column-is-layout-flow\"><section class=\"text \">\n\t\n\t<div class=\"container\">\n\n\t\t<div class=\"row\">\n\n\t\t\t<div class=\"col-lg-12\">\n\n\t\t\t\t<p>Ya sea que est\u00e9s reemplazando los frenos en un <strong>sistema transportador minero<\/strong>, mejorando los mecanismos de seguridad en un <strong>bobinador industrial<\/strong>, o realizando mantenimiento en un <strong>sistema de frenado de emergencia<\/strong> dentro de una aplicaci\u00f3n de accionamiento, nuestras soluciones garantizan un rendimiento s\u00f3lido y una larga vida \u00fatil.<br \/>\nLos componentes de freno est\u00e1n dise\u00f1ados para funcionar de manera confiable bajo condiciones ambientales extremas, incluyendo altas temperaturas, exposici\u00f3n al polvo y esfuerzo mec\u00e1nico continuo.<\/p>\n<p>Ofrecemos <strong>frenos aplicados por resorte, mec\u00e1nicos, hidr\u00e1ulicos y neum\u00e1ticos<\/strong>, adem\u00e1s de kits de reemplazo completos adaptados a las especificaciones OEM. Cada unidad se selecciona o dise\u00f1a para proporcionar un <strong>par constante, m\u00ednimo desgaste<\/strong> y una integraci\u00f3n sencilla en el sistema existente. Tambi\u00e9n disponemos de <strong>frenos de seguridad (fail-safe)<\/strong>, <strong>sistemas de amortiguaci\u00f3n de alta velocidad<\/strong> y <strong>limitadores de par<\/strong> para protecci\u00f3n de procesos cr\u00edticos.<\/p>\n<p>Adem\u00e1s de suministrar unidades est\u00e1ndar, ofrecemos <strong>adaptaciones personalizadas<\/strong> y <strong>referencias cruzadas de n\u00fameros de parte<\/strong> seg\u00fan tu sistema actual, lo que facilita la identificaci\u00f3n y reemplazo de modelos obsoletos o descontinuados.<br \/>\nCon <strong>ACOTEQ<\/strong>, obtienes acceso a entregas globales, soporte \u00e1gil y un equipo de ingenieros que brinda asistencia en el dimensionamiento, compatibilidad y optimizaci\u00f3n del rendimiento de tus frenos.<\/p>\n<p>Explora nuestra gama completa de frenos industriales y <strong>solicita una cotizaci\u00f3n hoy mismo<\/strong>. Realizamos env\u00edos a todo el mundo y damos soporte a industrias como la automatizaci\u00f3n, el procesamiento de metales, la miner\u00eda, la fabricaci\u00f3n de cables y alambres, y la generaci\u00f3n de energ\u00eda, con sistemas de freno dise\u00f1ados para m\u00e1xima confiabilidad y control.<\/p>\n\n\t\t\t<\/div>\n\n\t\t<\/div>\n\n\t<\/div>\n\n<\/section><\/div>\n\n\n\n<div class=\"wp-block-column is-layout-flow wp-block-column-is-layout-flow\"><div class=\"container\">\n\n\t<div class=\"row\">\n\n\t\t<div class=\"col-lg-12\">\n\n\t\t\t<div class=\"imagewrap\">\n\n\t\t\t\t<img decoding=\"async\" src=\"https:\/\/acoteq.com\/wp-content\/uploads\/2026\/03\/brakes-e1773742164380.png\" alt=\"\">\n\n\t\t\t\t\n\t\t\t<\/div>\n\n\t\t<\/div>\n\n\t<\/div>\n\n<\/div><\/div>\n<\/div>\n<\/div><\/div>\n","protected":false},"excerpt":{"rendered":"","protected":false},"author":1,"featured_media":3488,"parent":4040,"menu_order":0,"comment_status":"closed","ping_status":"closed","template":"","meta":{"_acf_changed":false,"footnotes":""},"class_list":["post-3487","page","type-page","status-publish","has-post-thumbnail","hentry"],"acf":[],"yoast_head":"<!-- This site is optimized with the Yoast SEO plugin v27.2 - https:\/\/yoast.com\/product\/yoast-seo-wordpress\/ -->\n<title>Frenos | Repuestos Mec\u00e1nicos | ACOTEQ<\/title>\n<meta name=\"description\" content=\"Frenos industriales duraderos, precisos, personalizables y resistentes a condiciones extremas, con soporte t\u00e9cnico y env\u00edo internacional.\" \/>\n<meta name=\"robots\" content=\"index, follow, max-snippet:-1, max-image-preview:large, max-video-preview:-1\" \/>\n<link rel=\"canonical\" href=\"https:\/\/acoteq.com\/es\/repuestos\/repuestos-mecanicos\/frenos\/\" \/>\n<meta property=\"og:locale\" content=\"es_ES\" \/>\n<meta property=\"og:type\" content=\"article\" \/>\n<meta property=\"og:title\" content=\"Frenos | Repuestos Mec\u00e1nicos | ACOTEQ\" \/>\n<meta property=\"og:description\" content=\"Frenos industriales duraderos, precisos, personalizables y resistentes a condiciones extremas, con soporte t\u00e9cnico y env\u00edo internacional.\" \/>\n<meta property=\"og:url\" content=\"https:\/\/acoteq.com\/es\/repuestos\/repuestos-mecanicos\/frenos\/\" \/>\n<meta property=\"og:site_name\" content=\"ACOTEQ\" \/>\n<meta property=\"article:modified_time\" content=\"2026-03-18T11:47:44+00:00\" \/>\n<meta property=\"og:image\" content=\"https:\/\/acoteq.com\/wp-content\/uploads\/2026\/02\/0-Brakes-2.png.webp\" \/>\n\t<meta property=\"og:image:width\" content=\"1872\" \/>\n\t<meta property=\"og:image:height\" content=\"1244\" \/>\n\t<meta property=\"og:image:type\" content=\"image\/webp\" \/>\n<meta name=\"twitter:card\" content=\"summary_large_image\" \/>\n<meta name=\"twitter:label1\" content=\"Tiempo de lectura\" \/>\n\t<meta name=\"twitter:data1\" content=\"1 minuto\" \/>\n<script type=\"application\/ld+json\" class=\"yoast-schema-graph\">{\"@context\":\"https:\/\/schema.org\",\"@graph\":[{\"@type\":\"WebPage\",\"@id\":\"https:\/\/acoteq.com\/es\/repuestos\/repuestos-mecanicos\/frenos\/\",\"url\":\"https:\/\/acoteq.com\/es\/repuestos\/repuestos-mecanicos\/frenos\/\",\"name\":\"Frenos | Repuestos Mec\u00e1nicos | ACOTEQ\",\"isPartOf\":{\"@id\":\"https:\/\/acoteq.com\/es\/#website\"},\"primaryImageOfPage\":{\"@id\":\"https:\/\/acoteq.com\/es\/repuestos\/repuestos-mecanicos\/frenos\/#primaryimage\"},\"image\":{\"@id\":\"https:\/\/acoteq.com\/es\/repuestos\/repuestos-mecanicos\/frenos\/#primaryimage\"},\"thumbnailUrl\":\"https:\/\/acoteq.com\/wp-content\/uploads\/2026\/02\/0-Brakes-2.png.webp\",\"datePublished\":\"2026-02-12T13:05:36+00:00\",\"dateModified\":\"2026-03-18T11:47:44+00:00\",\"description\":\"Frenos industriales duraderos, precisos, personalizables y resistentes a condiciones extremas, con soporte t\u00e9cnico y env\u00edo internacional.\",\"breadcrumb\":{\"@id\":\"https:\/\/acoteq.com\/es\/repuestos\/repuestos-mecanicos\/frenos\/#breadcrumb\"},\"inLanguage\":\"es\",\"potentialAction\":[{\"@type\":\"ReadAction\",\"target\":[\"https:\/\/acoteq.com\/es\/repuestos\/repuestos-mecanicos\/frenos\/\"]}]},{\"@type\":\"ImageObject\",\"inLanguage\":\"es\",\"@id\":\"https:\/\/acoteq.com\/es\/repuestos\/repuestos-mecanicos\/frenos\/#primaryimage\",\"url\":\"https:\/\/acoteq.com\/wp-content\/uploads\/2026\/02\/0-Brakes-2.png.webp\",\"contentUrl\":\"https:\/\/acoteq.com\/wp-content\/uploads\/2026\/02\/0-Brakes-2.png.webp\",\"width\":1872,\"height\":1244},{\"@type\":\"BreadcrumbList\",\"@id\":\"https:\/\/acoteq.com\/es\/repuestos\/repuestos-mecanicos\/frenos\/#breadcrumb\",\"itemListElement\":[{\"@type\":\"ListItem\",\"position\":1,\"name\":\"Home\",\"item\":\"https:\/\/acoteq.com\/es\/\"},{\"@type\":\"ListItem\",\"position\":2,\"name\":\"Repuestos\",\"item\":\"https:\/\/acoteq.com\/es\/repuestos\/\"},{\"@type\":\"ListItem\",\"position\":3,\"name\":\"Repuestos Mec\u00e1nicos\",\"item\":\"https:\/\/acoteq.com\/es\/repuestos\/repuestos-mecanicos\/\"},{\"@type\":\"ListItem\",\"position\":4,\"name\":\"Frenos\"}]},{\"@type\":\"WebSite\",\"@id\":\"https:\/\/acoteq.com\/es\/#website\",\"url\":\"https:\/\/acoteq.com\/es\/\",\"name\":\"ACOTEQ\",\"description\":\"\",\"potentialAction\":[{\"@type\":\"SearchAction\",\"target\":{\"@type\":\"EntryPoint\",\"urlTemplate\":\"https:\/\/acoteq.com\/es\/?s={search_term_string}\"},\"query-input\":{\"@type\":\"PropertyValueSpecification\",\"valueRequired\":true,\"valueName\":\"search_term_string\"}}],\"inLanguage\":\"es\"}]}<\/script>\n<!-- \/ Yoast SEO plugin. -->","yoast_head_json":{"title":"Frenos | Repuestos Mec\u00e1nicos | ACOTEQ","description":"Frenos industriales duraderos, precisos, personalizables y resistentes a condiciones extremas, con soporte t\u00e9cnico y env\u00edo internacional.","robots":{"index":"index","follow":"follow","max-snippet":"max-snippet:-1","max-image-preview":"max-image-preview:large","max-video-preview":"max-video-preview:-1"},"canonical":"https:\/\/acoteq.com\/es\/repuestos\/repuestos-mecanicos\/frenos\/","og_locale":"es_ES","og_type":"article","og_title":"Frenos | Repuestos Mec\u00e1nicos | ACOTEQ","og_description":"Frenos industriales duraderos, precisos, personalizables y resistentes a condiciones extremas, con soporte t\u00e9cnico y env\u00edo internacional.","og_url":"https:\/\/acoteq.com\/es\/repuestos\/repuestos-mecanicos\/frenos\/","og_site_name":"ACOTEQ","article_modified_time":"2026-03-18T11:47:44+00:00","og_image":[{"width":1872,"height":1244,"url":"https:\/\/acoteq.com\/wp-content\/uploads\/2026\/02\/0-Brakes-2.png.webp","type":"image\/webp"}],"twitter_card":"summary_large_image","twitter_misc":{"Tiempo de lectura":"1 minuto"},"schema":{"@context":"https:\/\/schema.org","@graph":[{"@type":"WebPage","@id":"https:\/\/acoteq.com\/es\/repuestos\/repuestos-mecanicos\/frenos\/","url":"https:\/\/acoteq.com\/es\/repuestos\/repuestos-mecanicos\/frenos\/","name":"Frenos | Repuestos Mec\u00e1nicos | ACOTEQ","isPartOf":{"@id":"https:\/\/acoteq.com\/es\/#website"},"primaryImageOfPage":{"@id":"https:\/\/acoteq.com\/es\/repuestos\/repuestos-mecanicos\/frenos\/#primaryimage"},"image":{"@id":"https:\/\/acoteq.com\/es\/repuestos\/repuestos-mecanicos\/frenos\/#primaryimage"},"thumbnailUrl":"https:\/\/acoteq.com\/wp-content\/uploads\/2026\/02\/0-Brakes-2.png.webp","datePublished":"2026-02-12T13:05:36+00:00","dateModified":"2026-03-18T11:47:44+00:00","description":"Frenos industriales duraderos, precisos, personalizables y resistentes a condiciones extremas, con soporte t\u00e9cnico y env\u00edo internacional.","breadcrumb":{"@id":"https:\/\/acoteq.com\/es\/repuestos\/repuestos-mecanicos\/frenos\/#breadcrumb"},"inLanguage":"es","potentialAction":[{"@type":"ReadAction","target":["https:\/\/acoteq.com\/es\/repuestos\/repuestos-mecanicos\/frenos\/"]}]},{"@type":"ImageObject","inLanguage":"es","@id":"https:\/\/acoteq.com\/es\/repuestos\/repuestos-mecanicos\/frenos\/#primaryimage","url":"https:\/\/acoteq.com\/wp-content\/uploads\/2026\/02\/0-Brakes-2.png.webp","contentUrl":"https:\/\/acoteq.com\/wp-content\/uploads\/2026\/02\/0-Brakes-2.png.webp","width":1872,"height":1244},{"@type":"BreadcrumbList","@id":"https:\/\/acoteq.com\/es\/repuestos\/repuestos-mecanicos\/frenos\/#breadcrumb","itemListElement":[{"@type":"ListItem","position":1,"name":"Home","item":"https:\/\/acoteq.com\/es\/"},{"@type":"ListItem","position":2,"name":"Repuestos","item":"https:\/\/acoteq.com\/es\/repuestos\/"},{"@type":"ListItem","position":3,"name":"Repuestos Mec\u00e1nicos","item":"https:\/\/acoteq.com\/es\/repuestos\/repuestos-mecanicos\/"},{"@type":"ListItem","position":4,"name":"Frenos"}]},{"@type":"WebSite","@id":"https:\/\/acoteq.com\/es\/#website","url":"https:\/\/acoteq.com\/es\/","name":"ACOTEQ","description":"","potentialAction":[{"@type":"SearchAction","target":{"@type":"EntryPoint","urlTemplate":"https:\/\/acoteq.com\/es\/?s={search_term_string}"},"query-input":{"@type":"PropertyValueSpecification","valueRequired":true,"valueName":"search_term_string"}}],"inLanguage":"es"}]}},"_links":{"self":[{"href":"https:\/\/acoteq.com\/es\/wp-json\/wp\/v2\/pages\/3487","targetHints":{"allow":["GET"]}}],"collection":[{"href":"https:\/\/acoteq.com\/es\/wp-json\/wp\/v2\/pages"}],"about":[{"href":"https:\/\/acoteq.com\/es\/wp-json\/wp\/v2\/types\/page"}],"author":[{"embeddable":true,"href":"https:\/\/acoteq.com\/es\/wp-json\/wp\/v2\/users\/1"}],"replies":[{"embeddable":true,"href":"https:\/\/acoteq.com\/es\/wp-json\/wp\/v2\/comments?post=3487"}],"version-history":[{"count":8,"href":"https:\/\/acoteq.com\/es\/wp-json\/wp\/v2\/pages\/3487\/revisions"}],"predecessor-version":[{"id":9810,"href":"https:\/\/acoteq.com\/es\/wp-json\/wp\/v2\/pages\/3487\/revisions\/9810"}],"up":[{"embeddable":true,"href":"https:\/\/acoteq.com\/es\/wp-json\/wp\/v2\/pages\/4040"}],"wp:featuredmedia":[{"embeddable":true,"href":"https:\/\/acoteq.com\/es\/wp-json\/wp\/v2\/media\/3488"}],"wp:attachment":[{"href":"https:\/\/acoteq.com\/es\/wp-json\/wp\/v2\/media?parent=3487"}],"curies":[{"name":"wp","href":"https:\/\/api.w.org\/{rel}","templated":true}]}}