{"id":3535,"date":"2026-02-12T14:04:12","date_gmt":"2026-02-12T13:04:12","guid":{"rendered":"https:\/\/acoteq.com\/timing-belts\/"},"modified":"2026-03-18T12:44:37","modified_gmt":"2026-03-18T11:44:37","slug":"correas-sincronicas","status":"publish","type":"page","link":"https:\/\/acoteq.com\/es\/repuestos\/repuestos-mecanicos\/correas\/correas-sincronicas\/","title":{"rendered":"Correas sincr\u00f3nicas"},"content":{"rendered":"<section class=\"cta\">\n\t\n\t<div class=\"container\">\n\n\t\t<div class=\"row\">\n\n\t\t\t<div class=\"col-lg-12\">\n\n\t\t\t\t<div class=\"cta_inner\">\n\n\t\t\t\t\t<div>\n\n\t\t\t\t\t\t<span class=\"pre_headline\"><i class=\"fas fa-search\"><\/i>&nbsp;Expertos en abastecimiento global<\/span>\n\n\t\t\t\t\t\t<p><strong>\u00bf<em>No encuentra<\/em> su repuesto?<\/strong><\/p>\n<p>Nuestro cat\u00e1logo en l\u00ednea muestra solo el 5% de nuestra capacidad de suministro.<br \/>\n<strong>Deje que nuestros expertos encuentren exactamente lo que necesita.<\/strong><\/p>\n\n\t\t\t\t\t<\/div>\n\n\t\t\t\t\t<div>\n\n\t\t\t\t\t\t\n\t\t\t\t\t\t\t<a class=\"button light\" href=\"#contact\" target=\"\">Solicitar una cotizaci\u00f3n&nbsp;<i class=\"fas fa-arrow-right\"><\/i><\/a>\n\n\t\t\t\t\t\t\n\t\t\t\t\t<\/div>\n\n\t\t\t\t\t<i class=\"fas fa-times close_cta\"><\/i>\n\n\t\t\t\t<\/div>\n\n\t\t\t<\/div>\n\n\t\t<\/div>\n\n\t<\/div>\n\n<\/section>\n\n\n<div style=\"height:75px\" aria-hidden=\"true\" class=\"wp-block-spacer\"><\/div>\n\n\n<div class=\"yoast-breadcrumbs\"><span><span><a href=\"https:\/\/acoteq.com\/es\/\"><i class=\"fas fa-home\">Home<\/i><\/a><\/span> \/ <span><a href=\"https:\/\/acoteq.com\/es\/repuestos\/\">Repuestos<\/a><\/span> \/ <span><a href=\"https:\/\/acoteq.com\/es\/repuestos\/repuestos-mecanicos\/\">Repuestos Mec\u00e1nicos<\/a><\/span> \/ <span><a href=\"https:\/\/acoteq.com\/es\/repuestos\/repuestos-mecanicos\/correas\/\">Correas<\/a><\/span> \/ <span class=\"breadcrumb_last\" aria-current=\"page\">Correas sincr\u00f3nicas<\/span><\/span><\/div>\n\n\n<div class=\"wp-block-group has-white-background-color has-text-color has-background has-link-color wp-elements-342bf5431508930cd8978f6155d87663\" style=\"color:#0e3770\"><div class=\"wp-block-group__inner-container is-layout-constrained wp-block-group-is-layout-constrained\"><section class=\"headline align-left \">\n\t\n\t<div class=\"container\">\n\n\t\t<div class=\"row\">\n\n\t\t\t<div class=\"col-lg-12\">\n\n\t\t\t\t<div class=\"headline_wrapper\">\n\n\t\t\t\t\t<h1><strong>Correas<\/strong> sincr\u00f3nicas<\/h1>\n\n\t\t\t\t\t\n\t\t\t\t<\/div>\n\n\t\t\t<\/div>\n\n\t\t<\/div>\n\n\t<\/div>\n\n<\/section>\n\n\n<div style=\"height:50px\" aria-hidden=\"true\" class=\"wp-block-spacer\"><\/div>\n\n\n<section class=\"cards\">\n\t\n\t<div class=\"container\">\n\n\t\t<div class=\"row\">\n\n\t\t\t\n\t\t\t\t\n\t\t\t\t\t<div class=\"col-lg-4 col-md-6 card_single\">\n\n\t\t\t\t\t\t\n\t\t\t\t\t\t<div class=\"card_inner\">\n\n\t\t\t\t\t\t\t\t\t\t\t\t\t\t\t<a href=\"https:\/\/acoteq.com\/es\/repuestos\/repuestos-mecanicos\/correas\/correas-sincronicas\/correas-sincronicas-automotrices\/\">\n\t\t\t\t\t\t\t\t\t<img decoding=\"async\" width=\"640\" height=\"427\" src=\"https:\/\/acoteq.com\/wp-content\/uploads\/2026\/02\/4.1.2-Automotive-Timing-Belts.png-1024x683.webp\" class=\"attachment-large size-large wp-post-image\" alt=\"Category image\" loading=\"lazy\" srcset=\"https:\/\/acoteq.com\/wp-content\/uploads\/2026\/02\/4.1.2-Automotive-Timing-Belts.png-1024x683.webp 1024w, https:\/\/acoteq.com\/wp-content\/uploads\/2026\/02\/4.1.2-Automotive-Timing-Belts.png-300x200.webp 300w, https:\/\/acoteq.com\/wp-content\/uploads\/2026\/02\/4.1.2-Automotive-Timing-Belts.png-768x512.webp 768w, https:\/\/acoteq.com\/wp-content\/uploads\/2026\/02\/4.1.2-Automotive-Timing-Belts.png.webp 1536w\" sizes=\"auto, (max-width: 640px) 100vw, 640px\" \/>\t\t\t\t\t\t\t\t<\/a>\n\t\t\t\t\t\t\t\t\n\n\t\t\t\t\t\t\t<div class=\"card_information\">\t\n\n\t\t\t\t\t\t\t\t<div>\n\n\t\t\t\t\t\t\t\t\t<h3>\n\t\t\t\t\t\t\t\t\t\t<a href=\"https:\/\/acoteq.com\/es\/repuestos\/repuestos-mecanicos\/correas\/correas-sincronicas\/correas-sincronicas-automotrices\/\">\n\t\t\t\t\t\t\t\t\t\t\t<b>Correas<\/b> sincr\u00f3nicas automotrices\t\t\t\t\t\t\t\t\t\t\t\n\t\t\t\t\t\t\t\t\t\t<\/a>\n\t\t\t\t\t\t\t\t\t<\/h3>\n\n\t\t\t\t\t\t\t\t\t\t\t\n\n\t\t\t\t\t\t\t\t<\/div>\t\n\n\t\t\t\t\t\t\t\t<div class=\"cards_linkwrap\">\n\n\t\t\t\t\t\t\t\t\t\t\t\t\t\t\t\t\t\t\t\n\t\t\t\t\t\t\t\t\t\t<a href=\"https:\/\/acoteq.com\/es\/repuestos\/repuestos-mecanicos\/correas\/correas-sincronicas\/correas-sincronicas-automotrices\/\">\n\t\t\t\t\t\t\t\t\t\t\tVer categor\u00eda&nbsp;<i class=\"fas fa-arrow-right\"><\/i>\n\t\t\t\t\t\t\t\t\t\t<\/a>\t\t\t\t\t\t\t\t\t\t\n\n\t\t\t\t\t\t\t\t\t\t\t\t\t\n\n\t\t\t\t\t\t\t\t<\/div>\t\t\t\t\t\t\t\t\t\t\t\t\t\t\t\n\n\t\t\t\t\t\t\t<\/div>\n\n\t\t\t\t\t\t<\/div>\n\n\t\t\t\t\t<\/div>\n\n\t\t\t\t\n\t\t\t\t\t<div class=\"col-lg-4 col-md-6 card_single\">\n\n\t\t\t\t\t\t\n\t\t\t\t\t\t<div class=\"card_inner\">\n\n\t\t\t\t\t\t\t\t\t\t\t\t\t\t\t<a href=\"https:\/\/acoteq.com\/es\/repuestos\/repuestos-mecanicos\/correas\/correas-sincronicas\/correas-sincronicas-de-caucho\/\">\n\t\t\t\t\t\t\t\t\t<img decoding=\"async\" width=\"640\" height=\"427\" src=\"https:\/\/acoteq.com\/wp-content\/uploads\/2026\/02\/4.2.2-Rubber-Timing-Belts.png-1024x683.webp\" class=\"attachment-large size-large wp-post-image\" alt=\"Category image\" loading=\"lazy\" srcset=\"https:\/\/acoteq.com\/wp-content\/uploads\/2026\/02\/4.2.2-Rubber-Timing-Belts.png-1024x683.webp 1024w, https:\/\/acoteq.com\/wp-content\/uploads\/2026\/02\/4.2.2-Rubber-Timing-Belts.png-300x200.webp 300w, https:\/\/acoteq.com\/wp-content\/uploads\/2026\/02\/4.2.2-Rubber-Timing-Belts.png-768x512.webp 768w, https:\/\/acoteq.com\/wp-content\/uploads\/2026\/02\/4.2.2-Rubber-Timing-Belts.png.webp 1536w\" sizes=\"auto, (max-width: 640px) 100vw, 640px\" \/>\t\t\t\t\t\t\t\t<\/a>\n\t\t\t\t\t\t\t\t\n\n\t\t\t\t\t\t\t<div class=\"card_information\">\t\n\n\t\t\t\t\t\t\t\t<div>\n\n\t\t\t\t\t\t\t\t\t<h3>\n\t\t\t\t\t\t\t\t\t\t<a href=\"https:\/\/acoteq.com\/es\/repuestos\/repuestos-mecanicos\/correas\/correas-sincronicas\/correas-sincronicas-de-caucho\/\">\n\t\t\t\t\t\t\t\t\t\t\t<b>Correas<\/b> sincr\u00f3nicas de caucho\t\t\t\t\t\t\t\t\t\t\t\n\t\t\t\t\t\t\t\t\t\t<\/a>\n\t\t\t\t\t\t\t\t\t<\/h3>\n\n\t\t\t\t\t\t\t\t\t\t\t\n\n\t\t\t\t\t\t\t\t<\/div>\t\n\n\t\t\t\t\t\t\t\t<div class=\"cards_linkwrap\">\n\n\t\t\t\t\t\t\t\t\t\t\t\t\t\t\t\t\t\t\t\n\t\t\t\t\t\t\t\t\t\t<a href=\"https:\/\/acoteq.com\/es\/repuestos\/repuestos-mecanicos\/correas\/correas-sincronicas\/correas-sincronicas-de-caucho\/\">\n\t\t\t\t\t\t\t\t\t\t\tVer categor\u00eda&nbsp;<i class=\"fas fa-arrow-right\"><\/i>\n\t\t\t\t\t\t\t\t\t\t<\/a>\t\t\t\t\t\t\t\t\t\t\n\n\t\t\t\t\t\t\t\t\t\t\t\t\t\n\n\t\t\t\t\t\t\t\t<\/div>\t\t\t\t\t\t\t\t\t\t\t\t\t\t\t\n\n\t\t\t\t\t\t\t<\/div>\n\n\t\t\t\t\t\t<\/div>\n\n\t\t\t\t\t<\/div>\n\n\t\t\t\t\n\t\t\t\t\t<div class=\"col-lg-4 col-md-6 card_single\">\n\n\t\t\t\t\t\t\n\t\t\t\t\t\t<div class=\"card_inner\">\n\n\t\t\t\t\t\t\t\t\t\t\t\t\t\t\t<a href=\"https:\/\/acoteq.com\/es\/repuestos\/repuestos-mecanicos\/correas\/correas-sincronicas\/correas-sincronicas-de-pu\/\">\n\t\t\t\t\t\t\t\t\t<img decoding=\"async\" width=\"640\" height=\"427\" src=\"https:\/\/acoteq.com\/wp-content\/uploads\/2026\/02\/4.3.2-PU-Timing-Belts.png-1024x683.webp\" class=\"attachment-large size-large wp-post-image\" alt=\"Category image\" loading=\"lazy\" srcset=\"https:\/\/acoteq.com\/wp-content\/uploads\/2026\/02\/4.3.2-PU-Timing-Belts.png-1024x683.webp 1024w, https:\/\/acoteq.com\/wp-content\/uploads\/2026\/02\/4.3.2-PU-Timing-Belts.png-300x200.webp 300w, https:\/\/acoteq.com\/wp-content\/uploads\/2026\/02\/4.3.2-PU-Timing-Belts.png-768x512.webp 768w, https:\/\/acoteq.com\/wp-content\/uploads\/2026\/02\/4.3.2-PU-Timing-Belts.png.webp 1536w\" sizes=\"auto, (max-width: 640px) 100vw, 640px\" \/>\t\t\t\t\t\t\t\t<\/a>\n\t\t\t\t\t\t\t\t\n\n\t\t\t\t\t\t\t<div class=\"card_information\">\t\n\n\t\t\t\t\t\t\t\t<div>\n\n\t\t\t\t\t\t\t\t\t<h3>\n\t\t\t\t\t\t\t\t\t\t<a href=\"https:\/\/acoteq.com\/es\/repuestos\/repuestos-mecanicos\/correas\/correas-sincronicas\/correas-sincronicas-de-pu\/\">\n\t\t\t\t\t\t\t\t\t\t\t<b>Correas<\/b> sincr\u00f3nicas de PU\t\t\t\t\t\t\t\t\t\t\t\n\t\t\t\t\t\t\t\t\t\t<\/a>\n\t\t\t\t\t\t\t\t\t<\/h3>\n\n\t\t\t\t\t\t\t\t\t\t\t\n\n\t\t\t\t\t\t\t\t<\/div>\t\n\n\t\t\t\t\t\t\t\t<div class=\"cards_linkwrap\">\n\n\t\t\t\t\t\t\t\t\t\t\t\t\t\t\t\t\t\t\t\n\t\t\t\t\t\t\t\t\t\t<a href=\"https:\/\/acoteq.com\/es\/repuestos\/repuestos-mecanicos\/correas\/correas-sincronicas\/correas-sincronicas-de-pu\/\">\n\t\t\t\t\t\t\t\t\t\t\tVer categor\u00eda&nbsp;<i class=\"fas fa-arrow-right\"><\/i>\n\t\t\t\t\t\t\t\t\t\t<\/a>\t\t\t\t\t\t\t\t\t\t\n\n\t\t\t\t\t\t\t\t\t\t\t\t\t\n\n\t\t\t\t\t\t\t\t<\/div>\t\t\t\t\t\t\t\t\t\t\t\t\t\t\t\n\n\t\t\t\t\t\t\t<\/div>\n\n\t\t\t\t\t\t<\/div>\n\n\t\t\t\t\t<\/div>\n\n\t\t\t\t\t\t\t\n\n\t\t\t\t\t\t\n\n\t\t<\/div>\n\n\t<\/div>\n\n<\/section>\n<\/div><\/div>\n\n\n\n<div class=\"wp-block-group has-white-color has-text-color has-background has-link-color wp-elements-02f8dfe85c62b643e68e225b1054e752\" style=\"background-color:#051c3c\"><div class=\"wp-block-group__inner-container is-layout-constrained wp-block-group-is-layout-constrained\"><section class=\"process\">\n\t\n\t<div class=\"container\">\n\n\t\t<div class=\"row\">\n\n\t\t\t<div class=\"col-lg-4\">\n\n\t\t\t\t<section class=\"headline\">\n\t\t\t\t\t\n\t\t\t\t\t<div class=\"container\">\n\n\t\t\t\t\t\t<div class=\"row\">\n\n\t\t\t\t\t\t\t<div class=\"col-lg-12 p-0\">\n\n\t\t\t\t\t\t\t\t<div class=\"headline_wrapper\">\n\n\t\t\t\t\t\t\t\t\t<h2><em>C\u00f3mo funciona <\/em><strong><span style=\"color: #c7d300;\">Obtenga un presupuesto <\/span><\/strong><strong>f\u00e1cilmente<\/strong><\/h2>\n\n\t\t\t\t\t\t\t\t<\/div>\n\n\t\t\t\t\t\t\t<\/div>\n\n\t\t\t\t\t\t<\/div>\n\n\t\t\t\t\t<\/div>\n\n\t\t\t\t<\/section>\t\t\t\t\n\n\t\t\t<\/div>\n\n\t\t\t<div class=\"col-lg-8 process_steps\">\n\n\t\t\t\t<div class=\"process_steps_inner\">\n\n\t\t\t\t\t\n\t\t\t\t\t\t\t<div class=\"step_single\">\n\n\t\t\t\t\t\t\t\t<div class=\"step_icon\">\n\n\t\t\t\t\t\t\t\t\t<img decoding=\"async\" src=\"https:\/\/acoteq.com\/wp-content\/uploads\/2026\/02\/icons8_document.svg\" alt=\"\">\n\n\t\t\t\t\t\t\t\t<\/div>\n\n\t\t\t\t\t\t\t\t<div class=\"step_information\">\n\n\t\t\t\t\t\t\t\t\t<strong>1. Identifique su pieza<\/strong>\n\n\t\t\t\t\t\t\t\t\t<span>Detalles del fabricante, n\u00famero de pieza o una foto. Eso es todo lo que necesitamos.<\/span>\n\n\t\t\t\t\t\t\t\t<\/div>\t\t\t\t\t\t\n\n\t\t\t\t\t\t\t<\/div>\n\n\t\t\t\t\t\t\n\t\t\t\t\t\t\t<div class=\"step_single\">\n\n\t\t\t\t\t\t\t\t<div class=\"step_icon\">\n\n\t\t\t\t\t\t\t\t\t<img decoding=\"async\" src=\"https:\/\/acoteq.com\/wp-content\/uploads\/2026\/02\/Vector.svg\" alt=\"\">\n\n\t\t\t\t\t\t\t\t<\/div>\n\n\t\t\t\t\t\t\t\t<div class=\"step_information\">\n\n\t\t\t\t\t\t\t\t\t<strong>2. Env\u00ede su solicitud<\/strong>\n\n\t\t\t\t\t\t\t\t\t<span>Env\u00ede los detalles a trav\u00e9s de nuestro formulario de contacto, correo electr\u00f3nico, Teams o WhatsApp.<\/span>\n\n\t\t\t\t\t\t\t\t<\/div>\t\t\t\t\t\t\n\n\t\t\t\t\t\t\t<\/div>\n\n\t\t\t\t\t\t\n\t\t\t\t\t\t\t<div class=\"step_single\">\n\n\t\t\t\t\t\t\t\t<div class=\"step_icon\">\n\n\t\t\t\t\t\t\t\t\t<img decoding=\"async\" src=\"https:\/\/acoteq.com\/wp-content\/uploads\/2026\/02\/gg_check-o.svg\" alt=\"\">\n\n\t\t\t\t\t\t\t\t<\/div>\n\n\t\t\t\t\t\t\t\t<div class=\"step_information\">\n\n\t\t\t\t\t\t\t\t\t<strong>3. Obtenga su presupuesto<\/strong>\n\n\t\t\t\t\t\t\t\t\t<span>Le enviaremos un presupuesto tan pronto como nuestra red de suministro lo permita.<\/span>\n\n\t\t\t\t\t\t\t\t<\/div>\t\t\t\t\t\t\n\n\t\t\t\t\t\t\t<\/div>\n\n\t\t\t\t\t\t\t\t\t\t\t\n\n\t\t\t\t<\/div>\n\n\t\t\t<\/div>\n\n\t\t<\/div>\n\n\t<\/div>\n\n<\/section><\/div><\/div>\n\n\n\n<div class=\"wp-block-group has-white-background-color has-text-color has-background has-link-color wp-elements-b96a99709b452f038cd4cbad4c21af07\" style=\"color:#0e3770\"><div class=\"wp-block-group__inner-container is-layout-constrained wp-block-group-is-layout-constrained\"><section class=\"headline align-left \">\n\t\n\t<div class=\"container\">\n\n\t\t<div class=\"row\">\n\n\t\t\t<div class=\"col-lg-12\">\n\n\t\t\t\t<div class=\"headline_wrapper\">\n\n\t\t\t\t\t<h1><strong>\u00bfQu\u00e9 correas sincr\u00f3nicas<\/strong> ofrecen?<\/h1>\n\n\t\t\t\t\t\n\t\t\t\t<\/div>\n\n\t\t\t<\/div>\n\n\t\t<\/div>\n\n\t<\/div>\n\n<\/section>\n\n\n<div style=\"height:15px\" aria-hidden=\"true\" class=\"wp-block-spacer\"><\/div>\n\n\n\n<div class=\"wp-block-columns is-layout-flex wp-container-core-columns-is-layout-9d6595d7 wp-block-columns-is-layout-flex\">\n<div class=\"wp-block-column is-layout-flow wp-block-column-is-layout-flow\"><section class=\"text \">\n\t\n\t<div class=\"container\">\n\n\t\t<div class=\"row\">\n\n\t\t\t<div class=\"col-lg-12\">\n\n\t\t\t\t<p>Las <strong>correas sincr\u00f3nicas<\/strong> son componentes esenciales en la transmisi\u00f3n de potencia sincronizada, ya que aseguran un movimiento preciso entre ejes sin deslizamiento ni holgura. Se utilizan en <strong>automatizaci\u00f3n industrial, rob\u00f3tica, l\u00edneas de envasado, transportadores<\/strong> y sistemas automotrices, ofreciendo relaciones de velocidad constantes y posicionamiento exacto incluso bajo cargas din\u00e1micas y ciclos de alta velocidad.<\/p>\n<p>En <strong>ACOTEQ<\/strong> suministramos una amplia gama de <strong>correas sincr\u00f3nicas<\/strong>, incluyendo <strong>correas automotrices<\/strong>, <strong>correas de caucho<\/strong> y <strong>correas de poliuretano (PU)<\/strong>, disponibles en versiones <strong>originales y compatibles<\/strong> con las principales marcas industriales y OEM. Nuestras correas est\u00e1n disponibles en pasos m\u00e9tricos e imperiales (T5, T10, AT10, HTD, STD, entre otros), con refuerzos en <strong>acero, fibra de vidrio o aramida<\/strong> para mayor vida \u00fatil y m\u00ednima elongaci\u00f3n.<\/p>\n<p>Ya sea que necesites <strong>correas de alta precisi\u00f3n<\/strong> para sistemas sincronizados o <strong>correas resistentes<\/strong> para entornos exigentes, podemos ayudarte a identificar el perfil, longitud y geometr\u00eda de dientes ideales para tu equipo. Las aplicaciones van desde maquinaria CNC y sistemas de llenado hasta motores, extrusoras y l\u00edneas de transferencia.<\/p>\n<p>Todas las correas est\u00e1n dise\u00f1adas para soportar <strong>altos pares de torsi\u00f3n<\/strong>, resistir la abrasi\u00f3n y los aceites, y mantener un rendimiento constante ante variaciones de temperatura. Las <strong>correas de poliuretano (PU)<\/strong> ofrecen excelente resistencia qu\u00edmica y estabilidad dimensional, mientras que las <strong>correas de caucho<\/strong> proporcionan funcionamiento silencioso y un desempe\u00f1o econ\u00f3mico para transmisiones industriales est\u00e1ndar.<\/p>\n<p>Brindamos soporte t\u00e9cnico a ingenieros y equipos de mantenimiento mediante <strong>cruces de referencia, asesor\u00eda t\u00e9cnica y cortes personalizados<\/strong>seg\u00fan las especificaciones de tu proyecto. Todas nuestras correas est\u00e1n disponibles con <strong>env\u00edo internacional<\/strong>, garantizando plazos de entrega r\u00e1pidos y asistencia t\u00e9cnica durante todo el proceso de compra.<\/p>\n<p><strong>Solicita una cotizaci\u00f3n hoy mismo<\/strong> o explora nuestro cat\u00e1logo para encontrar correas sincr\u00f3nicas adaptadas a tus requerimientos operativos, utilizadas por fabricantes, integradores de sistemas y OEMs en todo el mundo.<\/p>\n\n\t\t\t<\/div>\n\n\t\t<\/div>\n\n\t<\/div>\n\n<\/section><\/div>\n\n\n\n<div class=\"wp-block-column is-layout-flow wp-block-column-is-layout-flow\"><div class=\"container\">\n\n\t<div class=\"row\">\n\n\t\t<div class=\"col-lg-12\">\n\n\t\t\t<div class=\"imagewrap\">\n\n\t\t\t\t<img decoding=\"async\" src=\"https:\/\/acoteq.com\/wp-content\/uploads\/2026\/03\/timing-belts-e1773741925364.png\" alt=\"\">\n\n\t\t\t\t\n\t\t\t<\/div>\n\n\t\t<\/div>\n\n\t<\/div>\n\n<\/div><\/div>\n<\/div>\n<\/div><\/div>\n","protected":false},"excerpt":{"rendered":"","protected":false},"author":1,"featured_media":3536,"parent":3639,"menu_order":0,"comment_status":"closed","ping_status":"closed","template":"","meta":{"_acf_changed":false,"footnotes":""},"class_list":["post-3535","page","type-page","status-publish","has-post-thumbnail","hentry"],"acf":[],"yoast_head":"<!-- This site is optimized with the Yoast SEO plugin v27.2 - https:\/\/yoast.com\/product\/yoast-seo-wordpress\/ -->\n<title>Correas Sincr\u00f3nicas | Repuestos Mec\u00e1nicos | ACOTEQ<\/title>\n<meta name=\"description\" content=\"Correas sincr\u00f3nicas de Gates, Optibelt, ContiTech, etc. Ideales para movimiento preciso en aplicaciones industriales. Env\u00edos a todo el mundo.\" \/>\n<meta name=\"robots\" content=\"index, follow, max-snippet:-1, max-image-preview:large, max-video-preview:-1\" \/>\n<link rel=\"canonical\" href=\"https:\/\/acoteq.com\/es\/repuestos\/repuestos-mecanicos\/correas\/correas-sincronicas\/\" \/>\n<meta property=\"og:locale\" content=\"es_ES\" \/>\n<meta property=\"og:type\" content=\"article\" \/>\n<meta property=\"og:title\" content=\"Correas Sincr\u00f3nicas | Repuestos Mec\u00e1nicos | ACOTEQ\" \/>\n<meta property=\"og:description\" content=\"Correas sincr\u00f3nicas de Gates, Optibelt, ContiTech, etc. Ideales para movimiento preciso en aplicaciones industriales. Env\u00edos a todo el mundo.\" \/>\n<meta property=\"og:url\" content=\"https:\/\/acoteq.com\/es\/repuestos\/repuestos-mecanicos\/correas\/correas-sincronicas\/\" \/>\n<meta property=\"og:site_name\" content=\"ACOTEQ\" \/>\n<meta property=\"article:modified_time\" content=\"2026-03-18T11:44:37+00:00\" \/>\n<meta property=\"og:image\" content=\"https:\/\/acoteq.com\/wp-content\/uploads\/2026\/02\/4-Timing-Belts-3.png.webp\" \/>\n\t<meta property=\"og:image:width\" content=\"2440\" \/>\n\t<meta property=\"og:image:height\" content=\"1626\" \/>\n\t<meta property=\"og:image:type\" content=\"image\/webp\" \/>\n<meta name=\"twitter:card\" content=\"summary_large_image\" \/>\n<meta name=\"twitter:label1\" content=\"Tiempo de lectura\" \/>\n\t<meta name=\"twitter:data1\" content=\"1 minuto\" \/>\n<script type=\"application\/ld+json\" class=\"yoast-schema-graph\">{\"@context\":\"https:\/\/schema.org\",\"@graph\":[{\"@type\":\"WebPage\",\"@id\":\"https:\/\/acoteq.com\/es\/repuestos\/repuestos-mecanicos\/correas\/correas-sincronicas\/\",\"url\":\"https:\/\/acoteq.com\/es\/repuestos\/repuestos-mecanicos\/correas\/correas-sincronicas\/\",\"name\":\"Correas Sincr\u00f3nicas | Repuestos Mec\u00e1nicos | ACOTEQ\",\"isPartOf\":{\"@id\":\"https:\/\/acoteq.com\/es\/#website\"},\"primaryImageOfPage\":{\"@id\":\"https:\/\/acoteq.com\/es\/repuestos\/repuestos-mecanicos\/correas\/correas-sincronicas\/#primaryimage\"},\"image\":{\"@id\":\"https:\/\/acoteq.com\/es\/repuestos\/repuestos-mecanicos\/correas\/correas-sincronicas\/#primaryimage\"},\"thumbnailUrl\":\"https:\/\/acoteq.com\/wp-content\/uploads\/2026\/02\/4-Timing-Belts-3.png.webp\",\"datePublished\":\"2026-02-12T13:04:12+00:00\",\"dateModified\":\"2026-03-18T11:44:37+00:00\",\"description\":\"Correas sincr\u00f3nicas de Gates, Optibelt, ContiTech, etc. Ideales para movimiento preciso en aplicaciones industriales. Env\u00edos a todo el mundo.\",\"breadcrumb\":{\"@id\":\"https:\/\/acoteq.com\/es\/repuestos\/repuestos-mecanicos\/correas\/correas-sincronicas\/#breadcrumb\"},\"inLanguage\":\"es\",\"potentialAction\":[{\"@type\":\"ReadAction\",\"target\":[\"https:\/\/acoteq.com\/es\/repuestos\/repuestos-mecanicos\/correas\/correas-sincronicas\/\"]}]},{\"@type\":\"ImageObject\",\"inLanguage\":\"es\",\"@id\":\"https:\/\/acoteq.com\/es\/repuestos\/repuestos-mecanicos\/correas\/correas-sincronicas\/#primaryimage\",\"url\":\"https:\/\/acoteq.com\/wp-content\/uploads\/2026\/02\/4-Timing-Belts-3.png.webp\",\"contentUrl\":\"https:\/\/acoteq.com\/wp-content\/uploads\/2026\/02\/4-Timing-Belts-3.png.webp\",\"width\":2440,\"height\":1626},{\"@type\":\"BreadcrumbList\",\"@id\":\"https:\/\/acoteq.com\/es\/repuestos\/repuestos-mecanicos\/correas\/correas-sincronicas\/#breadcrumb\",\"itemListElement\":[{\"@type\":\"ListItem\",\"position\":1,\"name\":\"Home\",\"item\":\"https:\/\/acoteq.com\/es\/\"},{\"@type\":\"ListItem\",\"position\":2,\"name\":\"Repuestos\",\"item\":\"https:\/\/acoteq.com\/es\/repuestos\/\"},{\"@type\":\"ListItem\",\"position\":3,\"name\":\"Repuestos Mec\u00e1nicos\",\"item\":\"https:\/\/acoteq.com\/es\/repuestos\/repuestos-mecanicos\/\"},{\"@type\":\"ListItem\",\"position\":4,\"name\":\"Correas\",\"item\":\"https:\/\/acoteq.com\/es\/repuestos\/repuestos-mecanicos\/correas\/\"},{\"@type\":\"ListItem\",\"position\":5,\"name\":\"Correas sincr\u00f3nicas\"}]},{\"@type\":\"WebSite\",\"@id\":\"https:\/\/acoteq.com\/es\/#website\",\"url\":\"https:\/\/acoteq.com\/es\/\",\"name\":\"ACOTEQ\",\"description\":\"\",\"potentialAction\":[{\"@type\":\"SearchAction\",\"target\":{\"@type\":\"EntryPoint\",\"urlTemplate\":\"https:\/\/acoteq.com\/es\/?s={search_term_string}\"},\"query-input\":{\"@type\":\"PropertyValueSpecification\",\"valueRequired\":true,\"valueName\":\"search_term_string\"}}],\"inLanguage\":\"es\"}]}<\/script>\n<!-- \/ Yoast SEO plugin. -->","yoast_head_json":{"title":"Correas Sincr\u00f3nicas | Repuestos Mec\u00e1nicos | ACOTEQ","description":"Correas sincr\u00f3nicas de Gates, Optibelt, ContiTech, etc. Ideales para movimiento preciso en aplicaciones industriales. Env\u00edos a todo el mundo.","robots":{"index":"index","follow":"follow","max-snippet":"max-snippet:-1","max-image-preview":"max-image-preview:large","max-video-preview":"max-video-preview:-1"},"canonical":"https:\/\/acoteq.com\/es\/repuestos\/repuestos-mecanicos\/correas\/correas-sincronicas\/","og_locale":"es_ES","og_type":"article","og_title":"Correas Sincr\u00f3nicas | Repuestos Mec\u00e1nicos | ACOTEQ","og_description":"Correas sincr\u00f3nicas de Gates, Optibelt, ContiTech, etc. Ideales para movimiento preciso en aplicaciones industriales. Env\u00edos a todo el mundo.","og_url":"https:\/\/acoteq.com\/es\/repuestos\/repuestos-mecanicos\/correas\/correas-sincronicas\/","og_site_name":"ACOTEQ","article_modified_time":"2026-03-18T11:44:37+00:00","og_image":[{"width":2440,"height":1626,"url":"https:\/\/acoteq.com\/wp-content\/uploads\/2026\/02\/4-Timing-Belts-3.png.webp","type":"image\/webp"}],"twitter_card":"summary_large_image","twitter_misc":{"Tiempo de lectura":"1 minuto"},"schema":{"@context":"https:\/\/schema.org","@graph":[{"@type":"WebPage","@id":"https:\/\/acoteq.com\/es\/repuestos\/repuestos-mecanicos\/correas\/correas-sincronicas\/","url":"https:\/\/acoteq.com\/es\/repuestos\/repuestos-mecanicos\/correas\/correas-sincronicas\/","name":"Correas Sincr\u00f3nicas | Repuestos Mec\u00e1nicos | ACOTEQ","isPartOf":{"@id":"https:\/\/acoteq.com\/es\/#website"},"primaryImageOfPage":{"@id":"https:\/\/acoteq.com\/es\/repuestos\/repuestos-mecanicos\/correas\/correas-sincronicas\/#primaryimage"},"image":{"@id":"https:\/\/acoteq.com\/es\/repuestos\/repuestos-mecanicos\/correas\/correas-sincronicas\/#primaryimage"},"thumbnailUrl":"https:\/\/acoteq.com\/wp-content\/uploads\/2026\/02\/4-Timing-Belts-3.png.webp","datePublished":"2026-02-12T13:04:12+00:00","dateModified":"2026-03-18T11:44:37+00:00","description":"Correas sincr\u00f3nicas de Gates, Optibelt, ContiTech, etc. Ideales para movimiento preciso en aplicaciones industriales. Env\u00edos a todo el mundo.","breadcrumb":{"@id":"https:\/\/acoteq.com\/es\/repuestos\/repuestos-mecanicos\/correas\/correas-sincronicas\/#breadcrumb"},"inLanguage":"es","potentialAction":[{"@type":"ReadAction","target":["https:\/\/acoteq.com\/es\/repuestos\/repuestos-mecanicos\/correas\/correas-sincronicas\/"]}]},{"@type":"ImageObject","inLanguage":"es","@id":"https:\/\/acoteq.com\/es\/repuestos\/repuestos-mecanicos\/correas\/correas-sincronicas\/#primaryimage","url":"https:\/\/acoteq.com\/wp-content\/uploads\/2026\/02\/4-Timing-Belts-3.png.webp","contentUrl":"https:\/\/acoteq.com\/wp-content\/uploads\/2026\/02\/4-Timing-Belts-3.png.webp","width":2440,"height":1626},{"@type":"BreadcrumbList","@id":"https:\/\/acoteq.com\/es\/repuestos\/repuestos-mecanicos\/correas\/correas-sincronicas\/#breadcrumb","itemListElement":[{"@type":"ListItem","position":1,"name":"Home","item":"https:\/\/acoteq.com\/es\/"},{"@type":"ListItem","position":2,"name":"Repuestos","item":"https:\/\/acoteq.com\/es\/repuestos\/"},{"@type":"ListItem","position":3,"name":"Repuestos Mec\u00e1nicos","item":"https:\/\/acoteq.com\/es\/repuestos\/repuestos-mecanicos\/"},{"@type":"ListItem","position":4,"name":"Correas","item":"https:\/\/acoteq.com\/es\/repuestos\/repuestos-mecanicos\/correas\/"},{"@type":"ListItem","position":5,"name":"Correas sincr\u00f3nicas"}]},{"@type":"WebSite","@id":"https:\/\/acoteq.com\/es\/#website","url":"https:\/\/acoteq.com\/es\/","name":"ACOTEQ","description":"","potentialAction":[{"@type":"SearchAction","target":{"@type":"EntryPoint","urlTemplate":"https:\/\/acoteq.com\/es\/?s={search_term_string}"},"query-input":{"@type":"PropertyValueSpecification","valueRequired":true,"valueName":"search_term_string"}}],"inLanguage":"es"}]}},"_links":{"self":[{"href":"https:\/\/acoteq.com\/es\/wp-json\/wp\/v2\/pages\/3535","targetHints":{"allow":["GET"]}}],"collection":[{"href":"https:\/\/acoteq.com\/es\/wp-json\/wp\/v2\/pages"}],"about":[{"href":"https:\/\/acoteq.com\/es\/wp-json\/wp\/v2\/types\/page"}],"author":[{"embeddable":true,"href":"https:\/\/acoteq.com\/es\/wp-json\/wp\/v2\/users\/1"}],"replies":[{"embeddable":true,"href":"https:\/\/acoteq.com\/es\/wp-json\/wp\/v2\/comments?post=3535"}],"version-history":[{"count":8,"href":"https:\/\/acoteq.com\/es\/wp-json\/wp\/v2\/pages\/3535\/revisions"}],"predecessor-version":[{"id":9805,"href":"https:\/\/acoteq.com\/es\/wp-json\/wp\/v2\/pages\/3535\/revisions\/9805"}],"up":[{"embeddable":true,"href":"https:\/\/acoteq.com\/es\/wp-json\/wp\/v2\/pages\/3639"}],"wp:featuredmedia":[{"embeddable":true,"href":"https:\/\/acoteq.com\/es\/wp-json\/wp\/v2\/media\/3536"}],"wp:attachment":[{"href":"https:\/\/acoteq.com\/es\/wp-json\/wp\/v2\/media?parent=3535"}],"curies":[{"name":"wp","href":"https:\/\/api.w.org\/{rel}","templated":true}]}}