{"id":3559,"date":"2026-02-12T14:03:34","date_gmt":"2026-02-12T13:03:34","guid":{"rendered":"https:\/\/acoteq.com\/special-timing-belts\/"},"modified":"2026-03-18T12:45:43","modified_gmt":"2026-03-18T11:45:43","slug":"correas-sincronicas-especiales","status":"publish","type":"page","link":"https:\/\/acoteq.com\/es\/repuestos\/repuestos-mecanicos\/correas\/correas-sincronicas-especiales\/","title":{"rendered":"Correas sincr\u00f3nicas especiales"},"content":{"rendered":"<section class=\"cta\">\n\t\n\t<div class=\"container\">\n\n\t\t<div class=\"row\">\n\n\t\t\t<div class=\"col-lg-12\">\n\n\t\t\t\t<div class=\"cta_inner\">\n\n\t\t\t\t\t<div>\n\n\t\t\t\t\t\t<span class=\"pre_headline\"><i class=\"fas fa-search\"><\/i>&nbsp;Expertos en abastecimiento global<\/span>\n\n\t\t\t\t\t\t<p><strong>\u00bf<em>No encuentra<\/em> su repuesto?<\/strong><\/p>\n<p>Nuestro cat\u00e1logo en l\u00ednea muestra solo el 5% de nuestra capacidad de suministro.<br \/>\n<strong>Deje que nuestros expertos encuentren exactamente lo que necesita.<\/strong><\/p>\n\n\t\t\t\t\t<\/div>\n\n\t\t\t\t\t<div>\n\n\t\t\t\t\t\t\n\t\t\t\t\t\t\t<a class=\"button light\" href=\"#contact\" target=\"\">Solicitar una cotizaci\u00f3n&nbsp;<i class=\"fas fa-arrow-right\"><\/i><\/a>\n\n\t\t\t\t\t\t\n\t\t\t\t\t<\/div>\n\n\t\t\t\t\t<i class=\"fas fa-times close_cta\"><\/i>\n\n\t\t\t\t<\/div>\n\n\t\t\t<\/div>\n\n\t\t<\/div>\n\n\t<\/div>\n\n<\/section>\n\n\n<div style=\"height:75px\" aria-hidden=\"true\" class=\"wp-block-spacer\"><\/div>\n\n\n<div class=\"yoast-breadcrumbs\"><span><span><a href=\"https:\/\/acoteq.com\/es\/\"><i class=\"fas fa-home\">Home<\/i><\/a><\/span> \/ <span><a href=\"https:\/\/acoteq.com\/es\/repuestos\/\">Repuestos<\/a><\/span> \/ <span><a href=\"https:\/\/acoteq.com\/es\/repuestos\/repuestos-mecanicos\/\">Repuestos Mec\u00e1nicos<\/a><\/span> \/ <span><a href=\"https:\/\/acoteq.com\/es\/repuestos\/repuestos-mecanicos\/correas\/\">Correas<\/a><\/span> \/ <span class=\"breadcrumb_last\" aria-current=\"page\">Correas sincr\u00f3nicas especiales<\/span><\/span><\/div>\n\n\n<div class=\"wp-block-group has-white-background-color has-text-color has-background has-link-color wp-elements-8a921f86fec36d29937f0231a83b3826\" style=\"color:#0e3770\"><div class=\"wp-block-group__inner-container is-layout-constrained wp-block-group-is-layout-constrained\"><section class=\"headline align-left \">\n\t\n\t<div class=\"container\">\n\n\t\t<div class=\"row\">\n\n\t\t\t<div class=\"col-lg-12\">\n\n\t\t\t\t<div class=\"headline_wrapper\">\n\n\t\t\t\t\t<h1><strong>Correas <\/strong>sincr\u00f3nicas especiales<\/h1>\n\n\t\t\t\t\t\n\t\t\t\t<\/div>\n\n\t\t\t<\/div>\n\n\t\t<\/div>\n\n\t<\/div>\n\n<\/section>\n\n\n<div style=\"height:50px\" aria-hidden=\"true\" class=\"wp-block-spacer\"><\/div>\n\n\n<section class=\"cards\">\n\t\n\t<div class=\"container\">\n\n\t\t<div class=\"row\">\n\n\t\t\t\n\t\t\t\t\n\t\t\t\t\t<div class=\"col-lg-4 col-md-6 card_single\">\n\n\t\t\t\t\t\t\n\t\t\t\t\t\t<div class=\"card_inner\">\n\n\t\t\t\t\t\t\t\t\t\t\t\t\t\t\t<a href=\"https:\/\/acoteq.com\/es\/repuestos\/repuestos-mecanicos\/correas\/correas-sincronicas-especiales\/correas-eagle-silent\/\">\n\t\t\t\t\t\t\t\t\t<img decoding=\"async\" width=\"640\" height=\"427\" src=\"https:\/\/acoteq.com\/wp-content\/uploads\/2026\/02\/5.1.2-Eagle-Silent-Belts.png-1024x683.webp\" class=\"attachment-large size-large wp-post-image\" alt=\"Category image\" loading=\"lazy\" srcset=\"https:\/\/acoteq.com\/wp-content\/uploads\/2026\/02\/5.1.2-Eagle-Silent-Belts.png-1024x683.webp 1024w, https:\/\/acoteq.com\/wp-content\/uploads\/2026\/02\/5.1.2-Eagle-Silent-Belts.png-300x200.webp 300w, https:\/\/acoteq.com\/wp-content\/uploads\/2026\/02\/5.1.2-Eagle-Silent-Belts.png-768x512.webp 768w, https:\/\/acoteq.com\/wp-content\/uploads\/2026\/02\/5.1.2-Eagle-Silent-Belts.png.webp 1536w\" sizes=\"auto, (max-width: 640px) 100vw, 640px\" \/>\t\t\t\t\t\t\t\t<\/a>\n\t\t\t\t\t\t\t\t\n\n\t\t\t\t\t\t\t<div class=\"card_information\">\t\n\n\t\t\t\t\t\t\t\t<div>\n\n\t\t\t\t\t\t\t\t\t<h3>\n\t\t\t\t\t\t\t\t\t\t<a href=\"https:\/\/acoteq.com\/es\/repuestos\/repuestos-mecanicos\/correas\/correas-sincronicas-especiales\/correas-eagle-silent\/\">\n\t\t\t\t\t\t\t\t\t\t\t<b>Correas<\/b> Eagle \/ Silent\t\t\t\t\t\t\t\t\t\t\t\n\t\t\t\t\t\t\t\t\t\t<\/a>\n\t\t\t\t\t\t\t\t\t<\/h3>\n\n\t\t\t\t\t\t\t\t\t\t\t\n\n\t\t\t\t\t\t\t\t<\/div>\t\n\n\t\t\t\t\t\t\t\t<div class=\"cards_linkwrap\">\n\n\t\t\t\t\t\t\t\t\t\t\t\t\t\t\t\t\t\t\t\n\t\t\t\t\t\t\t\t\t\t<a href=\"https:\/\/acoteq.com\/es\/repuestos\/repuestos-mecanicos\/correas\/correas-sincronicas-especiales\/correas-eagle-silent\/\">\n\t\t\t\t\t\t\t\t\t\t\tVer categor\u00eda&nbsp;<i class=\"fas fa-arrow-right\"><\/i>\n\t\t\t\t\t\t\t\t\t\t<\/a>\t\t\t\t\t\t\t\t\t\t\n\n\t\t\t\t\t\t\t\t\t\t\t\t\t\n\n\t\t\t\t\t\t\t\t<\/div>\t\t\t\t\t\t\t\t\t\t\t\t\t\t\t\n\n\t\t\t\t\t\t\t<\/div>\n\n\t\t\t\t\t\t<\/div>\n\n\t\t\t\t\t<\/div>\n\n\t\t\t\t\n\t\t\t\t\t<div class=\"col-lg-4 col-md-6 card_single\">\n\n\t\t\t\t\t\t\n\t\t\t\t\t\t<div class=\"card_inner\">\n\n\t\t\t\t\t\t\t\t\t\t\t\t\t\t\t<a href=\"https:\/\/acoteq.com\/es\/repuestos\/repuestos-mecanicos\/correas\/correas-sincronicas-especiales\/correas-para-vehiculos-recreativos\/\">\n\t\t\t\t\t\t\t\t\t<img decoding=\"async\" width=\"640\" height=\"427\" src=\"https:\/\/acoteq.com\/wp-content\/uploads\/2026\/02\/5.2.2-Recreational-Vehicle-Belts.png-1024x683.webp\" class=\"attachment-large size-large wp-post-image\" alt=\"Category image\" loading=\"lazy\" srcset=\"https:\/\/acoteq.com\/wp-content\/uploads\/2026\/02\/5.2.2-Recreational-Vehicle-Belts.png-1024x683.webp 1024w, https:\/\/acoteq.com\/wp-content\/uploads\/2026\/02\/5.2.2-Recreational-Vehicle-Belts.png-300x200.webp 300w, https:\/\/acoteq.com\/wp-content\/uploads\/2026\/02\/5.2.2-Recreational-Vehicle-Belts.png-768x512.webp 768w, https:\/\/acoteq.com\/wp-content\/uploads\/2026\/02\/5.2.2-Recreational-Vehicle-Belts.png.webp 1536w\" sizes=\"auto, (max-width: 640px) 100vw, 640px\" \/>\t\t\t\t\t\t\t\t<\/a>\n\t\t\t\t\t\t\t\t\n\n\t\t\t\t\t\t\t<div class=\"card_information\">\t\n\n\t\t\t\t\t\t\t\t<div>\n\n\t\t\t\t\t\t\t\t\t<h3>\n\t\t\t\t\t\t\t\t\t\t<a href=\"https:\/\/acoteq.com\/es\/repuestos\/repuestos-mecanicos\/correas\/correas-sincronicas-especiales\/correas-para-vehiculos-recreativos\/\">\n\t\t\t\t\t\t\t\t\t\t\t<b>Correas<\/b> para veh\u00edculos recreativos\t\t\t\t\t\t\t\t\t\t\t\n\t\t\t\t\t\t\t\t\t\t<\/a>\n\t\t\t\t\t\t\t\t\t<\/h3>\n\n\t\t\t\t\t\t\t\t\t\t\t\n\n\t\t\t\t\t\t\t\t<\/div>\t\n\n\t\t\t\t\t\t\t\t<div class=\"cards_linkwrap\">\n\n\t\t\t\t\t\t\t\t\t\t\t\t\t\t\t\t\t\t\t\n\t\t\t\t\t\t\t\t\t\t<a href=\"https:\/\/acoteq.com\/es\/repuestos\/repuestos-mecanicos\/correas\/correas-sincronicas-especiales\/correas-para-vehiculos-recreativos\/\">\n\t\t\t\t\t\t\t\t\t\t\tVer categor\u00eda&nbsp;<i class=\"fas fa-arrow-right\"><\/i>\n\t\t\t\t\t\t\t\t\t\t<\/a>\t\t\t\t\t\t\t\t\t\t\n\n\t\t\t\t\t\t\t\t\t\t\t\t\t\n\n\t\t\t\t\t\t\t\t<\/div>\t\t\t\t\t\t\t\t\t\t\t\t\t\t\t\n\n\t\t\t\t\t\t\t<\/div>\n\n\t\t\t\t\t\t<\/div>\n\n\t\t\t\t\t<\/div>\n\n\t\t\t\t\t\t\t\n\n\t\t\t\t\t\t\n\n\t\t<\/div>\n\n\t<\/div>\n\n<\/section>\n<\/div><\/div>\n\n\n\n<div class=\"wp-block-group has-white-color has-text-color has-background has-link-color wp-elements-02f8dfe85c62b643e68e225b1054e752\" style=\"background-color:#051c3c\"><div class=\"wp-block-group__inner-container is-layout-constrained wp-block-group-is-layout-constrained\"><section class=\"process\">\n\t\n\t<div class=\"container\">\n\n\t\t<div class=\"row\">\n\n\t\t\t<div class=\"col-lg-4\">\n\n\t\t\t\t<section class=\"headline\">\n\t\t\t\t\t\n\t\t\t\t\t<div class=\"container\">\n\n\t\t\t\t\t\t<div class=\"row\">\n\n\t\t\t\t\t\t\t<div class=\"col-lg-12 p-0\">\n\n\t\t\t\t\t\t\t\t<div class=\"headline_wrapper\">\n\n\t\t\t\t\t\t\t\t\t<h2><em>C\u00f3mo funciona <\/em><strong><span style=\"color: #c7d300;\">Obtenga un presupuesto <\/span><\/strong><strong>f\u00e1cilmente<\/strong><\/h2>\n\n\t\t\t\t\t\t\t\t<\/div>\n\n\t\t\t\t\t\t\t<\/div>\n\n\t\t\t\t\t\t<\/div>\n\n\t\t\t\t\t<\/div>\n\n\t\t\t\t<\/section>\t\t\t\t\n\n\t\t\t<\/div>\n\n\t\t\t<div class=\"col-lg-8 process_steps\">\n\n\t\t\t\t<div class=\"process_steps_inner\">\n\n\t\t\t\t\t\n\t\t\t\t\t\t\t<div class=\"step_single\">\n\n\t\t\t\t\t\t\t\t<div class=\"step_icon\">\n\n\t\t\t\t\t\t\t\t\t<img decoding=\"async\" src=\"https:\/\/acoteq.com\/wp-content\/uploads\/2026\/02\/icons8_document.svg\" alt=\"\">\n\n\t\t\t\t\t\t\t\t<\/div>\n\n\t\t\t\t\t\t\t\t<div class=\"step_information\">\n\n\t\t\t\t\t\t\t\t\t<strong>1. Identifique su pieza<\/strong>\n\n\t\t\t\t\t\t\t\t\t<span>Detalles del fabricante, n\u00famero de pieza o una foto. Eso es todo lo que necesitamos.<\/span>\n\n\t\t\t\t\t\t\t\t<\/div>\t\t\t\t\t\t\n\n\t\t\t\t\t\t\t<\/div>\n\n\t\t\t\t\t\t\n\t\t\t\t\t\t\t<div class=\"step_single\">\n\n\t\t\t\t\t\t\t\t<div class=\"step_icon\">\n\n\t\t\t\t\t\t\t\t\t<img decoding=\"async\" src=\"https:\/\/acoteq.com\/wp-content\/uploads\/2026\/02\/Vector.svg\" alt=\"\">\n\n\t\t\t\t\t\t\t\t<\/div>\n\n\t\t\t\t\t\t\t\t<div class=\"step_information\">\n\n\t\t\t\t\t\t\t\t\t<strong>2. Env\u00ede su solicitud<\/strong>\n\n\t\t\t\t\t\t\t\t\t<span>Env\u00ede los detalles a trav\u00e9s de nuestro formulario de contacto, correo electr\u00f3nico, Teams o WhatsApp.<\/span>\n\n\t\t\t\t\t\t\t\t<\/div>\t\t\t\t\t\t\n\n\t\t\t\t\t\t\t<\/div>\n\n\t\t\t\t\t\t\n\t\t\t\t\t\t\t<div class=\"step_single\">\n\n\t\t\t\t\t\t\t\t<div class=\"step_icon\">\n\n\t\t\t\t\t\t\t\t\t<img decoding=\"async\" src=\"https:\/\/acoteq.com\/wp-content\/uploads\/2026\/02\/gg_check-o.svg\" alt=\"\">\n\n\t\t\t\t\t\t\t\t<\/div>\n\n\t\t\t\t\t\t\t\t<div class=\"step_information\">\n\n\t\t\t\t\t\t\t\t\t<strong>3. Obtenga su presupuesto<\/strong>\n\n\t\t\t\t\t\t\t\t\t<span>Le enviaremos un presupuesto tan pronto como nuestra red de suministro lo permita.<\/span>\n\n\t\t\t\t\t\t\t\t<\/div>\t\t\t\t\t\t\n\n\t\t\t\t\t\t\t<\/div>\n\n\t\t\t\t\t\t\t\t\t\t\t\n\n\t\t\t\t<\/div>\n\n\t\t\t<\/div>\n\n\t\t<\/div>\n\n\t<\/div>\n\n<\/section><\/div><\/div>\n\n\n\n<div class=\"wp-block-group has-white-background-color has-text-color has-background has-link-color wp-elements-eadcea5c39de2067763934b5ba45a19b\" style=\"color:#0e3770\"><div class=\"wp-block-group__inner-container is-layout-constrained wp-block-group-is-layout-constrained\"><section class=\"headline align-left \">\n\t\n\t<div class=\"container\">\n\n\t\t<div class=\"row\">\n\n\t\t\t<div class=\"col-lg-12\">\n\n\t\t\t\t<div class=\"headline_wrapper\">\n\n\t\t\t\t\t<h1><strong>\u00bfQu\u00e9 correas sincr\u00f3nicas<\/strong>especiales ofrecen?<\/h1>\n\n\t\t\t\t\t\n\t\t\t\t<\/div>\n\n\t\t\t<\/div>\n\n\t\t<\/div>\n\n\t<\/div>\n\n<\/section>\n\n\n<div style=\"height:15px\" aria-hidden=\"true\" class=\"wp-block-spacer\"><\/div>\n\n\n\n<div class=\"wp-block-columns is-layout-flex wp-container-core-columns-is-layout-9d6595d7 wp-block-columns-is-layout-flex\">\n<div class=\"wp-block-column is-layout-flow wp-block-column-is-layout-flow\"><section class=\"text \">\n\t\n\t<div class=\"container\">\n\n\t\t<div class=\"row\">\n\n\t\t\t<div class=\"col-lg-12\">\n\n\t\t\t\t<p>Las <strong>correas sincr\u00f3nicas especiales<\/strong> est\u00e1n dise\u00f1adas para cumplir con exigencias que van m\u00e1s all\u00e1 de la transmisi\u00f3n sincr\u00f3nica est\u00e1ndar. En <strong>ACOTEQ<\/strong>, suministramos correas de alto rendimiento dise\u00f1adas para reducir el ruido, mejorar la flexibilidad y aumentar la durabilidad bajo cargas variables o condiciones ambientales exigentes.<\/p>\n<p>Nuestro cat\u00e1logo incluye <strong>correas Eagle\/Silent<\/strong> para un funcionamiento silencioso y un acoplamiento optimizado de los dientes, as\u00ed como <strong>correas para veh\u00edculos recreativos<\/strong> dise\u00f1adas para resistir variaciones de temperatura, polvo y tensiones din\u00e1micas propias de sistemas m\u00f3viles o todoterreno. Todas las correas est\u00e1n disponibles en <strong>versiones originales y compatibles<\/strong>, con disponibilidad global y soporte t\u00e9cnico completo.<\/p>\n<p>Tanto si busca reemplazar correas especiales de OEM como si necesita soluciones personalizadas para sistemas de transmisi\u00f3n, ofrecemos referencias cruzadas precisas, configuraciones a medida en longitud y asistencia experta para garantizar una larga vida \u00fatil y m\u00e1xima eficiencia operativa.<\/p>\n<p>Explore nuestras opciones de <strong>correas sincr\u00f3nicas especiales<\/strong> o <strong>solicite una cotizaci\u00f3n hoy mismo<\/strong>. Nuestro equipo est\u00e1 listo para apoyar sus necesidades con soluciones de calidad industrial y env\u00edos r\u00e1pidos a todo el mundo.<\/p>\n\n\t\t\t<\/div>\n\n\t\t<\/div>\n\n\t<\/div>\n\n<\/section><\/div>\n\n\n\n<div class=\"wp-block-column is-layout-flow wp-block-column-is-layout-flow\"><div class=\"container\">\n\n\t<div class=\"row\">\n\n\t\t<div class=\"col-lg-12\">\n\n\t\t\t<div class=\"imagewrap\">\n\n\t\t\t\t<img decoding=\"async\" src=\"https:\/\/acoteq.com\/wp-content\/uploads\/2026\/03\/special-timing-belts-e1773742040707.png\" alt=\"\">\n\n\t\t\t\t\n\t\t\t<\/div>\n\n\t\t<\/div>\n\n\t<\/div>\n\n<\/div><\/div>\n<\/div>\n<\/div><\/div>\n","protected":false},"excerpt":{"rendered":"","protected":false},"author":1,"featured_media":3560,"parent":3639,"menu_order":0,"comment_status":"closed","ping_status":"closed","template":"","meta":{"_acf_changed":false,"footnotes":""},"class_list":["post-3559","page","type-page","status-publish","has-post-thumbnail","hentry"],"acf":[],"yoast_head":"<!-- This site is optimized with the Yoast SEO plugin v27.4 - https:\/\/yoast.com\/product\/yoast-seo-wordpress\/ -->\n<title>Correas sincr\u00f3nicas especiales | Repuestos Mec\u00e1nicos | ACOTEQ<\/title>\n<meta name=\"description\" content=\"Correas sincr\u00f3nicas especiales, silenciosas, duraderas, personalizables y con env\u00edo internacional r\u00e1pido.\" \/>\n<meta name=\"robots\" content=\"index, follow, max-snippet:-1, max-image-preview:large, max-video-preview:-1\" \/>\n<link rel=\"canonical\" href=\"https:\/\/acoteq.com\/es\/repuestos\/repuestos-mecanicos\/correas\/correas-sincronicas-especiales\/\" \/>\n<meta property=\"og:locale\" content=\"es_ES\" \/>\n<meta property=\"og:type\" content=\"article\" \/>\n<meta property=\"og:title\" content=\"Correas sincr\u00f3nicas especiales | Repuestos Mec\u00e1nicos | ACOTEQ\" \/>\n<meta property=\"og:description\" content=\"Correas sincr\u00f3nicas especiales, silenciosas, duraderas, personalizables y con env\u00edo internacional r\u00e1pido.\" \/>\n<meta property=\"og:url\" content=\"https:\/\/acoteq.com\/es\/repuestos\/repuestos-mecanicos\/correas\/correas-sincronicas-especiales\/\" \/>\n<meta property=\"og:site_name\" content=\"ACOTEQ\" \/>\n<meta property=\"article:modified_time\" content=\"2026-03-18T11:45:43+00:00\" \/>\n<meta property=\"og:image\" content=\"https:\/\/acoteq.com\/wp-content\/uploads\/2026\/02\/5-Special-Timing-Belts-1.png.webp\" \/>\n\t<meta property=\"og:image:width\" content=\"1536\" \/>\n\t<meta property=\"og:image:height\" content=\"1024\" \/>\n\t<meta property=\"og:image:type\" content=\"image\/webp\" \/>\n<meta name=\"twitter:card\" content=\"summary_large_image\" \/>\n<meta name=\"twitter:label1\" content=\"Tiempo de lectura\" \/>\n\t<meta name=\"twitter:data1\" content=\"1 minuto\" \/>\n<script type=\"application\/ld+json\" class=\"yoast-schema-graph\">{\"@context\":\"https:\\\/\\\/schema.org\",\"@graph\":[{\"@type\":\"WebPage\",\"@id\":\"https:\\\/\\\/acoteq.com\\\/es\\\/repuestos\\\/repuestos-mecanicos\\\/correas\\\/correas-sincronicas-especiales\\\/\",\"url\":\"https:\\\/\\\/acoteq.com\\\/es\\\/repuestos\\\/repuestos-mecanicos\\\/correas\\\/correas-sincronicas-especiales\\\/\",\"name\":\"Correas sincr\u00f3nicas especiales | Repuestos Mec\u00e1nicos | ACOTEQ\",\"isPartOf\":{\"@id\":\"https:\\\/\\\/acoteq.com\\\/es\\\/#website\"},\"primaryImageOfPage\":{\"@id\":\"https:\\\/\\\/acoteq.com\\\/es\\\/repuestos\\\/repuestos-mecanicos\\\/correas\\\/correas-sincronicas-especiales\\\/#primaryimage\"},\"image\":{\"@id\":\"https:\\\/\\\/acoteq.com\\\/es\\\/repuestos\\\/repuestos-mecanicos\\\/correas\\\/correas-sincronicas-especiales\\\/#primaryimage\"},\"thumbnailUrl\":\"https:\\\/\\\/acoteq.com\\\/wp-content\\\/uploads\\\/2026\\\/02\\\/5-Special-Timing-Belts-1.png.webp\",\"datePublished\":\"2026-02-12T13:03:34+00:00\",\"dateModified\":\"2026-03-18T11:45:43+00:00\",\"description\":\"Correas sincr\u00f3nicas especiales, silenciosas, duraderas, personalizables y con env\u00edo internacional r\u00e1pido.\",\"breadcrumb\":{\"@id\":\"https:\\\/\\\/acoteq.com\\\/es\\\/repuestos\\\/repuestos-mecanicos\\\/correas\\\/correas-sincronicas-especiales\\\/#breadcrumb\"},\"inLanguage\":\"es\",\"potentialAction\":[{\"@type\":\"ReadAction\",\"target\":[\"https:\\\/\\\/acoteq.com\\\/es\\\/repuestos\\\/repuestos-mecanicos\\\/correas\\\/correas-sincronicas-especiales\\\/\"]}]},{\"@type\":\"ImageObject\",\"inLanguage\":\"es\",\"@id\":\"https:\\\/\\\/acoteq.com\\\/es\\\/repuestos\\\/repuestos-mecanicos\\\/correas\\\/correas-sincronicas-especiales\\\/#primaryimage\",\"url\":\"https:\\\/\\\/acoteq.com\\\/wp-content\\\/uploads\\\/2026\\\/02\\\/5-Special-Timing-Belts-1.png.webp\",\"contentUrl\":\"https:\\\/\\\/acoteq.com\\\/wp-content\\\/uploads\\\/2026\\\/02\\\/5-Special-Timing-Belts-1.png.webp\",\"width\":1536,\"height\":1024},{\"@type\":\"BreadcrumbList\",\"@id\":\"https:\\\/\\\/acoteq.com\\\/es\\\/repuestos\\\/repuestos-mecanicos\\\/correas\\\/correas-sincronicas-especiales\\\/#breadcrumb\",\"itemListElement\":[{\"@type\":\"ListItem\",\"position\":1,\"name\":\"Home\",\"item\":\"https:\\\/\\\/acoteq.com\\\/es\\\/\"},{\"@type\":\"ListItem\",\"position\":2,\"name\":\"Repuestos\",\"item\":\"https:\\\/\\\/acoteq.com\\\/es\\\/repuestos\\\/\"},{\"@type\":\"ListItem\",\"position\":3,\"name\":\"Repuestos Mec\u00e1nicos\",\"item\":\"https:\\\/\\\/acoteq.com\\\/es\\\/repuestos\\\/repuestos-mecanicos\\\/\"},{\"@type\":\"ListItem\",\"position\":4,\"name\":\"Correas\",\"item\":\"https:\\\/\\\/acoteq.com\\\/es\\\/repuestos\\\/repuestos-mecanicos\\\/correas\\\/\"},{\"@type\":\"ListItem\",\"position\":5,\"name\":\"Correas sincr\u00f3nicas especiales\"}]},{\"@type\":\"WebSite\",\"@id\":\"https:\\\/\\\/acoteq.com\\\/es\\\/#website\",\"url\":\"https:\\\/\\\/acoteq.com\\\/es\\\/\",\"name\":\"ACOTEQ\",\"description\":\"\",\"potentialAction\":[{\"@type\":\"SearchAction\",\"target\":{\"@type\":\"EntryPoint\",\"urlTemplate\":\"https:\\\/\\\/acoteq.com\\\/es\\\/?s={search_term_string}\"},\"query-input\":{\"@type\":\"PropertyValueSpecification\",\"valueRequired\":true,\"valueName\":\"search_term_string\"}}],\"inLanguage\":\"es\"}]}<\/script>\n<!-- \/ Yoast SEO plugin. -->","yoast_head_json":{"title":"Correas sincr\u00f3nicas especiales | Repuestos Mec\u00e1nicos | ACOTEQ","description":"Correas sincr\u00f3nicas especiales, silenciosas, duraderas, personalizables y con env\u00edo internacional r\u00e1pido.","robots":{"index":"index","follow":"follow","max-snippet":"max-snippet:-1","max-image-preview":"max-image-preview:large","max-video-preview":"max-video-preview:-1"},"canonical":"https:\/\/acoteq.com\/es\/repuestos\/repuestos-mecanicos\/correas\/correas-sincronicas-especiales\/","og_locale":"es_ES","og_type":"article","og_title":"Correas sincr\u00f3nicas especiales | Repuestos Mec\u00e1nicos | ACOTEQ","og_description":"Correas sincr\u00f3nicas especiales, silenciosas, duraderas, personalizables y con env\u00edo internacional r\u00e1pido.","og_url":"https:\/\/acoteq.com\/es\/repuestos\/repuestos-mecanicos\/correas\/correas-sincronicas-especiales\/","og_site_name":"ACOTEQ","article_modified_time":"2026-03-18T11:45:43+00:00","og_image":[{"width":1536,"height":1024,"url":"https:\/\/acoteq.com\/wp-content\/uploads\/2026\/02\/5-Special-Timing-Belts-1.png.webp","type":"image\/webp"}],"twitter_card":"summary_large_image","twitter_misc":{"Tiempo de lectura":"1 minuto"},"schema":{"@context":"https:\/\/schema.org","@graph":[{"@type":"WebPage","@id":"https:\/\/acoteq.com\/es\/repuestos\/repuestos-mecanicos\/correas\/correas-sincronicas-especiales\/","url":"https:\/\/acoteq.com\/es\/repuestos\/repuestos-mecanicos\/correas\/correas-sincronicas-especiales\/","name":"Correas sincr\u00f3nicas especiales | Repuestos Mec\u00e1nicos | ACOTEQ","isPartOf":{"@id":"https:\/\/acoteq.com\/es\/#website"},"primaryImageOfPage":{"@id":"https:\/\/acoteq.com\/es\/repuestos\/repuestos-mecanicos\/correas\/correas-sincronicas-especiales\/#primaryimage"},"image":{"@id":"https:\/\/acoteq.com\/es\/repuestos\/repuestos-mecanicos\/correas\/correas-sincronicas-especiales\/#primaryimage"},"thumbnailUrl":"https:\/\/acoteq.com\/wp-content\/uploads\/2026\/02\/5-Special-Timing-Belts-1.png.webp","datePublished":"2026-02-12T13:03:34+00:00","dateModified":"2026-03-18T11:45:43+00:00","description":"Correas sincr\u00f3nicas especiales, silenciosas, duraderas, personalizables y con env\u00edo internacional r\u00e1pido.","breadcrumb":{"@id":"https:\/\/acoteq.com\/es\/repuestos\/repuestos-mecanicos\/correas\/correas-sincronicas-especiales\/#breadcrumb"},"inLanguage":"es","potentialAction":[{"@type":"ReadAction","target":["https:\/\/acoteq.com\/es\/repuestos\/repuestos-mecanicos\/correas\/correas-sincronicas-especiales\/"]}]},{"@type":"ImageObject","inLanguage":"es","@id":"https:\/\/acoteq.com\/es\/repuestos\/repuestos-mecanicos\/correas\/correas-sincronicas-especiales\/#primaryimage","url":"https:\/\/acoteq.com\/wp-content\/uploads\/2026\/02\/5-Special-Timing-Belts-1.png.webp","contentUrl":"https:\/\/acoteq.com\/wp-content\/uploads\/2026\/02\/5-Special-Timing-Belts-1.png.webp","width":1536,"height":1024},{"@type":"BreadcrumbList","@id":"https:\/\/acoteq.com\/es\/repuestos\/repuestos-mecanicos\/correas\/correas-sincronicas-especiales\/#breadcrumb","itemListElement":[{"@type":"ListItem","position":1,"name":"Home","item":"https:\/\/acoteq.com\/es\/"},{"@type":"ListItem","position":2,"name":"Repuestos","item":"https:\/\/acoteq.com\/es\/repuestos\/"},{"@type":"ListItem","position":3,"name":"Repuestos Mec\u00e1nicos","item":"https:\/\/acoteq.com\/es\/repuestos\/repuestos-mecanicos\/"},{"@type":"ListItem","position":4,"name":"Correas","item":"https:\/\/acoteq.com\/es\/repuestos\/repuestos-mecanicos\/correas\/"},{"@type":"ListItem","position":5,"name":"Correas sincr\u00f3nicas especiales"}]},{"@type":"WebSite","@id":"https:\/\/acoteq.com\/es\/#website","url":"https:\/\/acoteq.com\/es\/","name":"ACOTEQ","description":"","potentialAction":[{"@type":"SearchAction","target":{"@type":"EntryPoint","urlTemplate":"https:\/\/acoteq.com\/es\/?s={search_term_string}"},"query-input":{"@type":"PropertyValueSpecification","valueRequired":true,"valueName":"search_term_string"}}],"inLanguage":"es"}]}},"_links":{"self":[{"href":"https:\/\/acoteq.com\/es\/wp-json\/wp\/v2\/pages\/3559","targetHints":{"allow":["GET"]}}],"collection":[{"href":"https:\/\/acoteq.com\/es\/wp-json\/wp\/v2\/pages"}],"about":[{"href":"https:\/\/acoteq.com\/es\/wp-json\/wp\/v2\/types\/page"}],"author":[{"embeddable":true,"href":"https:\/\/acoteq.com\/es\/wp-json\/wp\/v2\/users\/1"}],"replies":[{"embeddable":true,"href":"https:\/\/acoteq.com\/es\/wp-json\/wp\/v2\/comments?post=3559"}],"version-history":[{"count":10,"href":"https:\/\/acoteq.com\/es\/wp-json\/wp\/v2\/pages\/3559\/revisions"}],"predecessor-version":[{"id":9806,"href":"https:\/\/acoteq.com\/es\/wp-json\/wp\/v2\/pages\/3559\/revisions\/9806"}],"up":[{"embeddable":true,"href":"https:\/\/acoteq.com\/es\/wp-json\/wp\/v2\/pages\/3639"}],"wp:featuredmedia":[{"embeddable":true,"href":"https:\/\/acoteq.com\/es\/wp-json\/wp\/v2\/media\/3560"}],"wp:attachment":[{"href":"https:\/\/acoteq.com\/es\/wp-json\/wp\/v2\/media?parent=3559"}],"curies":[{"name":"wp","href":"https:\/\/api.w.org\/{rel}","templated":true}]}}