{"id":3623,"date":"2026-02-12T14:01:03","date_gmt":"2026-02-12T13:01:03","guid":{"rendered":"https:\/\/acoteq.com\/haul-off-belts\/"},"modified":"2026-03-18T12:42:30","modified_gmt":"2026-03-18T11:42:30","slug":"correas-de-arrastre","status":"publish","type":"page","link":"https:\/\/acoteq.com\/es\/repuestos\/repuestos-mecanicos\/correas\/correas-de-arrastre\/","title":{"rendered":"Correas de arrastre"},"content":{"rendered":"<section class=\"cta\">\n\t\n\t<div class=\"container\">\n\n\t\t<div class=\"row\">\n\n\t\t\t<div class=\"col-lg-12\">\n\n\t\t\t\t<div class=\"cta_inner\">\n\n\t\t\t\t\t<div>\n\n\t\t\t\t\t\t<span class=\"pre_headline\"><i class=\"fas fa-search\"><\/i>&nbsp;Expertos en abastecimiento global<\/span>\n\n\t\t\t\t\t\t<p><strong>\u00bf<em>No encuentra<\/em> su repuesto?<\/strong><\/p>\n<p>Nuestro cat\u00e1logo en l\u00ednea muestra solo el 5% de nuestra capacidad de suministro.<br \/>\n<strong>Deje que nuestros expertos encuentren exactamente lo que necesita.<\/strong><\/p>\n\n\t\t\t\t\t<\/div>\n\n\t\t\t\t\t<div>\n\n\t\t\t\t\t\t\n\t\t\t\t\t\t\t<a class=\"button light\" href=\"#contact\" target=\"\">Solicitar una cotizaci\u00f3n&nbsp;<i class=\"fas fa-arrow-right\"><\/i><\/a>\n\n\t\t\t\t\t\t\n\t\t\t\t\t<\/div>\n\n\t\t\t\t\t<i class=\"fas fa-times close_cta\"><\/i>\n\n\t\t\t\t<\/div>\n\n\t\t\t<\/div>\n\n\t\t<\/div>\n\n\t<\/div>\n\n<\/section>\n\n\n<div style=\"height:75px\" aria-hidden=\"true\" class=\"wp-block-spacer\"><\/div>\n\n\n<div class=\"yoast-breadcrumbs\"><span><span><a href=\"https:\/\/acoteq.com\/es\/\"><i class=\"fas fa-home\">Home<\/i><\/a><\/span> \/ <span><a href=\"https:\/\/acoteq.com\/es\/repuestos\/\">Repuestos<\/a><\/span> \/ <span><a href=\"https:\/\/acoteq.com\/es\/repuestos\/repuestos-mecanicos\/\">Repuestos Mec\u00e1nicos<\/a><\/span> \/ <span><a href=\"https:\/\/acoteq.com\/es\/repuestos\/repuestos-mecanicos\/correas\/\">Correas<\/a><\/span> \/ <span class=\"breadcrumb_last\" aria-current=\"page\">Correas de arrastre<\/span><\/span><\/div>\n\n\n<div class=\"wp-block-group has-white-background-color has-text-color has-background has-link-color wp-elements-edd9dddcdf5fdb92ae9cff2f37111a3d\" style=\"color:#0e3770\"><div class=\"wp-block-group__inner-container is-layout-constrained wp-block-group-is-layout-constrained\"><section class=\"headline align-left \">\n\t\n\t<div class=\"container\">\n\n\t\t<div class=\"row\">\n\n\t\t\t<div class=\"col-lg-12\">\n\n\t\t\t\t<div class=\"headline_wrapper\">\n\n\t\t\t\t\t<h1><strong>Correas<\/strong> de arrastre<\/h1>\n\n\t\t\t\t\t\n\t\t\t\t<\/div>\n\n\t\t\t<\/div>\n\n\t\t<\/div>\n\n\t<\/div>\n\n<\/section>\n\n\n<div style=\"height:50px\" aria-hidden=\"true\" class=\"wp-block-spacer\"><\/div>\n\n\n<section class=\"cards\">\n\t\n\t<div class=\"container\">\n\n\t\t<div class=\"row\">\n\n\t\t\t\n\t\t\t\t\n\t\t\t\t\t<div class=\"col-lg-4 col-md-6 card_single\">\n\n\t\t\t\t\t\t\n\t\t\t\t\t\t<div class=\"card_inner\">\n\n\t\t\t\t\t\t\t\t\t\t\t\t\t\t\t<a href=\"https:\/\/acoteq.com\/es\/repuestos\/repuestos-mecanicos\/correas\/correas-de-arrastre\/correas-de-arrastre-de-pvc\/\">\n\t\t\t\t\t\t\t\t\t<img decoding=\"async\" width=\"640\" height=\"427\" src=\"https:\/\/acoteq.com\/wp-content\/uploads\/2026\/02\/1.1.2-Haul-Off-PVC-Belts.png-1024x683.webp\" class=\"attachment-large size-large wp-post-image\" alt=\"Category image\" loading=\"lazy\" srcset=\"https:\/\/acoteq.com\/wp-content\/uploads\/2026\/02\/1.1.2-Haul-Off-PVC-Belts.png-1024x683.webp 1024w, https:\/\/acoteq.com\/wp-content\/uploads\/2026\/02\/1.1.2-Haul-Off-PVC-Belts.png-300x200.webp 300w, https:\/\/acoteq.com\/wp-content\/uploads\/2026\/02\/1.1.2-Haul-Off-PVC-Belts.png-768x512.webp 768w, https:\/\/acoteq.com\/wp-content\/uploads\/2026\/02\/1.1.2-Haul-Off-PVC-Belts.png.webp 1536w\" sizes=\"auto, (max-width: 640px) 100vw, 640px\" \/>\t\t\t\t\t\t\t\t<\/a>\n\t\t\t\t\t\t\t\t\n\n\t\t\t\t\t\t\t<div class=\"card_information\">\t\n\n\t\t\t\t\t\t\t\t<div>\n\n\t\t\t\t\t\t\t\t\t<h3>\n\t\t\t\t\t\t\t\t\t\t<a href=\"https:\/\/acoteq.com\/es\/repuestos\/repuestos-mecanicos\/correas\/correas-de-arrastre\/correas-de-arrastre-de-pvc\/\">\n\t\t\t\t\t\t\t\t\t\t\t<b>Correas<\/b> de arrastre de PVC\t\t\t\t\t\t\t\t\t\t\t\n\t\t\t\t\t\t\t\t\t\t<\/a>\n\t\t\t\t\t\t\t\t\t<\/h3>\n\n\t\t\t\t\t\t\t\t\t\t\t\n\n\t\t\t\t\t\t\t\t<\/div>\t\n\n\t\t\t\t\t\t\t\t<div class=\"cards_linkwrap\">\n\n\t\t\t\t\t\t\t\t\t\t\t\t\t\t\t\t\t\t\t\n\t\t\t\t\t\t\t\t\t\t<a href=\"https:\/\/acoteq.com\/es\/repuestos\/repuestos-mecanicos\/correas\/correas-de-arrastre\/correas-de-arrastre-de-pvc\/\">\n\t\t\t\t\t\t\t\t\t\t\tVer categor\u00eda&nbsp;<i class=\"fas fa-arrow-right\"><\/i>\n\t\t\t\t\t\t\t\t\t\t<\/a>\t\t\t\t\t\t\t\t\t\t\n\n\t\t\t\t\t\t\t\t\t\t\t\t\t\n\n\t\t\t\t\t\t\t\t<\/div>\t\t\t\t\t\t\t\t\t\t\t\t\t\t\t\n\n\t\t\t\t\t\t\t<\/div>\n\n\t\t\t\t\t\t<\/div>\n\n\t\t\t\t\t<\/div>\n\n\t\t\t\t\n\t\t\t\t\t<div class=\"col-lg-4 col-md-6 card_single\">\n\n\t\t\t\t\t\t\n\t\t\t\t\t\t<div class=\"card_inner\">\n\n\t\t\t\t\t\t\t\t\t\t\t\t\t\t\t<a href=\"https:\/\/acoteq.com\/es\/repuestos\/repuestos-mecanicos\/correas\/correas-de-arrastre\/correas-de-arrastre-de-caucho\/\">\n\t\t\t\t\t\t\t\t\t<img decoding=\"async\" width=\"640\" height=\"427\" src=\"https:\/\/acoteq.com\/wp-content\/uploads\/2026\/02\/1.2.2-Haul-Off-Rubber-Belts.png-1024x683.webp\" class=\"attachment-large size-large wp-post-image\" alt=\"Category image\" loading=\"lazy\" srcset=\"https:\/\/acoteq.com\/wp-content\/uploads\/2026\/02\/1.2.2-Haul-Off-Rubber-Belts.png-1024x683.webp 1024w, https:\/\/acoteq.com\/wp-content\/uploads\/2026\/02\/1.2.2-Haul-Off-Rubber-Belts.png-300x200.webp 300w, https:\/\/acoteq.com\/wp-content\/uploads\/2026\/02\/1.2.2-Haul-Off-Rubber-Belts.png-768x512.webp 768w, https:\/\/acoteq.com\/wp-content\/uploads\/2026\/02\/1.2.2-Haul-Off-Rubber-Belts.png.webp 1536w\" sizes=\"auto, (max-width: 640px) 100vw, 640px\" \/>\t\t\t\t\t\t\t\t<\/a>\n\t\t\t\t\t\t\t\t\n\n\t\t\t\t\t\t\t<div class=\"card_information\">\t\n\n\t\t\t\t\t\t\t\t<div>\n\n\t\t\t\t\t\t\t\t\t<h3>\n\t\t\t\t\t\t\t\t\t\t<a href=\"https:\/\/acoteq.com\/es\/repuestos\/repuestos-mecanicos\/correas\/correas-de-arrastre\/correas-de-arrastre-de-caucho\/\">\n\t\t\t\t\t\t\t\t\t\t\t<b>Correas<\/b> de arrastre de caucho\t\t\t\t\t\t\t\t\t\t\t\n\t\t\t\t\t\t\t\t\t\t<\/a>\n\t\t\t\t\t\t\t\t\t<\/h3>\n\n\t\t\t\t\t\t\t\t\t\t\t\n\n\t\t\t\t\t\t\t\t<\/div>\t\n\n\t\t\t\t\t\t\t\t<div class=\"cards_linkwrap\">\n\n\t\t\t\t\t\t\t\t\t\t\t\t\t\t\t\t\t\t\t\n\t\t\t\t\t\t\t\t\t\t<a href=\"https:\/\/acoteq.com\/es\/repuestos\/repuestos-mecanicos\/correas\/correas-de-arrastre\/correas-de-arrastre-de-caucho\/\">\n\t\t\t\t\t\t\t\t\t\t\tVer categor\u00eda&nbsp;<i class=\"fas fa-arrow-right\"><\/i>\n\t\t\t\t\t\t\t\t\t\t<\/a>\t\t\t\t\t\t\t\t\t\t\n\n\t\t\t\t\t\t\t\t\t\t\t\t\t\n\n\t\t\t\t\t\t\t\t<\/div>\t\t\t\t\t\t\t\t\t\t\t\t\t\t\t\n\n\t\t\t\t\t\t\t<\/div>\n\n\t\t\t\t\t\t<\/div>\n\n\t\t\t\t\t<\/div>\n\n\t\t\t\t\n\t\t\t\t\t<div class=\"col-lg-4 col-md-6 card_single\">\n\n\t\t\t\t\t\t\n\t\t\t\t\t\t<div class=\"card_inner\">\n\n\t\t\t\t\t\t\t\t\t\t\t\t\t\t\t<a href=\"https:\/\/acoteq.com\/es\/repuestos\/repuestos-mecanicos\/correas\/correas-de-arrastre\/bloques-de-arrastre-de-caucho\/\">\n\t\t\t\t\t\t\t\t\t<img decoding=\"async\" width=\"640\" height=\"427\" src=\"https:\/\/acoteq.com\/wp-content\/uploads\/2026\/02\/1.3.2-Haul-Off-Rubber-Blocks.png-1024x683.webp\" class=\"attachment-large size-large wp-post-image\" alt=\"Category image\" loading=\"lazy\" srcset=\"https:\/\/acoteq.com\/wp-content\/uploads\/2026\/02\/1.3.2-Haul-Off-Rubber-Blocks.png-1024x683.webp 1024w, https:\/\/acoteq.com\/wp-content\/uploads\/2026\/02\/1.3.2-Haul-Off-Rubber-Blocks.png-300x200.webp 300w, https:\/\/acoteq.com\/wp-content\/uploads\/2026\/02\/1.3.2-Haul-Off-Rubber-Blocks.png-768x512.webp 768w, https:\/\/acoteq.com\/wp-content\/uploads\/2026\/02\/1.3.2-Haul-Off-Rubber-Blocks.png.webp 1536w\" sizes=\"auto, (max-width: 640px) 100vw, 640px\" \/>\t\t\t\t\t\t\t\t<\/a>\n\t\t\t\t\t\t\t\t\n\n\t\t\t\t\t\t\t<div class=\"card_information\">\t\n\n\t\t\t\t\t\t\t\t<div>\n\n\t\t\t\t\t\t\t\t\t<h3>\n\t\t\t\t\t\t\t\t\t\t<a href=\"https:\/\/acoteq.com\/es\/repuestos\/repuestos-mecanicos\/correas\/correas-de-arrastre\/bloques-de-arrastre-de-caucho\/\">\n\t\t\t\t\t\t\t\t\t\t\t<b>Bloques<\/b> de arrastre de caucho\t\t\t\t\t\t\t\t\t\t\t\n\t\t\t\t\t\t\t\t\t\t<\/a>\n\t\t\t\t\t\t\t\t\t<\/h3>\n\n\t\t\t\t\t\t\t\t\t\t\t\n\n\t\t\t\t\t\t\t\t<\/div>\t\n\n\t\t\t\t\t\t\t\t<div class=\"cards_linkwrap\">\n\n\t\t\t\t\t\t\t\t\t\t\t\t\t\t\t\t\t\t\t\n\t\t\t\t\t\t\t\t\t\t<a href=\"https:\/\/acoteq.com\/es\/repuestos\/repuestos-mecanicos\/correas\/correas-de-arrastre\/bloques-de-arrastre-de-caucho\/\">\n\t\t\t\t\t\t\t\t\t\t\tVer categor\u00eda&nbsp;<i class=\"fas fa-arrow-right\"><\/i>\n\t\t\t\t\t\t\t\t\t\t<\/a>\t\t\t\t\t\t\t\t\t\t\n\n\t\t\t\t\t\t\t\t\t\t\t\t\t\n\n\t\t\t\t\t\t\t\t<\/div>\t\t\t\t\t\t\t\t\t\t\t\t\t\t\t\n\n\t\t\t\t\t\t\t<\/div>\n\n\t\t\t\t\t\t<\/div>\n\n\t\t\t\t\t<\/div>\n\n\t\t\t\t\t\t\t\n\n\t\t\t\t\t\t\n\n\t\t<\/div>\n\n\t<\/div>\n\n<\/section>\n<\/div><\/div>\n\n\n\n<div class=\"wp-block-group has-white-color has-text-color has-background has-link-color wp-elements-02f8dfe85c62b643e68e225b1054e752\" style=\"background-color:#051c3c\"><div class=\"wp-block-group__inner-container is-layout-constrained wp-block-group-is-layout-constrained\"><section class=\"process\">\n\t\n\t<div class=\"container\">\n\n\t\t<div class=\"row\">\n\n\t\t\t<div class=\"col-lg-4\">\n\n\t\t\t\t<section class=\"headline\">\n\t\t\t\t\t\n\t\t\t\t\t<div class=\"container\">\n\n\t\t\t\t\t\t<div class=\"row\">\n\n\t\t\t\t\t\t\t<div class=\"col-lg-12 p-0\">\n\n\t\t\t\t\t\t\t\t<div class=\"headline_wrapper\">\n\n\t\t\t\t\t\t\t\t\t<h2><em>C\u00f3mo funciona <\/em><strong><span style=\"color: #c7d300;\">Obtenga un presupuesto <\/span><\/strong><strong>f\u00e1cilmente<\/strong><\/h2>\n\n\t\t\t\t\t\t\t\t<\/div>\n\n\t\t\t\t\t\t\t<\/div>\n\n\t\t\t\t\t\t<\/div>\n\n\t\t\t\t\t<\/div>\n\n\t\t\t\t<\/section>\t\t\t\t\n\n\t\t\t<\/div>\n\n\t\t\t<div class=\"col-lg-8 process_steps\">\n\n\t\t\t\t<div class=\"process_steps_inner\">\n\n\t\t\t\t\t\n\t\t\t\t\t\t\t<div class=\"step_single\">\n\n\t\t\t\t\t\t\t\t<div class=\"step_icon\">\n\n\t\t\t\t\t\t\t\t\t<img decoding=\"async\" src=\"https:\/\/acoteq.com\/wp-content\/uploads\/2026\/02\/icons8_document.svg\" alt=\"\">\n\n\t\t\t\t\t\t\t\t<\/div>\n\n\t\t\t\t\t\t\t\t<div class=\"step_information\">\n\n\t\t\t\t\t\t\t\t\t<strong>1. Identifique su pieza<\/strong>\n\n\t\t\t\t\t\t\t\t\t<span>Detalles del fabricante, n\u00famero de pieza o una foto. Eso es todo lo que necesitamos.<\/span>\n\n\t\t\t\t\t\t\t\t<\/div>\t\t\t\t\t\t\n\n\t\t\t\t\t\t\t<\/div>\n\n\t\t\t\t\t\t\n\t\t\t\t\t\t\t<div class=\"step_single\">\n\n\t\t\t\t\t\t\t\t<div class=\"step_icon\">\n\n\t\t\t\t\t\t\t\t\t<img decoding=\"async\" src=\"https:\/\/acoteq.com\/wp-content\/uploads\/2026\/02\/Vector.svg\" alt=\"\">\n\n\t\t\t\t\t\t\t\t<\/div>\n\n\t\t\t\t\t\t\t\t<div class=\"step_information\">\n\n\t\t\t\t\t\t\t\t\t<strong>2. Env\u00ede su solicitud<\/strong>\n\n\t\t\t\t\t\t\t\t\t<span>Env\u00ede los detalles a trav\u00e9s de nuestro formulario de contacto, correo electr\u00f3nico, Teams o WhatsApp.<\/span>\n\n\t\t\t\t\t\t\t\t<\/div>\t\t\t\t\t\t\n\n\t\t\t\t\t\t\t<\/div>\n\n\t\t\t\t\t\t\n\t\t\t\t\t\t\t<div class=\"step_single\">\n\n\t\t\t\t\t\t\t\t<div class=\"step_icon\">\n\n\t\t\t\t\t\t\t\t\t<img decoding=\"async\" src=\"https:\/\/acoteq.com\/wp-content\/uploads\/2026\/02\/gg_check-o.svg\" alt=\"\">\n\n\t\t\t\t\t\t\t\t<\/div>\n\n\t\t\t\t\t\t\t\t<div class=\"step_information\">\n\n\t\t\t\t\t\t\t\t\t<strong>3. Obtenga su presupuesto<\/strong>\n\n\t\t\t\t\t\t\t\t\t<span>Le enviaremos un presupuesto tan pronto como nuestra red de suministro lo permita.<\/span>\n\n\t\t\t\t\t\t\t\t<\/div>\t\t\t\t\t\t\n\n\t\t\t\t\t\t\t<\/div>\n\n\t\t\t\t\t\t\t\t\t\t\t\n\n\t\t\t\t<\/div>\n\n\t\t\t<\/div>\n\n\t\t<\/div>\n\n\t<\/div>\n\n<\/section><\/div><\/div>\n\n\n\n<div class=\"wp-block-group has-white-background-color has-text-color has-background has-link-color wp-elements-a4e575e10429e784bcc3fcf82a88d278\" style=\"color:#0e3770\"><div class=\"wp-block-group__inner-container is-layout-constrained wp-block-group-is-layout-constrained\"><section class=\"headline align-left \">\n\t\n\t<div class=\"container\">\n\n\t\t<div class=\"row\">\n\n\t\t\t<div class=\"col-lg-12\">\n\n\t\t\t\t<div class=\"headline_wrapper\">\n\n\t\t\t\t\t<h1><strong>\u00bfQu\u00e9 cintas de arrastre<\/strong> ofrecen?<\/h1>\n\n\t\t\t\t\t\n\t\t\t\t<\/div>\n\n\t\t\t<\/div>\n\n\t\t<\/div>\n\n\t<\/div>\n\n<\/section>\n\n\n<div style=\"height:15px\" aria-hidden=\"true\" class=\"wp-block-spacer\"><\/div>\n\n\n\n<div class=\"wp-block-columns is-layout-flex wp-container-core-columns-is-layout-9d6595d7 wp-block-columns-is-layout-flex\">\n<div class=\"wp-block-column is-layout-flow wp-block-column-is-layout-flow\"><section class=\"text \">\n\t\n\t<div class=\"container\">\n\n\t\t<div class=\"row\">\n\n\t\t\t<div class=\"col-lg-12\">\n\n\t\t\t\t<p><strong>Las correas de arrastre<\/strong> est\u00e1n dise\u00f1adas para ofrecer tracci\u00f3n precisa, durabilidad y estabilidad dimensional en aplicaciones de movimiento continuo, especialmente en l\u00edneas de extrusi\u00f3n, producci\u00f3n de cables y tubos. Estas correas est\u00e1n fabricadas para sujetar perfiles delicados o r\u00edgidos sin deslizamientos ni deformaciones, garantizando una fuerza de tracci\u00f3n constante y una sincronizaci\u00f3n exacta entre las etapas del proceso.<\/p>\n<p>En <strong>ACOTEQ<\/strong> suministramos una gama completa de <strong>correas de arrastre<\/strong>, incluyendo <strong>correas de arrastre de PVC<\/strong>, <strong>correas de arrastre de caucho<\/strong> y <strong>bloques de arrastre de caucho<\/strong>, disponibles en <strong>versiones originales o compatibles<\/strong> y aptas para las principales m\u00e1quinas y configuraciones de l\u00edneas de extrusi\u00f3n. Nuestros productos se fabrican con moldes de alta precisi\u00f3n y materiales de primera calidad para garantizar un rendimiento excelente en entornos de alta fricci\u00f3n, velocidad o temperatura.<\/p>\n<p>Ofrecemos correas con diferentes niveles de fricci\u00f3n, dureza, texturas superficiales (lisas, ranuradas o estampadas) y estructuras reforzadas, adaptadas a geometr\u00edas de productos y perfiles de extrusi\u00f3n espec\u00edficos. Ya sea que su operaci\u00f3n involucre <strong>tubos pl\u00e1sticos, cables, perfiles o ca\u00f1er\u00edas<\/strong>, le ayudamos a seleccionar el elemento de tracci\u00f3n adecuado para evitar marcas, desalineaciones o desgaste prematuro.<\/p>\n<p>Nuestro equipo brinda asistencia en <strong>referencias cruzadas, dimensiones, recubrimientos y optimizaci\u00f3n de presi\u00f3n<\/strong> para asegurar el mejor agarre y vida \u00fatil. Tambi\u00e9n desarrollamos <strong>soluciones de arrastre personalizadas<\/strong>para OEMs y proyectos de actualizaci\u00f3n, adaptando longitud, ancho, material o tipo de refuerzo seg\u00fan las necesidades de sus unidades de arrastre.<\/p>\n<p>Todas las correas cuentan con <strong>env\u00edos a todo el mundo<\/strong>, tiempos de respuesta r\u00e1pidos y disponibilidad de nivel industrial.<\/p>\n<p>Si necesita soporte con las dimensiones, compatibilidad con m\u00e1quinas o entregas urgentes, cont\u00e1ctenos o <strong>solicite una cotizaci\u00f3n<\/strong> hoy mismo.<\/p>\n\n\t\t\t<\/div>\n\n\t\t<\/div>\n\n\t<\/div>\n\n<\/section><\/div>\n\n\n\n<div class=\"wp-block-column is-layout-flow wp-block-column-is-layout-flow\"><div class=\"container\">\n\n\t<div class=\"row\">\n\n\t\t<div class=\"col-lg-12\">\n\n\t\t\t<div class=\"imagewrap\">\n\n\t\t\t\t<img decoding=\"async\" src=\"https:\/\/acoteq.com\/wp-content\/uploads\/2026\/03\/haul-off-belts-e1773741538171.png\" alt=\"\">\n\n\t\t\t\t\n\t\t\t<\/div>\n\n\t\t<\/div>\n\n\t<\/div>\n\n<\/div><\/div>\n<\/div>\n<\/div><\/div>\n","protected":false},"excerpt":{"rendered":"","protected":false},"author":1,"featured_media":3624,"parent":3639,"menu_order":0,"comment_status":"closed","ping_status":"closed","template":"","meta":{"_acf_changed":false,"footnotes":""},"class_list":["post-3623","page","type-page","status-publish","has-post-thumbnail","hentry"],"acf":[],"yoast_head":"<!-- This site is optimized with the Yoast SEO plugin v27.2 - https:\/\/yoast.com\/product\/yoast-seo-wordpress\/ -->\n<title>Correas de arrastre | Repuestos Mec\u00e1nicos | ACOTEQ<\/title>\n<meta name=\"description\" content=\"Correas de arrastre dise\u00f1adas para ofrecer agarre \u00f3ptimo, resistencia a la abrasi\u00f3n y larga vida \u00fatil. Env\u00edos a todo el mundo.\" \/>\n<meta name=\"robots\" content=\"index, follow, max-snippet:-1, max-image-preview:large, max-video-preview:-1\" \/>\n<link rel=\"canonical\" href=\"https:\/\/acoteq.com\/es\/repuestos\/repuestos-mecanicos\/correas\/correas-de-arrastre\/\" \/>\n<meta property=\"og:locale\" content=\"es_ES\" \/>\n<meta property=\"og:type\" content=\"article\" \/>\n<meta property=\"og:title\" content=\"Correas de arrastre | Repuestos Mec\u00e1nicos | ACOTEQ\" \/>\n<meta property=\"og:description\" content=\"Correas de arrastre dise\u00f1adas para ofrecer agarre \u00f3ptimo, resistencia a la abrasi\u00f3n y larga vida \u00fatil. Env\u00edos a todo el mundo.\" \/>\n<meta property=\"og:url\" content=\"https:\/\/acoteq.com\/es\/repuestos\/repuestos-mecanicos\/correas\/correas-de-arrastre\/\" \/>\n<meta property=\"og:site_name\" content=\"ACOTEQ\" \/>\n<meta property=\"article:modified_time\" content=\"2026-03-18T11:42:30+00:00\" \/>\n<meta property=\"og:image\" content=\"https:\/\/acoteq.com\/wp-content\/uploads\/2026\/02\/1-Haul-Off-Belts-2-e1758199711220.png.webp\" \/>\n\t<meta property=\"og:image:width\" content=\"2013\" \/>\n\t<meta property=\"og:image:height\" content=\"1420\" \/>\n\t<meta property=\"og:image:type\" content=\"image\/webp\" \/>\n<meta name=\"twitter:card\" content=\"summary_large_image\" \/>\n<meta name=\"twitter:label1\" content=\"Tiempo de lectura\" \/>\n\t<meta name=\"twitter:data1\" content=\"1 minuto\" \/>\n<script type=\"application\/ld+json\" class=\"yoast-schema-graph\">{\"@context\":\"https:\/\/schema.org\",\"@graph\":[{\"@type\":\"WebPage\",\"@id\":\"https:\/\/acoteq.com\/es\/repuestos\/repuestos-mecanicos\/correas\/correas-de-arrastre\/\",\"url\":\"https:\/\/acoteq.com\/es\/repuestos\/repuestos-mecanicos\/correas\/correas-de-arrastre\/\",\"name\":\"Correas de arrastre | Repuestos Mec\u00e1nicos | ACOTEQ\",\"isPartOf\":{\"@id\":\"https:\/\/acoteq.com\/es\/#website\"},\"primaryImageOfPage\":{\"@id\":\"https:\/\/acoteq.com\/es\/repuestos\/repuestos-mecanicos\/correas\/correas-de-arrastre\/#primaryimage\"},\"image\":{\"@id\":\"https:\/\/acoteq.com\/es\/repuestos\/repuestos-mecanicos\/correas\/correas-de-arrastre\/#primaryimage\"},\"thumbnailUrl\":\"https:\/\/acoteq.com\/wp-content\/uploads\/2026\/02\/1-Haul-Off-Belts-2-e1758199711220.png.webp\",\"datePublished\":\"2026-02-12T13:01:03+00:00\",\"dateModified\":\"2026-03-18T11:42:30+00:00\",\"description\":\"Correas de arrastre dise\u00f1adas para ofrecer agarre \u00f3ptimo, resistencia a la abrasi\u00f3n y larga vida \u00fatil. Env\u00edos a todo el mundo.\",\"breadcrumb\":{\"@id\":\"https:\/\/acoteq.com\/es\/repuestos\/repuestos-mecanicos\/correas\/correas-de-arrastre\/#breadcrumb\"},\"inLanguage\":\"es\",\"potentialAction\":[{\"@type\":\"ReadAction\",\"target\":[\"https:\/\/acoteq.com\/es\/repuestos\/repuestos-mecanicos\/correas\/correas-de-arrastre\/\"]}]},{\"@type\":\"ImageObject\",\"inLanguage\":\"es\",\"@id\":\"https:\/\/acoteq.com\/es\/repuestos\/repuestos-mecanicos\/correas\/correas-de-arrastre\/#primaryimage\",\"url\":\"https:\/\/acoteq.com\/wp-content\/uploads\/2026\/02\/1-Haul-Off-Belts-2-e1758199711220.png.webp\",\"contentUrl\":\"https:\/\/acoteq.com\/wp-content\/uploads\/2026\/02\/1-Haul-Off-Belts-2-e1758199711220.png.webp\",\"width\":2013,\"height\":1420},{\"@type\":\"BreadcrumbList\",\"@id\":\"https:\/\/acoteq.com\/es\/repuestos\/repuestos-mecanicos\/correas\/correas-de-arrastre\/#breadcrumb\",\"itemListElement\":[{\"@type\":\"ListItem\",\"position\":1,\"name\":\"Home\",\"item\":\"https:\/\/acoteq.com\/es\/\"},{\"@type\":\"ListItem\",\"position\":2,\"name\":\"Repuestos\",\"item\":\"https:\/\/acoteq.com\/es\/repuestos\/\"},{\"@type\":\"ListItem\",\"position\":3,\"name\":\"Repuestos Mec\u00e1nicos\",\"item\":\"https:\/\/acoteq.com\/es\/repuestos\/repuestos-mecanicos\/\"},{\"@type\":\"ListItem\",\"position\":4,\"name\":\"Correas\",\"item\":\"https:\/\/acoteq.com\/es\/repuestos\/repuestos-mecanicos\/correas\/\"},{\"@type\":\"ListItem\",\"position\":5,\"name\":\"Correas de arrastre\"}]},{\"@type\":\"WebSite\",\"@id\":\"https:\/\/acoteq.com\/es\/#website\",\"url\":\"https:\/\/acoteq.com\/es\/\",\"name\":\"ACOTEQ\",\"description\":\"\",\"potentialAction\":[{\"@type\":\"SearchAction\",\"target\":{\"@type\":\"EntryPoint\",\"urlTemplate\":\"https:\/\/acoteq.com\/es\/?s={search_term_string}\"},\"query-input\":{\"@type\":\"PropertyValueSpecification\",\"valueRequired\":true,\"valueName\":\"search_term_string\"}}],\"inLanguage\":\"es\"}]}<\/script>\n<!-- \/ Yoast SEO plugin. -->","yoast_head_json":{"title":"Correas de arrastre | Repuestos Mec\u00e1nicos | ACOTEQ","description":"Correas de arrastre dise\u00f1adas para ofrecer agarre \u00f3ptimo, resistencia a la abrasi\u00f3n y larga vida \u00fatil. Env\u00edos a todo el mundo.","robots":{"index":"index","follow":"follow","max-snippet":"max-snippet:-1","max-image-preview":"max-image-preview:large","max-video-preview":"max-video-preview:-1"},"canonical":"https:\/\/acoteq.com\/es\/repuestos\/repuestos-mecanicos\/correas\/correas-de-arrastre\/","og_locale":"es_ES","og_type":"article","og_title":"Correas de arrastre | Repuestos Mec\u00e1nicos | ACOTEQ","og_description":"Correas de arrastre dise\u00f1adas para ofrecer agarre \u00f3ptimo, resistencia a la abrasi\u00f3n y larga vida \u00fatil. Env\u00edos a todo el mundo.","og_url":"https:\/\/acoteq.com\/es\/repuestos\/repuestos-mecanicos\/correas\/correas-de-arrastre\/","og_site_name":"ACOTEQ","article_modified_time":"2026-03-18T11:42:30+00:00","og_image":[{"width":2013,"height":1420,"url":"https:\/\/acoteq.com\/wp-content\/uploads\/2026\/02\/1-Haul-Off-Belts-2-e1758199711220.png.webp","type":"image\/webp"}],"twitter_card":"summary_large_image","twitter_misc":{"Tiempo de lectura":"1 minuto"},"schema":{"@context":"https:\/\/schema.org","@graph":[{"@type":"WebPage","@id":"https:\/\/acoteq.com\/es\/repuestos\/repuestos-mecanicos\/correas\/correas-de-arrastre\/","url":"https:\/\/acoteq.com\/es\/repuestos\/repuestos-mecanicos\/correas\/correas-de-arrastre\/","name":"Correas de arrastre | Repuestos Mec\u00e1nicos | ACOTEQ","isPartOf":{"@id":"https:\/\/acoteq.com\/es\/#website"},"primaryImageOfPage":{"@id":"https:\/\/acoteq.com\/es\/repuestos\/repuestos-mecanicos\/correas\/correas-de-arrastre\/#primaryimage"},"image":{"@id":"https:\/\/acoteq.com\/es\/repuestos\/repuestos-mecanicos\/correas\/correas-de-arrastre\/#primaryimage"},"thumbnailUrl":"https:\/\/acoteq.com\/wp-content\/uploads\/2026\/02\/1-Haul-Off-Belts-2-e1758199711220.png.webp","datePublished":"2026-02-12T13:01:03+00:00","dateModified":"2026-03-18T11:42:30+00:00","description":"Correas de arrastre dise\u00f1adas para ofrecer agarre \u00f3ptimo, resistencia a la abrasi\u00f3n y larga vida \u00fatil. Env\u00edos a todo el mundo.","breadcrumb":{"@id":"https:\/\/acoteq.com\/es\/repuestos\/repuestos-mecanicos\/correas\/correas-de-arrastre\/#breadcrumb"},"inLanguage":"es","potentialAction":[{"@type":"ReadAction","target":["https:\/\/acoteq.com\/es\/repuestos\/repuestos-mecanicos\/correas\/correas-de-arrastre\/"]}]},{"@type":"ImageObject","inLanguage":"es","@id":"https:\/\/acoteq.com\/es\/repuestos\/repuestos-mecanicos\/correas\/correas-de-arrastre\/#primaryimage","url":"https:\/\/acoteq.com\/wp-content\/uploads\/2026\/02\/1-Haul-Off-Belts-2-e1758199711220.png.webp","contentUrl":"https:\/\/acoteq.com\/wp-content\/uploads\/2026\/02\/1-Haul-Off-Belts-2-e1758199711220.png.webp","width":2013,"height":1420},{"@type":"BreadcrumbList","@id":"https:\/\/acoteq.com\/es\/repuestos\/repuestos-mecanicos\/correas\/correas-de-arrastre\/#breadcrumb","itemListElement":[{"@type":"ListItem","position":1,"name":"Home","item":"https:\/\/acoteq.com\/es\/"},{"@type":"ListItem","position":2,"name":"Repuestos","item":"https:\/\/acoteq.com\/es\/repuestos\/"},{"@type":"ListItem","position":3,"name":"Repuestos Mec\u00e1nicos","item":"https:\/\/acoteq.com\/es\/repuestos\/repuestos-mecanicos\/"},{"@type":"ListItem","position":4,"name":"Correas","item":"https:\/\/acoteq.com\/es\/repuestos\/repuestos-mecanicos\/correas\/"},{"@type":"ListItem","position":5,"name":"Correas de arrastre"}]},{"@type":"WebSite","@id":"https:\/\/acoteq.com\/es\/#website","url":"https:\/\/acoteq.com\/es\/","name":"ACOTEQ","description":"","potentialAction":[{"@type":"SearchAction","target":{"@type":"EntryPoint","urlTemplate":"https:\/\/acoteq.com\/es\/?s={search_term_string}"},"query-input":{"@type":"PropertyValueSpecification","valueRequired":true,"valueName":"search_term_string"}}],"inLanguage":"es"}]}},"_links":{"self":[{"href":"https:\/\/acoteq.com\/es\/wp-json\/wp\/v2\/pages\/3623","targetHints":{"allow":["GET"]}}],"collection":[{"href":"https:\/\/acoteq.com\/es\/wp-json\/wp\/v2\/pages"}],"about":[{"href":"https:\/\/acoteq.com\/es\/wp-json\/wp\/v2\/types\/page"}],"author":[{"embeddable":true,"href":"https:\/\/acoteq.com\/es\/wp-json\/wp\/v2\/users\/1"}],"replies":[{"embeddable":true,"href":"https:\/\/acoteq.com\/es\/wp-json\/wp\/v2\/comments?post=3623"}],"version-history":[{"count":8,"href":"https:\/\/acoteq.com\/es\/wp-json\/wp\/v2\/pages\/3623\/revisions"}],"predecessor-version":[{"id":9803,"href":"https:\/\/acoteq.com\/es\/wp-json\/wp\/v2\/pages\/3623\/revisions\/9803"}],"up":[{"embeddable":true,"href":"https:\/\/acoteq.com\/es\/wp-json\/wp\/v2\/pages\/3639"}],"wp:featuredmedia":[{"embeddable":true,"href":"https:\/\/acoteq.com\/es\/wp-json\/wp\/v2\/media\/3624"}],"wp:attachment":[{"href":"https:\/\/acoteq.com\/es\/wp-json\/wp\/v2\/media?parent=3623"}],"curies":[{"name":"wp","href":"https:\/\/api.w.org\/{rel}","templated":true}]}}