{"id":3767,"date":"2026-02-12T13:57:01","date_gmt":"2026-02-12T12:57:01","guid":{"rendered":"https:\/\/acoteq.com\/bearing-accessories\/"},"modified":"2026-03-19T17:02:07","modified_gmt":"2026-03-19T16:02:07","slug":"accesorios-para-rodamientos","status":"publish","type":"page","link":"https:\/\/acoteq.com\/es\/repuestos\/repuestos-mecanicos\/rodamientos\/accesorios-para-rodamientos\/","title":{"rendered":"Accesorios para rodamientos"},"content":{"rendered":"<section class=\"cta\">\n\t\n\t<div class=\"container\">\n\n\t\t<div class=\"row\">\n\n\t\t\t<div class=\"col-lg-12\">\n\n\t\t\t\t<div class=\"cta_inner\">\n\n\t\t\t\t\t<div>\n\n\t\t\t\t\t\t<span class=\"pre_headline\"><i class=\"fas fa-search\"><\/i>&nbsp;Expertos en abastecimiento global<\/span>\n\n\t\t\t\t\t\t<p><strong>\u00bf<em>No encuentra<\/em> su repuesto?<\/strong><\/p>\n<p>Nuestro cat\u00e1logo en l\u00ednea muestra solo el 5% de nuestra capacidad de suministro.<br \/>\n<strong>Deje que nuestros expertos encuentren exactamente lo que necesita.<\/strong><\/p>\n\n\t\t\t\t\t<\/div>\n\n\t\t\t\t\t<div>\n\n\t\t\t\t\t\t\n\t\t\t\t\t\t\t<a class=\"button light\" href=\"#contact\" target=\"\">Solicitar una cotizaci\u00f3n&nbsp;<i class=\"fas fa-arrow-right\"><\/i><\/a>\n\n\t\t\t\t\t\t\n\t\t\t\t\t<\/div>\n\n\t\t\t\t\t<i class=\"fas fa-times close_cta\"><\/i>\n\n\t\t\t\t<\/div>\n\n\t\t\t<\/div>\n\n\t\t<\/div>\n\n\t<\/div>\n\n<\/section>\n\n\n<div style=\"height:75px\" aria-hidden=\"true\" class=\"wp-block-spacer\"><\/div>\n\n\n<div class=\"yoast-breadcrumbs\"><span><span><a href=\"https:\/\/acoteq.com\/es\/\"><i class=\"fas fa-home\">Home<\/i><\/a><\/span> \/ <span><a href=\"https:\/\/acoteq.com\/es\/repuestos\/\">Repuestos<\/a><\/span> \/ <span><a href=\"https:\/\/acoteq.com\/es\/repuestos\/repuestos-mecanicos\/\">Repuestos Mec\u00e1nicos<\/a><\/span> \/ <span><a href=\"https:\/\/acoteq.com\/es\/repuestos\/repuestos-mecanicos\/rodamientos\/\">Rodamientos<\/a><\/span> \/ <span class=\"breadcrumb_last\" aria-current=\"page\">Accesorios para rodamientos<\/span><\/span><\/div>\n\n\n<div class=\"wp-block-group has-white-background-color has-text-color has-background has-link-color wp-elements-583a00b64e56ce3eb7634cc1feffd738\" style=\"color:#0e3770\"><div class=\"wp-block-group__inner-container is-layout-constrained wp-block-group-is-layout-constrained\"><section class=\"headline align-left \">\n\t\n\t<div class=\"container\">\n\n\t\t<div class=\"row\">\n\n\t\t\t<div class=\"col-lg-12\">\n\n\t\t\t\t<div class=\"headline_wrapper\">\n\n\t\t\t\t\t<h1><strong>Accesorios<\/strong> para rodamientos<\/h1>\n\n\t\t\t\t\t\n\t\t\t\t<\/div>\n\n\t\t\t<\/div>\n\n\t\t<\/div>\n\n\t<\/div>\n\n<\/section>\n\n\n<div style=\"height:50px\" aria-hidden=\"true\" class=\"wp-block-spacer\"><\/div>\n\n\n<section class=\"cards\">\n\t\n\t<div class=\"container\">\n\n\t\t<div class=\"row\">\n\n\t\t\t\n\t\t\t\t\n\t\t\t\t\t<div class=\"col-lg-4 col-md-6 card_single\">\n\n\t\t\t\t\t\t\n\t\t\t\t\t\t<div class=\"card_inner\">\n\n\t\t\t\t\t\t\t\t\t\t\t\t\t\t\t<a href=\"https:\/\/acoteq.com\/es\/repuestos\/repuestos-mecanicos\/rodamientos\/accesorios-para-rodamientos\/manguitos-de-fijacion-desmontaje\/\">\n\t\t\t\t\t\t\t\t\t<img decoding=\"async\" width=\"640\" height=\"425\" src=\"https:\/\/acoteq.com\/wp-content\/uploads\/2026\/03\/sleeves-1.png\" class=\"attachment-large size-large wp-post-image\" alt=\"Category image\" loading=\"lazy\" srcset=\"https:\/\/acoteq.com\/wp-content\/uploads\/2026\/03\/sleeves-1.png 975w, https:\/\/acoteq.com\/wp-content\/uploads\/2026\/03\/sleeves-1-300x199.png 300w, https:\/\/acoteq.com\/wp-content\/uploads\/2026\/03\/sleeves-1-768x510.png 768w\" sizes=\"auto, (max-width: 640px) 100vw, 640px\" \/>\t\t\t\t\t\t\t\t<\/a>\n\t\t\t\t\t\t\t\t\n\n\t\t\t\t\t\t\t<div class=\"card_information\">\t\n\n\t\t\t\t\t\t\t\t<div>\n\n\t\t\t\t\t\t\t\t\t<h3>\n\t\t\t\t\t\t\t\t\t\t<a href=\"https:\/\/acoteq.com\/es\/repuestos\/repuestos-mecanicos\/rodamientos\/accesorios-para-rodamientos\/manguitos-de-fijacion-desmontaje\/\">\n\t\t\t\t\t\t\t\t\t\t\t<b>Manguitos<\/b> de fijaci\u00f3n\/ desmontaje\t\t\t\t\t\t\t\t\t\t\t\n\t\t\t\t\t\t\t\t\t\t<\/a>\n\t\t\t\t\t\t\t\t\t<\/h3>\n\n\t\t\t\t\t\t\t\t\t\t\t\n\n\t\t\t\t\t\t\t\t<\/div>\t\n\n\t\t\t\t\t\t\t\t<div class=\"cards_linkwrap\">\n\n\t\t\t\t\t\t\t\t\t\t\t\t\t\t\t\t\t\t\t\n\t\t\t\t\t\t\t\t\t\t<a href=\"https:\/\/acoteq.com\/es\/repuestos\/repuestos-mecanicos\/rodamientos\/accesorios-para-rodamientos\/manguitos-de-fijacion-desmontaje\/\">\n\t\t\t\t\t\t\t\t\t\t\tVer categor\u00eda&nbsp;<i class=\"fas fa-arrow-right\"><\/i>\n\t\t\t\t\t\t\t\t\t\t<\/a>\t\t\t\t\t\t\t\t\t\t\n\n\t\t\t\t\t\t\t\t\t\t\t\t\t\n\n\t\t\t\t\t\t\t\t<\/div>\t\t\t\t\t\t\t\t\t\t\t\t\t\t\t\n\n\t\t\t\t\t\t\t<\/div>\n\n\t\t\t\t\t\t<\/div>\n\n\t\t\t\t\t<\/div>\n\n\t\t\t\t\n\t\t\t\t\t<div class=\"col-lg-4 col-md-6 card_single\">\n\n\t\t\t\t\t\t\n\t\t\t\t\t\t<div class=\"card_inner\">\n\n\t\t\t\t\t\t\t\t\t\t\t\t\t\t\t<a href=\"https:\/\/acoteq.com\/es\/repuestos\/repuestos-mecanicos\/rodamientos\/accesorios-para-rodamientos\/tuercas-de-fijacion\/\">\n\t\t\t\t\t\t\t\t\t<img decoding=\"async\" width=\"640\" height=\"427\" src=\"https:\/\/acoteq.com\/wp-content\/uploads\/2026\/03\/4.2.2-Lock-Nuts-1024x683.png\" class=\"attachment-large size-large wp-post-image\" alt=\"Category image\" loading=\"lazy\" srcset=\"https:\/\/acoteq.com\/wp-content\/uploads\/2026\/03\/4.2.2-Lock-Nuts-1024x683.png 1024w, https:\/\/acoteq.com\/wp-content\/uploads\/2026\/03\/4.2.2-Lock-Nuts-300x200.png 300w, https:\/\/acoteq.com\/wp-content\/uploads\/2026\/03\/4.2.2-Lock-Nuts-768x512.png 768w, https:\/\/acoteq.com\/wp-content\/uploads\/2026\/03\/4.2.2-Lock-Nuts.png 1536w\" sizes=\"auto, (max-width: 640px) 100vw, 640px\" \/>\t\t\t\t\t\t\t\t<\/a>\n\t\t\t\t\t\t\t\t\n\n\t\t\t\t\t\t\t<div class=\"card_information\">\t\n\n\t\t\t\t\t\t\t\t<div>\n\n\t\t\t\t\t\t\t\t\t<h3>\n\t\t\t\t\t\t\t\t\t\t<a href=\"https:\/\/acoteq.com\/es\/repuestos\/repuestos-mecanicos\/rodamientos\/accesorios-para-rodamientos\/tuercas-de-fijacion\/\">\n\t\t\t\t\t\t\t\t\t\t\t<b>Tuercas<\/b> de fijaci\u00f3n\t\t\t\t\t\t\t\t\t\t\t\n\t\t\t\t\t\t\t\t\t\t<\/a>\n\t\t\t\t\t\t\t\t\t<\/h3>\n\n\t\t\t\t\t\t\t\t\t\t\t\n\n\t\t\t\t\t\t\t\t<\/div>\t\n\n\t\t\t\t\t\t\t\t<div class=\"cards_linkwrap\">\n\n\t\t\t\t\t\t\t\t\t\t\t\t\t\t\t\t\t\t\t\n\t\t\t\t\t\t\t\t\t\t<a href=\"https:\/\/acoteq.com\/es\/repuestos\/repuestos-mecanicos\/rodamientos\/accesorios-para-rodamientos\/tuercas-de-fijacion\/\">\n\t\t\t\t\t\t\t\t\t\t\tVer categor\u00eda&nbsp;<i class=\"fas fa-arrow-right\"><\/i>\n\t\t\t\t\t\t\t\t\t\t<\/a>\t\t\t\t\t\t\t\t\t\t\n\n\t\t\t\t\t\t\t\t\t\t\t\t\t\n\n\t\t\t\t\t\t\t\t<\/div>\t\t\t\t\t\t\t\t\t\t\t\t\t\t\t\n\n\t\t\t\t\t\t\t<\/div>\n\n\t\t\t\t\t\t<\/div>\n\n\t\t\t\t\t<\/div>\n\n\t\t\t\t\n\t\t\t\t\t<div class=\"col-lg-4 col-md-6 card_single\">\n\n\t\t\t\t\t\t\n\t\t\t\t\t\t<div class=\"card_inner\">\n\n\t\t\t\t\t\t\t\t\t\t\t\t\t\t\t<a href=\"https:\/\/acoteq.com\/es\/repuestos\/repuestos-mecanicos\/rodamientos\/accesorios-para-rodamientos\/anillos-de-fijacion\/\">\n\t\t\t\t\t\t\t\t\t<img decoding=\"async\" width=\"640\" height=\"427\" src=\"https:\/\/acoteq.com\/wp-content\/uploads\/2026\/03\/4.1.2-Fixed-Rings-1024x683.png\" class=\"attachment-large size-large wp-post-image\" alt=\"Category image\" loading=\"lazy\" srcset=\"https:\/\/acoteq.com\/wp-content\/uploads\/2026\/03\/4.1.2-Fixed-Rings-1024x683.png 1024w, https:\/\/acoteq.com\/wp-content\/uploads\/2026\/03\/4.1.2-Fixed-Rings-300x200.png 300w, https:\/\/acoteq.com\/wp-content\/uploads\/2026\/03\/4.1.2-Fixed-Rings-768x512.png 768w, https:\/\/acoteq.com\/wp-content\/uploads\/2026\/03\/4.1.2-Fixed-Rings.png 1536w\" sizes=\"auto, (max-width: 640px) 100vw, 640px\" \/>\t\t\t\t\t\t\t\t<\/a>\n\t\t\t\t\t\t\t\t\n\n\t\t\t\t\t\t\t<div class=\"card_information\">\t\n\n\t\t\t\t\t\t\t\t<div>\n\n\t\t\t\t\t\t\t\t\t<h3>\n\t\t\t\t\t\t\t\t\t\t<a href=\"https:\/\/acoteq.com\/es\/repuestos\/repuestos-mecanicos\/rodamientos\/accesorios-para-rodamientos\/anillos-de-fijacion\/\">\n\t\t\t\t\t\t\t\t\t\t\t<b>Anillos<\/b> de fijaci\u00f3n\t\t\t\t\t\t\t\t\t\t\t\n\t\t\t\t\t\t\t\t\t\t<\/a>\n\t\t\t\t\t\t\t\t\t<\/h3>\n\n\t\t\t\t\t\t\t\t\t\t\t\n\n\t\t\t\t\t\t\t\t<\/div>\t\n\n\t\t\t\t\t\t\t\t<div class=\"cards_linkwrap\">\n\n\t\t\t\t\t\t\t\t\t\t\t\t\t\t\t\t\t\t\t\n\t\t\t\t\t\t\t\t\t\t<a href=\"https:\/\/acoteq.com\/es\/repuestos\/repuestos-mecanicos\/rodamientos\/accesorios-para-rodamientos\/anillos-de-fijacion\/\">\n\t\t\t\t\t\t\t\t\t\t\tVer categor\u00eda&nbsp;<i class=\"fas fa-arrow-right\"><\/i>\n\t\t\t\t\t\t\t\t\t\t<\/a>\t\t\t\t\t\t\t\t\t\t\n\n\t\t\t\t\t\t\t\t\t\t\t\t\t\n\n\t\t\t\t\t\t\t\t<\/div>\t\t\t\t\t\t\t\t\t\t\t\t\t\t\t\n\n\t\t\t\t\t\t\t<\/div>\n\n\t\t\t\t\t\t<\/div>\n\n\t\t\t\t\t<\/div>\n\n\t\t\t\t\t\t\t\n\n\t\t\t\t\t\t\n\n\t\t<\/div>\n\n\t<\/div>\n\n<\/section>\n<\/div><\/div>\n\n\n\n<div class=\"wp-block-group has-white-color has-text-color has-background has-link-color wp-elements-86d3271ff418d62ec439e9c326097ce9\" style=\"background-color:#051c3c\"><div class=\"wp-block-group__inner-container is-layout-constrained wp-block-group-is-layout-constrained\"><section class=\"process\">\n\t\n\t<div class=\"container\">\n\n\t\t<div class=\"row\">\n\n\t\t\t<div class=\"col-lg-4\">\n\n\t\t\t\t<section class=\"headline\">\n\t\t\t\t\t\n\t\t\t\t\t<div class=\"container\">\n\n\t\t\t\t\t\t<div class=\"row\">\n\n\t\t\t\t\t\t\t<div class=\"col-lg-12 p-0\">\n\n\t\t\t\t\t\t\t\t<div class=\"headline_wrapper\">\n\n\t\t\t\t\t\t\t\t\t<h2><em>C\u00f3mo funciona <\/em><strong><span style=\"color: #c7d300;\">SOLICITE SU COTIZACI\u00d3N<\/span><\/strong><strong>f\u00e1cilmente<\/strong><\/h2>\n\n\t\t\t\t\t\t\t\t<\/div>\n\n\t\t\t\t\t\t\t<\/div>\n\n\t\t\t\t\t\t<\/div>\n\n\t\t\t\t\t<\/div>\n\n\t\t\t\t<\/section>\t\t\t\t\n\n\t\t\t<\/div>\n\n\t\t\t<div class=\"col-lg-8 process_steps\">\n\n\t\t\t\t<div class=\"process_steps_inner\">\n\n\t\t\t\t\t\n\t\t\t\t\t\t\t<div class=\"step_single\">\n\n\t\t\t\t\t\t\t\t<div class=\"step_icon\">\n\n\t\t\t\t\t\t\t\t\t<img decoding=\"async\" src=\"https:\/\/acoteq.com\/wp-content\/uploads\/2026\/02\/icons8_document.svg\" alt=\"\">\n\n\t\t\t\t\t\t\t\t<\/div>\n\n\t\t\t\t\t\t\t\t<div class=\"step_information\">\n\n\t\t\t\t\t\t\t\t\t<strong>1. Identifique su pieza<\/strong>\n\n\t\t\t\t\t\t\t\t\t<span>Datos del fabricante, n\u00famero de pieza o una foto. Eso es todo lo que necesitamos.<\/span>\n\n\t\t\t\t\t\t\t\t<\/div>\t\t\t\t\t\t\n\n\t\t\t\t\t\t\t<\/div>\n\n\t\t\t\t\t\t\n\t\t\t\t\t\t\t<div class=\"step_single\">\n\n\t\t\t\t\t\t\t\t<div class=\"step_icon\">\n\n\t\t\t\t\t\t\t\t\t<img decoding=\"async\" src=\"https:\/\/acoteq.com\/wp-content\/uploads\/2026\/02\/Vector.svg\" alt=\"\">\n\n\t\t\t\t\t\t\t\t<\/div>\n\n\t\t\t\t\t\t\t\t<div class=\"step_information\">\n\n\t\t\t\t\t\t\t\t\t<strong>2. Env\u00ede su solicitud<\/strong>\n\n\t\t\t\t\t\t\t\t\t<span>Env\u00ede los detalles a trav\u00e9s de nuestro formulario de contacto, correo electr\u00f3nico, Teams o WhatsApp.<\/span>\n\n\t\t\t\t\t\t\t\t<\/div>\t\t\t\t\t\t\n\n\t\t\t\t\t\t\t<\/div>\n\n\t\t\t\t\t\t\n\t\t\t\t\t\t\t<div class=\"step_single\">\n\n\t\t\t\t\t\t\t\t<div class=\"step_icon\">\n\n\t\t\t\t\t\t\t\t\t<img decoding=\"async\" src=\"https:\/\/acoteq.com\/wp-content\/uploads\/2026\/02\/gg_check-o.svg\" alt=\"\">\n\n\t\t\t\t\t\t\t\t<\/div>\n\n\t\t\t\t\t\t\t\t<div class=\"step_information\">\n\n\t\t\t\t\t\t\t\t\t<strong>3. Reciba su cotizaci\u00f3n<\/strong>\n\n\t\t\t\t\t\t\t\t\t<span>Le enviaremos una cotizaci\u00f3n tan r\u00e1pido como nuestra red de suministro lo permita.<\/span>\n\n\t\t\t\t\t\t\t\t<\/div>\t\t\t\t\t\t\n\n\t\t\t\t\t\t\t<\/div>\n\n\t\t\t\t\t\t\t\t\t\t\t\n\n\t\t\t\t<\/div>\n\n\t\t\t<\/div>\n\n\t\t<\/div>\n\n\t<\/div>\n\n<\/section><\/div><\/div>\n\n\n\n<div class=\"wp-block-group has-white-background-color has-text-color has-background has-link-color wp-elements-9ae93979a64438da3a4a9adc71f735ef\" style=\"color:#0e3770\"><div class=\"wp-block-group__inner-container is-layout-constrained wp-block-group-is-layout-constrained\"><section class=\"headline align-left \">\n\t\n\t<div class=\"container\">\n\n\t\t<div class=\"row\">\n\n\t\t\t<div class=\"col-lg-12\">\n\n\t\t\t\t<div class=\"headline_wrapper\">\n\n\t\t\t\t\t<h1><strong>\u00bfQu\u00e9 accesorios para rodamientos<\/strong> ofrecen?<\/h1>\n\n\t\t\t\t\t\n\t\t\t\t<\/div>\n\n\t\t\t<\/div>\n\n\t\t<\/div>\n\n\t<\/div>\n\n<\/section>\n\n\n<div style=\"height:15px\" aria-hidden=\"true\" class=\"wp-block-spacer\"><\/div>\n\n\n\n<div class=\"wp-block-columns is-layout-flex wp-container-core-columns-is-layout-9d6595d7 wp-block-columns-is-layout-flex\">\n<div class=\"wp-block-column is-layout-flow wp-block-column-is-layout-flow\"><section class=\"text \">\n\t\n\t<div class=\"container\">\n\n\t\t<div class=\"row\">\n\n\t\t\t<div class=\"col-lg-12\">\n\n\t\t\t\t<p><strong>Los accesorios para rodamientos<\/strong> son esenciales para la correcta instalaci\u00f3n, alineaci\u00f3n, fijaci\u00f3n y retenci\u00f3n de los rodamientos en sistemas industriales. Estos componentes cumplen un papel fundamental en garantizar un montaje seguro, evitar desplazamientos axiales y mantener el rendimiento \u00f3ptimo del rodamiento a lo largo del tiempo. Ya sea que trabajes con rodamientos de bolas, de rodillos o lisos, los accesorios adecuados son cr\u00edticos para lograr un funcionamiento confiable y reducir el desgaste, la vibraci\u00f3n y los costos de mantenimiento.<\/p>\n<p>En <strong>ACOTEQ<\/strong>, ofrecemos una gama completa de <strong>accesorios para rodamientos<\/strong>, incluyendo <strong>tuercas de fijaci\u00f3n<\/strong>, <strong>anillos de retenci\u00f3n<\/strong> y <strong>manguitos<\/strong>, compatibles con marcas l\u00edderes como <strong>SKF, FAG, INA<\/strong> y <strong>NSK<\/strong>. Nuestros productos est\u00e1n disponibles en versiones <strong>originales y compatibles<\/strong>, asegurando flexibilidad y alto rendimiento en una amplia variedad de aplicaciones industriales. Todos los accesorios est\u00e1n dise\u00f1ados conforme a normas internacionales y disponibles con <strong>env\u00edo internacional<\/strong>, adem\u00e1s de contar con soporte t\u00e9cnico completo de nuestro equipo de ingenier\u00eda.<\/p>\n<p>Las <strong>tuercas de fijaci\u00f3n<\/strong> se utilizan para posicionar los rodamientos en los ejes y asegurar su sujeci\u00f3n durante la operaci\u00f3n, mientras que las <strong>arandelas de seguridad<\/strong> o elementos de retenci\u00f3n evitan el aflojamiento involuntario. Los <strong>anillos fijos<\/strong> ayudan a mantener la posici\u00f3n axial en los alojamientos o ejes, garantizando estabilidad del rodamiento bajo cargas din\u00e1micas. Los <strong>manguitos de montaje<\/strong> y los <strong>manguitos de desmontaje<\/strong> permiten una instalaci\u00f3n y extracci\u00f3n sencilla de los rodamientos sobre ejes cil\u00edndricos, mejorando la mantenibilidad y reduciendo los tiempos de parada durante el mantenimiento.<\/p>\n<p>Nuestro cat\u00e1logo cubre una amplia gama de di\u00e1metros de eje y dise\u00f1os de alojamiento, e incluye accesorios con distintos tipos de rosca, tolerancias y materiales, como acero al carbono, acero inoxidable y acabados resistentes a la corrosi\u00f3n para entornos exigentes. Ya necesites dispositivos de bloqueo para motores de alta velocidad, manguitos para rodamientos con agujero c\u00f3nico o anillos de retenci\u00f3n para reductores de servicio pesado, suministramos el accesorio adecuado con precisi\u00f3n y durabilidad.<\/p>\n<p>Brindamos soporte en <strong>identificaci\u00f3n de n\u00fameros de parte, referencias cruzadas<\/strong> y recomendaciones basadas en tu configuraci\u00f3n mec\u00e1nica espec\u00edfica y par\u00e1metros operativos. Cada accesorio se selecciona para asegurar un ajuste perfecto con el conjunto del rodamiento, minimizando el riesgo de desalineaci\u00f3n, sobrecalentamiento o fallas prematuras.<\/p>\n<p>Explora nuestra oferta completa de accesorios para rodamientos y solicita hoy mismo una cotizaci\u00f3n. Nuestro equipo experimentado est\u00e1 listo para asistir a fabricantes OEM, departamentos de mantenimiento e integradores de sistemas industriales con soluciones confiables y entregas puntuales.<\/p>\n<p><strong>Solicita una cotizaci\u00f3n<\/strong> para accesorios de alto rendimiento que prolongan la vida \u00fatil y mejoran la eficiencia de tus sistemas de rodamientos \u2014 respaldados por conocimiento t\u00e9cnico y env\u00edo global.<\/p>\n\n\t\t\t<\/div>\n\n\t\t<\/div>\n\n\t<\/div>\n\n<\/section><\/div>\n\n\n\n<div class=\"wp-block-column is-layout-flow wp-block-column-is-layout-flow\"><div class=\"container\">\n\n\t<div class=\"row\">\n\n\t\t<div class=\"col-lg-12\">\n\n\t\t\t<div class=\"imagewrap\">\n\n\t\t\t\t<img decoding=\"async\" src=\"https:\/\/acoteq.com\/wp-content\/uploads\/2026\/03\/bearing-accessories-e1773672676377.png\" alt=\"\">\n\n\t\t\t\t\n\t\t\t<\/div>\n\n\t\t<\/div>\n\n\t<\/div>\n\n<\/div><\/div>\n<\/div>\n<\/div><\/div>\n","protected":false},"excerpt":{"rendered":"","protected":false},"author":1,"featured_media":3768,"parent":4166,"menu_order":0,"comment_status":"closed","ping_status":"closed","template":"","meta":{"_acf_changed":false,"footnotes":""},"class_list":["post-3767","page","type-page","status-publish","has-post-thumbnail","hentry"],"acf":[],"yoast_head":"<!-- This site is optimized with the Yoast SEO plugin v27.2 - https:\/\/yoast.com\/product\/yoast-seo-wordpress\/ -->\n<title>Accesorios para rodamientos | Repuestos mec\u00e1nicos | ACOTEQ<\/title>\n<meta name=\"description\" content=\"Accesorios para rodamientos, incluyendo manguitos, tuercas de fijaci\u00f3n y anillos de retenci\u00f3n. Env\u00edos a todo el mundo.\" \/>\n<meta name=\"robots\" content=\"index, follow, max-snippet:-1, max-image-preview:large, max-video-preview:-1\" \/>\n<link rel=\"canonical\" href=\"https:\/\/acoteq.com\/es\/repuestos\/repuestos-mecanicos\/rodamientos\/accesorios-para-rodamientos\/\" \/>\n<meta property=\"og:locale\" content=\"es_ES\" \/>\n<meta property=\"og:type\" content=\"article\" \/>\n<meta property=\"og:title\" content=\"Accesorios para rodamientos | Repuestos mec\u00e1nicos | ACOTEQ\" \/>\n<meta property=\"og:description\" content=\"Accesorios para rodamientos, incluyendo manguitos, tuercas de fijaci\u00f3n y anillos de retenci\u00f3n. Env\u00edos a todo el mundo.\" \/>\n<meta property=\"og:url\" content=\"https:\/\/acoteq.com\/es\/repuestos\/repuestos-mecanicos\/rodamientos\/accesorios-para-rodamientos\/\" \/>\n<meta property=\"og:site_name\" content=\"ACOTEQ\" \/>\n<meta property=\"article:modified_time\" content=\"2026-03-19T16:02:07+00:00\" \/>\n<meta property=\"og:image\" content=\"https:\/\/acoteq.com\/wp-content\/uploads\/2026\/02\/4-Bearing-Accessories-4-e1756284071944.png.webp\" \/>\n\t<meta property=\"og:image:width\" content=\"1460\" \/>\n\t<meta property=\"og:image:height\" content=\"1024\" \/>\n\t<meta property=\"og:image:type\" content=\"image\/webp\" \/>\n<meta name=\"twitter:card\" content=\"summary_large_image\" \/>\n<meta name=\"twitter:label1\" content=\"Tiempo de lectura\" \/>\n\t<meta name=\"twitter:data1\" content=\"1 minuto\" \/>\n<script type=\"application\/ld+json\" class=\"yoast-schema-graph\">{\"@context\":\"https:\/\/schema.org\",\"@graph\":[{\"@type\":\"WebPage\",\"@id\":\"https:\/\/acoteq.com\/es\/repuestos\/repuestos-mecanicos\/rodamientos\/accesorios-para-rodamientos\/\",\"url\":\"https:\/\/acoteq.com\/es\/repuestos\/repuestos-mecanicos\/rodamientos\/accesorios-para-rodamientos\/\",\"name\":\"Accesorios para rodamientos | Repuestos mec\u00e1nicos | ACOTEQ\",\"isPartOf\":{\"@id\":\"https:\/\/acoteq.com\/es\/#website\"},\"primaryImageOfPage\":{\"@id\":\"https:\/\/acoteq.com\/es\/repuestos\/repuestos-mecanicos\/rodamientos\/accesorios-para-rodamientos\/#primaryimage\"},\"image\":{\"@id\":\"https:\/\/acoteq.com\/es\/repuestos\/repuestos-mecanicos\/rodamientos\/accesorios-para-rodamientos\/#primaryimage\"},\"thumbnailUrl\":\"https:\/\/acoteq.com\/wp-content\/uploads\/2026\/02\/4-Bearing-Accessories-4-e1756284071944.png.webp\",\"datePublished\":\"2026-02-12T12:57:01+00:00\",\"dateModified\":\"2026-03-19T16:02:07+00:00\",\"description\":\"Accesorios para rodamientos, incluyendo manguitos, tuercas de fijaci\u00f3n y anillos de retenci\u00f3n. Env\u00edos a todo el mundo.\",\"breadcrumb\":{\"@id\":\"https:\/\/acoteq.com\/es\/repuestos\/repuestos-mecanicos\/rodamientos\/accesorios-para-rodamientos\/#breadcrumb\"},\"inLanguage\":\"es\",\"potentialAction\":[{\"@type\":\"ReadAction\",\"target\":[\"https:\/\/acoteq.com\/es\/repuestos\/repuestos-mecanicos\/rodamientos\/accesorios-para-rodamientos\/\"]}]},{\"@type\":\"ImageObject\",\"inLanguage\":\"es\",\"@id\":\"https:\/\/acoteq.com\/es\/repuestos\/repuestos-mecanicos\/rodamientos\/accesorios-para-rodamientos\/#primaryimage\",\"url\":\"https:\/\/acoteq.com\/wp-content\/uploads\/2026\/02\/4-Bearing-Accessories-4-e1756284071944.png.webp\",\"contentUrl\":\"https:\/\/acoteq.com\/wp-content\/uploads\/2026\/02\/4-Bearing-Accessories-4-e1756284071944.png.webp\",\"width\":1460,\"height\":1024},{\"@type\":\"BreadcrumbList\",\"@id\":\"https:\/\/acoteq.com\/es\/repuestos\/repuestos-mecanicos\/rodamientos\/accesorios-para-rodamientos\/#breadcrumb\",\"itemListElement\":[{\"@type\":\"ListItem\",\"position\":1,\"name\":\"Home\",\"item\":\"https:\/\/acoteq.com\/es\/\"},{\"@type\":\"ListItem\",\"position\":2,\"name\":\"Repuestos\",\"item\":\"https:\/\/acoteq.com\/es\/repuestos\/\"},{\"@type\":\"ListItem\",\"position\":3,\"name\":\"Repuestos Mec\u00e1nicos\",\"item\":\"https:\/\/acoteq.com\/es\/repuestos\/repuestos-mecanicos\/\"},{\"@type\":\"ListItem\",\"position\":4,\"name\":\"Rodamientos\",\"item\":\"https:\/\/acoteq.com\/es\/repuestos\/repuestos-mecanicos\/rodamientos\/\"},{\"@type\":\"ListItem\",\"position\":5,\"name\":\"Accesorios para rodamientos\"}]},{\"@type\":\"WebSite\",\"@id\":\"https:\/\/acoteq.com\/es\/#website\",\"url\":\"https:\/\/acoteq.com\/es\/\",\"name\":\"ACOTEQ\",\"description\":\"\",\"potentialAction\":[{\"@type\":\"SearchAction\",\"target\":{\"@type\":\"EntryPoint\",\"urlTemplate\":\"https:\/\/acoteq.com\/es\/?s={search_term_string}\"},\"query-input\":{\"@type\":\"PropertyValueSpecification\",\"valueRequired\":true,\"valueName\":\"search_term_string\"}}],\"inLanguage\":\"es\"}]}<\/script>\n<!-- \/ Yoast SEO plugin. -->","yoast_head_json":{"title":"Accesorios para rodamientos | Repuestos mec\u00e1nicos | ACOTEQ","description":"Accesorios para rodamientos, incluyendo manguitos, tuercas de fijaci\u00f3n y anillos de retenci\u00f3n. Env\u00edos a todo el mundo.","robots":{"index":"index","follow":"follow","max-snippet":"max-snippet:-1","max-image-preview":"max-image-preview:large","max-video-preview":"max-video-preview:-1"},"canonical":"https:\/\/acoteq.com\/es\/repuestos\/repuestos-mecanicos\/rodamientos\/accesorios-para-rodamientos\/","og_locale":"es_ES","og_type":"article","og_title":"Accesorios para rodamientos | Repuestos mec\u00e1nicos | ACOTEQ","og_description":"Accesorios para rodamientos, incluyendo manguitos, tuercas de fijaci\u00f3n y anillos de retenci\u00f3n. Env\u00edos a todo el mundo.","og_url":"https:\/\/acoteq.com\/es\/repuestos\/repuestos-mecanicos\/rodamientos\/accesorios-para-rodamientos\/","og_site_name":"ACOTEQ","article_modified_time":"2026-03-19T16:02:07+00:00","og_image":[{"width":1460,"height":1024,"url":"https:\/\/acoteq.com\/wp-content\/uploads\/2026\/02\/4-Bearing-Accessories-4-e1756284071944.png.webp","type":"image\/webp"}],"twitter_card":"summary_large_image","twitter_misc":{"Tiempo de lectura":"1 minuto"},"schema":{"@context":"https:\/\/schema.org","@graph":[{"@type":"WebPage","@id":"https:\/\/acoteq.com\/es\/repuestos\/repuestos-mecanicos\/rodamientos\/accesorios-para-rodamientos\/","url":"https:\/\/acoteq.com\/es\/repuestos\/repuestos-mecanicos\/rodamientos\/accesorios-para-rodamientos\/","name":"Accesorios para rodamientos | Repuestos mec\u00e1nicos | ACOTEQ","isPartOf":{"@id":"https:\/\/acoteq.com\/es\/#website"},"primaryImageOfPage":{"@id":"https:\/\/acoteq.com\/es\/repuestos\/repuestos-mecanicos\/rodamientos\/accesorios-para-rodamientos\/#primaryimage"},"image":{"@id":"https:\/\/acoteq.com\/es\/repuestos\/repuestos-mecanicos\/rodamientos\/accesorios-para-rodamientos\/#primaryimage"},"thumbnailUrl":"https:\/\/acoteq.com\/wp-content\/uploads\/2026\/02\/4-Bearing-Accessories-4-e1756284071944.png.webp","datePublished":"2026-02-12T12:57:01+00:00","dateModified":"2026-03-19T16:02:07+00:00","description":"Accesorios para rodamientos, incluyendo manguitos, tuercas de fijaci\u00f3n y anillos de retenci\u00f3n. Env\u00edos a todo el mundo.","breadcrumb":{"@id":"https:\/\/acoteq.com\/es\/repuestos\/repuestos-mecanicos\/rodamientos\/accesorios-para-rodamientos\/#breadcrumb"},"inLanguage":"es","potentialAction":[{"@type":"ReadAction","target":["https:\/\/acoteq.com\/es\/repuestos\/repuestos-mecanicos\/rodamientos\/accesorios-para-rodamientos\/"]}]},{"@type":"ImageObject","inLanguage":"es","@id":"https:\/\/acoteq.com\/es\/repuestos\/repuestos-mecanicos\/rodamientos\/accesorios-para-rodamientos\/#primaryimage","url":"https:\/\/acoteq.com\/wp-content\/uploads\/2026\/02\/4-Bearing-Accessories-4-e1756284071944.png.webp","contentUrl":"https:\/\/acoteq.com\/wp-content\/uploads\/2026\/02\/4-Bearing-Accessories-4-e1756284071944.png.webp","width":1460,"height":1024},{"@type":"BreadcrumbList","@id":"https:\/\/acoteq.com\/es\/repuestos\/repuestos-mecanicos\/rodamientos\/accesorios-para-rodamientos\/#breadcrumb","itemListElement":[{"@type":"ListItem","position":1,"name":"Home","item":"https:\/\/acoteq.com\/es\/"},{"@type":"ListItem","position":2,"name":"Repuestos","item":"https:\/\/acoteq.com\/es\/repuestos\/"},{"@type":"ListItem","position":3,"name":"Repuestos Mec\u00e1nicos","item":"https:\/\/acoteq.com\/es\/repuestos\/repuestos-mecanicos\/"},{"@type":"ListItem","position":4,"name":"Rodamientos","item":"https:\/\/acoteq.com\/es\/repuestos\/repuestos-mecanicos\/rodamientos\/"},{"@type":"ListItem","position":5,"name":"Accesorios para rodamientos"}]},{"@type":"WebSite","@id":"https:\/\/acoteq.com\/es\/#website","url":"https:\/\/acoteq.com\/es\/","name":"ACOTEQ","description":"","potentialAction":[{"@type":"SearchAction","target":{"@type":"EntryPoint","urlTemplate":"https:\/\/acoteq.com\/es\/?s={search_term_string}"},"query-input":{"@type":"PropertyValueSpecification","valueRequired":true,"valueName":"search_term_string"}}],"inLanguage":"es"}]}},"_links":{"self":[{"href":"https:\/\/acoteq.com\/es\/wp-json\/wp\/v2\/pages\/3767","targetHints":{"allow":["GET"]}}],"collection":[{"href":"https:\/\/acoteq.com\/es\/wp-json\/wp\/v2\/pages"}],"about":[{"href":"https:\/\/acoteq.com\/es\/wp-json\/wp\/v2\/types\/page"}],"author":[{"embeddable":true,"href":"https:\/\/acoteq.com\/es\/wp-json\/wp\/v2\/users\/1"}],"replies":[{"embeddable":true,"href":"https:\/\/acoteq.com\/es\/wp-json\/wp\/v2\/comments?post=3767"}],"version-history":[{"count":8,"href":"https:\/\/acoteq.com\/es\/wp-json\/wp\/v2\/pages\/3767\/revisions"}],"predecessor-version":[{"id":10179,"href":"https:\/\/acoteq.com\/es\/wp-json\/wp\/v2\/pages\/3767\/revisions\/10179"}],"up":[{"embeddable":true,"href":"https:\/\/acoteq.com\/es\/wp-json\/wp\/v2\/pages\/4166"}],"wp:featuredmedia":[{"embeddable":true,"href":"https:\/\/acoteq.com\/es\/wp-json\/wp\/v2\/media\/3768"}],"wp:attachment":[{"href":"https:\/\/acoteq.com\/es\/wp-json\/wp\/v2\/media?parent=3767"}],"curies":[{"name":"wp","href":"https:\/\/api.w.org\/{rel}","templated":true}]}}