{"id":3963,"date":"2026-02-12T13:43:14","date_gmt":"2026-02-12T12:43:14","guid":{"rendered":"https:\/\/acoteq.com\/drives\/"},"modified":"2026-03-18T12:52:07","modified_gmt":"2026-03-18T11:52:07","slug":"accionamientos","status":"publish","type":"page","link":"https:\/\/acoteq.com\/es\/repuestos\/repuestos-electricos\/accionamientos\/","title":{"rendered":"Accionamientos\u00a0(Drives)"},"content":{"rendered":"<section class=\"cta\">\n\t\n\t<div class=\"container\">\n\n\t\t<div class=\"row\">\n\n\t\t\t<div class=\"col-lg-12\">\n\n\t\t\t\t<div class=\"cta_inner\">\n\n\t\t\t\t\t<div>\n\n\t\t\t\t\t\t<span class=\"pre_headline\"><i class=\"fas fa-search\"><\/i>&nbsp;Expertos en abastecimiento global<\/span>\n\n\t\t\t\t\t\t<p><strong>\u00bf<em>No encuentra<\/em> su repuesto?<\/strong><\/p>\n<p>Nuestro cat\u00e1logo en l\u00ednea muestra solo el 5% de nuestra capacidad de suministro.<br \/>\n<strong>Deje que nuestros expertos encuentren exactamente lo que necesita.<\/strong><\/p>\n\n\t\t\t\t\t<\/div>\n\n\t\t\t\t\t<div>\n\n\t\t\t\t\t\t\n\t\t\t\t\t\t\t<a class=\"button light\" href=\"#contact\" target=\"\">Solicitar una cotizaci\u00f3n&nbsp;<i class=\"fas fa-arrow-right\"><\/i><\/a>\n\n\t\t\t\t\t\t\n\t\t\t\t\t<\/div>\n\n\t\t\t\t\t<i class=\"fas fa-times close_cta\"><\/i>\n\n\t\t\t\t<\/div>\n\n\t\t\t<\/div>\n\n\t\t<\/div>\n\n\t<\/div>\n\n<\/section>\n\n\n<div style=\"height:75px\" aria-hidden=\"true\" class=\"wp-block-spacer\"><\/div>\n\n\n<div class=\"yoast-breadcrumbs\"><span><span><a href=\"https:\/\/acoteq.com\/es\/\"><i class=\"fas fa-home\">Home<\/i><\/a><\/span> \/ <span><a href=\"https:\/\/acoteq.com\/es\/repuestos\/\">Repuestos<\/a><\/span> \/ <span><a href=\"https:\/\/acoteq.com\/es\/repuestos\/repuestos-electricos\/\">Repuestos El\u00e9ctricos<\/a><\/span> \/ <span class=\"breadcrumb_last\" aria-current=\"page\">Accionamientos\u00a0(Drives)<\/span><\/span><\/div>\n\n\n<div class=\"wp-block-group has-white-background-color has-text-color has-background has-link-color wp-elements-6f0df0948d3f4e00156c3db1032c6ee6\" style=\"color:#0e3770\"><div class=\"wp-block-group__inner-container is-layout-constrained wp-block-group-is-layout-constrained\"><section class=\"headline align-left \">\n\t\n\t<div class=\"container\">\n\n\t\t<div class=\"row\">\n\n\t\t\t<div class=\"col-lg-12\">\n\n\t\t\t\t<div class=\"headline_wrapper\">\n\n\t\t\t\t\t<h1><strong>Accionamientos<\/strong><\/h1>\n\n\t\t\t\t\t\n\t\t\t\t<\/div>\n\n\t\t\t<\/div>\n\n\t\t<\/div>\n\n\t<\/div>\n\n<\/section>\n\n\n<div style=\"height:50px\" aria-hidden=\"true\" class=\"wp-block-spacer\"><\/div>\n\n\n<section class=\"cards\">\n\t\n\t<div class=\"container\">\n\n\t\t<div class=\"row\">\n\n\t\t\t\n\t\t\t\t\n\t\t\t\t\t<div class=\"col-lg-4 col-md-6 card_single\">\n\n\t\t\t\t\t\t\n\t\t\t\t\t\t<div class=\"card_inner\">\n\n\t\t\t\t\t\t\t\t\t\t\t\t\t\t\t<a href=\"https:\/\/acoteq.com\/es\/repuestos\/repuestos-electricos\/accionamientos\/accionamientos-de-ca-ac-drives\/\">\n\t\t\t\t\t\t\t\t\t<img decoding=\"async\" width=\"640\" height=\"426\" src=\"https:\/\/acoteq.com\/wp-content\/uploads\/2026\/02\/1-AC-Drives-1.jpeg-1024x682.webp\" class=\"attachment-large size-large wp-post-image\" alt=\"Category image\" loading=\"lazy\" srcset=\"https:\/\/acoteq.com\/wp-content\/uploads\/2026\/02\/1-AC-Drives-1.jpeg-1024x682.webp 1024w, https:\/\/acoteq.com\/wp-content\/uploads\/2026\/02\/1-AC-Drives-1.jpeg-300x200.webp 300w, https:\/\/acoteq.com\/wp-content\/uploads\/2026\/02\/1-AC-Drives-1.jpeg-768x511.webp 768w, https:\/\/acoteq.com\/wp-content\/uploads\/2026\/02\/1-AC-Drives-1.jpeg-1536x1023.webp 1536w, https:\/\/acoteq.com\/wp-content\/uploads\/2026\/02\/1-AC-Drives-1.jpeg-2048x1364.webp 2048w\" sizes=\"auto, (max-width: 640px) 100vw, 640px\" \/>\t\t\t\t\t\t\t\t<\/a>\n\t\t\t\t\t\t\t\t\n\n\t\t\t\t\t\t\t<div class=\"card_information\">\t\n\n\t\t\t\t\t\t\t\t<div>\n\n\t\t\t\t\t\t\t\t\t<h3>\n\t\t\t\t\t\t\t\t\t\t<a href=\"https:\/\/acoteq.com\/es\/repuestos\/repuestos-electricos\/accionamientos\/accionamientos-de-ca-ac-drives\/\">\n\t\t\t\t\t\t\t\t\t\t\t<b>Accionamientos<\/b> de CA (AC Drives)\t\t\t\t\t\t\t\t\t\t\t\n\t\t\t\t\t\t\t\t\t\t<\/a>\n\t\t\t\t\t\t\t\t\t<\/h3>\n\n\t\t\t\t\t\t\t\t\t\t\t\n\n\t\t\t\t\t\t\t\t<\/div>\t\n\n\t\t\t\t\t\t\t\t<div class=\"cards_linkwrap\">\n\n\t\t\t\t\t\t\t\t\t\t\t\t\t\t\t\t\t\t\t\n\t\t\t\t\t\t\t\t\t\t<a href=\"https:\/\/acoteq.com\/es\/repuestos\/repuestos-electricos\/accionamientos\/accionamientos-de-ca-ac-drives\/\">\n\t\t\t\t\t\t\t\t\t\t\tVer categor\u00eda&nbsp;<i class=\"fas fa-arrow-right\"><\/i>\n\t\t\t\t\t\t\t\t\t\t<\/a>\t\t\t\t\t\t\t\t\t\t\n\n\t\t\t\t\t\t\t\t\t\t\t\t\t\n\n\t\t\t\t\t\t\t\t<\/div>\t\t\t\t\t\t\t\t\t\t\t\t\t\t\t\n\n\t\t\t\t\t\t\t<\/div>\n\n\t\t\t\t\t\t<\/div>\n\n\t\t\t\t\t<\/div>\n\n\t\t\t\t\n\t\t\t\t\t<div class=\"col-lg-4 col-md-6 card_single\">\n\n\t\t\t\t\t\t\n\t\t\t\t\t\t<div class=\"card_inner\">\n\n\t\t\t\t\t\t\t\t\t\t\t\t\t\t\t<a href=\"https:\/\/acoteq.com\/es\/repuestos\/repuestos-electricos\/accionamientos\/accionamientos-de-cc-dc-drives\/\">\n\t\t\t\t\t\t\t\t\t<img decoding=\"async\" width=\"640\" height=\"442\" src=\"https:\/\/acoteq.com\/wp-content\/uploads\/2026\/02\/2-DC-Drives-1.jpeg-1024x707.webp\" class=\"attachment-large size-large wp-post-image\" alt=\"Category image\" loading=\"lazy\" srcset=\"https:\/\/acoteq.com\/wp-content\/uploads\/2026\/02\/2-DC-Drives-1.jpeg-1024x707.webp 1024w, https:\/\/acoteq.com\/wp-content\/uploads\/2026\/02\/2-DC-Drives-1.jpeg-300x207.webp 300w, https:\/\/acoteq.com\/wp-content\/uploads\/2026\/02\/2-DC-Drives-1.jpeg-768x530.webp 768w, https:\/\/acoteq.com\/wp-content\/uploads\/2026\/02\/2-DC-Drives-1.jpeg-1536x1060.webp 1536w, https:\/\/acoteq.com\/wp-content\/uploads\/2026\/02\/2-DC-Drives-1.jpeg-2048x1414.webp 2048w\" sizes=\"auto, (max-width: 640px) 100vw, 640px\" \/>\t\t\t\t\t\t\t\t<\/a>\n\t\t\t\t\t\t\t\t\n\n\t\t\t\t\t\t\t<div class=\"card_information\">\t\n\n\t\t\t\t\t\t\t\t<div>\n\n\t\t\t\t\t\t\t\t\t<h3>\n\t\t\t\t\t\t\t\t\t\t<a href=\"https:\/\/acoteq.com\/es\/repuestos\/repuestos-electricos\/accionamientos\/accionamientos-de-cc-dc-drives\/\">\n\t\t\t\t\t\t\t\t\t\t\t<b>Accionamientos<\/b> de corriente continua (DC Drives)\t\t\t\t\t\t\t\t\t\t\t\n\t\t\t\t\t\t\t\t\t\t<\/a>\n\t\t\t\t\t\t\t\t\t<\/h3>\n\n\t\t\t\t\t\t\t\t\t\t\t\n\n\t\t\t\t\t\t\t\t<\/div>\t\n\n\t\t\t\t\t\t\t\t<div class=\"cards_linkwrap\">\n\n\t\t\t\t\t\t\t\t\t\t\t\t\t\t\t\t\t\t\t\n\t\t\t\t\t\t\t\t\t\t<a href=\"https:\/\/acoteq.com\/es\/repuestos\/repuestos-electricos\/accionamientos\/accionamientos-de-cc-dc-drives\/\">\n\t\t\t\t\t\t\t\t\t\t\tVer categor\u00eda&nbsp;<i class=\"fas fa-arrow-right\"><\/i>\n\t\t\t\t\t\t\t\t\t\t<\/a>\t\t\t\t\t\t\t\t\t\t\n\n\t\t\t\t\t\t\t\t\t\t\t\t\t\n\n\t\t\t\t\t\t\t\t<\/div>\t\t\t\t\t\t\t\t\t\t\t\t\t\t\t\n\n\t\t\t\t\t\t\t<\/div>\n\n\t\t\t\t\t\t<\/div>\n\n\t\t\t\t\t<\/div>\n\n\t\t\t\t\n\t\t\t\t\t<div class=\"col-lg-4 col-md-6 card_single\">\n\n\t\t\t\t\t\t\n\t\t\t\t\t\t<div class=\"card_inner\">\n\n\t\t\t\t\t\t\t\t\t\t\t\t\t\t\t<a href=\"https:\/\/acoteq.com\/es\/repuestos\/repuestos-electricos\/accionamientos\/accionamientos-servo-drives\/\">\n\t\t\t\t\t\t\t\t\t<img decoding=\"async\" width=\"640\" height=\"398\" src=\"https:\/\/acoteq.com\/wp-content\/uploads\/2026\/02\/3-Servo-Drives-1-e1758532465903.jpeg-1024x636.webp\" class=\"attachment-large size-large wp-post-image\" alt=\"Category image\" loading=\"lazy\" srcset=\"https:\/\/acoteq.com\/wp-content\/uploads\/2026\/02\/3-Servo-Drives-1-e1758532465903.jpeg-1024x636.webp 1024w, https:\/\/acoteq.com\/wp-content\/uploads\/2026\/02\/3-Servo-Drives-1-e1758532465903.jpeg-300x186.webp 300w, https:\/\/acoteq.com\/wp-content\/uploads\/2026\/02\/3-Servo-Drives-1-e1758532465903.jpeg-768x477.webp 768w, https:\/\/acoteq.com\/wp-content\/uploads\/2026\/02\/3-Servo-Drives-1-e1758532465903.jpeg-1536x955.webp 1536w, https:\/\/acoteq.com\/wp-content\/uploads\/2026\/02\/3-Servo-Drives-1-e1758532465903.jpeg-2048x1273.webp 2048w\" sizes=\"auto, (max-width: 640px) 100vw, 640px\" \/>\t\t\t\t\t\t\t\t<\/a>\n\t\t\t\t\t\t\t\t\n\n\t\t\t\t\t\t\t<div class=\"card_information\">\t\n\n\t\t\t\t\t\t\t\t<div>\n\n\t\t\t\t\t\t\t\t\t<h3>\n\t\t\t\t\t\t\t\t\t\t<a href=\"https:\/\/acoteq.com\/es\/repuestos\/repuestos-electricos\/accionamientos\/accionamientos-servo-drives\/\">\n\t\t\t\t\t\t\t\t\t\t\t<b>Accionamientos<\/b> servo (Servo Drives)\t\t\t\t\t\t\t\t\t\t\t\n\t\t\t\t\t\t\t\t\t\t<\/a>\n\t\t\t\t\t\t\t\t\t<\/h3>\n\n\t\t\t\t\t\t\t\t\t\t\t\n\n\t\t\t\t\t\t\t\t<\/div>\t\n\n\t\t\t\t\t\t\t\t<div class=\"cards_linkwrap\">\n\n\t\t\t\t\t\t\t\t\t\t\t\t\t\t\t\t\t\t\t\n\t\t\t\t\t\t\t\t\t\t<a href=\"https:\/\/acoteq.com\/es\/repuestos\/repuestos-electricos\/accionamientos\/accionamientos-servo-drives\/\">\n\t\t\t\t\t\t\t\t\t\t\tVer categor\u00eda&nbsp;<i class=\"fas fa-arrow-right\"><\/i>\n\t\t\t\t\t\t\t\t\t\t<\/a>\t\t\t\t\t\t\t\t\t\t\n\n\t\t\t\t\t\t\t\t\t\t\t\t\t\n\n\t\t\t\t\t\t\t\t<\/div>\t\t\t\t\t\t\t\t\t\t\t\t\t\t\t\n\n\t\t\t\t\t\t\t<\/div>\n\n\t\t\t\t\t\t<\/div>\n\n\t\t\t\t\t<\/div>\n\n\t\t\t\t\t\t\t\n\n\t\t\t\t\t\t\n\n\t\t<\/div>\n\n\t<\/div>\n\n<\/section>\n<\/div><\/div>\n\n\n\n<div class=\"wp-block-group has-white-color has-text-color has-background has-link-color wp-elements-86d3271ff418d62ec439e9c326097ce9\" style=\"background-color:#051c3c\"><div class=\"wp-block-group__inner-container is-layout-constrained wp-block-group-is-layout-constrained\"><section class=\"process\">\n\t\n\t<div class=\"container\">\n\n\t\t<div class=\"row\">\n\n\t\t\t<div class=\"col-lg-4\">\n\n\t\t\t\t<section class=\"headline\">\n\t\t\t\t\t\n\t\t\t\t\t<div class=\"container\">\n\n\t\t\t\t\t\t<div class=\"row\">\n\n\t\t\t\t\t\t\t<div class=\"col-lg-12 p-0\">\n\n\t\t\t\t\t\t\t\t<div class=\"headline_wrapper\">\n\n\t\t\t\t\t\t\t\t\t<h2><em>C\u00f3mo funciona <\/em><strong><span style=\"color: #c7d300;\">SOLICITE SU COTIZACI\u00d3N<\/span><\/strong><strong>f\u00e1cilmente<\/strong><\/h2>\n\n\t\t\t\t\t\t\t\t<\/div>\n\n\t\t\t\t\t\t\t<\/div>\n\n\t\t\t\t\t\t<\/div>\n\n\t\t\t\t\t<\/div>\n\n\t\t\t\t<\/section>\t\t\t\t\n\n\t\t\t<\/div>\n\n\t\t\t<div class=\"col-lg-8 process_steps\">\n\n\t\t\t\t<div class=\"process_steps_inner\">\n\n\t\t\t\t\t\n\t\t\t\t\t\t\t<div class=\"step_single\">\n\n\t\t\t\t\t\t\t\t<div class=\"step_icon\">\n\n\t\t\t\t\t\t\t\t\t<img decoding=\"async\" src=\"https:\/\/acoteq.com\/wp-content\/uploads\/2026\/02\/icons8_document.svg\" alt=\"\">\n\n\t\t\t\t\t\t\t\t<\/div>\n\n\t\t\t\t\t\t\t\t<div class=\"step_information\">\n\n\t\t\t\t\t\t\t\t\t<strong>1. Identifique su pieza<\/strong>\n\n\t\t\t\t\t\t\t\t\t<span>Datos del fabricante, n\u00famero de pieza o una foto. Eso es todo lo que necesitamos.<\/span>\n\n\t\t\t\t\t\t\t\t<\/div>\t\t\t\t\t\t\n\n\t\t\t\t\t\t\t<\/div>\n\n\t\t\t\t\t\t\n\t\t\t\t\t\t\t<div class=\"step_single\">\n\n\t\t\t\t\t\t\t\t<div class=\"step_icon\">\n\n\t\t\t\t\t\t\t\t\t<img decoding=\"async\" src=\"https:\/\/acoteq.com\/wp-content\/uploads\/2026\/02\/Vector.svg\" alt=\"\">\n\n\t\t\t\t\t\t\t\t<\/div>\n\n\t\t\t\t\t\t\t\t<div class=\"step_information\">\n\n\t\t\t\t\t\t\t\t\t<strong>2. Env\u00ede su solicitud<\/strong>\n\n\t\t\t\t\t\t\t\t\t<span>Env\u00ede los detalles a trav\u00e9s de nuestro formulario de contacto, correo electr\u00f3nico, Teams o WhatsApp.<\/span>\n\n\t\t\t\t\t\t\t\t<\/div>\t\t\t\t\t\t\n\n\t\t\t\t\t\t\t<\/div>\n\n\t\t\t\t\t\t\n\t\t\t\t\t\t\t<div class=\"step_single\">\n\n\t\t\t\t\t\t\t\t<div class=\"step_icon\">\n\n\t\t\t\t\t\t\t\t\t<img decoding=\"async\" src=\"https:\/\/acoteq.com\/wp-content\/uploads\/2026\/02\/gg_check-o.svg\" alt=\"\">\n\n\t\t\t\t\t\t\t\t<\/div>\n\n\t\t\t\t\t\t\t\t<div class=\"step_information\">\n\n\t\t\t\t\t\t\t\t\t<strong>3. Reciba su cotizaci\u00f3n<\/strong>\n\n\t\t\t\t\t\t\t\t\t<span>Le enviaremos una cotizaci\u00f3n tan r\u00e1pido como nuestra red de suministro lo permita.<\/span>\n\n\t\t\t\t\t\t\t\t<\/div>\t\t\t\t\t\t\n\n\t\t\t\t\t\t\t<\/div>\n\n\t\t\t\t\t\t\t\t\t\t\t\n\n\t\t\t\t<\/div>\n\n\t\t\t<\/div>\n\n\t\t<\/div>\n\n\t<\/div>\n\n<\/section><\/div><\/div>\n\n\n\n<div class=\"wp-block-group has-white-background-color has-text-color has-background has-link-color wp-elements-e949fb9be00cffb16e236e58410c9029\" style=\"color:#0e3770\"><div class=\"wp-block-group__inner-container is-layout-constrained wp-block-group-is-layout-constrained\"><section class=\"headline align-left \">\n\t\n\t<div class=\"container\">\n\n\t\t<div class=\"row\">\n\n\t\t\t<div class=\"col-lg-12\">\n\n\t\t\t\t<div class=\"headline_wrapper\">\n\n\t\t\t\t\t<h1><strong>\u00bfQu\u00e9 accionamientos<\/strong> ofrecen?<\/h1>\n\n\t\t\t\t\t\n\t\t\t\t<\/div>\n\n\t\t\t<\/div>\n\n\t\t<\/div>\n\n\t<\/div>\n\n<\/section>\n\n\n<div style=\"height:15px\" aria-hidden=\"true\" class=\"wp-block-spacer\"><\/div>\n\n\n\n<div class=\"wp-block-columns is-layout-flex wp-container-core-columns-is-layout-9d6595d7 wp-block-columns-is-layout-flex\">\n<div class=\"wp-block-column is-layout-flow wp-block-column-is-layout-flow\"><section class=\"text \">\n\t\n\t<div class=\"container\">\n\n\t\t<div class=\"row\">\n\n\t\t\t<div class=\"col-lg-12\">\n\n\t\t\t\t<p>Los <strong>drives<\/strong> son componentes esenciales en los sistemas de automatizaci\u00f3n y control de movimiento, ya que permiten regular con precisi\u00f3n la velocidad, el par y la posici\u00f3n de los motores. Al convertir y controlar la energ\u00eda el\u00e9ctrica, los drives optimizan el rendimiento de las m\u00e1quinas, reducen el consumo energ\u00e9tico y prolongan la vida \u00fatil del equipo. Se utilizan ampliamente en sectores como manufactura, rob\u00f3tica, envasado, HVAC y procesos industriales donde el control confiable del motor es fundamental.<\/p>\n<p>Los principales tipos de <strong>drives industriales<\/strong> incluyen los <strong>drives de corriente alterna (AC drives o VFDs)<\/strong>, que controlan motores de CA en aplicaciones que requieren velocidad variable y eficiencia energ\u00e9tica; los <strong>drives de corriente continua (DC drives)<\/strong>, ideales para control preciso de par y velocidad en procesos exigentes; y los <strong>servo drives<\/strong>, dise\u00f1ados para control de movimiento de alto rendimiento con retroalimentaci\u00f3n, utilizados en rob\u00f3tica, m\u00e1quinas CNC y sistemas de posicionamiento automatizado.<\/p>\n<p>Suministramos <strong>drives<\/strong> compatibles con los principales fabricantes, incluidos <strong>Siemens, ABB, Schneider Electric, Rockwell Automation (Allen-Bradley), Mitsubishi, Parker (antes SSD\/Eurotherm), Fuji, Yaskawa<\/strong> y <strong>Danfoss<\/strong>. Nuestra oferta cubre una amplia gama de potencias, protocolos de comunicaci\u00f3n (Ethernet\/IP, Profibus, Modbus, Profinet) y funciones de seguridad (Safe Torque Off, Safe Stop, freno integrado). Contamos con modelos compactos para m\u00e1quinas peque\u00f1as y unidades de alta potencia para motores industriales pesados.<\/p>\n<p>Las especificaciones t\u00e9cnicas incluyen <strong>rango de tensi\u00f3n de entrada, frecuencia de salida, capacidad de potencia (kW\/HP), modos de control (V\/f, vectorial, servo)<\/strong> y <strong>niveles de protecci\u00f3n (IP20, IP54, IP65)<\/strong>. Estos par\u00e1metros garantizan una correcta selecci\u00f3n para aplicaciones que van desde sistemas transportadores y bombas hasta rob\u00f3tica avanzada y automatizaci\u00f3n multieje.<\/p>\n<p>Explora nuestra gama completa de <strong>drives industriales<\/strong> para lograr un control preciso del motor, reducir costos operativos y mejorar la confiabilidad en entornos de automatizaci\u00f3n y producci\u00f3n.<\/p>\n\n\t\t\t<\/div>\n\n\t\t<\/div>\n\n\t<\/div>\n\n<\/section><\/div>\n\n\n\n<div class=\"wp-block-column is-layout-flow wp-block-column-is-layout-flow\"><div class=\"container\">\n\n\t<div class=\"row\">\n\n\t\t<div class=\"col-lg-12\">\n\n\t\t\t<div class=\"imagewrap\">\n\n\t\t\t\t<img decoding=\"async\" src=\"https:\/\/acoteq.com\/wp-content\/uploads\/2026\/03\/drives-e1773743509966.png\" alt=\"\">\n\n\t\t\t\t\n\t\t\t<\/div>\n\n\t\t<\/div>\n\n\t<\/div>\n\n<\/div><\/div>\n<\/div>\n<\/div><\/div>\n","protected":false},"excerpt":{"rendered":"","protected":false},"author":1,"featured_media":3964,"parent":4064,"menu_order":0,"comment_status":"closed","ping_status":"closed","template":"","meta":{"_acf_changed":false,"footnotes":""},"class_list":["post-3963","page","type-page","status-publish","has-post-thumbnail","hentry"],"acf":[],"yoast_head":"<!-- This site is optimized with the Yoast SEO plugin v27.4 - https:\/\/yoast.com\/product\/yoast-seo-wordpress\/ -->\n<title>Accionamientos (Drives) | Repuestos El\u00e9ctricos | ACOTEQ<\/title>\n<meta name=\"description\" content=\"Drives industriales, precisos, eficientes y compatibles, para control de motores y automatizaci\u00f3n, con soporte t\u00e9cnico y env\u00edo internacional.\" \/>\n<meta name=\"robots\" content=\"index, follow, max-snippet:-1, max-image-preview:large, max-video-preview:-1\" \/>\n<link rel=\"canonical\" href=\"https:\/\/acoteq.com\/es\/repuestos\/repuestos-electricos\/accionamientos\/\" \/>\n<meta property=\"og:locale\" content=\"es_ES\" \/>\n<meta property=\"og:type\" content=\"article\" \/>\n<meta property=\"og:title\" content=\"Accionamientos (Drives) | Repuestos El\u00e9ctricos | ACOTEQ\" \/>\n<meta property=\"og:description\" content=\"Drives industriales, precisos, eficientes y compatibles, para control de motores y automatizaci\u00f3n, con soporte t\u00e9cnico y env\u00edo internacional.\" \/>\n<meta property=\"og:url\" content=\"https:\/\/acoteq.com\/es\/repuestos\/repuestos-electricos\/accionamientos\/\" \/>\n<meta property=\"og:site_name\" content=\"ACOTEQ\" \/>\n<meta property=\"article:modified_time\" content=\"2026-03-18T11:52:07+00:00\" \/>\n<meta property=\"og:image\" content=\"https:\/\/acoteq.com\/wp-content\/uploads\/2026\/02\/0-Drives-1.png.webp\" \/>\n\t<meta property=\"og:image:width\" content=\"2244\" \/>\n\t<meta property=\"og:image:height\" content=\"1492\" \/>\n\t<meta property=\"og:image:type\" content=\"image\/webp\" \/>\n<meta name=\"twitter:card\" content=\"summary_large_image\" \/>\n<meta name=\"twitter:label1\" content=\"Tiempo de lectura\" \/>\n\t<meta name=\"twitter:data1\" content=\"1 minuto\" \/>\n<script type=\"application\/ld+json\" class=\"yoast-schema-graph\">{\"@context\":\"https:\\\/\\\/schema.org\",\"@graph\":[{\"@type\":\"WebPage\",\"@id\":\"https:\\\/\\\/acoteq.com\\\/es\\\/repuestos\\\/repuestos-electricos\\\/accionamientos\\\/\",\"url\":\"https:\\\/\\\/acoteq.com\\\/es\\\/repuestos\\\/repuestos-electricos\\\/accionamientos\\\/\",\"name\":\"Accionamientos (Drives) | Repuestos El\u00e9ctricos | ACOTEQ\",\"isPartOf\":{\"@id\":\"https:\\\/\\\/acoteq.com\\\/es\\\/#website\"},\"primaryImageOfPage\":{\"@id\":\"https:\\\/\\\/acoteq.com\\\/es\\\/repuestos\\\/repuestos-electricos\\\/accionamientos\\\/#primaryimage\"},\"image\":{\"@id\":\"https:\\\/\\\/acoteq.com\\\/es\\\/repuestos\\\/repuestos-electricos\\\/accionamientos\\\/#primaryimage\"},\"thumbnailUrl\":\"https:\\\/\\\/acoteq.com\\\/wp-content\\\/uploads\\\/2026\\\/02\\\/0-Drives-1.png.webp\",\"datePublished\":\"2026-02-12T12:43:14+00:00\",\"dateModified\":\"2026-03-18T11:52:07+00:00\",\"description\":\"Drives industriales, precisos, eficientes y compatibles, para control de motores y automatizaci\u00f3n, con soporte t\u00e9cnico y env\u00edo internacional.\",\"breadcrumb\":{\"@id\":\"https:\\\/\\\/acoteq.com\\\/es\\\/repuestos\\\/repuestos-electricos\\\/accionamientos\\\/#breadcrumb\"},\"inLanguage\":\"es\",\"potentialAction\":[{\"@type\":\"ReadAction\",\"target\":[\"https:\\\/\\\/acoteq.com\\\/es\\\/repuestos\\\/repuestos-electricos\\\/accionamientos\\\/\"]}]},{\"@type\":\"ImageObject\",\"inLanguage\":\"es\",\"@id\":\"https:\\\/\\\/acoteq.com\\\/es\\\/repuestos\\\/repuestos-electricos\\\/accionamientos\\\/#primaryimage\",\"url\":\"https:\\\/\\\/acoteq.com\\\/wp-content\\\/uploads\\\/2026\\\/02\\\/0-Drives-1.png.webp\",\"contentUrl\":\"https:\\\/\\\/acoteq.com\\\/wp-content\\\/uploads\\\/2026\\\/02\\\/0-Drives-1.png.webp\",\"width\":2244,\"height\":1492},{\"@type\":\"BreadcrumbList\",\"@id\":\"https:\\\/\\\/acoteq.com\\\/es\\\/repuestos\\\/repuestos-electricos\\\/accionamientos\\\/#breadcrumb\",\"itemListElement\":[{\"@type\":\"ListItem\",\"position\":1,\"name\":\"Home\",\"item\":\"https:\\\/\\\/acoteq.com\\\/es\\\/\"},{\"@type\":\"ListItem\",\"position\":2,\"name\":\"Repuestos\",\"item\":\"https:\\\/\\\/acoteq.com\\\/es\\\/repuestos\\\/\"},{\"@type\":\"ListItem\",\"position\":3,\"name\":\"Repuestos El\u00e9ctricos\",\"item\":\"https:\\\/\\\/acoteq.com\\\/es\\\/repuestos\\\/repuestos-electricos\\\/\"},{\"@type\":\"ListItem\",\"position\":4,\"name\":\"Accionamientos\u00a0(Drives)\"}]},{\"@type\":\"WebSite\",\"@id\":\"https:\\\/\\\/acoteq.com\\\/es\\\/#website\",\"url\":\"https:\\\/\\\/acoteq.com\\\/es\\\/\",\"name\":\"ACOTEQ\",\"description\":\"\",\"potentialAction\":[{\"@type\":\"SearchAction\",\"target\":{\"@type\":\"EntryPoint\",\"urlTemplate\":\"https:\\\/\\\/acoteq.com\\\/es\\\/?s={search_term_string}\"},\"query-input\":{\"@type\":\"PropertyValueSpecification\",\"valueRequired\":true,\"valueName\":\"search_term_string\"}}],\"inLanguage\":\"es\"}]}<\/script>\n<!-- \/ Yoast SEO plugin. -->","yoast_head_json":{"title":"Accionamientos (Drives) | Repuestos El\u00e9ctricos | ACOTEQ","description":"Drives industriales, precisos, eficientes y compatibles, para control de motores y automatizaci\u00f3n, con soporte t\u00e9cnico y env\u00edo internacional.","robots":{"index":"index","follow":"follow","max-snippet":"max-snippet:-1","max-image-preview":"max-image-preview:large","max-video-preview":"max-video-preview:-1"},"canonical":"https:\/\/acoteq.com\/es\/repuestos\/repuestos-electricos\/accionamientos\/","og_locale":"es_ES","og_type":"article","og_title":"Accionamientos (Drives) | Repuestos El\u00e9ctricos | ACOTEQ","og_description":"Drives industriales, precisos, eficientes y compatibles, para control de motores y automatizaci\u00f3n, con soporte t\u00e9cnico y env\u00edo internacional.","og_url":"https:\/\/acoteq.com\/es\/repuestos\/repuestos-electricos\/accionamientos\/","og_site_name":"ACOTEQ","article_modified_time":"2026-03-18T11:52:07+00:00","og_image":[{"width":2244,"height":1492,"url":"https:\/\/acoteq.com\/wp-content\/uploads\/2026\/02\/0-Drives-1.png.webp","type":"image\/webp"}],"twitter_card":"summary_large_image","twitter_misc":{"Tiempo de lectura":"1 minuto"},"schema":{"@context":"https:\/\/schema.org","@graph":[{"@type":"WebPage","@id":"https:\/\/acoteq.com\/es\/repuestos\/repuestos-electricos\/accionamientos\/","url":"https:\/\/acoteq.com\/es\/repuestos\/repuestos-electricos\/accionamientos\/","name":"Accionamientos (Drives) | Repuestos El\u00e9ctricos | ACOTEQ","isPartOf":{"@id":"https:\/\/acoteq.com\/es\/#website"},"primaryImageOfPage":{"@id":"https:\/\/acoteq.com\/es\/repuestos\/repuestos-electricos\/accionamientos\/#primaryimage"},"image":{"@id":"https:\/\/acoteq.com\/es\/repuestos\/repuestos-electricos\/accionamientos\/#primaryimage"},"thumbnailUrl":"https:\/\/acoteq.com\/wp-content\/uploads\/2026\/02\/0-Drives-1.png.webp","datePublished":"2026-02-12T12:43:14+00:00","dateModified":"2026-03-18T11:52:07+00:00","description":"Drives industriales, precisos, eficientes y compatibles, para control de motores y automatizaci\u00f3n, con soporte t\u00e9cnico y env\u00edo internacional.","breadcrumb":{"@id":"https:\/\/acoteq.com\/es\/repuestos\/repuestos-electricos\/accionamientos\/#breadcrumb"},"inLanguage":"es","potentialAction":[{"@type":"ReadAction","target":["https:\/\/acoteq.com\/es\/repuestos\/repuestos-electricos\/accionamientos\/"]}]},{"@type":"ImageObject","inLanguage":"es","@id":"https:\/\/acoteq.com\/es\/repuestos\/repuestos-electricos\/accionamientos\/#primaryimage","url":"https:\/\/acoteq.com\/wp-content\/uploads\/2026\/02\/0-Drives-1.png.webp","contentUrl":"https:\/\/acoteq.com\/wp-content\/uploads\/2026\/02\/0-Drives-1.png.webp","width":2244,"height":1492},{"@type":"BreadcrumbList","@id":"https:\/\/acoteq.com\/es\/repuestos\/repuestos-electricos\/accionamientos\/#breadcrumb","itemListElement":[{"@type":"ListItem","position":1,"name":"Home","item":"https:\/\/acoteq.com\/es\/"},{"@type":"ListItem","position":2,"name":"Repuestos","item":"https:\/\/acoteq.com\/es\/repuestos\/"},{"@type":"ListItem","position":3,"name":"Repuestos El\u00e9ctricos","item":"https:\/\/acoteq.com\/es\/repuestos\/repuestos-electricos\/"},{"@type":"ListItem","position":4,"name":"Accionamientos\u00a0(Drives)"}]},{"@type":"WebSite","@id":"https:\/\/acoteq.com\/es\/#website","url":"https:\/\/acoteq.com\/es\/","name":"ACOTEQ","description":"","potentialAction":[{"@type":"SearchAction","target":{"@type":"EntryPoint","urlTemplate":"https:\/\/acoteq.com\/es\/?s={search_term_string}"},"query-input":{"@type":"PropertyValueSpecification","valueRequired":true,"valueName":"search_term_string"}}],"inLanguage":"es"}]}},"_links":{"self":[{"href":"https:\/\/acoteq.com\/es\/wp-json\/wp\/v2\/pages\/3963","targetHints":{"allow":["GET"]}}],"collection":[{"href":"https:\/\/acoteq.com\/es\/wp-json\/wp\/v2\/pages"}],"about":[{"href":"https:\/\/acoteq.com\/es\/wp-json\/wp\/v2\/types\/page"}],"author":[{"embeddable":true,"href":"https:\/\/acoteq.com\/es\/wp-json\/wp\/v2\/users\/1"}],"replies":[{"embeddable":true,"href":"https:\/\/acoteq.com\/es\/wp-json\/wp\/v2\/comments?post=3963"}],"version-history":[{"count":12,"href":"https:\/\/acoteq.com\/es\/wp-json\/wp\/v2\/pages\/3963\/revisions"}],"predecessor-version":[{"id":9825,"href":"https:\/\/acoteq.com\/es\/wp-json\/wp\/v2\/pages\/3963\/revisions\/9825"}],"up":[{"embeddable":true,"href":"https:\/\/acoteq.com\/es\/wp-json\/wp\/v2\/pages\/4064"}],"wp:featuredmedia":[{"embeddable":true,"href":"https:\/\/acoteq.com\/es\/wp-json\/wp\/v2\/media\/3964"}],"wp:attachment":[{"href":"https:\/\/acoteq.com\/es\/wp-json\/wp\/v2\/media?parent=3963"}],"curies":[{"name":"wp","href":"https:\/\/api.w.org\/{rel}","templated":true}]}}