{"id":4017,"date":"2026-02-11T13:34:00","date_gmt":"2026-02-11T12:34:00","guid":{"rendered":"https:\/\/acoteq.com\/technical-equipment\/"},"modified":"2026-03-19T03:10:39","modified_gmt":"2026-03-19T02:10:39","slug":"maquinaria","status":"publish","type":"page","link":"https:\/\/acoteq.com\/es\/alambre-y-cable\/maquinaria\/","title":{"rendered":"Maquinaria"},"content":{"rendered":"<section class=\"banner\">\n\n\t<img decoding=\"async\" src=\"https:\/\/acoteq.com\/wp-content\/uploads\/2026\/02\/Technical_Equipment.png\" alt=\"\">\n\n\t<div class=\"banner_overlay\">\n\n\t\t<div class=\"container\">\n\n\t\t\t<div class=\"row banner_text\">\n\n\t\t\t\t<div class=\"col-lg-12\">\n\n\t\t\t\t\t<h1><em>ALAMBRE &#038; CABLE<\/em> <strong>MAQUINARIA<\/strong><\/h1>\n<p style=\"text-align: justify;\">Desarrollamos equipos industriales a medida que se adaptan a la disposici\u00f3n de su f\u00e1brica, se integran con las l\u00edneas existentes y respaldan un rendimiento fiable a largo plazo en todo el proceso de fabricaci\u00f3n de alambre y cable.<\/p>\n\n\t\t\t\t\t \n\t\t\t\t<\/div>\n\n\t\t\t<\/div>\n\n\t\t<\/div>\n\n\t<\/div>\n\n<\/section>\n\n\n<div class=\"wp-block-group has-text-color has-background has-link-color wp-elements-e8d9f3711464c3a845d195a6ffac1d15\" style=\"color:#0e3770;background-color:#f3f4f7\"><div class=\"wp-block-group__inner-container is-layout-constrained wp-block-group-is-layout-constrained\">\n<div style=\"height:20px\" aria-hidden=\"true\" class=\"wp-block-spacer\"><\/div>\n\n\n<section class=\"headline align-center \">\n\t\n\t<div class=\"container\">\n\n\t\t<div class=\"row\">\n\n\t\t\t<div class=\"col-lg-12\">\n\n\t\t\t\t<div class=\"headline_wrapper\">\n\n\t\t\t\t\t<h2><em>Dise\u00f1ada en torno a su producci\u00f3n<\/em> <strong>MAQUINARIA<\/strong> QUE SUMINISTRAMOS<\/h2>\n\n\t\t\t\t\t\n\t\t\t\t<\/div>\n\n\t\t\t<\/div>\n\n\t\t<\/div>\n\n\t<\/div>\n\n<\/section>\n\n\n<div style=\"height:70px\" aria-hidden=\"true\" class=\"wp-block-spacer\"><\/div>\n\n\n<section class=\"tiles\">\n\t\n\t<div class=\"container\">\n\n\t\t<div class=\"row\">\n\n\t\t\t\n\t\t\t\n\t\t\t\t\t\n\t\t\t\t\t\t<div class=\"col-lg-4 tiles_single type_2\">\n\n\t\t\t\t\t\t\t\t\t\t\t\t\t\t\n\n\t\t\t\t\t\t\t<div class=\"tiles_inner\">\n\n\t\t\t\t\t\t\t\t<div class=\"tiles_image\">\n\n\t\t\t\t\t\t\t\t\t<img decoding=\"async\" src=\"https:\/\/acoteq.com\/wp-content\/uploads\/2026\/03\/icon-park-outline_dot.svg\" alt=\"\">\n\n\t\t\t\t\t\t\t\t<\/div>\n\n\t\t\t\t\t\t\t\t<div class=\"tiles_info\">\n\n\t\t\t\t\t\t\t\t\t<div>\n\n\t\t\t\t\t\t\t\t\t\t<strong class=\"title\">M\u00e1quinas de Trefilado<\/strong>\n\t\t\t\t\t\t\t\t\t\t\n\t\t\t\t\t\t\t\t\t\t<span class=\"description\"><ul>\r\n \t<li>L\u00edneas de Desbaste de Alambr\u00f3n<\/li>\r\n \t<li>L\u00edneas de Trefilado de Hilo Simple<\/li>\r\n \t<li>L\u00edneas de Trefilado Multihilo<\/li>\r\n \t<li>Todos los Equipos Auxiliares<\/li>\r\n<\/ul><\/span>\n\n\t\t\t\t\t\t\t\t\t<\/div>\n\n\t\t\t\t\t\t\t\t\t\n\t\t\t\t\t\t\t\t<\/div>\n\n\t\t\t\t\t\t\t<\/div>\n\n\t\t\t\t\t\t\t\t\t\t\t\t\t\t\t\n\n\t\t\t\t\t\t<\/div>\t\t\t\t\t\t\n\n\t\t\t\t\t\n\t\t\t\t\n\t\t\t\t\t\n\t\t\t\t\t\t<div class=\"col-lg-4 tiles_single type_2\">\n\n\t\t\t\t\t\t\t\t\t\t\t\t\t\t\n\n\t\t\t\t\t\t\t<div class=\"tiles_inner\">\n\n\t\t\t\t\t\t\t\t<div class=\"tiles_image\">\n\n\t\t\t\t\t\t\t\t\t<img decoding=\"async\" src=\"https:\/\/acoteq.com\/wp-content\/uploads\/2026\/03\/icon-park-solid_circles-seven.svg\" alt=\"\">\n\n\t\t\t\t\t\t\t\t<\/div>\n\n\t\t\t\t\t\t\t\t<div class=\"tiles_info\">\n\n\t\t\t\t\t\t\t\t\t<div>\n\n\t\t\t\t\t\t\t\t\t\t<strong class=\"title\">M\u00e1quinas de Cableado<\/strong>\n\t\t\t\t\t\t\t\t\t\t\n\t\t\t\t\t\t\t\t\t\t<span class=\"description\"><ul>\r\n \t<li>Cableadoras de Torsi\u00f3n Simple y Doble<\/li>\r\n \t<li>Cableadora de Barras<\/li>\r\n \t<li>Cableadora de Salto<\/li>\r\n \t<li>Cableadora de Arco<\/li>\r\n \t<li>Cableadora Planetaria<\/li>\r\n \t<li>Drum Twister<\/li>\r\n \t<li>Todos los Equipos Auxiliares<\/li>\r\n<\/ul><\/span>\n\n\t\t\t\t\t\t\t\t\t<\/div>\n\n\t\t\t\t\t\t\t\t\t\n\t\t\t\t\t\t\t\t<\/div>\n\n\t\t\t\t\t\t\t<\/div>\n\n\t\t\t\t\t\t\t\t\t\t\t\t\t\t\t\n\n\t\t\t\t\t\t<\/div>\t\t\t\t\t\t\n\n\t\t\t\t\t\n\t\t\t\t\n\t\t\t\t\t\n\t\t\t\t\t\t<div class=\"col-lg-4 tiles_single type_2\">\n\n\t\t\t\t\t\t\t\t\t\t\t\t\t\t\n\n\t\t\t\t\t\t\t<div class=\"tiles_inner\">\n\n\t\t\t\t\t\t\t\t<div class=\"tiles_image\">\n\n\t\t\t\t\t\t\t\t\t<img decoding=\"async\" src=\"https:\/\/acoteq.com\/wp-content\/uploads\/2026\/03\/stash_circle-dot-duotone.svg\" alt=\"\">\n\n\t\t\t\t\t\t\t\t<\/div>\n\n\t\t\t\t\t\t\t\t<div class=\"tiles_info\">\n\n\t\t\t\t\t\t\t\t\t<div>\n\n\t\t\t\t\t\t\t\t\t\t<strong class=\"title\">L\u00edneas de Extrusi\u00f3n<\/strong>\n\t\t\t\t\t\t\t\t\t\t\n\t\t\t\t\t\t\t\t\t\t<span class=\"description\"><ul>\r\n \t<li>Extrusoras de 45mm 24D a 200mm 30D<\/li>\r\n \t<li>Todos los Equipos Auxiliares<\/li>\r\n<\/ul><\/span>\n\n\t\t\t\t\t\t\t\t\t<\/div>\n\n\t\t\t\t\t\t\t\t\t\n\t\t\t\t\t\t\t\t<\/div>\n\n\t\t\t\t\t\t\t<\/div>\n\n\t\t\t\t\t\t\t\t\t\t\t\t\t\t\t\n\n\t\t\t\t\t\t<\/div>\t\t\t\t\t\t\n\n\t\t\t\t\t\n\t\t\t\t\n\t\t\t\t\t\n\t\t\t\t\t\t<div class=\"col-lg-4 tiles_single type_2\">\n\n\t\t\t\t\t\t\t\t\t\t\t\t\t\t\n\n\t\t\t\t\t\t\t<div class=\"tiles_inner\">\n\n\t\t\t\t\t\t\t\t<div class=\"tiles_image\">\n\n\t\t\t\t\t\t\t\t\t<img decoding=\"async\" src=\"https:\/\/acoteq.com\/wp-content\/uploads\/2026\/03\/famicons_layers-sharp.svg\" alt=\"\">\n\n\t\t\t\t\t\t\t\t<\/div>\n\n\t\t\t\t\t\t\t\t<div class=\"tiles_info\">\n\n\t\t\t\t\t\t\t\t\t<div>\n\n\t\t\t\t\t\t\t\t\t\t<strong class=\"title\">L\u00edneas de Cintado y Armado<\/strong>\n\t\t\t\t\t\t\t\t\t\t\n\t\t\t\t\t\t\t\t\t\t<span class=\"description\"><ul>\r\n \t<li>M\u00e1quina de Cintado Tangencial<\/li>\r\n \t<li>M\u00e1quina de Cintado Directo<\/li>\r\n \t<li>M\u00e1quina de Cintado Conc\u00e9ntrico<\/li>\r\n \t<li>M\u00e1quina de Cintado de Acero<\/li>\r\n \t<li>M\u00e1quinas de Armado para Cobre, Aluminio, Alambre de Acero o Kevlar<\/li>\r\n \t<li>Todos los Equipos Auxiliares<\/li>\r\n<\/ul><\/span>\n\n\t\t\t\t\t\t\t\t\t<\/div>\n\n\t\t\t\t\t\t\t\t\t\n\t\t\t\t\t\t\t\t<\/div>\n\n\t\t\t\t\t\t\t<\/div>\n\n\t\t\t\t\t\t\t\t\t\t\t\t\t\t\t\n\n\t\t\t\t\t\t<\/div>\t\t\t\t\t\t\n\n\t\t\t\t\t\n\t\t\t\t\n\t\t\t\t\t\n\t\t\t\t\t\t<div class=\"col-lg-4 tiles_single type_2\">\n\n\t\t\t\t\t\t\t\t\t\t\t\t\t\t\n\n\t\t\t\t\t\t\t<div class=\"tiles_inner\">\n\n\t\t\t\t\t\t\t\t<div class=\"tiles_image\">\n\n\t\t\t\t\t\t\t\t\t<img decoding=\"async\" src=\"https:\/\/acoteq.com\/wp-content\/uploads\/2026\/03\/hugeicons_thread-1.svg\" alt=\"\">\n\n\t\t\t\t\t\t\t\t<\/div>\n\n\t\t\t\t\t\t\t\t<div class=\"tiles_info\">\n\n\t\t\t\t\t\t\t\t\t<div>\n\n\t\t\t\t\t\t\t\t\t\t<strong class=\"title\">Bobinadores &#038; Desbobinadores<\/strong>\n\t\t\t\t\t\t\t\t\t\t\n\t\t\t\t\t\t\t\t\t\t<span class=\"description\"><ul>\r\n \t<li>Tipo P\u00f3rtico<\/li>\r\n \t<li>Forma de A<\/li>\r\n \t<li>Rebobinadora<\/li>\r\n \t<li>Todos los Equipos Auxiliares<\/li>\r\n<\/ul><\/span>\n\n\t\t\t\t\t\t\t\t\t<\/div>\n\n\t\t\t\t\t\t\t\t\t\n\t\t\t\t\t\t\t\t<\/div>\n\n\t\t\t\t\t\t\t<\/div>\n\n\t\t\t\t\t\t\t\t\t\t\t\t\t\t\t\n\n\t\t\t\t\t\t<\/div>\t\t\t\t\t\t\n\n\t\t\t\t\t\n\t\t\t\t\n\t\t\t\t\t\n\t\t\t\t\t\t<div class=\"col-lg-4 tiles_single type_2\">\n\n\t\t\t\t\t\t\t\t\t\t\t\t\t\t\n\n\t\t\t\t\t\t\t<div class=\"tiles_inner\">\n\n\t\t\t\t\t\t\t\t<div class=\"tiles_image\">\n\n\t\t\t\t\t\t\t\t\t<img decoding=\"async\" src=\"https:\/\/acoteq.com\/wp-content\/uploads\/2026\/03\/gg_move-right.svg\" alt=\"\">\n\n\t\t\t\t\t\t\t\t<\/div>\n\n\t\t\t\t\t\t\t\t<div class=\"tiles_info\">\n\n\t\t\t\t\t\t\t\t\t<div>\n\n\t\t\t\t\t\t\t\t\t\t<strong class=\"title\">Cabrestantes<\/strong>\n\t\t\t\t\t\t\t\t\t\t\n\t\t\t\t\t\t\t\t\t\t<span class=\"description\"><ul>\r\n \t<li>Cabrestante de Disco Simple<\/li>\r\n \t<li>Cabrestante de Disco Doble<\/li>\r\n \t<li>Cabrestante Tipo Correa<\/li>\r\n \t<li>Cabrestante Tipo Cadena<\/li>\r\n \t<li>Todos los Equipos Auxiliares<\/li>\r\n<\/ul><\/span>\n\n\t\t\t\t\t\t\t\t\t<\/div>\n\n\t\t\t\t\t\t\t\t\t\n\t\t\t\t\t\t\t\t<\/div>\n\n\t\t\t\t\t\t\t<\/div>\n\n\t\t\t\t\t\t\t\t\t\t\t\t\t\t\t\n\n\t\t\t\t\t\t<\/div>\t\t\t\t\t\t\n\n\t\t\t\t\t\n\t\t\t\t\n\t\t\t\t\t\n\t\t\t\t\t\t<div class=\"col-lg-4 tiles_single type_2\">\n\n\t\t\t\t\t\t\t\t\t\t\t\t\t\t\n\n\t\t\t\t\t\t\t<div class=\"tiles_inner\">\n\n\t\t\t\t\t\t\t\t<div class=\"tiles_image\">\n\n\t\t\t\t\t\t\t\t\t<img decoding=\"async\" src=\"https:\/\/acoteq.com\/wp-content\/uploads\/2026\/03\/ic_sharp-refresh.svg\" alt=\"\">\n\n\t\t\t\t\t\t\t\t<\/div>\n\n\t\t\t\t\t\t\t\t<div class=\"tiles_info\">\n\n\t\t\t\t\t\t\t\t\t<div>\n\n\t\t\t\t\t\t\t\t\t\t<strong class=\"title\">Maquinaria Usada<\/strong>\n\t\t\t\t\t\t\t\t\t\t\n\t\t\t\t\t\t\t\t\t\t<span class=\"description\"><ul>\r\n \t<li>Consultor\u00eda de B\u00fasqueda &#038; Adquisici\u00f3n<\/li>\r\n \t<li>Reacondicionamiento &#038; Reparaci\u00f3n<\/li>\r\n \t<li>Instalaci\u00f3n &#038; Puesta en Marcha<\/li>\r\n<\/ul><\/span>\n\n\t\t\t\t\t\t\t\t\t<\/div>\n\n\t\t\t\t\t\t\t\t\t\n\t\t\t\t\t\t\t\t<\/div>\n\n\t\t\t\t\t\t\t<\/div>\n\n\t\t\t\t\t\t\t\t\t\t\t\t\t\t\t\n\n\t\t\t\t\t\t<\/div>\t\t\t\t\t\t\n\n\t\t\t\t\t\n\t\t\t\t\t\t\t\t\n\n\t\t<\/div>\n\n\t<\/div>\n\n<\/section>\n\n\n<div style=\"height:50px\" aria-hidden=\"true\" class=\"wp-block-spacer\"><\/div>\n<\/div><\/div>\n\n\n\n<div class=\"wp-block-group has-white-color has-text-color has-background has-link-color wp-elements-12a11c10844b597263f38615c32336b9\" style=\"background-color:#051c3c\"><div class=\"wp-block-group__inner-container is-layout-constrained wp-block-group-is-layout-constrained\"><section class=\"headline align-left \">\n\t\n\t<div class=\"container\">\n\n\t\t<div class=\"row\">\n\n\t\t\t<div class=\"col-lg-12\">\n\n\t\t\t\t<div class=\"headline_wrapper\">\n\n\t\t\t\t\t<h2><span style=\"color: #c7d300;\"><strong>PROCESO<\/strong> <\/span>DE INGENIER\u00cdA<\/h2>\n\n\t\t\t\t\t\n\t\t\t\t<\/div>\n\n\t\t\t<\/div>\n\n\t\t<\/div>\n\n\t<\/div>\n\n<\/section>\n\n\n<div style=\"height:30px\" aria-hidden=\"true\" class=\"wp-block-spacer\"><\/div>\n\n\n<section class=\"stages\">\n\t\n\t<div class=\"container\">\n\n\t\t<div class=\"row\">\n\n\t\t\t<div class=\"col-lg-12\">\n\n\t\t\t\t<div class=\"stages_wrapper\">\n\n\t\t\t\t\t\n\t\t\t\t\t\t\t\n\t\t\t\t\t\t\t<div class=\"stages_single \">\n\n\t\t\t\t\t\t\t\t<div class=\"stages_inner\">\n\n\t\t\t\t\t\t\t\t\t\n\t\t\t\t\t\t\t\t\t<span class=\"number\">01<\/span>\n\n\t\t\t\t\t\t\t\t\t<strong class=\"title\">Evaluaci\u00f3n<\/strong>\n\n\t\t\t\t\t\t\t\t\t\n\t\t\t\t\t\t\t\t<\/div>\n\n\t\t\t\t\t\t\t<\/div>\n\n\t\t\t\t\t\t\n\t\t\t\t\t\t\t\n\t\t\t\t\t\t\t<div class=\"stages_single \">\n\n\t\t\t\t\t\t\t\t<div class=\"stages_inner\">\n\n\t\t\t\t\t\t\t\t\t\n\t\t\t\t\t\t\t\t\t<span class=\"number\">02<\/span>\n\n\t\t\t\t\t\t\t\t\t<strong class=\"title\">Desarrollo<\/strong>\n\n\t\t\t\t\t\t\t\t\t\n\t\t\t\t\t\t\t\t<\/div>\n\n\t\t\t\t\t\t\t<\/div>\n\n\t\t\t\t\t\t\n\t\t\t\t\t\t\t\n\t\t\t\t\t\t\t<div class=\"stages_single \">\n\n\t\t\t\t\t\t\t\t<div class=\"stages_inner\">\n\n\t\t\t\t\t\t\t\t\t\n\t\t\t\t\t\t\t\t\t<span class=\"number\">03<\/span>\n\n\t\t\t\t\t\t\t\t\t<strong class=\"title\">Fabricaci\u00f3n<\/strong>\n\n\t\t\t\t\t\t\t\t\t\n\t\t\t\t\t\t\t\t<\/div>\n\n\t\t\t\t\t\t\t<\/div>\n\n\t\t\t\t\t\t\n\t\t\t\t\t\t\t\n\t\t\t\t\t\t\t<div class=\"stages_single \">\n\n\t\t\t\t\t\t\t\t<div class=\"stages_inner\">\n\n\t\t\t\t\t\t\t\t\t\n\t\t\t\t\t\t\t\t\t<span class=\"number\">04<\/span>\n\n\t\t\t\t\t\t\t\t\t<strong class=\"title\">Instalaci\u00f3n<\/strong>\n\n\t\t\t\t\t\t\t\t\t\n\t\t\t\t\t\t\t\t<\/div>\n\n\t\t\t\t\t\t\t<\/div>\n\n\t\t\t\t\t\t\n\t\t\t\t\t\t\t\n\t\t\t\t\t\t\t<div class=\"stages_single \">\n\n\t\t\t\t\t\t\t\t<div class=\"stages_inner\">\n\n\t\t\t\t\t\t\t\t\t\n\t\t\t\t\t\t\t\t\t<span class=\"number\">05<\/span>\n\n\t\t\t\t\t\t\t\t\t<strong class=\"title\">Puesta en Marcha<\/strong>\n\n\t\t\t\t\t\t\t\t\t\n\t\t\t\t\t\t\t\t<\/div>\n\n\t\t\t\t\t\t\t<\/div>\n\n\t\t\t\t\t\t\t\n\n\t\t\t\t<\/div>\n\n\t\t\t<\/div>\n\n\t\t<\/div>\n\n\t<\/div>\n\n<\/section><\/div><\/div>\n\n\n\n<div class=\"wp-block-group has-white-background-color has-text-color has-background has-link-color wp-elements-332c370a3f3a59531a77800905ad3df9\" style=\"color:#0e3770\"><div class=\"wp-block-group__inner-container is-layout-constrained wp-block-group-is-layout-constrained\">\n<div style=\"height:70px\" aria-hidden=\"true\" class=\"wp-block-spacer\"><\/div>\n\n\n<section class=\"headline align-left \">\n\t\n\t<div class=\"container\">\n\n\t\t<div class=\"row\">\n\n\t\t\t<div class=\"col-lg-12\">\n\n\t\t\t\t<div class=\"headline_wrapper\">\n\n\t\t\t\t\t<h2><strong>POR QU\u00c9 LOS FABRICANTES<\/strong> ELIGEN NUESTRA MAQUINARIA<\/h2>\n\n\t\t\t\t\t\n\t\t\t\t<\/div>\n\n\t\t\t<\/div>\n\n\t\t<\/div>\n\n\t<\/div>\n\n<\/section>\n\n\n<div style=\"height:35px\" aria-hidden=\"true\" class=\"wp-block-spacer\"><\/div>\n\n\n\n<div class=\"wp-block-columns is-layout-flex wp-container-core-columns-is-layout-9d6595d7 wp-block-columns-is-layout-flex\">\n<div class=\"wp-block-column is-layout-flow wp-block-column-is-layout-flow\">\n<div class=\"wp-block-columns is-layout-flex wp-container-core-columns-is-layout-9d6595d7 wp-block-columns-is-layout-flex\">\n<div class=\"wp-block-column is-layout-flow wp-block-column-is-layout-flow\"><section class=\"text arrow_list green\">\n\t\n\t<div class=\"container\">\n\n\t\t<div class=\"row\">\n\n\t\t\t<div class=\"col-lg-12\">\n\n\t\t\t\t<p style=\"text-align: justify;\">Nos centramos en ofrecer <strong>soluciones con la ingenier\u00eda como prioridad<\/strong>, dise\u00f1adas para las exigencias t\u00e9cnicas de la industria del alambre y cable. Cada proyecto se eval\u00faa mediante un proceso de desarrollo completo que considera cada factor que influye en la <strong>productividad<\/strong>, la <strong>calidad<\/strong>, el <strong>mantenimiento<\/strong> y el <strong>coste del ciclo de vida<\/strong>.<\/p>\n<p>&nbsp;<\/p>\n<p style=\"text-align: justify;\"><strong>Par\u00e1metros clave de dise\u00f1o que evaluamos:<\/strong><\/p>\n<ul style=\"text-align: justify;\">\n<li>Capacidad de producci\u00f3n: salida, velocidad, rendimiento<\/li>\n<li>Caracter\u00edsticas del material<\/li>\n<li>Espacio disponible en planta &amp; disposici\u00f3n<\/li>\n<li>Presupuesto &amp; escalabilidad<\/li>\n<li>Integraci\u00f3n mec\u00e1nica, el\u00e9ctrica &amp; de automatizaci\u00f3n con las l\u00edneas existentes<\/li>\n<\/ul>\n<p>&nbsp;<\/p>\n<p style=\"text-align: justify;\"><strong>Desde el concepto hasta la puesta en marcha<\/strong>, respaldamos todo el ciclo de vida del proyecto, incluyendo dise\u00f1o de ingenier\u00eda, fabricaci\u00f3n de equipos, pruebas de aceptaci\u00f3n en f\u00e1brica, instalaci\u00f3n, integraci\u00f3n de l\u00ednea, puesta en marcha y formaci\u00f3n de sus equipos operativos. Nuestra participaci\u00f3n garantiza que cada m\u00e1quina funcione sin problemas dentro de su ecosistema de producci\u00f3n existente desde el primer d\u00eda.<\/p>\n\n\t\t\t<\/div>\n\n\t\t<\/div>\n\n\t<\/div>\n\n<\/section><\/div>\n\n\n\n<div class=\"wp-block-column is-layout-flow wp-block-column-is-layout-flow\"><div class=\"container\">\n\n\t<div class=\"row\">\n\n\t\t<div class=\"col-lg-12\">\n\n\t\t\t<div class=\"imagewrap\">\n\n\t\t\t\t<img decoding=\"async\" src=\"https:\/\/acoteq.com\/wp-content\/uploads\/2026\/03\/machinery-e1773066101888.png\" alt=\"\">\n\n\t\t\t\t\n\t\t\t<\/div>\n\n\t\t<\/div>\n\n\t<\/div>\n\n<\/div><\/div>\n<\/div>\n<\/div>\n<\/div>\n\n\n\n<div style=\"height:15px\" aria-hidden=\"true\" class=\"wp-block-spacer\"><\/div>\n\n\n\n<div class=\"wp-block-columns is-layout-flex wp-container-core-columns-is-layout-9d6595d7 wp-block-columns-is-layout-flex\">\n<div class=\"wp-block-column is-layout-flow wp-block-column-is-layout-flow\"><section class=\"counter\">\n\t\n\t<div class=\"container\">\n\n\t\t<div class=\"row justify-content-center\">\n\n\t\t\t\n\t\t\t\t\n\t\t\t\t\t<div class=\"col counter_single\">\n\n\t\t\t\t\t\t<div class=\"counter_inner\">\n\n\t\t\t\t\t\t\t<div class=\"counter_icon\">\n\n\t\t\t\t\t\t\t\t<img decoding=\"async\" src=\"https:\/\/acoteq.com\/wp-content\/uploads\/2026\/02\/ic_sharp-engineering.svg\" alt=\"\">\n\n\t\t\t\t\t\t\t<\/div>\n\n\t\t\t\t\t\t\t<div class=\"counter_value\">\n\t\t\t\t\t\t\t\t\n\t\t\t\t\t\t\t\t<span><span class=\"counter_number\" data-value=\"150\">150<\/span>+<\/span>\n\n\t\t\t\t\t\t\t\t<strong class=\"counter_label\">A\u00d1OS COMBINADOS<br>DE EXPERIENCIA<\/strong>\n\n\t\t\t\t\t\t\t<\/div>\n\n\t\t\t\t\t\t<\/div>\n\n\t\t\t\t\t<\/div>\n\n\t\t\t\t\n\t\t\t\t\t<div class=\"col counter_single\">\n\n\t\t\t\t\t\t<div class=\"counter_inner\">\n\n\t\t\t\t\t\t\t<div class=\"counter_icon\">\n\n\t\t\t\t\t\t\t\t<img decoding=\"async\" src=\"https:\/\/acoteq.com\/wp-content\/uploads\/2026\/02\/fluent_people-team-28-filled-1.svg\" alt=\"\">\n\n\t\t\t\t\t\t\t<\/div>\n\n\t\t\t\t\t\t\t<div class=\"counter_value\">\n\t\t\t\t\t\t\t\t\n\t\t\t\t\t\t\t\t<span><span class=\"counter_number\" data-value=\"20\">20<\/span>+<\/span>\n\n\t\t\t\t\t\t\t\t<strong class=\"counter_label\">ESPECIALISTAS<br>INTEGRADOS<\/strong>\n\n\t\t\t\t\t\t\t<\/div>\n\n\t\t\t\t\t\t<\/div>\n\n\t\t\t\t\t<\/div>\n\n\t\t\t\t\n\t\t\t\t\t<div class=\"col counter_single\">\n\n\t\t\t\t\t\t<div class=\"counter_inner\">\n\n\t\t\t\t\t\t\t<div class=\"counter_icon\">\n\n\t\t\t\t\t\t\t\t<img decoding=\"async\" src=\"https:\/\/acoteq.com\/wp-content\/uploads\/2026\/02\/ic_sharp-verified-user.svg\" alt=\"\">\n\n\t\t\t\t\t\t\t<\/div>\n\n\t\t\t\t\t\t\t<div class=\"counter_value\">\n\t\t\t\t\t\t\t\t\n\t\t\t\t\t\t\t\t<span><span class=\"counter_number\" data-value=\"100\">100<\/span>%<\/span>\n\n\t\t\t\t\t\t\t\t<strong class=\"counter_label\">SEGURIDAD &#038;<br>CUMPLIMIENTO CE<\/strong>\n\n\t\t\t\t\t\t\t<\/div>\n\n\t\t\t\t\t\t<\/div>\n\n\t\t\t\t\t<\/div>\n\n\t\t\t\t\n\t\t\t\t\t<div class=\"col counter_single\">\n\n\t\t\t\t\t\t<div class=\"counter_inner\">\n\n\t\t\t\t\t\t\t<div class=\"counter_icon\">\n\n\t\t\t\t\t\t\t\t<img decoding=\"async\" src=\"https:\/\/acoteq.com\/wp-content\/uploads\/2026\/02\/mdi_message-text-fast-1.svg\" alt=\"\">\n\n\t\t\t\t\t\t\t<\/div>\n\n\t\t\t\t\t\t\t<div class=\"counter_value\">\n\t\t\t\t\t\t\t\t\n\t\t\t\t\t\t\t\t<span><span class=\"counter_number\" data-value=\"24\">24<\/span>h<\/span>\n\n\t\t\t\t\t\t\t\t<strong class=\"counter_label\">RESPUESTA<br>DE SOPORTE<\/strong>\n\n\t\t\t\t\t\t\t<\/div>\n\n\t\t\t\t\t\t<\/div>\n\n\t\t\t\t\t<\/div>\n\n\t\t\t\t\t\n\n\t\t\t\t\t\t\n\n\t\t<\/div>\n\n\t<\/div>\n\n<\/section><\/div>\n<\/div>\n\n\n\n<div style=\"height:50px\" aria-hidden=\"true\" class=\"wp-block-spacer\"><\/div>\n<\/div><\/div>\n","protected":false},"excerpt":{"rendered":"","protected":false},"author":1,"featured_media":0,"parent":4096,"menu_order":0,"comment_status":"closed","ping_status":"closed","template":"","meta":{"_acf_changed":false,"footnotes":""},"class_list":["post-4017","page","type-page","status-publish","hentry"],"acf":[],"yoast_head":"<!-- This site is optimized with the Yoast SEO plugin v27.2 - https:\/\/yoast.com\/product\/yoast-seo-wordpress\/ -->\n<title>Maquinaria | Alambre &amp; Cable | ACOTEQ<\/title>\n<meta name=\"description\" content=\"Equipos industriales a medida para fabricaci\u00f3n de alambre y cable con integraci\u00f3n perfecta y rendimiento fiable a largo plazo.\" \/>\n<meta name=\"robots\" content=\"index, follow, max-snippet:-1, max-image-preview:large, max-video-preview:-1\" \/>\n<link rel=\"canonical\" href=\"https:\/\/acoteq.com\/es\/alambre-y-cable\/maquinaria\/\" \/>\n<meta property=\"og:locale\" content=\"es_ES\" \/>\n<meta property=\"og:type\" content=\"article\" \/>\n<meta property=\"og:title\" content=\"Maquinaria | Alambre &amp; Cable | ACOTEQ\" \/>\n<meta property=\"og:description\" content=\"Equipos industriales a medida para fabricaci\u00f3n de alambre y cable con integraci\u00f3n perfecta y rendimiento fiable a largo plazo.\" \/>\n<meta property=\"og:url\" content=\"https:\/\/acoteq.com\/es\/alambre-y-cable\/maquinaria\/\" \/>\n<meta property=\"og:site_name\" content=\"ACOTEQ\" \/>\n<meta property=\"article:modified_time\" content=\"2026-03-19T02:10:39+00:00\" \/>\n<meta name=\"twitter:card\" content=\"summary_large_image\" \/>\n<script type=\"application\/ld+json\" class=\"yoast-schema-graph\">{\"@context\":\"https:\/\/schema.org\",\"@graph\":[{\"@type\":\"WebPage\",\"@id\":\"https:\/\/acoteq.com\/es\/alambre-y-cable\/maquinaria\/\",\"url\":\"https:\/\/acoteq.com\/es\/alambre-y-cable\/maquinaria\/\",\"name\":\"Maquinaria | Alambre & Cable | ACOTEQ\",\"isPartOf\":{\"@id\":\"https:\/\/acoteq.com\/es\/#website\"},\"datePublished\":\"2026-02-11T12:34:00+00:00\",\"dateModified\":\"2026-03-19T02:10:39+00:00\",\"description\":\"Equipos industriales a medida para fabricaci\u00f3n de alambre y cable con integraci\u00f3n perfecta y rendimiento fiable a largo plazo.\",\"breadcrumb\":{\"@id\":\"https:\/\/acoteq.com\/es\/alambre-y-cable\/maquinaria\/#breadcrumb\"},\"inLanguage\":\"es\",\"potentialAction\":[{\"@type\":\"ReadAction\",\"target\":[\"https:\/\/acoteq.com\/es\/alambre-y-cable\/maquinaria\/\"]}]},{\"@type\":\"BreadcrumbList\",\"@id\":\"https:\/\/acoteq.com\/es\/alambre-y-cable\/maquinaria\/#breadcrumb\",\"itemListElement\":[{\"@type\":\"ListItem\",\"position\":1,\"name\":\"Home\",\"item\":\"https:\/\/acoteq.com\/es\/\"},{\"@type\":\"ListItem\",\"position\":2,\"name\":\"Alambre &amp; Cable\",\"item\":\"https:\/\/acoteq.com\/es\/alambre-y-cable\/\"},{\"@type\":\"ListItem\",\"position\":3,\"name\":\"Maquinaria\"}]},{\"@type\":\"WebSite\",\"@id\":\"https:\/\/acoteq.com\/es\/#website\",\"url\":\"https:\/\/acoteq.com\/es\/\",\"name\":\"ACOTEQ\",\"description\":\"\",\"potentialAction\":[{\"@type\":\"SearchAction\",\"target\":{\"@type\":\"EntryPoint\",\"urlTemplate\":\"https:\/\/acoteq.com\/es\/?s={search_term_string}\"},\"query-input\":{\"@type\":\"PropertyValueSpecification\",\"valueRequired\":true,\"valueName\":\"search_term_string\"}}],\"inLanguage\":\"es\"}]}<\/script>\n<!-- \/ Yoast SEO plugin. -->","yoast_head_json":{"title":"Maquinaria | Alambre & Cable | ACOTEQ","description":"Equipos industriales a medida para fabricaci\u00f3n de alambre y cable con integraci\u00f3n perfecta y rendimiento fiable a largo plazo.","robots":{"index":"index","follow":"follow","max-snippet":"max-snippet:-1","max-image-preview":"max-image-preview:large","max-video-preview":"max-video-preview:-1"},"canonical":"https:\/\/acoteq.com\/es\/alambre-y-cable\/maquinaria\/","og_locale":"es_ES","og_type":"article","og_title":"Maquinaria | Alambre & Cable | ACOTEQ","og_description":"Equipos industriales a medida para fabricaci\u00f3n de alambre y cable con integraci\u00f3n perfecta y rendimiento fiable a largo plazo.","og_url":"https:\/\/acoteq.com\/es\/alambre-y-cable\/maquinaria\/","og_site_name":"ACOTEQ","article_modified_time":"2026-03-19T02:10:39+00:00","twitter_card":"summary_large_image","schema":{"@context":"https:\/\/schema.org","@graph":[{"@type":"WebPage","@id":"https:\/\/acoteq.com\/es\/alambre-y-cable\/maquinaria\/","url":"https:\/\/acoteq.com\/es\/alambre-y-cable\/maquinaria\/","name":"Maquinaria | Alambre & Cable | ACOTEQ","isPartOf":{"@id":"https:\/\/acoteq.com\/es\/#website"},"datePublished":"2026-02-11T12:34:00+00:00","dateModified":"2026-03-19T02:10:39+00:00","description":"Equipos industriales a medida para fabricaci\u00f3n de alambre y cable con integraci\u00f3n perfecta y rendimiento fiable a largo plazo.","breadcrumb":{"@id":"https:\/\/acoteq.com\/es\/alambre-y-cable\/maquinaria\/#breadcrumb"},"inLanguage":"es","potentialAction":[{"@type":"ReadAction","target":["https:\/\/acoteq.com\/es\/alambre-y-cable\/maquinaria\/"]}]},{"@type":"BreadcrumbList","@id":"https:\/\/acoteq.com\/es\/alambre-y-cable\/maquinaria\/#breadcrumb","itemListElement":[{"@type":"ListItem","position":1,"name":"Home","item":"https:\/\/acoteq.com\/es\/"},{"@type":"ListItem","position":2,"name":"Alambre &amp; Cable","item":"https:\/\/acoteq.com\/es\/alambre-y-cable\/"},{"@type":"ListItem","position":3,"name":"Maquinaria"}]},{"@type":"WebSite","@id":"https:\/\/acoteq.com\/es\/#website","url":"https:\/\/acoteq.com\/es\/","name":"ACOTEQ","description":"","potentialAction":[{"@type":"SearchAction","target":{"@type":"EntryPoint","urlTemplate":"https:\/\/acoteq.com\/es\/?s={search_term_string}"},"query-input":{"@type":"PropertyValueSpecification","valueRequired":true,"valueName":"search_term_string"}}],"inLanguage":"es"}]}},"_links":{"self":[{"href":"https:\/\/acoteq.com\/es\/wp-json\/wp\/v2\/pages\/4017","targetHints":{"allow":["GET"]}}],"collection":[{"href":"https:\/\/acoteq.com\/es\/wp-json\/wp\/v2\/pages"}],"about":[{"href":"https:\/\/acoteq.com\/es\/wp-json\/wp\/v2\/types\/page"}],"author":[{"embeddable":true,"href":"https:\/\/acoteq.com\/es\/wp-json\/wp\/v2\/users\/1"}],"replies":[{"embeddable":true,"href":"https:\/\/acoteq.com\/es\/wp-json\/wp\/v2\/comments?post=4017"}],"version-history":[{"count":12,"href":"https:\/\/acoteq.com\/es\/wp-json\/wp\/v2\/pages\/4017\/revisions"}],"predecessor-version":[{"id":6969,"href":"https:\/\/acoteq.com\/es\/wp-json\/wp\/v2\/pages\/4017\/revisions\/6969"}],"up":[{"embeddable":true,"href":"https:\/\/acoteq.com\/es\/wp-json\/wp\/v2\/pages\/4096"}],"wp:attachment":[{"href":"https:\/\/acoteq.com\/es\/wp-json\/wp\/v2\/media?parent=4017"}],"curies":[{"name":"wp","href":"https:\/\/api.w.org\/{rel}","templated":true}]}}