{"id":2671,"date":"2026-02-24T16:36:27","date_gmt":"2026-02-24T15:36:27","guid":{"rendered":"https:\/\/acoteq.com\/gesadur-rollers\/"},"modified":"2026-03-19T19:48:33","modified_gmt":"2026-03-19T18:48:33","slug":"rouleaux-gesadur","status":"publish","type":"page","link":"https:\/\/acoteq.com\/fr\/rouleaux-gesadur\/","title":{"rendered":"Rouleaux GESADUR"},"content":{"rendered":"<section class=\"banner\">\n\n\t<img decoding=\"async\" src=\"https:\/\/acoteq.com\/wp-content\/uploads\/2026\/02\/gesadur_laufrollen.jpg\" alt=\"\">\n\n\t<div class=\"banner_overlay\">\n\n\t\t<div class=\"container\">\n\n\t\t\t<div class=\"row banner_text\">\n\n\t\t\t\t<div class=\"col-lg-12\">\n\n\t\t\t\t\t<h1><em>Partenaire officiel de Vente &#038; de Service<\/em><strong>roleaux <\/strong>gesadur<\/h1>\n<p style=\"text-align: justify;\">Nous associons une technologie avanc\u00e9e des rouleaux aux Ventes, \u00e0 la Logistique, au Support d\u2019Ing\u00e9nierie et au Service Technique afin d\u2019aider les fabricants \u00e0 maximiser la disponibilit\u00e9, la fiabilit\u00e9 et le retour sur investissement \u00e0 long terme.<\/p>\n\n\t\t\t\t\t\n\t\t\t\t\t\t<a class=\"button light\" href=\"#contact\" target=\"\" class=\"button\">Demander un devis &nbsp;<i class=\"fas fa-arrow-right\"><\/i><\/a>\n\n\t\t\t\t\t \n\t\t\t\t<\/div>\n\n\t\t\t<\/div>\n\n\t\t<\/div>\n\n\t<\/div>\n\n<\/section>\n\n\n<div class=\"wp-block-group has-white-background-color has-background\"><div class=\"wp-block-group__inner-container is-layout-constrained wp-block-group-is-layout-constrained\">\n<div style=\"height:20px\" aria-hidden=\"true\" class=\"wp-block-spacer\"><\/div>\n\n\n<section class=\"headline align-center \">\n\t\n\t<div class=\"container\">\n\n\t\t<div class=\"row\">\n\n\t\t\t<div class=\"col-lg-12\">\n\n\t\t\t\t<div class=\"headline_wrapper\">\n\n\t\t\t\t\t<h2><span style=\"color: #14315c;\"><em>SP\u00c9CIALISTES DES ROULEAUX GESADUR<\/em> <strong>NOS SERVICES<\/strong><\/span><\/h2>\n\n\t\t\t\t\t\n\t\t\t\t<\/div>\n\n\t\t\t<\/div>\n\n\t\t<\/div>\n\n\t<\/div>\n\n<\/section>\n\n\n<div style=\"height:50px\" aria-hidden=\"true\" class=\"wp-block-spacer\"><\/div>\n\n\n<section class=\"teaser\">\n\t\n\t<div class=\"container\">\n\n\t\t<div class=\"row\">\n\n\t\t\t\n\t\t\t\t\t<div class=\"col-lg-6 teaser_single\">\n\n\t\t\t\t\t\t<div class=\"teaser_inner\">\n\n\t\t\t\t\t\t\t<div class=\"teaser_image\">\n\n\t\t\t\t\t\t\t\t<a href=\"https:\/\/acoteq.com\/fr\/rouleaux-gesadur\/conception-et-ingenierie\/\" target=\"\">\n\n\t\t\t\t\t\t\t\t\t<img decoding=\"async\" src=\"https:\/\/acoteq.com\/wp-content\/uploads\/2026\/02\/gesadur_engineering.png\" alt=\"\">\n\n\t\t\t\t\t\t\t\t<\/a>\n\n\t\t\t\t\t\t\t<\/div>\n\n\t\t\t\t\t\t\t<div class=\"teaser_info\">\n\n\t\t\t\t\t\t\t\t<div>\n\n\t\t\t\t\t\t\t\t\t<a href=\"https:\/\/acoteq.com\/fr\/rouleaux-gesadur\/conception-et-ingenierie\/\" target=\"\">\t\t\t\t\t\t\t\t\t\n\n\t\t\t\t\t\t\t\t\t\t<strong class=\"title\">CONCEPTION &#038; ING\u00c9NIERIE<\/strong>\n\n\t\t\t\t\t\t\t\t\t<\/a>\n\t\t\t\t\t\t\t\t\n\t\t\t\t\t\t\t\t\t<span class=\"subtitle\"><\/span>\n\n\t\t\t\t\t\t\t\t<\/div>\n\n\t\t\t\t\t\t\t\t<a class=\"button\" href=\"https:\/\/acoteq.com\/fr\/rouleaux-gesadur\/conception-et-ingenierie\/\" target=\"\">En savoir plus &nbsp;<i class=\"fas fa-arrow-right\"><\/i><\/a>\n\n\t\t\t\t\t\t\t<\/div>\n\n\t\t\t\t\t\t<\/div>\n\n\t\t\t\t\t<\/div>\n\n\t\t\t\t\n\t\t\t\t\t<div class=\"col-lg-6 teaser_single\">\n\n\t\t\t\t\t\t<div class=\"teaser_inner\">\n\n\t\t\t\t\t\t\t<div class=\"teaser_image\">\n\n\t\t\t\t\t\t\t\t<a href=\"https:\/\/acoteq.com\/fr\/rouleaux-gesadur\/service-technique\/\" target=\"\">\n\n\t\t\t\t\t\t\t\t\t<img decoding=\"async\" src=\"https:\/\/acoteq.com\/wp-content\/uploads\/2026\/02\/gesadur_technical.png\" alt=\"\">\n\n\t\t\t\t\t\t\t\t<\/a>\n\n\t\t\t\t\t\t\t<\/div>\n\n\t\t\t\t\t\t\t<div class=\"teaser_info\">\n\n\t\t\t\t\t\t\t\t<div>\n\n\t\t\t\t\t\t\t\t\t<a href=\"https:\/\/acoteq.com\/fr\/rouleaux-gesadur\/service-technique\/\" target=\"\">\t\t\t\t\t\t\t\t\t\n\n\t\t\t\t\t\t\t\t\t\t<strong class=\"title\">SERVICE TECHNIQUE<\/strong>\n\n\t\t\t\t\t\t\t\t\t<\/a>\n\t\t\t\t\t\t\t\t\n\t\t\t\t\t\t\t\t\t<span class=\"subtitle\"><\/span>\n\n\t\t\t\t\t\t\t\t<\/div>\n\n\t\t\t\t\t\t\t\t<a class=\"button\" href=\"https:\/\/acoteq.com\/fr\/rouleaux-gesadur\/service-technique\/\" target=\"\">En savoir plus &nbsp;<i class=\"fas fa-arrow-right\"><\/i><\/a>\n\n\t\t\t\t\t\t\t<\/div>\n\n\t\t\t\t\t\t<\/div>\n\n\t\t\t\t\t<\/div>\n\n\t\t\t\t\n\t\t\t\t\t<div class=\"col-lg-6 teaser_single\">\n\n\t\t\t\t\t\t<div class=\"teaser_inner\">\n\n\t\t\t\t\t\t\t<div class=\"teaser_image\">\n\n\t\t\t\t\t\t\t\t<a href=\"https:\/\/acoteq.com\/fr\/pieces-de-rechange\/pieces-mecaniques\/rouleaux-gesadur\/\" target=\"\">\n\n\t\t\t\t\t\t\t\t\t<img decoding=\"async\" src=\"https:\/\/acoteq.com\/wp-content\/uploads\/2026\/02\/gesadur_sales-e1771948788618.png\" alt=\"\">\n\n\t\t\t\t\t\t\t\t<\/a>\n\n\t\t\t\t\t\t\t<\/div>\n\n\t\t\t\t\t\t\t<div class=\"teaser_info\">\n\n\t\t\t\t\t\t\t\t<div>\n\n\t\t\t\t\t\t\t\t\t<a href=\"https:\/\/acoteq.com\/fr\/pieces-de-rechange\/pieces-mecaniques\/rouleaux-gesadur\/\" target=\"\">\t\t\t\t\t\t\t\t\t\n\n\t\t\t\t\t\t\t\t\t\t<strong class=\"title\">VENTES &#038; LOGISTIQUE<\/strong>\n\n\t\t\t\t\t\t\t\t\t<\/a>\n\t\t\t\t\t\t\t\t\n\t\t\t\t\t\t\t\t\t<span class=\"subtitle\"><\/span>\n\n\t\t\t\t\t\t\t\t<\/div>\n\n\t\t\t\t\t\t\t\t<a class=\"button\" href=\"https:\/\/acoteq.com\/fr\/pieces-de-rechange\/pieces-mecaniques\/rouleaux-gesadur\/\" target=\"\">En savoir plus &nbsp;<i class=\"fas fa-arrow-right\"><\/i><\/a>\n\n\t\t\t\t\t\t\t<\/div>\n\n\t\t\t\t\t\t<\/div>\n\n\t\t\t\t\t<\/div>\n\n\t\t\t\t\t\t\t\t\n\n\t\t<\/div>\n\n\t<\/div>\n\n<\/section>\n\n\n<div style=\"height:30px\" aria-hidden=\"true\" class=\"wp-block-spacer\"><\/div>\n<\/div><\/div>\n\n\n<section class=\"service\">\n\t\n\t<div class=\"container\">\n\n\t\t<div class=\"row\">\n\n\t\t\t<div class=\"col-lg-12\">\n\n\t\t\t\t<div class=\"service_inner\">\n\n\t\t\t\t\t<div class=\"row\">\n\n\t\t\t\t\t\t<div class=\"col-lg-6 service_text\">\n\n\t\t\t\t\t\t\t<h2><em>Rouleaux GESADUR<\/em> <strong>service<\/strong> technique<\/h2>\n<p><strong>probl\u00e8mes de production ?<\/strong><br \/>\nObtenez un support de diagnostic direct de la part de nos ing\u00e9nieurs.<br \/>\nNous \u00e9valuons imm\u00e9diatement les probl\u00e8mes m\u00e9caniques et \u00e9lectriques.<\/p>\n\n\t\t\t\t\t\t\t\n\t\t\t\t\t\t\t\t<ul>\n\n\t\t\t\t\t\t\t\t\n\t\t\t\t\t\t\t\t\t<li>ANALYSE DE MACHINE<\/li>\n\n\t\t\t\t\t\t\t\t\n\t\t\t\t\t\t\t\t\t<li>SUPPORT LOGICIEL<\/li>\n\n\t\t\t\t\t\t\t\t\n\t\t\t\t\t\t\t\t<\/ul>\n\n\t\t\t\t\t\t\t\t\t\t\t\t\t\t\n\n\t\t\t\t\t\t<\/div>\n\n\t\t\t\t\t\t<div class=\"col-lg-6 service_links\">\n\n\t\t\t\t\t\t\t<div>\n\n\t\t\t\t\t\t\t\t<span><span class=\"pulsing_dot\"><\/span>&nbsp;Ligne directe avec l&rsquo;\u00e9quipe d&rsquo;ing\u00e9nierie<\/span>\n\n\t\t\t\t\t\t\t\t<a target=\"_blank\" href=\"https:\/\/wa.me\/4915140779592\">\n\t\t\t\t\t\t\t\t\t\n\t\t\t\t\t\t\t\t\t<img decoding=\"async\" src=\"https:\/\/acoteq.com\/wp-content\/themes\/acoteq\/assets\/img\/whatsapp.png\" alt=\"Icon WhatsApp\">\n\n\t\t\t\t\t\t\t\t\t<div>\n\n\t\t\t\t\t\t\t\t\t\t<strong>Discuter sur WhatsApp<\/strong>\n\n\t\t\t\t\t\t\t\t\t<\/div>\n\n\t\t\t\t\t\t\t\t<\/a>\n\n\t\t\t\t\t\t\t\t<a target=\"_blank\" href=\"https:\/\/teams.microsoft.com\/l\/chat\/0\/0?users=info@acoteq.com\">\n\t\t\t\t\t\t\t\t\t\n\t\t\t\t\t\t\t\t\t<img decoding=\"async\" src=\"https:\/\/acoteq.com\/wp-content\/themes\/acoteq\/assets\/img\/teams.png\" alt=\"Icon MS Teams\">\n\n\t\t\t\t\t\t\t\t\t<div>\n\n\t\t\t\t\t\t\t\t\t\t<strong>Discuter sur Teams<\/strong>\n\n\t\t\t\t\t\t\t\t\t<\/div>\t\t\t\t\t\t\t\n\n\t\t\t\t\t\t\t\t<\/a>\n\n\t\t\t\t\t\t\t\t<span><a href=\"mailto:info@acoteq.com\">Ou contactez-nous par e-mail&nbsp;<i class=\"fas fa-arrow-right\"><\/i><\/a><\/span>\n\n\t\t\t\t\t\t\t<\/div>\n\n\t\t\t\t\t\t<\/div>\n\n\t\t\t\t\t<\/div>\n\n\t\t\t\t<\/div>\n\n\t\t\t<\/div>\n\n\t\t<\/div>\n\n\t<\/div>\n\n<\/section>\n\n\n<div class=\"wp-block-group has-text-color has-background has-link-color wp-elements-3756963ba3bc0b868a1352662abfc3dd\" style=\"color:#0e3770;background-color:#f3f4f7\"><div class=\"wp-block-group__inner-container is-layout-constrained wp-block-group-is-layout-constrained\">\n<div style=\"height:30px\" aria-hidden=\"true\" class=\"wp-block-spacer\"><\/div>\n\n\n<section class=\"headline align-left \">\n\t\n\t<div class=\"container\">\n\n\t\t<div class=\"row\">\n\n\t\t\t<div class=\"col-lg-12\">\n\n\t\t\t\t<div class=\"headline_wrapper\">\n\n\t\t\t\t\t<h2>Avantage <strong>Gesadur<\/strong><\/h2>\n\n\t\t\t\t\t\n\t\t\t\t<\/div>\n\n\t\t\t<\/div>\n\n\t\t<\/div>\n\n\t<\/div>\n\n<\/section>\n\n\n<div style=\"height:15px\" aria-hidden=\"true\" class=\"wp-block-spacer\"><\/div>\n\n\n\n<div class=\"wp-block-columns is-layout-flex wp-container-core-columns-is-layout-9d6595d7 wp-block-columns-is-layout-flex\">\n<div class=\"wp-block-column is-layout-flow wp-block-column-is-layout-flow\"><section class=\"text arrow_list green\">\n\t\n\t<div class=\"container\">\n\n\t\t<div class=\"row\">\n\n\t\t\t<div class=\"col-lg-12\">\n\n\t\t\t\t<ul>\n<li style=\"text-align: justify;\"><strong>PERFORMANCES \u00c0 HAUT FROTTEMENT<\/strong>Les rouleaux GESADUR\u00ae offrent un coefficient de frottement que les solutions conventionnelles en caoutchouc et en PU ne peuvent \u00e9galer. Cela garantit une manutention stable des bandes, une traction fiable et des performances constantes dans les applications exigeantes.<\/li>\n<li style=\"text-align: justify;\"><strong>COMPORTEMENT AUTOCICATRISANT DU MAT\u00c9RIAU<\/strong>La structure unique en fibres naturelles sans liant r\u00e9siste aux dommages caus\u00e9s par les ar\u00eates vives des bandes et aide \u00e0 pr\u00e9server l\u2019int\u00e9grit\u00e9 du rouleau dans des conditions d\u2019exploitation s\u00e9v\u00e8res. Cela r\u00e9duit l\u2019usure pr\u00e9matur\u00e9e et favorise une dur\u00e9e de vie plus longue.<\/li>\n<li style=\"text-align: justify;\"><strong>PROTECTION DE SURFACE POUR LES MAT\u00c9RIAUX SENSIBLES<\/strong>GESADUR\u00ae aide \u00e0 prot\u00e9ger l\u2019acier inoxydable, l\u2019aluminium, le cuivre et d\u2019autres mat\u00e9riaux en bande sensibles contre les marques, les dommages de surface et les d\u00e9fauts li\u00e9s au proc\u00e9d\u00e9 pendant le contact et le transport.<\/li>\n<\/ul>\n\n\t\t\t<\/div>\n\n\t\t<\/div>\n\n\t<\/div>\n\n<\/section><\/div>\n\n\n\n<div class=\"wp-block-column is-layout-flow wp-block-column-is-layout-flow\"><section class=\"text arrow_list green\">\n\t\n\t<div class=\"container\">\n\n\t\t<div class=\"row\">\n\n\t\t\t<div class=\"col-lg-12\">\n\n\t\t\t\t<ul>\n<li style=\"text-align: justify;\"><strong>DUR\u00c9E DE VIE PLUS LONGUE<\/strong>Con\u00e7us pour des conditions industrielles exigeantes, les rouleaux GESADUR\u00ae offrent une excellente durabilit\u00e9, une usure r\u00e9duite et un fonctionnement fiable \u00e0 long terme, aidant les fabricants \u00e0 r\u00e9duire la fr\u00e9quence des remplacements et l\u2019exposition \u00e0 la maintenance.<\/li>\n<li style=\"text-align: justify;\"><strong>PERFORMANCES STABLES SOUS CHARGE<\/strong>Les rouleaux GESADUR\u00ae conservent un comportement fiable sous de fortes charges m\u00e9caniques, des vitesses de ligne \u00e9lev\u00e9es et des conditions de proc\u00e9d\u00e9 critiques o\u00f9 l\u2019adh\u00e9rence, la stabilit\u00e9 dimensionnelle et la constance op\u00e9rationnelle sont essentielles.<\/li>\n<li style=\"text-align: justify;\"><strong>SUPPORT COMPLET SUR TOUT LE CYCLE DE VIE<\/strong>Gr\u00e2ce \u00e0 ACOTEQ, GESADUR\u00ae va au-del\u00e0 de la simple fourniture de produits. Nous prenons en charge l\u2019ing\u00e9nierie, la logistique, l\u2019int\u00e9gration, le service technique, la lubrification et les strat\u00e9gies de mise \u00e0 niveau afin de maximiser la disponibilit\u00e9 et le ROI op\u00e9rationnel \u00e0 long terme.<\/li>\n<\/ul>\n\n\t\t\t<\/div>\n\n\t\t<\/div>\n\n\t<\/div>\n\n<\/section><\/div>\n<\/div>\n\n\n\n<div class=\"wp-block-columns is-layout-flex wp-container-core-columns-is-layout-9d6595d7 wp-block-columns-is-layout-flex\">\n<div class=\"wp-block-column is-layout-flow wp-block-column-is-layout-flow\"><section class=\"counter\">\n\t\n\t<div class=\"container\">\n\n\t\t<div class=\"row justify-content-center\">\n\n\t\t\t\n\t\t\t\t\n\t\t\t\t\t<div class=\"col counter_single\">\n\n\t\t\t\t\t\t<div class=\"counter_inner\">\n\n\t\t\t\t\t\t\t<div class=\"counter_icon\">\n\n\t\t\t\t\t\t\t\t<img decoding=\"async\" src=\"https:\/\/acoteq.com\/wp-content\/uploads\/2026\/02\/hammer-solid-full.svg\" alt=\"\">\n\n\t\t\t\t\t\t\t<\/div>\n\n\t\t\t\t\t\t\t<div class=\"counter_value\">\n\t\t\t\t\t\t\t\t\n\t\t\t\t\t\t\t\t<span><span class=\"counter_number\" data-value=\"300\">300<\/span> N\/mm\u00b2<\/span>\n\n\t\t\t\t\t\t\t\t<strong class=\"counter_label\">R\u00e9sistance \u00e0 la compression<\/strong>\n\n\t\t\t\t\t\t\t<\/div>\n\n\t\t\t\t\t\t<\/div>\n\n\t\t\t\t\t<\/div>\n\n\t\t\t\t\n\t\t\t\t\t<div class=\"col counter_single\">\n\n\t\t\t\t\t\t<div class=\"counter_inner\">\n\n\t\t\t\t\t\t\t<div class=\"counter_icon\">\n\n\t\t\t\t\t\t\t\t<img decoding=\"async\" src=\"https:\/\/acoteq.com\/wp-content\/uploads\/2026\/02\/sheet-plastic-solid-full.svg\" alt=\"\">\n\n\t\t\t\t\t\t\t<\/div>\n\n\t\t\t\t\t\t\t<div class=\"counter_value\">\n\t\t\t\t\t\t\t\t\n\t\t\t\t\t\t\t\t<span><span class=\"counter_number\" data-value=\"0,21\">0,21<\/span> \u03bc<\/span>\n\n\t\t\t\t\t\t\t\t<strong class=\"counter_label\">Frottement \u00e0 sec vs acier<\/strong>\n\n\t\t\t\t\t\t\t<\/div>\n\n\t\t\t\t\t\t<\/div>\n\n\t\t\t\t\t<\/div>\n\n\t\t\t\t\n\t\t\t\t\t<div class=\"col counter_single\">\n\n\t\t\t\t\t\t<div class=\"counter_inner\">\n\n\t\t\t\t\t\t\t<div class=\"counter_icon\">\n\n\t\t\t\t\t\t\t\t<img decoding=\"async\" src=\"https:\/\/acoteq.com\/wp-content\/uploads\/2026\/02\/arrows-to-circle-solid-full.svg\" alt=\"\">\n\n\t\t\t\t\t\t\t<\/div>\n\n\t\t\t\t\t\t\t<div class=\"counter_value\">\n\t\t\t\t\t\t\t\t\n\t\t\t\t\t\t\t\t<span><span class=\"counter_number\" data-value=\"10\">10<\/span> \u03bcm<\/span>\n\n\t\t\t\t\t\t\t\t<strong class=\"counter_label\">Concentricit\u00e9<\/strong>\n\n\t\t\t\t\t\t\t<\/div>\n\n\t\t\t\t\t\t<\/div>\n\n\t\t\t\t\t<\/div>\n\n\t\t\t\t\n\t\t\t\t\t<div class=\"col counter_single\">\n\n\t\t\t\t\t\t<div class=\"counter_inner\">\n\n\t\t\t\t\t\t\t<div class=\"counter_icon\">\n\n\t\t\t\t\t\t\t\t<img decoding=\"async\" src=\"https:\/\/acoteq.com\/wp-content\/uploads\/2026\/03\/ion_layers-sharp.svg\" alt=\"\">\n\n\t\t\t\t\t\t\t<\/div>\n\n\t\t\t\t\t\t\t<div class=\"counter_value\">\n\t\t\t\t\t\t\t\t\n\t\t\t\t\t\t\t\t<span><span class=\"counter_number\" data-value=\"1,37\">1,37<\/span> g\/cm\u00b3<\/span>\n\n\t\t\t\t\t\t\t\t<strong class=\"counter_label\">Densit\u00e9<\/strong>\n\n\t\t\t\t\t\t\t<\/div>\n\n\t\t\t\t\t\t<\/div>\n\n\t\t\t\t\t<\/div>\n\n\t\t\t\t\t\n\n\t\t\t\t\t\t\n\n\t\t<\/div>\n\n\t<\/div>\n\n<\/section><\/div>\n<\/div>\n\n\n\n<div style=\"height:30px\" aria-hidden=\"true\" class=\"wp-block-spacer\"><\/div>\n<\/div><\/div>\n\n\n\n<div class=\"wp-block-group has-white-color has-text-color has-background has-link-color wp-elements-ac2bbebf69710e69105aa3ff3302b345\" style=\"background-color:#051c3c\"><div class=\"wp-block-group__inner-container is-layout-constrained wp-block-group-is-layout-constrained\"><section class=\"process\">\n\t\n\t<div class=\"container\">\n\n\t\t<div class=\"row\">\n\n\t\t\t<div class=\"col-lg-4\">\n\n\t\t\t\t<section class=\"headline\">\n\t\t\t\t\t\n\t\t\t\t\t<div class=\"container\">\n\n\t\t\t\t\t\t<div class=\"row\">\n\n\t\t\t\t\t\t\t<div class=\"col-lg-12 p-0\">\n\n\t\t\t\t\t\t\t\t<div class=\"headline_wrapper\">\n\n\t\t\t\t\t\t\t\t\t<h2><em>Comment \u00e7a marche <\/em><strong><span style=\"color: #c7d300;\">DEMANDEZ<br \/>\nVOTRE DEVIS <\/span><\/strong><strong>facilement<\/strong><\/h2>\n\n\t\t\t\t\t\t\t\t<\/div>\n\n\t\t\t\t\t\t\t<\/div>\n\n\t\t\t\t\t\t<\/div>\n\n\t\t\t\t\t<\/div>\n\n\t\t\t\t<\/section>\t\t\t\t\n\n\t\t\t<\/div>\n\n\t\t\t<div class=\"col-lg-8 process_steps\">\n\n\t\t\t\t<div class=\"process_steps_inner\">\n\n\t\t\t\t\t\n\t\t\t\t\t\t\t<div class=\"step_single\">\n\n\t\t\t\t\t\t\t\t<div class=\"step_icon\">\n\n\t\t\t\t\t\t\t\t\t<img decoding=\"async\" src=\"https:\/\/acoteq.com\/wp-content\/uploads\/2026\/02\/icons8_document.svg\" alt=\"\">\n\n\t\t\t\t\t\t\t\t<\/div>\n\n\t\t\t\t\t\t\t\t<div class=\"step_information\">\n\n\t\t\t\t\t\t\t\t\t<strong>1. Identifiez votre pi\u00e8ce<\/strong>\n\n\t\t\t\t\t\t\t\t\t<span>D\u00e9tails du fabricant, r\u00e9f\u00e9rence de la pi\u00e8ce ou une photo. C\u2019est tout ce dont nous avons besoin.<\/span>\n\n\t\t\t\t\t\t\t\t<\/div>\t\t\t\t\t\t\n\n\t\t\t\t\t\t\t<\/div>\n\n\t\t\t\t\t\t\n\t\t\t\t\t\t\t<div class=\"step_single\">\n\n\t\t\t\t\t\t\t\t<div class=\"step_icon\">\n\n\t\t\t\t\t\t\t\t\t<img decoding=\"async\" src=\"https:\/\/acoteq.com\/wp-content\/uploads\/2026\/02\/Vector.svg\" alt=\"\">\n\n\t\t\t\t\t\t\t\t<\/div>\n\n\t\t\t\t\t\t\t\t<div class=\"step_information\">\n\n\t\t\t\t\t\t\t\t\t<strong>2. Envoyez votre demande<\/strong>\n\n\t\t\t\t\t\t\t\t\t<span>Soumettez les d\u00e9tails via notre formulaire de contact, e-mail, Teams ou WhatsApp.<\/span>\n\n\t\t\t\t\t\t\t\t<\/div>\t\t\t\t\t\t\n\n\t\t\t\t\t\t\t<\/div>\n\n\t\t\t\t\t\t\n\t\t\t\t\t\t\t<div class=\"step_single\">\n\n\t\t\t\t\t\t\t\t<div class=\"step_icon\">\n\n\t\t\t\t\t\t\t\t\t<img decoding=\"async\" src=\"https:\/\/acoteq.com\/wp-content\/uploads\/2026\/02\/gg_check-o.svg\" alt=\"\">\n\n\t\t\t\t\t\t\t\t<\/div>\n\n\t\t\t\t\t\t\t\t<div class=\"step_information\">\n\n\t\t\t\t\t\t\t\t\t<strong>3. Recevez votre devis<\/strong>\n\n\t\t\t\t\t\t\t\t\t<span>Nous vous enverrons un devis aussi rapidement que notre r\u00e9seau d\u2019approvisionnement le permet.<\/span>\n\n\t\t\t\t\t\t\t\t<\/div>\t\t\t\t\t\t\n\n\t\t\t\t\t\t\t<\/div>\n\n\t\t\t\t\t\t\t\t\t\t\t\n\n\t\t\t\t<\/div>\n\n\t\t\t<\/div>\n\n\t\t<\/div>\n\n\t<\/div>\n\n<\/section><\/div><\/div>\n\n\n\n<div class=\"wp-block-group has-white-background-color has-background\"><div class=\"wp-block-group__inner-container is-layout-constrained wp-block-group-is-layout-constrained\">\n<div style=\"height:30px\" aria-hidden=\"true\" class=\"wp-block-spacer\"><\/div>\n\n\n\n<div class=\"wp-block-columns is-layout-flex wp-container-core-columns-is-layout-9d6595d7 wp-block-columns-is-layout-flex\">\n<div class=\"wp-block-column is-layout-flow wp-block-column-is-layout-flow\" style=\"flex-basis:66.66%\"><section class=\"text arrow_list green\">\n\t\n\t<div class=\"container\">\n\n\t\t<div class=\"row\">\n\n\t\t\t<div class=\"col-lg-12\">\n\n\t\t\t\t<h3 style=\"text-align: justify;\"><span style=\"color: #14315c;\">La production de fils et c\u00e2bles \u00e0 grande vitesse exige des processus sans vibrations, une disponibilit\u00e9 maximale et des rouleaux de support durables.<\/span><\/h3>\n<p style=\"text-align: left;\"><b>ACOTEQ<\/b> fournit le syst\u00e8me complet pour prolonger la dur\u00e9e de vie des composants et assurer la stabilit\u00e9 op\u00e9rationnelle :<\/p>\n<ul style=\"text-align: justify;\">\n<li><b>Rouleaux GESADUR\u00ae<\/b>,<b> Am\u00e9liorations des roulements<\/b>,<b> GESACLEAN <\/b>&amp;<b> Syst\u00e8mes de lubrification<\/b><\/li>\n<\/ul>\n<p style=\"text-align: justify;\">Nous permettons aux fabricants d\u2019\u00e9liminer les vibrations des machines, d\u2019augmenter en toute s\u00e9curit\u00e9 les vitesses de rotation et d\u2019\u00e9viter les arr\u00eats impr\u00e9vus en exploitant les propri\u00e9t\u00e9s uniques d\u2019\u00a0\u00bbautocicatrisation\u00a0\u00bb et la haute r\u00e9sistance aux chocs des <b>polym\u00e8res GESADUR\u00ae con\u00e7us sur mesure<\/b>.<\/p>\n\n\t\t\t<\/div>\n\n\t\t<\/div>\n\n\t<\/div>\n\n<\/section>\n\n\n<div style=\"height:15px\" aria-hidden=\"true\" class=\"wp-block-spacer\"><\/div>\n\n\n<section class=\"quote\">\n\t\n\t<div class=\"container\">\n\n\t\t<div class=\"row\">\n\n\t\t\t<div class=\"col-lg-12\">\n\n\t\t\t\t<div class=\"quote_inner\">\n\n\t\t\t\t\t<p style=\"text-align: justify;\"><b>Support mondial pour les rouleaux :<\/b> La distance n\u2019est jamais un obstacle. <strong>ACOTEQ<\/strong> est le partenaire sp\u00e9cialis\u00e9 pour vos lignes de toronnage et de tr\u00e9filage au Mexique, au Br\u00e9sil, en Turquie, en Chine, en Pologne, ou partout ailleurs de <b>A (Argentine) \u00e0 Z (Zambie)<\/b>.<\/p>\n<p style=\"text-align: justify;\"><a href=\"https:\/\/acoteq.com\/contact-us\/\">Demandez un devis maintenant<\/a><\/p>\n\n\t\t\t\t<\/div>\n\n\t\t\t<\/div>\n\n\t\t<\/div>\n\n\t<\/div>\n\n<\/section><\/div>\n\n\n\n<div class=\"wp-block-column is-layout-flow wp-block-column-is-layout-flow\" style=\"flex-basis:33.33%\"><div class=\"container\">\n\n\t<div class=\"row\">\n\n\t\t<div class=\"col-lg-12\">\n\n\t\t\t<div class=\"imagewrap\">\n\n\t\t\t\t<img decoding=\"async\" src=\"https:\/\/acoteq.com\/wp-content\/uploads\/2026\/02\/stkr2-e1771953268105.png\" alt=\"\">\n\n\t\t\t\t\n\t\t\t<\/div>\n\n\t\t<\/div>\n\n\t<\/div>\n\n<\/div><\/div>\n<\/div>\n\n\n\n<div style=\"height:50px\" aria-hidden=\"true\" class=\"wp-block-spacer\"><\/div>\n<\/div><\/div>\n","protected":false},"excerpt":{"rendered":"","protected":false},"author":3,"featured_media":0,"parent":0,"menu_order":0,"comment_status":"closed","ping_status":"closed","template":"","meta":{"_acf_changed":false,"footnotes":""},"class_list":["post-2671","page","type-page","status-publish","hentry"],"acf":[],"yoast_head":"<!-- This site is optimized with the Yoast SEO plugin v27.4 - https:\/\/yoast.com\/product\/yoast-seo-wordpress\/ -->\n<title>Rouleaux GESADUR | ACOTEQ<\/title>\n<meta name=\"robots\" content=\"index, follow, max-snippet:-1, max-image-preview:large, max-video-preview:-1\" \/>\n<link rel=\"canonical\" href=\"https:\/\/acoteq.com\/fr\/rouleaux-gesadur\/\" \/>\n<meta property=\"og:locale\" content=\"fr_FR\" \/>\n<meta property=\"og:type\" content=\"article\" \/>\n<meta property=\"og:title\" content=\"Rouleaux GESADUR | ACOTEQ\" \/>\n<meta property=\"og:url\" content=\"https:\/\/acoteq.com\/fr\/rouleaux-gesadur\/\" \/>\n<meta property=\"og:site_name\" content=\"ACOTEQ\" \/>\n<meta property=\"article:modified_time\" content=\"2026-03-19T18:48:33+00:00\" \/>\n<meta name=\"twitter:card\" content=\"summary_large_image\" \/>\n<script type=\"application\/ld+json\" class=\"yoast-schema-graph\">{\"@context\":\"https:\\\/\\\/schema.org\",\"@graph\":[{\"@type\":\"WebPage\",\"@id\":\"https:\\\/\\\/acoteq.com\\\/fr\\\/rouleaux-gesadur\\\/\",\"url\":\"https:\\\/\\\/acoteq.com\\\/fr\\\/rouleaux-gesadur\\\/\",\"name\":\"Rouleaux GESADUR | ACOTEQ\",\"isPartOf\":{\"@id\":\"https:\\\/\\\/acoteq.com\\\/fr\\\/#website\"},\"datePublished\":\"2026-02-24T15:36:27+00:00\",\"dateModified\":\"2026-03-19T18:48:33+00:00\",\"breadcrumb\":{\"@id\":\"https:\\\/\\\/acoteq.com\\\/fr\\\/rouleaux-gesadur\\\/#breadcrumb\"},\"inLanguage\":\"fr-FR\",\"potentialAction\":[{\"@type\":\"ReadAction\",\"target\":[\"https:\\\/\\\/acoteq.com\\\/fr\\\/rouleaux-gesadur\\\/\"]}]},{\"@type\":\"BreadcrumbList\",\"@id\":\"https:\\\/\\\/acoteq.com\\\/fr\\\/rouleaux-gesadur\\\/#breadcrumb\",\"itemListElement\":[{\"@type\":\"ListItem\",\"position\":1,\"name\":\"Home\",\"item\":\"https:\\\/\\\/acoteq.com\\\/fr\\\/\"},{\"@type\":\"ListItem\",\"position\":2,\"name\":\"Rouleaux GESADUR\"}]},{\"@type\":\"WebSite\",\"@id\":\"https:\\\/\\\/acoteq.com\\\/fr\\\/#website\",\"url\":\"https:\\\/\\\/acoteq.com\\\/fr\\\/\",\"name\":\"ACOTEQ\",\"description\":\"\",\"potentialAction\":[{\"@type\":\"SearchAction\",\"target\":{\"@type\":\"EntryPoint\",\"urlTemplate\":\"https:\\\/\\\/acoteq.com\\\/fr\\\/?s={search_term_string}\"},\"query-input\":{\"@type\":\"PropertyValueSpecification\",\"valueRequired\":true,\"valueName\":\"search_term_string\"}}],\"inLanguage\":\"fr-FR\"}]}<\/script>\n<!-- \/ Yoast SEO plugin. -->","yoast_head_json":{"title":"Rouleaux GESADUR | ACOTEQ","robots":{"index":"index","follow":"follow","max-snippet":"max-snippet:-1","max-image-preview":"max-image-preview:large","max-video-preview":"max-video-preview:-1"},"canonical":"https:\/\/acoteq.com\/fr\/rouleaux-gesadur\/","og_locale":"fr_FR","og_type":"article","og_title":"Rouleaux GESADUR | ACOTEQ","og_url":"https:\/\/acoteq.com\/fr\/rouleaux-gesadur\/","og_site_name":"ACOTEQ","article_modified_time":"2026-03-19T18:48:33+00:00","twitter_card":"summary_large_image","schema":{"@context":"https:\/\/schema.org","@graph":[{"@type":"WebPage","@id":"https:\/\/acoteq.com\/fr\/rouleaux-gesadur\/","url":"https:\/\/acoteq.com\/fr\/rouleaux-gesadur\/","name":"Rouleaux GESADUR | ACOTEQ","isPartOf":{"@id":"https:\/\/acoteq.com\/fr\/#website"},"datePublished":"2026-02-24T15:36:27+00:00","dateModified":"2026-03-19T18:48:33+00:00","breadcrumb":{"@id":"https:\/\/acoteq.com\/fr\/rouleaux-gesadur\/#breadcrumb"},"inLanguage":"fr-FR","potentialAction":[{"@type":"ReadAction","target":["https:\/\/acoteq.com\/fr\/rouleaux-gesadur\/"]}]},{"@type":"BreadcrumbList","@id":"https:\/\/acoteq.com\/fr\/rouleaux-gesadur\/#breadcrumb","itemListElement":[{"@type":"ListItem","position":1,"name":"Home","item":"https:\/\/acoteq.com\/fr\/"},{"@type":"ListItem","position":2,"name":"Rouleaux GESADUR"}]},{"@type":"WebSite","@id":"https:\/\/acoteq.com\/fr\/#website","url":"https:\/\/acoteq.com\/fr\/","name":"ACOTEQ","description":"","potentialAction":[{"@type":"SearchAction","target":{"@type":"EntryPoint","urlTemplate":"https:\/\/acoteq.com\/fr\/?s={search_term_string}"},"query-input":{"@type":"PropertyValueSpecification","valueRequired":true,"valueName":"search_term_string"}}],"inLanguage":"fr-FR"}]}},"_links":{"self":[{"href":"https:\/\/acoteq.com\/fr\/wp-json\/wp\/v2\/pages\/2671","targetHints":{"allow":["GET"]}}],"collection":[{"href":"https:\/\/acoteq.com\/fr\/wp-json\/wp\/v2\/pages"}],"about":[{"href":"https:\/\/acoteq.com\/fr\/wp-json\/wp\/v2\/types\/page"}],"author":[{"embeddable":true,"href":"https:\/\/acoteq.com\/fr\/wp-json\/wp\/v2\/users\/3"}],"replies":[{"embeddable":true,"href":"https:\/\/acoteq.com\/fr\/wp-json\/wp\/v2\/comments?post=2671"}],"version-history":[{"count":17,"href":"https:\/\/acoteq.com\/fr\/wp-json\/wp\/v2\/pages\/2671\/revisions"}],"predecessor-version":[{"id":10334,"href":"https:\/\/acoteq.com\/fr\/wp-json\/wp\/v2\/pages\/2671\/revisions\/10334"}],"wp:attachment":[{"href":"https:\/\/acoteq.com\/fr\/wp-json\/wp\/v2\/media?parent=2671"}],"curies":[{"name":"wp","href":"https:\/\/api.w.org\/{rel}","templated":true}]}}