{"id":3529,"date":"2026-02-12T14:04:12","date_gmt":"2026-02-12T13:04:12","guid":{"rendered":"https:\/\/acoteq.com\/timing-belts\/"},"modified":"2026-03-17T13:43:37","modified_gmt":"2026-03-17T12:43:37","slug":"courroies-dentees","status":"publish","type":"page","link":"https:\/\/acoteq.com\/fr\/pieces-de-rechange\/pieces-mecaniques\/courroies\/courroies-dentees\/","title":{"rendered":"Courroies dent\u00e9es"},"content":{"rendered":"<section class=\"cta\">\n\t\n\t<div class=\"container\">\n\n\t\t<div class=\"row\">\n\n\t\t\t<div class=\"col-lg-12\">\n\n\t\t\t\t<div class=\"cta_inner\">\n\n\t\t\t\t\t<div>\n\n\t\t\t\t\t\t<span class=\"pre_headline\"><i class=\"fas fa-search\"><\/i>&nbsp;Experts en approvisionnement mondial<\/span>\n\n\t\t\t\t\t\t<p><strong><em>Vous ne trouvez pas<\/em> votre pi\u00e8ce ?<\/strong><\/p>\n<p>Notre catalogue en ligne ne pr\u00e9sente que 5 % de nos capacit\u00e9s d\u2019approvisionnement.<br \/>\n<strong>Laissez nos experts trouver exactement ce dont vous avez besoin.<\/strong><\/p>\n\n\t\t\t\t\t<\/div>\n\n\t\t\t\t\t<div>\n\n\t\t\t\t\t\t\n\t\t\t\t\t\t\t<a class=\"button light\" href=\"#contact\" target=\"\">Demander un devis&nbsp;<i class=\"fas fa-arrow-right\"><\/i><\/a>\n\n\t\t\t\t\t\t\n\t\t\t\t\t<\/div>\n\n\t\t\t\t\t<i class=\"fas fa-times close_cta\"><\/i>\n\n\t\t\t\t<\/div>\n\n\t\t\t<\/div>\n\n\t\t<\/div>\n\n\t<\/div>\n\n<\/section>\n\n\n<div style=\"height:75px\" aria-hidden=\"true\" class=\"wp-block-spacer\"><\/div>\n\n\n<div class=\"yoast-breadcrumbs\"><span><span><a href=\"https:\/\/acoteq.com\/fr\/\"><i class=\"fas fa-home\">Home<\/i><\/a><\/span> \/ <span><a href=\"https:\/\/acoteq.com\/fr\/pieces-de-rechange\/\">Pi\u00e8ces de Rechange<\/a><\/span> \/ <span><a href=\"https:\/\/acoteq.com\/fr\/pieces-de-rechange\/pieces-mecaniques\/\">Pi\u00e8ces M\u00e9caniques<\/a><\/span> \/ <span><a href=\"https:\/\/acoteq.com\/fr\/repuestos\/repuestos-mecanicos\/correas\/\">Courroies<\/a><\/span> \/ <span class=\"breadcrumb_last\" aria-current=\"page\">Courroies dent\u00e9es<\/span><\/span><\/div>\n\n\n<div class=\"wp-block-group has-white-background-color has-text-color has-background has-link-color wp-elements-f06e8636cd91d46b74035cf0a91aebff\" style=\"color:#0e3770\"><div class=\"wp-block-group__inner-container is-layout-constrained wp-block-group-is-layout-constrained\"><section class=\"headline align-left \">\n\t\n\t<div class=\"container\">\n\n\t\t<div class=\"row\">\n\n\t\t\t<div class=\"col-lg-12\">\n\n\t\t\t\t<div class=\"headline_wrapper\">\n\n\t\t\t\t\t<h1><strong>Courroies <\/strong>dent\u00e9es<\/h1>\n\n\t\t\t\t\t\n\t\t\t\t<\/div>\n\n\t\t\t<\/div>\n\n\t\t<\/div>\n\n\t<\/div>\n\n<\/section>\n\n\n<div style=\"height:50px\" aria-hidden=\"true\" class=\"wp-block-spacer\"><\/div>\n\n\n<section class=\"cards\">\n\t\n\t<div class=\"container\">\n\n\t\t<div class=\"row\">\n\n\t\t\t\n\t\t\t\t\n\t\t\t\t\t<div class=\"col-lg-4 col-md-6 card_single\">\n\n\t\t\t\t\t\t\n\t\t\t\t\t\t<div class=\"card_inner\">\n\n\t\t\t\t\t\t\t\t\t\t\t\t\t\t\t<a href=\"https:\/\/acoteq.com\/fr\/pieces-de-rechange\/pieces-mecaniques\/courroies\/courroies-dentees\/courroies-de-distribution-automobiles\/\">\n\t\t\t\t\t\t\t\t\t<img decoding=\"async\" width=\"640\" height=\"427\" src=\"https:\/\/acoteq.com\/wp-content\/uploads\/2026\/02\/4.1.2-Automotive-Timing-Belts.png-1024x683.webp\" class=\"attachment-large size-large wp-post-image\" alt=\"Category image\" loading=\"lazy\" srcset=\"https:\/\/acoteq.com\/wp-content\/uploads\/2026\/02\/4.1.2-Automotive-Timing-Belts.png-1024x683.webp 1024w, https:\/\/acoteq.com\/wp-content\/uploads\/2026\/02\/4.1.2-Automotive-Timing-Belts.png-300x200.webp 300w, https:\/\/acoteq.com\/wp-content\/uploads\/2026\/02\/4.1.2-Automotive-Timing-Belts.png-768x512.webp 768w, https:\/\/acoteq.com\/wp-content\/uploads\/2026\/02\/4.1.2-Automotive-Timing-Belts.png.webp 1536w\" sizes=\"auto, (max-width: 640px) 100vw, 640px\" \/>\t\t\t\t\t\t\t\t<\/a>\n\t\t\t\t\t\t\t\t\n\n\t\t\t\t\t\t\t<div class=\"card_information\">\t\n\n\t\t\t\t\t\t\t\t<div>\n\n\t\t\t\t\t\t\t\t\t<h3>\n\t\t\t\t\t\t\t\t\t\t<a href=\"https:\/\/acoteq.com\/fr\/pieces-de-rechange\/pieces-mecaniques\/courroies\/courroies-dentees\/courroies-de-distribution-automobiles\/\">\n\t\t\t\t\t\t\t\t\t\t\t<b>Courroies<\/b> de distribution automobiles\t\t\t\t\t\t\t\t\t\t\t\n\t\t\t\t\t\t\t\t\t\t<\/a>\n\t\t\t\t\t\t\t\t\t<\/h3>\n\n\t\t\t\t\t\t\t\t\t\t\t\n\n\t\t\t\t\t\t\t\t<\/div>\t\n\n\t\t\t\t\t\t\t\t<div class=\"cards_linkwrap\">\n\n\t\t\t\t\t\t\t\t\t\t\t\t\t\t\t\t\t\t\t\n\t\t\t\t\t\t\t\t\t\t<a href=\"https:\/\/acoteq.com\/fr\/pieces-de-rechange\/pieces-mecaniques\/courroies\/courroies-dentees\/courroies-de-distribution-automobiles\/\">\n\t\t\t\t\t\t\t\t\t\t\tVoir la cat\u00e9gorie&nbsp;<i class=\"fas fa-arrow-right\"><\/i>\n\t\t\t\t\t\t\t\t\t\t<\/a>\t\t\t\t\t\t\t\t\t\t\n\n\t\t\t\t\t\t\t\t\t\t\t\t\t\n\n\t\t\t\t\t\t\t\t<\/div>\t\t\t\t\t\t\t\t\t\t\t\t\t\t\t\n\n\t\t\t\t\t\t\t<\/div>\n\n\t\t\t\t\t\t<\/div>\n\n\t\t\t\t\t<\/div>\n\n\t\t\t\t\n\t\t\t\t\t<div class=\"col-lg-4 col-md-6 card_single\">\n\n\t\t\t\t\t\t\n\t\t\t\t\t\t<div class=\"card_inner\">\n\n\t\t\t\t\t\t\t\t\t\t\t\t\t\t\t<a href=\"https:\/\/acoteq.com\/fr\/pieces-de-rechange\/pieces-mecaniques\/courroies\/courroies-dentees\/courroies-synchrones-en-caoutchouc\/\">\n\t\t\t\t\t\t\t\t\t<img decoding=\"async\" width=\"640\" height=\"427\" src=\"https:\/\/acoteq.com\/wp-content\/uploads\/2026\/02\/4.2.2-Rubber-Timing-Belts.png-1024x683.webp\" class=\"attachment-large size-large wp-post-image\" alt=\"Category image\" loading=\"lazy\" srcset=\"https:\/\/acoteq.com\/wp-content\/uploads\/2026\/02\/4.2.2-Rubber-Timing-Belts.png-1024x683.webp 1024w, https:\/\/acoteq.com\/wp-content\/uploads\/2026\/02\/4.2.2-Rubber-Timing-Belts.png-300x200.webp 300w, https:\/\/acoteq.com\/wp-content\/uploads\/2026\/02\/4.2.2-Rubber-Timing-Belts.png-768x512.webp 768w, https:\/\/acoteq.com\/wp-content\/uploads\/2026\/02\/4.2.2-Rubber-Timing-Belts.png.webp 1536w\" sizes=\"auto, (max-width: 640px) 100vw, 640px\" \/>\t\t\t\t\t\t\t\t<\/a>\n\t\t\t\t\t\t\t\t\n\n\t\t\t\t\t\t\t<div class=\"card_information\">\t\n\n\t\t\t\t\t\t\t\t<div>\n\n\t\t\t\t\t\t\t\t\t<h3>\n\t\t\t\t\t\t\t\t\t\t<a href=\"https:\/\/acoteq.com\/fr\/pieces-de-rechange\/pieces-mecaniques\/courroies\/courroies-dentees\/courroies-synchrones-en-caoutchouc\/\">\n\t\t\t\t\t\t\t\t\t\t\t<b>Courroies<\/b> synchrones en caoutchouc\t\t\t\t\t\t\t\t\t\t\t\n\t\t\t\t\t\t\t\t\t\t<\/a>\n\t\t\t\t\t\t\t\t\t<\/h3>\n\n\t\t\t\t\t\t\t\t\t\t\t\n\n\t\t\t\t\t\t\t\t<\/div>\t\n\n\t\t\t\t\t\t\t\t<div class=\"cards_linkwrap\">\n\n\t\t\t\t\t\t\t\t\t\t\t\t\t\t\t\t\t\t\t\n\t\t\t\t\t\t\t\t\t\t<a href=\"https:\/\/acoteq.com\/fr\/pieces-de-rechange\/pieces-mecaniques\/courroies\/courroies-dentees\/courroies-synchrones-en-caoutchouc\/\">\n\t\t\t\t\t\t\t\t\t\t\tVoir la cat\u00e9gorie&nbsp;<i class=\"fas fa-arrow-right\"><\/i>\n\t\t\t\t\t\t\t\t\t\t<\/a>\t\t\t\t\t\t\t\t\t\t\n\n\t\t\t\t\t\t\t\t\t\t\t\t\t\n\n\t\t\t\t\t\t\t\t<\/div>\t\t\t\t\t\t\t\t\t\t\t\t\t\t\t\n\n\t\t\t\t\t\t\t<\/div>\n\n\t\t\t\t\t\t<\/div>\n\n\t\t\t\t\t<\/div>\n\n\t\t\t\t\n\t\t\t\t\t<div class=\"col-lg-4 col-md-6 card_single\">\n\n\t\t\t\t\t\t\n\t\t\t\t\t\t<div class=\"card_inner\">\n\n\t\t\t\t\t\t\t\t\t\t\t\t\t\t\t<a href=\"https:\/\/acoteq.com\/fr\/pieces-de-rechange\/pieces-mecaniques\/courroies\/courroies-dentees\/courroies-synchrones-pu\/\">\n\t\t\t\t\t\t\t\t\t<img decoding=\"async\" width=\"640\" height=\"427\" src=\"https:\/\/acoteq.com\/wp-content\/uploads\/2026\/02\/4.3.2-PU-Timing-Belts.png-1024x683.webp\" class=\"attachment-large size-large wp-post-image\" alt=\"Category image\" loading=\"lazy\" srcset=\"https:\/\/acoteq.com\/wp-content\/uploads\/2026\/02\/4.3.2-PU-Timing-Belts.png-1024x683.webp 1024w, https:\/\/acoteq.com\/wp-content\/uploads\/2026\/02\/4.3.2-PU-Timing-Belts.png-300x200.webp 300w, https:\/\/acoteq.com\/wp-content\/uploads\/2026\/02\/4.3.2-PU-Timing-Belts.png-768x512.webp 768w, https:\/\/acoteq.com\/wp-content\/uploads\/2026\/02\/4.3.2-PU-Timing-Belts.png.webp 1536w\" sizes=\"auto, (max-width: 640px) 100vw, 640px\" \/>\t\t\t\t\t\t\t\t<\/a>\n\t\t\t\t\t\t\t\t\n\n\t\t\t\t\t\t\t<div class=\"card_information\">\t\n\n\t\t\t\t\t\t\t\t<div>\n\n\t\t\t\t\t\t\t\t\t<h3>\n\t\t\t\t\t\t\t\t\t\t<a href=\"https:\/\/acoteq.com\/fr\/pieces-de-rechange\/pieces-mecaniques\/courroies\/courroies-dentees\/courroies-synchrones-pu\/\">\n\t\t\t\t\t\t\t\t\t\t\t<b>Courroies<\/b> synchrones PU\t\t\t\t\t\t\t\t\t\t\t\n\t\t\t\t\t\t\t\t\t\t<\/a>\n\t\t\t\t\t\t\t\t\t<\/h3>\n\n\t\t\t\t\t\t\t\t\t\t\t\n\n\t\t\t\t\t\t\t\t<\/div>\t\n\n\t\t\t\t\t\t\t\t<div class=\"cards_linkwrap\">\n\n\t\t\t\t\t\t\t\t\t\t\t\t\t\t\t\t\t\t\t\n\t\t\t\t\t\t\t\t\t\t<a href=\"https:\/\/acoteq.com\/fr\/pieces-de-rechange\/pieces-mecaniques\/courroies\/courroies-dentees\/courroies-synchrones-pu\/\">\n\t\t\t\t\t\t\t\t\t\t\tVoir la cat\u00e9gorie&nbsp;<i class=\"fas fa-arrow-right\"><\/i>\n\t\t\t\t\t\t\t\t\t\t<\/a>\t\t\t\t\t\t\t\t\t\t\n\n\t\t\t\t\t\t\t\t\t\t\t\t\t\n\n\t\t\t\t\t\t\t\t<\/div>\t\t\t\t\t\t\t\t\t\t\t\t\t\t\t\n\n\t\t\t\t\t\t\t<\/div>\n\n\t\t\t\t\t\t<\/div>\n\n\t\t\t\t\t<\/div>\n\n\t\t\t\t\t\t\t\n\n\t\t\t\t\t\t\n\n\t\t<\/div>\n\n\t<\/div>\n\n<\/section>\n<\/div><\/div>\n\n\n\n<div class=\"wp-block-group has-white-color has-text-color has-background has-link-color wp-elements-ac2bbebf69710e69105aa3ff3302b345\" style=\"background-color:#051c3c\"><div class=\"wp-block-group__inner-container is-layout-constrained wp-block-group-is-layout-constrained\"><section class=\"process\">\n\t\n\t<div class=\"container\">\n\n\t\t<div class=\"row\">\n\n\t\t\t<div class=\"col-lg-4\">\n\n\t\t\t\t<section class=\"headline\">\n\t\t\t\t\t\n\t\t\t\t\t<div class=\"container\">\n\n\t\t\t\t\t\t<div class=\"row\">\n\n\t\t\t\t\t\t\t<div class=\"col-lg-12 p-0\">\n\n\t\t\t\t\t\t\t\t<div class=\"headline_wrapper\">\n\n\t\t\t\t\t\t\t\t\t<h2><em>Comment \u00e7a marche <\/em><strong><span style=\"color: #c7d300;\">DEMANDEZ<br \/>\nVOTRE DEVIS <\/span><\/strong><strong>facilement<\/strong><\/h2>\n\n\t\t\t\t\t\t\t\t<\/div>\n\n\t\t\t\t\t\t\t<\/div>\n\n\t\t\t\t\t\t<\/div>\n\n\t\t\t\t\t<\/div>\n\n\t\t\t\t<\/section>\t\t\t\t\n\n\t\t\t<\/div>\n\n\t\t\t<div class=\"col-lg-8 process_steps\">\n\n\t\t\t\t<div class=\"process_steps_inner\">\n\n\t\t\t\t\t\n\t\t\t\t\t\t\t<div class=\"step_single\">\n\n\t\t\t\t\t\t\t\t<div class=\"step_icon\">\n\n\t\t\t\t\t\t\t\t\t<img decoding=\"async\" src=\"https:\/\/acoteq.com\/wp-content\/uploads\/2026\/02\/icons8_document.svg\" alt=\"\">\n\n\t\t\t\t\t\t\t\t<\/div>\n\n\t\t\t\t\t\t\t\t<div class=\"step_information\">\n\n\t\t\t\t\t\t\t\t\t<strong>1. Identifiez votre pi\u00e8ce<\/strong>\n\n\t\t\t\t\t\t\t\t\t<span>D\u00e9tails du fabricant, r\u00e9f\u00e9rence de la pi\u00e8ce ou une photo. C\u2019est tout ce dont nous avons besoin.<\/span>\n\n\t\t\t\t\t\t\t\t<\/div>\t\t\t\t\t\t\n\n\t\t\t\t\t\t\t<\/div>\n\n\t\t\t\t\t\t\n\t\t\t\t\t\t\t<div class=\"step_single\">\n\n\t\t\t\t\t\t\t\t<div class=\"step_icon\">\n\n\t\t\t\t\t\t\t\t\t<img decoding=\"async\" src=\"https:\/\/acoteq.com\/wp-content\/uploads\/2026\/02\/Vector.svg\" alt=\"\">\n\n\t\t\t\t\t\t\t\t<\/div>\n\n\t\t\t\t\t\t\t\t<div class=\"step_information\">\n\n\t\t\t\t\t\t\t\t\t<strong>2. Envoyez votre demande<\/strong>\n\n\t\t\t\t\t\t\t\t\t<span>Soumettez les d\u00e9tails via notre formulaire de contact, e-mail, Teams ou WhatsApp.<\/span>\n\n\t\t\t\t\t\t\t\t<\/div>\t\t\t\t\t\t\n\n\t\t\t\t\t\t\t<\/div>\n\n\t\t\t\t\t\t\n\t\t\t\t\t\t\t<div class=\"step_single\">\n\n\t\t\t\t\t\t\t\t<div class=\"step_icon\">\n\n\t\t\t\t\t\t\t\t\t<img decoding=\"async\" src=\"https:\/\/acoteq.com\/wp-content\/uploads\/2026\/02\/gg_check-o.svg\" alt=\"\">\n\n\t\t\t\t\t\t\t\t<\/div>\n\n\t\t\t\t\t\t\t\t<div class=\"step_information\">\n\n\t\t\t\t\t\t\t\t\t<strong>3. Recevez votre devis<\/strong>\n\n\t\t\t\t\t\t\t\t\t<span>Nous vous enverrons un devis aussi rapidement que notre r\u00e9seau d\u2019approvisionnement le permet.<\/span>\n\n\t\t\t\t\t\t\t\t<\/div>\t\t\t\t\t\t\n\n\t\t\t\t\t\t\t<\/div>\n\n\t\t\t\t\t\t\t\t\t\t\t\n\n\t\t\t\t<\/div>\n\n\t\t\t<\/div>\n\n\t\t<\/div>\n\n\t<\/div>\n\n<\/section><\/div><\/div>\n\n\n\n<div class=\"wp-block-group has-white-background-color has-text-color has-background has-link-color wp-elements-aa6d8fdf646c0afa89800d9593482c7c\" style=\"color:#0e3770\"><div class=\"wp-block-group__inner-container is-layout-constrained wp-block-group-is-layout-constrained\"><section class=\"headline align-left \">\n\t\n\t<div class=\"container\">\n\n\t\t<div class=\"row\">\n\n\t\t\t<div class=\"col-lg-12\">\n\n\t\t\t\t<div class=\"headline_wrapper\">\n\n\t\t\t\t\t<h1><strong>Quelles courroies dent\u00e9es <\/strong>proposez-vous ?<\/h1>\n\n\t\t\t\t\t\n\t\t\t\t<\/div>\n\n\t\t\t<\/div>\n\n\t\t<\/div>\n\n\t<\/div>\n\n<\/section>\n\n\n<div style=\"height:15px\" aria-hidden=\"true\" class=\"wp-block-spacer\"><\/div>\n\n\n\n<div class=\"wp-block-columns is-layout-flex wp-container-core-columns-is-layout-9d6595d7 wp-block-columns-is-layout-flex\">\n<div class=\"wp-block-column is-layout-flow wp-block-column-is-layout-flow\"><section class=\"text \">\n\t\n\t<div class=\"container\">\n\n\t\t<div class=\"row\">\n\n\t\t\t<div class=\"col-lg-12\">\n\n\t\t\t\t<p><strong>Les courroies dent\u00e9es<\/strong> sont des composants essentiels pour la transmission synchrone de puissance, garantissant un mouvement pr\u00e9cis entre les arbres sans glissement ni jeu. Utilis\u00e9es dans l\u2019automatisation industrielle, la robotique, les lignes de conditionnement, les convoyeurs et les syst\u00e8mes automobiles, les courroies dent\u00e9es assurent des rapports de vitesse constants et un positionnement exact, m\u00eame sous des charges dynamiques et des cycles \u00e0 grande vitesse.<\/p>\n<p>Chez <strong>ACOTEQ<\/strong>, nous fournissons une large gamme de <strong>courroies dent\u00e9es<\/strong>, y compris des <strong>courroies de distribution automobiles<\/strong>, des <strong>courroies dent\u00e9es en caoutchouc<\/strong> et des <strong>courroies dent\u00e9es en PU (polyur\u00e9thane)<\/strong>, disponibles en <strong>versions d\u2019origine et compatibles<\/strong> pour les grandes marques industrielles et OEM. Nos courroies sont propos\u00e9es en pas imp\u00e9riaux et m\u00e9triques (T5, T10, AT10, HTD, STD, et plus encore), avec des options de renfort telles que des c\u00e2bles en acier, de la fibre de verre et de l\u2019aramide pour une dur\u00e9e de vie prolong\u00e9e et un allongement minimal.<\/p>\n<p>Que vous ayez besoin de <strong>courroies haute pr\u00e9cision<\/strong> pour des syst\u00e8mes d\u2019entra\u00eenement synchronis\u00e9s ou de <strong>courroies dent\u00e9es durables<\/strong> pour des environnements difficiles, nous pouvons vous aider \u00e0 trouver le profil, la longueur et la g\u00e9om\u00e9trie de dent id\u00e9als pour votre \u00e9quipement. Les applications vont des machines CNC et des syst\u00e8mes de remplissage aux moteurs, extrudeuses et lignes de transfert.<\/p>\n<p>Toutes les courroies sont con\u00e7ues pour des charges de couple \u00e9lev\u00e9es, une r\u00e9sistance \u00e0 l\u2019abrasion et aux huiles, ainsi que des performances constantes malgr\u00e9 les variations de temp\u00e9rature. Nos courroies dent\u00e9es en PU offrent une excellente r\u00e9sistance chimique et une stabilit\u00e9 dimensionnelle, tandis que les courroies dent\u00e9es en caoutchouc assurent un fonctionnement silencieux et des performances \u00e9conomiques pour les entra\u00eenements industriels standard.<\/p>\n<p>Nous accompagnons les ing\u00e9nieurs et les \u00e9quipes de maintenance avec <strong>des recherches d\u2019\u00e9quivalences, des conseils techniques et des options de d\u00e9coupe sur mesure<\/strong> en fonction des sp\u00e9cifications de votre projet. Nos courroies dent\u00e9es sont disponibles pour une <strong>livraison dans le monde entier<\/strong>, et nous garantissons des d\u00e9lais rapides et une assistance technique tout au long de votre processus d\u2019approvisionnement.<\/p>\n<p><strong>Demandez un devis d\u00e8s aujourd\u2019hui<\/strong> ou explorez notre catalogue pour vous approvisionner en courroies dent\u00e9es adapt\u00e9es \u00e0 vos exigences op\u00e9rationnelles \u2014 approuv\u00e9es par des fabricants, int\u00e9grateurs de syst\u00e8mes et OEM dans le monde entier.<\/p>\n\n\t\t\t<\/div>\n\n\t\t<\/div>\n\n\t<\/div>\n\n<\/section><\/div>\n\n\n\n<div class=\"wp-block-column is-layout-flow wp-block-column-is-layout-flow\"><div class=\"container\">\n\n\t<div class=\"row\">\n\n\t\t<div class=\"col-lg-12\">\n\n\t\t\t<div class=\"imagewrap\">\n\n\t\t\t\t<img decoding=\"async\" src=\"https:\/\/acoteq.com\/wp-content\/uploads\/2026\/03\/timing-belts-e1773741925364.png\" alt=\"\">\n\n\t\t\t\t\n\t\t\t<\/div>\n\n\t\t<\/div>\n\n\t<\/div>\n\n<\/div><\/div>\n<\/div>\n<\/div><\/div>\n","protected":false},"excerpt":{"rendered":"","protected":false},"author":1,"featured_media":3530,"parent":3633,"menu_order":0,"comment_status":"closed","ping_status":"closed","template":"","meta":{"_acf_changed":false,"footnotes":""},"class_list":["post-3529","page","type-page","status-publish","has-post-thumbnail","hentry"],"acf":[],"yoast_head":"<!-- This site is optimized with the Yoast SEO plugin v27.4 - https:\/\/yoast.com\/product\/yoast-seo-wordpress\/ -->\n<title>Courroies dent\u00e9es | Pi\u00eaces de Rechange M\u00e9caniques | ACOTEQ<\/title>\n<meta name=\"description\" content=\"Timing belts compatible with Gates, Optibelt, ContiTech, and more. For synchronous power transmission and precise motion. Worldwide shipping.\" \/>\n<meta name=\"robots\" content=\"index, follow, max-snippet:-1, max-image-preview:large, max-video-preview:-1\" \/>\n<link rel=\"canonical\" href=\"https:\/\/acoteq.com\/fr\/pieces-de-rechange\/pieces-mecaniques\/courroies\/courroies-dentees\/\" \/>\n<meta property=\"og:locale\" content=\"fr_FR\" \/>\n<meta property=\"og:type\" content=\"article\" \/>\n<meta property=\"og:title\" content=\"Courroies dent\u00e9es | Pi\u00eaces de Rechange M\u00e9caniques | ACOTEQ\" \/>\n<meta property=\"og:description\" content=\"Timing belts compatible with Gates, Optibelt, ContiTech, and more. For synchronous power transmission and precise motion. Worldwide shipping.\" \/>\n<meta property=\"og:url\" content=\"https:\/\/acoteq.com\/fr\/pieces-de-rechange\/pieces-mecaniques\/courroies\/courroies-dentees\/\" \/>\n<meta property=\"og:site_name\" content=\"ACOTEQ\" \/>\n<meta property=\"article:modified_time\" content=\"2026-03-17T12:43:37+00:00\" \/>\n<meta property=\"og:image\" content=\"https:\/\/acoteq.com\/wp-content\/uploads\/2026\/02\/4-Timing-Belts-3.png.webp\" \/>\n\t<meta property=\"og:image:width\" content=\"2440\" \/>\n\t<meta property=\"og:image:height\" content=\"1626\" \/>\n\t<meta property=\"og:image:type\" content=\"image\/webp\" \/>\n<meta name=\"twitter:card\" content=\"summary_large_image\" \/>\n<meta name=\"twitter:label1\" content=\"Dur\u00e9e de lecture estim\u00e9e\" \/>\n\t<meta name=\"twitter:data1\" content=\"1 minute\" \/>\n<script type=\"application\/ld+json\" class=\"yoast-schema-graph\">{\"@context\":\"https:\\\/\\\/schema.org\",\"@graph\":[{\"@type\":\"WebPage\",\"@id\":\"https:\\\/\\\/acoteq.com\\\/fr\\\/pieces-de-rechange\\\/pieces-mecaniques\\\/courroies\\\/courroies-dentees\\\/\",\"url\":\"https:\\\/\\\/acoteq.com\\\/fr\\\/pieces-de-rechange\\\/pieces-mecaniques\\\/courroies\\\/courroies-dentees\\\/\",\"name\":\"Courroies dent\u00e9es | Pi\u00eaces de Rechange M\u00e9caniques | ACOTEQ\",\"isPartOf\":{\"@id\":\"https:\\\/\\\/acoteq.com\\\/fr\\\/#website\"},\"primaryImageOfPage\":{\"@id\":\"https:\\\/\\\/acoteq.com\\\/fr\\\/pieces-de-rechange\\\/pieces-mecaniques\\\/courroies\\\/courroies-dentees\\\/#primaryimage\"},\"image\":{\"@id\":\"https:\\\/\\\/acoteq.com\\\/fr\\\/pieces-de-rechange\\\/pieces-mecaniques\\\/courroies\\\/courroies-dentees\\\/#primaryimage\"},\"thumbnailUrl\":\"https:\\\/\\\/acoteq.com\\\/wp-content\\\/uploads\\\/2026\\\/02\\\/4-Timing-Belts-3.png.webp\",\"datePublished\":\"2026-02-12T13:04:12+00:00\",\"dateModified\":\"2026-03-17T12:43:37+00:00\",\"description\":\"Timing belts compatible with Gates, Optibelt, ContiTech, and more. For synchronous power transmission and precise motion. Worldwide shipping.\",\"breadcrumb\":{\"@id\":\"https:\\\/\\\/acoteq.com\\\/fr\\\/pieces-de-rechange\\\/pieces-mecaniques\\\/courroies\\\/courroies-dentees\\\/#breadcrumb\"},\"inLanguage\":\"fr-FR\",\"potentialAction\":[{\"@type\":\"ReadAction\",\"target\":[\"https:\\\/\\\/acoteq.com\\\/fr\\\/pieces-de-rechange\\\/pieces-mecaniques\\\/courroies\\\/courroies-dentees\\\/\"]}]},{\"@type\":\"ImageObject\",\"inLanguage\":\"fr-FR\",\"@id\":\"https:\\\/\\\/acoteq.com\\\/fr\\\/pieces-de-rechange\\\/pieces-mecaniques\\\/courroies\\\/courroies-dentees\\\/#primaryimage\",\"url\":\"https:\\\/\\\/acoteq.com\\\/wp-content\\\/uploads\\\/2026\\\/02\\\/4-Timing-Belts-3.png.webp\",\"contentUrl\":\"https:\\\/\\\/acoteq.com\\\/wp-content\\\/uploads\\\/2026\\\/02\\\/4-Timing-Belts-3.png.webp\",\"width\":2440,\"height\":1626},{\"@type\":\"BreadcrumbList\",\"@id\":\"https:\\\/\\\/acoteq.com\\\/fr\\\/pieces-de-rechange\\\/pieces-mecaniques\\\/courroies\\\/courroies-dentees\\\/#breadcrumb\",\"itemListElement\":[{\"@type\":\"ListItem\",\"position\":1,\"name\":\"Home\",\"item\":\"https:\\\/\\\/acoteq.com\\\/fr\\\/\"},{\"@type\":\"ListItem\",\"position\":2,\"name\":\"Pi\u00e8ces de Rechange\",\"item\":\"https:\\\/\\\/acoteq.com\\\/fr\\\/pieces-de-rechange\\\/\"},{\"@type\":\"ListItem\",\"position\":3,\"name\":\"Pi\u00e8ces M\u00e9caniques\",\"item\":\"https:\\\/\\\/acoteq.com\\\/fr\\\/pieces-de-rechange\\\/pieces-mecaniques\\\/\"},{\"@type\":\"ListItem\",\"position\":4,\"name\":\"Courroies\",\"item\":\"https:\\\/\\\/acoteq.com\\\/fr\\\/repuestos\\\/repuestos-mecanicos\\\/correas\\\/\"},{\"@type\":\"ListItem\",\"position\":5,\"name\":\"Courroies dent\u00e9es\"}]},{\"@type\":\"WebSite\",\"@id\":\"https:\\\/\\\/acoteq.com\\\/fr\\\/#website\",\"url\":\"https:\\\/\\\/acoteq.com\\\/fr\\\/\",\"name\":\"ACOTEQ\",\"description\":\"\",\"potentialAction\":[{\"@type\":\"SearchAction\",\"target\":{\"@type\":\"EntryPoint\",\"urlTemplate\":\"https:\\\/\\\/acoteq.com\\\/fr\\\/?s={search_term_string}\"},\"query-input\":{\"@type\":\"PropertyValueSpecification\",\"valueRequired\":true,\"valueName\":\"search_term_string\"}}],\"inLanguage\":\"fr-FR\"}]}<\/script>\n<!-- \/ Yoast SEO plugin. -->","yoast_head_json":{"title":"Courroies dent\u00e9es | Pi\u00eaces de Rechange M\u00e9caniques | ACOTEQ","description":"Timing belts compatible with Gates, Optibelt, ContiTech, and more. For synchronous power transmission and precise motion. Worldwide shipping.","robots":{"index":"index","follow":"follow","max-snippet":"max-snippet:-1","max-image-preview":"max-image-preview:large","max-video-preview":"max-video-preview:-1"},"canonical":"https:\/\/acoteq.com\/fr\/pieces-de-rechange\/pieces-mecaniques\/courroies\/courroies-dentees\/","og_locale":"fr_FR","og_type":"article","og_title":"Courroies dent\u00e9es | Pi\u00eaces de Rechange M\u00e9caniques | ACOTEQ","og_description":"Timing belts compatible with Gates, Optibelt, ContiTech, and more. For synchronous power transmission and precise motion. Worldwide shipping.","og_url":"https:\/\/acoteq.com\/fr\/pieces-de-rechange\/pieces-mecaniques\/courroies\/courroies-dentees\/","og_site_name":"ACOTEQ","article_modified_time":"2026-03-17T12:43:37+00:00","og_image":[{"width":2440,"height":1626,"url":"https:\/\/acoteq.com\/wp-content\/uploads\/2026\/02\/4-Timing-Belts-3.png.webp","type":"image\/webp"}],"twitter_card":"summary_large_image","twitter_misc":{"Dur\u00e9e de lecture estim\u00e9e":"1 minute"},"schema":{"@context":"https:\/\/schema.org","@graph":[{"@type":"WebPage","@id":"https:\/\/acoteq.com\/fr\/pieces-de-rechange\/pieces-mecaniques\/courroies\/courroies-dentees\/","url":"https:\/\/acoteq.com\/fr\/pieces-de-rechange\/pieces-mecaniques\/courroies\/courroies-dentees\/","name":"Courroies dent\u00e9es | Pi\u00eaces de Rechange M\u00e9caniques | ACOTEQ","isPartOf":{"@id":"https:\/\/acoteq.com\/fr\/#website"},"primaryImageOfPage":{"@id":"https:\/\/acoteq.com\/fr\/pieces-de-rechange\/pieces-mecaniques\/courroies\/courroies-dentees\/#primaryimage"},"image":{"@id":"https:\/\/acoteq.com\/fr\/pieces-de-rechange\/pieces-mecaniques\/courroies\/courroies-dentees\/#primaryimage"},"thumbnailUrl":"https:\/\/acoteq.com\/wp-content\/uploads\/2026\/02\/4-Timing-Belts-3.png.webp","datePublished":"2026-02-12T13:04:12+00:00","dateModified":"2026-03-17T12:43:37+00:00","description":"Timing belts compatible with Gates, Optibelt, ContiTech, and more. For synchronous power transmission and precise motion. Worldwide shipping.","breadcrumb":{"@id":"https:\/\/acoteq.com\/fr\/pieces-de-rechange\/pieces-mecaniques\/courroies\/courroies-dentees\/#breadcrumb"},"inLanguage":"fr-FR","potentialAction":[{"@type":"ReadAction","target":["https:\/\/acoteq.com\/fr\/pieces-de-rechange\/pieces-mecaniques\/courroies\/courroies-dentees\/"]}]},{"@type":"ImageObject","inLanguage":"fr-FR","@id":"https:\/\/acoteq.com\/fr\/pieces-de-rechange\/pieces-mecaniques\/courroies\/courroies-dentees\/#primaryimage","url":"https:\/\/acoteq.com\/wp-content\/uploads\/2026\/02\/4-Timing-Belts-3.png.webp","contentUrl":"https:\/\/acoteq.com\/wp-content\/uploads\/2026\/02\/4-Timing-Belts-3.png.webp","width":2440,"height":1626},{"@type":"BreadcrumbList","@id":"https:\/\/acoteq.com\/fr\/pieces-de-rechange\/pieces-mecaniques\/courroies\/courroies-dentees\/#breadcrumb","itemListElement":[{"@type":"ListItem","position":1,"name":"Home","item":"https:\/\/acoteq.com\/fr\/"},{"@type":"ListItem","position":2,"name":"Pi\u00e8ces de Rechange","item":"https:\/\/acoteq.com\/fr\/pieces-de-rechange\/"},{"@type":"ListItem","position":3,"name":"Pi\u00e8ces M\u00e9caniques","item":"https:\/\/acoteq.com\/fr\/pieces-de-rechange\/pieces-mecaniques\/"},{"@type":"ListItem","position":4,"name":"Courroies","item":"https:\/\/acoteq.com\/fr\/repuestos\/repuestos-mecanicos\/correas\/"},{"@type":"ListItem","position":5,"name":"Courroies dent\u00e9es"}]},{"@type":"WebSite","@id":"https:\/\/acoteq.com\/fr\/#website","url":"https:\/\/acoteq.com\/fr\/","name":"ACOTEQ","description":"","potentialAction":[{"@type":"SearchAction","target":{"@type":"EntryPoint","urlTemplate":"https:\/\/acoteq.com\/fr\/?s={search_term_string}"},"query-input":{"@type":"PropertyValueSpecification","valueRequired":true,"valueName":"search_term_string"}}],"inLanguage":"fr-FR"}]}},"_links":{"self":[{"href":"https:\/\/acoteq.com\/fr\/wp-json\/wp\/v2\/pages\/3529","targetHints":{"allow":["GET"]}}],"collection":[{"href":"https:\/\/acoteq.com\/fr\/wp-json\/wp\/v2\/pages"}],"about":[{"href":"https:\/\/acoteq.com\/fr\/wp-json\/wp\/v2\/types\/page"}],"author":[{"embeddable":true,"href":"https:\/\/acoteq.com\/fr\/wp-json\/wp\/v2\/users\/1"}],"replies":[{"embeddable":true,"href":"https:\/\/acoteq.com\/fr\/wp-json\/wp\/v2\/comments?post=3529"}],"version-history":[{"count":4,"href":"https:\/\/acoteq.com\/fr\/wp-json\/wp\/v2\/pages\/3529\/revisions"}],"predecessor-version":[{"id":9281,"href":"https:\/\/acoteq.com\/fr\/wp-json\/wp\/v2\/pages\/3529\/revisions\/9281"}],"up":[{"embeddable":true,"href":"https:\/\/acoteq.com\/fr\/wp-json\/wp\/v2\/pages\/3633"}],"wp:featuredmedia":[{"embeddable":true,"href":"https:\/\/acoteq.com\/fr\/wp-json\/wp\/v2\/media\/3530"}],"wp:attachment":[{"href":"https:\/\/acoteq.com\/fr\/wp-json\/wp\/v2\/media?parent=3529"}],"curies":[{"name":"wp","href":"https:\/\/api.w.org\/{rel}","templated":true}]}}