{"id":3577,"date":"2026-02-12T14:02:31","date_gmt":"2026-02-12T13:02:31","guid":{"rendered":"https:\/\/acoteq.com\/special-haul-off-belts\/"},"modified":"2026-03-17T13:40:22","modified_gmt":"2026-03-17T12:40:22","slug":"courroies-de-tirage-speciales","status":"publish","type":"page","link":"https:\/\/acoteq.com\/fr\/pieces-de-rechange\/pieces-mecaniques\/courroies\/courroies-de-tirage-speciales\/","title":{"rendered":"Courroies de tirage sp\u00e9ciales"},"content":{"rendered":"<section class=\"cta\">\n\t\n\t<div class=\"container\">\n\n\t\t<div class=\"row\">\n\n\t\t\t<div class=\"col-lg-12\">\n\n\t\t\t\t<div class=\"cta_inner\">\n\n\t\t\t\t\t<div>\n\n\t\t\t\t\t\t<span class=\"pre_headline\"><i class=\"fas fa-search\"><\/i>&nbsp;Experts en approvisionnement mondial<\/span>\n\n\t\t\t\t\t\t<p><strong><em>Vous ne trouvez pas<\/em> votre pi\u00e8ce ?<\/strong><\/p>\n<p>Notre catalogue en ligne ne pr\u00e9sente que 5 % de nos capacit\u00e9s d\u2019approvisionnement.<br \/>\n<strong>Laissez nos experts trouver exactement ce dont vous avez besoin.<\/strong><\/p>\n\n\t\t\t\t\t<\/div>\n\n\t\t\t\t\t<div>\n\n\t\t\t\t\t\t\n\t\t\t\t\t\t\t<a class=\"button light\" href=\"#contact\" target=\"\">Demander un devis&nbsp;<i class=\"fas fa-arrow-right\"><\/i><\/a>\n\n\t\t\t\t\t\t\n\t\t\t\t\t<\/div>\n\n\t\t\t\t\t<i class=\"fas fa-times close_cta\"><\/i>\n\n\t\t\t\t<\/div>\n\n\t\t\t<\/div>\n\n\t\t<\/div>\n\n\t<\/div>\n\n<\/section>\n\n\n<div style=\"height:75px\" aria-hidden=\"true\" class=\"wp-block-spacer\"><\/div>\n\n\n<div class=\"yoast-breadcrumbs\"><span><span><a href=\"https:\/\/acoteq.com\/fr\/\"><i class=\"fas fa-home\">Home<\/i><\/a><\/span> \/ <span><a href=\"https:\/\/acoteq.com\/fr\/pieces-de-rechange\/\">Pi\u00e8ces de Rechange<\/a><\/span> \/ <span><a href=\"https:\/\/acoteq.com\/fr\/pieces-de-rechange\/pieces-mecaniques\/\">Pi\u00e8ces M\u00e9caniques<\/a><\/span> \/ <span><a href=\"https:\/\/acoteq.com\/fr\/repuestos\/repuestos-mecanicos\/correas\/\">Courroies<\/a><\/span> \/ <span class=\"breadcrumb_last\" aria-current=\"page\">Courroies de tirage sp\u00e9ciales<\/span><\/span><\/div>\n\n\n<div class=\"wp-block-group has-white-background-color has-text-color has-background has-link-color wp-elements-3e86ee8ead74bf258e7d66b0aa8590f1\" style=\"color:#0e3770\"><div class=\"wp-block-group__inner-container is-layout-constrained wp-block-group-is-layout-constrained\"><section class=\"headline align-left \">\n\t\n\t<div class=\"container\">\n\n\t\t<div class=\"row\">\n\n\t\t\t<div class=\"col-lg-12\">\n\n\t\t\t\t<div class=\"headline_wrapper\">\n\n\t\t\t\t\t<h1><strong>Courroies<\/strong> de tirage sp\u00e9ciales<\/h1>\n\n\t\t\t\t\t\n\t\t\t\t<\/div>\n\n\t\t\t<\/div>\n\n\t\t<\/div>\n\n\t<\/div>\n\n<\/section>\n\n\n<div style=\"height:50px\" aria-hidden=\"true\" class=\"wp-block-spacer\"><\/div>\n\n\n<section class=\"cards\">\n\t\n\t<div class=\"container\">\n\n\t\t<div class=\"row\">\n\n\t\t\t\n\t\t\t\t\n\t\t\t\t\t<div class=\"col-lg-4 col-md-6 card_single\">\n\n\t\t\t\t\t\t\n\t\t\t\t\t\t<div class=\"card_inner\">\n\n\t\t\t\t\t\t\t\t\t\t\t\t\t\t\t<a href=\"https:\/\/acoteq.com\/fr\/pieces-de-rechange\/pieces-mecaniques\/courroies\/courroies-de-tirage-speciales\/courroies-avec-revetement-mousse\/\">\n\t\t\t\t\t\t\t\t\t<img decoding=\"async\" width=\"640\" height=\"427\" src=\"https:\/\/acoteq.com\/wp-content\/uploads\/2026\/02\/2.1.2-Belts-with-Foamed-Coating.png-1024x683.webp\" class=\"attachment-large size-large wp-post-image\" alt=\"Category image\" loading=\"lazy\" srcset=\"https:\/\/acoteq.com\/wp-content\/uploads\/2026\/02\/2.1.2-Belts-with-Foamed-Coating.png-1024x683.webp 1024w, https:\/\/acoteq.com\/wp-content\/uploads\/2026\/02\/2.1.2-Belts-with-Foamed-Coating.png-300x200.webp 300w, https:\/\/acoteq.com\/wp-content\/uploads\/2026\/02\/2.1.2-Belts-with-Foamed-Coating.png-768x512.webp 768w, https:\/\/acoteq.com\/wp-content\/uploads\/2026\/02\/2.1.2-Belts-with-Foamed-Coating.png.webp 1536w\" sizes=\"auto, (max-width: 640px) 100vw, 640px\" \/>\t\t\t\t\t\t\t\t<\/a>\n\t\t\t\t\t\t\t\t\n\n\t\t\t\t\t\t\t<div class=\"card_information\">\t\n\n\t\t\t\t\t\t\t\t<div>\n\n\t\t\t\t\t\t\t\t\t<h3>\n\t\t\t\t\t\t\t\t\t\t<a href=\"https:\/\/acoteq.com\/fr\/pieces-de-rechange\/pieces-mecaniques\/courroies\/courroies-de-tirage-speciales\/courroies-avec-revetement-mousse\/\">\n\t\t\t\t\t\t\t\t\t\t\t<b>Courroies<\/b> avec rev\u00eatement mouss\u00e9\t\t\t\t\t\t\t\t\t\t\t\n\t\t\t\t\t\t\t\t\t\t<\/a>\n\t\t\t\t\t\t\t\t\t<\/h3>\n\n\t\t\t\t\t\t\t\t\t\t\t\n\n\t\t\t\t\t\t\t\t<\/div>\t\n\n\t\t\t\t\t\t\t\t<div class=\"cards_linkwrap\">\n\n\t\t\t\t\t\t\t\t\t\t\t\t\t\t\t\t\t\t\t\n\t\t\t\t\t\t\t\t\t\t<a href=\"https:\/\/acoteq.com\/fr\/pieces-de-rechange\/pieces-mecaniques\/courroies\/courroies-de-tirage-speciales\/courroies-avec-revetement-mousse\/\">\n\t\t\t\t\t\t\t\t\t\t\tVoir la cat\u00e9gorie&nbsp;<i class=\"fas fa-arrow-right\"><\/i>\n\t\t\t\t\t\t\t\t\t\t<\/a>\t\t\t\t\t\t\t\t\t\t\n\n\t\t\t\t\t\t\t\t\t\t\t\t\t\n\n\t\t\t\t\t\t\t\t<\/div>\t\t\t\t\t\t\t\t\t\t\t\t\t\t\t\n\n\t\t\t\t\t\t\t<\/div>\n\n\t\t\t\t\t\t<\/div>\n\n\t\t\t\t\t<\/div>\n\n\t\t\t\t\n\t\t\t\t\t<div class=\"col-lg-4 col-md-6 card_single\">\n\n\t\t\t\t\t\t\n\t\t\t\t\t\t<div class=\"card_inner\">\n\n\t\t\t\t\t\t\t\t\t\t\t\t\t\t\t<a href=\"https:\/\/acoteq.com\/fr\/pieces-de-rechange\/pieces-mecaniques\/courroies\/courroies-de-tirage-speciales\/courroies-dencochage-transversal\/\">\n\t\t\t\t\t\t\t\t\t<img decoding=\"async\" width=\"640\" height=\"427\" src=\"https:\/\/acoteq.com\/wp-content\/uploads\/2026\/02\/2.2.2-Transversal-Notching-Belts.png-1024x683.webp\" class=\"attachment-large size-large wp-post-image\" alt=\"Category image\" loading=\"lazy\" srcset=\"https:\/\/acoteq.com\/wp-content\/uploads\/2026\/02\/2.2.2-Transversal-Notching-Belts.png-1024x683.webp 1024w, https:\/\/acoteq.com\/wp-content\/uploads\/2026\/02\/2.2.2-Transversal-Notching-Belts.png-300x200.webp 300w, https:\/\/acoteq.com\/wp-content\/uploads\/2026\/02\/2.2.2-Transversal-Notching-Belts.png-768x512.webp 768w, https:\/\/acoteq.com\/wp-content\/uploads\/2026\/02\/2.2.2-Transversal-Notching-Belts.png.webp 1536w\" sizes=\"auto, (max-width: 640px) 100vw, 640px\" \/>\t\t\t\t\t\t\t\t<\/a>\n\t\t\t\t\t\t\t\t\n\n\t\t\t\t\t\t\t<div class=\"card_information\">\t\n\n\t\t\t\t\t\t\t\t<div>\n\n\t\t\t\t\t\t\t\t\t<h3>\n\t\t\t\t\t\t\t\t\t\t<a href=\"https:\/\/acoteq.com\/fr\/pieces-de-rechange\/pieces-mecaniques\/courroies\/courroies-de-tirage-speciales\/courroies-dencochage-transversal\/\">\n\t\t\t\t\t\t\t\t\t\t\t<b>Courroies<\/b> d\u2019encochage transversal\t\t\t\t\t\t\t\t\t\t\t\n\t\t\t\t\t\t\t\t\t\t<\/a>\n\t\t\t\t\t\t\t\t\t<\/h3>\n\n\t\t\t\t\t\t\t\t\t\t\t\n\n\t\t\t\t\t\t\t\t<\/div>\t\n\n\t\t\t\t\t\t\t\t<div class=\"cards_linkwrap\">\n\n\t\t\t\t\t\t\t\t\t\t\t\t\t\t\t\t\t\t\t\n\t\t\t\t\t\t\t\t\t\t<a href=\"https:\/\/acoteq.com\/fr\/pieces-de-rechange\/pieces-mecaniques\/courroies\/courroies-de-tirage-speciales\/courroies-dencochage-transversal\/\">\n\t\t\t\t\t\t\t\t\t\t\tVoir la cat\u00e9gorie&nbsp;<i class=\"fas fa-arrow-right\"><\/i>\n\t\t\t\t\t\t\t\t\t\t<\/a>\t\t\t\t\t\t\t\t\t\t\n\n\t\t\t\t\t\t\t\t\t\t\t\t\t\n\n\t\t\t\t\t\t\t\t<\/div>\t\t\t\t\t\t\t\t\t\t\t\t\t\t\t\n\n\t\t\t\t\t\t\t<\/div>\n\n\t\t\t\t\t\t<\/div>\n\n\t\t\t\t\t<\/div>\n\n\t\t\t\t\t\t\t\n\n\t\t\t\t\t\t\n\n\t\t<\/div>\n\n\t<\/div>\n\n<\/section>\n<\/div><\/div>\n\n\n\n<div class=\"wp-block-group has-white-color has-text-color has-background has-link-color wp-elements-ac2bbebf69710e69105aa3ff3302b345\" style=\"background-color:#051c3c\"><div class=\"wp-block-group__inner-container is-layout-constrained wp-block-group-is-layout-constrained\"><section class=\"process\">\n\t\n\t<div class=\"container\">\n\n\t\t<div class=\"row\">\n\n\t\t\t<div class=\"col-lg-4\">\n\n\t\t\t\t<section class=\"headline\">\n\t\t\t\t\t\n\t\t\t\t\t<div class=\"container\">\n\n\t\t\t\t\t\t<div class=\"row\">\n\n\t\t\t\t\t\t\t<div class=\"col-lg-12 p-0\">\n\n\t\t\t\t\t\t\t\t<div class=\"headline_wrapper\">\n\n\t\t\t\t\t\t\t\t\t<h2><em>Comment \u00e7a marche <\/em><strong><span style=\"color: #c7d300;\">DEMANDEZ<br \/>\nVOTRE DEVIS <\/span><\/strong><strong>facilement<\/strong><\/h2>\n\n\t\t\t\t\t\t\t\t<\/div>\n\n\t\t\t\t\t\t\t<\/div>\n\n\t\t\t\t\t\t<\/div>\n\n\t\t\t\t\t<\/div>\n\n\t\t\t\t<\/section>\t\t\t\t\n\n\t\t\t<\/div>\n\n\t\t\t<div class=\"col-lg-8 process_steps\">\n\n\t\t\t\t<div class=\"process_steps_inner\">\n\n\t\t\t\t\t\n\t\t\t\t\t\t\t<div class=\"step_single\">\n\n\t\t\t\t\t\t\t\t<div class=\"step_icon\">\n\n\t\t\t\t\t\t\t\t\t<img decoding=\"async\" src=\"https:\/\/acoteq.com\/wp-content\/uploads\/2026\/02\/icons8_document.svg\" alt=\"\">\n\n\t\t\t\t\t\t\t\t<\/div>\n\n\t\t\t\t\t\t\t\t<div class=\"step_information\">\n\n\t\t\t\t\t\t\t\t\t<strong>1. Identifiez votre pi\u00e8ce<\/strong>\n\n\t\t\t\t\t\t\t\t\t<span>D\u00e9tails du fabricant, r\u00e9f\u00e9rence de la pi\u00e8ce ou une photo. C\u2019est tout ce dont nous avons besoin.<\/span>\n\n\t\t\t\t\t\t\t\t<\/div>\t\t\t\t\t\t\n\n\t\t\t\t\t\t\t<\/div>\n\n\t\t\t\t\t\t\n\t\t\t\t\t\t\t<div class=\"step_single\">\n\n\t\t\t\t\t\t\t\t<div class=\"step_icon\">\n\n\t\t\t\t\t\t\t\t\t<img decoding=\"async\" src=\"https:\/\/acoteq.com\/wp-content\/uploads\/2026\/02\/Vector.svg\" alt=\"\">\n\n\t\t\t\t\t\t\t\t<\/div>\n\n\t\t\t\t\t\t\t\t<div class=\"step_information\">\n\n\t\t\t\t\t\t\t\t\t<strong>2. Envoyez votre demande<\/strong>\n\n\t\t\t\t\t\t\t\t\t<span>Soumettez les d\u00e9tails via notre formulaire de contact, e-mail, Teams ou WhatsApp.<\/span>\n\n\t\t\t\t\t\t\t\t<\/div>\t\t\t\t\t\t\n\n\t\t\t\t\t\t\t<\/div>\n\n\t\t\t\t\t\t\n\t\t\t\t\t\t\t<div class=\"step_single\">\n\n\t\t\t\t\t\t\t\t<div class=\"step_icon\">\n\n\t\t\t\t\t\t\t\t\t<img decoding=\"async\" src=\"https:\/\/acoteq.com\/wp-content\/uploads\/2026\/02\/gg_check-o.svg\" alt=\"\">\n\n\t\t\t\t\t\t\t\t<\/div>\n\n\t\t\t\t\t\t\t\t<div class=\"step_information\">\n\n\t\t\t\t\t\t\t\t\t<strong>3. Recevez votre devis<\/strong>\n\n\t\t\t\t\t\t\t\t\t<span>Nous vous enverrons un devis aussi rapidement que notre r\u00e9seau d\u2019approvisionnement le permet.<\/span>\n\n\t\t\t\t\t\t\t\t<\/div>\t\t\t\t\t\t\n\n\t\t\t\t\t\t\t<\/div>\n\n\t\t\t\t\t\t\t\t\t\t\t\n\n\t\t\t\t<\/div>\n\n\t\t\t<\/div>\n\n\t\t<\/div>\n\n\t<\/div>\n\n<\/section><\/div><\/div>\n\n\n\n<div class=\"wp-block-group has-white-background-color has-text-color has-background has-link-color wp-elements-20a9293319831c2402c74a6aa5aed0cd\" style=\"color:#0e3770\"><div class=\"wp-block-group__inner-container is-layout-constrained wp-block-group-is-layout-constrained\"><section class=\"headline align-left \">\n\t\n\t<div class=\"container\">\n\n\t\t<div class=\"row\">\n\n\t\t\t<div class=\"col-lg-12\">\n\n\t\t\t\t<div class=\"headline_wrapper\">\n\n\t\t\t\t\t<h1><strong>Quelles courroies de tirage sp\u00e9ciales <\/strong>proposez-vous ?<\/h1>\n\n\t\t\t\t\t\n\t\t\t\t<\/div>\n\n\t\t\t<\/div>\n\n\t\t<\/div>\n\n\t<\/div>\n\n<\/section>\n\n\n<div style=\"height:15px\" aria-hidden=\"true\" class=\"wp-block-spacer\"><\/div>\n\n\n\n<div class=\"wp-block-columns is-layout-flex wp-container-core-columns-is-layout-9d6595d7 wp-block-columns-is-layout-flex\">\n<div class=\"wp-block-column is-layout-flow wp-block-column-is-layout-flow\"><section class=\"text \">\n\t\n\t<div class=\"container\">\n\n\t\t<div class=\"row\">\n\n\t\t\t<div class=\"col-lg-12\">\n\n\t\t\t\t<p><strong>Les courroies de tirage sp\u00e9ciales<\/strong> sont con\u00e7ues pour r\u00e9pondre aux d\u00e9fis uniques de traction et de manutention dans les applications \u00e0 mouvement continu. Chez <strong>ACOTEQ<\/strong>, nous proposons des configurations de courroies sp\u00e9cialis\u00e9es con\u00e7ues pour maximiser l\u2019adh\u00e9rence, prot\u00e9ger les mat\u00e9riaux d\u00e9licats et am\u00e9liorer la r\u00e9gularit\u00e9 du processus de traction lors de l\u2019extrusion, du convoyage ou de la production de c\u00e2bles.<\/p>\n<p>Notre gamme comprend des <strong>courroies avec rev\u00eatement mousse<\/strong>, id\u00e9ales pour un contact doux avec les surfaces sensibles, ainsi que des <strong>courroies \u00e0 encoches transversales<\/strong>, qui offrent une flexibilit\u00e9 accrue, une meilleure absorption des chocs et une adh\u00e9rence s\u00fbre sur des profils irr\u00e9guliers ou \u00e0 forte friction. Ces conceptions r\u00e9duisent le glissement et l\u2019usure, en particulier dans les applications o\u00f9 les courroies de tirage standard atteignent leurs limites.<\/p>\n<p>Disponibles en <strong>dimensions et mat\u00e9riaux sur mesure<\/strong>, toutes nos courroies de tirage sp\u00e9ciales peuvent \u00eatre adapt\u00e9es \u00e0 des vitesses de ligne, des exigences de charge et des conditions de travail sp\u00e9cifiques. Nous accompagnons votre activit\u00e9 avec une <strong>livraison dans le monde entier<\/strong>, des temps de r\u00e9ponse rapides et un accompagnement technique complet afin de garantir la compatibilit\u00e9 avec vos \u00e9quipements existants.<\/p>\n<p>Si vous faites face \u00e0 des exigences non standard dans votre processus de tirage, contactez-nous d\u00e8s aujourd\u2019hui pour d\u00e9couvrir des solutions avanc\u00e9es de courroies offrant des performances sup\u00e9rieures et une longue dur\u00e9e de service.<\/p>\n\n\t\t\t<\/div>\n\n\t\t<\/div>\n\n\t<\/div>\n\n<\/section><\/div>\n\n\n\n<div class=\"wp-block-column is-layout-flow wp-block-column-is-layout-flow\"><div class=\"container\">\n\n\t<div class=\"row\">\n\n\t\t<div class=\"col-lg-12\">\n\n\t\t\t<div class=\"imagewrap\">\n\n\t\t\t\t<img decoding=\"async\" src=\"https:\/\/acoteq.com\/wp-content\/uploads\/2026\/03\/special-haul-off-belts-e1773741651509.png\" alt=\"\">\n\n\t\t\t\t\n\t\t\t<\/div>\n\n\t\t<\/div>\n\n\t<\/div>\n\n<\/div><\/div>\n<\/div>\n<\/div><\/div>\n","protected":false},"excerpt":{"rendered":"","protected":false},"author":1,"featured_media":3578,"parent":3633,"menu_order":0,"comment_status":"closed","ping_status":"closed","template":"","meta":{"_acf_changed":false,"footnotes":""},"class_list":["post-3577","page","type-page","status-publish","has-post-thumbnail","hentry"],"acf":[],"yoast_head":"<!-- This site is optimized with the Yoast SEO plugin v27.4 - https:\/\/yoast.com\/product\/yoast-seo-wordpress\/ -->\n<title>Courroies de tirage sp\u00e9ciales | Pi\u00eaces de Rechange M\u00e9caniques | ACOTEQ<\/title>\n<meta name=\"description\" content=\"Special haul-off belts, high grip, customized, for demanding applications, and fast worldwide shipping.\" \/>\n<meta name=\"robots\" content=\"index, follow, max-snippet:-1, max-image-preview:large, max-video-preview:-1\" \/>\n<link rel=\"canonical\" href=\"https:\/\/acoteq.com\/fr\/pieces-de-rechange\/pieces-mecaniques\/courroies\/courroies-de-tirage-speciales\/\" \/>\n<meta property=\"og:locale\" content=\"fr_FR\" \/>\n<meta property=\"og:type\" content=\"article\" \/>\n<meta property=\"og:title\" content=\"Courroies de tirage sp\u00e9ciales | Pi\u00eaces de Rechange M\u00e9caniques | ACOTEQ\" \/>\n<meta property=\"og:description\" content=\"Special haul-off belts, high grip, customized, for demanding applications, and fast worldwide shipping.\" \/>\n<meta property=\"og:url\" content=\"https:\/\/acoteq.com\/fr\/pieces-de-rechange\/pieces-mecaniques\/courroies\/courroies-de-tirage-speciales\/\" \/>\n<meta property=\"og:site_name\" content=\"ACOTEQ\" \/>\n<meta property=\"article:modified_time\" content=\"2026-03-17T12:40:22+00:00\" \/>\n<meta property=\"og:image\" content=\"https:\/\/acoteq.com\/wp-content\/uploads\/2026\/02\/2.1-Special-Haul-Off-Belts.png-1.webp\" \/>\n\t<meta property=\"og:image:width\" content=\"1536\" \/>\n\t<meta property=\"og:image:height\" content=\"1024\" \/>\n\t<meta property=\"og:image:type\" content=\"image\/webp\" \/>\n<meta name=\"twitter:card\" content=\"summary_large_image\" \/>\n<meta name=\"twitter:label1\" content=\"Dur\u00e9e de lecture estim\u00e9e\" \/>\n\t<meta name=\"twitter:data1\" content=\"1 minute\" \/>\n<script type=\"application\/ld+json\" class=\"yoast-schema-graph\">{\"@context\":\"https:\\\/\\\/schema.org\",\"@graph\":[{\"@type\":\"WebPage\",\"@id\":\"https:\\\/\\\/acoteq.com\\\/fr\\\/pieces-de-rechange\\\/pieces-mecaniques\\\/courroies\\\/courroies-de-tirage-speciales\\\/\",\"url\":\"https:\\\/\\\/acoteq.com\\\/fr\\\/pieces-de-rechange\\\/pieces-mecaniques\\\/courroies\\\/courroies-de-tirage-speciales\\\/\",\"name\":\"Courroies de tirage sp\u00e9ciales | Pi\u00eaces de Rechange M\u00e9caniques | ACOTEQ\",\"isPartOf\":{\"@id\":\"https:\\\/\\\/acoteq.com\\\/fr\\\/#website\"},\"primaryImageOfPage\":{\"@id\":\"https:\\\/\\\/acoteq.com\\\/fr\\\/pieces-de-rechange\\\/pieces-mecaniques\\\/courroies\\\/courroies-de-tirage-speciales\\\/#primaryimage\"},\"image\":{\"@id\":\"https:\\\/\\\/acoteq.com\\\/fr\\\/pieces-de-rechange\\\/pieces-mecaniques\\\/courroies\\\/courroies-de-tirage-speciales\\\/#primaryimage\"},\"thumbnailUrl\":\"https:\\\/\\\/acoteq.com\\\/wp-content\\\/uploads\\\/2026\\\/02\\\/2.1-Special-Haul-Off-Belts.png-1.webp\",\"datePublished\":\"2026-02-12T13:02:31+00:00\",\"dateModified\":\"2026-03-17T12:40:22+00:00\",\"description\":\"Special haul-off belts, high grip, customized, for demanding applications, and fast worldwide shipping.\",\"breadcrumb\":{\"@id\":\"https:\\\/\\\/acoteq.com\\\/fr\\\/pieces-de-rechange\\\/pieces-mecaniques\\\/courroies\\\/courroies-de-tirage-speciales\\\/#breadcrumb\"},\"inLanguage\":\"fr-FR\",\"potentialAction\":[{\"@type\":\"ReadAction\",\"target\":[\"https:\\\/\\\/acoteq.com\\\/fr\\\/pieces-de-rechange\\\/pieces-mecaniques\\\/courroies\\\/courroies-de-tirage-speciales\\\/\"]}]},{\"@type\":\"ImageObject\",\"inLanguage\":\"fr-FR\",\"@id\":\"https:\\\/\\\/acoteq.com\\\/fr\\\/pieces-de-rechange\\\/pieces-mecaniques\\\/courroies\\\/courroies-de-tirage-speciales\\\/#primaryimage\",\"url\":\"https:\\\/\\\/acoteq.com\\\/wp-content\\\/uploads\\\/2026\\\/02\\\/2.1-Special-Haul-Off-Belts.png-1.webp\",\"contentUrl\":\"https:\\\/\\\/acoteq.com\\\/wp-content\\\/uploads\\\/2026\\\/02\\\/2.1-Special-Haul-Off-Belts.png-1.webp\",\"width\":1536,\"height\":1024},{\"@type\":\"BreadcrumbList\",\"@id\":\"https:\\\/\\\/acoteq.com\\\/fr\\\/pieces-de-rechange\\\/pieces-mecaniques\\\/courroies\\\/courroies-de-tirage-speciales\\\/#breadcrumb\",\"itemListElement\":[{\"@type\":\"ListItem\",\"position\":1,\"name\":\"Home\",\"item\":\"https:\\\/\\\/acoteq.com\\\/fr\\\/\"},{\"@type\":\"ListItem\",\"position\":2,\"name\":\"Pi\u00e8ces de Rechange\",\"item\":\"https:\\\/\\\/acoteq.com\\\/fr\\\/pieces-de-rechange\\\/\"},{\"@type\":\"ListItem\",\"position\":3,\"name\":\"Pi\u00e8ces M\u00e9caniques\",\"item\":\"https:\\\/\\\/acoteq.com\\\/fr\\\/pieces-de-rechange\\\/pieces-mecaniques\\\/\"},{\"@type\":\"ListItem\",\"position\":4,\"name\":\"Courroies\",\"item\":\"https:\\\/\\\/acoteq.com\\\/fr\\\/repuestos\\\/repuestos-mecanicos\\\/correas\\\/\"},{\"@type\":\"ListItem\",\"position\":5,\"name\":\"Courroies de tirage sp\u00e9ciales\"}]},{\"@type\":\"WebSite\",\"@id\":\"https:\\\/\\\/acoteq.com\\\/fr\\\/#website\",\"url\":\"https:\\\/\\\/acoteq.com\\\/fr\\\/\",\"name\":\"ACOTEQ\",\"description\":\"\",\"potentialAction\":[{\"@type\":\"SearchAction\",\"target\":{\"@type\":\"EntryPoint\",\"urlTemplate\":\"https:\\\/\\\/acoteq.com\\\/fr\\\/?s={search_term_string}\"},\"query-input\":{\"@type\":\"PropertyValueSpecification\",\"valueRequired\":true,\"valueName\":\"search_term_string\"}}],\"inLanguage\":\"fr-FR\"}]}<\/script>\n<!-- \/ Yoast SEO plugin. -->","yoast_head_json":{"title":"Courroies de tirage sp\u00e9ciales | Pi\u00eaces de Rechange M\u00e9caniques | ACOTEQ","description":"Special haul-off belts, high grip, customized, for demanding applications, and fast worldwide shipping.","robots":{"index":"index","follow":"follow","max-snippet":"max-snippet:-1","max-image-preview":"max-image-preview:large","max-video-preview":"max-video-preview:-1"},"canonical":"https:\/\/acoteq.com\/fr\/pieces-de-rechange\/pieces-mecaniques\/courroies\/courroies-de-tirage-speciales\/","og_locale":"fr_FR","og_type":"article","og_title":"Courroies de tirage sp\u00e9ciales | Pi\u00eaces de Rechange M\u00e9caniques | ACOTEQ","og_description":"Special haul-off belts, high grip, customized, for demanding applications, and fast worldwide shipping.","og_url":"https:\/\/acoteq.com\/fr\/pieces-de-rechange\/pieces-mecaniques\/courroies\/courroies-de-tirage-speciales\/","og_site_name":"ACOTEQ","article_modified_time":"2026-03-17T12:40:22+00:00","og_image":[{"width":1536,"height":1024,"url":"https:\/\/acoteq.com\/wp-content\/uploads\/2026\/02\/2.1-Special-Haul-Off-Belts.png-1.webp","type":"image\/webp"}],"twitter_card":"summary_large_image","twitter_misc":{"Dur\u00e9e de lecture estim\u00e9e":"1 minute"},"schema":{"@context":"https:\/\/schema.org","@graph":[{"@type":"WebPage","@id":"https:\/\/acoteq.com\/fr\/pieces-de-rechange\/pieces-mecaniques\/courroies\/courroies-de-tirage-speciales\/","url":"https:\/\/acoteq.com\/fr\/pieces-de-rechange\/pieces-mecaniques\/courroies\/courroies-de-tirage-speciales\/","name":"Courroies de tirage sp\u00e9ciales | Pi\u00eaces de Rechange M\u00e9caniques | ACOTEQ","isPartOf":{"@id":"https:\/\/acoteq.com\/fr\/#website"},"primaryImageOfPage":{"@id":"https:\/\/acoteq.com\/fr\/pieces-de-rechange\/pieces-mecaniques\/courroies\/courroies-de-tirage-speciales\/#primaryimage"},"image":{"@id":"https:\/\/acoteq.com\/fr\/pieces-de-rechange\/pieces-mecaniques\/courroies\/courroies-de-tirage-speciales\/#primaryimage"},"thumbnailUrl":"https:\/\/acoteq.com\/wp-content\/uploads\/2026\/02\/2.1-Special-Haul-Off-Belts.png-1.webp","datePublished":"2026-02-12T13:02:31+00:00","dateModified":"2026-03-17T12:40:22+00:00","description":"Special haul-off belts, high grip, customized, for demanding applications, and fast worldwide shipping.","breadcrumb":{"@id":"https:\/\/acoteq.com\/fr\/pieces-de-rechange\/pieces-mecaniques\/courroies\/courroies-de-tirage-speciales\/#breadcrumb"},"inLanguage":"fr-FR","potentialAction":[{"@type":"ReadAction","target":["https:\/\/acoteq.com\/fr\/pieces-de-rechange\/pieces-mecaniques\/courroies\/courroies-de-tirage-speciales\/"]}]},{"@type":"ImageObject","inLanguage":"fr-FR","@id":"https:\/\/acoteq.com\/fr\/pieces-de-rechange\/pieces-mecaniques\/courroies\/courroies-de-tirage-speciales\/#primaryimage","url":"https:\/\/acoteq.com\/wp-content\/uploads\/2026\/02\/2.1-Special-Haul-Off-Belts.png-1.webp","contentUrl":"https:\/\/acoteq.com\/wp-content\/uploads\/2026\/02\/2.1-Special-Haul-Off-Belts.png-1.webp","width":1536,"height":1024},{"@type":"BreadcrumbList","@id":"https:\/\/acoteq.com\/fr\/pieces-de-rechange\/pieces-mecaniques\/courroies\/courroies-de-tirage-speciales\/#breadcrumb","itemListElement":[{"@type":"ListItem","position":1,"name":"Home","item":"https:\/\/acoteq.com\/fr\/"},{"@type":"ListItem","position":2,"name":"Pi\u00e8ces de Rechange","item":"https:\/\/acoteq.com\/fr\/pieces-de-rechange\/"},{"@type":"ListItem","position":3,"name":"Pi\u00e8ces M\u00e9caniques","item":"https:\/\/acoteq.com\/fr\/pieces-de-rechange\/pieces-mecaniques\/"},{"@type":"ListItem","position":4,"name":"Courroies","item":"https:\/\/acoteq.com\/fr\/repuestos\/repuestos-mecanicos\/correas\/"},{"@type":"ListItem","position":5,"name":"Courroies de tirage sp\u00e9ciales"}]},{"@type":"WebSite","@id":"https:\/\/acoteq.com\/fr\/#website","url":"https:\/\/acoteq.com\/fr\/","name":"ACOTEQ","description":"","potentialAction":[{"@type":"SearchAction","target":{"@type":"EntryPoint","urlTemplate":"https:\/\/acoteq.com\/fr\/?s={search_term_string}"},"query-input":{"@type":"PropertyValueSpecification","valueRequired":true,"valueName":"search_term_string"}}],"inLanguage":"fr-FR"}]}},"_links":{"self":[{"href":"https:\/\/acoteq.com\/fr\/wp-json\/wp\/v2\/pages\/3577","targetHints":{"allow":["GET"]}}],"collection":[{"href":"https:\/\/acoteq.com\/fr\/wp-json\/wp\/v2\/pages"}],"about":[{"href":"https:\/\/acoteq.com\/fr\/wp-json\/wp\/v2\/types\/page"}],"author":[{"embeddable":true,"href":"https:\/\/acoteq.com\/fr\/wp-json\/wp\/v2\/users\/1"}],"replies":[{"embeddable":true,"href":"https:\/\/acoteq.com\/fr\/wp-json\/wp\/v2\/comments?post=3577"}],"version-history":[{"count":5,"href":"https:\/\/acoteq.com\/fr\/wp-json\/wp\/v2\/pages\/3577\/revisions"}],"predecessor-version":[{"id":9278,"href":"https:\/\/acoteq.com\/fr\/wp-json\/wp\/v2\/pages\/3577\/revisions\/9278"}],"up":[{"embeddable":true,"href":"https:\/\/acoteq.com\/fr\/wp-json\/wp\/v2\/pages\/3633"}],"wp:featuredmedia":[{"embeddable":true,"href":"https:\/\/acoteq.com\/fr\/wp-json\/wp\/v2\/media\/3578"}],"wp:attachment":[{"href":"https:\/\/acoteq.com\/fr\/wp-json\/wp\/v2\/media?parent=3577"}],"curies":[{"name":"wp","href":"https:\/\/api.w.org\/{rel}","templated":true}]}}