{"id":3617,"date":"2026-02-12T14:01:03","date_gmt":"2026-02-12T13:01:03","guid":{"rendered":"https:\/\/acoteq.com\/haul-off-belts\/"},"modified":"2026-03-17T13:30:26","modified_gmt":"2026-03-17T12:30:26","slug":"courroies-de-tirage","status":"publish","type":"page","link":"https:\/\/acoteq.com\/fr\/pieces-de-rechange\/pieces-mecaniques\/courroies\/courroies-de-tirage\/","title":{"rendered":"Courroies de tirage"},"content":{"rendered":"<section class=\"cta\">\n\t\n\t<div class=\"container\">\n\n\t\t<div class=\"row\">\n\n\t\t\t<div class=\"col-lg-12\">\n\n\t\t\t\t<div class=\"cta_inner\">\n\n\t\t\t\t\t<div>\n\n\t\t\t\t\t\t<span class=\"pre_headline\"><i class=\"fas fa-search\"><\/i>&nbsp;Experts en approvisionnement mondial<\/span>\n\n\t\t\t\t\t\t<p><strong><em>Vous ne trouvez pas<\/em> votre pi\u00e8ce ?<\/strong><\/p>\n<p>Notre catalogue en ligne ne pr\u00e9sente que 5 % de nos capacit\u00e9s d\u2019approvisionnement.<br \/>\n<strong>Laissez nos experts trouver exactement ce dont vous avez besoin.<\/strong><\/p>\n\n\t\t\t\t\t<\/div>\n\n\t\t\t\t\t<div>\n\n\t\t\t\t\t\t\n\t\t\t\t\t\t\t<a class=\"button light\" href=\"#contact\" target=\"\">Demander un devis&nbsp;<i class=\"fas fa-arrow-right\"><\/i><\/a>\n\n\t\t\t\t\t\t\n\t\t\t\t\t<\/div>\n\n\t\t\t\t\t<i class=\"fas fa-times close_cta\"><\/i>\n\n\t\t\t\t<\/div>\n\n\t\t\t<\/div>\n\n\t\t<\/div>\n\n\t<\/div>\n\n<\/section>\n\n\n<div style=\"height:75px\" aria-hidden=\"true\" class=\"wp-block-spacer\"><\/div>\n\n\n<div class=\"yoast-breadcrumbs\"><span><span><a href=\"https:\/\/acoteq.com\/fr\/\"><i class=\"fas fa-home\">Home<\/i><\/a><\/span> \/ <span><a href=\"https:\/\/acoteq.com\/fr\/pieces-de-rechange\/\">Pi\u00e8ces de Rechange<\/a><\/span> \/ <span><a href=\"https:\/\/acoteq.com\/fr\/pieces-de-rechange\/pieces-mecaniques\/\">Pi\u00e8ces M\u00e9caniques<\/a><\/span> \/ <span><a href=\"https:\/\/acoteq.com\/fr\/repuestos\/repuestos-mecanicos\/correas\/\">Courroies<\/a><\/span> \/ <span class=\"breadcrumb_last\" aria-current=\"page\">Courroies de tirage<\/span><\/span><\/div>\n\n\n<div class=\"wp-block-group has-white-background-color has-text-color has-background has-link-color wp-elements-83abe1e83edb6356a0bb4a9b8f470b88\" style=\"color:#0e3770\"><div class=\"wp-block-group__inner-container is-layout-constrained wp-block-group-is-layout-constrained\"><section class=\"headline align-left \">\n\t\n\t<div class=\"container\">\n\n\t\t<div class=\"row\">\n\n\t\t\t<div class=\"col-lg-12\">\n\n\t\t\t\t<div class=\"headline_wrapper\">\n\n\t\t\t\t\t<h1><strong>Courroies<\/strong> de tirage<\/h1>\n\n\t\t\t\t\t\n\t\t\t\t<\/div>\n\n\t\t\t<\/div>\n\n\t\t<\/div>\n\n\t<\/div>\n\n<\/section>\n\n\n<div style=\"height:50px\" aria-hidden=\"true\" class=\"wp-block-spacer\"><\/div>\n\n\n<section class=\"cards\">\n\t\n\t<div class=\"container\">\n\n\t\t<div class=\"row\">\n\n\t\t\t\n\t\t\t\t\n\t\t\t\t\t<div class=\"col-lg-4 col-md-6 card_single\">\n\n\t\t\t\t\t\t\n\t\t\t\t\t\t<div class=\"card_inner\">\n\n\t\t\t\t\t\t\t\t\t\t\t\t\t\t\t<a href=\"https:\/\/acoteq.com\/fr\/pieces-de-rechange\/pieces-mecaniques\/courroies\/courroies-de-tirage\/bandes-de-tirage-en-pvc\/\">\n\t\t\t\t\t\t\t\t\t<img decoding=\"async\" width=\"640\" height=\"427\" src=\"https:\/\/acoteq.com\/wp-content\/uploads\/2026\/02\/1.1.2-Haul-Off-PVC-Belts.png-1024x683.webp\" class=\"attachment-large size-large wp-post-image\" alt=\"Category image\" loading=\"lazy\" srcset=\"https:\/\/acoteq.com\/wp-content\/uploads\/2026\/02\/1.1.2-Haul-Off-PVC-Belts.png-1024x683.webp 1024w, https:\/\/acoteq.com\/wp-content\/uploads\/2026\/02\/1.1.2-Haul-Off-PVC-Belts.png-300x200.webp 300w, https:\/\/acoteq.com\/wp-content\/uploads\/2026\/02\/1.1.2-Haul-Off-PVC-Belts.png-768x512.webp 768w, https:\/\/acoteq.com\/wp-content\/uploads\/2026\/02\/1.1.2-Haul-Off-PVC-Belts.png.webp 1536w\" sizes=\"auto, (max-width: 640px) 100vw, 640px\" \/>\t\t\t\t\t\t\t\t<\/a>\n\t\t\t\t\t\t\t\t\n\n\t\t\t\t\t\t\t<div class=\"card_information\">\t\n\n\t\t\t\t\t\t\t\t<div>\n\n\t\t\t\t\t\t\t\t\t<h3>\n\t\t\t\t\t\t\t\t\t\t<a href=\"https:\/\/acoteq.com\/fr\/pieces-de-rechange\/pieces-mecaniques\/courroies\/courroies-de-tirage\/bandes-de-tirage-en-pvc\/\">\n\t\t\t\t\t\t\t\t\t\t\t<b>Bandes<\/b> de tirage en PVC\t\t\t\t\t\t\t\t\t\t\t\n\t\t\t\t\t\t\t\t\t\t<\/a>\n\t\t\t\t\t\t\t\t\t<\/h3>\n\n\t\t\t\t\t\t\t\t\t\t\t\n\n\t\t\t\t\t\t\t\t<\/div>\t\n\n\t\t\t\t\t\t\t\t<div class=\"cards_linkwrap\">\n\n\t\t\t\t\t\t\t\t\t\t\t\t\t\t\t\t\t\t\t\n\t\t\t\t\t\t\t\t\t\t<a href=\"https:\/\/acoteq.com\/fr\/pieces-de-rechange\/pieces-mecaniques\/courroies\/courroies-de-tirage\/bandes-de-tirage-en-pvc\/\">\n\t\t\t\t\t\t\t\t\t\t\tVoir la cat\u00e9gorie&nbsp;<i class=\"fas fa-arrow-right\"><\/i>\n\t\t\t\t\t\t\t\t\t\t<\/a>\t\t\t\t\t\t\t\t\t\t\n\n\t\t\t\t\t\t\t\t\t\t\t\t\t\n\n\t\t\t\t\t\t\t\t<\/div>\t\t\t\t\t\t\t\t\t\t\t\t\t\t\t\n\n\t\t\t\t\t\t\t<\/div>\n\n\t\t\t\t\t\t<\/div>\n\n\t\t\t\t\t<\/div>\n\n\t\t\t\t\n\t\t\t\t\t<div class=\"col-lg-4 col-md-6 card_single\">\n\n\t\t\t\t\t\t\n\t\t\t\t\t\t<div class=\"card_inner\">\n\n\t\t\t\t\t\t\t\t\t\t\t\t\t\t\t<a href=\"https:\/\/acoteq.com\/fr\/pieces-de-rechange\/pieces-mecaniques\/courroies\/courroies-de-tirage\/courroies-de-tirage-en-caoutchouc\/\">\n\t\t\t\t\t\t\t\t\t<img decoding=\"async\" width=\"640\" height=\"427\" src=\"https:\/\/acoteq.com\/wp-content\/uploads\/2026\/02\/1.2.2-Haul-Off-Rubber-Belts.png-1024x683.webp\" class=\"attachment-large size-large wp-post-image\" alt=\"Category image\" loading=\"lazy\" srcset=\"https:\/\/acoteq.com\/wp-content\/uploads\/2026\/02\/1.2.2-Haul-Off-Rubber-Belts.png-1024x683.webp 1024w, https:\/\/acoteq.com\/wp-content\/uploads\/2026\/02\/1.2.2-Haul-Off-Rubber-Belts.png-300x200.webp 300w, https:\/\/acoteq.com\/wp-content\/uploads\/2026\/02\/1.2.2-Haul-Off-Rubber-Belts.png-768x512.webp 768w, https:\/\/acoteq.com\/wp-content\/uploads\/2026\/02\/1.2.2-Haul-Off-Rubber-Belts.png.webp 1536w\" sizes=\"auto, (max-width: 640px) 100vw, 640px\" \/>\t\t\t\t\t\t\t\t<\/a>\n\t\t\t\t\t\t\t\t\n\n\t\t\t\t\t\t\t<div class=\"card_information\">\t\n\n\t\t\t\t\t\t\t\t<div>\n\n\t\t\t\t\t\t\t\t\t<h3>\n\t\t\t\t\t\t\t\t\t\t<a href=\"https:\/\/acoteq.com\/fr\/pieces-de-rechange\/pieces-mecaniques\/courroies\/courroies-de-tirage\/courroies-de-tirage-en-caoutchouc\/\">\n\t\t\t\t\t\t\t\t\t\t\t<b>Courroies<\/b> de tirage en caoutchouc\t\t\t\t\t\t\t\t\t\t\t\n\t\t\t\t\t\t\t\t\t\t<\/a>\n\t\t\t\t\t\t\t\t\t<\/h3>\n\n\t\t\t\t\t\t\t\t\t\t\t\n\n\t\t\t\t\t\t\t\t<\/div>\t\n\n\t\t\t\t\t\t\t\t<div class=\"cards_linkwrap\">\n\n\t\t\t\t\t\t\t\t\t\t\t\t\t\t\t\t\t\t\t\n\t\t\t\t\t\t\t\t\t\t<a href=\"https:\/\/acoteq.com\/fr\/pieces-de-rechange\/pieces-mecaniques\/courroies\/courroies-de-tirage\/courroies-de-tirage-en-caoutchouc\/\">\n\t\t\t\t\t\t\t\t\t\t\tVoir la cat\u00e9gorie&nbsp;<i class=\"fas fa-arrow-right\"><\/i>\n\t\t\t\t\t\t\t\t\t\t<\/a>\t\t\t\t\t\t\t\t\t\t\n\n\t\t\t\t\t\t\t\t\t\t\t\t\t\n\n\t\t\t\t\t\t\t\t<\/div>\t\t\t\t\t\t\t\t\t\t\t\t\t\t\t\n\n\t\t\t\t\t\t\t<\/div>\n\n\t\t\t\t\t\t<\/div>\n\n\t\t\t\t\t<\/div>\n\n\t\t\t\t\n\t\t\t\t\t<div class=\"col-lg-4 col-md-6 card_single\">\n\n\t\t\t\t\t\t\n\t\t\t\t\t\t<div class=\"card_inner\">\n\n\t\t\t\t\t\t\t\t\t\t\t\t\t\t\t<a href=\"https:\/\/acoteq.com\/fr\/pieces-de-rechange\/pieces-mecaniques\/courroies\/courroies-de-tirage\/blocs-de-tirage-en-caoutchouc\/\">\n\t\t\t\t\t\t\t\t\t<img decoding=\"async\" width=\"640\" height=\"427\" src=\"https:\/\/acoteq.com\/wp-content\/uploads\/2026\/02\/1.3.2-Haul-Off-Rubber-Blocks.png-1024x683.webp\" class=\"attachment-large size-large wp-post-image\" alt=\"Category image\" loading=\"lazy\" srcset=\"https:\/\/acoteq.com\/wp-content\/uploads\/2026\/02\/1.3.2-Haul-Off-Rubber-Blocks.png-1024x683.webp 1024w, https:\/\/acoteq.com\/wp-content\/uploads\/2026\/02\/1.3.2-Haul-Off-Rubber-Blocks.png-300x200.webp 300w, https:\/\/acoteq.com\/wp-content\/uploads\/2026\/02\/1.3.2-Haul-Off-Rubber-Blocks.png-768x512.webp 768w, https:\/\/acoteq.com\/wp-content\/uploads\/2026\/02\/1.3.2-Haul-Off-Rubber-Blocks.png.webp 1536w\" sizes=\"auto, (max-width: 640px) 100vw, 640px\" \/>\t\t\t\t\t\t\t\t<\/a>\n\t\t\t\t\t\t\t\t\n\n\t\t\t\t\t\t\t<div class=\"card_information\">\t\n\n\t\t\t\t\t\t\t\t<div>\n\n\t\t\t\t\t\t\t\t\t<h3>\n\t\t\t\t\t\t\t\t\t\t<a href=\"https:\/\/acoteq.com\/fr\/pieces-de-rechange\/pieces-mecaniques\/courroies\/courroies-de-tirage\/blocs-de-tirage-en-caoutchouc\/\">\n\t\t\t\t\t\t\t\t\t\t\t<b>Blocs<\/b> de tirage en caoutchouc\t\t\t\t\t\t\t\t\t\t\t\n\t\t\t\t\t\t\t\t\t\t<\/a>\n\t\t\t\t\t\t\t\t\t<\/h3>\n\n\t\t\t\t\t\t\t\t\t\t\t\n\n\t\t\t\t\t\t\t\t<\/div>\t\n\n\t\t\t\t\t\t\t\t<div class=\"cards_linkwrap\">\n\n\t\t\t\t\t\t\t\t\t\t\t\t\t\t\t\t\t\t\t\n\t\t\t\t\t\t\t\t\t\t<a href=\"https:\/\/acoteq.com\/fr\/pieces-de-rechange\/pieces-mecaniques\/courroies\/courroies-de-tirage\/blocs-de-tirage-en-caoutchouc\/\">\n\t\t\t\t\t\t\t\t\t\t\tVoir la cat\u00e9gorie&nbsp;<i class=\"fas fa-arrow-right\"><\/i>\n\t\t\t\t\t\t\t\t\t\t<\/a>\t\t\t\t\t\t\t\t\t\t\n\n\t\t\t\t\t\t\t\t\t\t\t\t\t\n\n\t\t\t\t\t\t\t\t<\/div>\t\t\t\t\t\t\t\t\t\t\t\t\t\t\t\n\n\t\t\t\t\t\t\t<\/div>\n\n\t\t\t\t\t\t<\/div>\n\n\t\t\t\t\t<\/div>\n\n\t\t\t\t\t\t\t\n\n\t\t\t\t\t\t\n\n\t\t<\/div>\n\n\t<\/div>\n\n<\/section>\n<\/div><\/div>\n\n\n\n<div class=\"wp-block-group has-white-color has-text-color has-background has-link-color wp-elements-ac2bbebf69710e69105aa3ff3302b345\" style=\"background-color:#051c3c\"><div class=\"wp-block-group__inner-container is-layout-constrained wp-block-group-is-layout-constrained\"><section class=\"process\">\n\t\n\t<div class=\"container\">\n\n\t\t<div class=\"row\">\n\n\t\t\t<div class=\"col-lg-4\">\n\n\t\t\t\t<section class=\"headline\">\n\t\t\t\t\t\n\t\t\t\t\t<div class=\"container\">\n\n\t\t\t\t\t\t<div class=\"row\">\n\n\t\t\t\t\t\t\t<div class=\"col-lg-12 p-0\">\n\n\t\t\t\t\t\t\t\t<div class=\"headline_wrapper\">\n\n\t\t\t\t\t\t\t\t\t<h2><em>Comment \u00e7a marche <\/em><strong><span style=\"color: #c7d300;\">DEMANDEZ<br \/>\nVOTRE DEVIS <\/span><\/strong><strong>facilement<\/strong><\/h2>\n\n\t\t\t\t\t\t\t\t<\/div>\n\n\t\t\t\t\t\t\t<\/div>\n\n\t\t\t\t\t\t<\/div>\n\n\t\t\t\t\t<\/div>\n\n\t\t\t\t<\/section>\t\t\t\t\n\n\t\t\t<\/div>\n\n\t\t\t<div class=\"col-lg-8 process_steps\">\n\n\t\t\t\t<div class=\"process_steps_inner\">\n\n\t\t\t\t\t\n\t\t\t\t\t\t\t<div class=\"step_single\">\n\n\t\t\t\t\t\t\t\t<div class=\"step_icon\">\n\n\t\t\t\t\t\t\t\t\t<img decoding=\"async\" src=\"https:\/\/acoteq.com\/wp-content\/uploads\/2026\/02\/icons8_document.svg\" alt=\"\">\n\n\t\t\t\t\t\t\t\t<\/div>\n\n\t\t\t\t\t\t\t\t<div class=\"step_information\">\n\n\t\t\t\t\t\t\t\t\t<strong>1. Identifiez votre pi\u00e8ce<\/strong>\n\n\t\t\t\t\t\t\t\t\t<span>D\u00e9tails du fabricant, r\u00e9f\u00e9rence de la pi\u00e8ce ou une photo. C\u2019est tout ce dont nous avons besoin.<\/span>\n\n\t\t\t\t\t\t\t\t<\/div>\t\t\t\t\t\t\n\n\t\t\t\t\t\t\t<\/div>\n\n\t\t\t\t\t\t\n\t\t\t\t\t\t\t<div class=\"step_single\">\n\n\t\t\t\t\t\t\t\t<div class=\"step_icon\">\n\n\t\t\t\t\t\t\t\t\t<img decoding=\"async\" src=\"https:\/\/acoteq.com\/wp-content\/uploads\/2026\/02\/Vector.svg\" alt=\"\">\n\n\t\t\t\t\t\t\t\t<\/div>\n\n\t\t\t\t\t\t\t\t<div class=\"step_information\">\n\n\t\t\t\t\t\t\t\t\t<strong>2. Envoyez votre demande<\/strong>\n\n\t\t\t\t\t\t\t\t\t<span>Soumettez les d\u00e9tails via notre formulaire de contact, e-mail, Teams ou WhatsApp.<\/span>\n\n\t\t\t\t\t\t\t\t<\/div>\t\t\t\t\t\t\n\n\t\t\t\t\t\t\t<\/div>\n\n\t\t\t\t\t\t\n\t\t\t\t\t\t\t<div class=\"step_single\">\n\n\t\t\t\t\t\t\t\t<div class=\"step_icon\">\n\n\t\t\t\t\t\t\t\t\t<img decoding=\"async\" src=\"https:\/\/acoteq.com\/wp-content\/uploads\/2026\/02\/gg_check-o.svg\" alt=\"\">\n\n\t\t\t\t\t\t\t\t<\/div>\n\n\t\t\t\t\t\t\t\t<div class=\"step_information\">\n\n\t\t\t\t\t\t\t\t\t<strong>3. Recevez votre devis<\/strong>\n\n\t\t\t\t\t\t\t\t\t<span>Nous vous enverrons un devis aussi rapidement que notre r\u00e9seau d\u2019approvisionnement le permet.<\/span>\n\n\t\t\t\t\t\t\t\t<\/div>\t\t\t\t\t\t\n\n\t\t\t\t\t\t\t<\/div>\n\n\t\t\t\t\t\t\t\t\t\t\t\n\n\t\t\t\t<\/div>\n\n\t\t\t<\/div>\n\n\t\t<\/div>\n\n\t<\/div>\n\n<\/section><\/div><\/div>\n\n\n\n<div class=\"wp-block-group has-white-background-color has-text-color has-background has-link-color wp-elements-a951c385403e0b1787b5b1f6314c0dcd\" style=\"color:#0e3770\"><div class=\"wp-block-group__inner-container is-layout-constrained wp-block-group-is-layout-constrained\"><section class=\"headline align-left \">\n\t\n\t<div class=\"container\">\n\n\t\t<div class=\"row\">\n\n\t\t\t<div class=\"col-lg-12\">\n\n\t\t\t\t<div class=\"headline_wrapper\">\n\n\t\t\t\t\t<h1><strong>Quelles courroies de tirage <\/strong>proposez-vous ?<\/h1>\n\n\t\t\t\t\t\n\t\t\t\t<\/div>\n\n\t\t\t<\/div>\n\n\t\t<\/div>\n\n\t<\/div>\n\n<\/section>\n\n\n<div style=\"height:15px\" aria-hidden=\"true\" class=\"wp-block-spacer\"><\/div>\n\n\n\n<div class=\"wp-block-columns is-layout-flex wp-container-core-columns-is-layout-9d6595d7 wp-block-columns-is-layout-flex\">\n<div class=\"wp-block-column is-layout-flow wp-block-column-is-layout-flow\"><section class=\"text \">\n\t\n\t<div class=\"container\">\n\n\t\t<div class=\"row\">\n\n\t\t\t<div class=\"col-lg-12\">\n\n\t\t\t\t<p><strong>Les courroies de tirage<\/strong> sont con\u00e7ues pour offrir une traction pr\u00e9cise, une grande durabilit\u00e9 et une stabilit\u00e9 dimensionnelle dans les applications \u00e0 mouvement continu, en particulier dans l\u2019extrusion, la production de c\u00e2bles et les lignes de tubage. Ces courroies sont con\u00e7ues pour saisir des profils d\u00e9licats ou rigides sans glissement ni d\u00e9formation, garantissant une force de traction constante et une synchronisation pr\u00e9cise entre les \u00e9tapes de traitement.<\/p>\n<p>Chez <strong>ACOTEQ<\/strong>, nous fournissons une gamme compl\u00e8te de <strong>courroies de tirage<\/strong>, y compris des <strong>courroies de tirage en PVC<\/strong>, des <strong>courroies de tirage en caoutchouc<\/strong> et des <strong>blocs en caoutchouc pour tirage<\/strong>, tous disponibles en <strong>versions d\u2019origine ou compatibles<\/strong> et adapt\u00e9s aux principales machines d\u2019extrusion et configurations de lignes. Nos produits sont fabriqu\u00e9s avec des moules de haute pr\u00e9cision et des mat\u00e9riaux premium afin de garantir d\u2019excellentes performances dans des environnements \u00e0 forte friction, \u00e0 grande vitesse ou \u00e0 haute temp\u00e9rature.<\/p>\n<p>Nous proposons des courroies avec diff\u00e9rents niveaux de friction, de duret\u00e9, des textures de surface vari\u00e9es (lisses, rainur\u00e9es ou \u00e0 motifs) et des structures renforc\u00e9es adapt\u00e9es \u00e0 des g\u00e9om\u00e9tries de produits et \u00e0 des profils d\u2019extrusion sp\u00e9cifiques. Que votre activit\u00e9 concerne des <strong>tubes en plastique, des fils &amp; c\u00e2bles, des profil\u00e9s ou des tuyaux<\/strong>, nous vous aidons \u00e0 s\u00e9lectionner l\u2019\u00e9l\u00e9ment de traction ad\u00e9quat afin d\u2019\u00e9viter les marques, les d\u00e9fauts d\u2019alignement ou l\u2019usure pr\u00e9matur\u00e9e.<\/p>\n<p>Notre \u00e9quipe peut vous accompagner pour la <strong>correspondance des courroies, les dimensions, les rev\u00eatements et l\u2019optimisation de la pression<\/strong> afin de garantir une adh\u00e9rence optimale et une longue dur\u00e9e de vie. Nous proposons \u00e9galement des <strong>solutions de tirage personnalis\u00e9es<\/strong> pour les OEM et les projets de retrofit, en adaptant la longueur, la largeur, le mat\u00e9riau ou le type de renfort de la courroie \u00e0 vos unit\u00e9s de tirage sp\u00e9cifiques.<\/p>\n<p>Toutes les courroies b\u00e9n\u00e9ficient d\u2019une <strong>livraison dans le monde entier<\/strong>, de d\u00e9lais de r\u00e9ponse rapides et d\u2019une disponibilit\u00e9 de niveau industriel.<\/p>\n<p>Si vous avez besoin d\u2019aide pour le dimensionnement, la compatibilit\u00e9 machine ou une livraison urgente, contactez-nous ou <strong>demandez un devis<\/strong> d\u00e8s aujourd\u2019hui.<\/p>\n\n\t\t\t<\/div>\n\n\t\t<\/div>\n\n\t<\/div>\n\n<\/section><\/div>\n\n\n\n<div class=\"wp-block-column is-layout-flow wp-block-column-is-layout-flow\"><div class=\"container\">\n\n\t<div class=\"row\">\n\n\t\t<div class=\"col-lg-12\">\n\n\t\t\t<div class=\"imagewrap\">\n\n\t\t\t\t<img decoding=\"async\" src=\"https:\/\/acoteq.com\/wp-content\/uploads\/2026\/03\/haul-off-belts-e1773741538171.png\" alt=\"\">\n\n\t\t\t\t\n\t\t\t<\/div>\n\n\t\t<\/div>\n\n\t<\/div>\n\n<\/div><\/div>\n<\/div>\n<\/div><\/div>\n","protected":false},"excerpt":{"rendered":"","protected":false},"author":1,"featured_media":3618,"parent":3633,"menu_order":0,"comment_status":"closed","ping_status":"closed","template":"","meta":{"_acf_changed":false,"footnotes":""},"class_list":["post-3617","page","type-page","status-publish","has-post-thumbnail","hentry"],"acf":[],"yoast_head":"<!-- This site is optimized with the Yoast SEO plugin v27.4 - https:\/\/yoast.com\/product\/yoast-seo-wordpress\/ -->\n<title>Courroies de tirage | Pi\u00eaces de Rechange M\u00e9caniques | ACOTEQ<\/title>\n<meta name=\"description\" content=\"Haul-off belts designed for optimal grip, abrasion resistance, and long service life. Fast worldwide shipping.\" \/>\n<meta name=\"robots\" content=\"index, follow, max-snippet:-1, max-image-preview:large, max-video-preview:-1\" \/>\n<link rel=\"canonical\" href=\"https:\/\/acoteq.com\/fr\/pieces-de-rechange\/pieces-mecaniques\/courroies\/courroies-de-tirage\/\" \/>\n<meta property=\"og:locale\" content=\"fr_FR\" \/>\n<meta property=\"og:type\" content=\"article\" \/>\n<meta property=\"og:title\" content=\"Courroies de tirage | Pi\u00eaces de Rechange M\u00e9caniques | ACOTEQ\" \/>\n<meta property=\"og:description\" content=\"Haul-off belts designed for optimal grip, abrasion resistance, and long service life. Fast worldwide shipping.\" \/>\n<meta property=\"og:url\" content=\"https:\/\/acoteq.com\/fr\/pieces-de-rechange\/pieces-mecaniques\/courroies\/courroies-de-tirage\/\" \/>\n<meta property=\"og:site_name\" content=\"ACOTEQ\" \/>\n<meta property=\"article:modified_time\" content=\"2026-03-17T12:30:26+00:00\" \/>\n<meta property=\"og:image\" content=\"https:\/\/acoteq.com\/wp-content\/uploads\/2026\/02\/1-Haul-Off-Belts-2-e1758199711220.png.webp\" \/>\n\t<meta property=\"og:image:width\" content=\"2013\" \/>\n\t<meta property=\"og:image:height\" content=\"1420\" \/>\n\t<meta property=\"og:image:type\" content=\"image\/webp\" \/>\n<meta name=\"twitter:card\" content=\"summary_large_image\" \/>\n<meta name=\"twitter:label1\" content=\"Dur\u00e9e de lecture estim\u00e9e\" \/>\n\t<meta name=\"twitter:data1\" content=\"1 minute\" \/>\n<script type=\"application\/ld+json\" class=\"yoast-schema-graph\">{\"@context\":\"https:\\\/\\\/schema.org\",\"@graph\":[{\"@type\":\"WebPage\",\"@id\":\"https:\\\/\\\/acoteq.com\\\/fr\\\/pieces-de-rechange\\\/pieces-mecaniques\\\/courroies\\\/courroies-de-tirage\\\/\",\"url\":\"https:\\\/\\\/acoteq.com\\\/fr\\\/pieces-de-rechange\\\/pieces-mecaniques\\\/courroies\\\/courroies-de-tirage\\\/\",\"name\":\"Courroies de tirage | Pi\u00eaces de Rechange M\u00e9caniques | ACOTEQ\",\"isPartOf\":{\"@id\":\"https:\\\/\\\/acoteq.com\\\/fr\\\/#website\"},\"primaryImageOfPage\":{\"@id\":\"https:\\\/\\\/acoteq.com\\\/fr\\\/pieces-de-rechange\\\/pieces-mecaniques\\\/courroies\\\/courroies-de-tirage\\\/#primaryimage\"},\"image\":{\"@id\":\"https:\\\/\\\/acoteq.com\\\/fr\\\/pieces-de-rechange\\\/pieces-mecaniques\\\/courroies\\\/courroies-de-tirage\\\/#primaryimage\"},\"thumbnailUrl\":\"https:\\\/\\\/acoteq.com\\\/wp-content\\\/uploads\\\/2026\\\/02\\\/1-Haul-Off-Belts-2-e1758199711220.png.webp\",\"datePublished\":\"2026-02-12T13:01:03+00:00\",\"dateModified\":\"2026-03-17T12:30:26+00:00\",\"description\":\"Haul-off belts designed for optimal grip, abrasion resistance, and long service life. Fast worldwide shipping.\",\"breadcrumb\":{\"@id\":\"https:\\\/\\\/acoteq.com\\\/fr\\\/pieces-de-rechange\\\/pieces-mecaniques\\\/courroies\\\/courroies-de-tirage\\\/#breadcrumb\"},\"inLanguage\":\"fr-FR\",\"potentialAction\":[{\"@type\":\"ReadAction\",\"target\":[\"https:\\\/\\\/acoteq.com\\\/fr\\\/pieces-de-rechange\\\/pieces-mecaniques\\\/courroies\\\/courroies-de-tirage\\\/\"]}]},{\"@type\":\"ImageObject\",\"inLanguage\":\"fr-FR\",\"@id\":\"https:\\\/\\\/acoteq.com\\\/fr\\\/pieces-de-rechange\\\/pieces-mecaniques\\\/courroies\\\/courroies-de-tirage\\\/#primaryimage\",\"url\":\"https:\\\/\\\/acoteq.com\\\/wp-content\\\/uploads\\\/2026\\\/02\\\/1-Haul-Off-Belts-2-e1758199711220.png.webp\",\"contentUrl\":\"https:\\\/\\\/acoteq.com\\\/wp-content\\\/uploads\\\/2026\\\/02\\\/1-Haul-Off-Belts-2-e1758199711220.png.webp\",\"width\":2013,\"height\":1420},{\"@type\":\"BreadcrumbList\",\"@id\":\"https:\\\/\\\/acoteq.com\\\/fr\\\/pieces-de-rechange\\\/pieces-mecaniques\\\/courroies\\\/courroies-de-tirage\\\/#breadcrumb\",\"itemListElement\":[{\"@type\":\"ListItem\",\"position\":1,\"name\":\"Home\",\"item\":\"https:\\\/\\\/acoteq.com\\\/fr\\\/\"},{\"@type\":\"ListItem\",\"position\":2,\"name\":\"Pi\u00e8ces de Rechange\",\"item\":\"https:\\\/\\\/acoteq.com\\\/fr\\\/pieces-de-rechange\\\/\"},{\"@type\":\"ListItem\",\"position\":3,\"name\":\"Pi\u00e8ces M\u00e9caniques\",\"item\":\"https:\\\/\\\/acoteq.com\\\/fr\\\/pieces-de-rechange\\\/pieces-mecaniques\\\/\"},{\"@type\":\"ListItem\",\"position\":4,\"name\":\"Courroies\",\"item\":\"https:\\\/\\\/acoteq.com\\\/fr\\\/repuestos\\\/repuestos-mecanicos\\\/correas\\\/\"},{\"@type\":\"ListItem\",\"position\":5,\"name\":\"Courroies de tirage\"}]},{\"@type\":\"WebSite\",\"@id\":\"https:\\\/\\\/acoteq.com\\\/fr\\\/#website\",\"url\":\"https:\\\/\\\/acoteq.com\\\/fr\\\/\",\"name\":\"ACOTEQ\",\"description\":\"\",\"potentialAction\":[{\"@type\":\"SearchAction\",\"target\":{\"@type\":\"EntryPoint\",\"urlTemplate\":\"https:\\\/\\\/acoteq.com\\\/fr\\\/?s={search_term_string}\"},\"query-input\":{\"@type\":\"PropertyValueSpecification\",\"valueRequired\":true,\"valueName\":\"search_term_string\"}}],\"inLanguage\":\"fr-FR\"}]}<\/script>\n<!-- \/ Yoast SEO plugin. -->","yoast_head_json":{"title":"Courroies de tirage | Pi\u00eaces de Rechange M\u00e9caniques | ACOTEQ","description":"Haul-off belts designed for optimal grip, abrasion resistance, and long service life. Fast worldwide shipping.","robots":{"index":"index","follow":"follow","max-snippet":"max-snippet:-1","max-image-preview":"max-image-preview:large","max-video-preview":"max-video-preview:-1"},"canonical":"https:\/\/acoteq.com\/fr\/pieces-de-rechange\/pieces-mecaniques\/courroies\/courroies-de-tirage\/","og_locale":"fr_FR","og_type":"article","og_title":"Courroies de tirage | Pi\u00eaces de Rechange M\u00e9caniques | ACOTEQ","og_description":"Haul-off belts designed for optimal grip, abrasion resistance, and long service life. Fast worldwide shipping.","og_url":"https:\/\/acoteq.com\/fr\/pieces-de-rechange\/pieces-mecaniques\/courroies\/courroies-de-tirage\/","og_site_name":"ACOTEQ","article_modified_time":"2026-03-17T12:30:26+00:00","og_image":[{"width":2013,"height":1420,"url":"https:\/\/acoteq.com\/wp-content\/uploads\/2026\/02\/1-Haul-Off-Belts-2-e1758199711220.png.webp","type":"image\/webp"}],"twitter_card":"summary_large_image","twitter_misc":{"Dur\u00e9e de lecture estim\u00e9e":"1 minute"},"schema":{"@context":"https:\/\/schema.org","@graph":[{"@type":"WebPage","@id":"https:\/\/acoteq.com\/fr\/pieces-de-rechange\/pieces-mecaniques\/courroies\/courroies-de-tirage\/","url":"https:\/\/acoteq.com\/fr\/pieces-de-rechange\/pieces-mecaniques\/courroies\/courroies-de-tirage\/","name":"Courroies de tirage | Pi\u00eaces de Rechange M\u00e9caniques | ACOTEQ","isPartOf":{"@id":"https:\/\/acoteq.com\/fr\/#website"},"primaryImageOfPage":{"@id":"https:\/\/acoteq.com\/fr\/pieces-de-rechange\/pieces-mecaniques\/courroies\/courroies-de-tirage\/#primaryimage"},"image":{"@id":"https:\/\/acoteq.com\/fr\/pieces-de-rechange\/pieces-mecaniques\/courroies\/courroies-de-tirage\/#primaryimage"},"thumbnailUrl":"https:\/\/acoteq.com\/wp-content\/uploads\/2026\/02\/1-Haul-Off-Belts-2-e1758199711220.png.webp","datePublished":"2026-02-12T13:01:03+00:00","dateModified":"2026-03-17T12:30:26+00:00","description":"Haul-off belts designed for optimal grip, abrasion resistance, and long service life. Fast worldwide shipping.","breadcrumb":{"@id":"https:\/\/acoteq.com\/fr\/pieces-de-rechange\/pieces-mecaniques\/courroies\/courroies-de-tirage\/#breadcrumb"},"inLanguage":"fr-FR","potentialAction":[{"@type":"ReadAction","target":["https:\/\/acoteq.com\/fr\/pieces-de-rechange\/pieces-mecaniques\/courroies\/courroies-de-tirage\/"]}]},{"@type":"ImageObject","inLanguage":"fr-FR","@id":"https:\/\/acoteq.com\/fr\/pieces-de-rechange\/pieces-mecaniques\/courroies\/courroies-de-tirage\/#primaryimage","url":"https:\/\/acoteq.com\/wp-content\/uploads\/2026\/02\/1-Haul-Off-Belts-2-e1758199711220.png.webp","contentUrl":"https:\/\/acoteq.com\/wp-content\/uploads\/2026\/02\/1-Haul-Off-Belts-2-e1758199711220.png.webp","width":2013,"height":1420},{"@type":"BreadcrumbList","@id":"https:\/\/acoteq.com\/fr\/pieces-de-rechange\/pieces-mecaniques\/courroies\/courroies-de-tirage\/#breadcrumb","itemListElement":[{"@type":"ListItem","position":1,"name":"Home","item":"https:\/\/acoteq.com\/fr\/"},{"@type":"ListItem","position":2,"name":"Pi\u00e8ces de Rechange","item":"https:\/\/acoteq.com\/fr\/pieces-de-rechange\/"},{"@type":"ListItem","position":3,"name":"Pi\u00e8ces M\u00e9caniques","item":"https:\/\/acoteq.com\/fr\/pieces-de-rechange\/pieces-mecaniques\/"},{"@type":"ListItem","position":4,"name":"Courroies","item":"https:\/\/acoteq.com\/fr\/repuestos\/repuestos-mecanicos\/correas\/"},{"@type":"ListItem","position":5,"name":"Courroies de tirage"}]},{"@type":"WebSite","@id":"https:\/\/acoteq.com\/fr\/#website","url":"https:\/\/acoteq.com\/fr\/","name":"ACOTEQ","description":"","potentialAction":[{"@type":"SearchAction","target":{"@type":"EntryPoint","urlTemplate":"https:\/\/acoteq.com\/fr\/?s={search_term_string}"},"query-input":{"@type":"PropertyValueSpecification","valueRequired":true,"valueName":"search_term_string"}}],"inLanguage":"fr-FR"}]}},"_links":{"self":[{"href":"https:\/\/acoteq.com\/fr\/wp-json\/wp\/v2\/pages\/3617","targetHints":{"allow":["GET"]}}],"collection":[{"href":"https:\/\/acoteq.com\/fr\/wp-json\/wp\/v2\/pages"}],"about":[{"href":"https:\/\/acoteq.com\/fr\/wp-json\/wp\/v2\/types\/page"}],"author":[{"embeddable":true,"href":"https:\/\/acoteq.com\/fr\/wp-json\/wp\/v2\/users\/1"}],"replies":[{"embeddable":true,"href":"https:\/\/acoteq.com\/fr\/wp-json\/wp\/v2\/comments?post=3617"}],"version-history":[{"count":4,"href":"https:\/\/acoteq.com\/fr\/wp-json\/wp\/v2\/pages\/3617\/revisions"}],"predecessor-version":[{"id":9276,"href":"https:\/\/acoteq.com\/fr\/wp-json\/wp\/v2\/pages\/3617\/revisions\/9276"}],"up":[{"embeddable":true,"href":"https:\/\/acoteq.com\/fr\/wp-json\/wp\/v2\/pages\/3633"}],"wp:featuredmedia":[{"embeddable":true,"href":"https:\/\/acoteq.com\/fr\/wp-json\/wp\/v2\/media\/3618"}],"wp:attachment":[{"href":"https:\/\/acoteq.com\/fr\/wp-json\/wp\/v2\/media?parent=3617"}],"curies":[{"name":"wp","href":"https:\/\/api.w.org\/{rel}","templated":true}]}}