{"id":3925,"date":"2026-02-12T13:44:45","date_gmt":"2026-02-12T12:44:45","guid":{"rendered":"https:\/\/acoteq.com\/hmi\/"},"modified":"2026-03-17T17:03:45","modified_gmt":"2026-03-17T16:03:45","slug":"ihm","status":"publish","type":"page","link":"https:\/\/acoteq.com\/fr\/pieces-de-rechange\/pieces-electriques\/ihm\/","title":{"rendered":"IHM"},"content":{"rendered":"<section class=\"cta\">\n\t\n\t<div class=\"container\">\n\n\t\t<div class=\"row\">\n\n\t\t\t<div class=\"col-lg-12\">\n\n\t\t\t\t<div class=\"cta_inner\">\n\n\t\t\t\t\t<div>\n\n\t\t\t\t\t\t<span class=\"pre_headline\"><i class=\"fas fa-search\"><\/i>&nbsp;Experts en approvisionnement mondial<\/span>\n\n\t\t\t\t\t\t<p><strong><em>Vous ne trouvez pas<\/em> votre pi\u00e8ce ?<\/strong><\/p>\n<p>Notre catalogue en ligne ne pr\u00e9sente que 5 % de nos capacit\u00e9s d\u2019approvisionnement.<br \/>\n<strong>Laissez nos experts trouver exactement ce dont vous avez besoin.<\/strong><\/p>\n\n\t\t\t\t\t<\/div>\n\n\t\t\t\t\t<div>\n\n\t\t\t\t\t\t\n\t\t\t\t\t\t\t<a class=\"button light\" href=\"#contact\" target=\"\">Demander un devis&nbsp;<i class=\"fas fa-arrow-right\"><\/i><\/a>\n\n\t\t\t\t\t\t\n\t\t\t\t\t<\/div>\n\n\t\t\t\t\t<i class=\"fas fa-times close_cta\"><\/i>\n\n\t\t\t\t<\/div>\n\n\t\t\t<\/div>\n\n\t\t<\/div>\n\n\t<\/div>\n\n<\/section>\n\n\n<div style=\"height:75px\" aria-hidden=\"true\" class=\"wp-block-spacer\"><\/div>\n\n\n<div class=\"yoast-breadcrumbs\"><span><span><a href=\"https:\/\/acoteq.com\/fr\/\"><i class=\"fas fa-home\">Home<\/i><\/a><\/span> \/ <span><a href=\"https:\/\/acoteq.com\/fr\/pieces-de-rechange\/\">Pi\u00e8ces de Rechange<\/a><\/span> \/ <span><a href=\"https:\/\/acoteq.com\/fr\/pieces-de-rechange\/pieces-electriques\/\">Pi\u00e8ces \u00c9lectriques<\/a><\/span> \/ <span class=\"breadcrumb_last\" aria-current=\"page\">IHM<\/span><\/span><\/div>\n\n\n<div class=\"wp-block-group has-white-background-color has-text-color has-background has-link-color wp-elements-b90a80cefa4f9517f2ddaf135648495d\" style=\"color:#0e3770\"><div class=\"wp-block-group__inner-container is-layout-constrained wp-block-group-is-layout-constrained\"><section class=\"headline align-left \">\n\t\n\t<div class=\"container\">\n\n\t\t<div class=\"row\">\n\n\t\t\t<div class=\"col-lg-12\">\n\n\t\t\t\t<div class=\"headline_wrapper\">\n\n\t\t\t\t\t<h1><strong>IHM<\/strong><\/h1>\n\n\t\t\t\t\t\n\t\t\t\t<\/div>\n\n\t\t\t<\/div>\n\n\t\t<\/div>\n\n\t<\/div>\n\n<\/section>\n\n\n<div style=\"height:50px\" aria-hidden=\"true\" class=\"wp-block-spacer\"><\/div>\n\n\n<section class=\"cards\">\n\t\n\t<div class=\"container\">\n\n\t\t<div class=\"row\">\n\n\t\t\t\n\t\t\t\t\n\t\t\t\t\t<div class=\"col-lg-4 col-md-6 card_single\">\n\n\t\t\t\t\t\t\n\t\t\t\t\t\t<div class=\"card_inner\">\n\n\t\t\t\t\t\t\t\t\t\t\t\t\t\t\t<a href=\"https:\/\/acoteq.com\/fr\/pieces-de-rechange\/pieces-electriques\/ihm\/panneaux-a-clavier-ihm\/\">\n\t\t\t\t\t\t\t\t\t<img decoding=\"async\" width=\"640\" height=\"425\" src=\"https:\/\/acoteq.com\/wp-content\/uploads\/2026\/02\/1-HMI-Keypad-Panels-1.png-1024x680.webp\" class=\"attachment-large size-large wp-post-image\" alt=\"Category image\" loading=\"lazy\" srcset=\"https:\/\/acoteq.com\/wp-content\/uploads\/2026\/02\/1-HMI-Keypad-Panels-1.png-1024x680.webp 1024w, https:\/\/acoteq.com\/wp-content\/uploads\/2026\/02\/1-HMI-Keypad-Panels-1.png-300x199.webp 300w, https:\/\/acoteq.com\/wp-content\/uploads\/2026\/02\/1-HMI-Keypad-Panels-1.png-768x510.webp 768w, https:\/\/acoteq.com\/wp-content\/uploads\/2026\/02\/1-HMI-Keypad-Panels-1.png-1536x1020.webp 1536w, https:\/\/acoteq.com\/wp-content\/uploads\/2026\/02\/1-HMI-Keypad-Panels-1.png.webp 1816w\" sizes=\"auto, (max-width: 640px) 100vw, 640px\" \/>\t\t\t\t\t\t\t\t<\/a>\n\t\t\t\t\t\t\t\t\n\n\t\t\t\t\t\t\t<div class=\"card_information\">\t\n\n\t\t\t\t\t\t\t\t<div>\n\n\t\t\t\t\t\t\t\t\t<h3>\n\t\t\t\t\t\t\t\t\t\t<a href=\"https:\/\/acoteq.com\/fr\/pieces-de-rechange\/pieces-electriques\/ihm\/panneaux-a-clavier-ihm\/\">\n\t\t\t\t\t\t\t\t\t\t\t<b>Panneaux<\/b> \u00e0 clavier IHM\t\t\t\t\t\t\t\t\t\t\t\n\t\t\t\t\t\t\t\t\t\t<\/a>\n\t\t\t\t\t\t\t\t\t<\/h3>\n\n\t\t\t\t\t\t\t\t\t\t\t\n\n\t\t\t\t\t\t\t\t<\/div>\t\n\n\t\t\t\t\t\t\t\t<div class=\"cards_linkwrap\">\n\n\t\t\t\t\t\t\t\t\t\t\t\t\t\t\t\t\t\t\t\n\t\t\t\t\t\t\t\t\t\t<a href=\"https:\/\/acoteq.com\/fr\/pieces-de-rechange\/pieces-electriques\/ihm\/panneaux-a-clavier-ihm\/\">\n\t\t\t\t\t\t\t\t\t\t\tVoir la cat\u00e9gorie&nbsp;<i class=\"fas fa-arrow-right\"><\/i>\n\t\t\t\t\t\t\t\t\t\t<\/a>\t\t\t\t\t\t\t\t\t\t\n\n\t\t\t\t\t\t\t\t\t\t\t\t\t\n\n\t\t\t\t\t\t\t\t<\/div>\t\t\t\t\t\t\t\t\t\t\t\t\t\t\t\n\n\t\t\t\t\t\t\t<\/div>\n\n\t\t\t\t\t\t<\/div>\n\n\t\t\t\t\t<\/div>\n\n\t\t\t\t\n\t\t\t\t\t<div class=\"col-lg-4 col-md-6 card_single\">\n\n\t\t\t\t\t\t\n\t\t\t\t\t\t<div class=\"card_inner\">\n\n\t\t\t\t\t\t\t\t\t\t\t\t\t\t\t<a href=\"https:\/\/acoteq.com\/fr\/pieces-de-rechange\/pieces-electriques\/ihm\/panneaux-tactiles-ihm\/\">\n\t\t\t\t\t\t\t\t\t<img decoding=\"async\" width=\"640\" height=\"427\" src=\"https:\/\/acoteq.com\/wp-content\/uploads\/2026\/02\/2-HMI-Touchscreen-Panels-1.png-1024x683.webp\" class=\"attachment-large size-large wp-post-image\" alt=\"Category image\" loading=\"lazy\" srcset=\"https:\/\/acoteq.com\/wp-content\/uploads\/2026\/02\/2-HMI-Touchscreen-Panels-1.png-1024x683.webp 1024w, https:\/\/acoteq.com\/wp-content\/uploads\/2026\/02\/2-HMI-Touchscreen-Panels-1.png-300x200.webp 300w, https:\/\/acoteq.com\/wp-content\/uploads\/2026\/02\/2-HMI-Touchscreen-Panels-1.png-768x512.webp 768w, https:\/\/acoteq.com\/wp-content\/uploads\/2026\/02\/2-HMI-Touchscreen-Panels-1.png.webp 1536w\" sizes=\"auto, (max-width: 640px) 100vw, 640px\" \/>\t\t\t\t\t\t\t\t<\/a>\n\t\t\t\t\t\t\t\t\n\n\t\t\t\t\t\t\t<div class=\"card_information\">\t\n\n\t\t\t\t\t\t\t\t<div>\n\n\t\t\t\t\t\t\t\t\t<h3>\n\t\t\t\t\t\t\t\t\t\t<a href=\"https:\/\/acoteq.com\/fr\/pieces-de-rechange\/pieces-electriques\/ihm\/panneaux-tactiles-ihm\/\">\n\t\t\t\t\t\t\t\t\t\t\t<b>Panneaux<\/b> tactiles IHM\t\t\t\t\t\t\t\t\t\t\t\n\t\t\t\t\t\t\t\t\t\t<\/a>\n\t\t\t\t\t\t\t\t\t<\/h3>\n\n\t\t\t\t\t\t\t\t\t\t\t\n\n\t\t\t\t\t\t\t\t<\/div>\t\n\n\t\t\t\t\t\t\t\t<div class=\"cards_linkwrap\">\n\n\t\t\t\t\t\t\t\t\t\t\t\t\t\t\t\t\t\t\t\n\t\t\t\t\t\t\t\t\t\t<a href=\"https:\/\/acoteq.com\/fr\/pieces-de-rechange\/pieces-electriques\/ihm\/panneaux-tactiles-ihm\/\">\n\t\t\t\t\t\t\t\t\t\t\tVoir la cat\u00e9gorie&nbsp;<i class=\"fas fa-arrow-right\"><\/i>\n\t\t\t\t\t\t\t\t\t\t<\/a>\t\t\t\t\t\t\t\t\t\t\n\n\t\t\t\t\t\t\t\t\t\t\t\t\t\n\n\t\t\t\t\t\t\t\t<\/div>\t\t\t\t\t\t\t\t\t\t\t\t\t\t\t\n\n\t\t\t\t\t\t\t<\/div>\n\n\t\t\t\t\t\t<\/div>\n\n\t\t\t\t\t<\/div>\n\n\t\t\t\t\n\t\t\t\t\t<div class=\"col-lg-4 col-md-6 card_single\">\n\n\t\t\t\t\t\t\n\t\t\t\t\t\t<div class=\"card_inner\">\n\n\t\t\t\t\t\t\t\t\t\t\t\t\t\t\t<a href=\"https:\/\/acoteq.com\/fr\/pieces-de-rechange\/pieces-electriques\/ihm\/panneaux-mobiles-ihm\/\">\n\t\t\t\t\t\t\t\t\t<img decoding=\"async\" width=\"640\" height=\"427\" src=\"https:\/\/acoteq.com\/wp-content\/uploads\/2026\/02\/1-HMI-Mobile-Panels-1-e1756805371377.png-1024x683.webp\" class=\"attachment-large size-large wp-post-image\" alt=\"Category image\" loading=\"lazy\" srcset=\"https:\/\/acoteq.com\/wp-content\/uploads\/2026\/02\/1-HMI-Mobile-Panels-1-e1756805371377.png-1024x683.webp 1024w, https:\/\/acoteq.com\/wp-content\/uploads\/2026\/02\/1-HMI-Mobile-Panels-1-e1756805371377.png-300x200.webp 300w, https:\/\/acoteq.com\/wp-content\/uploads\/2026\/02\/1-HMI-Mobile-Panels-1-e1756805371377.png-768x512.webp 768w, https:\/\/acoteq.com\/wp-content\/uploads\/2026\/02\/1-HMI-Mobile-Panels-1-e1756805371377.png.webp 1536w\" sizes=\"auto, (max-width: 640px) 100vw, 640px\" \/>\t\t\t\t\t\t\t\t<\/a>\n\t\t\t\t\t\t\t\t\n\n\t\t\t\t\t\t\t<div class=\"card_information\">\t\n\n\t\t\t\t\t\t\t\t<div>\n\n\t\t\t\t\t\t\t\t\t<h3>\n\t\t\t\t\t\t\t\t\t\t<a href=\"https:\/\/acoteq.com\/fr\/pieces-de-rechange\/pieces-electriques\/ihm\/panneaux-mobiles-ihm\/\">\n\t\t\t\t\t\t\t\t\t\t\t<b>Panneaux<\/b> mobiles IHM\t\t\t\t\t\t\t\t\t\t\t\n\t\t\t\t\t\t\t\t\t\t<\/a>\n\t\t\t\t\t\t\t\t\t<\/h3>\n\n\t\t\t\t\t\t\t\t\t\t\t\n\n\t\t\t\t\t\t\t\t<\/div>\t\n\n\t\t\t\t\t\t\t\t<div class=\"cards_linkwrap\">\n\n\t\t\t\t\t\t\t\t\t\t\t\t\t\t\t\t\t\t\t\n\t\t\t\t\t\t\t\t\t\t<a href=\"https:\/\/acoteq.com\/fr\/pieces-de-rechange\/pieces-electriques\/ihm\/panneaux-mobiles-ihm\/\">\n\t\t\t\t\t\t\t\t\t\t\tVoir la cat\u00e9gorie&nbsp;<i class=\"fas fa-arrow-right\"><\/i>\n\t\t\t\t\t\t\t\t\t\t<\/a>\t\t\t\t\t\t\t\t\t\t\n\n\t\t\t\t\t\t\t\t\t\t\t\t\t\n\n\t\t\t\t\t\t\t\t<\/div>\t\t\t\t\t\t\t\t\t\t\t\t\t\t\t\n\n\t\t\t\t\t\t\t<\/div>\n\n\t\t\t\t\t\t<\/div>\n\n\t\t\t\t\t<\/div>\n\n\t\t\t\t\t\t\t\n\n\t\t\t\t\t\t\n\n\t\t<\/div>\n\n\t<\/div>\n\n<\/section>\n<\/div><\/div>\n\n\n\n<div class=\"wp-block-group has-white-color has-text-color has-background has-link-color wp-elements-ac2bbebf69710e69105aa3ff3302b345\" style=\"background-color:#051c3c\"><div class=\"wp-block-group__inner-container is-layout-constrained wp-block-group-is-layout-constrained\"><section class=\"process\">\n\t\n\t<div class=\"container\">\n\n\t\t<div class=\"row\">\n\n\t\t\t<div class=\"col-lg-4\">\n\n\t\t\t\t<section class=\"headline\">\n\t\t\t\t\t\n\t\t\t\t\t<div class=\"container\">\n\n\t\t\t\t\t\t<div class=\"row\">\n\n\t\t\t\t\t\t\t<div class=\"col-lg-12 p-0\">\n\n\t\t\t\t\t\t\t\t<div class=\"headline_wrapper\">\n\n\t\t\t\t\t\t\t\t\t<h2><em>Comment \u00e7a marche <\/em><strong><span style=\"color: #c7d300;\">DEMANDEZ<br \/>\nVOTRE DEVIS <\/span><\/strong><strong>facilement<\/strong><\/h2>\n\n\t\t\t\t\t\t\t\t<\/div>\n\n\t\t\t\t\t\t\t<\/div>\n\n\t\t\t\t\t\t<\/div>\n\n\t\t\t\t\t<\/div>\n\n\t\t\t\t<\/section>\t\t\t\t\n\n\t\t\t<\/div>\n\n\t\t\t<div class=\"col-lg-8 process_steps\">\n\n\t\t\t\t<div class=\"process_steps_inner\">\n\n\t\t\t\t\t\n\t\t\t\t\t\t\t<div class=\"step_single\">\n\n\t\t\t\t\t\t\t\t<div class=\"step_icon\">\n\n\t\t\t\t\t\t\t\t\t<img decoding=\"async\" src=\"https:\/\/acoteq.com\/wp-content\/uploads\/2026\/02\/icons8_document.svg\" alt=\"\">\n\n\t\t\t\t\t\t\t\t<\/div>\n\n\t\t\t\t\t\t\t\t<div class=\"step_information\">\n\n\t\t\t\t\t\t\t\t\t<strong>1. Identifiez votre pi\u00e8ce<\/strong>\n\n\t\t\t\t\t\t\t\t\t<span>D\u00e9tails du fabricant, r\u00e9f\u00e9rence de la pi\u00e8ce ou une photo. C\u2019est tout ce dont nous avons besoin.<\/span>\n\n\t\t\t\t\t\t\t\t<\/div>\t\t\t\t\t\t\n\n\t\t\t\t\t\t\t<\/div>\n\n\t\t\t\t\t\t\n\t\t\t\t\t\t\t<div class=\"step_single\">\n\n\t\t\t\t\t\t\t\t<div class=\"step_icon\">\n\n\t\t\t\t\t\t\t\t\t<img decoding=\"async\" src=\"https:\/\/acoteq.com\/wp-content\/uploads\/2026\/02\/Vector.svg\" alt=\"\">\n\n\t\t\t\t\t\t\t\t<\/div>\n\n\t\t\t\t\t\t\t\t<div class=\"step_information\">\n\n\t\t\t\t\t\t\t\t\t<strong>2. Envoyez votre demande<\/strong>\n\n\t\t\t\t\t\t\t\t\t<span>Soumettez les d\u00e9tails via notre formulaire de contact, e-mail, Teams ou WhatsApp.<\/span>\n\n\t\t\t\t\t\t\t\t<\/div>\t\t\t\t\t\t\n\n\t\t\t\t\t\t\t<\/div>\n\n\t\t\t\t\t\t\n\t\t\t\t\t\t\t<div class=\"step_single\">\n\n\t\t\t\t\t\t\t\t<div class=\"step_icon\">\n\n\t\t\t\t\t\t\t\t\t<img decoding=\"async\" src=\"https:\/\/acoteq.com\/wp-content\/uploads\/2026\/02\/gg_check-o.svg\" alt=\"\">\n\n\t\t\t\t\t\t\t\t<\/div>\n\n\t\t\t\t\t\t\t\t<div class=\"step_information\">\n\n\t\t\t\t\t\t\t\t\t<strong>3. Recevez votre devis<\/strong>\n\n\t\t\t\t\t\t\t\t\t<span>Nous vous enverrons un devis aussi rapidement que notre r\u00e9seau d\u2019approvisionnement le permet.<\/span>\n\n\t\t\t\t\t\t\t\t<\/div>\t\t\t\t\t\t\n\n\t\t\t\t\t\t\t<\/div>\n\n\t\t\t\t\t\t\t\t\t\t\t\n\n\t\t\t\t<\/div>\n\n\t\t\t<\/div>\n\n\t\t<\/div>\n\n\t<\/div>\n\n<\/section><\/div><\/div>\n\n\n\n<div class=\"wp-block-group has-white-background-color has-text-color has-background has-link-color wp-elements-0ec1f44f1fd50140ec9df9130c432547\" style=\"color:#0e3770\"><div class=\"wp-block-group__inner-container is-layout-constrained wp-block-group-is-layout-constrained\"><section class=\"headline align-left \">\n\t\n\t<div class=\"container\">\n\n\t\t<div class=\"row\">\n\n\t\t\t<div class=\"col-lg-12\">\n\n\t\t\t\t<div class=\"headline_wrapper\">\n\n\t\t\t\t\t<h1><strong>Quels panneaux IHM <\/strong>proposez-vous ?<\/h1>\n\n\t\t\t\t\t\n\t\t\t\t<\/div>\n\n\t\t\t<\/div>\n\n\t\t<\/div>\n\n\t<\/div>\n\n<\/section>\n\n\n<div style=\"height:15px\" aria-hidden=\"true\" class=\"wp-block-spacer\"><\/div>\n\n\n\n<div class=\"wp-block-columns is-layout-flex wp-container-core-columns-is-layout-9d6595d7 wp-block-columns-is-layout-flex\">\n<div class=\"wp-block-column is-layout-flow wp-block-column-is-layout-flow\"><section class=\"text \">\n\t\n\t<div class=\"container\">\n\n\t\t<div class=\"row\">\n\n\t\t\t<div class=\"col-lg-12\">\n\n\t\t\t\t<p><strong>Les panneaux IHM<\/strong> (interfaces homme-machine) sont des dispositifs essentiels pour la surveillance et le contr\u00f4le des syst\u00e8mes d\u2019automatisation industrielle. Ils fournissent aux op\u00e9rateurs une visualisation des donn\u00e9es en temps r\u00e9el, la configuration des param\u00e8tres et une interaction directe avec les API, les variateurs et les capteurs. En int\u00e9grant des <strong>solutions IHM<\/strong> dans les lignes de production, les usines peuvent am\u00e9liorer la visibilit\u00e9 des processus, r\u00e9duire les temps d\u2019arr\u00eat et accro\u00eetre l\u2019efficacit\u00e9 globale.<\/p>\n<p>Les principaux types de <strong>panneaux IHM<\/strong> comprennent les <strong>panneaux \u00e0 clavier<\/strong>, qui offrent une saisie robuste et tactile pour les environnements difficiles ; les <strong>panneaux \u00e0 \u00e9cran tactile<\/strong>, con\u00e7us pour une utilisation intuitive et des affichages graphiques avanc\u00e9s ; et les <strong>panneaux IHM mobiles<\/strong>, qui offrent flexibilit\u00e9 et mobilit\u00e9 pour la configuration des machines, la maintenance et le d\u00e9pannage. Chaque type r\u00e9pond \u00e0 diff\u00e9rents besoins industriels, des simples afficheurs de texte aux interfaces multitouch avanc\u00e9es avec visualisation haute r\u00e9solution.<\/p>\n<p>Nous fournissons des <strong>appareils IHM<\/strong> compatibles avec les principales marques d\u2019automatisation telles que <strong>Siemens, Rockwell Automation (Allen-Bradley), Schneider Electric, Mitsubishi et Omron<\/strong>. Disponibles en <strong>versions d\u2019origine et compatibles<\/strong>, notre offre couvre un large \u00e9ventail de tailles d\u2019\u00e9cran, de protocoles de communication (Ethernet\/IP, Profibus, Modbus, Profinet) et de classes de protection (IP65, IP67) pour les environnements industriels exigeants.<\/p>\n<p>Les sp\u00e9cifications techniques comprennent la <strong>r\u00e9solution d\u2019affichage, les performances du processeur, la capacit\u00e9 m\u00e9moire, les options de connectivit\u00e9, le syst\u00e8me d\u2019exploitation et la r\u00e9sistance environnementale<\/strong>. Ces param\u00e8tres garantissent le bon choix des panneaux IHM pour des applications dans des secteurs tels que l\u2019emballage, l\u2019\u00e9nergie, l\u2019industrie agroalimentaire, l\u2019automobile et l\u2019automatisation des proc\u00e9d\u00e9s.<\/p>\n<p>D\u00e9couvrez la gamme compl\u00e8te de <strong>panneaux IHM<\/strong> pour am\u00e9liorer l\u2019interaction op\u00e9rateur-machine, optimiser le suivi de la production et permettre une int\u00e9gration efficace avec les syst\u00e8mes de contr\u00f4le industriel.<\/p>\n\n\t\t\t<\/div>\n\n\t\t<\/div>\n\n\t<\/div>\n\n<\/section><\/div>\n\n\n\n<div class=\"wp-block-column is-layout-flow wp-block-column-is-layout-flow\"><div class=\"container\">\n\n\t<div class=\"row\">\n\n\t\t<div class=\"col-lg-12\">\n\n\t\t\t<div class=\"imagewrap\">\n\n\t\t\t\t<img decoding=\"async\" src=\"https:\/\/acoteq.com\/wp-content\/uploads\/2026\/03\/hmi-e1773742677371.png\" alt=\"\">\n\n\t\t\t\t\n\t\t\t<\/div>\n\n\t\t<\/div>\n\n\t<\/div>\n\n<\/div><\/div>\n<\/div>\n<\/div><\/div>\n","protected":false},"excerpt":{"rendered":"","protected":false},"author":1,"featured_media":3926,"parent":4058,"menu_order":0,"comment_status":"closed","ping_status":"closed","template":"","meta":{"_acf_changed":false,"footnotes":""},"class_list":["post-3925","page","type-page","status-publish","has-post-thumbnail","hentry"],"acf":[],"yoast_head":"<!-- This site is optimized with the Yoast SEO plugin v27.4 - https:\/\/yoast.com\/product\/yoast-seo-wordpress\/ -->\n<title>IHM | Pi\u00eaces de Rechange \u00c9lectriques | ACOTEQ<\/title>\n<meta name=\"description\" content=\"Industrial HMI panels for reliable monitoring modern integration and efficient operation across advanced automation.\" \/>\n<meta name=\"robots\" content=\"index, follow, max-snippet:-1, max-image-preview:large, max-video-preview:-1\" \/>\n<link rel=\"canonical\" href=\"https:\/\/acoteq.com\/fr\/pieces-de-rechange\/pieces-electriques\/ihm\/\" \/>\n<meta property=\"og:locale\" content=\"fr_FR\" \/>\n<meta property=\"og:type\" content=\"article\" \/>\n<meta property=\"og:title\" content=\"IHM | Pi\u00eaces de Rechange \u00c9lectriques | ACOTEQ\" \/>\n<meta property=\"og:description\" content=\"Industrial HMI panels for reliable monitoring modern integration and efficient operation across advanced automation.\" \/>\n<meta property=\"og:url\" content=\"https:\/\/acoteq.com\/fr\/pieces-de-rechange\/pieces-electriques\/ihm\/\" \/>\n<meta property=\"og:site_name\" content=\"ACOTEQ\" \/>\n<meta property=\"article:modified_time\" content=\"2026-03-17T16:03:45+00:00\" \/>\n<meta property=\"og:image\" content=\"https:\/\/acoteq.com\/wp-content\/uploads\/2026\/02\/0-HMI.png.webp\" \/>\n\t<meta property=\"og:image:width\" content=\"1536\" \/>\n\t<meta property=\"og:image:height\" content=\"1024\" \/>\n\t<meta property=\"og:image:type\" content=\"image\/webp\" \/>\n<meta name=\"twitter:card\" content=\"summary_large_image\" \/>\n<meta name=\"twitter:label1\" content=\"Dur\u00e9e de lecture estim\u00e9e\" \/>\n\t<meta name=\"twitter:data1\" content=\"1 minute\" \/>\n<script type=\"application\/ld+json\" class=\"yoast-schema-graph\">{\"@context\":\"https:\\\/\\\/schema.org\",\"@graph\":[{\"@type\":\"WebPage\",\"@id\":\"https:\\\/\\\/acoteq.com\\\/fr\\\/pieces-de-rechange\\\/pieces-electriques\\\/ihm\\\/\",\"url\":\"https:\\\/\\\/acoteq.com\\\/fr\\\/pieces-de-rechange\\\/pieces-electriques\\\/ihm\\\/\",\"name\":\"IHM | Pi\u00eaces de Rechange \u00c9lectriques | ACOTEQ\",\"isPartOf\":{\"@id\":\"https:\\\/\\\/acoteq.com\\\/fr\\\/#website\"},\"primaryImageOfPage\":{\"@id\":\"https:\\\/\\\/acoteq.com\\\/fr\\\/pieces-de-rechange\\\/pieces-electriques\\\/ihm\\\/#primaryimage\"},\"image\":{\"@id\":\"https:\\\/\\\/acoteq.com\\\/fr\\\/pieces-de-rechange\\\/pieces-electriques\\\/ihm\\\/#primaryimage\"},\"thumbnailUrl\":\"https:\\\/\\\/acoteq.com\\\/wp-content\\\/uploads\\\/2026\\\/02\\\/0-HMI.png.webp\",\"datePublished\":\"2026-02-12T12:44:45+00:00\",\"dateModified\":\"2026-03-17T16:03:45+00:00\",\"description\":\"Industrial HMI panels for reliable monitoring modern integration and efficient operation across advanced automation.\",\"breadcrumb\":{\"@id\":\"https:\\\/\\\/acoteq.com\\\/fr\\\/pieces-de-rechange\\\/pieces-electriques\\\/ihm\\\/#breadcrumb\"},\"inLanguage\":\"fr-FR\",\"potentialAction\":[{\"@type\":\"ReadAction\",\"target\":[\"https:\\\/\\\/acoteq.com\\\/fr\\\/pieces-de-rechange\\\/pieces-electriques\\\/ihm\\\/\"]}]},{\"@type\":\"ImageObject\",\"inLanguage\":\"fr-FR\",\"@id\":\"https:\\\/\\\/acoteq.com\\\/fr\\\/pieces-de-rechange\\\/pieces-electriques\\\/ihm\\\/#primaryimage\",\"url\":\"https:\\\/\\\/acoteq.com\\\/wp-content\\\/uploads\\\/2026\\\/02\\\/0-HMI.png.webp\",\"contentUrl\":\"https:\\\/\\\/acoteq.com\\\/wp-content\\\/uploads\\\/2026\\\/02\\\/0-HMI.png.webp\",\"width\":1536,\"height\":1024},{\"@type\":\"BreadcrumbList\",\"@id\":\"https:\\\/\\\/acoteq.com\\\/fr\\\/pieces-de-rechange\\\/pieces-electriques\\\/ihm\\\/#breadcrumb\",\"itemListElement\":[{\"@type\":\"ListItem\",\"position\":1,\"name\":\"Home\",\"item\":\"https:\\\/\\\/acoteq.com\\\/fr\\\/\"},{\"@type\":\"ListItem\",\"position\":2,\"name\":\"Pi\u00e8ces de Rechange\",\"item\":\"https:\\\/\\\/acoteq.com\\\/fr\\\/pieces-de-rechange\\\/\"},{\"@type\":\"ListItem\",\"position\":3,\"name\":\"Pi\u00e8ces \u00c9lectriques\",\"item\":\"https:\\\/\\\/acoteq.com\\\/fr\\\/pieces-de-rechange\\\/pieces-electriques\\\/\"},{\"@type\":\"ListItem\",\"position\":4,\"name\":\"IHM\"}]},{\"@type\":\"WebSite\",\"@id\":\"https:\\\/\\\/acoteq.com\\\/fr\\\/#website\",\"url\":\"https:\\\/\\\/acoteq.com\\\/fr\\\/\",\"name\":\"ACOTEQ\",\"description\":\"\",\"potentialAction\":[{\"@type\":\"SearchAction\",\"target\":{\"@type\":\"EntryPoint\",\"urlTemplate\":\"https:\\\/\\\/acoteq.com\\\/fr\\\/?s={search_term_string}\"},\"query-input\":{\"@type\":\"PropertyValueSpecification\",\"valueRequired\":true,\"valueName\":\"search_term_string\"}}],\"inLanguage\":\"fr-FR\"}]}<\/script>\n<!-- \/ Yoast SEO plugin. -->","yoast_head_json":{"title":"IHM | Pi\u00eaces de Rechange \u00c9lectriques | ACOTEQ","description":"Industrial HMI panels for reliable monitoring modern integration and efficient operation across advanced automation.","robots":{"index":"index","follow":"follow","max-snippet":"max-snippet:-1","max-image-preview":"max-image-preview:large","max-video-preview":"max-video-preview:-1"},"canonical":"https:\/\/acoteq.com\/fr\/pieces-de-rechange\/pieces-electriques\/ihm\/","og_locale":"fr_FR","og_type":"article","og_title":"IHM | Pi\u00eaces de Rechange \u00c9lectriques | ACOTEQ","og_description":"Industrial HMI panels for reliable monitoring modern integration and efficient operation across advanced automation.","og_url":"https:\/\/acoteq.com\/fr\/pieces-de-rechange\/pieces-electriques\/ihm\/","og_site_name":"ACOTEQ","article_modified_time":"2026-03-17T16:03:45+00:00","og_image":[{"width":1536,"height":1024,"url":"https:\/\/acoteq.com\/wp-content\/uploads\/2026\/02\/0-HMI.png.webp","type":"image\/webp"}],"twitter_card":"summary_large_image","twitter_misc":{"Dur\u00e9e de lecture estim\u00e9e":"1 minute"},"schema":{"@context":"https:\/\/schema.org","@graph":[{"@type":"WebPage","@id":"https:\/\/acoteq.com\/fr\/pieces-de-rechange\/pieces-electriques\/ihm\/","url":"https:\/\/acoteq.com\/fr\/pieces-de-rechange\/pieces-electriques\/ihm\/","name":"IHM | Pi\u00eaces de Rechange \u00c9lectriques | ACOTEQ","isPartOf":{"@id":"https:\/\/acoteq.com\/fr\/#website"},"primaryImageOfPage":{"@id":"https:\/\/acoteq.com\/fr\/pieces-de-rechange\/pieces-electriques\/ihm\/#primaryimage"},"image":{"@id":"https:\/\/acoteq.com\/fr\/pieces-de-rechange\/pieces-electriques\/ihm\/#primaryimage"},"thumbnailUrl":"https:\/\/acoteq.com\/wp-content\/uploads\/2026\/02\/0-HMI.png.webp","datePublished":"2026-02-12T12:44:45+00:00","dateModified":"2026-03-17T16:03:45+00:00","description":"Industrial HMI panels for reliable monitoring modern integration and efficient operation across advanced automation.","breadcrumb":{"@id":"https:\/\/acoteq.com\/fr\/pieces-de-rechange\/pieces-electriques\/ihm\/#breadcrumb"},"inLanguage":"fr-FR","potentialAction":[{"@type":"ReadAction","target":["https:\/\/acoteq.com\/fr\/pieces-de-rechange\/pieces-electriques\/ihm\/"]}]},{"@type":"ImageObject","inLanguage":"fr-FR","@id":"https:\/\/acoteq.com\/fr\/pieces-de-rechange\/pieces-electriques\/ihm\/#primaryimage","url":"https:\/\/acoteq.com\/wp-content\/uploads\/2026\/02\/0-HMI.png.webp","contentUrl":"https:\/\/acoteq.com\/wp-content\/uploads\/2026\/02\/0-HMI.png.webp","width":1536,"height":1024},{"@type":"BreadcrumbList","@id":"https:\/\/acoteq.com\/fr\/pieces-de-rechange\/pieces-electriques\/ihm\/#breadcrumb","itemListElement":[{"@type":"ListItem","position":1,"name":"Home","item":"https:\/\/acoteq.com\/fr\/"},{"@type":"ListItem","position":2,"name":"Pi\u00e8ces de Rechange","item":"https:\/\/acoteq.com\/fr\/pieces-de-rechange\/"},{"@type":"ListItem","position":3,"name":"Pi\u00e8ces \u00c9lectriques","item":"https:\/\/acoteq.com\/fr\/pieces-de-rechange\/pieces-electriques\/"},{"@type":"ListItem","position":4,"name":"IHM"}]},{"@type":"WebSite","@id":"https:\/\/acoteq.com\/fr\/#website","url":"https:\/\/acoteq.com\/fr\/","name":"ACOTEQ","description":"","potentialAction":[{"@type":"SearchAction","target":{"@type":"EntryPoint","urlTemplate":"https:\/\/acoteq.com\/fr\/?s={search_term_string}"},"query-input":{"@type":"PropertyValueSpecification","valueRequired":true,"valueName":"search_term_string"}}],"inLanguage":"fr-FR"}]}},"_links":{"self":[{"href":"https:\/\/acoteq.com\/fr\/wp-json\/wp\/v2\/pages\/3925","targetHints":{"allow":["GET"]}}],"collection":[{"href":"https:\/\/acoteq.com\/fr\/wp-json\/wp\/v2\/pages"}],"about":[{"href":"https:\/\/acoteq.com\/fr\/wp-json\/wp\/v2\/types\/page"}],"author":[{"embeddable":true,"href":"https:\/\/acoteq.com\/fr\/wp-json\/wp\/v2\/users\/1"}],"replies":[{"embeddable":true,"href":"https:\/\/acoteq.com\/fr\/wp-json\/wp\/v2\/comments?post=3925"}],"version-history":[{"count":6,"href":"https:\/\/acoteq.com\/fr\/wp-json\/wp\/v2\/pages\/3925\/revisions"}],"predecessor-version":[{"id":9448,"href":"https:\/\/acoteq.com\/fr\/wp-json\/wp\/v2\/pages\/3925\/revisions\/9448"}],"up":[{"embeddable":true,"href":"https:\/\/acoteq.com\/fr\/wp-json\/wp\/v2\/pages\/4058"}],"wp:featuredmedia":[{"embeddable":true,"href":"https:\/\/acoteq.com\/fr\/wp-json\/wp\/v2\/media\/3926"}],"wp:attachment":[{"href":"https:\/\/acoteq.com\/fr\/wp-json\/wp\/v2\/media?parent=3925"}],"curies":[{"name":"wp","href":"https:\/\/api.w.org\/{rel}","templated":true}]}}