{"id":4014,"date":"2026-02-11T13:34:00","date_gmt":"2026-02-11T12:34:00","guid":{"rendered":"https:\/\/acoteq.com\/technical-equipment\/"},"modified":"2026-04-29T15:21:42","modified_gmt":"2026-04-29T13:21:42","slug":"machines","status":"publish","type":"page","link":"https:\/\/acoteq.com\/fr\/fil-et-cable\/machines\/","title":{"rendered":"Machines"},"content":{"rendered":"<section class=\"banner\">\n\n\t<img decoding=\"async\" src=\"https:\/\/acoteq.com\/wp-content\/uploads\/2026\/02\/Technical_Equipment.png\" alt=\"\">\n\n\t<div class=\"banner_overlay\">\n\n\t\t<div class=\"container\">\n\n\t\t\t<div class=\"row banner_text\">\n\n\t\t\t\t<div class=\"col-lg-12\">\n\n\t\t\t\t\t<h1><em>FIL &#038; C\u00c2BLE<\/em> <strong>Machines<\/strong><\/h1>\n<p style=\"text-align: justify;\">Nous d\u00e9veloppons des \u00e9quipements industriels sur mesure qui s\u2019adaptent \u00e0 l\u2019implantation de votre usine, s\u2019int\u00e8grent aux lignes existantes et assurent des performances fiables \u00e0 long terme tout au long du processus de fabrication de fils et c\u00e2bles.<\/p>\n\n\t\t\t\t\t \n\t\t\t\t<\/div>\n\n\t\t\t<\/div>\n\n\t\t<\/div>\n\n\t<\/div>\n\n<\/section>\n\n\n<div class=\"wp-block-group has-text-color has-background has-link-color wp-elements-083c362a80caca339fe4854935fe2338\" style=\"color:#0e3770;background-color:#f3f4f7\"><div class=\"wp-block-group__inner-container is-layout-constrained wp-block-group-is-layout-constrained\">\n<div style=\"height:20px\" aria-hidden=\"true\" class=\"wp-block-spacer\"><\/div>\n\n\n<section class=\"headline align-center \">\n\t\n\t<div class=\"container\">\n\n\t\t<div class=\"row\">\n\n\t\t\t<div class=\"col-lg-12\">\n\n\t\t\t\t<div class=\"headline_wrapper\">\n\n\t\t\t\t\t<h2><em>Con\u00e7ues autour de votre production<\/em> <strong>LES MACHINES<\/strong> QUE NOUS FOURNISSONS<\/h2>\n\n\t\t\t\t\t\n\t\t\t\t<\/div>\n\n\t\t\t<\/div>\n\n\t\t<\/div>\n\n\t<\/div>\n\n<\/section>\n\n\n<div style=\"height:70px\" aria-hidden=\"true\" class=\"wp-block-spacer\"><\/div>\n\n\n<section class=\"tiles\">\n\t\n\t<div class=\"container\">\n\n\t\t<div class=\"row\">\n\n\t\t\t\n\t\t\t\n\t\t\t\t\t\n\t\t\t\t\t\t<div class=\"col-lg-4 tiles_single type_2\">\n\n\t\t\t\t\t\t\t\t\t\t\t\t\t\t\n\n\t\t\t\t\t\t\t<div class=\"tiles_inner\">\n\n\t\t\t\t\t\t\t\t<div class=\"tiles_image\">\n\n\t\t\t\t\t\t\t\t\t<img decoding=\"async\" src=\"https:\/\/acoteq.com\/wp-content\/uploads\/2026\/03\/icon-park-outline_dot.svg\" alt=\"\">\n\n\t\t\t\t\t\t\t\t<\/div>\n\n\t\t\t\t\t\t\t\t<div class=\"tiles_info\">\n\n\t\t\t\t\t\t\t\t\t<div>\n\n\t\t\t\t\t\t\t\t\t\t<strong class=\"title\">Machines de tr\u00e9filage<\/strong>\n\t\t\t\t\t\t\t\t\t\t\n\t\t\t\t\t\t\t\t\t\t<span class=\"description\"><ul>\r\n \t<li>Lignes de tr\u00e9filage d\u2019\u00e9bauche<\/li>\r\n \t<li>Lignes de tr\u00e9filage monofil<\/li>\r\n \t<li>Lignes de tr\u00e9filage multifils<\/li>\r\n \t<li>Tous les \u00e9quipements auxiliaires<\/li>\r\n<\/ul><\/span>\n\n\t\t\t\t\t\t\t\t\t<\/div>\n\n\t\t\t\t\t\t\t\t\t\n\t\t\t\t\t\t\t\t<\/div>\n\n\t\t\t\t\t\t\t<\/div>\n\n\t\t\t\t\t\t\t\t\t\t\t\t\t\t\t\n\n\t\t\t\t\t\t<\/div>\t\t\t\t\t\t\n\n\t\t\t\t\t\n\t\t\t\t\n\t\t\t\t\t\n\t\t\t\t\t\t<div class=\"col-lg-4 tiles_single type_2\">\n\n\t\t\t\t\t\t\t\t\t\t\t\t\t\t\n\n\t\t\t\t\t\t\t<div class=\"tiles_inner\">\n\n\t\t\t\t\t\t\t\t<div class=\"tiles_image\">\n\n\t\t\t\t\t\t\t\t\t<img decoding=\"async\" src=\"https:\/\/acoteq.com\/wp-content\/uploads\/2026\/03\/icon-park-solid_circles-seven.svg\" alt=\"\">\n\n\t\t\t\t\t\t\t\t<\/div>\n\n\t\t\t\t\t\t\t\t<div class=\"tiles_info\">\n\n\t\t\t\t\t\t\t\t\t<div>\n\n\t\t\t\t\t\t\t\t\t\t<strong class=\"title\">Machines de c\u00e2blage<\/strong>\n\t\t\t\t\t\t\t\t\t\t\n\t\t\t\t\t\t\t\t\t\t<span class=\"description\"><ul>\r\n \t<li>Toronneuses \u00e0 simple et double torsion<\/li>\r\n \t<li>Toronneuse \u00e0 cage rigide<\/li>\r\n \t<li>Toronneuse \u00e0 d\u00e9robage<\/li>\r\n \t<li>Toronneuse \u00e0 archet<\/li>\r\n \t<li>Toronneuse plan\u00e9taire<\/li>\r\n \t<li>Drum Twister<\/li>\r\n \t<li>Tous les \u00e9quipements auxiliaires<\/li>\r\n<\/ul><\/span>\n\n\t\t\t\t\t\t\t\t\t<\/div>\n\n\t\t\t\t\t\t\t\t\t\n\t\t\t\t\t\t\t\t<\/div>\n\n\t\t\t\t\t\t\t<\/div>\n\n\t\t\t\t\t\t\t\t\t\t\t\t\t\t\t\n\n\t\t\t\t\t\t<\/div>\t\t\t\t\t\t\n\n\t\t\t\t\t\n\t\t\t\t\n\t\t\t\t\t\n\t\t\t\t\t\t<div class=\"col-lg-4 tiles_single type_2\">\n\n\t\t\t\t\t\t\t\t\t\t\t\t\t\t\n\n\t\t\t\t\t\t\t<div class=\"tiles_inner\">\n\n\t\t\t\t\t\t\t\t<div class=\"tiles_image\">\n\n\t\t\t\t\t\t\t\t\t<img decoding=\"async\" src=\"https:\/\/acoteq.com\/wp-content\/uploads\/2026\/03\/stash_circle-dot-duotone.svg\" alt=\"\">\n\n\t\t\t\t\t\t\t\t<\/div>\n\n\t\t\t\t\t\t\t\t<div class=\"tiles_info\">\n\n\t\t\t\t\t\t\t\t\t<div>\n\n\t\t\t\t\t\t\t\t\t\t<strong class=\"title\">Lignes d\u2019extrusion<\/strong>\n\t\t\t\t\t\t\t\t\t\t\n\t\t\t\t\t\t\t\t\t\t<span class=\"description\"><ul>\r\n \t<li>Extrudeuses de 45mm 24D \u00e0 200mm 30D<\/li>\r\n \t<li>Tous les \u00e9quipements auxiliaires<\/li>\r\n<\/ul><\/span>\n\n\t\t\t\t\t\t\t\t\t<\/div>\n\n\t\t\t\t\t\t\t\t\t\n\t\t\t\t\t\t\t\t<\/div>\n\n\t\t\t\t\t\t\t<\/div>\n\n\t\t\t\t\t\t\t\t\t\t\t\t\t\t\t\n\n\t\t\t\t\t\t<\/div>\t\t\t\t\t\t\n\n\t\t\t\t\t\n\t\t\t\t\n\t\t\t\t\t\n\t\t\t\t\t\t<div class=\"col-lg-4 tiles_single type_2\">\n\n\t\t\t\t\t\t\t\t\t\t\t\t\t\t\n\n\t\t\t\t\t\t\t<div class=\"tiles_inner\">\n\n\t\t\t\t\t\t\t\t<div class=\"tiles_image\">\n\n\t\t\t\t\t\t\t\t\t<img decoding=\"async\" src=\"https:\/\/acoteq.com\/wp-content\/uploads\/2026\/03\/famicons_layers-sharp.svg\" alt=\"\">\n\n\t\t\t\t\t\t\t\t<\/div>\n\n\t\t\t\t\t\t\t\t<div class=\"tiles_info\">\n\n\t\t\t\t\t\t\t\t\t<div>\n\n\t\t\t\t\t\t\t\t\t\t<strong class=\"title\">Lignes de rubanage et d\u2019armure<\/strong>\n\t\t\t\t\t\t\t\t\t\t\n\t\t\t\t\t\t\t\t\t\t<span class=\"description\"><ul>\r\n \t<li>Machine de rubanage tangentiel<\/li>\r\n \t<li>Machine de rubanage direct<\/li>\r\n \t<li>Machine de rubanage concentrique<\/li>\r\n \t<li>Machine de rubanage acier<\/li>\r\n \t<li>Machines d\u2019armure pour fil de cuivre, d\u2019aluminium, d\u2019acier ou Kevlar<\/li>\r\n \t<li>Tous les \u00e9quipements auxiliaires<\/li>\r\n<\/ul><\/span>\n\n\t\t\t\t\t\t\t\t\t<\/div>\n\n\t\t\t\t\t\t\t\t\t\n\t\t\t\t\t\t\t\t<\/div>\n\n\t\t\t\t\t\t\t<\/div>\n\n\t\t\t\t\t\t\t\t\t\t\t\t\t\t\t\n\n\t\t\t\t\t\t<\/div>\t\t\t\t\t\t\n\n\t\t\t\t\t\n\t\t\t\t\n\t\t\t\t\t\n\t\t\t\t\t\t<div class=\"col-lg-4 tiles_single type_2\">\n\n\t\t\t\t\t\t\t\t\t\t\t\t\t\t\n\n\t\t\t\t\t\t\t<div class=\"tiles_inner\">\n\n\t\t\t\t\t\t\t\t<div class=\"tiles_image\">\n\n\t\t\t\t\t\t\t\t\t<img decoding=\"async\" src=\"https:\/\/acoteq.com\/wp-content\/uploads\/2026\/03\/hugeicons_thread-1.svg\" alt=\"\">\n\n\t\t\t\t\t\t\t\t<\/div>\n\n\t\t\t\t\t\t\t\t<div class=\"tiles_info\">\n\n\t\t\t\t\t\t\t\t\t<div>\n\n\t\t\t\t\t\t\t\t\t\t<strong class=\"title\">D\u00e9rouleurs &#038; Enrouleurs<\/strong>\n\t\t\t\t\t\t\t\t\t\t\n\t\t\t\t\t\t\t\t\t\t<span class=\"description\"><ul>\r\n \t<li>Type portique<\/li>\r\n \t<li>En A<\/li>\r\n \t<li>Bobineuse de rembobinage<\/li>\r\n \t<li>Tous les \u00e9quipements auxiliaires<\/li>\r\n<\/ul><\/span>\n\n\t\t\t\t\t\t\t\t\t<\/div>\n\n\t\t\t\t\t\t\t\t\t\n\t\t\t\t\t\t\t\t<\/div>\n\n\t\t\t\t\t\t\t<\/div>\n\n\t\t\t\t\t\t\t\t\t\t\t\t\t\t\t\n\n\t\t\t\t\t\t<\/div>\t\t\t\t\t\t\n\n\t\t\t\t\t\n\t\t\t\t\n\t\t\t\t\t\n\t\t\t\t\t\t<div class=\"col-lg-4 tiles_single type_2\">\n\n\t\t\t\t\t\t\t\t\t\t\t\t\t\t\n\n\t\t\t\t\t\t\t<div class=\"tiles_inner\">\n\n\t\t\t\t\t\t\t\t<div class=\"tiles_image\">\n\n\t\t\t\t\t\t\t\t\t<img decoding=\"async\" src=\"https:\/\/acoteq.com\/wp-content\/uploads\/2026\/03\/gg_move-right.svg\" alt=\"\">\n\n\t\t\t\t\t\t\t\t<\/div>\n\n\t\t\t\t\t\t\t\t<div class=\"tiles_info\">\n\n\t\t\t\t\t\t\t\t\t<div>\n\n\t\t\t\t\t\t\t\t\t\t<strong class=\"title\">Cabestans<\/strong>\n\t\t\t\t\t\t\t\t\t\t\n\t\t\t\t\t\t\t\t\t\t<span class=\"description\"><ul>\r\n \t<li>Cabestan \u00e0 disque simple<\/li>\r\n \t<li>Cabestan \u00e0 double disque<\/li>\r\n \t<li>Cabestan \u00e0 courroie<\/li>\r\n \t<li>Cabestan \u00e0 cha\u00eene<\/li>\r\n \t<li>Tous les \u00e9quipements auxiliaires<\/li>\r\n<\/ul><\/span>\n\n\t\t\t\t\t\t\t\t\t<\/div>\n\n\t\t\t\t\t\t\t\t\t\n\t\t\t\t\t\t\t\t<\/div>\n\n\t\t\t\t\t\t\t<\/div>\n\n\t\t\t\t\t\t\t\t\t\t\t\t\t\t\t\n\n\t\t\t\t\t\t<\/div>\t\t\t\t\t\t\n\n\t\t\t\t\t\n\t\t\t\t\n\t\t\t\t\t\n\t\t\t\t\t\t<div class=\"col-lg-4 tiles_single type_2\">\n\n\t\t\t\t\t\t\t\t\t\t\t\t\t\t\n\n\t\t\t\t\t\t\t<div class=\"tiles_inner\">\n\n\t\t\t\t\t\t\t\t<div class=\"tiles_image\">\n\n\t\t\t\t\t\t\t\t\t<img decoding=\"async\" src=\"https:\/\/acoteq.com\/wp-content\/uploads\/2026\/03\/ic_sharp-refresh.svg\" alt=\"\">\n\n\t\t\t\t\t\t\t\t<\/div>\n\n\t\t\t\t\t\t\t\t<div class=\"tiles_info\">\n\n\t\t\t\t\t\t\t\t\t<div>\n\n\t\t\t\t\t\t\t\t\t\t<strong class=\"title\">Machines d\u2019occasion<\/strong>\n\t\t\t\t\t\t\t\t\t\t\n\t\t\t\t\t\t\t\t\t\t<span class=\"description\"><ul>\r\n \t<li>Conseil en sourcing &#038; approvisionnement<\/li>\r\n \t<li>Reconditionnement &#038; r\u00e9paration<\/li>\r\n \t<li>Installation &#038; mise en service<\/li>\r\n<\/ul><\/span>\n\n\t\t\t\t\t\t\t\t\t<\/div>\n\n\t\t\t\t\t\t\t\t\t\n\t\t\t\t\t\t\t\t<\/div>\n\n\t\t\t\t\t\t\t<\/div>\n\n\t\t\t\t\t\t\t\t\t\t\t\t\t\t\t\n\n\t\t\t\t\t\t<\/div>\t\t\t\t\t\t\n\n\t\t\t\t\t\n\t\t\t\t\t\t\t\t\n\n\t\t<\/div>\n\n\t<\/div>\n\n<\/section>\n\n\n<div style=\"height:50px\" aria-hidden=\"true\" class=\"wp-block-spacer\"><\/div>\n<\/div><\/div>\n\n\n\n<div class=\"wp-block-group has-white-color has-text-color has-background has-link-color wp-elements-93e67f51605b3a05549e7cff7e05f5f5\" style=\"background-color:#051c3c\"><div class=\"wp-block-group__inner-container is-layout-constrained wp-block-group-is-layout-constrained\"><section class=\"headline align-left \">\n\t\n\t<div class=\"container\">\n\n\t\t<div class=\"row\">\n\n\t\t\t<div class=\"col-lg-12\">\n\n\t\t\t\t<div class=\"headline_wrapper\">\n\n\t\t\t\t\t<h2><span style=\"color: #c7d300;\"><strong>PROCESSUS<\/strong><\/span> D\u2019ING\u00c9NIERIE<\/h2>\n\n\t\t\t\t\t\n\t\t\t\t<\/div>\n\n\t\t\t<\/div>\n\n\t\t<\/div>\n\n\t<\/div>\n\n<\/section>\n\n\n<div style=\"height:30px\" aria-hidden=\"true\" class=\"wp-block-spacer\"><\/div>\n\n\n<section class=\"stages\">\n\t\n\t<div class=\"container\">\n\n\t\t<div class=\"row\">\n\n\t\t\t<div class=\"col-lg-12\">\n\n\t\t\t\t<div class=\"stages_wrapper\">\n\n\t\t\t\t\t\n\t\t\t\t\t\t\t\n\t\t\t\t\t\t\t<div class=\"stages_single \">\n\n\t\t\t\t\t\t\t\t<div class=\"stages_inner\">\n\n\t\t\t\t\t\t\t\t\t\n\t\t\t\t\t\t\t\t\t<span class=\"number\">01<\/span>\n\n\t\t\t\t\t\t\t\t\t<strong class=\"title\">\u00c9valuation<\/strong>\n\n\t\t\t\t\t\t\t\t\t\n\t\t\t\t\t\t\t\t<\/div>\n\n\t\t\t\t\t\t\t<\/div>\n\n\t\t\t\t\t\t\n\t\t\t\t\t\t\t\n\t\t\t\t\t\t\t<div class=\"stages_single \">\n\n\t\t\t\t\t\t\t\t<div class=\"stages_inner\">\n\n\t\t\t\t\t\t\t\t\t\n\t\t\t\t\t\t\t\t\t<span class=\"number\">02<\/span>\n\n\t\t\t\t\t\t\t\t\t<strong class=\"title\">D\u00e9veloppement<\/strong>\n\n\t\t\t\t\t\t\t\t\t\n\t\t\t\t\t\t\t\t<\/div>\n\n\t\t\t\t\t\t\t<\/div>\n\n\t\t\t\t\t\t\n\t\t\t\t\t\t\t\n\t\t\t\t\t\t\t<div class=\"stages_single \">\n\n\t\t\t\t\t\t\t\t<div class=\"stages_inner\">\n\n\t\t\t\t\t\t\t\t\t\n\t\t\t\t\t\t\t\t\t<span class=\"number\">03<\/span>\n\n\t\t\t\t\t\t\t\t\t<strong class=\"title\">Fabrication<\/strong>\n\n\t\t\t\t\t\t\t\t\t\n\t\t\t\t\t\t\t\t<\/div>\n\n\t\t\t\t\t\t\t<\/div>\n\n\t\t\t\t\t\t\n\t\t\t\t\t\t\t\n\t\t\t\t\t\t\t<div class=\"stages_single \">\n\n\t\t\t\t\t\t\t\t<div class=\"stages_inner\">\n\n\t\t\t\t\t\t\t\t\t\n\t\t\t\t\t\t\t\t\t<span class=\"number\">04<\/span>\n\n\t\t\t\t\t\t\t\t\t<strong class=\"title\">Installation<\/strong>\n\n\t\t\t\t\t\t\t\t\t\n\t\t\t\t\t\t\t\t<\/div>\n\n\t\t\t\t\t\t\t<\/div>\n\n\t\t\t\t\t\t\n\t\t\t\t\t\t\t\n\t\t\t\t\t\t\t<div class=\"stages_single \">\n\n\t\t\t\t\t\t\t\t<div class=\"stages_inner\">\n\n\t\t\t\t\t\t\t\t\t\n\t\t\t\t\t\t\t\t\t<span class=\"number\">05<\/span>\n\n\t\t\t\t\t\t\t\t\t<strong class=\"title\">Mise en service<\/strong>\n\n\t\t\t\t\t\t\t\t\t\n\t\t\t\t\t\t\t\t<\/div>\n\n\t\t\t\t\t\t\t<\/div>\n\n\t\t\t\t\t\t\t\n\n\t\t\t\t<\/div>\n\n\t\t\t<\/div>\n\n\t\t<\/div>\n\n\t<\/div>\n\n<\/section><\/div><\/div>\n\n\n\n<div class=\"wp-block-group has-white-background-color has-text-color has-background has-link-color wp-elements-e6ef0635d405810334f5a11636f59f4f\" style=\"color:#0e3770\"><div class=\"wp-block-group__inner-container is-layout-constrained wp-block-group-is-layout-constrained\">\n<div style=\"height:70px\" aria-hidden=\"true\" class=\"wp-block-spacer\"><\/div>\n\n\n<section class=\"headline align-left \">\n\t\n\t<div class=\"container\">\n\n\t\t<div class=\"row\">\n\n\t\t\t<div class=\"col-lg-12\">\n\n\t\t\t\t<div class=\"headline_wrapper\">\n\n\t\t\t\t\t<h2><strong>POURQUOI LES FABRICANTS<\/strong> CHOISISSENT NOS MACHINES<\/h2>\n\n\t\t\t\t\t\n\t\t\t\t<\/div>\n\n\t\t\t<\/div>\n\n\t\t<\/div>\n\n\t<\/div>\n\n<\/section>\n\n\n<div style=\"height:35px\" aria-hidden=\"true\" class=\"wp-block-spacer\"><\/div>\n\n\n\n<div class=\"wp-block-columns is-layout-flex wp-container-core-columns-is-layout-9d6595d7 wp-block-columns-is-layout-flex\">\n<div class=\"wp-block-column is-layout-flow wp-block-column-is-layout-flow\">\n<div class=\"wp-block-columns is-layout-flex wp-container-core-columns-is-layout-9d6595d7 wp-block-columns-is-layout-flex\">\n<div class=\"wp-block-column is-layout-flow wp-block-column-is-layout-flow\"><section class=\"text arrow_list green\">\n\t\n\t<div class=\"container\">\n\n\t\t<div class=\"row\">\n\n\t\t\t<div class=\"col-lg-12\">\n\n\t\t\t\t<p style=\"text-align: justify;\">Nous nous concentrons sur la fourniture de <strong>solutions ax\u00e9es sur l\u2019ing\u00e9nierie<\/strong>, con\u00e7ues pour r\u00e9pondre aux exigences techniques de l\u2019industrie du fil &amp; du c\u00e2ble. Chaque projet est \u00e9valu\u00e9 \u00e0 travers un processus complet de d\u00e9veloppement qui prend en compte tous les facteurs influen\u00e7ant la <strong>productivit\u00e9<\/strong>, la <strong>qualit\u00e9<\/strong>, la <strong>maintenance<\/strong> et le <strong>co\u00fbt du cycle de vie<\/strong>.<\/p>\n<p>&nbsp;<\/p>\n<p style=\"text-align: left;\"><strong>Principaux param\u00e8tres de conception que nous \u00e9valuons :<\/strong><\/p>\n<ul style=\"text-align: justify;\">\n<li>Capacit\u00e9 de production : rendement, vitesse, d\u00e9bit<\/li>\n<li>Caract\u00e9ristiques des mat\u00e9riaux<\/li>\n<li>Espace au sol disponible &amp; implantation<\/li>\n<li>Budget &amp; \u00e9volutivit\u00e9<\/li>\n<li>Int\u00e9gration m\u00e9canique, \u00e9lectrique &amp; automatis\u00e9e avec les lignes existantes<\/li>\n<\/ul>\n<p>&nbsp;<\/p>\n<p style=\"text-align: justify;\"><strong>Du concept \u00e0 la mise en service<\/strong>, nous accompagnons l\u2019ensemble du cycle de vie du projet, y compris la conception d\u2019ing\u00e9nierie, la fabrication des \u00e9quipements, les essais de r\u00e9ception en usine, l\u2019installation, l\u2019int\u00e9gration de la ligne, la mise en service et la formation de vos \u00e9quipes op\u00e9rationnelles. Notre implication garantit que chaque machine fonctionne de mani\u00e8re fluide au sein de votre \u00e9cosyst\u00e8me de production existant d\u00e8s le premier jour.<\/p>\n\n\t\t\t<\/div>\n\n\t\t<\/div>\n\n\t<\/div>\n\n<\/section><\/div>\n\n\n\n<div class=\"wp-block-column is-layout-flow wp-block-column-is-layout-flow\"><div class=\"container\">\n\n\t<div class=\"row\">\n\n\t\t<div class=\"col-lg-12\">\n\n\t\t\t<div class=\"imagewrap\">\n\n\t\t\t\t<img decoding=\"async\" src=\"https:\/\/acoteq.com\/wp-content\/uploads\/2026\/03\/machinery-e1773066101888.png\" alt=\"\">\n\n\t\t\t\t\n\t\t\t<\/div>\n\n\t\t<\/div>\n\n\t<\/div>\n\n<\/div><\/div>\n<\/div>\n<\/div>\n<\/div>\n\n\n\n<div style=\"height:15px\" aria-hidden=\"true\" class=\"wp-block-spacer\"><\/div>\n\n\n\n<div class=\"wp-block-columns is-layout-flex wp-container-core-columns-is-layout-9d6595d7 wp-block-columns-is-layout-flex\">\n<div class=\"wp-block-column is-layout-flow wp-block-column-is-layout-flow\"><section class=\"counter\">\n\t\n\t<div class=\"container\">\n\n\t\t<div class=\"row justify-content-center\">\n\n\t\t\t\n\t\t\t\t\n\t\t\t\t\t<div class=\"col counter_single\">\n\n\t\t\t\t\t\t<div class=\"counter_inner\">\n\n\t\t\t\t\t\t\t<div class=\"counter_icon\">\n\n\t\t\t\t\t\t\t\t<img decoding=\"async\" src=\"https:\/\/acoteq.com\/wp-content\/uploads\/2026\/02\/ic_sharp-engineering.svg\" alt=\"\">\n\n\t\t\t\t\t\t\t<\/div>\n\n\t\t\t\t\t\t\t<div class=\"counter_value\">\n\t\t\t\t\t\t\t\t\n\t\t\t\t\t\t\t\t<span><span class=\"counter_number\" data-value=\"100\">100<\/span>+<\/span>\n\n\t\t\t\t\t\t\t\t<strong class=\"counter_label\">ANN\u00c9ES CUMUL\u00c9ES<br>D\u2019EXPERTISE<\/strong>\n\n\t\t\t\t\t\t\t<\/div>\n\n\t\t\t\t\t\t<\/div>\n\n\t\t\t\t\t<\/div>\n\n\t\t\t\t\n\t\t\t\t\t<div class=\"col counter_single\">\n\n\t\t\t\t\t\t<div class=\"counter_inner\">\n\n\t\t\t\t\t\t\t<div class=\"counter_icon\">\n\n\t\t\t\t\t\t\t\t<img decoding=\"async\" src=\"https:\/\/acoteq.com\/wp-content\/uploads\/2026\/02\/fluent_people-team-28-filled-1.svg\" alt=\"\">\n\n\t\t\t\t\t\t\t<\/div>\n\n\t\t\t\t\t\t\t<div class=\"counter_value\">\n\t\t\t\t\t\t\t\t\n\t\t\t\t\t\t\t\t<span><span class=\"counter_number\" data-value=\"15\">15<\/span>+<\/span>\n\n\t\t\t\t\t\t\t\t<strong class=\"counter_label\">SP\u00c9CIALISTES<br>INT\u00c9GR\u00c9S<\/strong>\n\n\t\t\t\t\t\t\t<\/div>\n\n\t\t\t\t\t\t<\/div>\n\n\t\t\t\t\t<\/div>\n\n\t\t\t\t\n\t\t\t\t\t<div class=\"col counter_single\">\n\n\t\t\t\t\t\t<div class=\"counter_inner\">\n\n\t\t\t\t\t\t\t<div class=\"counter_icon\">\n\n\t\t\t\t\t\t\t\t<img decoding=\"async\" src=\"https:\/\/acoteq.com\/wp-content\/uploads\/2026\/02\/ic_sharp-verified-user.svg\" alt=\"\">\n\n\t\t\t\t\t\t\t<\/div>\n\n\t\t\t\t\t\t\t<div class=\"counter_value\">\n\t\t\t\t\t\t\t\t\n\t\t\t\t\t\t\t\t<span><span class=\"counter_number\" data-value=\"100\">100<\/span>%<\/span>\n\n\t\t\t\t\t\t\t\t<strong class=\"counter_label\">S\u00c9CURIT\u00c9<br>&#038; CONFORMIT\u00c9 CE<\/strong>\n\n\t\t\t\t\t\t\t<\/div>\n\n\t\t\t\t\t\t<\/div>\n\n\t\t\t\t\t<\/div>\n\n\t\t\t\t\n\t\t\t\t\t<div class=\"col counter_single\">\n\n\t\t\t\t\t\t<div class=\"counter_inner\">\n\n\t\t\t\t\t\t\t<div class=\"counter_icon\">\n\n\t\t\t\t\t\t\t\t<img decoding=\"async\" src=\"https:\/\/acoteq.com\/wp-content\/uploads\/2026\/02\/mdi_message-text-fast-1.svg\" alt=\"\">\n\n\t\t\t\t\t\t\t<\/div>\n\n\t\t\t\t\t\t\t<div class=\"counter_value\">\n\t\t\t\t\t\t\t\t\n\t\t\t\t\t\t\t\t<span><span class=\"counter_number\" data-value=\"24\">24<\/span>h<\/span>\n\n\t\t\t\t\t\t\t\t<strong class=\"counter_label\">R\u00c9PONSE<br>SUPPORT<\/strong>\n\n\t\t\t\t\t\t\t<\/div>\n\n\t\t\t\t\t\t<\/div>\n\n\t\t\t\t\t<\/div>\n\n\t\t\t\t\t\n\n\t\t\t\t\t\t\n\n\t\t<\/div>\n\n\t<\/div>\n\n<\/section><\/div>\n<\/div>\n\n\n\n<div style=\"height:50px\" aria-hidden=\"true\" class=\"wp-block-spacer\"><\/div>\n<\/div><\/div>\n","protected":false},"excerpt":{"rendered":"","protected":false},"author":1,"featured_media":0,"parent":4090,"menu_order":0,"comment_status":"closed","ping_status":"closed","template":"","meta":{"_acf_changed":false,"footnotes":""},"class_list":["post-4014","page","type-page","status-publish","hentry"],"acf":[],"yoast_head":"<!-- This site is optimized with the Yoast SEO plugin v27.4 - https:\/\/yoast.com\/product\/yoast-seo-wordpress\/ -->\n<title>Machines | Fil &amp; C\u00e2ble | ACOTEQ<\/title>\n<meta name=\"robots\" content=\"index, follow, max-snippet:-1, max-image-preview:large, max-video-preview:-1\" \/>\n<link rel=\"canonical\" href=\"https:\/\/acoteq.com\/fr\/fil-et-cable\/machines\/\" \/>\n<meta property=\"og:locale\" content=\"fr_FR\" \/>\n<meta property=\"og:type\" content=\"article\" \/>\n<meta property=\"og:title\" content=\"Machines | Fil &amp; C\u00e2ble | ACOTEQ\" \/>\n<meta property=\"og:url\" content=\"https:\/\/acoteq.com\/fr\/fil-et-cable\/machines\/\" \/>\n<meta property=\"og:site_name\" content=\"ACOTEQ\" \/>\n<meta property=\"article:modified_time\" content=\"2026-04-29T13:21:42+00:00\" \/>\n<meta name=\"twitter:card\" content=\"summary_large_image\" \/>\n<script type=\"application\/ld+json\" class=\"yoast-schema-graph\">{\"@context\":\"https:\\\/\\\/schema.org\",\"@graph\":[{\"@type\":\"WebPage\",\"@id\":\"https:\\\/\\\/acoteq.com\\\/fr\\\/fil-et-cable\\\/machines\\\/\",\"url\":\"https:\\\/\\\/acoteq.com\\\/fr\\\/fil-et-cable\\\/machines\\\/\",\"name\":\"Machines | Fil & C\u00e2ble | ACOTEQ\",\"isPartOf\":{\"@id\":\"https:\\\/\\\/acoteq.com\\\/fr\\\/#website\"},\"datePublished\":\"2026-02-11T12:34:00+00:00\",\"dateModified\":\"2026-04-29T13:21:42+00:00\",\"breadcrumb\":{\"@id\":\"https:\\\/\\\/acoteq.com\\\/fr\\\/fil-et-cable\\\/machines\\\/#breadcrumb\"},\"inLanguage\":\"fr-FR\",\"potentialAction\":[{\"@type\":\"ReadAction\",\"target\":[\"https:\\\/\\\/acoteq.com\\\/fr\\\/fil-et-cable\\\/machines\\\/\"]}]},{\"@type\":\"BreadcrumbList\",\"@id\":\"https:\\\/\\\/acoteq.com\\\/fr\\\/fil-et-cable\\\/machines\\\/#breadcrumb\",\"itemListElement\":[{\"@type\":\"ListItem\",\"position\":1,\"name\":\"Home\",\"item\":\"https:\\\/\\\/acoteq.com\\\/fr\\\/\"},{\"@type\":\"ListItem\",\"position\":2,\"name\":\"Fil &amp; C\u00e2ble\",\"item\":\"https:\\\/\\\/acoteq.com\\\/fr\\\/fil-et-cable\\\/\"},{\"@type\":\"ListItem\",\"position\":3,\"name\":\"Machines\"}]},{\"@type\":\"WebSite\",\"@id\":\"https:\\\/\\\/acoteq.com\\\/fr\\\/#website\",\"url\":\"https:\\\/\\\/acoteq.com\\\/fr\\\/\",\"name\":\"ACOTEQ\",\"description\":\"\",\"potentialAction\":[{\"@type\":\"SearchAction\",\"target\":{\"@type\":\"EntryPoint\",\"urlTemplate\":\"https:\\\/\\\/acoteq.com\\\/fr\\\/?s={search_term_string}\"},\"query-input\":{\"@type\":\"PropertyValueSpecification\",\"valueRequired\":true,\"valueName\":\"search_term_string\"}}],\"inLanguage\":\"fr-FR\"}]}<\/script>\n<!-- \/ Yoast SEO plugin. -->","yoast_head_json":{"title":"Machines | Fil & C\u00e2ble | ACOTEQ","robots":{"index":"index","follow":"follow","max-snippet":"max-snippet:-1","max-image-preview":"max-image-preview:large","max-video-preview":"max-video-preview:-1"},"canonical":"https:\/\/acoteq.com\/fr\/fil-et-cable\/machines\/","og_locale":"fr_FR","og_type":"article","og_title":"Machines | Fil & C\u00e2ble | ACOTEQ","og_url":"https:\/\/acoteq.com\/fr\/fil-et-cable\/machines\/","og_site_name":"ACOTEQ","article_modified_time":"2026-04-29T13:21:42+00:00","twitter_card":"summary_large_image","schema":{"@context":"https:\/\/schema.org","@graph":[{"@type":"WebPage","@id":"https:\/\/acoteq.com\/fr\/fil-et-cable\/machines\/","url":"https:\/\/acoteq.com\/fr\/fil-et-cable\/machines\/","name":"Machines | Fil & C\u00e2ble | ACOTEQ","isPartOf":{"@id":"https:\/\/acoteq.com\/fr\/#website"},"datePublished":"2026-02-11T12:34:00+00:00","dateModified":"2026-04-29T13:21:42+00:00","breadcrumb":{"@id":"https:\/\/acoteq.com\/fr\/fil-et-cable\/machines\/#breadcrumb"},"inLanguage":"fr-FR","potentialAction":[{"@type":"ReadAction","target":["https:\/\/acoteq.com\/fr\/fil-et-cable\/machines\/"]}]},{"@type":"BreadcrumbList","@id":"https:\/\/acoteq.com\/fr\/fil-et-cable\/machines\/#breadcrumb","itemListElement":[{"@type":"ListItem","position":1,"name":"Home","item":"https:\/\/acoteq.com\/fr\/"},{"@type":"ListItem","position":2,"name":"Fil &amp; C\u00e2ble","item":"https:\/\/acoteq.com\/fr\/fil-et-cable\/"},{"@type":"ListItem","position":3,"name":"Machines"}]},{"@type":"WebSite","@id":"https:\/\/acoteq.com\/fr\/#website","url":"https:\/\/acoteq.com\/fr\/","name":"ACOTEQ","description":"","potentialAction":[{"@type":"SearchAction","target":{"@type":"EntryPoint","urlTemplate":"https:\/\/acoteq.com\/fr\/?s={search_term_string}"},"query-input":{"@type":"PropertyValueSpecification","valueRequired":true,"valueName":"search_term_string"}}],"inLanguage":"fr-FR"}]}},"_links":{"self":[{"href":"https:\/\/acoteq.com\/fr\/wp-json\/wp\/v2\/pages\/4014","targetHints":{"allow":["GET"]}}],"collection":[{"href":"https:\/\/acoteq.com\/fr\/wp-json\/wp\/v2\/pages"}],"about":[{"href":"https:\/\/acoteq.com\/fr\/wp-json\/wp\/v2\/types\/page"}],"author":[{"embeddable":true,"href":"https:\/\/acoteq.com\/fr\/wp-json\/wp\/v2\/users\/1"}],"replies":[{"embeddable":true,"href":"https:\/\/acoteq.com\/fr\/wp-json\/wp\/v2\/comments?post=4014"}],"version-history":[{"count":87,"href":"https:\/\/acoteq.com\/fr\/wp-json\/wp\/v2\/pages\/4014\/revisions"}],"predecessor-version":[{"id":10616,"href":"https:\/\/acoteq.com\/fr\/wp-json\/wp\/v2\/pages\/4014\/revisions\/10616"}],"up":[{"embeddable":true,"href":"https:\/\/acoteq.com\/fr\/wp-json\/wp\/v2\/pages\/4090"}],"wp:attachment":[{"href":"https:\/\/acoteq.com\/fr\/wp-json\/wp\/v2\/media?parent=4014"}],"curies":[{"name":"wp","href":"https:\/\/api.w.org\/{rel}","templated":true}]}}