{"id":4022,"date":"2026-02-11T13:33:25","date_gmt":"2026-02-11T12:33:25","guid":{"rendered":"https:\/\/acoteq.com\/automation\/"},"modified":"2026-04-09T11:57:42","modified_gmt":"2026-04-09T09:57:42","slug":"automatisation","status":"publish","type":"page","link":"https:\/\/acoteq.com\/fr\/fil-et-cable\/automatisation\/","title":{"rendered":"Automatisation"},"content":{"rendered":"<section class=\"banner\">\n\n\t<img decoding=\"async\" src=\"https:\/\/acoteq.com\/wp-content\/uploads\/2026\/02\/Automation.jpeg\" alt=\"\">\n\n\t<div class=\"banner_overlay\">\n\n\t\t<div class=\"container\">\n\n\t\t\t<div class=\"row banner_text\">\n\n\t\t\t\t<div class=\"col-lg-12\">\n\n\t\t\t\t\t<h1><em>FIL &amp; C\u00c2BLE<\/em><strong>AUTOMATISATION<\/strong><\/h1>\n<p style=\"text-align: justify;\">Nous couvrons tout, de la modernisation des syst\u00e8mes de contr\u00f4le et des mises \u00e0 niveau IHM \u00e0 la manutention robotis\u00e9e, l\u2019automatisation au niveau des processus et la prise en charge mat\u00e9rielle multi-plateforme.<\/p>\n\n\t\t\t\t\t \n\t\t\t\t<\/div>\n\n\t\t\t<\/div>\n\n\t\t<\/div>\n\n\t<\/div>\n\n<\/section>\n\n\n<div class=\"wp-block-group has-text-color has-background has-link-color wp-elements-925d87262fa10cb39ab7ca4bd17b008c\" style=\"color:#0e3770;background-color:#f3f4f7\"><div class=\"wp-block-group__inner-container is-layout-constrained wp-block-group-is-layout-constrained\">\n<div style=\"height:20px\" aria-hidden=\"true\" class=\"wp-block-spacer\"><\/div>\n\n\n<section class=\"headline align-center \">\n\t\n\t<div class=\"container\">\n\n\t\t<div class=\"row\">\n\n\t\t\t<div class=\"col-lg-12\">\n\n\t\t\t\t<div class=\"headline_wrapper\">\n\n\t\t\t\t\t<h2><em>Optimiser la production gr\u00e2ce \u00e0 des<\/em> <strong>SOLUTIONS D\u2019ING\u00c9NIERIE<\/strong><\/h2>\n\n\t\t\t\t\t\n\t\t\t\t<\/div>\n\n\t\t\t<\/div>\n\n\t\t<\/div>\n\n\t<\/div>\n\n<\/section>\n\n\n<div style=\"height:50px\" aria-hidden=\"true\" class=\"wp-block-spacer\"><\/div>\n\n\n<section class=\"tiles\">\n\t\n\t<div class=\"container\">\n\n\t\t<div class=\"row\">\n\n\t\t\t\n\t\t\t\n\t\t\t\t\t\n\t\t\t\t\t\t<div class=\"col-lg-4 tiles_single type_2\">\n\n\t\t\t\t\t\t\t\t\t\t\t\t\t\t\n\n\t\t\t\t\t\t\t<div class=\"tiles_inner\">\n\n\t\t\t\t\t\t\t\t<div class=\"tiles_image\">\n\n\t\t\t\t\t\t\t\t\t<img decoding=\"async\" src=\"https:\/\/acoteq.com\/wp-content\/uploads\/2026\/03\/ix_plc-device.svg\" alt=\"\">\n\n\t\t\t\t\t\t\t\t<\/div>\n\n\t\t\t\t\t\t\t\t<div class=\"tiles_info\">\n\n\t\t\t\t\t\t\t\t\t<div>\n\n\t\t\t\t\t\t\t\t\t\t<strong class=\"title\">Modernisation du syst\u00e8me de contr\u00f4le<\/strong>\n\t\t\t\t\t\t\t\t\t\t\n\t\t\t\t\t\t\t\t\t\t<span class=\"description\"><p style=\"text-align: justify;\">\u00c9liminez les risques li\u00e9s \u00e0 l\u2019obsolescence. Nous rempla\u00e7ons les syst\u00e8mes h\u00e9rit\u00e9s peu fiables par des plateformes d\u2019automatisation robustes et p\u00e9rennes qui garantissent une disponibilit\u00e9 maximale.<\/p><\/span>\n\n\t\t\t\t\t\t\t\t\t<\/div>\n\n\t\t\t\t\t\t\t\t\t\n\t\t\t\t\t\t\t\t<\/div>\n\n\t\t\t\t\t\t\t<\/div>\n\n\t\t\t\t\t\t\t\t\t\t\t\t\t\t\t\n\n\t\t\t\t\t\t<\/div>\t\t\t\t\t\t\n\n\t\t\t\t\t\n\t\t\t\t\n\t\t\t\t\t\n\t\t\t\t\t\t<div class=\"col-lg-4 tiles_single type_2\">\n\n\t\t\t\t\t\t\t\t\t\t\t\t\t\t\n\n\t\t\t\t\t\t\t<div class=\"tiles_inner\">\n\n\t\t\t\t\t\t\t\t<div class=\"tiles_image\">\n\n\t\t\t\t\t\t\t\t\t<img decoding=\"async\" src=\"https:\/\/acoteq.com\/wp-content\/uploads\/2026\/03\/material-symbols_touch-long.svg\" alt=\"\">\n\n\t\t\t\t\t\t\t\t<\/div>\n\n\t\t\t\t\t\t\t\t<div class=\"tiles_info\">\n\n\t\t\t\t\t\t\t\t\t<div>\n\n\t\t\t\t\t\t\t\t\t\t<strong class=\"title\">IHM et interface de nouvelle g\u00e9n\u00e9ration<\/strong>\n\t\t\t\t\t\t\t\t\t\t\n\t\t\t\t\t\t\t\t\t\t<span class=\"description\"><p style=\"text-align: justify;\">Des interfaces plus intelligentes pour de meilleures d\u00e9cisions. Nos IHM intuitives r\u00e9duisent les erreurs op\u00e9rationnelles et donnent \u00e0 votre \u00e9quipe les moyens d\u2019agir gr\u00e2ce \u00e0 la visualisation des donn\u00e9es en temps r\u00e9el.<\/p><\/span>\n\n\t\t\t\t\t\t\t\t\t<\/div>\n\n\t\t\t\t\t\t\t\t\t\n\t\t\t\t\t\t\t\t<\/div>\n\n\t\t\t\t\t\t\t<\/div>\n\n\t\t\t\t\t\t\t\t\t\t\t\t\t\t\t\n\n\t\t\t\t\t\t<\/div>\t\t\t\t\t\t\n\n\t\t\t\t\t\n\t\t\t\t\n\t\t\t\t\t\n\t\t\t\t\t\t<div class=\"col-lg-4 tiles_single type_2\">\n\n\t\t\t\t\t\t\t\t\t\t\t\t\t\t\n\n\t\t\t\t\t\t\t<div class=\"tiles_inner\">\n\n\t\t\t\t\t\t\t\t<div class=\"tiles_image\">\n\n\t\t\t\t\t\t\t\t\t<img decoding=\"async\" src=\"https:\/\/acoteq.com\/wp-content\/uploads\/2026\/03\/streamline-ultimate_factory-industrial-robot-arm-1-bold.svg\" alt=\"\">\n\n\t\t\t\t\t\t\t\t<\/div>\n\n\t\t\t\t\t\t\t\t<div class=\"tiles_info\">\n\n\t\t\t\t\t\t\t\t\t<div>\n\n\t\t\t\t\t\t\t\t\t\t<strong class=\"title\">Robotique<\/strong>\n\t\t\t\t\t\t\t\t\t\t\n\t\t\t\t\t\t\t\t\t\t<span class=\"description\"><p style=\"text-align: justify;\">La pr\u00e9cision \u00e0 grande \u00e9chelle. Mettez en \u0153uvre des solutions robotiques qui standardisent les t\u00e2ches r\u00e9p\u00e9titives, am\u00e9liorent la s\u00e9curit\u00e9 des op\u00e9rateurs et garantissent une coh\u00e9rence irr\u00e9prochable.<\/p><\/span>\n\n\t\t\t\t\t\t\t\t\t<\/div>\n\n\t\t\t\t\t\t\t\t\t\n\t\t\t\t\t\t\t\t<\/div>\n\n\t\t\t\t\t\t\t<\/div>\n\n\t\t\t\t\t\t\t\t\t\t\t\t\t\t\t\n\n\t\t\t\t\t\t<\/div>\t\t\t\t\t\t\n\n\t\t\t\t\t\n\t\t\t\t\n\t\t\t\t\t\n\t\t\t\t\t\t<div class=\"col-lg-4 tiles_single type_2\">\n\n\t\t\t\t\t\t\t\t\t\t\t\t\t\t\n\n\t\t\t\t\t\t\t<div class=\"tiles_inner\">\n\n\t\t\t\t\t\t\t\t<div class=\"tiles_image\">\n\n\t\t\t\t\t\t\t\t\t<img decoding=\"async\" src=\"https:\/\/acoteq.com\/wp-content\/uploads\/2026\/03\/hugeicons_thread-1.svg\" alt=\"\">\n\n\t\t\t\t\t\t\t\t<\/div>\n\n\t\t\t\t\t\t\t\t<div class=\"tiles_info\">\n\n\t\t\t\t\t\t\t\t\t<div>\n\n\t\t\t\t\t\t\t\t\t\t<strong class=\"title\">Contr\u00f4le de processus sp\u00e9cialis\u00e9<\/strong>\n\t\t\t\t\t\t\t\t\t\t\n\t\t\t\t\t\t\t\t\t\t<span class=\"description\"><p style=\"text-align: justify;\">La ma\u00eetrise \u00e0 chaque m\u00e8tre. Les ing\u00e9nieurs d\u2019ACOTEQ sont sp\u00e9cialis\u00e9s dans les variables propres aux lignes de wire &#038; cable, optimisant la tension, la vitesse et le contr\u00f4le qualit\u00e9.<\/p><\/span>\n\n\t\t\t\t\t\t\t\t\t<\/div>\n\n\t\t\t\t\t\t\t\t\t\n\t\t\t\t\t\t\t\t<\/div>\n\n\t\t\t\t\t\t\t<\/div>\n\n\t\t\t\t\t\t\t\t\t\t\t\t\t\t\t\n\n\t\t\t\t\t\t<\/div>\t\t\t\t\t\t\n\n\t\t\t\t\t\n\t\t\t\t\n\t\t\t\t\t\n\t\t\t\t\t\t<div class=\"col-lg-4 tiles_single type_2\">\n\n\t\t\t\t\t\t\t\t\t\t\t\t\t\t\n\n\t\t\t\t\t\t\t<div class=\"tiles_inner\">\n\n\t\t\t\t\t\t\t\t<div class=\"tiles_image\">\n\n\t\t\t\t\t\t\t\t\t<img decoding=\"async\" src=\"https:\/\/acoteq.com\/wp-content\/uploads\/2026\/03\/ant-design_safety-outlined.svg\" alt=\"\">\n\n\t\t\t\t\t\t\t\t<\/div>\n\n\t\t\t\t\t\t\t\t<div class=\"tiles_info\">\n\n\t\t\t\t\t\t\t\t\t<div>\n\n\t\t\t\t\t\t\t\t\t\t<strong class=\"title\">S\u00e9curit\u00e9 &#038; conformit\u00e9<\/strong>\n\t\t\t\t\t\t\t\t\t\t\n\t\t\t\t\t\t\t\t\t\t<span class=\"description\"><p style=\"text-align: justify;\">Des normes mondiales, une tranquillit\u00e9 d\u2019esprit locale. Nous concevons et int\u00e9grons des syst\u00e8mes de s\u00e9curit\u00e9 complets conformes aux certifications industrielles strictes CE et UL.<\/p><\/span>\n\n\t\t\t\t\t\t\t\t\t<\/div>\n\n\t\t\t\t\t\t\t\t\t\n\t\t\t\t\t\t\t\t<\/div>\n\n\t\t\t\t\t\t\t<\/div>\n\n\t\t\t\t\t\t\t\t\t\t\t\t\t\t\t\n\n\t\t\t\t\t\t<\/div>\t\t\t\t\t\t\n\n\t\t\t\t\t\n\t\t\t\t\t\t\t\t\n\n\t\t<\/div>\n\n\t<\/div>\n\n<\/section>\n\n\n<div style=\"height:50px\" aria-hidden=\"true\" class=\"wp-block-spacer\"><\/div>\n<\/div><\/div>\n\n\n<section class=\"service\">\n\t\n\t<div class=\"container\">\n\n\t\t<div class=\"row\">\n\n\t\t\t<div class=\"col-lg-12\">\n\n\t\t\t\t<div class=\"service_inner\">\n\n\t\t\t\t\t<div class=\"row\">\n\n\t\t\t\t\t\t<div class=\"col-lg-6 service_text\">\n\n\t\t\t\t\t\t\t<h2><em>INDUSTRIE DES FILS ET C\u00c2BLES<\/em><strong>service<\/strong> technique<\/h2>\n<p><strong>Probl\u00e8mes de production ?<\/strong><br \/>\nObtenez une assistance diagnostique directe de nos ing\u00e9nieurs.<br \/>\nNous \u00e9valuons imm\u00e9diatement les probl\u00e8mes m\u00e9caniques et \u00e9lectriques.<\/p>\n\n\t\t\t\t\t\t\t\n\t\t\t\t\t\t\t\t<ul>\n\n\t\t\t\t\t\t\t\t\n\t\t\t\t\t\t\t\t\t<li>ANALYSE MACHINE<\/li>\n\n\t\t\t\t\t\t\t\t\n\t\t\t\t\t\t\t\t\t<li>SUPPORT LOGICIEL<\/li>\n\n\t\t\t\t\t\t\t\t\n\t\t\t\t\t\t\t\t<\/ul>\n\n\t\t\t\t\t\t\t\t\t\t\t\t\t\t\n\n\t\t\t\t\t\t<\/div>\n\n\t\t\t\t\t\t<div class=\"col-lg-6 service_links\">\n\n\t\t\t\t\t\t\t<div>\n\n\t\t\t\t\t\t\t\t<span><span class=\"pulsing_dot\"><\/span>&nbsp;Ligne directe avec l&rsquo;\u00e9quipe d&rsquo;ing\u00e9nierie<\/span>\n\n\t\t\t\t\t\t\t\t<a target=\"_blank\" href=\"https:\/\/wa.me\/4915140779592\">\n\t\t\t\t\t\t\t\t\t\n\t\t\t\t\t\t\t\t\t<img decoding=\"async\" src=\"https:\/\/acoteq.com\/wp-content\/themes\/acoteq\/assets\/img\/whatsapp.png\" alt=\"Icon WhatsApp\">\n\n\t\t\t\t\t\t\t\t\t<div>\n\n\t\t\t\t\t\t\t\t\t\t<strong>Discuter sur WhatsApp<\/strong>\n\n\t\t\t\t\t\t\t\t\t<\/div>\n\n\t\t\t\t\t\t\t\t<\/a>\n\n\t\t\t\t\t\t\t\t<a target=\"_blank\" href=\"https:\/\/teams.microsoft.com\/l\/chat\/0\/0?users=info@acoteq.com\">\n\t\t\t\t\t\t\t\t\t\n\t\t\t\t\t\t\t\t\t<img decoding=\"async\" src=\"https:\/\/acoteq.com\/wp-content\/themes\/acoteq\/assets\/img\/teams.png\" alt=\"Icon MS Teams\">\n\n\t\t\t\t\t\t\t\t\t<div>\n\n\t\t\t\t\t\t\t\t\t\t<strong>Discuter sur Teams<\/strong>\n\n\t\t\t\t\t\t\t\t\t<\/div>\t\t\t\t\t\t\t\n\n\t\t\t\t\t\t\t\t<\/a>\n\n\t\t\t\t\t\t\t\t<span><a href=\"mailto:info@acoteq.com\">Ou contactez-nous par e-mail&nbsp;<i class=\"fas fa-arrow-right\"><\/i><\/a><\/span>\n\n\t\t\t\t\t\t\t<\/div>\n\n\t\t\t\t\t\t<\/div>\n\n\t\t\t\t\t<\/div>\n\n\t\t\t\t<\/div>\n\n\t\t\t<\/div>\n\n\t\t<\/div>\n\n\t<\/div>\n\n<\/section>\n\n\n<div class=\"wp-block-group has-text-color has-background has-link-color wp-elements-6da8725740ac2d1fa9cb49c875e3a572\" style=\"color:#0e3770;background-color:#f3f4f7\"><div class=\"wp-block-group__inner-container is-layout-constrained wp-block-group-is-layout-constrained\">\n<div style=\"height:25px\" aria-hidden=\"true\" class=\"wp-block-spacer\"><\/div>\n\n\n<section class=\"headline align-center \">\n\t\n\t<div class=\"container\">\n\n\t\t<div class=\"row\">\n\n\t\t\t<div class=\"col-lg-12\">\n\n\t\t\t\t<div class=\"headline_wrapper\">\n\n\t\t\t\t\t<h2><em>Plateformes &#038; mat\u00e9riel<\/em> <strong>QUE NOUS PRENONS EN CHARGE<\/strong><\/h2>\n\n\t\t\t\t\t\n\t\t\t\t<\/div>\n\n\t\t\t<\/div>\n\n\t\t<\/div>\n\n\t<\/div>\n\n<\/section>\n\n\n<div style=\"height:25px\" aria-hidden=\"true\" class=\"wp-block-spacer\"><\/div>\n\n\n<section class=\"manufacturers\">\n\t\n\t<div class=\"container\">\n\n\t\t<div class=\"row\">\n\n\t\t\t<div class=\"col-lg-12\">\n\n\t\t\t\t<div class=\"manufacturers_wrapper\">\n\n\t\t\t\t\t\n\t\t\t\t\t\t\t<div class=\"manufacturer_single\">\n\n\t\t\t\t\t\t\t\t<div class=\"manufacturer_inner\">\n\t\t\n\t\t\t\t\t\t\t\t\t<span>SIEMENS<\/span>\n\n\t\t\t\t\t\t\t\t<\/div>\n\n\t\t\t\t\t\t\t<\/div>\n\n\t\t\t\t\t\t\n\t\t\t\t\t\t\t<div class=\"manufacturer_single\">\n\n\t\t\t\t\t\t\t\t<div class=\"manufacturer_inner\">\n\t\t\n\t\t\t\t\t\t\t\t\t<span>ALLEN BRADLEY<\/span>\n\n\t\t\t\t\t\t\t\t<\/div>\n\n\t\t\t\t\t\t\t<\/div>\n\n\t\t\t\t\t\t\n\t\t\t\t\t\t\t<div class=\"manufacturer_single\">\n\n\t\t\t\t\t\t\t\t<div class=\"manufacturer_inner\">\n\t\t\n\t\t\t\t\t\t\t\t\t<span>SEW<\/span>\n\n\t\t\t\t\t\t\t\t<\/div>\n\n\t\t\t\t\t\t\t<\/div>\n\n\t\t\t\t\t\t\n\t\t\t\t\t\t\t<div class=\"manufacturer_single\">\n\n\t\t\t\t\t\t\t\t<div class=\"manufacturer_inner\">\n\t\t\n\t\t\t\t\t\t\t\t\t<span>YASKAWA<\/span>\n\n\t\t\t\t\t\t\t\t<\/div>\n\n\t\t\t\t\t\t\t<\/div>\n\n\t\t\t\t\t\t\n\t\t\t\t\t\t\t<div class=\"manufacturer_single\">\n\n\t\t\t\t\t\t\t\t<div class=\"manufacturer_inner\">\n\t\t\n\t\t\t\t\t\t\t\t\t<span>FUJI<\/span>\n\n\t\t\t\t\t\t\t\t<\/div>\n\n\t\t\t\t\t\t\t<\/div>\n\n\t\t\t\t\t\t\n\t\t\t\t\t\t\t<div class=\"manufacturer_single\">\n\n\t\t\t\t\t\t\t\t<div class=\"manufacturer_inner\">\n\t\t\n\t\t\t\t\t\t\t\t\t<span>PARKER SSD<\/span>\n\n\t\t\t\t\t\t\t\t<\/div>\n\n\t\t\t\t\t\t\t<\/div>\n\n\t\t\t\t\t\t\n\t\t\t\t\t\t\t<div class=\"manufacturer_single\">\n\n\t\t\t\t\t\t\t\t<div class=\"manufacturer_inner\">\n\t\t\n\t\t\t\t\t\t\t\t\t<span>PILZ<\/span>\n\n\t\t\t\t\t\t\t\t<\/div>\n\n\t\t\t\t\t\t\t<\/div>\n\n\t\t\t\t\t\t\n\t\t\t\t\t\t\t<div class=\"manufacturer_single\">\n\n\t\t\t\t\t\t\t\t<div class=\"manufacturer_inner\">\n\t\t\n\t\t\t\t\t\t\t\t\t<span>SICK<\/span>\n\n\t\t\t\t\t\t\t\t<\/div>\n\n\t\t\t\t\t\t\t<\/div>\n\n\t\t\t\t\t\t\n\t\t\t\t\t\t\t<div class=\"manufacturer_single\">\n\n\t\t\t\t\t\t\t\t<div class=\"manufacturer_inner\">\n\t\t\n\t\t\t\t\t\t\t\t\t<span>DOLD<\/span>\n\n\t\t\t\t\t\t\t\t<\/div>\n\n\t\t\t\t\t\t\t<\/div>\n\n\t\t\t\t\t\t\n\t\t\t\t\t\t\t<div class=\"manufacturer_single\">\n\n\t\t\t\t\t\t\t\t<div class=\"manufacturer_inner\">\n\t\t\n\t\t\t\t\t\t\t\t\t<span>SIEMENS S7<\/span>\n\n\t\t\t\t\t\t\t\t<\/div>\n\n\t\t\t\t\t\t\t<\/div>\n\n\t\t\t\t\t\t\n\t\t\t\t\t\t\t<div class=\"manufacturer_single\">\n\n\t\t\t\t\t\t\t\t<div class=\"manufacturer_inner\">\n\t\t\n\t\t\t\t\t\t\t\t\t<span>SIEMENS S5<\/span>\n\n\t\t\t\t\t\t\t\t<\/div>\n\n\t\t\t\t\t\t\t<\/div>\n\n\t\t\t\t\t\t\n\t\t\t\t\t\t\t<div class=\"manufacturer_single\">\n\n\t\t\t\t\t\t\t\t<div class=\"manufacturer_inner\">\n\t\t\n\t\t\t\t\t\t\t\t\t<span>CONTROL LOGIX<\/span>\n\n\t\t\t\t\t\t\t\t<\/div>\n\n\t\t\t\t\t\t\t<\/div>\n\n\t\t\t\t\t\t\n\t\t\t\t\t\t\t<div class=\"manufacturer_single\">\n\n\t\t\t\t\t\t\t\t<div class=\"manufacturer_inner\">\n\t\t\n\t\t\t\t\t\t\t\t\t<span>COMPACT LOGIX<\/span>\n\n\t\t\t\t\t\t\t\t<\/div>\n\n\t\t\t\t\t\t\t<\/div>\n\n\t\t\t\t\t\t\n\t\t\t\t\t\t\t<div class=\"manufacturer_single\">\n\n\t\t\t\t\t\t\t\t<div class=\"manufacturer_inner\">\n\t\t\n\t\t\t\t\t\t\t\t\t<span>SIEMENS MP\/OP<\/span>\n\n\t\t\t\t\t\t\t\t<\/div>\n\n\t\t\t\t\t\t\t<\/div>\n\n\t\t\t\t\t\t\n\t\t\t\t\t\t\t<div class=\"manufacturer_single\">\n\n\t\t\t\t\t\t\t\t<div class=\"manufacturer_inner\">\n\t\t\n\t\t\t\t\t\t\t\t\t<span>WINCC \/ TIA PORTAL<\/span>\n\n\t\t\t\t\t\t\t\t<\/div>\n\n\t\t\t\t\t\t\t<\/div>\n\n\t\t\t\t\t\t\n\t\t\t\t\t\t\t<div class=\"manufacturer_single\">\n\n\t\t\t\t\t\t\t\t<div class=\"manufacturer_inner\">\n\t\t\n\t\t\t\t\t\t\t\t\t<span>PANELVIEW<\/span>\n\n\t\t\t\t\t\t\t\t<\/div>\n\n\t\t\t\t\t\t\t<\/div>\n\n\t\t\t\t\t\t\n\t\t\t\t\t\t\t<div class=\"manufacturer_single\">\n\n\t\t\t\t\t\t\t\t<div class=\"manufacturer_inner\">\n\t\t\n\t\t\t\t\t\t\t\t\t<span>SINAMICS<\/span>\n\n\t\t\t\t\t\t\t\t<\/div>\n\n\t\t\t\t\t\t\t<\/div>\n\n\t\t\t\t\t\t\n\t\t\t\t\t\t\t<div class=\"manufacturer_single\">\n\n\t\t\t\t\t\t\t\t<div class=\"manufacturer_inner\">\n\t\t\n\t\t\t\t\t\t\t\t\t<span>MASTERDRIVES<\/span>\n\n\t\t\t\t\t\t\t\t<\/div>\n\n\t\t\t\t\t\t\t<\/div>\n\n\t\t\t\t\t\t\n\t\t\t\t\t\t\t<div class=\"manufacturer_single\">\n\n\t\t\t\t\t\t\t\t<div class=\"manufacturer_inner\">\n\t\t\n\t\t\t\t\t\t\t\t\t<span>ET BIEN D\u2019AUTRES&#8230;<\/span>\n\n\t\t\t\t\t\t\t\t<\/div>\n\n\t\t\t\t\t\t\t<\/div>\n\n\t\t\t\t\t\t\t\n\n\t\t\t\t<\/div>\t\t\t\t\n\n\t\t\t<\/div>\n\n\t\t<\/div>\n\n\t<\/div>\n\n<\/section>\n\n\n<div style=\"height:30px\" aria-hidden=\"true\" class=\"wp-block-spacer\"><\/div>\n\n\n\n<div style=\"height:50px\" aria-hidden=\"true\" class=\"wp-block-spacer\"><\/div>\n<\/div><\/div>\n","protected":false},"excerpt":{"rendered":"","protected":false},"author":1,"featured_media":0,"parent":4090,"menu_order":0,"comment_status":"closed","ping_status":"closed","template":"","meta":{"_acf_changed":false,"footnotes":""},"class_list":["post-4022","page","type-page","status-publish","hentry"],"acf":[],"yoast_head":"<!-- This site is optimized with the Yoast SEO plugin v27.4 - https:\/\/yoast.com\/product\/yoast-seo-wordpress\/ -->\n<title>Automatisation | Fil &amp; C\u00e2ble | ACOTEQ<\/title>\n<meta name=\"robots\" content=\"index, follow, max-snippet:-1, max-image-preview:large, max-video-preview:-1\" \/>\n<link rel=\"canonical\" href=\"https:\/\/acoteq.com\/fr\/fil-et-cable\/automatisation\/\" \/>\n<meta property=\"og:locale\" content=\"fr_FR\" \/>\n<meta property=\"og:type\" content=\"article\" \/>\n<meta property=\"og:title\" content=\"Automatisation | Fil &amp; C\u00e2ble | ACOTEQ\" \/>\n<meta property=\"og:url\" content=\"https:\/\/acoteq.com\/fr\/fil-et-cable\/automatisation\/\" \/>\n<meta property=\"og:site_name\" content=\"ACOTEQ\" \/>\n<meta property=\"article:modified_time\" content=\"2026-04-09T09:57:42+00:00\" \/>\n<meta name=\"twitter:card\" content=\"summary_large_image\" \/>\n<script type=\"application\/ld+json\" class=\"yoast-schema-graph\">{\"@context\":\"https:\\\/\\\/schema.org\",\"@graph\":[{\"@type\":\"WebPage\",\"@id\":\"https:\\\/\\\/acoteq.com\\\/fr\\\/fil-et-cable\\\/automatisation\\\/\",\"url\":\"https:\\\/\\\/acoteq.com\\\/fr\\\/fil-et-cable\\\/automatisation\\\/\",\"name\":\"Automatisation | Fil & C\u00e2ble | ACOTEQ\",\"isPartOf\":{\"@id\":\"https:\\\/\\\/acoteq.com\\\/fr\\\/#website\"},\"datePublished\":\"2026-02-11T12:33:25+00:00\",\"dateModified\":\"2026-04-09T09:57:42+00:00\",\"breadcrumb\":{\"@id\":\"https:\\\/\\\/acoteq.com\\\/fr\\\/fil-et-cable\\\/automatisation\\\/#breadcrumb\"},\"inLanguage\":\"fr-FR\",\"potentialAction\":[{\"@type\":\"ReadAction\",\"target\":[\"https:\\\/\\\/acoteq.com\\\/fr\\\/fil-et-cable\\\/automatisation\\\/\"]}]},{\"@type\":\"BreadcrumbList\",\"@id\":\"https:\\\/\\\/acoteq.com\\\/fr\\\/fil-et-cable\\\/automatisation\\\/#breadcrumb\",\"itemListElement\":[{\"@type\":\"ListItem\",\"position\":1,\"name\":\"Home\",\"item\":\"https:\\\/\\\/acoteq.com\\\/fr\\\/\"},{\"@type\":\"ListItem\",\"position\":2,\"name\":\"Fil &amp; C\u00e2ble\",\"item\":\"https:\\\/\\\/acoteq.com\\\/fr\\\/fil-et-cable\\\/\"},{\"@type\":\"ListItem\",\"position\":3,\"name\":\"Automatisation\"}]},{\"@type\":\"WebSite\",\"@id\":\"https:\\\/\\\/acoteq.com\\\/fr\\\/#website\",\"url\":\"https:\\\/\\\/acoteq.com\\\/fr\\\/\",\"name\":\"ACOTEQ\",\"description\":\"\",\"potentialAction\":[{\"@type\":\"SearchAction\",\"target\":{\"@type\":\"EntryPoint\",\"urlTemplate\":\"https:\\\/\\\/acoteq.com\\\/fr\\\/?s={search_term_string}\"},\"query-input\":{\"@type\":\"PropertyValueSpecification\",\"valueRequired\":true,\"valueName\":\"search_term_string\"}}],\"inLanguage\":\"fr-FR\"}]}<\/script>\n<!-- \/ Yoast SEO plugin. -->","yoast_head_json":{"title":"Automatisation | Fil & C\u00e2ble | ACOTEQ","robots":{"index":"index","follow":"follow","max-snippet":"max-snippet:-1","max-image-preview":"max-image-preview:large","max-video-preview":"max-video-preview:-1"},"canonical":"https:\/\/acoteq.com\/fr\/fil-et-cable\/automatisation\/","og_locale":"fr_FR","og_type":"article","og_title":"Automatisation | Fil & C\u00e2ble | ACOTEQ","og_url":"https:\/\/acoteq.com\/fr\/fil-et-cable\/automatisation\/","og_site_name":"ACOTEQ","article_modified_time":"2026-04-09T09:57:42+00:00","twitter_card":"summary_large_image","schema":{"@context":"https:\/\/schema.org","@graph":[{"@type":"WebPage","@id":"https:\/\/acoteq.com\/fr\/fil-et-cable\/automatisation\/","url":"https:\/\/acoteq.com\/fr\/fil-et-cable\/automatisation\/","name":"Automatisation | Fil & C\u00e2ble | ACOTEQ","isPartOf":{"@id":"https:\/\/acoteq.com\/fr\/#website"},"datePublished":"2026-02-11T12:33:25+00:00","dateModified":"2026-04-09T09:57:42+00:00","breadcrumb":{"@id":"https:\/\/acoteq.com\/fr\/fil-et-cable\/automatisation\/#breadcrumb"},"inLanguage":"fr-FR","potentialAction":[{"@type":"ReadAction","target":["https:\/\/acoteq.com\/fr\/fil-et-cable\/automatisation\/"]}]},{"@type":"BreadcrumbList","@id":"https:\/\/acoteq.com\/fr\/fil-et-cable\/automatisation\/#breadcrumb","itemListElement":[{"@type":"ListItem","position":1,"name":"Home","item":"https:\/\/acoteq.com\/fr\/"},{"@type":"ListItem","position":2,"name":"Fil &amp; C\u00e2ble","item":"https:\/\/acoteq.com\/fr\/fil-et-cable\/"},{"@type":"ListItem","position":3,"name":"Automatisation"}]},{"@type":"WebSite","@id":"https:\/\/acoteq.com\/fr\/#website","url":"https:\/\/acoteq.com\/fr\/","name":"ACOTEQ","description":"","potentialAction":[{"@type":"SearchAction","target":{"@type":"EntryPoint","urlTemplate":"https:\/\/acoteq.com\/fr\/?s={search_term_string}"},"query-input":{"@type":"PropertyValueSpecification","valueRequired":true,"valueName":"search_term_string"}}],"inLanguage":"fr-FR"}]}},"_links":{"self":[{"href":"https:\/\/acoteq.com\/fr\/wp-json\/wp\/v2\/pages\/4022","targetHints":{"allow":["GET"]}}],"collection":[{"href":"https:\/\/acoteq.com\/fr\/wp-json\/wp\/v2\/pages"}],"about":[{"href":"https:\/\/acoteq.com\/fr\/wp-json\/wp\/v2\/types\/page"}],"author":[{"embeddable":true,"href":"https:\/\/acoteq.com\/fr\/wp-json\/wp\/v2\/users\/1"}],"replies":[{"embeddable":true,"href":"https:\/\/acoteq.com\/fr\/wp-json\/wp\/v2\/comments?post=4022"}],"version-history":[{"count":49,"href":"https:\/\/acoteq.com\/fr\/wp-json\/wp\/v2\/pages\/4022\/revisions"}],"predecessor-version":[{"id":10520,"href":"https:\/\/acoteq.com\/fr\/wp-json\/wp\/v2\/pages\/4022\/revisions\/10520"}],"up":[{"embeddable":true,"href":"https:\/\/acoteq.com\/fr\/wp-json\/wp\/v2\/pages\/4090"}],"wp:attachment":[{"href":"https:\/\/acoteq.com\/fr\/wp-json\/wp\/v2\/media?parent=4022"}],"curies":[{"name":"wp","href":"https:\/\/api.w.org\/{rel}","templated":true}]}}