{"id":2669,"date":"2026-03-02T09:11:01","date_gmt":"2026-03-02T08:11:01","guid":{"rendered":"https:\/\/acoteq.com\/worldwide-delivery\/"},"modified":"2026-03-16T10:04:44","modified_gmt":"2026-03-16T09:04:44","slug":"envio-mundial","status":"publish","type":"page","link":"https:\/\/acoteq.com\/pt-br\/envio-mundial\/","title":{"rendered":"Envio Mundial"},"content":{"rendered":"<section class=\"banner\">\n\n\t<img decoding=\"async\" src=\"https:\/\/acoteq.com\/wp-content\/uploads\/2026\/03\/DSC02965-e1773238785336.jpg\" alt=\"\">\n\n\t<div class=\"banner_overlay\">\n\n\t\t<div class=\"container\">\n\n\t\t\t<div class=\"row banner_text\">\n\n\t\t\t\t<div class=\"col-lg-12\">\n\n\t\t\t\t\t<h1><em>100+ PA\u00cdSES<\/em> <strong>Entrega Mundial<\/strong><\/h1>\n<p style=\"text-align: justify;\">Quer necessite de uma substitui\u00e7\u00e3o urgente, de uma pe\u00e7a fabricada sob medida, de rolos GESADUR\u00ae, de suporte para uma linha de produ\u00e7\u00e3o de fios e cabos ou de qualquer outro setor, combinamos valida\u00e7\u00e3o t\u00e9cnica, log\u00edstica preparada para exporta\u00e7\u00e3o e comunica\u00e7\u00e3o \u00e1gil para fornecer a solu\u00e7\u00e3o certa para a sua instala\u00e7\u00e3o.<\/p>\n\n\t\t\t\t\t \n\t\t\t\t<\/div>\n\n\t\t\t<\/div>\n\n\t\t<\/div>\n\n\t<\/div>\n\n<\/section>\n\n\n<div class=\"wp-block-group has-text-color has-background has-link-color wp-elements-729168d67fb34e38cd28c96e31b48ebd\" style=\"color:#0e3770;background-color:#f3f4f7\"><div class=\"wp-block-group__inner-container is-layout-constrained wp-block-group-is-layout-constrained\">\n<div style=\"height:20px\" aria-hidden=\"true\" class=\"wp-block-spacer\"><\/div>\n\n\n<section class=\"headline align-center \">\n\t\n\t<div class=\"container\">\n\n\t\t<div class=\"row\">\n\n\t\t\t<div class=\"col-lg-12\">\n\n\t\t\t\t<div class=\"headline_wrapper\">\n\n\t\t\t\t\t<h2><em>Por que os Fabricantes Escolhem a ACOTEQ<\/em> <strong>FORNECIMENTO<\/strong> GLOBAL<\/h2>\n\n\t\t\t\t\t\n\t\t\t\t<\/div>\n\n\t\t\t<\/div>\n\n\t\t<\/div>\n\n\t<\/div>\n\n<\/section>\n\n\n<div style=\"height:70px\" aria-hidden=\"true\" class=\"wp-block-spacer\"><\/div>\n\n\n<section class=\"tiles\">\n\t\n\t<div class=\"container\">\n\n\t\t<div class=\"row\">\n\n\t\t\t\n\t\t\t\n\t\t\t\t\t\n\t\t\t\t\t\t<div class=\"col-lg-4 tiles_single type_2\">\n\n\t\t\t\t\t\t\t\t\t\t\t\t\t\t\n\n\t\t\t\t\t\t\t<div class=\"tiles_inner\">\n\n\t\t\t\t\t\t\t\t<div class=\"tiles_image\">\n\n\t\t\t\t\t\t\t\t\t<img decoding=\"async\" src=\"https:\/\/acoteq.com\/wp-content\/uploads\/2026\/02\/Vector-3.svg\" alt=\"\">\n\n\t\t\t\t\t\t\t\t<\/div>\n\n\t\t\t\t\t\t\t\t<div class=\"tiles_info\">\n\n\t\t\t\t\t\t\t\t\t<div>\n\n\t\t\t\t\t\t\t\t\t\t<strong class=\"title\">Solu\u00e7\u00f5es de Envio<br>Internacional<\/strong>\n\t\t\t\t\t\t\t\t\t\t\n\t\t\t\t\t\t\t\t\t\t<span class=\"description\"><p style=\"text-align: justify;\">Para necessidades urgentes, a ACOTEQ oferece servi\u00e7o expresso a\u00e9reo por transportadoras como DHL Express, FedEx e UPS. Para pedidos maiores ou mais pesados, est\u00e3o dispon\u00edveis solu\u00e7\u00f5es de frete a\u00e9reo e mar\u00edtimo.<\/p><\/span>\n\n\t\t\t\t\t\t\t\t\t<\/div>\n\n\t\t\t\t\t\t\t\t\t\n\t\t\t\t\t\t\t\t<\/div>\n\n\t\t\t\t\t\t\t<\/div>\n\n\t\t\t\t\t\t\t\t\t\t\t\t\t\t\t\n\n\t\t\t\t\t\t<\/div>\t\t\t\t\t\t\n\n\t\t\t\t\t\n\t\t\t\t\n\t\t\t\t\t\n\t\t\t\t\t\t<div class=\"col-lg-4 tiles_single type_2\">\n\n\t\t\t\t\t\t\t\t\t\t\t\t\t\t\n\n\t\t\t\t\t\t\t<div class=\"tiles_inner\">\n\n\t\t\t\t\t\t\t\t<div class=\"tiles_image\">\n\n\t\t\t\t\t\t\t\t\t<img decoding=\"async\" src=\"https:\/\/acoteq.com\/wp-content\/uploads\/2026\/03\/mdi_clipboard-check-outline-1.svg\" alt=\"\">\n\n\t\t\t\t\t\t\t\t<\/div>\n\n\t\t\t\t\t\t\t\t<div class=\"tiles_info\">\n\n\t\t\t\t\t\t\t\t\t<div>\n\n\t\t\t\t\t\t\t\t\t\t<strong class=\"title\">Valida\u00e7\u00e3o T\u00e9cnica<br>Antes do Envio<\/strong>\n\t\t\t\t\t\t\t\t\t\t\n\t\t\t\t\t\t\t\t\t\t<span class=\"description\"><p style=\"text-align: justify;\">Prestamos suporte na identifica\u00e7\u00e3o da pe\u00e7a, verifica\u00e7\u00e3o de refer\u00eancias cruzadas, confer\u00eancia dimensional, sele\u00e7\u00e3o de materiais e revis\u00e3o da aplica\u00e7\u00e3o antes do despacho, ajudando a reduzir erros de pedido e o risco de paradas.<\/p><\/span>\n\n\t\t\t\t\t\t\t\t\t<\/div>\n\n\t\t\t\t\t\t\t\t\t\n\t\t\t\t\t\t\t\t<\/div>\n\n\t\t\t\t\t\t\t<\/div>\n\n\t\t\t\t\t\t\t\t\t\t\t\t\t\t\t\n\n\t\t\t\t\t\t<\/div>\t\t\t\t\t\t\n\n\t\t\t\t\t\n\t\t\t\t\n\t\t\t\t\t\n\t\t\t\t\t\t<div class=\"col-lg-4 tiles_single type_2\">\n\n\t\t\t\t\t\t\t\t\t\t\t\t\t\t\n\n\t\t\t\t\t\t\t<div class=\"tiles_inner\">\n\n\t\t\t\t\t\t\t\t<div class=\"tiles_image\">\n\n\t\t\t\t\t\t\t\t\t<img decoding=\"async\" src=\"https:\/\/acoteq.com\/wp-content\/uploads\/2026\/03\/streamline-ultimate_office-stamp-document.svg\" alt=\"\">\n\n\t\t\t\t\t\t\t\t<\/div>\n\n\t\t\t\t\t\t\t\t<div class=\"tiles_info\">\n\n\t\t\t\t\t\t\t\t\t<div>\n\n\t\t\t\t\t\t\t\t\t\t<strong class=\"title\">Documenta\u00e7\u00e3o de Exporta\u00e7\u00e3o<br>&#038; Suporte Aduaneiro<\/strong>\n\t\t\t\t\t\t\t\t\t\t\n\t\t\t\t\t\t\t\t\t\t<span class=\"description\"><p style=\"text-align: justify;\">Faturas comerciais, listas de embalagem, certificados de origem, fichas t\u00e9cnicas, suporte com c\u00f3digo HS e coordena\u00e7\u00e3o de Incoterm ajudam a simplificar importa\u00e7\u00f5es internacionais e o desembara\u00e7o aduaneiro.<\/p><\/span>\n\n\t\t\t\t\t\t\t\t\t<\/div>\n\n\t\t\t\t\t\t\t\t\t\n\t\t\t\t\t\t\t\t<\/div>\n\n\t\t\t\t\t\t\t<\/div>\n\n\t\t\t\t\t\t\t\t\t\t\t\t\t\t\t\n\n\t\t\t\t\t\t<\/div>\t\t\t\t\t\t\n\n\t\t\t\t\t\n\t\t\t\t\t\t\t\t\n\n\t\t<\/div>\n\n\t<\/div>\n\n<\/section>\n\n\n<div style=\"height:50px\" aria-hidden=\"true\" class=\"wp-block-spacer\"><\/div>\n<\/div><\/div>\n\n\n\n<div class=\"wp-block-group has-white-color has-text-color has-background has-link-color wp-elements-6a38e5cdd29c7555c23519c66aadc320\" style=\"background-color:#051c3c\"><div class=\"wp-block-group__inner-container is-layout-constrained wp-block-group-is-layout-constrained\"><section class=\"process\">\n\t\n\t<div class=\"container\">\n\n\t\t<div class=\"row\">\n\n\t\t\t<div class=\"col-lg-4\">\n\n\t\t\t\t<section class=\"headline\">\n\t\t\t\t\t\n\t\t\t\t\t<div class=\"container\">\n\n\t\t\t\t\t\t<div class=\"row\">\n\n\t\t\t\t\t\t\t<div class=\"col-lg-12 p-0\">\n\n\t\t\t\t\t\t\t\t<div class=\"headline_wrapper\">\n\n\t\t\t\t\t\t\t\t\t<h2><em>Como funciona <\/em><strong><span style=\"color: #c7d300;\">Solicite seu or\u00e7amento <\/span><\/strong><strong>facilmente<\/strong><\/h2>\n\n\t\t\t\t\t\t\t\t<\/div>\n\n\t\t\t\t\t\t\t<\/div>\n\n\t\t\t\t\t\t<\/div>\n\n\t\t\t\t\t<\/div>\n\n\t\t\t\t<\/section>\t\t\t\t\n\n\t\t\t<\/div>\n\n\t\t\t<div class=\"col-lg-8 process_steps\">\n\n\t\t\t\t<div class=\"process_steps_inner\">\n\n\t\t\t\t\t\n\t\t\t\t\t\t\t<div class=\"step_single\">\n\n\t\t\t\t\t\t\t\t<div class=\"step_icon\">\n\n\t\t\t\t\t\t\t\t\t<img decoding=\"async\" src=\"https:\/\/acoteq.com\/wp-content\/uploads\/2026\/02\/icons8_document.svg\" alt=\"\">\n\n\t\t\t\t\t\t\t\t<\/div>\n\n\t\t\t\t\t\t\t\t<div class=\"step_information\">\n\n\t\t\t\t\t\t\t\t\t<strong>1. Identifique sua pe\u00e7a<\/strong>\n\n\t\t\t\t\t\t\t\t\t<span>Detalhes do fabricante, n\u00famero da pe\u00e7a ou uma foto. Isso \u00e9 tudo de que precisamos.<\/span>\n\n\t\t\t\t\t\t\t\t<\/div>\t\t\t\t\t\t\n\n\t\t\t\t\t\t\t<\/div>\n\n\t\t\t\t\t\t\n\t\t\t\t\t\t\t<div class=\"step_single\">\n\n\t\t\t\t\t\t\t\t<div class=\"step_icon\">\n\n\t\t\t\t\t\t\t\t\t<img decoding=\"async\" src=\"https:\/\/acoteq.com\/wp-content\/uploads\/2026\/02\/Vector.svg\" alt=\"\">\n\n\t\t\t\t\t\t\t\t<\/div>\n\n\t\t\t\t\t\t\t\t<div class=\"step_information\">\n\n\t\t\t\t\t\t\t\t\t<strong>2. Envie sua solicita\u00e7\u00e3o<\/strong>\n\n\t\t\t\t\t\t\t\t\t<span>Envie os detalhes por meio do nosso formul\u00e1rio de contato, e-mail, Teams ou WhatsApp.<\/span>\n\n\t\t\t\t\t\t\t\t<\/div>\t\t\t\t\t\t\n\n\t\t\t\t\t\t\t<\/div>\n\n\t\t\t\t\t\t\n\t\t\t\t\t\t\t<div class=\"step_single\">\n\n\t\t\t\t\t\t\t\t<div class=\"step_icon\">\n\n\t\t\t\t\t\t\t\t\t<img decoding=\"async\" src=\"https:\/\/acoteq.com\/wp-content\/uploads\/2026\/02\/gg_check-o.svg\" alt=\"\">\n\n\t\t\t\t\t\t\t\t<\/div>\n\n\t\t\t\t\t\t\t\t<div class=\"step_information\">\n\n\t\t\t\t\t\t\t\t\t<strong>3. Receba seu or\u00e7amento<\/strong>\n\n\t\t\t\t\t\t\t\t\t<span>Enviaremos seu or\u00e7amento o mais r\u00e1pido que nossa rede de fornecimento permitir.<\/span>\n\n\t\t\t\t\t\t\t\t<\/div>\t\t\t\t\t\t\n\n\t\t\t\t\t\t\t<\/div>\n\n\t\t\t\t\t\t\t\t\t\t\t\n\n\t\t\t\t<\/div>\n\n\t\t\t<\/div>\n\n\t\t<\/div>\n\n\t<\/div>\n\n<\/section><\/div><\/div>\n\n\n\n<div class=\"wp-block-group has-text-color has-background has-link-color wp-elements-421851a7bd01ab2d2609fdebb627b391\" style=\"color:#0e3770;background-color:#f3f4f7\"><div class=\"wp-block-group__inner-container is-layout-constrained wp-block-group-is-layout-constrained\">\n<div style=\"height:25px\" aria-hidden=\"true\" class=\"wp-block-spacer\"><\/div>\n\n\n<section class=\"headline align-center \">\n\t\n\t<div class=\"container\">\n\n\t\t<div class=\"row\">\n\n\t\t\t<div class=\"col-lg-12\">\n\n\t\t\t\t<div class=\"headline_wrapper\">\n\n\t\t\t\t\t<h2><em>Log\u00edstica Global<\/em> <strong>ENTREGANDO NO MUNDO TODO<\/strong><\/h2>\n\n\t\t\t\t\t\n\t\t\t\t<\/div>\n\n\t\t\t<\/div>\n\n\t\t<\/div>\n\n\t<\/div>\n\n<\/section>\n\n\n<div style=\"height:25px\" aria-hidden=\"true\" class=\"wp-block-spacer\"><\/div>\n\n\n<section class=\"manufacturers\">\n\t\n\t<div class=\"container\">\n\n\t\t<div class=\"row\">\n\n\t\t\t<div class=\"col-lg-12\">\n\n\t\t\t\t<div class=\"manufacturers_wrapper\">\n\n\t\t\t\t\t\n\t\t\t\t\t\t\t<div class=\"manufacturer_single\">\n\n\t\t\t\t\t\t\t\t<div class=\"manufacturer_inner\">\n\t\t\n\t\t\t\t\t\t\t\t\t<span>Estados Unidos<\/span>\n\n\t\t\t\t\t\t\t\t<\/div>\n\n\t\t\t\t\t\t\t<\/div>\n\n\t\t\t\t\t\t\n\t\t\t\t\t\t\t<div class=\"manufacturer_single\">\n\n\t\t\t\t\t\t\t\t<div class=\"manufacturer_inner\">\n\t\t\n\t\t\t\t\t\t\t\t\t<span>Canad\u00e1<\/span>\n\n\t\t\t\t\t\t\t\t<\/div>\n\n\t\t\t\t\t\t\t<\/div>\n\n\t\t\t\t\t\t\n\t\t\t\t\t\t\t<div class=\"manufacturer_single\">\n\n\t\t\t\t\t\t\t\t<div class=\"manufacturer_inner\">\n\t\t\n\t\t\t\t\t\t\t\t\t<span>M\u00e9xico<\/span>\n\n\t\t\t\t\t\t\t\t<\/div>\n\n\t\t\t\t\t\t\t<\/div>\n\n\t\t\t\t\t\t\n\t\t\t\t\t\t\t<div class=\"manufacturer_single\">\n\n\t\t\t\t\t\t\t\t<div class=\"manufacturer_inner\">\n\t\t\n\t\t\t\t\t\t\t\t\t<span>Brasil<\/span>\n\n\t\t\t\t\t\t\t\t<\/div>\n\n\t\t\t\t\t\t\t<\/div>\n\n\t\t\t\t\t\t\n\t\t\t\t\t\t\t<div class=\"manufacturer_single\">\n\n\t\t\t\t\t\t\t\t<div class=\"manufacturer_inner\">\n\t\t\n\t\t\t\t\t\t\t\t\t<span>Argentina<\/span>\n\n\t\t\t\t\t\t\t\t<\/div>\n\n\t\t\t\t\t\t\t<\/div>\n\n\t\t\t\t\t\t\n\t\t\t\t\t\t\t<div class=\"manufacturer_single\">\n\n\t\t\t\t\t\t\t\t<div class=\"manufacturer_inner\">\n\t\t\n\t\t\t\t\t\t\t\t\t<span>Chile<\/span>\n\n\t\t\t\t\t\t\t\t<\/div>\n\n\t\t\t\t\t\t\t<\/div>\n\n\t\t\t\t\t\t\n\t\t\t\t\t\t\t<div class=\"manufacturer_single\">\n\n\t\t\t\t\t\t\t\t<div class=\"manufacturer_inner\">\n\t\t\n\t\t\t\t\t\t\t\t\t<span>Col\u00f4mbia<\/span>\n\n\t\t\t\t\t\t\t\t<\/div>\n\n\t\t\t\t\t\t\t<\/div>\n\n\t\t\t\t\t\t\n\t\t\t\t\t\t\t<div class=\"manufacturer_single\">\n\n\t\t\t\t\t\t\t\t<div class=\"manufacturer_inner\">\n\t\t\n\t\t\t\t\t\t\t\t\t<span>Peru<\/span>\n\n\t\t\t\t\t\t\t\t<\/div>\n\n\t\t\t\t\t\t\t<\/div>\n\n\t\t\t\t\t\t\n\t\t\t\t\t\t\t<div class=\"manufacturer_single\">\n\n\t\t\t\t\t\t\t\t<div class=\"manufacturer_inner\">\n\t\t\n\t\t\t\t\t\t\t\t\t<span>Reino Unido<\/span>\n\n\t\t\t\t\t\t\t\t<\/div>\n\n\t\t\t\t\t\t\t<\/div>\n\n\t\t\t\t\t\t\n\t\t\t\t\t\t\t<div class=\"manufacturer_single\">\n\n\t\t\t\t\t\t\t\t<div class=\"manufacturer_inner\">\n\t\t\n\t\t\t\t\t\t\t\t\t<span>Irlanda<\/span>\n\n\t\t\t\t\t\t\t\t<\/div>\n\n\t\t\t\t\t\t\t<\/div>\n\n\t\t\t\t\t\t\n\t\t\t\t\t\t\t<div class=\"manufacturer_single\">\n\n\t\t\t\t\t\t\t\t<div class=\"manufacturer_inner\">\n\t\t\n\t\t\t\t\t\t\t\t\t<span>Alemanha<\/span>\n\n\t\t\t\t\t\t\t\t<\/div>\n\n\t\t\t\t\t\t\t<\/div>\n\n\t\t\t\t\t\t\n\t\t\t\t\t\t\t<div class=\"manufacturer_single\">\n\n\t\t\t\t\t\t\t\t<div class=\"manufacturer_inner\">\n\t\t\n\t\t\t\t\t\t\t\t\t<span>Fran\u00e7a<\/span>\n\n\t\t\t\t\t\t\t\t<\/div>\n\n\t\t\t\t\t\t\t<\/div>\n\n\t\t\t\t\t\t\n\t\t\t\t\t\t\t<div class=\"manufacturer_single\">\n\n\t\t\t\t\t\t\t\t<div class=\"manufacturer_inner\">\n\t\t\n\t\t\t\t\t\t\t\t\t<span>Espanha<\/span>\n\n\t\t\t\t\t\t\t\t<\/div>\n\n\t\t\t\t\t\t\t<\/div>\n\n\t\t\t\t\t\t\n\t\t\t\t\t\t\t<div class=\"manufacturer_single\">\n\n\t\t\t\t\t\t\t\t<div class=\"manufacturer_inner\">\n\t\t\n\t\t\t\t\t\t\t\t\t<span>It\u00e1lia<\/span>\n\n\t\t\t\t\t\t\t\t<\/div>\n\n\t\t\t\t\t\t\t<\/div>\n\n\t\t\t\t\t\t\n\t\t\t\t\t\t\t<div class=\"manufacturer_single\">\n\n\t\t\t\t\t\t\t\t<div class=\"manufacturer_inner\">\n\t\t\n\t\t\t\t\t\t\t\t\t<span>Portugal<\/span>\n\n\t\t\t\t\t\t\t\t<\/div>\n\n\t\t\t\t\t\t\t<\/div>\n\n\t\t\t\t\t\t\n\t\t\t\t\t\t\t<div class=\"manufacturer_single\">\n\n\t\t\t\t\t\t\t\t<div class=\"manufacturer_inner\">\n\t\t\n\t\t\t\t\t\t\t\t\t<span>Pa\u00edses Baixos<\/span>\n\n\t\t\t\t\t\t\t\t<\/div>\n\n\t\t\t\t\t\t\t<\/div>\n\n\t\t\t\t\t\t\n\t\t\t\t\t\t\t<div class=\"manufacturer_single\">\n\n\t\t\t\t\t\t\t\t<div class=\"manufacturer_inner\">\n\t\t\n\t\t\t\t\t\t\t\t\t<span>B\u00e9lgica<\/span>\n\n\t\t\t\t\t\t\t\t<\/div>\n\n\t\t\t\t\t\t\t<\/div>\n\n\t\t\t\t\t\t\n\t\t\t\t\t\t\t<div class=\"manufacturer_single\">\n\n\t\t\t\t\t\t\t\t<div class=\"manufacturer_inner\">\n\t\t\n\t\t\t\t\t\t\t\t\t<span>Su\u00ed\u00e7a<\/span>\n\n\t\t\t\t\t\t\t\t<\/div>\n\n\t\t\t\t\t\t\t<\/div>\n\n\t\t\t\t\t\t\n\t\t\t\t\t\t\t<div class=\"manufacturer_single\">\n\n\t\t\t\t\t\t\t\t<div class=\"manufacturer_inner\">\n\t\t\n\t\t\t\t\t\t\t\t\t<span>\u00c1ustria<\/span>\n\n\t\t\t\t\t\t\t\t<\/div>\n\n\t\t\t\t\t\t\t<\/div>\n\n\t\t\t\t\t\t\n\t\t\t\t\t\t\t<div class=\"manufacturer_single\">\n\n\t\t\t\t\t\t\t\t<div class=\"manufacturer_inner\">\n\t\t\n\t\t\t\t\t\t\t\t\t<span>Su\u00e9cia<\/span>\n\n\t\t\t\t\t\t\t\t<\/div>\n\n\t\t\t\t\t\t\t<\/div>\n\n\t\t\t\t\t\t\n\t\t\t\t\t\t\t<div class=\"manufacturer_single\">\n\n\t\t\t\t\t\t\t\t<div class=\"manufacturer_inner\">\n\t\t\n\t\t\t\t\t\t\t\t\t<span>Noruega<\/span>\n\n\t\t\t\t\t\t\t\t<\/div>\n\n\t\t\t\t\t\t\t<\/div>\n\n\t\t\t\t\t\t\n\t\t\t\t\t\t\t<div class=\"manufacturer_single\">\n\n\t\t\t\t\t\t\t\t<div class=\"manufacturer_inner\">\n\t\t\n\t\t\t\t\t\t\t\t\t<span>Dinamarca<\/span>\n\n\t\t\t\t\t\t\t\t<\/div>\n\n\t\t\t\t\t\t\t<\/div>\n\n\t\t\t\t\t\t\n\t\t\t\t\t\t\t<div class=\"manufacturer_single\">\n\n\t\t\t\t\t\t\t\t<div class=\"manufacturer_inner\">\n\t\t\n\t\t\t\t\t\t\t\t\t<span>Finl\u00e2ndia<\/span>\n\n\t\t\t\t\t\t\t\t<\/div>\n\n\t\t\t\t\t\t\t<\/div>\n\n\t\t\t\t\t\t\n\t\t\t\t\t\t\t<div class=\"manufacturer_single\">\n\n\t\t\t\t\t\t\t\t<div class=\"manufacturer_inner\">\n\t\t\n\t\t\t\t\t\t\t\t\t<span>Pol\u00f4nia<\/span>\n\n\t\t\t\t\t\t\t\t<\/div>\n\n\t\t\t\t\t\t\t<\/div>\n\n\t\t\t\t\t\t\n\t\t\t\t\t\t\t<div class=\"manufacturer_single\">\n\n\t\t\t\t\t\t\t\t<div class=\"manufacturer_inner\">\n\t\t\n\t\t\t\t\t\t\t\t\t<span>Rep\u00fablica Tcheca<\/span>\n\n\t\t\t\t\t\t\t\t<\/div>\n\n\t\t\t\t\t\t\t<\/div>\n\n\t\t\t\t\t\t\n\t\t\t\t\t\t\t<div class=\"manufacturer_single\">\n\n\t\t\t\t\t\t\t\t<div class=\"manufacturer_inner\">\n\t\t\n\t\t\t\t\t\t\t\t\t<span>Portugal<\/span>\n\n\t\t\t\t\t\t\t\t<\/div>\n\n\t\t\t\t\t\t\t<\/div>\n\n\t\t\t\t\t\t\n\t\t\t\t\t\t\t<div class=\"manufacturer_single\">\n\n\t\t\t\t\t\t\t\t<div class=\"manufacturer_inner\">\n\t\t\n\t\t\t\t\t\t\t\t\t<span>Turquia<\/span>\n\n\t\t\t\t\t\t\t\t<\/div>\n\n\t\t\t\t\t\t\t<\/div>\n\n\t\t\t\t\t\t\n\t\t\t\t\t\t\t<div class=\"manufacturer_single\">\n\n\t\t\t\t\t\t\t\t<div class=\"manufacturer_inner\">\n\t\t\n\t\t\t\t\t\t\t\t\t<span>Rom\u00eania<\/span>\n\n\t\t\t\t\t\t\t\t<\/div>\n\n\t\t\t\t\t\t\t<\/div>\n\n\t\t\t\t\t\t\n\t\t\t\t\t\t\t<div class=\"manufacturer_single\">\n\n\t\t\t\t\t\t\t\t<div class=\"manufacturer_inner\">\n\t\t\n\t\t\t\t\t\t\t\t\t<span>Gr\u00e9cia<\/span>\n\n\t\t\t\t\t\t\t\t<\/div>\n\n\t\t\t\t\t\t\t<\/div>\n\n\t\t\t\t\t\t\n\t\t\t\t\t\t\t<div class=\"manufacturer_single\">\n\n\t\t\t\t\t\t\t\t<div class=\"manufacturer_inner\">\n\t\t\n\t\t\t\t\t\t\t\t\t<span>EAU<\/span>\n\n\t\t\t\t\t\t\t\t<\/div>\n\n\t\t\t\t\t\t\t<\/div>\n\n\t\t\t\t\t\t\n\t\t\t\t\t\t\t<div class=\"manufacturer_single\">\n\n\t\t\t\t\t\t\t\t<div class=\"manufacturer_inner\">\n\t\t\n\t\t\t\t\t\t\t\t\t<span>Catar<\/span>\n\n\t\t\t\t\t\t\t\t<\/div>\n\n\t\t\t\t\t\t\t<\/div>\n\n\t\t\t\t\t\t\n\t\t\t\t\t\t\t<div class=\"manufacturer_single\">\n\n\t\t\t\t\t\t\t\t<div class=\"manufacturer_inner\">\n\t\t\n\t\t\t\t\t\t\t\t\t<span>Egito<\/span>\n\n\t\t\t\t\t\t\t\t<\/div>\n\n\t\t\t\t\t\t\t<\/div>\n\n\t\t\t\t\t\t\n\t\t\t\t\t\t\t<div class=\"manufacturer_single\">\n\n\t\t\t\t\t\t\t\t<div class=\"manufacturer_inner\">\n\t\t\n\t\t\t\t\t\t\t\t\t<span>Arg\u00e9lia<\/span>\n\n\t\t\t\t\t\t\t\t<\/div>\n\n\t\t\t\t\t\t\t<\/div>\n\n\t\t\t\t\t\t\n\t\t\t\t\t\t\t<div class=\"manufacturer_single\">\n\n\t\t\t\t\t\t\t\t<div class=\"manufacturer_inner\">\n\t\t\n\t\t\t\t\t\t\t\t\t<span>\u00c1frica do Sul<\/span>\n\n\t\t\t\t\t\t\t\t<\/div>\n\n\t\t\t\t\t\t\t<\/div>\n\n\t\t\t\t\t\t\n\t\t\t\t\t\t\t<div class=\"manufacturer_single\">\n\n\t\t\t\t\t\t\t\t<div class=\"manufacturer_inner\">\n\t\t\n\t\t\t\t\t\t\t\t\t<span>Marrocos<\/span>\n\n\t\t\t\t\t\t\t\t<\/div>\n\n\t\t\t\t\t\t\t<\/div>\n\n\t\t\t\t\t\t\n\t\t\t\t\t\t\t<div class=\"manufacturer_single\">\n\n\t\t\t\t\t\t\t\t<div class=\"manufacturer_inner\">\n\t\t\n\t\t\t\t\t\t\t\t\t<span>Nig\u00e9ria<\/span>\n\n\t\t\t\t\t\t\t\t<\/div>\n\n\t\t\t\t\t\t\t<\/div>\n\n\t\t\t\t\t\t\n\t\t\t\t\t\t\t<div class=\"manufacturer_single\">\n\n\t\t\t\t\t\t\t\t<div class=\"manufacturer_inner\">\n\t\t\n\t\t\t\t\t\t\t\t\t<span>Gana<\/span>\n\n\t\t\t\t\t\t\t\t<\/div>\n\n\t\t\t\t\t\t\t<\/div>\n\n\t\t\t\t\t\t\n\t\t\t\t\t\t\t<div class=\"manufacturer_single\">\n\n\t\t\t\t\t\t\t\t<div class=\"manufacturer_inner\">\n\t\t\n\t\t\t\t\t\t\t\t\t<span>\u00cdndia<\/span>\n\n\t\t\t\t\t\t\t\t<\/div>\n\n\t\t\t\t\t\t\t<\/div>\n\n\t\t\t\t\t\t\n\t\t\t\t\t\t\t<div class=\"manufacturer_single\">\n\n\t\t\t\t\t\t\t\t<div class=\"manufacturer_inner\">\n\t\t\n\t\t\t\t\t\t\t\t\t<span>China<\/span>\n\n\t\t\t\t\t\t\t\t<\/div>\n\n\t\t\t\t\t\t\t<\/div>\n\n\t\t\t\t\t\t\n\t\t\t\t\t\t\t<div class=\"manufacturer_single\">\n\n\t\t\t\t\t\t\t\t<div class=\"manufacturer_inner\">\n\t\t\n\t\t\t\t\t\t\t\t\t<span>Jap\u00e3o<\/span>\n\n\t\t\t\t\t\t\t\t<\/div>\n\n\t\t\t\t\t\t\t<\/div>\n\n\t\t\t\t\t\t\n\t\t\t\t\t\t\t<div class=\"manufacturer_single\">\n\n\t\t\t\t\t\t\t\t<div class=\"manufacturer_inner\">\n\t\t\n\t\t\t\t\t\t\t\t\t<span>Coreia do Sul<\/span>\n\n\t\t\t\t\t\t\t\t<\/div>\n\n\t\t\t\t\t\t\t<\/div>\n\n\t\t\t\t\t\t\n\t\t\t\t\t\t\t<div class=\"manufacturer_single\">\n\n\t\t\t\t\t\t\t\t<div class=\"manufacturer_inner\">\n\t\t\n\t\t\t\t\t\t\t\t\t<span>Singapura<\/span>\n\n\t\t\t\t\t\t\t\t<\/div>\n\n\t\t\t\t\t\t\t<\/div>\n\n\t\t\t\t\t\t\n\t\t\t\t\t\t\t<div class=\"manufacturer_single\">\n\n\t\t\t\t\t\t\t\t<div class=\"manufacturer_inner\">\n\t\t\n\t\t\t\t\t\t\t\t\t<span>Mal\u00e1sia<\/span>\n\n\t\t\t\t\t\t\t\t<\/div>\n\n\t\t\t\t\t\t\t<\/div>\n\n\t\t\t\t\t\t\n\t\t\t\t\t\t\t<div class=\"manufacturer_single\">\n\n\t\t\t\t\t\t\t\t<div class=\"manufacturer_inner\">\n\t\t\n\t\t\t\t\t\t\t\t\t<span>Tail\u00e2ndia<\/span>\n\n\t\t\t\t\t\t\t\t<\/div>\n\n\t\t\t\t\t\t\t<\/div>\n\n\t\t\t\t\t\t\n\t\t\t\t\t\t\t<div class=\"manufacturer_single\">\n\n\t\t\t\t\t\t\t\t<div class=\"manufacturer_inner\">\n\t\t\n\t\t\t\t\t\t\t\t\t<span>Indon\u00e9sia<\/span>\n\n\t\t\t\t\t\t\t\t<\/div>\n\n\t\t\t\t\t\t\t<\/div>\n\n\t\t\t\t\t\t\n\t\t\t\t\t\t\t<div class=\"manufacturer_single\">\n\n\t\t\t\t\t\t\t\t<div class=\"manufacturer_inner\">\n\t\t\n\t\t\t\t\t\t\t\t\t<span>Vietn\u00e3<\/span>\n\n\t\t\t\t\t\t\t\t<\/div>\n\n\t\t\t\t\t\t\t<\/div>\n\n\t\t\t\t\t\t\n\t\t\t\t\t\t\t<div class=\"manufacturer_single\">\n\n\t\t\t\t\t\t\t\t<div class=\"manufacturer_inner\">\n\t\t\n\t\t\t\t\t\t\t\t\t<span>Filipinas<\/span>\n\n\t\t\t\t\t\t\t\t<\/div>\n\n\t\t\t\t\t\t\t<\/div>\n\n\t\t\t\t\t\t\n\t\t\t\t\t\t\t<div class=\"manufacturer_single\">\n\n\t\t\t\t\t\t\t\t<div class=\"manufacturer_inner\">\n\t\t\n\t\t\t\t\t\t\t\t\t<span>Austr\u00e1lia<\/span>\n\n\t\t\t\t\t\t\t\t<\/div>\n\n\t\t\t\t\t\t\t<\/div>\n\n\t\t\t\t\t\t\n\t\t\t\t\t\t\t<div class=\"manufacturer_single\">\n\n\t\t\t\t\t\t\t\t<div class=\"manufacturer_inner\">\n\t\t\n\t\t\t\t\t\t\t\t\t<span>Nova Zel\u00e2ndia<\/span>\n\n\t\t\t\t\t\t\t\t<\/div>\n\n\t\t\t\t\t\t\t<\/div>\n\n\t\t\t\t\t\t\n\t\t\t\t\t\t\t<div class=\"manufacturer_single\">\n\n\t\t\t\t\t\t\t\t<div class=\"manufacturer_inner\">\n\t\t\n\t\t\t\t\t\t\t\t\t<span>E MUITOS MAIS&#8230;<\/span>\n\n\t\t\t\t\t\t\t\t<\/div>\n\n\t\t\t\t\t\t\t<\/div>\n\n\t\t\t\t\t\t\t\n\n\t\t\t\t<\/div>\t\t\t\t\n\n\t\t\t<\/div>\n\n\t\t<\/div>\n\n\t<\/div>\n\n<\/section>\n\n\n<div style=\"height:30px\" aria-hidden=\"true\" class=\"wp-block-spacer\"><\/div>\n\n\n\n<div style=\"height:50px\" aria-hidden=\"true\" class=\"wp-block-spacer\"><\/div>\n<\/div><\/div>\n","protected":false},"excerpt":{"rendered":"","protected":false},"author":1,"featured_media":0,"parent":0,"menu_order":0,"comment_status":"closed","ping_status":"closed","template":"","meta":{"_acf_changed":false,"footnotes":""},"class_list":["post-2669","page","type-page","status-publish","hentry"],"acf":[],"yoast_head":"<!-- This site is optimized with the Yoast SEO plugin v27.4 - https:\/\/yoast.com\/product\/yoast-seo-wordpress\/ -->\n<title>Envio Mundial | ACOTEQ<\/title>\n<meta name=\"robots\" content=\"index, follow, max-snippet:-1, max-image-preview:large, max-video-preview:-1\" \/>\n<link rel=\"canonical\" href=\"https:\/\/acoteq.com\/pt-br\/envio-mundial\/\" \/>\n<meta property=\"og:locale\" content=\"pt_BR\" \/>\n<meta property=\"og:type\" content=\"article\" \/>\n<meta property=\"og:title\" content=\"Envio Mundial | ACOTEQ\" \/>\n<meta property=\"og:url\" content=\"https:\/\/acoteq.com\/pt-br\/envio-mundial\/\" \/>\n<meta property=\"og:site_name\" content=\"ACOTEQ\" \/>\n<meta property=\"article:modified_time\" content=\"2026-03-16T09:04:44+00:00\" \/>\n<meta name=\"twitter:card\" content=\"summary_large_image\" \/>\n<script type=\"application\/ld+json\" class=\"yoast-schema-graph\">{\"@context\":\"https:\\\/\\\/schema.org\",\"@graph\":[{\"@type\":\"WebPage\",\"@id\":\"https:\\\/\\\/acoteq.com\\\/pt-br\\\/envio-mundial\\\/\",\"url\":\"https:\\\/\\\/acoteq.com\\\/pt-br\\\/envio-mundial\\\/\",\"name\":\"Envio Mundial | ACOTEQ\",\"isPartOf\":{\"@id\":\"https:\\\/\\\/acoteq.com\\\/pt-br\\\/#website\"},\"datePublished\":\"2026-03-02T08:11:01+00:00\",\"dateModified\":\"2026-03-16T09:04:44+00:00\",\"breadcrumb\":{\"@id\":\"https:\\\/\\\/acoteq.com\\\/pt-br\\\/envio-mundial\\\/#breadcrumb\"},\"inLanguage\":\"pt-BR\",\"potentialAction\":[{\"@type\":\"ReadAction\",\"target\":[\"https:\\\/\\\/acoteq.com\\\/pt-br\\\/envio-mundial\\\/\"]}]},{\"@type\":\"BreadcrumbList\",\"@id\":\"https:\\\/\\\/acoteq.com\\\/pt-br\\\/envio-mundial\\\/#breadcrumb\",\"itemListElement\":[{\"@type\":\"ListItem\",\"position\":1,\"name\":\"Home\",\"item\":\"https:\\\/\\\/acoteq.com\\\/pt-br\\\/\"},{\"@type\":\"ListItem\",\"position\":2,\"name\":\"Envio Mundial\"}]},{\"@type\":\"WebSite\",\"@id\":\"https:\\\/\\\/acoteq.com\\\/pt-br\\\/#website\",\"url\":\"https:\\\/\\\/acoteq.com\\\/pt-br\\\/\",\"name\":\"ACOTEQ\",\"description\":\"\",\"potentialAction\":[{\"@type\":\"SearchAction\",\"target\":{\"@type\":\"EntryPoint\",\"urlTemplate\":\"https:\\\/\\\/acoteq.com\\\/pt-br\\\/?s={search_term_string}\"},\"query-input\":{\"@type\":\"PropertyValueSpecification\",\"valueRequired\":true,\"valueName\":\"search_term_string\"}}],\"inLanguage\":\"pt-BR\"}]}<\/script>\n<!-- \/ Yoast SEO plugin. -->","yoast_head_json":{"title":"Envio Mundial | ACOTEQ","robots":{"index":"index","follow":"follow","max-snippet":"max-snippet:-1","max-image-preview":"max-image-preview:large","max-video-preview":"max-video-preview:-1"},"canonical":"https:\/\/acoteq.com\/pt-br\/envio-mundial\/","og_locale":"pt_BR","og_type":"article","og_title":"Envio Mundial | ACOTEQ","og_url":"https:\/\/acoteq.com\/pt-br\/envio-mundial\/","og_site_name":"ACOTEQ","article_modified_time":"2026-03-16T09:04:44+00:00","twitter_card":"summary_large_image","schema":{"@context":"https:\/\/schema.org","@graph":[{"@type":"WebPage","@id":"https:\/\/acoteq.com\/pt-br\/envio-mundial\/","url":"https:\/\/acoteq.com\/pt-br\/envio-mundial\/","name":"Envio Mundial | ACOTEQ","isPartOf":{"@id":"https:\/\/acoteq.com\/pt-br\/#website"},"datePublished":"2026-03-02T08:11:01+00:00","dateModified":"2026-03-16T09:04:44+00:00","breadcrumb":{"@id":"https:\/\/acoteq.com\/pt-br\/envio-mundial\/#breadcrumb"},"inLanguage":"pt-BR","potentialAction":[{"@type":"ReadAction","target":["https:\/\/acoteq.com\/pt-br\/envio-mundial\/"]}]},{"@type":"BreadcrumbList","@id":"https:\/\/acoteq.com\/pt-br\/envio-mundial\/#breadcrumb","itemListElement":[{"@type":"ListItem","position":1,"name":"Home","item":"https:\/\/acoteq.com\/pt-br\/"},{"@type":"ListItem","position":2,"name":"Envio Mundial"}]},{"@type":"WebSite","@id":"https:\/\/acoteq.com\/pt-br\/#website","url":"https:\/\/acoteq.com\/pt-br\/","name":"ACOTEQ","description":"","potentialAction":[{"@type":"SearchAction","target":{"@type":"EntryPoint","urlTemplate":"https:\/\/acoteq.com\/pt-br\/?s={search_term_string}"},"query-input":{"@type":"PropertyValueSpecification","valueRequired":true,"valueName":"search_term_string"}}],"inLanguage":"pt-BR"}]}},"_links":{"self":[{"href":"https:\/\/acoteq.com\/pt-br\/wp-json\/wp\/v2\/pages\/2669","targetHints":{"allow":["GET"]}}],"collection":[{"href":"https:\/\/acoteq.com\/pt-br\/wp-json\/wp\/v2\/pages"}],"about":[{"href":"https:\/\/acoteq.com\/pt-br\/wp-json\/wp\/v2\/types\/page"}],"author":[{"embeddable":true,"href":"https:\/\/acoteq.com\/pt-br\/wp-json\/wp\/v2\/users\/1"}],"replies":[{"embeddable":true,"href":"https:\/\/acoteq.com\/pt-br\/wp-json\/wp\/v2\/comments?post=2669"}],"version-history":[{"count":5,"href":"https:\/\/acoteq.com\/pt-br\/wp-json\/wp\/v2\/pages\/2669\/revisions"}],"predecessor-version":[{"id":8549,"href":"https:\/\/acoteq.com\/pt-br\/wp-json\/wp\/v2\/pages\/2669\/revisions\/8549"}],"wp:attachment":[{"href":"https:\/\/acoteq.com\/pt-br\/wp-json\/wp\/v2\/media?parent=2669"}],"curies":[{"name":"wp","href":"https:\/\/api.w.org\/{rel}","templated":true}]}}