{"id":3485,"date":"2026-02-12T14:05:36","date_gmt":"2026-02-12T13:05:36","guid":{"rendered":"https:\/\/acoteq.com\/brakes\/"},"modified":"2026-03-17T14:16:23","modified_gmt":"2026-03-17T13:16:23","slug":"freios","status":"publish","type":"page","link":"https:\/\/acoteq.com\/pt-br\/pecas-de-reposicao\/pecas-mecanicas\/freios\/","title":{"rendered":"Freios"},"content":{"rendered":"<section class=\"cta\">\n\t\n\t<div class=\"container\">\n\n\t\t<div class=\"row\">\n\n\t\t\t<div class=\"col-lg-12\">\n\n\t\t\t\t<div class=\"cta_inner\">\n\n\t\t\t\t\t<div>\n\n\t\t\t\t\t\t<span class=\"pre_headline\"><i class=\"fas fa-search\"><\/i>&nbsp;ESPECIALISTAS EM SUPRIMENTOS GLOBAIS<\/span>\n\n\t\t\t\t\t\t<p><strong><em>N\u00c3O ENCONTRA<\/em> A SUA PE\u00c7A?<\/strong><\/p>\n<p>Nosso cat\u00e1logo online mostra apenas 5% de nossas capacidades de fornecimento.<br \/>\n<strong>Deixe que nossos especialistas encontrem exatamente o que voc\u00ea precisa.<\/strong><\/p>\n\n\t\t\t\t\t<\/div>\n\n\t\t\t\t\t<div>\n\n\t\t\t\t\t\t\n\t\t\t\t\t\t\t<a class=\"button light\" href=\"#contact\" target=\"\">SOLICITAR UM OR\u00c7AMENTO&nbsp;<i class=\"fas fa-arrow-right\"><\/i><\/a>\n\n\t\t\t\t\t\t\n\t\t\t\t\t<\/div>\n\n\t\t\t\t\t<i class=\"fas fa-times close_cta\"><\/i>\n\n\t\t\t\t<\/div>\n\n\t\t\t<\/div>\n\n\t\t<\/div>\n\n\t<\/div>\n\n<\/section>\n\n\n<div style=\"height:75px\" aria-hidden=\"true\" class=\"wp-block-spacer\"><\/div>\n\n\n<div class=\"yoast-breadcrumbs\"><span><span><a href=\"https:\/\/acoteq.com\/pt-br\/\"><i class=\"fas fa-home\">Home<\/i><\/a><\/span> \/ <span><a href=\"https:\/\/acoteq.com\/pt-br\/pecas-de-reposicao\/\">Pe\u00e7as de Reposi\u00e7\u00e3o<\/a><\/span> \/ <span><a href=\"https:\/\/acoteq.com\/pt-br\/pecas-de-reposicao\/pecas-mecanicas\/\">Pe\u00e7as Mec\u00e2nicas<\/a><\/span> \/ <span class=\"breadcrumb_last\" aria-current=\"page\">Freios<\/span><\/span><\/div>\n\n\n<div class=\"wp-block-group has-white-background-color has-text-color has-background has-link-color wp-elements-c7a3b3ff4aced957ea5aabed68f09852\" style=\"color:#0e3770\"><div class=\"wp-block-group__inner-container is-layout-constrained wp-block-group-is-layout-constrained\"><section class=\"headline align-left \">\n\t\n\t<div class=\"container\">\n\n\t\t<div class=\"row\">\n\n\t\t\t<div class=\"col-lg-12\">\n\n\t\t\t\t<div class=\"headline_wrapper\">\n\n\t\t\t\t\t<h1><strong>Freios<\/strong><\/h1>\n\n\t\t\t\t\t\n\t\t\t\t<\/div>\n\n\t\t\t<\/div>\n\n\t\t<\/div>\n\n\t<\/div>\n\n<\/section>\n\n\n<div style=\"height:50px\" aria-hidden=\"true\" class=\"wp-block-spacer\"><\/div>\n\n\n<section class=\"cards\">\n\t\n\t<div class=\"container\">\n\n\t\t<div class=\"row\">\n\n\t\t\t\n\t\t\t\t\n\t\t\t\t\t<div class=\"col-lg-4 col-md-6 card_single\">\n\n\t\t\t\t\t\t\n\t\t\t\t\t\t<div class=\"card_inner\">\n\n\t\t\t\t\t\t\t\t\t\t\t\t\t\t\t<a href=\"https:\/\/acoteq.com\/pt-br\/pecas-de-reposicao\/pecas-mecanicas\/freios\/travoes-de-pinca\/\">\n\t\t\t\t\t\t\t\t\t<img decoding=\"async\" width=\"640\" height=\"425\" src=\"https:\/\/acoteq.com\/wp-content\/uploads\/2026\/02\/1-Caliper-Brakes-1.png-1024x680.webp\" class=\"attachment-large size-large wp-post-image\" alt=\"Category image\" loading=\"lazy\" srcset=\"https:\/\/acoteq.com\/wp-content\/uploads\/2026\/02\/1-Caliper-Brakes-1.png-1024x680.webp 1024w, https:\/\/acoteq.com\/wp-content\/uploads\/2026\/02\/1-Caliper-Brakes-1.png-300x199.webp 300w, https:\/\/acoteq.com\/wp-content\/uploads\/2026\/02\/1-Caliper-Brakes-1.png-768x510.webp 768w, https:\/\/acoteq.com\/wp-content\/uploads\/2026\/02\/1-Caliper-Brakes-1.png.webp 1490w\" sizes=\"auto, (max-width: 640px) 100vw, 640px\" \/>\t\t\t\t\t\t\t\t<\/a>\n\t\t\t\t\t\t\t\t\n\n\t\t\t\t\t\t\t<div class=\"card_information\">\t\n\n\t\t\t\t\t\t\t\t<div>\n\n\t\t\t\t\t\t\t\t\t<h3>\n\t\t\t\t\t\t\t\t\t\t<a href=\"https:\/\/acoteq.com\/pt-br\/pecas-de-reposicao\/pecas-mecanicas\/freios\/travoes-de-pinca\/\">\n\t\t\t\t\t\t\t\t\t\t\t<b>Trav\u00f5es<\/b> de Pin\u00e7a\t\t\t\t\t\t\t\t\t\t\t\n\t\t\t\t\t\t\t\t\t\t<\/a>\n\t\t\t\t\t\t\t\t\t<\/h3>\n\n\t\t\t\t\t\t\t\t\t\t\t\n\n\t\t\t\t\t\t\t\t<\/div>\t\n\n\t\t\t\t\t\t\t\t<div class=\"cards_linkwrap\">\n\n\t\t\t\t\t\t\t\t\t\t\t\t\t\t\t\t\t\t\t\n\t\t\t\t\t\t\t\t\t\t<a href=\"https:\/\/acoteq.com\/pt-br\/pecas-de-reposicao\/pecas-mecanicas\/freios\/travoes-de-pinca\/\">\n\t\t\t\t\t\t\t\t\t\t\tVer categoria&nbsp;<i class=\"fas fa-arrow-right\"><\/i>\n\t\t\t\t\t\t\t\t\t\t<\/a>\t\t\t\t\t\t\t\t\t\t\n\n\t\t\t\t\t\t\t\t\t\t\t\t\t\n\n\t\t\t\t\t\t\t\t<\/div>\t\t\t\t\t\t\t\t\t\t\t\t\t\t\t\n\n\t\t\t\t\t\t\t<\/div>\n\n\t\t\t\t\t\t<\/div>\n\n\t\t\t\t\t<\/div>\n\n\t\t\t\t\n\t\t\t\t\t<div class=\"col-lg-4 col-md-6 card_single\">\n\n\t\t\t\t\t\t\n\t\t\t\t\t\t<div class=\"card_inner\">\n\n\t\t\t\t\t\t\t\t\t\t\t\t\t\t\t<a href=\"https:\/\/acoteq.com\/pt-br\/pecas-de-reposicao\/pecas-mecanicas\/freios\/freios-a-disco\/\">\n\t\t\t\t\t\t\t\t\t<img decoding=\"async\" width=\"640\" height=\"457\" src=\"https:\/\/acoteq.com\/wp-content\/uploads\/2026\/02\/2-Disc-Brakes-2.png-1024x731.webp\" class=\"attachment-large size-large wp-post-image\" alt=\"Category image\" loading=\"lazy\" srcset=\"https:\/\/acoteq.com\/wp-content\/uploads\/2026\/02\/2-Disc-Brakes-2.png-1024x731.webp 1024w, https:\/\/acoteq.com\/wp-content\/uploads\/2026\/02\/2-Disc-Brakes-2.png-300x214.webp 300w, https:\/\/acoteq.com\/wp-content\/uploads\/2026\/02\/2-Disc-Brakes-2.png-768x548.webp 768w, https:\/\/acoteq.com\/wp-content\/uploads\/2026\/02\/2-Disc-Brakes-2.png-1536x1097.webp 1536w, https:\/\/acoteq.com\/wp-content\/uploads\/2026\/02\/2-Disc-Brakes-2.png-2048x1463.webp 2048w\" sizes=\"auto, (max-width: 640px) 100vw, 640px\" \/>\t\t\t\t\t\t\t\t<\/a>\n\t\t\t\t\t\t\t\t\n\n\t\t\t\t\t\t\t<div class=\"card_information\">\t\n\n\t\t\t\t\t\t\t\t<div>\n\n\t\t\t\t\t\t\t\t\t<h3>\n\t\t\t\t\t\t\t\t\t\t<a href=\"https:\/\/acoteq.com\/pt-br\/pecas-de-reposicao\/pecas-mecanicas\/freios\/freios-a-disco\/\">\n\t\t\t\t\t\t\t\t\t\t\t<b>Freios<\/b> a Disco\t\t\t\t\t\t\t\t\t\t\t\n\t\t\t\t\t\t\t\t\t\t<\/a>\n\t\t\t\t\t\t\t\t\t<\/h3>\n\n\t\t\t\t\t\t\t\t\t\t\t\n\n\t\t\t\t\t\t\t\t<\/div>\t\n\n\t\t\t\t\t\t\t\t<div class=\"cards_linkwrap\">\n\n\t\t\t\t\t\t\t\t\t\t\t\t\t\t\t\t\t\t\t\n\t\t\t\t\t\t\t\t\t\t<a href=\"https:\/\/acoteq.com\/pt-br\/pecas-de-reposicao\/pecas-mecanicas\/freios\/freios-a-disco\/\">\n\t\t\t\t\t\t\t\t\t\t\tVer categoria&nbsp;<i class=\"fas fa-arrow-right\"><\/i>\n\t\t\t\t\t\t\t\t\t\t<\/a>\t\t\t\t\t\t\t\t\t\t\n\n\t\t\t\t\t\t\t\t\t\t\t\t\t\n\n\t\t\t\t\t\t\t\t<\/div>\t\t\t\t\t\t\t\t\t\t\t\t\t\t\t\n\n\t\t\t\t\t\t\t<\/div>\n\n\t\t\t\t\t\t<\/div>\n\n\t\t\t\t\t<\/div>\n\n\t\t\t\t\n\t\t\t\t\t<div class=\"col-lg-4 col-md-6 card_single\">\n\n\t\t\t\t\t\t\n\t\t\t\t\t\t<div class=\"card_inner\">\n\n\t\t\t\t\t\t\t\t\t\t\t\t\t\t\t<a href=\"https:\/\/acoteq.com\/pt-br\/pecas-de-reposicao\/pecas-mecanicas\/freios\/freios-a-tambor\/\">\n\t\t\t\t\t\t\t\t\t<img decoding=\"async\" width=\"640\" height=\"426\" src=\"https:\/\/acoteq.com\/wp-content\/uploads\/2026\/02\/3-Drum-Brakes-2.png-1024x681.webp\" class=\"attachment-large size-large wp-post-image\" alt=\"Category image\" loading=\"lazy\" srcset=\"https:\/\/acoteq.com\/wp-content\/uploads\/2026\/02\/3-Drum-Brakes-2.png-1024x681.webp 1024w, https:\/\/acoteq.com\/wp-content\/uploads\/2026\/02\/3-Drum-Brakes-2.png-300x199.webp 300w, https:\/\/acoteq.com\/wp-content\/uploads\/2026\/02\/3-Drum-Brakes-2.png-768x511.webp 768w, https:\/\/acoteq.com\/wp-content\/uploads\/2026\/02\/3-Drum-Brakes-2.png-1536x1021.webp 1536w, https:\/\/acoteq.com\/wp-content\/uploads\/2026\/02\/3-Drum-Brakes-2.png-2048x1362.webp 2048w\" sizes=\"auto, (max-width: 640px) 100vw, 640px\" \/>\t\t\t\t\t\t\t\t<\/a>\n\t\t\t\t\t\t\t\t\n\n\t\t\t\t\t\t\t<div class=\"card_information\">\t\n\n\t\t\t\t\t\t\t\t<div>\n\n\t\t\t\t\t\t\t\t\t<h3>\n\t\t\t\t\t\t\t\t\t\t<a href=\"https:\/\/acoteq.com\/pt-br\/pecas-de-reposicao\/pecas-mecanicas\/freios\/freios-a-tambor\/\">\n\t\t\t\t\t\t\t\t\t\t\t<b>Freios<\/b> a Tambor\t\t\t\t\t\t\t\t\t\t\t\n\t\t\t\t\t\t\t\t\t\t<\/a>\n\t\t\t\t\t\t\t\t\t<\/h3>\n\n\t\t\t\t\t\t\t\t\t\t\t\n\n\t\t\t\t\t\t\t\t<\/div>\t\n\n\t\t\t\t\t\t\t\t<div class=\"cards_linkwrap\">\n\n\t\t\t\t\t\t\t\t\t\t\t\t\t\t\t\t\t\t\t\n\t\t\t\t\t\t\t\t\t\t<a href=\"https:\/\/acoteq.com\/pt-br\/pecas-de-reposicao\/pecas-mecanicas\/freios\/freios-a-tambor\/\">\n\t\t\t\t\t\t\t\t\t\t\tVer categoria&nbsp;<i class=\"fas fa-arrow-right\"><\/i>\n\t\t\t\t\t\t\t\t\t\t<\/a>\t\t\t\t\t\t\t\t\t\t\n\n\t\t\t\t\t\t\t\t\t\t\t\t\t\n\n\t\t\t\t\t\t\t\t<\/div>\t\t\t\t\t\t\t\t\t\t\t\t\t\t\t\n\n\t\t\t\t\t\t\t<\/div>\n\n\t\t\t\t\t\t<\/div>\n\n\t\t\t\t\t<\/div>\n\n\t\t\t\t\t\t\t\n\n\t\t\t\t\t\t\n\n\t\t<\/div>\n\n\t<\/div>\n\n<\/section>\n<\/div><\/div>\n\n\n\n<div class=\"wp-block-group has-white-color has-text-color has-background has-link-color wp-elements-6a38e5cdd29c7555c23519c66aadc320\" style=\"background-color:#051c3c\"><div class=\"wp-block-group__inner-container is-layout-constrained wp-block-group-is-layout-constrained\"><section class=\"process\">\n\t\n\t<div class=\"container\">\n\n\t\t<div class=\"row\">\n\n\t\t\t<div class=\"col-lg-4\">\n\n\t\t\t\t<section class=\"headline\">\n\t\t\t\t\t\n\t\t\t\t\t<div class=\"container\">\n\n\t\t\t\t\t\t<div class=\"row\">\n\n\t\t\t\t\t\t\t<div class=\"col-lg-12 p-0\">\n\n\t\t\t\t\t\t\t\t<div class=\"headline_wrapper\">\n\n\t\t\t\t\t\t\t\t\t<h2><em>Como funciona <\/em><strong><span style=\"color: #c7d300;\">Solicite seu or\u00e7amento <\/span><\/strong><strong>facilmente<\/strong><\/h2>\n\n\t\t\t\t\t\t\t\t<\/div>\n\n\t\t\t\t\t\t\t<\/div>\n\n\t\t\t\t\t\t<\/div>\n\n\t\t\t\t\t<\/div>\n\n\t\t\t\t<\/section>\t\t\t\t\n\n\t\t\t<\/div>\n\n\t\t\t<div class=\"col-lg-8 process_steps\">\n\n\t\t\t\t<div class=\"process_steps_inner\">\n\n\t\t\t\t\t\n\t\t\t\t\t\t\t<div class=\"step_single\">\n\n\t\t\t\t\t\t\t\t<div class=\"step_icon\">\n\n\t\t\t\t\t\t\t\t\t<img decoding=\"async\" src=\"https:\/\/acoteq.com\/wp-content\/uploads\/2026\/02\/icons8_document.svg\" alt=\"\">\n\n\t\t\t\t\t\t\t\t<\/div>\n\n\t\t\t\t\t\t\t\t<div class=\"step_information\">\n\n\t\t\t\t\t\t\t\t\t<strong>1. Identifique sua pe\u00e7a<\/strong>\n\n\t\t\t\t\t\t\t\t\t<span>Detalhes do fabricante, n\u00famero da pe\u00e7a ou uma foto. Isso \u00e9 tudo de que precisamos.<\/span>\n\n\t\t\t\t\t\t\t\t<\/div>\t\t\t\t\t\t\n\n\t\t\t\t\t\t\t<\/div>\n\n\t\t\t\t\t\t\n\t\t\t\t\t\t\t<div class=\"step_single\">\n\n\t\t\t\t\t\t\t\t<div class=\"step_icon\">\n\n\t\t\t\t\t\t\t\t\t<img decoding=\"async\" src=\"https:\/\/acoteq.com\/wp-content\/uploads\/2026\/02\/Vector.svg\" alt=\"\">\n\n\t\t\t\t\t\t\t\t<\/div>\n\n\t\t\t\t\t\t\t\t<div class=\"step_information\">\n\n\t\t\t\t\t\t\t\t\t<strong>2. Envie sua solicita\u00e7\u00e3o<\/strong>\n\n\t\t\t\t\t\t\t\t\t<span>Envie os detalhes por meio do nosso formul\u00e1rio de contato, e-mail, Teams ou WhatsApp.<\/span>\n\n\t\t\t\t\t\t\t\t<\/div>\t\t\t\t\t\t\n\n\t\t\t\t\t\t\t<\/div>\n\n\t\t\t\t\t\t\n\t\t\t\t\t\t\t<div class=\"step_single\">\n\n\t\t\t\t\t\t\t\t<div class=\"step_icon\">\n\n\t\t\t\t\t\t\t\t\t<img decoding=\"async\" src=\"https:\/\/acoteq.com\/wp-content\/uploads\/2026\/02\/gg_check-o.svg\" alt=\"\">\n\n\t\t\t\t\t\t\t\t<\/div>\n\n\t\t\t\t\t\t\t\t<div class=\"step_information\">\n\n\t\t\t\t\t\t\t\t\t<strong>3. Receba seu or\u00e7amento<\/strong>\n\n\t\t\t\t\t\t\t\t\t<span>Enviaremos seu or\u00e7amento o mais r\u00e1pido que nossa rede de fornecimento permitir.<\/span>\n\n\t\t\t\t\t\t\t\t<\/div>\t\t\t\t\t\t\n\n\t\t\t\t\t\t\t<\/div>\n\n\t\t\t\t\t\t\t\t\t\t\t\n\n\t\t\t\t<\/div>\n\n\t\t\t<\/div>\n\n\t\t<\/div>\n\n\t<\/div>\n\n<\/section><\/div><\/div>\n\n\n\n<div class=\"wp-block-group has-white-background-color has-text-color has-background has-link-color wp-elements-cee9f2ddf2178e5c3cbcdf3c7fdd134f\" style=\"color:#0e3770\"><div class=\"wp-block-group__inner-container is-layout-constrained wp-block-group-is-layout-constrained\"><section class=\"headline align-left \">\n\t\n\t<div class=\"container\">\n\n\t\t<div class=\"row\">\n\n\t\t\t<div class=\"col-lg-12\">\n\n\t\t\t\t<div class=\"headline_wrapper\">\n\n\t\t\t\t\t<h1><strong>Que freios <\/strong>voc\u00eas oferecem?<\/h1>\n\n\t\t\t\t\t\n\t\t\t\t<\/div>\n\n\t\t\t<\/div>\n\n\t\t<\/div>\n\n\t<\/div>\n\n<\/section>\n\n\n<div style=\"height:15px\" aria-hidden=\"true\" class=\"wp-block-spacer\"><\/div>\n\n\n\n<div class=\"wp-block-columns is-layout-flex wp-container-core-columns-is-layout-9d6595d7 wp-block-columns-is-layout-flex\">\n<div class=\"wp-block-column is-layout-flow wp-block-column-is-layout-flow\"><section class=\"text \">\n\t\n\t<div class=\"container\">\n\n\t\t<div class=\"row\">\n\n\t\t\t<div class=\"col-lg-12\">\n\n\t\t\t\t<p>Se voc\u00ea est\u00e1 substituindo <strong>freios<\/strong> em um <strong>sistema de correia transportadora para minera\u00e7\u00e3o<\/strong>, atualizando os mecanismos de seguran\u00e7a em um <strong>bobinador industrial<\/strong> ou realizando a manuten\u00e7\u00e3o de um <strong>sistema de frenagem de emerg\u00eancia<\/strong> em uma aplica\u00e7\u00e3o de acionamento, as nossas solu\u00e7\u00f5es garantem desempenho robusto e longa vida \u00fatil. Os nossos componentes de freio s\u00e3o projetados para operar de forma confi\u00e1vel em condi\u00e7\u00f5es ambientais extremas, incluindo alta temperatura, exposi\u00e7\u00e3o \u00e0 poeira e esfor\u00e7o mec\u00e2nico cont\u00ednuo.<\/p>\n<p>Oferecemos <strong>freios aplicados por mola, freios mec\u00e2nicos, hidr\u00e1ulicos e pneum\u00e1ticos<\/strong>, al\u00e9m de kits completos de substitui\u00e7\u00e3o adaptados \u00e0s especifica\u00e7\u00f5es OEM. Cada unidade de freio \u00e9 selecionada ou projetada para proporcionar torque consistente, desgaste m\u00ednimo e integra\u00e7\u00e3o simples ao layout do seu sistema existente. As op\u00e7\u00f5es incluem <strong>freios fail-safe, sistemas de amortecimento para rota\u00e7\u00e3o em alta velocidade<\/strong> e <strong>limitadores de torque<\/strong> para prote\u00e7\u00e3o de processos cr\u00edticos.<\/p>\n<p>Al\u00e9m do fornecimento de unidades padr\u00e3o, oferecemos suporte para <strong>adapta\u00e7\u00f5es personalizadas<\/strong> e <strong>refer\u00eancia cruzada de n\u00fameros de pe\u00e7as<\/strong> com base no seu sistema atual, facilitando a identifica\u00e7\u00e3o e substitui\u00e7\u00e3o de modelos descontinuados ou legados. Com a ACOTEQ, voc\u00ea obt\u00e9m acesso a entregas globais, suporte \u00e1gil e uma equipa de engenheiros pronta para ajudar com o dimensionamento de freios, verifica\u00e7\u00f5es de compatibilidade e otimiza\u00e7\u00e3o de desempenho.<\/p>\n<p>Explore a nossa oferta completa de freios industriais e solicite um or\u00e7amento hoje mesmo. Enviamos para todo o mundo e apoiamos ind\u00fastrias como automa\u00e7\u00e3o, processamento de metais, minera\u00e7\u00e3o, fios e cabos e produ\u00e7\u00e3o de energia com sistemas de freio desenvolvidos para confiabilidade e controlo.<\/p>\n\n\t\t\t<\/div>\n\n\t\t<\/div>\n\n\t<\/div>\n\n<\/section><\/div>\n\n\n\n<div class=\"wp-block-column is-layout-flow wp-block-column-is-layout-flow\"><div class=\"container\">\n\n\t<div class=\"row\">\n\n\t\t<div class=\"col-lg-12\">\n\n\t\t\t<div class=\"imagewrap\">\n\n\t\t\t\t<img decoding=\"async\" src=\"https:\/\/acoteq.com\/wp-content\/uploads\/2026\/03\/brakes-e1773742164380.png\" alt=\"\">\n\n\t\t\t\t\n\t\t\t<\/div>\n\n\t\t<\/div>\n\n\t<\/div>\n\n<\/div><\/div>\n<\/div>\n<\/div><\/div>\n","protected":false},"excerpt":{"rendered":"","protected":false},"author":1,"featured_media":3486,"parent":4038,"menu_order":0,"comment_status":"closed","ping_status":"closed","template":"","meta":{"_acf_changed":false,"footnotes":""},"class_list":["post-3485","page","type-page","status-publish","has-post-thumbnail","hentry"],"acf":[],"yoast_head":"<!-- This site is optimized with the Yoast SEO plugin v27.4 - https:\/\/yoast.com\/product\/yoast-seo-wordpress\/ -->\n<title>Freios | Pe\u00e7as de Reposi\u00e7\u00e3o Mec\u00e2nicas | ACOTEQ<\/title>\n<meta name=\"description\" content=\"Industrial brakes, durable, precise, customizable, built for extreme conditions, with technical support and worldwide shipping.\" \/>\n<meta name=\"robots\" content=\"index, follow, max-snippet:-1, max-image-preview:large, max-video-preview:-1\" \/>\n<link rel=\"canonical\" href=\"https:\/\/acoteq.com\/pt-br\/pecas-de-reposicao\/pecas-mecanicas\/freios\/\" \/>\n<meta property=\"og:locale\" content=\"pt_BR\" \/>\n<meta property=\"og:type\" content=\"article\" \/>\n<meta property=\"og:title\" content=\"Freios | Pe\u00e7as de Reposi\u00e7\u00e3o Mec\u00e2nicas | ACOTEQ\" \/>\n<meta property=\"og:description\" content=\"Industrial brakes, durable, precise, customizable, built for extreme conditions, with technical support and worldwide shipping.\" \/>\n<meta property=\"og:url\" content=\"https:\/\/acoteq.com\/pt-br\/pecas-de-reposicao\/pecas-mecanicas\/freios\/\" \/>\n<meta property=\"og:site_name\" content=\"ACOTEQ\" \/>\n<meta property=\"article:modified_time\" content=\"2026-03-17T13:16:23+00:00\" \/>\n<meta property=\"og:image\" content=\"https:\/\/acoteq.com\/wp-content\/uploads\/2026\/02\/0-Brakes-2.png.webp\" \/>\n\t<meta property=\"og:image:width\" content=\"1872\" \/>\n\t<meta property=\"og:image:height\" content=\"1244\" \/>\n\t<meta property=\"og:image:type\" content=\"image\/webp\" \/>\n<meta name=\"twitter:card\" content=\"summary_large_image\" \/>\n<meta name=\"twitter:label1\" content=\"Est. tempo de leitura\" \/>\n\t<meta name=\"twitter:data1\" content=\"1 minuto\" \/>\n<script type=\"application\/ld+json\" class=\"yoast-schema-graph\">{\"@context\":\"https:\\\/\\\/schema.org\",\"@graph\":[{\"@type\":\"WebPage\",\"@id\":\"https:\\\/\\\/acoteq.com\\\/pt-br\\\/pecas-de-reposicao\\\/pecas-mecanicas\\\/freios\\\/\",\"url\":\"https:\\\/\\\/acoteq.com\\\/pt-br\\\/pecas-de-reposicao\\\/pecas-mecanicas\\\/freios\\\/\",\"name\":\"Freios | Pe\u00e7as de Reposi\u00e7\u00e3o Mec\u00e2nicas | ACOTEQ\",\"isPartOf\":{\"@id\":\"https:\\\/\\\/acoteq.com\\\/pt-br\\\/#website\"},\"primaryImageOfPage\":{\"@id\":\"https:\\\/\\\/acoteq.com\\\/pt-br\\\/pecas-de-reposicao\\\/pecas-mecanicas\\\/freios\\\/#primaryimage\"},\"image\":{\"@id\":\"https:\\\/\\\/acoteq.com\\\/pt-br\\\/pecas-de-reposicao\\\/pecas-mecanicas\\\/freios\\\/#primaryimage\"},\"thumbnailUrl\":\"https:\\\/\\\/acoteq.com\\\/wp-content\\\/uploads\\\/2026\\\/02\\\/0-Brakes-2.png.webp\",\"datePublished\":\"2026-02-12T13:05:36+00:00\",\"dateModified\":\"2026-03-17T13:16:23+00:00\",\"description\":\"Industrial brakes, durable, precise, customizable, built for extreme conditions, with technical support and worldwide shipping.\",\"breadcrumb\":{\"@id\":\"https:\\\/\\\/acoteq.com\\\/pt-br\\\/pecas-de-reposicao\\\/pecas-mecanicas\\\/freios\\\/#breadcrumb\"},\"inLanguage\":\"pt-BR\",\"potentialAction\":[{\"@type\":\"ReadAction\",\"target\":[\"https:\\\/\\\/acoteq.com\\\/pt-br\\\/pecas-de-reposicao\\\/pecas-mecanicas\\\/freios\\\/\"]}]},{\"@type\":\"ImageObject\",\"inLanguage\":\"pt-BR\",\"@id\":\"https:\\\/\\\/acoteq.com\\\/pt-br\\\/pecas-de-reposicao\\\/pecas-mecanicas\\\/freios\\\/#primaryimage\",\"url\":\"https:\\\/\\\/acoteq.com\\\/wp-content\\\/uploads\\\/2026\\\/02\\\/0-Brakes-2.png.webp\",\"contentUrl\":\"https:\\\/\\\/acoteq.com\\\/wp-content\\\/uploads\\\/2026\\\/02\\\/0-Brakes-2.png.webp\",\"width\":1872,\"height\":1244},{\"@type\":\"BreadcrumbList\",\"@id\":\"https:\\\/\\\/acoteq.com\\\/pt-br\\\/pecas-de-reposicao\\\/pecas-mecanicas\\\/freios\\\/#breadcrumb\",\"itemListElement\":[{\"@type\":\"ListItem\",\"position\":1,\"name\":\"Home\",\"item\":\"https:\\\/\\\/acoteq.com\\\/pt-br\\\/\"},{\"@type\":\"ListItem\",\"position\":2,\"name\":\"Pe\u00e7as de Reposi\u00e7\u00e3o\",\"item\":\"https:\\\/\\\/acoteq.com\\\/pt-br\\\/pecas-de-reposicao\\\/\"},{\"@type\":\"ListItem\",\"position\":3,\"name\":\"Pe\u00e7as Mec\u00e2nicas\",\"item\":\"https:\\\/\\\/acoteq.com\\\/pt-br\\\/pecas-de-reposicao\\\/pecas-mecanicas\\\/\"},{\"@type\":\"ListItem\",\"position\":4,\"name\":\"Freios\"}]},{\"@type\":\"WebSite\",\"@id\":\"https:\\\/\\\/acoteq.com\\\/pt-br\\\/#website\",\"url\":\"https:\\\/\\\/acoteq.com\\\/pt-br\\\/\",\"name\":\"ACOTEQ\",\"description\":\"\",\"potentialAction\":[{\"@type\":\"SearchAction\",\"target\":{\"@type\":\"EntryPoint\",\"urlTemplate\":\"https:\\\/\\\/acoteq.com\\\/pt-br\\\/?s={search_term_string}\"},\"query-input\":{\"@type\":\"PropertyValueSpecification\",\"valueRequired\":true,\"valueName\":\"search_term_string\"}}],\"inLanguage\":\"pt-BR\"}]}<\/script>\n<!-- \/ Yoast SEO plugin. -->","yoast_head_json":{"title":"Freios | Pe\u00e7as de Reposi\u00e7\u00e3o Mec\u00e2nicas | ACOTEQ","description":"Industrial brakes, durable, precise, customizable, built for extreme conditions, with technical support and worldwide shipping.","robots":{"index":"index","follow":"follow","max-snippet":"max-snippet:-1","max-image-preview":"max-image-preview:large","max-video-preview":"max-video-preview:-1"},"canonical":"https:\/\/acoteq.com\/pt-br\/pecas-de-reposicao\/pecas-mecanicas\/freios\/","og_locale":"pt_BR","og_type":"article","og_title":"Freios | Pe\u00e7as de Reposi\u00e7\u00e3o Mec\u00e2nicas | ACOTEQ","og_description":"Industrial brakes, durable, precise, customizable, built for extreme conditions, with technical support and worldwide shipping.","og_url":"https:\/\/acoteq.com\/pt-br\/pecas-de-reposicao\/pecas-mecanicas\/freios\/","og_site_name":"ACOTEQ","article_modified_time":"2026-03-17T13:16:23+00:00","og_image":[{"width":1872,"height":1244,"url":"https:\/\/acoteq.com\/wp-content\/uploads\/2026\/02\/0-Brakes-2.png.webp","type":"image\/webp"}],"twitter_card":"summary_large_image","twitter_misc":{"Est. tempo de leitura":"1 minuto"},"schema":{"@context":"https:\/\/schema.org","@graph":[{"@type":"WebPage","@id":"https:\/\/acoteq.com\/pt-br\/pecas-de-reposicao\/pecas-mecanicas\/freios\/","url":"https:\/\/acoteq.com\/pt-br\/pecas-de-reposicao\/pecas-mecanicas\/freios\/","name":"Freios | Pe\u00e7as de Reposi\u00e7\u00e3o Mec\u00e2nicas | ACOTEQ","isPartOf":{"@id":"https:\/\/acoteq.com\/pt-br\/#website"},"primaryImageOfPage":{"@id":"https:\/\/acoteq.com\/pt-br\/pecas-de-reposicao\/pecas-mecanicas\/freios\/#primaryimage"},"image":{"@id":"https:\/\/acoteq.com\/pt-br\/pecas-de-reposicao\/pecas-mecanicas\/freios\/#primaryimage"},"thumbnailUrl":"https:\/\/acoteq.com\/wp-content\/uploads\/2026\/02\/0-Brakes-2.png.webp","datePublished":"2026-02-12T13:05:36+00:00","dateModified":"2026-03-17T13:16:23+00:00","description":"Industrial brakes, durable, precise, customizable, built for extreme conditions, with technical support and worldwide shipping.","breadcrumb":{"@id":"https:\/\/acoteq.com\/pt-br\/pecas-de-reposicao\/pecas-mecanicas\/freios\/#breadcrumb"},"inLanguage":"pt-BR","potentialAction":[{"@type":"ReadAction","target":["https:\/\/acoteq.com\/pt-br\/pecas-de-reposicao\/pecas-mecanicas\/freios\/"]}]},{"@type":"ImageObject","inLanguage":"pt-BR","@id":"https:\/\/acoteq.com\/pt-br\/pecas-de-reposicao\/pecas-mecanicas\/freios\/#primaryimage","url":"https:\/\/acoteq.com\/wp-content\/uploads\/2026\/02\/0-Brakes-2.png.webp","contentUrl":"https:\/\/acoteq.com\/wp-content\/uploads\/2026\/02\/0-Brakes-2.png.webp","width":1872,"height":1244},{"@type":"BreadcrumbList","@id":"https:\/\/acoteq.com\/pt-br\/pecas-de-reposicao\/pecas-mecanicas\/freios\/#breadcrumb","itemListElement":[{"@type":"ListItem","position":1,"name":"Home","item":"https:\/\/acoteq.com\/pt-br\/"},{"@type":"ListItem","position":2,"name":"Pe\u00e7as de Reposi\u00e7\u00e3o","item":"https:\/\/acoteq.com\/pt-br\/pecas-de-reposicao\/"},{"@type":"ListItem","position":3,"name":"Pe\u00e7as Mec\u00e2nicas","item":"https:\/\/acoteq.com\/pt-br\/pecas-de-reposicao\/pecas-mecanicas\/"},{"@type":"ListItem","position":4,"name":"Freios"}]},{"@type":"WebSite","@id":"https:\/\/acoteq.com\/pt-br\/#website","url":"https:\/\/acoteq.com\/pt-br\/","name":"ACOTEQ","description":"","potentialAction":[{"@type":"SearchAction","target":{"@type":"EntryPoint","urlTemplate":"https:\/\/acoteq.com\/pt-br\/?s={search_term_string}"},"query-input":{"@type":"PropertyValueSpecification","valueRequired":true,"valueName":"search_term_string"}}],"inLanguage":"pt-BR"}]}},"_links":{"self":[{"href":"https:\/\/acoteq.com\/pt-br\/wp-json\/wp\/v2\/pages\/3485","targetHints":{"allow":["GET"]}}],"collection":[{"href":"https:\/\/acoteq.com\/pt-br\/wp-json\/wp\/v2\/pages"}],"about":[{"href":"https:\/\/acoteq.com\/pt-br\/wp-json\/wp\/v2\/types\/page"}],"author":[{"embeddable":true,"href":"https:\/\/acoteq.com\/pt-br\/wp-json\/wp\/v2\/users\/1"}],"replies":[{"embeddable":true,"href":"https:\/\/acoteq.com\/pt-br\/wp-json\/wp\/v2\/comments?post=3485"}],"version-history":[{"count":4,"href":"https:\/\/acoteq.com\/pt-br\/wp-json\/wp\/v2\/pages\/3485\/revisions"}],"predecessor-version":[{"id":9338,"href":"https:\/\/acoteq.com\/pt-br\/wp-json\/wp\/v2\/pages\/3485\/revisions\/9338"}],"up":[{"embeddable":true,"href":"https:\/\/acoteq.com\/pt-br\/wp-json\/wp\/v2\/pages\/4038"}],"wp:featuredmedia":[{"embeddable":true,"href":"https:\/\/acoteq.com\/pt-br\/wp-json\/wp\/v2\/media\/3486"}],"wp:attachment":[{"href":"https:\/\/acoteq.com\/pt-br\/wp-json\/wp\/v2\/media?parent=3485"}],"curies":[{"name":"wp","href":"https:\/\/api.w.org\/{rel}","templated":true}]}}