{"id":3621,"date":"2026-02-12T14:01:03","date_gmt":"2026-02-12T13:01:03","guid":{"rendered":"https:\/\/acoteq.com\/haul-off-belts\/"},"modified":"2026-03-17T14:13:50","modified_gmt":"2026-03-17T13:13:50","slug":"correias-de-arraste","status":"publish","type":"page","link":"https:\/\/acoteq.com\/pt-br\/pecas-de-reposicao\/pecas-mecanicas\/correias\/correias-de-arraste\/","title":{"rendered":"Correias de arraste"},"content":{"rendered":"<section class=\"cta\">\n\t\n\t<div class=\"container\">\n\n\t\t<div class=\"row\">\n\n\t\t\t<div class=\"col-lg-12\">\n\n\t\t\t\t<div class=\"cta_inner\">\n\n\t\t\t\t\t<div>\n\n\t\t\t\t\t\t<span class=\"pre_headline\"><i class=\"fas fa-search\"><\/i>&nbsp;ESPECIALISTAS EM SUPRIMENTOS GLOBAIS<\/span>\n\n\t\t\t\t\t\t<p><strong><em>N\u00c3O ENCONTRA<\/em> A SUA PE\u00c7A?<\/strong><\/p>\n<p>Nosso cat\u00e1logo online mostra apenas 5% de nossas capacidades de fornecimento.<br \/>\n<strong>Deixe que nossos especialistas encontrem exatamente o que voc\u00ea precisa.<\/strong><\/p>\n\n\t\t\t\t\t<\/div>\n\n\t\t\t\t\t<div>\n\n\t\t\t\t\t\t\n\t\t\t\t\t\t\t<a class=\"button light\" href=\"#contact\" target=\"\">SOLICITAR UM OR\u00c7AMENTO&nbsp;<i class=\"fas fa-arrow-right\"><\/i><\/a>\n\n\t\t\t\t\t\t\n\t\t\t\t\t<\/div>\n\n\t\t\t\t\t<i class=\"fas fa-times close_cta\"><\/i>\n\n\t\t\t\t<\/div>\n\n\t\t\t<\/div>\n\n\t\t<\/div>\n\n\t<\/div>\n\n<\/section>\n\n\n<div style=\"height:75px\" aria-hidden=\"true\" class=\"wp-block-spacer\"><\/div>\n\n\n<div class=\"yoast-breadcrumbs\"><span><span><a href=\"https:\/\/acoteq.com\/pt-br\/\"><i class=\"fas fa-home\">Home<\/i><\/a><\/span> \/ <span><a href=\"https:\/\/acoteq.com\/pt-br\/pecas-de-reposicao\/\">Pe\u00e7as de Reposi\u00e7\u00e3o<\/a><\/span> \/ <span><a href=\"https:\/\/acoteq.com\/pt-br\/pecas-de-reposicao\/pecas-mecanicas\/\">Pe\u00e7as Mec\u00e2nicas<\/a><\/span> \/ <span><a href=\"https:\/\/acoteq.com\/pt-br\/pecas-de-reposicao\/pecas-mecanicas\/correias\/\">Correias<\/a><\/span> \/ <span class=\"breadcrumb_last\" aria-current=\"page\">Correias de arraste<\/span><\/span><\/div>\n\n\n<div class=\"wp-block-group has-white-background-color has-text-color has-background has-link-color wp-elements-bbf6eadc0b765359e66a3521bd897429\" style=\"color:#0e3770\"><div class=\"wp-block-group__inner-container is-layout-constrained wp-block-group-is-layout-constrained\"><section class=\"headline align-left \">\n\t\n\t<div class=\"container\">\n\n\t\t<div class=\"row\">\n\n\t\t\t<div class=\"col-lg-12\">\n\n\t\t\t\t<div class=\"headline_wrapper\">\n\n\t\t\t\t\t<h1><strong>Correias<\/strong>de arraste<\/h1>\n\n\t\t\t\t\t\n\t\t\t\t<\/div>\n\n\t\t\t<\/div>\n\n\t\t<\/div>\n\n\t<\/div>\n\n<\/section>\n\n\n<div style=\"height:50px\" aria-hidden=\"true\" class=\"wp-block-spacer\"><\/div>\n\n\n<section class=\"cards\">\n\t\n\t<div class=\"container\">\n\n\t\t<div class=\"row\">\n\n\t\t\t\n\t\t\t\t\n\t\t\t\t\t<div class=\"col-lg-4 col-md-6 card_single\">\n\n\t\t\t\t\t\t\n\t\t\t\t\t\t<div class=\"card_inner\">\n\n\t\t\t\t\t\t\t\t\t\t\t\t\t\t\t<a href=\"https:\/\/acoteq.com\/pt-br\/pecas-de-reposicao\/pecas-mecanicas\/correias\/correias-de-arraste\/correias-de-arraste-em-pvc\/\">\n\t\t\t\t\t\t\t\t\t<img decoding=\"async\" width=\"640\" height=\"427\" src=\"https:\/\/acoteq.com\/wp-content\/uploads\/2026\/02\/1.1.2-Haul-Off-PVC-Belts.png-1024x683.webp\" class=\"attachment-large size-large wp-post-image\" alt=\"Category image\" loading=\"lazy\" srcset=\"https:\/\/acoteq.com\/wp-content\/uploads\/2026\/02\/1.1.2-Haul-Off-PVC-Belts.png-1024x683.webp 1024w, https:\/\/acoteq.com\/wp-content\/uploads\/2026\/02\/1.1.2-Haul-Off-PVC-Belts.png-300x200.webp 300w, https:\/\/acoteq.com\/wp-content\/uploads\/2026\/02\/1.1.2-Haul-Off-PVC-Belts.png-768x512.webp 768w, https:\/\/acoteq.com\/wp-content\/uploads\/2026\/02\/1.1.2-Haul-Off-PVC-Belts.png.webp 1536w\" sizes=\"auto, (max-width: 640px) 100vw, 640px\" \/>\t\t\t\t\t\t\t\t<\/a>\n\t\t\t\t\t\t\t\t\n\n\t\t\t\t\t\t\t<div class=\"card_information\">\t\n\n\t\t\t\t\t\t\t\t<div>\n\n\t\t\t\t\t\t\t\t\t<h3>\n\t\t\t\t\t\t\t\t\t\t<a href=\"https:\/\/acoteq.com\/pt-br\/pecas-de-reposicao\/pecas-mecanicas\/correias\/correias-de-arraste\/correias-de-arraste-em-pvc\/\">\n\t\t\t\t\t\t\t\t\t\t\t<b>Correias<\/b> de Arraste em PVC\t\t\t\t\t\t\t\t\t\t\t\n\t\t\t\t\t\t\t\t\t\t<\/a>\n\t\t\t\t\t\t\t\t\t<\/h3>\n\n\t\t\t\t\t\t\t\t\t\t\t\n\n\t\t\t\t\t\t\t\t<\/div>\t\n\n\t\t\t\t\t\t\t\t<div class=\"cards_linkwrap\">\n\n\t\t\t\t\t\t\t\t\t\t\t\t\t\t\t\t\t\t\t\n\t\t\t\t\t\t\t\t\t\t<a href=\"https:\/\/acoteq.com\/pt-br\/pecas-de-reposicao\/pecas-mecanicas\/correias\/correias-de-arraste\/correias-de-arraste-em-pvc\/\">\n\t\t\t\t\t\t\t\t\t\t\tVer categoria&nbsp;<i class=\"fas fa-arrow-right\"><\/i>\n\t\t\t\t\t\t\t\t\t\t<\/a>\t\t\t\t\t\t\t\t\t\t\n\n\t\t\t\t\t\t\t\t\t\t\t\t\t\n\n\t\t\t\t\t\t\t\t<\/div>\t\t\t\t\t\t\t\t\t\t\t\t\t\t\t\n\n\t\t\t\t\t\t\t<\/div>\n\n\t\t\t\t\t\t<\/div>\n\n\t\t\t\t\t<\/div>\n\n\t\t\t\t\n\t\t\t\t\t<div class=\"col-lg-4 col-md-6 card_single\">\n\n\t\t\t\t\t\t\n\t\t\t\t\t\t<div class=\"card_inner\">\n\n\t\t\t\t\t\t\t\t\t\t\t\t\t\t\t<a href=\"https:\/\/acoteq.com\/pt-br\/pecas-de-reposicao\/pecas-mecanicas\/correias\/correias-de-arraste\/correias-de-arraste-de-borracha\/\">\n\t\t\t\t\t\t\t\t\t<img decoding=\"async\" width=\"640\" height=\"427\" src=\"https:\/\/acoteq.com\/wp-content\/uploads\/2026\/02\/1.2.2-Haul-Off-Rubber-Belts.png-1024x683.webp\" class=\"attachment-large size-large wp-post-image\" alt=\"Category image\" loading=\"lazy\" srcset=\"https:\/\/acoteq.com\/wp-content\/uploads\/2026\/02\/1.2.2-Haul-Off-Rubber-Belts.png-1024x683.webp 1024w, https:\/\/acoteq.com\/wp-content\/uploads\/2026\/02\/1.2.2-Haul-Off-Rubber-Belts.png-300x200.webp 300w, https:\/\/acoteq.com\/wp-content\/uploads\/2026\/02\/1.2.2-Haul-Off-Rubber-Belts.png-768x512.webp 768w, https:\/\/acoteq.com\/wp-content\/uploads\/2026\/02\/1.2.2-Haul-Off-Rubber-Belts.png.webp 1536w\" sizes=\"auto, (max-width: 640px) 100vw, 640px\" \/>\t\t\t\t\t\t\t\t<\/a>\n\t\t\t\t\t\t\t\t\n\n\t\t\t\t\t\t\t<div class=\"card_information\">\t\n\n\t\t\t\t\t\t\t\t<div>\n\n\t\t\t\t\t\t\t\t\t<h3>\n\t\t\t\t\t\t\t\t\t\t<a href=\"https:\/\/acoteq.com\/pt-br\/pecas-de-reposicao\/pecas-mecanicas\/correias\/correias-de-arraste\/correias-de-arraste-de-borracha\/\">\n\t\t\t\t\t\t\t\t\t\t\t<b>Correias<\/b> de Arraste de Borracha\t\t\t\t\t\t\t\t\t\t\t\n\t\t\t\t\t\t\t\t\t\t<\/a>\n\t\t\t\t\t\t\t\t\t<\/h3>\n\n\t\t\t\t\t\t\t\t\t\t\t\n\n\t\t\t\t\t\t\t\t<\/div>\t\n\n\t\t\t\t\t\t\t\t<div class=\"cards_linkwrap\">\n\n\t\t\t\t\t\t\t\t\t\t\t\t\t\t\t\t\t\t\t\n\t\t\t\t\t\t\t\t\t\t<a href=\"https:\/\/acoteq.com\/pt-br\/pecas-de-reposicao\/pecas-mecanicas\/correias\/correias-de-arraste\/correias-de-arraste-de-borracha\/\">\n\t\t\t\t\t\t\t\t\t\t\tVer categoria&nbsp;<i class=\"fas fa-arrow-right\"><\/i>\n\t\t\t\t\t\t\t\t\t\t<\/a>\t\t\t\t\t\t\t\t\t\t\n\n\t\t\t\t\t\t\t\t\t\t\t\t\t\n\n\t\t\t\t\t\t\t\t<\/div>\t\t\t\t\t\t\t\t\t\t\t\t\t\t\t\n\n\t\t\t\t\t\t\t<\/div>\n\n\t\t\t\t\t\t<\/div>\n\n\t\t\t\t\t<\/div>\n\n\t\t\t\t\n\t\t\t\t\t<div class=\"col-lg-4 col-md-6 card_single\">\n\n\t\t\t\t\t\t\n\t\t\t\t\t\t<div class=\"card_inner\">\n\n\t\t\t\t\t\t\t\t\t\t\t\t\t\t\t<a href=\"https:\/\/acoteq.com\/pt-br\/pecas-de-reposicao\/pecas-mecanicas\/correias\/correias-de-arraste\/blocos-de-tracao-em-borracha\/\">\n\t\t\t\t\t\t\t\t\t<img decoding=\"async\" width=\"640\" height=\"427\" src=\"https:\/\/acoteq.com\/wp-content\/uploads\/2026\/02\/1.3.2-Haul-Off-Rubber-Blocks.png-1024x683.webp\" class=\"attachment-large size-large wp-post-image\" alt=\"Category image\" loading=\"lazy\" srcset=\"https:\/\/acoteq.com\/wp-content\/uploads\/2026\/02\/1.3.2-Haul-Off-Rubber-Blocks.png-1024x683.webp 1024w, https:\/\/acoteq.com\/wp-content\/uploads\/2026\/02\/1.3.2-Haul-Off-Rubber-Blocks.png-300x200.webp 300w, https:\/\/acoteq.com\/wp-content\/uploads\/2026\/02\/1.3.2-Haul-Off-Rubber-Blocks.png-768x512.webp 768w, https:\/\/acoteq.com\/wp-content\/uploads\/2026\/02\/1.3.2-Haul-Off-Rubber-Blocks.png.webp 1536w\" sizes=\"auto, (max-width: 640px) 100vw, 640px\" \/>\t\t\t\t\t\t\t\t<\/a>\n\t\t\t\t\t\t\t\t\n\n\t\t\t\t\t\t\t<div class=\"card_information\">\t\n\n\t\t\t\t\t\t\t\t<div>\n\n\t\t\t\t\t\t\t\t\t<h3>\n\t\t\t\t\t\t\t\t\t\t<a href=\"https:\/\/acoteq.com\/pt-br\/pecas-de-reposicao\/pecas-mecanicas\/correias\/correias-de-arraste\/blocos-de-tracao-em-borracha\/\">\n\t\t\t\t\t\t\t\t\t\t\t<b>Blocos<\/b> de Tra\u00e7\u00e3o em Borracha\t\t\t\t\t\t\t\t\t\t\t\n\t\t\t\t\t\t\t\t\t\t<\/a>\n\t\t\t\t\t\t\t\t\t<\/h3>\n\n\t\t\t\t\t\t\t\t\t\t\t\n\n\t\t\t\t\t\t\t\t<\/div>\t\n\n\t\t\t\t\t\t\t\t<div class=\"cards_linkwrap\">\n\n\t\t\t\t\t\t\t\t\t\t\t\t\t\t\t\t\t\t\t\n\t\t\t\t\t\t\t\t\t\t<a href=\"https:\/\/acoteq.com\/pt-br\/pecas-de-reposicao\/pecas-mecanicas\/correias\/correias-de-arraste\/blocos-de-tracao-em-borracha\/\">\n\t\t\t\t\t\t\t\t\t\t\tVer categoria&nbsp;<i class=\"fas fa-arrow-right\"><\/i>\n\t\t\t\t\t\t\t\t\t\t<\/a>\t\t\t\t\t\t\t\t\t\t\n\n\t\t\t\t\t\t\t\t\t\t\t\t\t\n\n\t\t\t\t\t\t\t\t<\/div>\t\t\t\t\t\t\t\t\t\t\t\t\t\t\t\n\n\t\t\t\t\t\t\t<\/div>\n\n\t\t\t\t\t\t<\/div>\n\n\t\t\t\t\t<\/div>\n\n\t\t\t\t\t\t\t\n\n\t\t\t\t\t\t\n\n\t\t<\/div>\n\n\t<\/div>\n\n<\/section>\n<\/div><\/div>\n\n\n\n<div class=\"wp-block-group has-white-color has-text-color has-background has-link-color wp-elements-6a38e5cdd29c7555c23519c66aadc320\" style=\"background-color:#051c3c\"><div class=\"wp-block-group__inner-container is-layout-constrained wp-block-group-is-layout-constrained\"><section class=\"process\">\n\t\n\t<div class=\"container\">\n\n\t\t<div class=\"row\">\n\n\t\t\t<div class=\"col-lg-4\">\n\n\t\t\t\t<section class=\"headline\">\n\t\t\t\t\t\n\t\t\t\t\t<div class=\"container\">\n\n\t\t\t\t\t\t<div class=\"row\">\n\n\t\t\t\t\t\t\t<div class=\"col-lg-12 p-0\">\n\n\t\t\t\t\t\t\t\t<div class=\"headline_wrapper\">\n\n\t\t\t\t\t\t\t\t\t<h2><em>Como funciona <\/em><strong><span style=\"color: #c7d300;\">Solicite seu or\u00e7amento <\/span><\/strong><strong>facilmente<\/strong><\/h2>\n\n\t\t\t\t\t\t\t\t<\/div>\n\n\t\t\t\t\t\t\t<\/div>\n\n\t\t\t\t\t\t<\/div>\n\n\t\t\t\t\t<\/div>\n\n\t\t\t\t<\/section>\t\t\t\t\n\n\t\t\t<\/div>\n\n\t\t\t<div class=\"col-lg-8 process_steps\">\n\n\t\t\t\t<div class=\"process_steps_inner\">\n\n\t\t\t\t\t\n\t\t\t\t\t\t\t<div class=\"step_single\">\n\n\t\t\t\t\t\t\t\t<div class=\"step_icon\">\n\n\t\t\t\t\t\t\t\t\t<img decoding=\"async\" src=\"https:\/\/acoteq.com\/wp-content\/uploads\/2026\/02\/icons8_document.svg\" alt=\"\">\n\n\t\t\t\t\t\t\t\t<\/div>\n\n\t\t\t\t\t\t\t\t<div class=\"step_information\">\n\n\t\t\t\t\t\t\t\t\t<strong>1. Identifique sua pe\u00e7a<\/strong>\n\n\t\t\t\t\t\t\t\t\t<span>Detalhes do fabricante, n\u00famero da pe\u00e7a ou uma foto. Isso \u00e9 tudo de que precisamos.<\/span>\n\n\t\t\t\t\t\t\t\t<\/div>\t\t\t\t\t\t\n\n\t\t\t\t\t\t\t<\/div>\n\n\t\t\t\t\t\t\n\t\t\t\t\t\t\t<div class=\"step_single\">\n\n\t\t\t\t\t\t\t\t<div class=\"step_icon\">\n\n\t\t\t\t\t\t\t\t\t<img decoding=\"async\" src=\"https:\/\/acoteq.com\/wp-content\/uploads\/2026\/02\/Vector.svg\" alt=\"\">\n\n\t\t\t\t\t\t\t\t<\/div>\n\n\t\t\t\t\t\t\t\t<div class=\"step_information\">\n\n\t\t\t\t\t\t\t\t\t<strong>2. Envie sua solicita\u00e7\u00e3o<\/strong>\n\n\t\t\t\t\t\t\t\t\t<span>Envie os detalhes por meio do nosso formul\u00e1rio de contato, e-mail, Teams ou WhatsApp.<\/span>\n\n\t\t\t\t\t\t\t\t<\/div>\t\t\t\t\t\t\n\n\t\t\t\t\t\t\t<\/div>\n\n\t\t\t\t\t\t\n\t\t\t\t\t\t\t<div class=\"step_single\">\n\n\t\t\t\t\t\t\t\t<div class=\"step_icon\">\n\n\t\t\t\t\t\t\t\t\t<img decoding=\"async\" src=\"https:\/\/acoteq.com\/wp-content\/uploads\/2026\/02\/gg_check-o.svg\" alt=\"\">\n\n\t\t\t\t\t\t\t\t<\/div>\n\n\t\t\t\t\t\t\t\t<div class=\"step_information\">\n\n\t\t\t\t\t\t\t\t\t<strong>3. Receba seu or\u00e7amento<\/strong>\n\n\t\t\t\t\t\t\t\t\t<span>Enviaremos seu or\u00e7amento o mais r\u00e1pido que nossa rede de fornecimento permitir.<\/span>\n\n\t\t\t\t\t\t\t\t<\/div>\t\t\t\t\t\t\n\n\t\t\t\t\t\t\t<\/div>\n\n\t\t\t\t\t\t\t\t\t\t\t\n\n\t\t\t\t<\/div>\n\n\t\t\t<\/div>\n\n\t\t<\/div>\n\n\t<\/div>\n\n<\/section><\/div><\/div>\n\n\n\n<div class=\"wp-block-group has-white-background-color has-text-color has-background has-link-color wp-elements-e4f739cc84bf2a63cdb10360531670cd\" style=\"color:#0e3770\"><div class=\"wp-block-group__inner-container is-layout-constrained wp-block-group-is-layout-constrained\"><section class=\"headline align-left \">\n\t\n\t<div class=\"container\">\n\n\t\t<div class=\"row\">\n\n\t\t\t<div class=\"col-lg-12\">\n\n\t\t\t\t<div class=\"headline_wrapper\">\n\n\t\t\t\t\t<h1><strong>Que correias de arraste <\/strong>voc\u00eas oferecem?<\/h1>\n\n\t\t\t\t\t\n\t\t\t\t<\/div>\n\n\t\t\t<\/div>\n\n\t\t<\/div>\n\n\t<\/div>\n\n<\/section>\n\n\n<div style=\"height:15px\" aria-hidden=\"true\" class=\"wp-block-spacer\"><\/div>\n\n\n\n<div class=\"wp-block-columns is-layout-flex wp-container-core-columns-is-layout-9d6595d7 wp-block-columns-is-layout-flex\">\n<div class=\"wp-block-column is-layout-flow wp-block-column-is-layout-flow\"><section class=\"text \">\n\t\n\t<div class=\"container\">\n\n\t\t<div class=\"row\">\n\n\t\t\t<div class=\"col-lg-12\">\n\n\t\t\t\t<p><strong>Correias de arraste<\/strong> s\u00e3o projetadas para tra\u00e7\u00e3o precisa, durabilidade e estabilidade dimensional em aplica\u00e7\u00f5es de movimento cont\u00ednuo \u2014 especialmente em extrus\u00e3o, produ\u00e7\u00e3o de cabos e linhas de tubula\u00e7\u00e3o. Essas correias s\u00e3o desenvolvidas para agarrar perfis delicados ou r\u00edgidos sem deslizamento ou deforma\u00e7\u00e3o, garantindo for\u00e7a de tra\u00e7\u00e3o consistente e sincroniza\u00e7\u00e3o precisa entre as etapas de processamento.<\/p>\n<p>Na <strong>ACOTEQ<\/strong>, fornecemos uma linha completa de <strong>correias de arraste<\/strong>, incluindo <strong>correias de arraste em PVC<\/strong>, <strong>correias de arraste de borracha<\/strong> e <strong>blocos de borracha para arraste<\/strong>, todos dispon\u00edveis em <strong>vers\u00f5es originais ou compat\u00edveis<\/strong> e adequados para as principais m\u00e1quinas de extrus\u00e3o e configura\u00e7\u00f5es de linha. Nossos produtos s\u00e3o fabricados com moldes de alta precis\u00e3o e materiais premium para garantir excelente desempenho em ambientes de alta fric\u00e7\u00e3o, alta velocidade ou alta temperatura.<\/p>\n<p>Oferecemos correias em v\u00e1rios n\u00edveis de fric\u00e7\u00e3o, dureza, texturas de superf\u00edcie (lisa, ranhurada ou padronizada) e estruturas refor\u00e7adas adaptadas a geometrias espec\u00edficas de produto e perfis de extrus\u00e3o. Seja em opera\u00e7\u00f5es com <strong>tubos pl\u00e1sticos, fios &amp; cabos, perfis ou tubos<\/strong>, ajudamos voc\u00ea a selecionar o elemento de tra\u00e7\u00e3o correto para evitar marcas, desalinhamento ou desgaste prematuro.<\/p>\n<p>Nossa equipe pode ajudar com <strong>referenciamento cruzado de correias, dimens\u00f5es, revestimentos e otimiza\u00e7\u00e3o de press\u00e3o<\/strong> para garantir ader\u00eancia e vida \u00fatil ideais. Tamb\u00e9m fornecemos <strong>solu\u00e7\u00f5es personalizadas de arraste<\/strong> para OEMs e projetos de retrofit \u2014 adaptando o comprimento, a largura, o material ou o tipo de refor\u00e7o da correia \u00e0s suas unidades espec\u00edficas de arraste.<\/p>\n<p>Todas as correias contam com <strong>envio mundial<\/strong>, tempos de resposta r\u00e1pidos e disponibilidade de n\u00edvel industrial.<\/p>\n<p>Se voc\u00ea precisa de suporte com dimensionamento, compatibilidade com m\u00e1quinas ou entrega urgente, entre em contato conosco ou <strong>solicite um or\u00e7amento<\/strong> hoje mesmo.<\/p>\n\n\t\t\t<\/div>\n\n\t\t<\/div>\n\n\t<\/div>\n\n<\/section><\/div>\n\n\n\n<div class=\"wp-block-column is-layout-flow wp-block-column-is-layout-flow\"><div class=\"container\">\n\n\t<div class=\"row\">\n\n\t\t<div class=\"col-lg-12\">\n\n\t\t\t<div class=\"imagewrap\">\n\n\t\t\t\t<img decoding=\"async\" src=\"https:\/\/acoteq.com\/wp-content\/uploads\/2026\/03\/haul-off-belts-e1773741538171.png\" alt=\"\">\n\n\t\t\t\t\n\t\t\t<\/div>\n\n\t\t<\/div>\n\n\t<\/div>\n\n<\/div><\/div>\n<\/div>\n<\/div><\/div>\n","protected":false},"excerpt":{"rendered":"","protected":false},"author":1,"featured_media":3622,"parent":3637,"menu_order":0,"comment_status":"closed","ping_status":"closed","template":"","meta":{"_acf_changed":false,"footnotes":""},"class_list":["post-3621","page","type-page","status-publish","has-post-thumbnail","hentry"],"acf":[],"yoast_head":"<!-- This site is optimized with the Yoast SEO plugin v27.4 - https:\/\/yoast.com\/product\/yoast-seo-wordpress\/ -->\n<title>Correias de arraste | Pe\u00e7as de Reposi\u00e7\u00e3o Mec\u00e2nicas | ACOTEQ<\/title>\n<meta name=\"description\" content=\"Haul-off belts designed for optimal grip, abrasion resistance, and long service life. Fast worldwide shipping.\" \/>\n<meta name=\"robots\" content=\"index, follow, max-snippet:-1, max-image-preview:large, max-video-preview:-1\" \/>\n<link rel=\"canonical\" href=\"https:\/\/acoteq.com\/pt-br\/pecas-de-reposicao\/pecas-mecanicas\/correias\/correias-de-arraste\/\" \/>\n<meta property=\"og:locale\" content=\"pt_BR\" \/>\n<meta property=\"og:type\" content=\"article\" \/>\n<meta property=\"og:title\" content=\"Correias de arraste | Pe\u00e7as de Reposi\u00e7\u00e3o Mec\u00e2nicas | ACOTEQ\" \/>\n<meta property=\"og:description\" content=\"Haul-off belts designed for optimal grip, abrasion resistance, and long service life. Fast worldwide shipping.\" \/>\n<meta property=\"og:url\" content=\"https:\/\/acoteq.com\/pt-br\/pecas-de-reposicao\/pecas-mecanicas\/correias\/correias-de-arraste\/\" \/>\n<meta property=\"og:site_name\" content=\"ACOTEQ\" \/>\n<meta property=\"article:modified_time\" content=\"2026-03-17T13:13:50+00:00\" \/>\n<meta property=\"og:image\" content=\"https:\/\/acoteq.com\/wp-content\/uploads\/2026\/02\/1-Haul-Off-Belts-2-e1758199711220.png.webp\" \/>\n\t<meta property=\"og:image:width\" content=\"2013\" \/>\n\t<meta property=\"og:image:height\" content=\"1420\" \/>\n\t<meta property=\"og:image:type\" content=\"image\/webp\" \/>\n<meta name=\"twitter:card\" content=\"summary_large_image\" \/>\n<meta name=\"twitter:label1\" content=\"Est. tempo de leitura\" \/>\n\t<meta name=\"twitter:data1\" content=\"1 minuto\" \/>\n<script type=\"application\/ld+json\" class=\"yoast-schema-graph\">{\"@context\":\"https:\\\/\\\/schema.org\",\"@graph\":[{\"@type\":\"WebPage\",\"@id\":\"https:\\\/\\\/acoteq.com\\\/pt-br\\\/pecas-de-reposicao\\\/pecas-mecanicas\\\/correias\\\/correias-de-arraste\\\/\",\"url\":\"https:\\\/\\\/acoteq.com\\\/pt-br\\\/pecas-de-reposicao\\\/pecas-mecanicas\\\/correias\\\/correias-de-arraste\\\/\",\"name\":\"Correias de arraste | Pe\u00e7as de Reposi\u00e7\u00e3o Mec\u00e2nicas | ACOTEQ\",\"isPartOf\":{\"@id\":\"https:\\\/\\\/acoteq.com\\\/pt-br\\\/#website\"},\"primaryImageOfPage\":{\"@id\":\"https:\\\/\\\/acoteq.com\\\/pt-br\\\/pecas-de-reposicao\\\/pecas-mecanicas\\\/correias\\\/correias-de-arraste\\\/#primaryimage\"},\"image\":{\"@id\":\"https:\\\/\\\/acoteq.com\\\/pt-br\\\/pecas-de-reposicao\\\/pecas-mecanicas\\\/correias\\\/correias-de-arraste\\\/#primaryimage\"},\"thumbnailUrl\":\"https:\\\/\\\/acoteq.com\\\/wp-content\\\/uploads\\\/2026\\\/02\\\/1-Haul-Off-Belts-2-e1758199711220.png.webp\",\"datePublished\":\"2026-02-12T13:01:03+00:00\",\"dateModified\":\"2026-03-17T13:13:50+00:00\",\"description\":\"Haul-off belts designed for optimal grip, abrasion resistance, and long service life. Fast worldwide shipping.\",\"breadcrumb\":{\"@id\":\"https:\\\/\\\/acoteq.com\\\/pt-br\\\/pecas-de-reposicao\\\/pecas-mecanicas\\\/correias\\\/correias-de-arraste\\\/#breadcrumb\"},\"inLanguage\":\"pt-BR\",\"potentialAction\":[{\"@type\":\"ReadAction\",\"target\":[\"https:\\\/\\\/acoteq.com\\\/pt-br\\\/pecas-de-reposicao\\\/pecas-mecanicas\\\/correias\\\/correias-de-arraste\\\/\"]}]},{\"@type\":\"ImageObject\",\"inLanguage\":\"pt-BR\",\"@id\":\"https:\\\/\\\/acoteq.com\\\/pt-br\\\/pecas-de-reposicao\\\/pecas-mecanicas\\\/correias\\\/correias-de-arraste\\\/#primaryimage\",\"url\":\"https:\\\/\\\/acoteq.com\\\/wp-content\\\/uploads\\\/2026\\\/02\\\/1-Haul-Off-Belts-2-e1758199711220.png.webp\",\"contentUrl\":\"https:\\\/\\\/acoteq.com\\\/wp-content\\\/uploads\\\/2026\\\/02\\\/1-Haul-Off-Belts-2-e1758199711220.png.webp\",\"width\":2013,\"height\":1420},{\"@type\":\"BreadcrumbList\",\"@id\":\"https:\\\/\\\/acoteq.com\\\/pt-br\\\/pecas-de-reposicao\\\/pecas-mecanicas\\\/correias\\\/correias-de-arraste\\\/#breadcrumb\",\"itemListElement\":[{\"@type\":\"ListItem\",\"position\":1,\"name\":\"Home\",\"item\":\"https:\\\/\\\/acoteq.com\\\/pt-br\\\/\"},{\"@type\":\"ListItem\",\"position\":2,\"name\":\"Pe\u00e7as de Reposi\u00e7\u00e3o\",\"item\":\"https:\\\/\\\/acoteq.com\\\/pt-br\\\/pecas-de-reposicao\\\/\"},{\"@type\":\"ListItem\",\"position\":3,\"name\":\"Pe\u00e7as Mec\u00e2nicas\",\"item\":\"https:\\\/\\\/acoteq.com\\\/pt-br\\\/pecas-de-reposicao\\\/pecas-mecanicas\\\/\"},{\"@type\":\"ListItem\",\"position\":4,\"name\":\"Correias\",\"item\":\"https:\\\/\\\/acoteq.com\\\/pt-br\\\/pecas-de-reposicao\\\/pecas-mecanicas\\\/correias\\\/\"},{\"@type\":\"ListItem\",\"position\":5,\"name\":\"Correias de arraste\"}]},{\"@type\":\"WebSite\",\"@id\":\"https:\\\/\\\/acoteq.com\\\/pt-br\\\/#website\",\"url\":\"https:\\\/\\\/acoteq.com\\\/pt-br\\\/\",\"name\":\"ACOTEQ\",\"description\":\"\",\"potentialAction\":[{\"@type\":\"SearchAction\",\"target\":{\"@type\":\"EntryPoint\",\"urlTemplate\":\"https:\\\/\\\/acoteq.com\\\/pt-br\\\/?s={search_term_string}\"},\"query-input\":{\"@type\":\"PropertyValueSpecification\",\"valueRequired\":true,\"valueName\":\"search_term_string\"}}],\"inLanguage\":\"pt-BR\"}]}<\/script>\n<!-- \/ Yoast SEO plugin. -->","yoast_head_json":{"title":"Correias de arraste | Pe\u00e7as de Reposi\u00e7\u00e3o Mec\u00e2nicas | ACOTEQ","description":"Haul-off belts designed for optimal grip, abrasion resistance, and long service life. Fast worldwide shipping.","robots":{"index":"index","follow":"follow","max-snippet":"max-snippet:-1","max-image-preview":"max-image-preview:large","max-video-preview":"max-video-preview:-1"},"canonical":"https:\/\/acoteq.com\/pt-br\/pecas-de-reposicao\/pecas-mecanicas\/correias\/correias-de-arraste\/","og_locale":"pt_BR","og_type":"article","og_title":"Correias de arraste | Pe\u00e7as de Reposi\u00e7\u00e3o Mec\u00e2nicas | ACOTEQ","og_description":"Haul-off belts designed for optimal grip, abrasion resistance, and long service life. Fast worldwide shipping.","og_url":"https:\/\/acoteq.com\/pt-br\/pecas-de-reposicao\/pecas-mecanicas\/correias\/correias-de-arraste\/","og_site_name":"ACOTEQ","article_modified_time":"2026-03-17T13:13:50+00:00","og_image":[{"width":2013,"height":1420,"url":"https:\/\/acoteq.com\/wp-content\/uploads\/2026\/02\/1-Haul-Off-Belts-2-e1758199711220.png.webp","type":"image\/webp"}],"twitter_card":"summary_large_image","twitter_misc":{"Est. tempo de leitura":"1 minuto"},"schema":{"@context":"https:\/\/schema.org","@graph":[{"@type":"WebPage","@id":"https:\/\/acoteq.com\/pt-br\/pecas-de-reposicao\/pecas-mecanicas\/correias\/correias-de-arraste\/","url":"https:\/\/acoteq.com\/pt-br\/pecas-de-reposicao\/pecas-mecanicas\/correias\/correias-de-arraste\/","name":"Correias de arraste | Pe\u00e7as de Reposi\u00e7\u00e3o Mec\u00e2nicas | ACOTEQ","isPartOf":{"@id":"https:\/\/acoteq.com\/pt-br\/#website"},"primaryImageOfPage":{"@id":"https:\/\/acoteq.com\/pt-br\/pecas-de-reposicao\/pecas-mecanicas\/correias\/correias-de-arraste\/#primaryimage"},"image":{"@id":"https:\/\/acoteq.com\/pt-br\/pecas-de-reposicao\/pecas-mecanicas\/correias\/correias-de-arraste\/#primaryimage"},"thumbnailUrl":"https:\/\/acoteq.com\/wp-content\/uploads\/2026\/02\/1-Haul-Off-Belts-2-e1758199711220.png.webp","datePublished":"2026-02-12T13:01:03+00:00","dateModified":"2026-03-17T13:13:50+00:00","description":"Haul-off belts designed for optimal grip, abrasion resistance, and long service life. Fast worldwide shipping.","breadcrumb":{"@id":"https:\/\/acoteq.com\/pt-br\/pecas-de-reposicao\/pecas-mecanicas\/correias\/correias-de-arraste\/#breadcrumb"},"inLanguage":"pt-BR","potentialAction":[{"@type":"ReadAction","target":["https:\/\/acoteq.com\/pt-br\/pecas-de-reposicao\/pecas-mecanicas\/correias\/correias-de-arraste\/"]}]},{"@type":"ImageObject","inLanguage":"pt-BR","@id":"https:\/\/acoteq.com\/pt-br\/pecas-de-reposicao\/pecas-mecanicas\/correias\/correias-de-arraste\/#primaryimage","url":"https:\/\/acoteq.com\/wp-content\/uploads\/2026\/02\/1-Haul-Off-Belts-2-e1758199711220.png.webp","contentUrl":"https:\/\/acoteq.com\/wp-content\/uploads\/2026\/02\/1-Haul-Off-Belts-2-e1758199711220.png.webp","width":2013,"height":1420},{"@type":"BreadcrumbList","@id":"https:\/\/acoteq.com\/pt-br\/pecas-de-reposicao\/pecas-mecanicas\/correias\/correias-de-arraste\/#breadcrumb","itemListElement":[{"@type":"ListItem","position":1,"name":"Home","item":"https:\/\/acoteq.com\/pt-br\/"},{"@type":"ListItem","position":2,"name":"Pe\u00e7as de Reposi\u00e7\u00e3o","item":"https:\/\/acoteq.com\/pt-br\/pecas-de-reposicao\/"},{"@type":"ListItem","position":3,"name":"Pe\u00e7as Mec\u00e2nicas","item":"https:\/\/acoteq.com\/pt-br\/pecas-de-reposicao\/pecas-mecanicas\/"},{"@type":"ListItem","position":4,"name":"Correias","item":"https:\/\/acoteq.com\/pt-br\/pecas-de-reposicao\/pecas-mecanicas\/correias\/"},{"@type":"ListItem","position":5,"name":"Correias de arraste"}]},{"@type":"WebSite","@id":"https:\/\/acoteq.com\/pt-br\/#website","url":"https:\/\/acoteq.com\/pt-br\/","name":"ACOTEQ","description":"","potentialAction":[{"@type":"SearchAction","target":{"@type":"EntryPoint","urlTemplate":"https:\/\/acoteq.com\/pt-br\/?s={search_term_string}"},"query-input":{"@type":"PropertyValueSpecification","valueRequired":true,"valueName":"search_term_string"}}],"inLanguage":"pt-BR"}]}},"_links":{"self":[{"href":"https:\/\/acoteq.com\/pt-br\/wp-json\/wp\/v2\/pages\/3621","targetHints":{"allow":["GET"]}}],"collection":[{"href":"https:\/\/acoteq.com\/pt-br\/wp-json\/wp\/v2\/pages"}],"about":[{"href":"https:\/\/acoteq.com\/pt-br\/wp-json\/wp\/v2\/types\/page"}],"author":[{"embeddable":true,"href":"https:\/\/acoteq.com\/pt-br\/wp-json\/wp\/v2\/users\/1"}],"replies":[{"embeddable":true,"href":"https:\/\/acoteq.com\/pt-br\/wp-json\/wp\/v2\/comments?post=3621"}],"version-history":[{"count":7,"href":"https:\/\/acoteq.com\/pt-br\/wp-json\/wp\/v2\/pages\/3621\/revisions"}],"predecessor-version":[{"id":9331,"href":"https:\/\/acoteq.com\/pt-br\/wp-json\/wp\/v2\/pages\/3621\/revisions\/9331"}],"up":[{"embeddable":true,"href":"https:\/\/acoteq.com\/pt-br\/wp-json\/wp\/v2\/pages\/3637"}],"wp:featuredmedia":[{"embeddable":true,"href":"https:\/\/acoteq.com\/pt-br\/wp-json\/wp\/v2\/media\/3622"}],"wp:attachment":[{"href":"https:\/\/acoteq.com\/pt-br\/wp-json\/wp\/v2\/media?parent=3621"}],"curies":[{"name":"wp","href":"https:\/\/api.w.org\/{rel}","templated":true}]}}