{"id":3961,"date":"2026-02-12T13:43:14","date_gmt":"2026-02-12T12:43:14","guid":{"rendered":"https:\/\/acoteq.com\/drives\/"},"modified":"2026-03-17T14:27:46","modified_gmt":"2026-03-17T13:27:46","slug":"acionamentos","status":"publish","type":"page","link":"https:\/\/acoteq.com\/pt-br\/pecas-de-reposicao\/pecas-eletricas\/acionamentos\/","title":{"rendered":"Acionamentos"},"content":{"rendered":"<section class=\"cta\">\n\t\n\t<div class=\"container\">\n\n\t\t<div class=\"row\">\n\n\t\t\t<div class=\"col-lg-12\">\n\n\t\t\t\t<div class=\"cta_inner\">\n\n\t\t\t\t\t<div>\n\n\t\t\t\t\t\t<span class=\"pre_headline\"><i class=\"fas fa-search\"><\/i>&nbsp;ESPECIALISTAS EM SUPRIMENTOS GLOBAIS<\/span>\n\n\t\t\t\t\t\t<p><strong><em>N\u00c3O ENCONTRA<\/em> A SUA PE\u00c7A?<\/strong><\/p>\n<p>Nosso cat\u00e1logo online mostra apenas 5% de nossas capacidades de fornecimento.<br \/>\n<strong>Deixe que nossos especialistas encontrem exatamente o que voc\u00ea precisa.<\/strong><\/p>\n\n\t\t\t\t\t<\/div>\n\n\t\t\t\t\t<div>\n\n\t\t\t\t\t\t\n\t\t\t\t\t\t\t<a class=\"button light\" href=\"#contact\" target=\"\">SOLICITAR UM OR\u00c7AMENTO&nbsp;<i class=\"fas fa-arrow-right\"><\/i><\/a>\n\n\t\t\t\t\t\t\n\t\t\t\t\t<\/div>\n\n\t\t\t\t\t<i class=\"fas fa-times close_cta\"><\/i>\n\n\t\t\t\t<\/div>\n\n\t\t\t<\/div>\n\n\t\t<\/div>\n\n\t<\/div>\n\n<\/section>\n\n\n<div style=\"height:75px\" aria-hidden=\"true\" class=\"wp-block-spacer\"><\/div>\n\n\n<div class=\"yoast-breadcrumbs\"><span><span><a href=\"https:\/\/acoteq.com\/pt-br\/\"><i class=\"fas fa-home\">Home<\/i><\/a><\/span> \/ <span><a href=\"https:\/\/acoteq.com\/pt-br\/pecas-de-reposicao\/\">Pe\u00e7as de Reposi\u00e7\u00e3o<\/a><\/span> \/ <span><a href=\"https:\/\/acoteq.com\/pt-br\/pecas-de-reposicao\/pecas-eletricas\/\">Pe\u00e7as El\u00e9tricas<\/a><\/span> \/ <span class=\"breadcrumb_last\" aria-current=\"page\">Acionamentos<\/span><\/span><\/div>\n\n\n<div class=\"wp-block-group has-white-background-color has-text-color has-background has-link-color wp-elements-cc928edb2b70d4a0716a8c87c6daeab4\" style=\"color:#0e3770\"><div class=\"wp-block-group__inner-container is-layout-constrained wp-block-group-is-layout-constrained\"><section class=\"headline align-left \">\n\t\n\t<div class=\"container\">\n\n\t\t<div class=\"row\">\n\n\t\t\t<div class=\"col-lg-12\">\n\n\t\t\t\t<div class=\"headline_wrapper\">\n\n\t\t\t\t\t<h1><strong>Acionamentos<\/strong><\/h1>\n\n\t\t\t\t\t\n\t\t\t\t<\/div>\n\n\t\t\t<\/div>\n\n\t\t<\/div>\n\n\t<\/div>\n\n<\/section>\n\n\n<div style=\"height:50px\" aria-hidden=\"true\" class=\"wp-block-spacer\"><\/div>\n\n\n<section class=\"cards\">\n\t\n\t<div class=\"container\">\n\n\t\t<div class=\"row\">\n\n\t\t\t\n\t\t\t\t\n\t\t\t\t\t<div class=\"col-lg-4 col-md-6 card_single\">\n\n\t\t\t\t\t\t\n\t\t\t\t\t\t<div class=\"card_inner\">\n\n\t\t\t\t\t\t\t\t\t\t\t\t\t\t\t<a href=\"https:\/\/acoteq.com\/pt-br\/pecas-de-reposicao\/pecas-eletricas\/acionamentos\/acionamentos-ac\/\">\n\t\t\t\t\t\t\t\t\t<img decoding=\"async\" width=\"640\" height=\"426\" src=\"https:\/\/acoteq.com\/wp-content\/uploads\/2026\/02\/1-AC-Drives-1.jpeg-1024x682.webp\" class=\"attachment-large size-large wp-post-image\" alt=\"Category image\" loading=\"lazy\" srcset=\"https:\/\/acoteq.com\/wp-content\/uploads\/2026\/02\/1-AC-Drives-1.jpeg-1024x682.webp 1024w, https:\/\/acoteq.com\/wp-content\/uploads\/2026\/02\/1-AC-Drives-1.jpeg-300x200.webp 300w, https:\/\/acoteq.com\/wp-content\/uploads\/2026\/02\/1-AC-Drives-1.jpeg-768x511.webp 768w, https:\/\/acoteq.com\/wp-content\/uploads\/2026\/02\/1-AC-Drives-1.jpeg-1536x1023.webp 1536w, https:\/\/acoteq.com\/wp-content\/uploads\/2026\/02\/1-AC-Drives-1.jpeg-2048x1364.webp 2048w\" sizes=\"auto, (max-width: 640px) 100vw, 640px\" \/>\t\t\t\t\t\t\t\t<\/a>\n\t\t\t\t\t\t\t\t\n\n\t\t\t\t\t\t\t<div class=\"card_information\">\t\n\n\t\t\t\t\t\t\t\t<div>\n\n\t\t\t\t\t\t\t\t\t<h3>\n\t\t\t\t\t\t\t\t\t\t<a href=\"https:\/\/acoteq.com\/pt-br\/pecas-de-reposicao\/pecas-eletricas\/acionamentos\/acionamentos-ac\/\">\n\t\t\t\t\t\t\t\t\t\t\t<b>Acionamentos<\/b> AC\t\t\t\t\t\t\t\t\t\t\t\n\t\t\t\t\t\t\t\t\t\t<\/a>\n\t\t\t\t\t\t\t\t\t<\/h3>\n\n\t\t\t\t\t\t\t\t\t\t\t\n\n\t\t\t\t\t\t\t\t<\/div>\t\n\n\t\t\t\t\t\t\t\t<div class=\"cards_linkwrap\">\n\n\t\t\t\t\t\t\t\t\t\t\t\t\t\t\t\t\t\t\t\n\t\t\t\t\t\t\t\t\t\t<a href=\"https:\/\/acoteq.com\/pt-br\/pecas-de-reposicao\/pecas-eletricas\/acionamentos\/acionamentos-ac\/\">\n\t\t\t\t\t\t\t\t\t\t\tVer categoria&nbsp;<i class=\"fas fa-arrow-right\"><\/i>\n\t\t\t\t\t\t\t\t\t\t<\/a>\t\t\t\t\t\t\t\t\t\t\n\n\t\t\t\t\t\t\t\t\t\t\t\t\t\n\n\t\t\t\t\t\t\t\t<\/div>\t\t\t\t\t\t\t\t\t\t\t\t\t\t\t\n\n\t\t\t\t\t\t\t<\/div>\n\n\t\t\t\t\t\t<\/div>\n\n\t\t\t\t\t<\/div>\n\n\t\t\t\t\n\t\t\t\t\t<div class=\"col-lg-4 col-md-6 card_single\">\n\n\t\t\t\t\t\t\n\t\t\t\t\t\t<div class=\"card_inner\">\n\n\t\t\t\t\t\t\t\t\t\t\t\t\t\t\t<a href=\"https:\/\/acoteq.com\/pt-br\/pecas-de-reposicao\/pecas-eletricas\/acionamentos\/acionamentos-dc\/\">\n\t\t\t\t\t\t\t\t\t<img decoding=\"async\" width=\"640\" height=\"442\" src=\"https:\/\/acoteq.com\/wp-content\/uploads\/2026\/02\/2-DC-Drives-1.jpeg-1024x707.webp\" class=\"attachment-large size-large wp-post-image\" alt=\"Category image\" loading=\"lazy\" srcset=\"https:\/\/acoteq.com\/wp-content\/uploads\/2026\/02\/2-DC-Drives-1.jpeg-1024x707.webp 1024w, https:\/\/acoteq.com\/wp-content\/uploads\/2026\/02\/2-DC-Drives-1.jpeg-300x207.webp 300w, https:\/\/acoteq.com\/wp-content\/uploads\/2026\/02\/2-DC-Drives-1.jpeg-768x530.webp 768w, https:\/\/acoteq.com\/wp-content\/uploads\/2026\/02\/2-DC-Drives-1.jpeg-1536x1060.webp 1536w, https:\/\/acoteq.com\/wp-content\/uploads\/2026\/02\/2-DC-Drives-1.jpeg-2048x1414.webp 2048w\" sizes=\"auto, (max-width: 640px) 100vw, 640px\" \/>\t\t\t\t\t\t\t\t<\/a>\n\t\t\t\t\t\t\t\t\n\n\t\t\t\t\t\t\t<div class=\"card_information\">\t\n\n\t\t\t\t\t\t\t\t<div>\n\n\t\t\t\t\t\t\t\t\t<h3>\n\t\t\t\t\t\t\t\t\t\t<a href=\"https:\/\/acoteq.com\/pt-br\/pecas-de-reposicao\/pecas-eletricas\/acionamentos\/acionamentos-dc\/\">\n\t\t\t\t\t\t\t\t\t\t\t<b>Acionamentos<\/b> DC\t\t\t\t\t\t\t\t\t\t\t\n\t\t\t\t\t\t\t\t\t\t<\/a>\n\t\t\t\t\t\t\t\t\t<\/h3>\n\n\t\t\t\t\t\t\t\t\t\t\t\n\n\t\t\t\t\t\t\t\t<\/div>\t\n\n\t\t\t\t\t\t\t\t<div class=\"cards_linkwrap\">\n\n\t\t\t\t\t\t\t\t\t\t\t\t\t\t\t\t\t\t\t\n\t\t\t\t\t\t\t\t\t\t<a href=\"https:\/\/acoteq.com\/pt-br\/pecas-de-reposicao\/pecas-eletricas\/acionamentos\/acionamentos-dc\/\">\n\t\t\t\t\t\t\t\t\t\t\tVer categoria&nbsp;<i class=\"fas fa-arrow-right\"><\/i>\n\t\t\t\t\t\t\t\t\t\t<\/a>\t\t\t\t\t\t\t\t\t\t\n\n\t\t\t\t\t\t\t\t\t\t\t\t\t\n\n\t\t\t\t\t\t\t\t<\/div>\t\t\t\t\t\t\t\t\t\t\t\t\t\t\t\n\n\t\t\t\t\t\t\t<\/div>\n\n\t\t\t\t\t\t<\/div>\n\n\t\t\t\t\t<\/div>\n\n\t\t\t\t\n\t\t\t\t\t<div class=\"col-lg-4 col-md-6 card_single\">\n\n\t\t\t\t\t\t\n\t\t\t\t\t\t<div class=\"card_inner\">\n\n\t\t\t\t\t\t\t\t\t\t\t\t\t\t\t<a href=\"https:\/\/acoteq.com\/pt-br\/pecas-de-reposicao\/pecas-eletricas\/acionamentos\/acionamentos-servo\/\">\n\t\t\t\t\t\t\t\t\t<img decoding=\"async\" width=\"640\" height=\"398\" src=\"https:\/\/acoteq.com\/wp-content\/uploads\/2026\/02\/3-Servo-Drives-1-e1758532465903.jpeg-1024x636.webp\" class=\"attachment-large size-large wp-post-image\" alt=\"Category image\" loading=\"lazy\" srcset=\"https:\/\/acoteq.com\/wp-content\/uploads\/2026\/02\/3-Servo-Drives-1-e1758532465903.jpeg-1024x636.webp 1024w, https:\/\/acoteq.com\/wp-content\/uploads\/2026\/02\/3-Servo-Drives-1-e1758532465903.jpeg-300x186.webp 300w, https:\/\/acoteq.com\/wp-content\/uploads\/2026\/02\/3-Servo-Drives-1-e1758532465903.jpeg-768x477.webp 768w, https:\/\/acoteq.com\/wp-content\/uploads\/2026\/02\/3-Servo-Drives-1-e1758532465903.jpeg-1536x955.webp 1536w, https:\/\/acoteq.com\/wp-content\/uploads\/2026\/02\/3-Servo-Drives-1-e1758532465903.jpeg-2048x1273.webp 2048w\" sizes=\"auto, (max-width: 640px) 100vw, 640px\" \/>\t\t\t\t\t\t\t\t<\/a>\n\t\t\t\t\t\t\t\t\n\n\t\t\t\t\t\t\t<div class=\"card_information\">\t\n\n\t\t\t\t\t\t\t\t<div>\n\n\t\t\t\t\t\t\t\t\t<h3>\n\t\t\t\t\t\t\t\t\t\t<a href=\"https:\/\/acoteq.com\/pt-br\/pecas-de-reposicao\/pecas-eletricas\/acionamentos\/acionamentos-servo\/\">\n\t\t\t\t\t\t\t\t\t\t\t<b>Acionamentos<\/b> Servo\t\t\t\t\t\t\t\t\t\t\t\n\t\t\t\t\t\t\t\t\t\t<\/a>\n\t\t\t\t\t\t\t\t\t<\/h3>\n\n\t\t\t\t\t\t\t\t\t\t\t\n\n\t\t\t\t\t\t\t\t<\/div>\t\n\n\t\t\t\t\t\t\t\t<div class=\"cards_linkwrap\">\n\n\t\t\t\t\t\t\t\t\t\t\t\t\t\t\t\t\t\t\t\n\t\t\t\t\t\t\t\t\t\t<a href=\"https:\/\/acoteq.com\/pt-br\/pecas-de-reposicao\/pecas-eletricas\/acionamentos\/acionamentos-servo\/\">\n\t\t\t\t\t\t\t\t\t\t\tVer categoria&nbsp;<i class=\"fas fa-arrow-right\"><\/i>\n\t\t\t\t\t\t\t\t\t\t<\/a>\t\t\t\t\t\t\t\t\t\t\n\n\t\t\t\t\t\t\t\t\t\t\t\t\t\n\n\t\t\t\t\t\t\t\t<\/div>\t\t\t\t\t\t\t\t\t\t\t\t\t\t\t\n\n\t\t\t\t\t\t\t<\/div>\n\n\t\t\t\t\t\t<\/div>\n\n\t\t\t\t\t<\/div>\n\n\t\t\t\t\t\t\t\n\n\t\t\t\t\t\t\n\n\t\t<\/div>\n\n\t<\/div>\n\n<\/section>\n<\/div><\/div>\n\n\n\n<div class=\"wp-block-group has-white-color has-text-color has-background has-link-color wp-elements-6a38e5cdd29c7555c23519c66aadc320\" style=\"background-color:#051c3c\"><div class=\"wp-block-group__inner-container is-layout-constrained wp-block-group-is-layout-constrained\"><section class=\"process\">\n\t\n\t<div class=\"container\">\n\n\t\t<div class=\"row\">\n\n\t\t\t<div class=\"col-lg-4\">\n\n\t\t\t\t<section class=\"headline\">\n\t\t\t\t\t\n\t\t\t\t\t<div class=\"container\">\n\n\t\t\t\t\t\t<div class=\"row\">\n\n\t\t\t\t\t\t\t<div class=\"col-lg-12 p-0\">\n\n\t\t\t\t\t\t\t\t<div class=\"headline_wrapper\">\n\n\t\t\t\t\t\t\t\t\t<h2><em>Como funciona <\/em><strong><span style=\"color: #c7d300;\">Solicite seu or\u00e7amento <\/span><\/strong><strong>facilmente<\/strong><\/h2>\n\n\t\t\t\t\t\t\t\t<\/div>\n\n\t\t\t\t\t\t\t<\/div>\n\n\t\t\t\t\t\t<\/div>\n\n\t\t\t\t\t<\/div>\n\n\t\t\t\t<\/section>\t\t\t\t\n\n\t\t\t<\/div>\n\n\t\t\t<div class=\"col-lg-8 process_steps\">\n\n\t\t\t\t<div class=\"process_steps_inner\">\n\n\t\t\t\t\t\n\t\t\t\t\t\t\t<div class=\"step_single\">\n\n\t\t\t\t\t\t\t\t<div class=\"step_icon\">\n\n\t\t\t\t\t\t\t\t\t<img decoding=\"async\" src=\"https:\/\/acoteq.com\/wp-content\/uploads\/2026\/02\/icons8_document.svg\" alt=\"\">\n\n\t\t\t\t\t\t\t\t<\/div>\n\n\t\t\t\t\t\t\t\t<div class=\"step_information\">\n\n\t\t\t\t\t\t\t\t\t<strong>1. Identifique sua pe\u00e7a<\/strong>\n\n\t\t\t\t\t\t\t\t\t<span>Detalhes do fabricante, n\u00famero da pe\u00e7a ou uma foto. Isso \u00e9 tudo de que precisamos.<\/span>\n\n\t\t\t\t\t\t\t\t<\/div>\t\t\t\t\t\t\n\n\t\t\t\t\t\t\t<\/div>\n\n\t\t\t\t\t\t\n\t\t\t\t\t\t\t<div class=\"step_single\">\n\n\t\t\t\t\t\t\t\t<div class=\"step_icon\">\n\n\t\t\t\t\t\t\t\t\t<img decoding=\"async\" src=\"https:\/\/acoteq.com\/wp-content\/uploads\/2026\/02\/Vector.svg\" alt=\"\">\n\n\t\t\t\t\t\t\t\t<\/div>\n\n\t\t\t\t\t\t\t\t<div class=\"step_information\">\n\n\t\t\t\t\t\t\t\t\t<strong>2. Envie sua solicita\u00e7\u00e3o<\/strong>\n\n\t\t\t\t\t\t\t\t\t<span>Envie os detalhes por meio do nosso formul\u00e1rio de contato, e-mail, Teams ou WhatsApp.<\/span>\n\n\t\t\t\t\t\t\t\t<\/div>\t\t\t\t\t\t\n\n\t\t\t\t\t\t\t<\/div>\n\n\t\t\t\t\t\t\n\t\t\t\t\t\t\t<div class=\"step_single\">\n\n\t\t\t\t\t\t\t\t<div class=\"step_icon\">\n\n\t\t\t\t\t\t\t\t\t<img decoding=\"async\" src=\"https:\/\/acoteq.com\/wp-content\/uploads\/2026\/02\/gg_check-o.svg\" alt=\"\">\n\n\t\t\t\t\t\t\t\t<\/div>\n\n\t\t\t\t\t\t\t\t<div class=\"step_information\">\n\n\t\t\t\t\t\t\t\t\t<strong>3. Receba seu or\u00e7amento<\/strong>\n\n\t\t\t\t\t\t\t\t\t<span>Enviaremos seu or\u00e7amento o mais r\u00e1pido que nossa rede de fornecimento permitir.<\/span>\n\n\t\t\t\t\t\t\t\t<\/div>\t\t\t\t\t\t\n\n\t\t\t\t\t\t\t<\/div>\n\n\t\t\t\t\t\t\t\t\t\t\t\n\n\t\t\t\t<\/div>\n\n\t\t\t<\/div>\n\n\t\t<\/div>\n\n\t<\/div>\n\n<\/section><\/div><\/div>\n\n\n\n<div class=\"wp-block-group has-white-background-color has-text-color has-background has-link-color wp-elements-a61d770e40e52c466fcf07a45df6470a\" style=\"color:#0e3770\"><div class=\"wp-block-group__inner-container is-layout-constrained wp-block-group-is-layout-constrained\"><section class=\"headline align-left \">\n\t\n\t<div class=\"container\">\n\n\t\t<div class=\"row\">\n\n\t\t\t<div class=\"col-lg-12\">\n\n\t\t\t\t<div class=\"headline_wrapper\">\n\n\t\t\t\t\t<h1><strong>Que Acionamentos <\/strong>oferecem?<\/h1>\n\n\t\t\t\t\t\n\t\t\t\t<\/div>\n\n\t\t\t<\/div>\n\n\t\t<\/div>\n\n\t<\/div>\n\n<\/section>\n\n\n<div style=\"height:15px\" aria-hidden=\"true\" class=\"wp-block-spacer\"><\/div>\n\n\n\n<div class=\"wp-block-columns is-layout-flex wp-container-core-columns-is-layout-9d6595d7 wp-block-columns-is-layout-flex\">\n<div class=\"wp-block-column is-layout-flow wp-block-column-is-layout-flow\"><section class=\"text \">\n\t\n\t<div class=\"container\">\n\n\t\t<div class=\"row\">\n\n\t\t\t<div class=\"col-lg-12\">\n\n\t\t\t\t<p><strong>Acionamentos<\/strong> s\u00e3o componentes cr\u00edticos em sistemas de automa\u00e7\u00e3o e controlo de movimento, permitindo a regula\u00e7\u00e3o precisa da velocidade, bin\u00e1rio e posi\u00e7\u00e3o do motor. Ao converter e controlar a energia el\u00e9trica, os acionamentos otimizam o desempenho das m\u00e1quinas, reduzem o consumo de energia e prolongam a vida \u00fatil dos equipamentos. S\u00e3o amplamente utilizados em setores como fabrico, rob\u00f3tica, embalagem, HVAC e ind\u00fastrias de processo, onde o controlo fi\u00e1vel do motor \u00e9 essencial.<\/p>\n<p>Os principais tipos de <strong>acionamentos industriais<\/strong> incluem <strong>acionamentos AC<\/strong> (variadores de frequ\u00eancia, VFDs) que controlam motores AC para aplica\u00e7\u00f5es que exigem velocidade vari\u00e1vel e efici\u00eancia energ\u00e9tica; <strong>acionamentos DC<\/strong>, adequados para o controlo preciso de bin\u00e1rio e velocidade em processos exigentes; e <strong>servoacionamentos<\/strong>, concebidos para controlo de movimento de alto desempenho com integra\u00e7\u00e3o de feedback para rob\u00f3tica, m\u00e1quinas CNC e sistemas automatizados de posicionamento.<\/p>\n<p>Fornecemos <strong>acionamentos<\/strong> compat\u00edveis com os principais fabricantes, incluindo <strong>Siemens, ABB, Schneider Electric, Rockwell Automation (Allen-Bradley), Mitsubishi, Parker (anteriormente SSD\/Eurotherm), Fuji, Yaskawa <\/strong>e <strong>Danfoss<\/strong>. A nossa oferta abrange uma ampla gama de pot\u00eancias, protocolos de comunica\u00e7\u00e3o (Ethernet\/IP, Profibus, Modbus, Profinet) e funcionalidades de seguran\u00e7a (Safe Torque Off, Safe Stop, travagem integrada). As op\u00e7\u00f5es incluem acionamentos compactos para m\u00e1quinas pequenas e modelos de alta pot\u00eancia para motores industriais de servi\u00e7o pesado.<\/p>\n<p>As especifica\u00e7\u00f5es t\u00e9cnicas incluem <strong>faixas de tens\u00e3o de entrada, frequ\u00eancia de sa\u00edda, capacidade de pot\u00eancia (kW\/HP), modos de controlo (V\/f, vectorial, servo) e graus de prote\u00e7\u00e3o (IP20, IP54, IP65)<\/strong>. Estes par\u00e2metros garantem a sele\u00e7\u00e3o adequada para aplica\u00e7\u00f5es que v\u00e3o desde sistemas transportadores e bombas at\u00e9 rob\u00f3tica avan\u00e7ada e automa\u00e7\u00e3o multieixo.<\/p>\n<p>Explore a gama completa de <strong>acionamentos industriais<\/strong> para alcan\u00e7ar um controlo preciso do motor, reduzir os custos operacionais e melhorar a fiabilidade em ambientes de automa\u00e7\u00e3o e produ\u00e7\u00e3o.<\/p>\n\n\t\t\t<\/div>\n\n\t\t<\/div>\n\n\t<\/div>\n\n<\/section><\/div>\n\n\n\n<div class=\"wp-block-column is-layout-flow wp-block-column-is-layout-flow\"><div class=\"container\">\n\n\t<div class=\"row\">\n\n\t\t<div class=\"col-lg-12\">\n\n\t\t\t<div class=\"imagewrap\">\n\n\t\t\t\t<img decoding=\"async\" src=\"https:\/\/acoteq.com\/wp-content\/uploads\/2026\/03\/drives-e1773743509966.png\" alt=\"\">\n\n\t\t\t\t\n\t\t\t<\/div>\n\n\t\t<\/div>\n\n\t<\/div>\n\n<\/div><\/div>\n<\/div>\n<\/div><\/div>\n","protected":false},"excerpt":{"rendered":"","protected":false},"author":1,"featured_media":3962,"parent":4062,"menu_order":0,"comment_status":"closed","ping_status":"closed","template":"","meta":{"_acf_changed":false,"footnotes":""},"class_list":["post-3961","page","type-page","status-publish","has-post-thumbnail","hentry"],"acf":[],"yoast_head":"<!-- This site is optimized with the Yoast SEO plugin v27.4 - https:\/\/yoast.com\/product\/yoast-seo-wordpress\/ -->\n<title>Acionamentos | Pe\u00e7as de Reposi\u00e7\u00e3o El\u00e9tricas | ACOTEQ<\/title>\n<meta name=\"description\" content=\"Industrial drives, precise, efficient, compatible, for motor control and automation, with technical support and worldwide shipping.\" \/>\n<meta name=\"robots\" content=\"index, follow, max-snippet:-1, max-image-preview:large, max-video-preview:-1\" \/>\n<link rel=\"canonical\" href=\"https:\/\/acoteq.com\/pt-br\/pecas-de-reposicao\/pecas-eletricas\/acionamentos\/\" \/>\n<meta property=\"og:locale\" content=\"pt_BR\" \/>\n<meta property=\"og:type\" content=\"article\" \/>\n<meta property=\"og:title\" content=\"Acionamentos | Pe\u00e7as de Reposi\u00e7\u00e3o El\u00e9tricas | ACOTEQ\" \/>\n<meta property=\"og:description\" content=\"Industrial drives, precise, efficient, compatible, for motor control and automation, with technical support and worldwide shipping.\" \/>\n<meta property=\"og:url\" content=\"https:\/\/acoteq.com\/pt-br\/pecas-de-reposicao\/pecas-eletricas\/acionamentos\/\" \/>\n<meta property=\"og:site_name\" content=\"ACOTEQ\" \/>\n<meta property=\"article:modified_time\" content=\"2026-03-17T13:27:46+00:00\" \/>\n<meta property=\"og:image\" content=\"https:\/\/acoteq.com\/wp-content\/uploads\/2026\/02\/0-Drives-1.png.webp\" \/>\n\t<meta property=\"og:image:width\" content=\"2244\" \/>\n\t<meta property=\"og:image:height\" content=\"1492\" \/>\n\t<meta property=\"og:image:type\" content=\"image\/webp\" \/>\n<meta name=\"twitter:card\" content=\"summary_large_image\" \/>\n<meta name=\"twitter:label1\" content=\"Est. tempo de leitura\" \/>\n\t<meta name=\"twitter:data1\" content=\"1 minuto\" \/>\n<script type=\"application\/ld+json\" class=\"yoast-schema-graph\">{\"@context\":\"https:\\\/\\\/schema.org\",\"@graph\":[{\"@type\":\"WebPage\",\"@id\":\"https:\\\/\\\/acoteq.com\\\/pt-br\\\/pecas-de-reposicao\\\/pecas-eletricas\\\/acionamentos\\\/\",\"url\":\"https:\\\/\\\/acoteq.com\\\/pt-br\\\/pecas-de-reposicao\\\/pecas-eletricas\\\/acionamentos\\\/\",\"name\":\"Acionamentos | Pe\u00e7as de Reposi\u00e7\u00e3o El\u00e9tricas | ACOTEQ\",\"isPartOf\":{\"@id\":\"https:\\\/\\\/acoteq.com\\\/pt-br\\\/#website\"},\"primaryImageOfPage\":{\"@id\":\"https:\\\/\\\/acoteq.com\\\/pt-br\\\/pecas-de-reposicao\\\/pecas-eletricas\\\/acionamentos\\\/#primaryimage\"},\"image\":{\"@id\":\"https:\\\/\\\/acoteq.com\\\/pt-br\\\/pecas-de-reposicao\\\/pecas-eletricas\\\/acionamentos\\\/#primaryimage\"},\"thumbnailUrl\":\"https:\\\/\\\/acoteq.com\\\/wp-content\\\/uploads\\\/2026\\\/02\\\/0-Drives-1.png.webp\",\"datePublished\":\"2026-02-12T12:43:14+00:00\",\"dateModified\":\"2026-03-17T13:27:46+00:00\",\"description\":\"Industrial drives, precise, efficient, compatible, for motor control and automation, with technical support and worldwide shipping.\",\"breadcrumb\":{\"@id\":\"https:\\\/\\\/acoteq.com\\\/pt-br\\\/pecas-de-reposicao\\\/pecas-eletricas\\\/acionamentos\\\/#breadcrumb\"},\"inLanguage\":\"pt-BR\",\"potentialAction\":[{\"@type\":\"ReadAction\",\"target\":[\"https:\\\/\\\/acoteq.com\\\/pt-br\\\/pecas-de-reposicao\\\/pecas-eletricas\\\/acionamentos\\\/\"]}]},{\"@type\":\"ImageObject\",\"inLanguage\":\"pt-BR\",\"@id\":\"https:\\\/\\\/acoteq.com\\\/pt-br\\\/pecas-de-reposicao\\\/pecas-eletricas\\\/acionamentos\\\/#primaryimage\",\"url\":\"https:\\\/\\\/acoteq.com\\\/wp-content\\\/uploads\\\/2026\\\/02\\\/0-Drives-1.png.webp\",\"contentUrl\":\"https:\\\/\\\/acoteq.com\\\/wp-content\\\/uploads\\\/2026\\\/02\\\/0-Drives-1.png.webp\",\"width\":2244,\"height\":1492},{\"@type\":\"BreadcrumbList\",\"@id\":\"https:\\\/\\\/acoteq.com\\\/pt-br\\\/pecas-de-reposicao\\\/pecas-eletricas\\\/acionamentos\\\/#breadcrumb\",\"itemListElement\":[{\"@type\":\"ListItem\",\"position\":1,\"name\":\"Home\",\"item\":\"https:\\\/\\\/acoteq.com\\\/pt-br\\\/\"},{\"@type\":\"ListItem\",\"position\":2,\"name\":\"Pe\u00e7as de Reposi\u00e7\u00e3o\",\"item\":\"https:\\\/\\\/acoteq.com\\\/pt-br\\\/pecas-de-reposicao\\\/\"},{\"@type\":\"ListItem\",\"position\":3,\"name\":\"Pe\u00e7as El\u00e9tricas\",\"item\":\"https:\\\/\\\/acoteq.com\\\/pt-br\\\/pecas-de-reposicao\\\/pecas-eletricas\\\/\"},{\"@type\":\"ListItem\",\"position\":4,\"name\":\"Acionamentos\"}]},{\"@type\":\"WebSite\",\"@id\":\"https:\\\/\\\/acoteq.com\\\/pt-br\\\/#website\",\"url\":\"https:\\\/\\\/acoteq.com\\\/pt-br\\\/\",\"name\":\"ACOTEQ\",\"description\":\"\",\"potentialAction\":[{\"@type\":\"SearchAction\",\"target\":{\"@type\":\"EntryPoint\",\"urlTemplate\":\"https:\\\/\\\/acoteq.com\\\/pt-br\\\/?s={search_term_string}\"},\"query-input\":{\"@type\":\"PropertyValueSpecification\",\"valueRequired\":true,\"valueName\":\"search_term_string\"}}],\"inLanguage\":\"pt-BR\"}]}<\/script>\n<!-- \/ Yoast SEO plugin. -->","yoast_head_json":{"title":"Acionamentos | Pe\u00e7as de Reposi\u00e7\u00e3o El\u00e9tricas | ACOTEQ","description":"Industrial drives, precise, efficient, compatible, for motor control and automation, with technical support and worldwide shipping.","robots":{"index":"index","follow":"follow","max-snippet":"max-snippet:-1","max-image-preview":"max-image-preview:large","max-video-preview":"max-video-preview:-1"},"canonical":"https:\/\/acoteq.com\/pt-br\/pecas-de-reposicao\/pecas-eletricas\/acionamentos\/","og_locale":"pt_BR","og_type":"article","og_title":"Acionamentos | Pe\u00e7as de Reposi\u00e7\u00e3o El\u00e9tricas | ACOTEQ","og_description":"Industrial drives, precise, efficient, compatible, for motor control and automation, with technical support and worldwide shipping.","og_url":"https:\/\/acoteq.com\/pt-br\/pecas-de-reposicao\/pecas-eletricas\/acionamentos\/","og_site_name":"ACOTEQ","article_modified_time":"2026-03-17T13:27:46+00:00","og_image":[{"width":2244,"height":1492,"url":"https:\/\/acoteq.com\/wp-content\/uploads\/2026\/02\/0-Drives-1.png.webp","type":"image\/webp"}],"twitter_card":"summary_large_image","twitter_misc":{"Est. tempo de leitura":"1 minuto"},"schema":{"@context":"https:\/\/schema.org","@graph":[{"@type":"WebPage","@id":"https:\/\/acoteq.com\/pt-br\/pecas-de-reposicao\/pecas-eletricas\/acionamentos\/","url":"https:\/\/acoteq.com\/pt-br\/pecas-de-reposicao\/pecas-eletricas\/acionamentos\/","name":"Acionamentos | Pe\u00e7as de Reposi\u00e7\u00e3o El\u00e9tricas | ACOTEQ","isPartOf":{"@id":"https:\/\/acoteq.com\/pt-br\/#website"},"primaryImageOfPage":{"@id":"https:\/\/acoteq.com\/pt-br\/pecas-de-reposicao\/pecas-eletricas\/acionamentos\/#primaryimage"},"image":{"@id":"https:\/\/acoteq.com\/pt-br\/pecas-de-reposicao\/pecas-eletricas\/acionamentos\/#primaryimage"},"thumbnailUrl":"https:\/\/acoteq.com\/wp-content\/uploads\/2026\/02\/0-Drives-1.png.webp","datePublished":"2026-02-12T12:43:14+00:00","dateModified":"2026-03-17T13:27:46+00:00","description":"Industrial drives, precise, efficient, compatible, for motor control and automation, with technical support and worldwide shipping.","breadcrumb":{"@id":"https:\/\/acoteq.com\/pt-br\/pecas-de-reposicao\/pecas-eletricas\/acionamentos\/#breadcrumb"},"inLanguage":"pt-BR","potentialAction":[{"@type":"ReadAction","target":["https:\/\/acoteq.com\/pt-br\/pecas-de-reposicao\/pecas-eletricas\/acionamentos\/"]}]},{"@type":"ImageObject","inLanguage":"pt-BR","@id":"https:\/\/acoteq.com\/pt-br\/pecas-de-reposicao\/pecas-eletricas\/acionamentos\/#primaryimage","url":"https:\/\/acoteq.com\/wp-content\/uploads\/2026\/02\/0-Drives-1.png.webp","contentUrl":"https:\/\/acoteq.com\/wp-content\/uploads\/2026\/02\/0-Drives-1.png.webp","width":2244,"height":1492},{"@type":"BreadcrumbList","@id":"https:\/\/acoteq.com\/pt-br\/pecas-de-reposicao\/pecas-eletricas\/acionamentos\/#breadcrumb","itemListElement":[{"@type":"ListItem","position":1,"name":"Home","item":"https:\/\/acoteq.com\/pt-br\/"},{"@type":"ListItem","position":2,"name":"Pe\u00e7as de Reposi\u00e7\u00e3o","item":"https:\/\/acoteq.com\/pt-br\/pecas-de-reposicao\/"},{"@type":"ListItem","position":3,"name":"Pe\u00e7as El\u00e9tricas","item":"https:\/\/acoteq.com\/pt-br\/pecas-de-reposicao\/pecas-eletricas\/"},{"@type":"ListItem","position":4,"name":"Acionamentos"}]},{"@type":"WebSite","@id":"https:\/\/acoteq.com\/pt-br\/#website","url":"https:\/\/acoteq.com\/pt-br\/","name":"ACOTEQ","description":"","potentialAction":[{"@type":"SearchAction","target":{"@type":"EntryPoint","urlTemplate":"https:\/\/acoteq.com\/pt-br\/?s={search_term_string}"},"query-input":{"@type":"PropertyValueSpecification","valueRequired":true,"valueName":"search_term_string"}}],"inLanguage":"pt-BR"}]}},"_links":{"self":[{"href":"https:\/\/acoteq.com\/pt-br\/wp-json\/wp\/v2\/pages\/3961","targetHints":{"allow":["GET"]}}],"collection":[{"href":"https:\/\/acoteq.com\/pt-br\/wp-json\/wp\/v2\/pages"}],"about":[{"href":"https:\/\/acoteq.com\/pt-br\/wp-json\/wp\/v2\/types\/page"}],"author":[{"embeddable":true,"href":"https:\/\/acoteq.com\/pt-br\/wp-json\/wp\/v2\/users\/1"}],"replies":[{"embeddable":true,"href":"https:\/\/acoteq.com\/pt-br\/wp-json\/wp\/v2\/comments?post=3961"}],"version-history":[{"count":6,"href":"https:\/\/acoteq.com\/pt-br\/wp-json\/wp\/v2\/pages\/3961\/revisions"}],"predecessor-version":[{"id":9372,"href":"https:\/\/acoteq.com\/pt-br\/wp-json\/wp\/v2\/pages\/3961\/revisions\/9372"}],"up":[{"embeddable":true,"href":"https:\/\/acoteq.com\/pt-br\/wp-json\/wp\/v2\/pages\/4062"}],"wp:featuredmedia":[{"embeddable":true,"href":"https:\/\/acoteq.com\/pt-br\/wp-json\/wp\/v2\/media\/3962"}],"wp:attachment":[{"href":"https:\/\/acoteq.com\/pt-br\/wp-json\/wp\/v2\/media?parent=3961"}],"curies":[{"name":"wp","href":"https:\/\/api.w.org\/{rel}","templated":true}]}}