{"id":3996,"date":"2026-02-11T14:02:22","date_gmt":"2026-02-11T13:02:22","guid":{"rendered":"https:\/\/acoteq.com\/legal-notice\/"},"modified":"2026-03-11T09:54:41","modified_gmt":"2026-03-11T08:54:41","slug":"aviso-legal","status":"publish","type":"page","link":"https:\/\/acoteq.com\/pt-br\/aviso-legal\/","title":{"rendered":"Aviso Legal"},"content":{"rendered":"<section class=\"banner\">\n\n\t<img decoding=\"async\" src=\"https:\/\/acoteq.com\/wp-content\/uploads\/2026\/02\/hintergrund.png\" alt=\"\">\n\n\t<div class=\"banner_overlay\">\n\n\t\t<div class=\"container\">\n\n\t\t\t<div class=\"row banner_text\">\n\n\t\t\t\t<div class=\"col-lg-12\">\n\n\t\t\t\t\t<h1><strong>AVISO LEGAL<\/strong><\/h1>\n\n\t\t\t\t\t \n\t\t\t\t<\/div>\n\n\t\t\t<\/div>\n\n\t\t<\/div>\n\n\t<\/div>\n\n<\/section>\n\n\n<div class=\"wp-block-group has-white-background-color has-text-color has-background has-link-color wp-elements-e28da1313754b34fa0fe68b78d92b400\" style=\"color:#051b3c\"><div class=\"wp-block-group__inner-container is-layout-constrained wp-block-group-is-layout-constrained\">\n<div style=\"height:25px\" aria-hidden=\"true\" class=\"wp-block-spacer\"><\/div>\n\n\n\n<div class=\"wp-block-columns is-layout-flex wp-container-core-columns-is-layout-9d6595d7 wp-block-columns-is-layout-flex\">\n<div class=\"wp-block-column is-layout-flow wp-block-column-is-layout-flow\"><section class=\"text \">\n\t\n\t<div class=\"container\">\n\n\t\t<div class=\"row\">\n\n\t\t\t<div class=\"col-lg-12\">\n\n\t\t\t\t<h3 style=\"text-align: justify;\"><strong>Informa\u00e7\u00f5es de acordo com a se\u00e7\u00e3o 5 da TMG<\/strong><\/h3>\n<p style=\"text-align: justify;\">ACOTEQ GmbH<br \/>\nAm Handwerkerzentrum 1<br \/>\n52156 Monschau<br \/>\nAlemanha<\/p>\n<p style=\"text-align: justify;\"><strong>Registo Comercial<\/strong>: HRB 20340<br \/>\n<strong>Tribunal de Registo<\/strong>: Tribunal Judicial de Aachen<\/p>\n<p>&nbsp;<\/p>\n<h3 style=\"text-align: justify;\"><strong>Representada por:<\/strong><\/h3>\n<p style=\"text-align: justify;\">Willibert Dautzenberg<br \/>\nGabriela Queins<\/p>\n<p>&nbsp;<\/p>\n<h3 style=\"text-align: justify;\"><strong>Contacto<\/strong><\/h3>\n<p style=\"text-align: justify;\">Telefone: +49 2472 985 9987<br \/>\nE-mail: info@acoteq.com<\/p>\n<p>&nbsp;<\/p>\n<h3 style=\"text-align: justify;\"><strong>NIF-IVA<\/strong><\/h3>\n<p style=\"text-align: justify;\">N\u00famero de identifica\u00e7\u00e3o de IVA de acordo com a se\u00e7\u00e3o 27 a da Lei do Imposto sobre o Valor Acrescentado: DE305921349<\/p>\n\n\t\t\t<\/div>\n\n\t\t<\/div>\n\n\t<\/div>\n\n<\/section><\/div>\n\n\n\n<div class=\"wp-block-column is-layout-flow wp-block-column-is-layout-flow\"><section class=\"text \">\n\t\n\t<div class=\"container\">\n\n\t\t<div class=\"row\">\n\n\t\t\t<div class=\"col-lg-12\">\n\n\t\t\t\t<h3 style=\"text-align: justify;\"><strong>Informa\u00e7\u00f5es sobre o seguro de responsabilidade civil profissional<\/strong><\/h3>\n<p style=\"text-align: justify;\"><strong>Nome e sede da seguradora:<\/strong><br \/>\nGenerali Deutschland AG<br \/>\nAdenauerring 7<br \/>\n81737 Munique<br \/>\nAlemanha<\/p>\n<p>&nbsp;<\/p>\n<h3 style=\"text-align: justify;\"><strong>Respons\u00e1vel pelo conte\u00fado editorial<\/strong><\/h3>\n<p style=\"text-align: justify;\">ACOTEQ GmbH<\/p>\n<p>&nbsp;<\/p>\n<h3 style=\"text-align: justify;\"><strong>Nota sobre imagens geradas por IA<\/strong><\/h3>\n<p style=\"text-align: justify;\">Este website utiliza parcialmente imagens geradas por intelig\u00eancia artificial, que servem exclusivamente para fins ilustrativos. Tais imagens n\u00e3o representam reprodu\u00e7\u00f5es exatas ou aut\u00eanticas de pessoas, locais ou produtos.<\/p>\n<p>&nbsp;<\/p>\n<h3 style=\"text-align: justify;\"><strong>Resolu\u00e7\u00e3o de lit\u00edgios de consumo<\/strong><\/h3>\n<p style=\"text-align: justify;\">N\u00e3o estamos dispostos nem somos obrigados a participar em processos de resolu\u00e7\u00e3o de lit\u00edgios perante um conselho de arbitragem de consumo.<\/p>\n<p>&nbsp;<\/p>\n<p style=\"text-align: right;\">Fonte: <a href=\"https:\/\/www.e-recht24.de\">https:\/\/www.e-recht24.de<\/a><\/p>\n\n\t\t\t<\/div>\n\n\t\t<\/div>\n\n\t<\/div>\n\n<\/section><\/div>\n<\/div>\n\n\n\n<div style=\"height:50px\" aria-hidden=\"true\" class=\"wp-block-spacer\"><\/div>\n<\/div><\/div>\n","protected":false},"excerpt":{"rendered":"","protected":false},"author":1,"featured_media":0,"parent":0,"menu_order":0,"comment_status":"closed","ping_status":"closed","template":"","meta":{"_acf_changed":false,"footnotes":""},"class_list":["post-3996","page","type-page","status-publish","hentry"],"acf":[],"yoast_head":"<!-- This site is optimized with the Yoast SEO plugin v27.4 - https:\/\/yoast.com\/product\/yoast-seo-wordpress\/ -->\n<title>Aviso Legal | ACOTEQ<\/title>\n<meta name=\"robots\" content=\"index, follow, max-snippet:-1, max-image-preview:large, max-video-preview:-1\" \/>\n<link rel=\"canonical\" href=\"https:\/\/acoteq.com\/pt-br\/aviso-legal\/\" \/>\n<meta property=\"og:locale\" content=\"pt_BR\" \/>\n<meta property=\"og:type\" content=\"article\" \/>\n<meta property=\"og:title\" content=\"Aviso Legal | ACOTEQ\" \/>\n<meta property=\"og:url\" content=\"https:\/\/acoteq.com\/pt-br\/aviso-legal\/\" \/>\n<meta property=\"og:site_name\" content=\"ACOTEQ\" \/>\n<meta property=\"article:modified_time\" content=\"2026-03-11T08:54:41+00:00\" \/>\n<meta name=\"twitter:card\" content=\"summary_large_image\" \/>\n<script type=\"application\/ld+json\" class=\"yoast-schema-graph\">{\"@context\":\"https:\\\/\\\/schema.org\",\"@graph\":[{\"@type\":\"WebPage\",\"@id\":\"https:\\\/\\\/acoteq.com\\\/pt-br\\\/aviso-legal\\\/\",\"url\":\"https:\\\/\\\/acoteq.com\\\/pt-br\\\/aviso-legal\\\/\",\"name\":\"Aviso Legal | ACOTEQ\",\"isPartOf\":{\"@id\":\"https:\\\/\\\/acoteq.com\\\/pt-br\\\/#website\"},\"datePublished\":\"2026-02-11T13:02:22+00:00\",\"dateModified\":\"2026-03-11T08:54:41+00:00\",\"breadcrumb\":{\"@id\":\"https:\\\/\\\/acoteq.com\\\/pt-br\\\/aviso-legal\\\/#breadcrumb\"},\"inLanguage\":\"pt-BR\",\"potentialAction\":[{\"@type\":\"ReadAction\",\"target\":[\"https:\\\/\\\/acoteq.com\\\/pt-br\\\/aviso-legal\\\/\"]}]},{\"@type\":\"BreadcrumbList\",\"@id\":\"https:\\\/\\\/acoteq.com\\\/pt-br\\\/aviso-legal\\\/#breadcrumb\",\"itemListElement\":[{\"@type\":\"ListItem\",\"position\":1,\"name\":\"Home\",\"item\":\"https:\\\/\\\/acoteq.com\\\/pt-br\\\/\"},{\"@type\":\"ListItem\",\"position\":2,\"name\":\"Aviso Legal\"}]},{\"@type\":\"WebSite\",\"@id\":\"https:\\\/\\\/acoteq.com\\\/pt-br\\\/#website\",\"url\":\"https:\\\/\\\/acoteq.com\\\/pt-br\\\/\",\"name\":\"ACOTEQ\",\"description\":\"\",\"potentialAction\":[{\"@type\":\"SearchAction\",\"target\":{\"@type\":\"EntryPoint\",\"urlTemplate\":\"https:\\\/\\\/acoteq.com\\\/pt-br\\\/?s={search_term_string}\"},\"query-input\":{\"@type\":\"PropertyValueSpecification\",\"valueRequired\":true,\"valueName\":\"search_term_string\"}}],\"inLanguage\":\"pt-BR\"}]}<\/script>\n<!-- \/ Yoast SEO plugin. -->","yoast_head_json":{"title":"Aviso Legal | ACOTEQ","robots":{"index":"index","follow":"follow","max-snippet":"max-snippet:-1","max-image-preview":"max-image-preview:large","max-video-preview":"max-video-preview:-1"},"canonical":"https:\/\/acoteq.com\/pt-br\/aviso-legal\/","og_locale":"pt_BR","og_type":"article","og_title":"Aviso Legal | ACOTEQ","og_url":"https:\/\/acoteq.com\/pt-br\/aviso-legal\/","og_site_name":"ACOTEQ","article_modified_time":"2026-03-11T08:54:41+00:00","twitter_card":"summary_large_image","schema":{"@context":"https:\/\/schema.org","@graph":[{"@type":"WebPage","@id":"https:\/\/acoteq.com\/pt-br\/aviso-legal\/","url":"https:\/\/acoteq.com\/pt-br\/aviso-legal\/","name":"Aviso Legal | ACOTEQ","isPartOf":{"@id":"https:\/\/acoteq.com\/pt-br\/#website"},"datePublished":"2026-02-11T13:02:22+00:00","dateModified":"2026-03-11T08:54:41+00:00","breadcrumb":{"@id":"https:\/\/acoteq.com\/pt-br\/aviso-legal\/#breadcrumb"},"inLanguage":"pt-BR","potentialAction":[{"@type":"ReadAction","target":["https:\/\/acoteq.com\/pt-br\/aviso-legal\/"]}]},{"@type":"BreadcrumbList","@id":"https:\/\/acoteq.com\/pt-br\/aviso-legal\/#breadcrumb","itemListElement":[{"@type":"ListItem","position":1,"name":"Home","item":"https:\/\/acoteq.com\/pt-br\/"},{"@type":"ListItem","position":2,"name":"Aviso Legal"}]},{"@type":"WebSite","@id":"https:\/\/acoteq.com\/pt-br\/#website","url":"https:\/\/acoteq.com\/pt-br\/","name":"ACOTEQ","description":"","potentialAction":[{"@type":"SearchAction","target":{"@type":"EntryPoint","urlTemplate":"https:\/\/acoteq.com\/pt-br\/?s={search_term_string}"},"query-input":{"@type":"PropertyValueSpecification","valueRequired":true,"valueName":"search_term_string"}}],"inLanguage":"pt-BR"}]}},"_links":{"self":[{"href":"https:\/\/acoteq.com\/pt-br\/wp-json\/wp\/v2\/pages\/3996","targetHints":{"allow":["GET"]}}],"collection":[{"href":"https:\/\/acoteq.com\/pt-br\/wp-json\/wp\/v2\/pages"}],"about":[{"href":"https:\/\/acoteq.com\/pt-br\/wp-json\/wp\/v2\/types\/page"}],"author":[{"embeddable":true,"href":"https:\/\/acoteq.com\/pt-br\/wp-json\/wp\/v2\/users\/1"}],"replies":[{"embeddable":true,"href":"https:\/\/acoteq.com\/pt-br\/wp-json\/wp\/v2\/comments?post=3996"}],"version-history":[{"count":7,"href":"https:\/\/acoteq.com\/pt-br\/wp-json\/wp\/v2\/pages\/3996\/revisions"}],"predecessor-version":[{"id":7569,"href":"https:\/\/acoteq.com\/pt-br\/wp-json\/wp\/v2\/pages\/3996\/revisions\/7569"}],"wp:attachment":[{"href":"https:\/\/acoteq.com\/pt-br\/wp-json\/wp\/v2\/media?parent=3996"}],"curies":[{"name":"wp","href":"https:\/\/api.w.org\/{rel}","templated":true}]}}