{"id":4062,"date":"2026-02-11T13:30:48","date_gmt":"2026-02-11T12:30:48","guid":{"rendered":"https:\/\/acoteq.com\/electrical-parts\/"},"modified":"2026-03-19T17:07:58","modified_gmt":"2026-03-19T16:07:58","slug":"pecas-eletricas","status":"publish","type":"page","link":"https:\/\/acoteq.com\/pt-br\/pecas-de-reposicao\/pecas-eletricas\/","title":{"rendered":"Pe\u00e7as El\u00e9tricas"},"content":{"rendered":"<section class=\"cta\">\n\t\n\t<div class=\"container\">\n\n\t\t<div class=\"row\">\n\n\t\t\t<div class=\"col-lg-12\">\n\n\t\t\t\t<div class=\"cta_inner\">\n\n\t\t\t\t\t<div>\n\n\t\t\t\t\t\t<span class=\"pre_headline\"><i class=\"fas fa-search\"><\/i>&nbsp;ESPECIALISTAS EM SUPRIMENTOS GLOBAIS<\/span>\n\n\t\t\t\t\t\t<p><strong><em>N\u00c3O ENCONTRA<\/em> A SUA PE\u00c7A?<\/strong><\/p>\n<p>Nosso cat\u00e1logo online mostra apenas 5% de nossas capacidades de fornecimento.<br \/>\n<strong>Deixe que nossos especialistas encontrem exatamente o que voc\u00ea precisa.<\/strong><\/p>\n\n\t\t\t\t\t<\/div>\n\n\t\t\t\t\t<div>\n\n\t\t\t\t\t\t\n\t\t\t\t\t\t\t<a class=\"button light\" href=\"#contact\" target=\"\">SOLICITAR UM OR\u00c7AMENTO&nbsp;<i class=\"fas fa-arrow-right\"><\/i><\/a>\n\n\t\t\t\t\t\t\n\t\t\t\t\t<\/div>\n\n\t\t\t\t\t<i class=\"fas fa-times close_cta\"><\/i>\n\n\t\t\t\t<\/div>\n\n\t\t\t<\/div>\n\n\t\t<\/div>\n\n\t<\/div>\n\n<\/section>\n\n\n<div style=\"height:75px\" aria-hidden=\"true\" class=\"wp-block-spacer\"><\/div>\n\n\n<div class=\"yoast-breadcrumbs\"><span><span><a href=\"https:\/\/acoteq.com\/pt-br\/\"><i class=\"fas fa-home\">Home<\/i><\/a><\/span> \/ <span><a href=\"https:\/\/acoteq.com\/pt-br\/pecas-de-reposicao\/\">Pe\u00e7as de Reposi\u00e7\u00e3o<\/a><\/span> \/ <span class=\"breadcrumb_last\" aria-current=\"page\">Pe\u00e7as El\u00e9tricas<\/span><\/span><\/div>\n\n\n<div class=\"wp-block-group has-white-background-color has-text-color has-background has-link-color wp-elements-83f4cb9418fbaa977de750f5c99125d5\" style=\"color:#0e3770\"><div class=\"wp-block-group__inner-container is-layout-constrained wp-block-group-is-layout-constrained\"><section class=\"headline align-left \">\n\t\n\t<div class=\"container\">\n\n\t\t<div class=\"row\">\n\n\t\t\t<div class=\"col-lg-12\">\n\n\t\t\t\t<div class=\"headline_wrapper\">\n\n\t\t\t\t\t<h1>Pe\u00e7as <strong>el\u00e9tricas<\/strong><\/h1>\n\n\t\t\t\t\t\n\t\t\t\t<\/div>\n\n\t\t\t<\/div>\n\n\t\t<\/div>\n\n\t<\/div>\n\n<\/section>\n\n\n<div style=\"height:50px\" aria-hidden=\"true\" class=\"wp-block-spacer\"><\/div>\n\n\n<section class=\"cards\">\n\t\n\t<div class=\"container\">\n\n\t\t<div class=\"row\">\n\n\t\t\t\n\t\t\t\t\n\t\t\t\t\t<div class=\"col-lg-4 col-md-6 card_single\">\n\n\t\t\t\t\t\t\n\t\t\t\t\t\t<div class=\"card_inner\">\n\n\t\t\t\t\t\t\t\t\t\t\t\t\t\t\t<a href=\"https:\/\/acoteq.com\/pt-br\/pecas-de-reposicao\/pecas-eletricas\/plc\/\">\n\t\t\t\t\t\t\t\t\t<img decoding=\"async\" width=\"640\" height=\"427\" src=\"https:\/\/acoteq.com\/wp-content\/uploads\/2026\/02\/0-PLC-1.png-1024x683.webp\" class=\"attachment-large size-large wp-post-image\" alt=\"Category image\" loading=\"lazy\" srcset=\"https:\/\/acoteq.com\/wp-content\/uploads\/2026\/02\/0-PLC-1.png-1024x683.webp 1024w, https:\/\/acoteq.com\/wp-content\/uploads\/2026\/02\/0-PLC-1.png-300x200.webp 300w, https:\/\/acoteq.com\/wp-content\/uploads\/2026\/02\/0-PLC-1.png-768x512.webp 768w, https:\/\/acoteq.com\/wp-content\/uploads\/2026\/02\/0-PLC-1.png.webp 1536w\" sizes=\"auto, (max-width: 640px) 100vw, 640px\" \/>\t\t\t\t\t\t\t\t<\/a>\n\t\t\t\t\t\t\t\t\n\n\t\t\t\t\t\t\t<div class=\"card_information\">\t\n\n\t\t\t\t\t\t\t\t<div>\n\n\t\t\t\t\t\t\t\t\t<h3>\n\t\t\t\t\t\t\t\t\t\t<a href=\"https:\/\/acoteq.com\/pt-br\/pecas-de-reposicao\/pecas-eletricas\/plc\/\">\n\t\t\t\t\t\t\t\t\t\t\t<b>PLC<\/b>\t\t\t\t\t\t\t\t\t\t\t\n\t\t\t\t\t\t\t\t\t\t<\/a>\n\t\t\t\t\t\t\t\t\t<\/h3>\n\n\t\t\t\t\t\t\t\t\t\t\t\t\t\t\t\t\t\t\t<ul>\n\t\t\t\t\t\t\t\t\t\t\t\t\t\t\t\t\t\t\t\t\t\t\t<li>\n\t\t\t\t\t\t\t\t\t\t\t\t\t<a href=\"https:\/\/acoteq.com\/pt-br\/pecas-de-reposicao\/pecas-eletricas\/plc\/modulos-de-expansao-plc\/\">\n\t\t\t\t\t\t\t\t\t\t\t\t\t\tM\u00f3dulos de Expans\u00e3o PLC\t\t\t\t\t\t\t\t\t\t\t\t\t<\/a>\n\t\t\t\t\t\t\t\t\t\t\t\t<\/li>\n\t\t\t\t\t\t\t\t\t\t\t\t\t\t\t\t\t\t\t\t\t\t\t<li>\n\t\t\t\t\t\t\t\t\t\t\t\t\t<a href=\"https:\/\/acoteq.com\/pt-br\/pecas-de-reposicao\/pecas-eletricas\/plc\/acessorios-para-plc\/\">\n\t\t\t\t\t\t\t\t\t\t\t\t\t\tAcess\u00f3rios para PLC\t\t\t\t\t\t\t\t\t\t\t\t\t<\/a>\n\t\t\t\t\t\t\t\t\t\t\t\t<\/li>\n\t\t\t\t\t\t\t\t\t\t\t\t\t\t\t\t\t\t\t\t\t\t\t<li>\n\t\t\t\t\t\t\t\t\t\t\t\t\t<a href=\"https:\/\/acoteq.com\/pt-br\/pecas-de-reposicao\/pecas-eletricas\/plc\/dispositivos-de-programacao-plc\/\">\n\t\t\t\t\t\t\t\t\t\t\t\t\t\tDispositivos de Programa\u00e7\u00e3o PLC\t\t\t\t\t\t\t\t\t\t\t\t\t<\/a>\n\t\t\t\t\t\t\t\t\t\t\t\t<\/li>\n\t\t\t\t\t\t\t\t\t\t\t\t\t\t\t\t\t\t\t\t\t\t\t<li>\n\t\t\t\t\t\t\t\t\t\t\t\t\t<a href=\"https:\/\/acoteq.com\/pt-br\/pecas-de-reposicao\/pecas-eletricas\/plc\/unidades-de-alimentacao-para-plc\/\">\n\t\t\t\t\t\t\t\t\t\t\t\t\t\tUnidades de Alimenta\u00e7\u00e3o para PLC\t\t\t\t\t\t\t\t\t\t\t\t\t<\/a>\n\t\t\t\t\t\t\t\t\t\t\t\t<\/li>\n\t\t\t\t\t\t\t\t\t\t\t\t\t\t\t\t\t\t\t\t\t\t\t<li>\n\t\t\t\t\t\t\t\t\t\t\t\t\t<a href=\"https:\/\/acoteq.com\/pt-br\/pecas-de-reposicao\/pecas-eletricas\/plc\/unidades-principais-plc\/\">\n\t\t\t\t\t\t\t\t\t\t\t\t\t\tUnidades Principais PLC\t\t\t\t\t\t\t\t\t\t\t\t\t<\/a>\n\t\t\t\t\t\t\t\t\t\t\t\t<\/li>\n\t\t\t\t\t\t\t\t\t\t\t\t\t\t\t\t\t\t\t\t\t<\/ul>\n\t\t\t\t\t\t\t\t\t\t\t\n\n\t\t\t\t\t\t\t\t<\/div>\t\n\n\t\t\t\t\t\t\t\t<div class=\"cards_linkwrap\">\n\n\t\t\t\t\t\t\t\t\t\n\t\t\t\t\t\t\t\t\t\t<a href=\"https:\/\/acoteq.com\/pt-br\/pecas-de-reposicao\/pecas-eletricas\/plc\/\">\n\t\t\t\t\t\t\t\t\t\t\tExplorar todas as categorias&nbsp;<i class=\"fas fa-arrow-right\"><\/i>\n\t\t\t\t\t\t\t\t\t\t<\/a>\n\n\t\t\t\t\t\t\t\t\t\t\t\t\t\n\n\t\t\t\t\t\t\t\t<\/div>\t\t\t\t\t\t\t\t\t\t\t\t\t\t\t\n\n\t\t\t\t\t\t\t<\/div>\n\n\t\t\t\t\t\t<\/div>\n\n\t\t\t\t\t<\/div>\n\n\t\t\t\t\n\t\t\t\t\t<div class=\"col-lg-4 col-md-6 card_single\">\n\n\t\t\t\t\t\t\n\t\t\t\t\t\t<div class=\"card_inner\">\n\n\t\t\t\t\t\t\t\t\t\t\t\t\t\t\t<a href=\"https:\/\/acoteq.com\/pt-br\/pecas-de-reposicao\/pecas-eletricas\/hmi\/\">\n\t\t\t\t\t\t\t\t\t<img decoding=\"async\" width=\"640\" height=\"427\" src=\"https:\/\/acoteq.com\/wp-content\/uploads\/2026\/02\/0-HMI.png-1024x683.webp\" class=\"attachment-large size-large wp-post-image\" alt=\"Category image\" loading=\"lazy\" srcset=\"https:\/\/acoteq.com\/wp-content\/uploads\/2026\/02\/0-HMI.png-1024x683.webp 1024w, https:\/\/acoteq.com\/wp-content\/uploads\/2026\/02\/0-HMI.png-300x200.webp 300w, https:\/\/acoteq.com\/wp-content\/uploads\/2026\/02\/0-HMI.png-768x512.webp 768w, https:\/\/acoteq.com\/wp-content\/uploads\/2026\/02\/0-HMI.png.webp 1536w\" sizes=\"auto, (max-width: 640px) 100vw, 640px\" \/>\t\t\t\t\t\t\t\t<\/a>\n\t\t\t\t\t\t\t\t\n\n\t\t\t\t\t\t\t<div class=\"card_information\">\t\n\n\t\t\t\t\t\t\t\t<div>\n\n\t\t\t\t\t\t\t\t\t<h3>\n\t\t\t\t\t\t\t\t\t\t<a href=\"https:\/\/acoteq.com\/pt-br\/pecas-de-reposicao\/pecas-eletricas\/hmi\/\">\n\t\t\t\t\t\t\t\t\t\t\t<b>HMI<\/b>\t\t\t\t\t\t\t\t\t\t\t\n\t\t\t\t\t\t\t\t\t\t<\/a>\n\t\t\t\t\t\t\t\t\t<\/h3>\n\n\t\t\t\t\t\t\t\t\t\t\t\t\t\t\t\t\t\t\t<ul>\n\t\t\t\t\t\t\t\t\t\t\t\t\t\t\t\t\t\t\t\t\t\t\t<li>\n\t\t\t\t\t\t\t\t\t\t\t\t\t<a href=\"https:\/\/acoteq.com\/pt-br\/pecas-de-reposicao\/pecas-eletricas\/hmi\/paineis-hmi-com-ecra-tactil\/\">\n\t\t\t\t\t\t\t\t\t\t\t\t\t\tPain\u00e9is HMI com Ecr\u00e3 T\u00e1ctil\t\t\t\t\t\t\t\t\t\t\t\t\t<\/a>\n\t\t\t\t\t\t\t\t\t\t\t\t<\/li>\n\t\t\t\t\t\t\t\t\t\t\t\t\t\t\t\t\t\t\t\t\t\t\t<li>\n\t\t\t\t\t\t\t\t\t\t\t\t\t<a href=\"https:\/\/acoteq.com\/pt-br\/pecas-de-reposicao\/pecas-eletricas\/hmi\/paineis-hmi-de-teclado\/\">\n\t\t\t\t\t\t\t\t\t\t\t\t\t\tPain\u00e9is HMI de Teclado\t\t\t\t\t\t\t\t\t\t\t\t\t<\/a>\n\t\t\t\t\t\t\t\t\t\t\t\t<\/li>\n\t\t\t\t\t\t\t\t\t\t\t\t\t\t\t\t\t\t\t\t\t\t\t<li>\n\t\t\t\t\t\t\t\t\t\t\t\t\t<a href=\"https:\/\/acoteq.com\/pt-br\/pecas-de-reposicao\/pecas-eletricas\/hmi\/paineis-hmi-moveis\/\">\n\t\t\t\t\t\t\t\t\t\t\t\t\t\tPain\u00e9is HMI M\u00f3veis\t\t\t\t\t\t\t\t\t\t\t\t\t<\/a>\n\t\t\t\t\t\t\t\t\t\t\t\t<\/li>\n\t\t\t\t\t\t\t\t\t\t\t\t\t\t\t\t\t\t\t\t\t<\/ul>\n\t\t\t\t\t\t\t\t\t\t\t\n\n\t\t\t\t\t\t\t\t<\/div>\t\n\n\t\t\t\t\t\t\t\t<div class=\"cards_linkwrap\">\n\n\t\t\t\t\t\t\t\t\t\n\t\t\t\t\t\t\t\t\t\t<a href=\"https:\/\/acoteq.com\/pt-br\/pecas-de-reposicao\/pecas-eletricas\/hmi\/\">\n\t\t\t\t\t\t\t\t\t\t\tExplorar todas as categorias&nbsp;<i class=\"fas fa-arrow-right\"><\/i>\n\t\t\t\t\t\t\t\t\t\t<\/a>\n\n\t\t\t\t\t\t\t\t\t\t\t\t\t\n\n\t\t\t\t\t\t\t\t<\/div>\t\t\t\t\t\t\t\t\t\t\t\t\t\t\t\n\n\t\t\t\t\t\t\t<\/div>\n\n\t\t\t\t\t\t<\/div>\n\n\t\t\t\t\t<\/div>\n\n\t\t\t\t\n\t\t\t\t\t<div class=\"col-lg-4 col-md-6 card_single\">\n\n\t\t\t\t\t\t\n\t\t\t\t\t\t<div class=\"card_inner\">\n\n\t\t\t\t\t\t\t\t\t\t\t\t\t\t\t<a href=\"https:\/\/acoteq.com\/pt-br\/pecas-de-reposicao\/pecas-eletricas\/acionamentos\/\">\n\t\t\t\t\t\t\t\t\t<img decoding=\"async\" width=\"640\" height=\"426\" src=\"https:\/\/acoteq.com\/wp-content\/uploads\/2026\/02\/0-Drives-1.png-1024x681.webp\" class=\"attachment-large size-large wp-post-image\" alt=\"Category image\" loading=\"lazy\" srcset=\"https:\/\/acoteq.com\/wp-content\/uploads\/2026\/02\/0-Drives-1.png-1024x681.webp 1024w, https:\/\/acoteq.com\/wp-content\/uploads\/2026\/02\/0-Drives-1.png-300x199.webp 300w, https:\/\/acoteq.com\/wp-content\/uploads\/2026\/02\/0-Drives-1.png-768x511.webp 768w, https:\/\/acoteq.com\/wp-content\/uploads\/2026\/02\/0-Drives-1.png-1536x1021.webp 1536w, https:\/\/acoteq.com\/wp-content\/uploads\/2026\/02\/0-Drives-1.png-2048x1362.webp 2048w\" sizes=\"auto, (max-width: 640px) 100vw, 640px\" \/>\t\t\t\t\t\t\t\t<\/a>\n\t\t\t\t\t\t\t\t\n\n\t\t\t\t\t\t\t<div class=\"card_information\">\t\n\n\t\t\t\t\t\t\t\t<div>\n\n\t\t\t\t\t\t\t\t\t<h3>\n\t\t\t\t\t\t\t\t\t\t<a href=\"https:\/\/acoteq.com\/pt-br\/pecas-de-reposicao\/pecas-eletricas\/acionamentos\/\">\n\t\t\t\t\t\t\t\t\t\t\t<b>Acionamentos<\/b>\t\t\t\t\t\t\t\t\t\t\t\n\t\t\t\t\t\t\t\t\t\t<\/a>\n\t\t\t\t\t\t\t\t\t<\/h3>\n\n\t\t\t\t\t\t\t\t\t\t\t\t\t\t\t\t\t\t\t<ul>\n\t\t\t\t\t\t\t\t\t\t\t\t\t\t\t\t\t\t\t\t\t\t\t<li>\n\t\t\t\t\t\t\t\t\t\t\t\t\t<a href=\"https:\/\/acoteq.com\/pt-br\/pecas-de-reposicao\/pecas-eletricas\/acionamentos\/acionamentos-dc\/\">\n\t\t\t\t\t\t\t\t\t\t\t\t\t\tAcionamentos DC\t\t\t\t\t\t\t\t\t\t\t\t\t<\/a>\n\t\t\t\t\t\t\t\t\t\t\t\t<\/li>\n\t\t\t\t\t\t\t\t\t\t\t\t\t\t\t\t\t\t\t\t\t\t\t<li>\n\t\t\t\t\t\t\t\t\t\t\t\t\t<a href=\"https:\/\/acoteq.com\/pt-br\/pecas-de-reposicao\/pecas-eletricas\/acionamentos\/acionamentos-ac\/\">\n\t\t\t\t\t\t\t\t\t\t\t\t\t\tAcionamentos AC\t\t\t\t\t\t\t\t\t\t\t\t\t<\/a>\n\t\t\t\t\t\t\t\t\t\t\t\t<\/li>\n\t\t\t\t\t\t\t\t\t\t\t\t\t\t\t\t\t\t\t\t\t\t\t<li>\n\t\t\t\t\t\t\t\t\t\t\t\t\t<a href=\"https:\/\/acoteq.com\/pt-br\/pecas-de-reposicao\/pecas-eletricas\/acionamentos\/acionamentos-servo\/\">\n\t\t\t\t\t\t\t\t\t\t\t\t\t\tAcionamentos Servo\t\t\t\t\t\t\t\t\t\t\t\t\t<\/a>\n\t\t\t\t\t\t\t\t\t\t\t\t<\/li>\n\t\t\t\t\t\t\t\t\t\t\t\t\t\t\t\t\t\t\t\t\t<\/ul>\n\t\t\t\t\t\t\t\t\t\t\t\n\n\t\t\t\t\t\t\t\t<\/div>\t\n\n\t\t\t\t\t\t\t\t<div class=\"cards_linkwrap\">\n\n\t\t\t\t\t\t\t\t\t\n\t\t\t\t\t\t\t\t\t\t<a href=\"https:\/\/acoteq.com\/pt-br\/pecas-de-reposicao\/pecas-eletricas\/acionamentos\/\">\n\t\t\t\t\t\t\t\t\t\t\tExplorar todas as categorias&nbsp;<i class=\"fas fa-arrow-right\"><\/i>\n\t\t\t\t\t\t\t\t\t\t<\/a>\n\n\t\t\t\t\t\t\t\t\t\t\t\t\t\n\n\t\t\t\t\t\t\t\t<\/div>\t\t\t\t\t\t\t\t\t\t\t\t\t\t\t\n\n\t\t\t\t\t\t\t<\/div>\n\n\t\t\t\t\t\t<\/div>\n\n\t\t\t\t\t<\/div>\n\n\t\t\t\t\t\t\t\n\n\t\t\t\t\t\t\n\n\t\t<\/div>\n\n\t<\/div>\n\n<\/section>\n<\/div><\/div>\n\n\n\n<div class=\"wp-block-group has-white-color has-text-color has-background has-link-color wp-elements-6a38e5cdd29c7555c23519c66aadc320\" style=\"background-color:#051c3c\"><div class=\"wp-block-group__inner-container is-layout-constrained wp-block-group-is-layout-constrained\"><section class=\"process\">\n\t\n\t<div class=\"container\">\n\n\t\t<div class=\"row\">\n\n\t\t\t<div class=\"col-lg-4\">\n\n\t\t\t\t<section class=\"headline\">\n\t\t\t\t\t\n\t\t\t\t\t<div class=\"container\">\n\n\t\t\t\t\t\t<div class=\"row\">\n\n\t\t\t\t\t\t\t<div class=\"col-lg-12 p-0\">\n\n\t\t\t\t\t\t\t\t<div class=\"headline_wrapper\">\n\n\t\t\t\t\t\t\t\t\t<h2><em>Como funciona <\/em><strong><span style=\"color: #c7d300;\">Solicite seu or\u00e7amento <\/span><\/strong><strong>facilmente<\/strong><\/h2>\n\n\t\t\t\t\t\t\t\t<\/div>\n\n\t\t\t\t\t\t\t<\/div>\n\n\t\t\t\t\t\t<\/div>\n\n\t\t\t\t\t<\/div>\n\n\t\t\t\t<\/section>\t\t\t\t\n\n\t\t\t<\/div>\n\n\t\t\t<div class=\"col-lg-8 process_steps\">\n\n\t\t\t\t<div class=\"process_steps_inner\">\n\n\t\t\t\t\t\n\t\t\t\t\t\t\t<div class=\"step_single\">\n\n\t\t\t\t\t\t\t\t<div class=\"step_icon\">\n\n\t\t\t\t\t\t\t\t\t<img decoding=\"async\" src=\"https:\/\/acoteq.com\/wp-content\/uploads\/2026\/02\/icons8_document.svg\" alt=\"\">\n\n\t\t\t\t\t\t\t\t<\/div>\n\n\t\t\t\t\t\t\t\t<div class=\"step_information\">\n\n\t\t\t\t\t\t\t\t\t<strong>1. Identifique sua pe\u00e7a<\/strong>\n\n\t\t\t\t\t\t\t\t\t<span>Detalhes do fabricante, n\u00famero da pe\u00e7a ou uma foto. Isso \u00e9 tudo de que precisamos.<\/span>\n\n\t\t\t\t\t\t\t\t<\/div>\t\t\t\t\t\t\n\n\t\t\t\t\t\t\t<\/div>\n\n\t\t\t\t\t\t\n\t\t\t\t\t\t\t<div class=\"step_single\">\n\n\t\t\t\t\t\t\t\t<div class=\"step_icon\">\n\n\t\t\t\t\t\t\t\t\t<img decoding=\"async\" src=\"https:\/\/acoteq.com\/wp-content\/uploads\/2026\/02\/Vector.svg\" alt=\"\">\n\n\t\t\t\t\t\t\t\t<\/div>\n\n\t\t\t\t\t\t\t\t<div class=\"step_information\">\n\n\t\t\t\t\t\t\t\t\t<strong>2. Envie sua solicita\u00e7\u00e3o<\/strong>\n\n\t\t\t\t\t\t\t\t\t<span>Envie os detalhes por meio do nosso formul\u00e1rio de contato, e-mail, Teams ou WhatsApp.<\/span>\n\n\t\t\t\t\t\t\t\t<\/div>\t\t\t\t\t\t\n\n\t\t\t\t\t\t\t<\/div>\n\n\t\t\t\t\t\t\n\t\t\t\t\t\t\t<div class=\"step_single\">\n\n\t\t\t\t\t\t\t\t<div class=\"step_icon\">\n\n\t\t\t\t\t\t\t\t\t<img decoding=\"async\" src=\"https:\/\/acoteq.com\/wp-content\/uploads\/2026\/02\/gg_check-o.svg\" alt=\"\">\n\n\t\t\t\t\t\t\t\t<\/div>\n\n\t\t\t\t\t\t\t\t<div class=\"step_information\">\n\n\t\t\t\t\t\t\t\t\t<strong>3. Receba seu or\u00e7amento<\/strong>\n\n\t\t\t\t\t\t\t\t\t<span>Enviaremos seu or\u00e7amento o mais r\u00e1pido que nossa rede de fornecimento permitir.<\/span>\n\n\t\t\t\t\t\t\t\t<\/div>\t\t\t\t\t\t\n\n\t\t\t\t\t\t\t<\/div>\n\n\t\t\t\t\t\t\t\t\t\t\t\n\n\t\t\t\t<\/div>\n\n\t\t\t<\/div>\n\n\t\t<\/div>\n\n\t<\/div>\n\n<\/section><\/div><\/div>\n\n\n\n<div class=\"wp-block-group has-white-background-color has-text-color has-background has-link-color wp-elements-cd7cf3b8b1a0e4506d767f4fe37fafc6\" style=\"color:#0e3770\"><div class=\"wp-block-group__inner-container is-layout-constrained wp-block-group-is-layout-constrained\"><section class=\"headline align-left \">\n\t\n\t<div class=\"container\">\n\n\t\t<div class=\"row\">\n\n\t\t\t<div class=\"col-lg-12\">\n\n\t\t\t\t<div class=\"headline_wrapper\">\n\n\t\t\t\t\t<h1><strong>Quais Pe\u00e7as El\u00e9tricas<\/strong>voc\u00eas oferecem?<\/h1>\n\n\t\t\t\t\t\n\t\t\t\t<\/div>\n\n\t\t\t<\/div>\n\n\t\t<\/div>\n\n\t<\/div>\n\n<\/section>\n\n\n<div style=\"height:15px\" aria-hidden=\"true\" class=\"wp-block-spacer\"><\/div>\n\n\n\n<div class=\"wp-block-columns is-layout-flex wp-container-core-columns-is-layout-9d6595d7 wp-block-columns-is-layout-flex\">\n<div class=\"wp-block-column is-layout-flow wp-block-column-is-layout-flow\"><section class=\"text \">\n\t\n\t<div class=\"container\">\n\n\t\t<div class=\"row\">\n\n\t\t\t<div class=\"col-lg-12\">\n\n\t\t\t\t<p><strong>Componentes el\u00e9tricos e de automa\u00e7\u00e3o<\/strong> s\u00e3o a espinha dorsal dos sistemas industriais modernos, permitindo controle preciso, monitoramento e otimiza\u00e7\u00e3o de m\u00e1quinas e processos. De <strong>controladores l\u00f3gicos program\u00e1veis (PLCs)<\/strong> a <strong>interfaces homem-m\u00e1quina (HMIs)<\/strong> e <strong>acionamentos de motores<\/strong>, essas tecnologias garantem maior produtividade, efici\u00eancia energ\u00e9tica e confiabilidade do sistema em setores como manufatura, energia, log\u00edstica e ind\u00fastrias de processo.<\/p>\n<p><strong>PLCs<\/strong> s\u00e3o as unidades centrais de processamento que executam opera\u00e7\u00f5es l\u00f3gicas, controle sequencial e comunica\u00e7\u00e3o entre sensores e atuadores. <strong>Pain\u00e9is HMI<\/strong> oferecem intera\u00e7\u00e3o intuitiva para o operador por meio de teclados, telas sens\u00edveis ao toque ou terminais m\u00f3veis, possibilitando monitoramento em tempo real e ajustes de par\u00e2metros. <strong>Drives<\/strong> \u2014 incluindo AC drives, DC drives e servo drives \u2014 proporcionam controle preciso do motor, melhorando a economia de energia e dando suporte a aplica\u00e7\u00f5es que exigem torque, velocidade e posicionamento precisos.<\/p>\n<p>Fornecemos <strong>equipamentos el\u00e9tricos e de automa\u00e7\u00e3o<\/strong> de fabricantes l\u00edderes como <strong>Siemens, Rockwell Automation (Allen-Bradley), Schneider Electric, ABB, Mitsubishi e Omron<\/strong>. Todos os produtos est\u00e3o dispon\u00edveis em <strong>vers\u00f5es originais e compat\u00edveis<\/strong>, abrangendo uma ampla gama de padr\u00f5es industriais, protocolos de comunica\u00e7\u00e3o (Ethernet\/IP, Profibus, Modbus, Profinet) e classes de prote\u00e7\u00e3o para opera\u00e7\u00e3o confi\u00e1vel em ambientes exigentes.<\/p>\n<p>As especifica\u00e7\u00f5es t\u00e9cnicas incluem <strong>desempenho da CPU, capacidade de I\/O, tamanho do display, classifica\u00e7\u00f5es de pot\u00eancia dos drives, faixas de tens\u00e3o de entrada\/sa\u00edda, interfaces de comunica\u00e7\u00e3o e resist\u00eancia ambiental<\/strong>. Isso garante a sele\u00e7\u00e3o adequada de unidades de controle, pain\u00e9is de opera\u00e7\u00e3o e acionamentos de motores para cada aplica\u00e7\u00e3o, desde linhas de embalagem e sistemas transportadores at\u00e9 rob\u00f3tica e gest\u00e3o de energia.<\/p>\n<p>Explore a linha completa de <strong>componentes el\u00e9tricos e de automa\u00e7\u00e3o<\/strong> para melhorar a precis\u00e3o do controle, aumentar a efici\u00eancia e viabilizar solu\u00e7\u00f5es escal\u00e1veis de automa\u00e7\u00e3o industrial.<\/p>\n\n\t\t\t<\/div>\n\n\t\t<\/div>\n\n\t<\/div>\n\n<\/section><\/div>\n\n\n\n<div class=\"wp-block-column is-layout-flow wp-block-column-is-layout-flow\"><div class=\"container\">\n\n\t<div class=\"row\">\n\n\t\t<div class=\"col-lg-12\">\n\n\t\t\t<div class=\"imagewrap\">\n\n\t\t\t\t<img decoding=\"async\" src=\"https:\/\/acoteq.com\/wp-content\/uploads\/2026\/03\/electrical-parts-e1773653183933.png\" alt=\"\">\n\n\t\t\t\t\n\t\t\t<\/div>\n\n\t\t<\/div>\n\n\t<\/div>\n\n<\/div><\/div>\n<\/div>\n<\/div><\/div>\n","protected":false},"excerpt":{"rendered":"","protected":false},"author":1,"featured_media":4063,"parent":4086,"menu_order":0,"comment_status":"closed","ping_status":"closed","template":"","meta":{"_acf_changed":false,"footnotes":""},"class_list":["post-4062","page","type-page","status-publish","has-post-thumbnail","hentry"],"acf":[],"yoast_head":"<!-- This site is optimized with the Yoast SEO plugin v27.4 - https:\/\/yoast.com\/product\/yoast-seo-wordpress\/ -->\n<title>Pe\u00e7as El\u00e9tricas | Pe\u00e7as de Reposi\u00e7\u00e3o | ACOTEQ<\/title>\n<meta name=\"robots\" content=\"index, follow, max-snippet:-1, max-image-preview:large, max-video-preview:-1\" \/>\n<link rel=\"canonical\" href=\"https:\/\/acoteq.com\/pt-br\/pecas-de-reposicao\/pecas-eletricas\/\" \/>\n<meta property=\"og:locale\" content=\"pt_BR\" \/>\n<meta property=\"og:type\" content=\"article\" \/>\n<meta property=\"og:title\" content=\"Pe\u00e7as El\u00e9tricas | Pe\u00e7as de Reposi\u00e7\u00e3o | ACOTEQ\" \/>\n<meta property=\"og:url\" content=\"https:\/\/acoteq.com\/pt-br\/pecas-de-reposicao\/pecas-eletricas\/\" \/>\n<meta property=\"og:site_name\" content=\"ACOTEQ\" \/>\n<meta property=\"article:modified_time\" content=\"2026-03-19T16:07:58+00:00\" \/>\n<meta property=\"og:image\" content=\"https:\/\/acoteq.com\/wp-content\/uploads\/2026\/02\/Electrical-Electronic-Parts-1-1.png.webp\" \/>\n\t<meta property=\"og:image:width\" content=\"2246\" \/>\n\t<meta property=\"og:image:height\" content=\"1494\" \/>\n\t<meta property=\"og:image:type\" content=\"image\/webp\" \/>\n<meta name=\"twitter:card\" content=\"summary_large_image\" \/>\n<meta name=\"twitter:label1\" content=\"Est. tempo de leitura\" \/>\n\t<meta name=\"twitter:data1\" content=\"1 minuto\" \/>\n<script type=\"application\/ld+json\" class=\"yoast-schema-graph\">{\"@context\":\"https:\\\/\\\/schema.org\",\"@graph\":[{\"@type\":\"WebPage\",\"@id\":\"https:\\\/\\\/acoteq.com\\\/pt-br\\\/pecas-de-reposicao\\\/pecas-eletricas\\\/\",\"url\":\"https:\\\/\\\/acoteq.com\\\/pt-br\\\/pecas-de-reposicao\\\/pecas-eletricas\\\/\",\"name\":\"Pe\u00e7as El\u00e9tricas | Pe\u00e7as de Reposi\u00e7\u00e3o | ACOTEQ\",\"isPartOf\":{\"@id\":\"https:\\\/\\\/acoteq.com\\\/pt-br\\\/#website\"},\"primaryImageOfPage\":{\"@id\":\"https:\\\/\\\/acoteq.com\\\/pt-br\\\/pecas-de-reposicao\\\/pecas-eletricas\\\/#primaryimage\"},\"image\":{\"@id\":\"https:\\\/\\\/acoteq.com\\\/pt-br\\\/pecas-de-reposicao\\\/pecas-eletricas\\\/#primaryimage\"},\"thumbnailUrl\":\"https:\\\/\\\/acoteq.com\\\/wp-content\\\/uploads\\\/2026\\\/02\\\/Electrical-Electronic-Parts-1-1.png.webp\",\"datePublished\":\"2026-02-11T12:30:48+00:00\",\"dateModified\":\"2026-03-19T16:07:58+00:00\",\"breadcrumb\":{\"@id\":\"https:\\\/\\\/acoteq.com\\\/pt-br\\\/pecas-de-reposicao\\\/pecas-eletricas\\\/#breadcrumb\"},\"inLanguage\":\"pt-BR\",\"potentialAction\":[{\"@type\":\"ReadAction\",\"target\":[\"https:\\\/\\\/acoteq.com\\\/pt-br\\\/pecas-de-reposicao\\\/pecas-eletricas\\\/\"]}]},{\"@type\":\"ImageObject\",\"inLanguage\":\"pt-BR\",\"@id\":\"https:\\\/\\\/acoteq.com\\\/pt-br\\\/pecas-de-reposicao\\\/pecas-eletricas\\\/#primaryimage\",\"url\":\"https:\\\/\\\/acoteq.com\\\/wp-content\\\/uploads\\\/2026\\\/02\\\/Electrical-Electronic-Parts-1-1.png.webp\",\"contentUrl\":\"https:\\\/\\\/acoteq.com\\\/wp-content\\\/uploads\\\/2026\\\/02\\\/Electrical-Electronic-Parts-1-1.png.webp\",\"width\":2246,\"height\":1494},{\"@type\":\"BreadcrumbList\",\"@id\":\"https:\\\/\\\/acoteq.com\\\/pt-br\\\/pecas-de-reposicao\\\/pecas-eletricas\\\/#breadcrumb\",\"itemListElement\":[{\"@type\":\"ListItem\",\"position\":1,\"name\":\"Home\",\"item\":\"https:\\\/\\\/acoteq.com\\\/pt-br\\\/\"},{\"@type\":\"ListItem\",\"position\":2,\"name\":\"Pe\u00e7as de Reposi\u00e7\u00e3o\",\"item\":\"https:\\\/\\\/acoteq.com\\\/pt-br\\\/pecas-de-reposicao\\\/\"},{\"@type\":\"ListItem\",\"position\":3,\"name\":\"Pe\u00e7as El\u00e9tricas\"}]},{\"@type\":\"WebSite\",\"@id\":\"https:\\\/\\\/acoteq.com\\\/pt-br\\\/#website\",\"url\":\"https:\\\/\\\/acoteq.com\\\/pt-br\\\/\",\"name\":\"ACOTEQ\",\"description\":\"\",\"potentialAction\":[{\"@type\":\"SearchAction\",\"target\":{\"@type\":\"EntryPoint\",\"urlTemplate\":\"https:\\\/\\\/acoteq.com\\\/pt-br\\\/?s={search_term_string}\"},\"query-input\":{\"@type\":\"PropertyValueSpecification\",\"valueRequired\":true,\"valueName\":\"search_term_string\"}}],\"inLanguage\":\"pt-BR\"}]}<\/script>\n<!-- \/ Yoast SEO plugin. -->","yoast_head_json":{"title":"Pe\u00e7as El\u00e9tricas | Pe\u00e7as de Reposi\u00e7\u00e3o | ACOTEQ","robots":{"index":"index","follow":"follow","max-snippet":"max-snippet:-1","max-image-preview":"max-image-preview:large","max-video-preview":"max-video-preview:-1"},"canonical":"https:\/\/acoteq.com\/pt-br\/pecas-de-reposicao\/pecas-eletricas\/","og_locale":"pt_BR","og_type":"article","og_title":"Pe\u00e7as El\u00e9tricas | Pe\u00e7as de Reposi\u00e7\u00e3o | ACOTEQ","og_url":"https:\/\/acoteq.com\/pt-br\/pecas-de-reposicao\/pecas-eletricas\/","og_site_name":"ACOTEQ","article_modified_time":"2026-03-19T16:07:58+00:00","og_image":[{"width":2246,"height":1494,"url":"https:\/\/acoteq.com\/wp-content\/uploads\/2026\/02\/Electrical-Electronic-Parts-1-1.png.webp","type":"image\/webp"}],"twitter_card":"summary_large_image","twitter_misc":{"Est. tempo de leitura":"1 minuto"},"schema":{"@context":"https:\/\/schema.org","@graph":[{"@type":"WebPage","@id":"https:\/\/acoteq.com\/pt-br\/pecas-de-reposicao\/pecas-eletricas\/","url":"https:\/\/acoteq.com\/pt-br\/pecas-de-reposicao\/pecas-eletricas\/","name":"Pe\u00e7as El\u00e9tricas | Pe\u00e7as de Reposi\u00e7\u00e3o | ACOTEQ","isPartOf":{"@id":"https:\/\/acoteq.com\/pt-br\/#website"},"primaryImageOfPage":{"@id":"https:\/\/acoteq.com\/pt-br\/pecas-de-reposicao\/pecas-eletricas\/#primaryimage"},"image":{"@id":"https:\/\/acoteq.com\/pt-br\/pecas-de-reposicao\/pecas-eletricas\/#primaryimage"},"thumbnailUrl":"https:\/\/acoteq.com\/wp-content\/uploads\/2026\/02\/Electrical-Electronic-Parts-1-1.png.webp","datePublished":"2026-02-11T12:30:48+00:00","dateModified":"2026-03-19T16:07:58+00:00","breadcrumb":{"@id":"https:\/\/acoteq.com\/pt-br\/pecas-de-reposicao\/pecas-eletricas\/#breadcrumb"},"inLanguage":"pt-BR","potentialAction":[{"@type":"ReadAction","target":["https:\/\/acoteq.com\/pt-br\/pecas-de-reposicao\/pecas-eletricas\/"]}]},{"@type":"ImageObject","inLanguage":"pt-BR","@id":"https:\/\/acoteq.com\/pt-br\/pecas-de-reposicao\/pecas-eletricas\/#primaryimage","url":"https:\/\/acoteq.com\/wp-content\/uploads\/2026\/02\/Electrical-Electronic-Parts-1-1.png.webp","contentUrl":"https:\/\/acoteq.com\/wp-content\/uploads\/2026\/02\/Electrical-Electronic-Parts-1-1.png.webp","width":2246,"height":1494},{"@type":"BreadcrumbList","@id":"https:\/\/acoteq.com\/pt-br\/pecas-de-reposicao\/pecas-eletricas\/#breadcrumb","itemListElement":[{"@type":"ListItem","position":1,"name":"Home","item":"https:\/\/acoteq.com\/pt-br\/"},{"@type":"ListItem","position":2,"name":"Pe\u00e7as de Reposi\u00e7\u00e3o","item":"https:\/\/acoteq.com\/pt-br\/pecas-de-reposicao\/"},{"@type":"ListItem","position":3,"name":"Pe\u00e7as El\u00e9tricas"}]},{"@type":"WebSite","@id":"https:\/\/acoteq.com\/pt-br\/#website","url":"https:\/\/acoteq.com\/pt-br\/","name":"ACOTEQ","description":"","potentialAction":[{"@type":"SearchAction","target":{"@type":"EntryPoint","urlTemplate":"https:\/\/acoteq.com\/pt-br\/?s={search_term_string}"},"query-input":{"@type":"PropertyValueSpecification","valueRequired":true,"valueName":"search_term_string"}}],"inLanguage":"pt-BR"}]}},"_links":{"self":[{"href":"https:\/\/acoteq.com\/pt-br\/wp-json\/wp\/v2\/pages\/4062","targetHints":{"allow":["GET"]}}],"collection":[{"href":"https:\/\/acoteq.com\/pt-br\/wp-json\/wp\/v2\/pages"}],"about":[{"href":"https:\/\/acoteq.com\/pt-br\/wp-json\/wp\/v2\/types\/page"}],"author":[{"embeddable":true,"href":"https:\/\/acoteq.com\/pt-br\/wp-json\/wp\/v2\/users\/1"}],"replies":[{"embeddable":true,"href":"https:\/\/acoteq.com\/pt-br\/wp-json\/wp\/v2\/comments?post=4062"}],"version-history":[{"count":8,"href":"https:\/\/acoteq.com\/pt-br\/wp-json\/wp\/v2\/pages\/4062\/revisions"}],"predecessor-version":[{"id":8710,"href":"https:\/\/acoteq.com\/pt-br\/wp-json\/wp\/v2\/pages\/4062\/revisions\/8710"}],"up":[{"embeddable":true,"href":"https:\/\/acoteq.com\/pt-br\/wp-json\/wp\/v2\/pages\/4086"}],"wp:featuredmedia":[{"embeddable":true,"href":"https:\/\/acoteq.com\/pt-br\/wp-json\/wp\/v2\/media\/4063"}],"wp:attachment":[{"href":"https:\/\/acoteq.com\/pt-br\/wp-json\/wp\/v2\/media?parent=4062"}],"curies":[{"name":"wp","href":"https:\/\/api.w.org\/{rel}","templated":true}]}}