{"id":4070,"date":"2026-02-11T13:30:11","date_gmt":"2026-02-11T12:30:11","guid":{"rendered":"https:\/\/acoteq.com\/custom-parts\/"},"modified":"2026-03-19T17:09:30","modified_gmt":"2026-03-19T16:09:30","slug":"pecas-sob-medida","status":"publish","type":"page","link":"https:\/\/acoteq.com\/pt-br\/pecas-de-reposicao\/pecas-sob-medida\/","title":{"rendered":"Pe\u00e7as sob medida"},"content":{"rendered":"<section class=\"cta\">\n\t\n\t<div class=\"container\">\n\n\t\t<div class=\"row\">\n\n\t\t\t<div class=\"col-lg-12\">\n\n\t\t\t\t<div class=\"cta_inner\">\n\n\t\t\t\t\t<div>\n\n\t\t\t\t\t\t<span class=\"pre_headline\"><i class=\"fas fa-search\"><\/i>&nbsp;ESPECIALISTAS EM SUPRIMENTOS GLOBAIS<\/span>\n\n\t\t\t\t\t\t<p><strong><em>N\u00c3O ENCONTRA<\/em> A SUA PE\u00c7A?<\/strong><\/p>\n<p>Nosso cat\u00e1logo online mostra apenas 5% de nossas capacidades de fornecimento.<br \/>\n<strong>Deixe que nossos especialistas encontrem exatamente o que voc\u00ea precisa.<\/strong><\/p>\n\n\t\t\t\t\t<\/div>\n\n\t\t\t\t\t<div>\n\n\t\t\t\t\t\t\n\t\t\t\t\t\t\t<a class=\"button light\" href=\"#contact\" target=\"\">SOLICITAR UM OR\u00c7AMENTO&nbsp;<i class=\"fas fa-arrow-right\"><\/i><\/a>\n\n\t\t\t\t\t\t\n\t\t\t\t\t<\/div>\n\n\t\t\t\t\t<i class=\"fas fa-times close_cta\"><\/i>\n\n\t\t\t\t<\/div>\n\n\t\t\t<\/div>\n\n\t\t<\/div>\n\n\t<\/div>\n\n<\/section>\n\n\n<div style=\"height:75px\" aria-hidden=\"true\" class=\"wp-block-spacer\"><\/div>\n\n\n<div class=\"yoast-breadcrumbs\"><span><span><a href=\"https:\/\/acoteq.com\/pt-br\/\"><i class=\"fas fa-home\">Home<\/i><\/a><\/span> \/ <span><a href=\"https:\/\/acoteq.com\/pt-br\/pecas-de-reposicao\/\">Pe\u00e7as de Reposi\u00e7\u00e3o<\/a><\/span> \/ <span class=\"breadcrumb_last\" aria-current=\"page\">Pe\u00e7as sob medida<\/span><\/span><\/div>\n\n\n<div class=\"wp-block-group has-white-background-color has-text-color has-background has-link-color wp-elements-b92e509d4ec1f232a736cf56bbff4769\" style=\"color:#0e3770\"><div class=\"wp-block-group__inner-container is-layout-constrained wp-block-group-is-layout-constrained\"><section class=\"headline align-left \">\n\t\n\t<div class=\"container\">\n\n\t\t<div class=\"row\">\n\n\t\t\t<div class=\"col-lg-12\">\n\n\t\t\t\t<div class=\"headline_wrapper\">\n\n\t\t\t\t\t<h1>Pe\u00e7as <strong>sob medida<\/strong><\/h1>\n\n\t\t\t\t\t\n\t\t\t\t<\/div>\n\n\t\t\t<\/div>\n\n\t\t<\/div>\n\n\t<\/div>\n\n<\/section>\n\n\n<div style=\"height:50px\" aria-hidden=\"true\" class=\"wp-block-spacer\"><\/div>\n\n\n<section class=\"cards\">\n\t\n\t<div class=\"container\">\n\n\t\t<div class=\"row\">\n\n\t\t\t\n\t\t\t\t\n\t\t\t\t\t<div class=\"col-lg-4 col-md-6 card_single\">\n\n\t\t\t\t\t\t\n\t\t\t\t\t\t<div class=\"card_inner\">\n\n\t\t\t\t\t\t\t\t\t\t\t\t\t\t\t<a href=\"https:\/\/acoteq.com\/pt-br\/pecas-de-reposicao\/pecas-sob-medida\/fabricacao-sob-medida\/\">\n\t\t\t\t\t\t\t\t\t<img decoding=\"async\" width=\"640\" height=\"427\" src=\"https:\/\/acoteq.com\/wp-content\/uploads\/2026\/02\/1-Custom-Manufacturing-1.png-1024x683.webp\" class=\"attachment-large size-large wp-post-image\" alt=\"Category image\" loading=\"lazy\" srcset=\"https:\/\/acoteq.com\/wp-content\/uploads\/2026\/02\/1-Custom-Manufacturing-1.png-1024x683.webp 1024w, https:\/\/acoteq.com\/wp-content\/uploads\/2026\/02\/1-Custom-Manufacturing-1.png-300x200.webp 300w, https:\/\/acoteq.com\/wp-content\/uploads\/2026\/02\/1-Custom-Manufacturing-1.png-768x512.webp 768w, https:\/\/acoteq.com\/wp-content\/uploads\/2026\/02\/1-Custom-Manufacturing-1.png.webp 1536w\" sizes=\"auto, (max-width: 640px) 100vw, 640px\" \/>\t\t\t\t\t\t\t\t<\/a>\n\t\t\t\t\t\t\t\t\n\n\t\t\t\t\t\t\t<div class=\"card_information\">\t\n\n\t\t\t\t\t\t\t\t<div>\n\n\t\t\t\t\t\t\t\t\t<h3>\n\t\t\t\t\t\t\t\t\t\t<a href=\"https:\/\/acoteq.com\/pt-br\/pecas-de-reposicao\/pecas-sob-medida\/fabricacao-sob-medida\/\">\n\t\t\t\t\t\t\t\t\t\t\t<b>Fabrica\u00e7\u00e3o<\/b> Sob Medida\t\t\t\t\t\t\t\t\t\t\t\n\t\t\t\t\t\t\t\t\t\t<\/a>\n\t\t\t\t\t\t\t\t\t<\/h3>\n\n\t\t\t\t\t\t\t\t\t\t\t\n\n\t\t\t\t\t\t\t\t<\/div>\t\n\n\t\t\t\t\t\t\t\t<div class=\"cards_linkwrap\">\n\n\t\t\t\t\t\t\t\t\t\t\t\t\t\t\t\t\t\t\t\n\t\t\t\t\t\t\t\t\t\t<a href=\"https:\/\/acoteq.com\/pt-br\/pecas-de-reposicao\/pecas-sob-medida\/fabricacao-sob-medida\/\">\n\t\t\t\t\t\t\t\t\t\t\tVer categoria&nbsp;<i class=\"fas fa-arrow-right\"><\/i>\n\t\t\t\t\t\t\t\t\t\t<\/a>\t\t\t\t\t\t\t\t\t\t\n\n\t\t\t\t\t\t\t\t\t\t\t\t\t\n\n\t\t\t\t\t\t\t\t<\/div>\t\t\t\t\t\t\t\t\t\t\t\t\t\t\t\n\n\t\t\t\t\t\t\t<\/div>\n\n\t\t\t\t\t\t<\/div>\n\n\t\t\t\t\t<\/div>\n\n\t\t\t\t\n\t\t\t\t\t<div class=\"col-lg-4 col-md-6 card_single\">\n\n\t\t\t\t\t\t\n\t\t\t\t\t\t<div class=\"card_inner\">\n\n\t\t\t\t\t\t\t\t\t\t\t\t\t\t\t<a href=\"https:\/\/acoteq.com\/pt-br\/pecas-de-reposicao\/pecas-sob-medida\/engenharia-reversa\/\">\n\t\t\t\t\t\t\t\t\t<img decoding=\"async\" width=\"640\" height=\"427\" src=\"https:\/\/acoteq.com\/wp-content\/uploads\/2026\/02\/2-Reverse-Engineering-1-2.png.webp\" class=\"attachment-large size-large wp-post-image\" alt=\"Category image\" loading=\"lazy\" srcset=\"https:\/\/acoteq.com\/wp-content\/uploads\/2026\/02\/2-Reverse-Engineering-1-2.png.webp 914w, https:\/\/acoteq.com\/wp-content\/uploads\/2026\/02\/2-Reverse-Engineering-1-2.png-300x200.webp 300w, https:\/\/acoteq.com\/wp-content\/uploads\/2026\/02\/2-Reverse-Engineering-1-2.png-768x513.webp 768w\" sizes=\"auto, (max-width: 640px) 100vw, 640px\" \/>\t\t\t\t\t\t\t\t<\/a>\n\t\t\t\t\t\t\t\t\n\n\t\t\t\t\t\t\t<div class=\"card_information\">\t\n\n\t\t\t\t\t\t\t\t<div>\n\n\t\t\t\t\t\t\t\t\t<h3>\n\t\t\t\t\t\t\t\t\t\t<a href=\"https:\/\/acoteq.com\/pt-br\/pecas-de-reposicao\/pecas-sob-medida\/engenharia-reversa\/\">\n\t\t\t\t\t\t\t\t\t\t\t<b>Engenharia<\/b> Reversa\t\t\t\t\t\t\t\t\t\t\t\n\t\t\t\t\t\t\t\t\t\t<\/a>\n\t\t\t\t\t\t\t\t\t<\/h3>\n\n\t\t\t\t\t\t\t\t\t\t\t\n\n\t\t\t\t\t\t\t\t<\/div>\t\n\n\t\t\t\t\t\t\t\t<div class=\"cards_linkwrap\">\n\n\t\t\t\t\t\t\t\t\t\t\t\t\t\t\t\t\t\t\t\n\t\t\t\t\t\t\t\t\t\t<a href=\"https:\/\/acoteq.com\/pt-br\/pecas-de-reposicao\/pecas-sob-medida\/engenharia-reversa\/\">\n\t\t\t\t\t\t\t\t\t\t\tVer categoria&nbsp;<i class=\"fas fa-arrow-right\"><\/i>\n\t\t\t\t\t\t\t\t\t\t<\/a>\t\t\t\t\t\t\t\t\t\t\n\n\t\t\t\t\t\t\t\t\t\t\t\t\t\n\n\t\t\t\t\t\t\t\t<\/div>\t\t\t\t\t\t\t\t\t\t\t\t\t\t\t\n\n\t\t\t\t\t\t\t<\/div>\n\n\t\t\t\t\t\t<\/div>\n\n\t\t\t\t\t<\/div>\n\n\t\t\t\t\n\t\t\t\t\t<div class=\"col-lg-4 col-md-6 card_single\">\n\n\t\t\t\t\t\t\n\t\t\t\t\t\t<div class=\"card_inner\">\n\n\t\t\t\t\t\t\t\t\t\t\t\t\t\t\t<a href=\"https:\/\/acoteq.com\/pt-br\/pecas-de-reposicao\/pecas-sob-medida\/pecas-melhoradas\/\">\n\t\t\t\t\t\t\t\t\t<img decoding=\"async\" width=\"640\" height=\"427\" src=\"https:\/\/acoteq.com\/wp-content\/uploads\/2026\/02\/3-Customized-Parts-2.png-1024x683.webp\" class=\"attachment-large size-large wp-post-image\" alt=\"Category image\" loading=\"lazy\" srcset=\"https:\/\/acoteq.com\/wp-content\/uploads\/2026\/02\/3-Customized-Parts-2.png-1024x683.webp 1024w, https:\/\/acoteq.com\/wp-content\/uploads\/2026\/02\/3-Customized-Parts-2.png-300x200.webp 300w, https:\/\/acoteq.com\/wp-content\/uploads\/2026\/02\/3-Customized-Parts-2.png-768x512.webp 768w, https:\/\/acoteq.com\/wp-content\/uploads\/2026\/02\/3-Customized-Parts-2.png.webp 1536w\" sizes=\"auto, (max-width: 640px) 100vw, 640px\" \/>\t\t\t\t\t\t\t\t<\/a>\n\t\t\t\t\t\t\t\t\n\n\t\t\t\t\t\t\t<div class=\"card_information\">\t\n\n\t\t\t\t\t\t\t\t<div>\n\n\t\t\t\t\t\t\t\t\t<h3>\n\t\t\t\t\t\t\t\t\t\t<a href=\"https:\/\/acoteq.com\/pt-br\/pecas-de-reposicao\/pecas-sob-medida\/pecas-melhoradas\/\">\n\t\t\t\t\t\t\t\t\t\t\t<b>Pe\u00e7as<\/b> Melhoradas\t\t\t\t\t\t\t\t\t\t\t\n\t\t\t\t\t\t\t\t\t\t<\/a>\n\t\t\t\t\t\t\t\t\t<\/h3>\n\n\t\t\t\t\t\t\t\t\t\t\t\n\n\t\t\t\t\t\t\t\t<\/div>\t\n\n\t\t\t\t\t\t\t\t<div class=\"cards_linkwrap\">\n\n\t\t\t\t\t\t\t\t\t\t\t\t\t\t\t\t\t\t\t\n\t\t\t\t\t\t\t\t\t\t<a href=\"https:\/\/acoteq.com\/pt-br\/pecas-de-reposicao\/pecas-sob-medida\/pecas-melhoradas\/\">\n\t\t\t\t\t\t\t\t\t\t\tVer categoria&nbsp;<i class=\"fas fa-arrow-right\"><\/i>\n\t\t\t\t\t\t\t\t\t\t<\/a>\t\t\t\t\t\t\t\t\t\t\n\n\t\t\t\t\t\t\t\t\t\t\t\t\t\n\n\t\t\t\t\t\t\t\t<\/div>\t\t\t\t\t\t\t\t\t\t\t\t\t\t\t\n\n\t\t\t\t\t\t\t<\/div>\n\n\t\t\t\t\t\t<\/div>\n\n\t\t\t\t\t<\/div>\n\n\t\t\t\t\t\t\t\n\n\t\t\t\t\t\t\n\n\t\t<\/div>\n\n\t<\/div>\n\n<\/section>\n<\/div><\/div>\n\n\n\n<div class=\"wp-block-group has-white-color has-text-color has-background has-link-color wp-elements-6a38e5cdd29c7555c23519c66aadc320\" style=\"background-color:#051c3c\"><div class=\"wp-block-group__inner-container is-layout-constrained wp-block-group-is-layout-constrained\"><section class=\"process\">\n\t\n\t<div class=\"container\">\n\n\t\t<div class=\"row\">\n\n\t\t\t<div class=\"col-lg-4\">\n\n\t\t\t\t<section class=\"headline\">\n\t\t\t\t\t\n\t\t\t\t\t<div class=\"container\">\n\n\t\t\t\t\t\t<div class=\"row\">\n\n\t\t\t\t\t\t\t<div class=\"col-lg-12 p-0\">\n\n\t\t\t\t\t\t\t\t<div class=\"headline_wrapper\">\n\n\t\t\t\t\t\t\t\t\t<h2><em>Como funciona <\/em><strong><span style=\"color: #c7d300;\">Solicite seu or\u00e7amento <\/span><\/strong><strong>facilmente<\/strong><\/h2>\n\n\t\t\t\t\t\t\t\t<\/div>\n\n\t\t\t\t\t\t\t<\/div>\n\n\t\t\t\t\t\t<\/div>\n\n\t\t\t\t\t<\/div>\n\n\t\t\t\t<\/section>\t\t\t\t\n\n\t\t\t<\/div>\n\n\t\t\t<div class=\"col-lg-8 process_steps\">\n\n\t\t\t\t<div class=\"process_steps_inner\">\n\n\t\t\t\t\t\n\t\t\t\t\t\t\t<div class=\"step_single\">\n\n\t\t\t\t\t\t\t\t<div class=\"step_icon\">\n\n\t\t\t\t\t\t\t\t\t<img decoding=\"async\" src=\"https:\/\/acoteq.com\/wp-content\/uploads\/2026\/02\/icons8_document.svg\" alt=\"\">\n\n\t\t\t\t\t\t\t\t<\/div>\n\n\t\t\t\t\t\t\t\t<div class=\"step_information\">\n\n\t\t\t\t\t\t\t\t\t<strong>1. Identifique sua pe\u00e7a<\/strong>\n\n\t\t\t\t\t\t\t\t\t<span>Detalhes do fabricante, n\u00famero da pe\u00e7a ou uma foto. Isso \u00e9 tudo de que precisamos.<\/span>\n\n\t\t\t\t\t\t\t\t<\/div>\t\t\t\t\t\t\n\n\t\t\t\t\t\t\t<\/div>\n\n\t\t\t\t\t\t\n\t\t\t\t\t\t\t<div class=\"step_single\">\n\n\t\t\t\t\t\t\t\t<div class=\"step_icon\">\n\n\t\t\t\t\t\t\t\t\t<img decoding=\"async\" src=\"https:\/\/acoteq.com\/wp-content\/uploads\/2026\/02\/Vector.svg\" alt=\"\">\n\n\t\t\t\t\t\t\t\t<\/div>\n\n\t\t\t\t\t\t\t\t<div class=\"step_information\">\n\n\t\t\t\t\t\t\t\t\t<strong>2. Envie sua solicita\u00e7\u00e3o<\/strong>\n\n\t\t\t\t\t\t\t\t\t<span>Envie os detalhes por meio do nosso formul\u00e1rio de contato, e-mail, Teams ou WhatsApp.<\/span>\n\n\t\t\t\t\t\t\t\t<\/div>\t\t\t\t\t\t\n\n\t\t\t\t\t\t\t<\/div>\n\n\t\t\t\t\t\t\n\t\t\t\t\t\t\t<div class=\"step_single\">\n\n\t\t\t\t\t\t\t\t<div class=\"step_icon\">\n\n\t\t\t\t\t\t\t\t\t<img decoding=\"async\" src=\"https:\/\/acoteq.com\/wp-content\/uploads\/2026\/02\/gg_check-o.svg\" alt=\"\">\n\n\t\t\t\t\t\t\t\t<\/div>\n\n\t\t\t\t\t\t\t\t<div class=\"step_information\">\n\n\t\t\t\t\t\t\t\t\t<strong>3. Receba seu or\u00e7amento<\/strong>\n\n\t\t\t\t\t\t\t\t\t<span>Enviaremos seu or\u00e7amento o mais r\u00e1pido que nossa rede de fornecimento permitir.<\/span>\n\n\t\t\t\t\t\t\t\t<\/div>\t\t\t\t\t\t\n\n\t\t\t\t\t\t\t<\/div>\n\n\t\t\t\t\t\t\t\t\t\t\t\n\n\t\t\t\t<\/div>\n\n\t\t\t<\/div>\n\n\t\t<\/div>\n\n\t<\/div>\n\n<\/section><\/div><\/div>\n\n\n\n<div class=\"wp-block-group has-white-background-color has-text-color has-background has-link-color wp-elements-fd54e9b1968ad05f510ccdf693cf5d39\" style=\"color:#0e3770\"><div class=\"wp-block-group__inner-container is-layout-constrained wp-block-group-is-layout-constrained\"><section class=\"headline align-left \">\n\t\n\t<div class=\"container\">\n\n\t\t<div class=\"row\">\n\n\t\t\t<div class=\"col-lg-12\">\n\n\t\t\t\t<div class=\"headline_wrapper\">\n\n\t\t\t\t\t<h1><strong>Quais pe\u00e7as sob medida<\/strong>\u00a0voc\u00eas oferecem?<\/h1>\n\n\t\t\t\t\t\n\t\t\t\t<\/div>\n\n\t\t\t<\/div>\n\n\t\t<\/div>\n\n\t<\/div>\n\n<\/section>\n\n\n<div style=\"height:15px\" aria-hidden=\"true\" class=\"wp-block-spacer\"><\/div>\n\n\n\n<div class=\"wp-block-columns is-layout-flex wp-container-core-columns-is-layout-9d6595d7 wp-block-columns-is-layout-flex\">\n<div class=\"wp-block-column is-layout-flow wp-block-column-is-layout-flow\"><section class=\"text \">\n\t\n\t<div class=\"container\">\n\n\t\t<div class=\"row\">\n\n\t\t\t<div class=\"col-lg-12\">\n\n\t\t\t\t<p><strong>Pe\u00e7as de reposi\u00e7\u00e3o personalizadas<\/strong> s\u00e3o essenciais para ind\u00fastrias que exigem solu\u00e7\u00f5es sob medida al\u00e9m dos itens padr\u00e3o de cat\u00e1logo. Por meio de <strong>fabrica\u00e7\u00e3o personalizada<\/strong>, <strong>engenharia reversa<\/strong> e <strong>projetos aprimorados<\/strong>, as empresas podem alcan\u00e7ar compatibilidade perfeita, maior durabilidade e desempenho otimizado em aplica\u00e7\u00f5es exigentes. Se voc\u00ea precisa de substitui\u00e7\u00f5es para componentes descontinuados ou de atualiza\u00e7\u00f5es especializadas para aumentar a efici\u00eancia do sistema, as pe\u00e7as personalizadas oferecem a precis\u00e3o e a confiabilidade que sua opera\u00e7\u00e3o exige.<\/p>\n<p>A <strong>fabrica\u00e7\u00e3o personalizada<\/strong> permite a produ\u00e7\u00e3o de pe\u00e7as unit\u00e1rias ou em lotes para m\u00e1quinas espec\u00edficas, adaptando-se a geometrias exclusivas, acabamentos superficiais ou requisitos de material. A <strong>engenharia reversa<\/strong> nos permite reproduzir componentes descontinuados ou dif\u00edceis de encontrar com precis\u00e3o dimensional exata, prolongando o ciclo de vida do seu equipamento. As <strong>pe\u00e7as de reposi\u00e7\u00e3o aprimoradas<\/strong> incorporam melhorias de projeto \u2014 como ligas atualizadas, revestimentos resistentes ao desgaste ou toler\u00e2ncias mais rigorosas \u2014 para aumentar a confiabilidade e reduzir o tempo de inatividade.<\/p>\n<p>Nossa equipe de engenharia auxilia os clientes com <strong>modelagem 3D, sele\u00e7\u00e3o de materiais, valida\u00e7\u00e3o de prot\u00f3tipos<\/strong> e <strong>testes de desempenho<\/strong> para garantir que cada pe\u00e7a atenda \u00e0s exig\u00eancias operacionais. De componentes hidr\u00e1ulicos e pneum\u00e1ticos a pe\u00e7as mec\u00e2nicas, eletr\u00f4nicas e \u00e0 base de pl\u00e1stico, nossas solu\u00e7\u00f5es personalizadas garantem encaixe perfeito e longa vida \u00fatil.<\/p>\n<p>Solicite um or\u00e7amento hoje mesmo e descubra como nossas <strong>pe\u00e7as de reposi\u00e7\u00e3o personalizadas<\/strong> podem reduzir prazos de entrega, cortar custos de manuten\u00e7\u00e3o e ampliar a efici\u00eancia dos seus sistemas.<\/p>\n\n\t\t\t<\/div>\n\n\t\t<\/div>\n\n\t<\/div>\n\n<\/section><\/div>\n\n\n\n<div class=\"wp-block-column is-layout-flow wp-block-column-is-layout-flow\"><div class=\"container\">\n\n\t<div class=\"row\">\n\n\t\t<div class=\"col-lg-12\">\n\n\t\t\t<div class=\"imagewrap\">\n\n\t\t\t\t<img decoding=\"async\" src=\"https:\/\/acoteq.com\/wp-content\/uploads\/2026\/03\/custom-parts-e1773660851343.png\" alt=\"\">\n\n\t\t\t\t\n\t\t\t<\/div>\n\n\t\t<\/div>\n\n\t<\/div>\n\n<\/div><\/div>\n<\/div>\n<\/div><\/div>\n","protected":false},"excerpt":{"rendered":"","protected":false},"author":1,"featured_media":4071,"parent":4086,"menu_order":0,"comment_status":"closed","ping_status":"closed","template":"","meta":{"_acf_changed":false,"footnotes":""},"class_list":["post-4070","page","type-page","status-publish","has-post-thumbnail","hentry"],"acf":[],"yoast_head":"<!-- This site is optimized with the Yoast SEO plugin v27.4 - https:\/\/yoast.com\/product\/yoast-seo-wordpress\/ -->\n<title>Pe\u00e7as Sob Medida | Pe\u00e7as de Reposi\u00e7\u00e3o | ACOTEQ<\/title>\n<meta name=\"robots\" content=\"index, follow, max-snippet:-1, max-image-preview:large, max-video-preview:-1\" \/>\n<link rel=\"canonical\" href=\"https:\/\/acoteq.com\/pt-br\/pecas-de-reposicao\/pecas-sob-medida\/\" \/>\n<meta property=\"og:locale\" content=\"pt_BR\" \/>\n<meta property=\"og:type\" content=\"article\" \/>\n<meta property=\"og:title\" content=\"Pe\u00e7as Sob Medida | Pe\u00e7as de Reposi\u00e7\u00e3o | ACOTEQ\" \/>\n<meta property=\"og:url\" content=\"https:\/\/acoteq.com\/pt-br\/pecas-de-reposicao\/pecas-sob-medida\/\" \/>\n<meta property=\"og:site_name\" content=\"ACOTEQ\" \/>\n<meta property=\"article:modified_time\" content=\"2026-03-19T16:09:30+00:00\" \/>\n<meta property=\"og:image\" content=\"https:\/\/acoteq.com\/wp-content\/uploads\/2026\/02\/Customized-Parts-1-e1756469075333.png.webp\" \/>\n\t<meta property=\"og:image:width\" content=\"1440\" \/>\n\t<meta property=\"og:image:height\" content=\"1024\" \/>\n\t<meta property=\"og:image:type\" content=\"image\/webp\" \/>\n<meta name=\"twitter:card\" content=\"summary_large_image\" \/>\n<meta name=\"twitter:label1\" content=\"Est. tempo de leitura\" \/>\n\t<meta name=\"twitter:data1\" content=\"1 minuto\" \/>\n<script type=\"application\/ld+json\" class=\"yoast-schema-graph\">{\"@context\":\"https:\\\/\\\/schema.org\",\"@graph\":[{\"@type\":\"WebPage\",\"@id\":\"https:\\\/\\\/acoteq.com\\\/pt-br\\\/pecas-de-reposicao\\\/pecas-sob-medida\\\/\",\"url\":\"https:\\\/\\\/acoteq.com\\\/pt-br\\\/pecas-de-reposicao\\\/pecas-sob-medida\\\/\",\"name\":\"Pe\u00e7as Sob Medida | Pe\u00e7as de Reposi\u00e7\u00e3o | ACOTEQ\",\"isPartOf\":{\"@id\":\"https:\\\/\\\/acoteq.com\\\/pt-br\\\/#website\"},\"primaryImageOfPage\":{\"@id\":\"https:\\\/\\\/acoteq.com\\\/pt-br\\\/pecas-de-reposicao\\\/pecas-sob-medida\\\/#primaryimage\"},\"image\":{\"@id\":\"https:\\\/\\\/acoteq.com\\\/pt-br\\\/pecas-de-reposicao\\\/pecas-sob-medida\\\/#primaryimage\"},\"thumbnailUrl\":\"https:\\\/\\\/acoteq.com\\\/wp-content\\\/uploads\\\/2026\\\/02\\\/Customized-Parts-1-e1756469075333.png.webp\",\"datePublished\":\"2026-02-11T12:30:11+00:00\",\"dateModified\":\"2026-03-19T16:09:30+00:00\",\"breadcrumb\":{\"@id\":\"https:\\\/\\\/acoteq.com\\\/pt-br\\\/pecas-de-reposicao\\\/pecas-sob-medida\\\/#breadcrumb\"},\"inLanguage\":\"pt-BR\",\"potentialAction\":[{\"@type\":\"ReadAction\",\"target\":[\"https:\\\/\\\/acoteq.com\\\/pt-br\\\/pecas-de-reposicao\\\/pecas-sob-medida\\\/\"]}]},{\"@type\":\"ImageObject\",\"inLanguage\":\"pt-BR\",\"@id\":\"https:\\\/\\\/acoteq.com\\\/pt-br\\\/pecas-de-reposicao\\\/pecas-sob-medida\\\/#primaryimage\",\"url\":\"https:\\\/\\\/acoteq.com\\\/wp-content\\\/uploads\\\/2026\\\/02\\\/Customized-Parts-1-e1756469075333.png.webp\",\"contentUrl\":\"https:\\\/\\\/acoteq.com\\\/wp-content\\\/uploads\\\/2026\\\/02\\\/Customized-Parts-1-e1756469075333.png.webp\",\"width\":1440,\"height\":1024},{\"@type\":\"BreadcrumbList\",\"@id\":\"https:\\\/\\\/acoteq.com\\\/pt-br\\\/pecas-de-reposicao\\\/pecas-sob-medida\\\/#breadcrumb\",\"itemListElement\":[{\"@type\":\"ListItem\",\"position\":1,\"name\":\"Home\",\"item\":\"https:\\\/\\\/acoteq.com\\\/pt-br\\\/\"},{\"@type\":\"ListItem\",\"position\":2,\"name\":\"Pe\u00e7as de Reposi\u00e7\u00e3o\",\"item\":\"https:\\\/\\\/acoteq.com\\\/pt-br\\\/pecas-de-reposicao\\\/\"},{\"@type\":\"ListItem\",\"position\":3,\"name\":\"Pe\u00e7as sob medida\"}]},{\"@type\":\"WebSite\",\"@id\":\"https:\\\/\\\/acoteq.com\\\/pt-br\\\/#website\",\"url\":\"https:\\\/\\\/acoteq.com\\\/pt-br\\\/\",\"name\":\"ACOTEQ\",\"description\":\"\",\"potentialAction\":[{\"@type\":\"SearchAction\",\"target\":{\"@type\":\"EntryPoint\",\"urlTemplate\":\"https:\\\/\\\/acoteq.com\\\/pt-br\\\/?s={search_term_string}\"},\"query-input\":{\"@type\":\"PropertyValueSpecification\",\"valueRequired\":true,\"valueName\":\"search_term_string\"}}],\"inLanguage\":\"pt-BR\"}]}<\/script>\n<!-- \/ Yoast SEO plugin. -->","yoast_head_json":{"title":"Pe\u00e7as Sob Medida | Pe\u00e7as de Reposi\u00e7\u00e3o | ACOTEQ","robots":{"index":"index","follow":"follow","max-snippet":"max-snippet:-1","max-image-preview":"max-image-preview:large","max-video-preview":"max-video-preview:-1"},"canonical":"https:\/\/acoteq.com\/pt-br\/pecas-de-reposicao\/pecas-sob-medida\/","og_locale":"pt_BR","og_type":"article","og_title":"Pe\u00e7as Sob Medida | Pe\u00e7as de Reposi\u00e7\u00e3o | ACOTEQ","og_url":"https:\/\/acoteq.com\/pt-br\/pecas-de-reposicao\/pecas-sob-medida\/","og_site_name":"ACOTEQ","article_modified_time":"2026-03-19T16:09:30+00:00","og_image":[{"width":1440,"height":1024,"url":"https:\/\/acoteq.com\/wp-content\/uploads\/2026\/02\/Customized-Parts-1-e1756469075333.png.webp","type":"image\/webp"}],"twitter_card":"summary_large_image","twitter_misc":{"Est. tempo de leitura":"1 minuto"},"schema":{"@context":"https:\/\/schema.org","@graph":[{"@type":"WebPage","@id":"https:\/\/acoteq.com\/pt-br\/pecas-de-reposicao\/pecas-sob-medida\/","url":"https:\/\/acoteq.com\/pt-br\/pecas-de-reposicao\/pecas-sob-medida\/","name":"Pe\u00e7as Sob Medida | Pe\u00e7as de Reposi\u00e7\u00e3o | ACOTEQ","isPartOf":{"@id":"https:\/\/acoteq.com\/pt-br\/#website"},"primaryImageOfPage":{"@id":"https:\/\/acoteq.com\/pt-br\/pecas-de-reposicao\/pecas-sob-medida\/#primaryimage"},"image":{"@id":"https:\/\/acoteq.com\/pt-br\/pecas-de-reposicao\/pecas-sob-medida\/#primaryimage"},"thumbnailUrl":"https:\/\/acoteq.com\/wp-content\/uploads\/2026\/02\/Customized-Parts-1-e1756469075333.png.webp","datePublished":"2026-02-11T12:30:11+00:00","dateModified":"2026-03-19T16:09:30+00:00","breadcrumb":{"@id":"https:\/\/acoteq.com\/pt-br\/pecas-de-reposicao\/pecas-sob-medida\/#breadcrumb"},"inLanguage":"pt-BR","potentialAction":[{"@type":"ReadAction","target":["https:\/\/acoteq.com\/pt-br\/pecas-de-reposicao\/pecas-sob-medida\/"]}]},{"@type":"ImageObject","inLanguage":"pt-BR","@id":"https:\/\/acoteq.com\/pt-br\/pecas-de-reposicao\/pecas-sob-medida\/#primaryimage","url":"https:\/\/acoteq.com\/wp-content\/uploads\/2026\/02\/Customized-Parts-1-e1756469075333.png.webp","contentUrl":"https:\/\/acoteq.com\/wp-content\/uploads\/2026\/02\/Customized-Parts-1-e1756469075333.png.webp","width":1440,"height":1024},{"@type":"BreadcrumbList","@id":"https:\/\/acoteq.com\/pt-br\/pecas-de-reposicao\/pecas-sob-medida\/#breadcrumb","itemListElement":[{"@type":"ListItem","position":1,"name":"Home","item":"https:\/\/acoteq.com\/pt-br\/"},{"@type":"ListItem","position":2,"name":"Pe\u00e7as de Reposi\u00e7\u00e3o","item":"https:\/\/acoteq.com\/pt-br\/pecas-de-reposicao\/"},{"@type":"ListItem","position":3,"name":"Pe\u00e7as sob medida"}]},{"@type":"WebSite","@id":"https:\/\/acoteq.com\/pt-br\/#website","url":"https:\/\/acoteq.com\/pt-br\/","name":"ACOTEQ","description":"","potentialAction":[{"@type":"SearchAction","target":{"@type":"EntryPoint","urlTemplate":"https:\/\/acoteq.com\/pt-br\/?s={search_term_string}"},"query-input":{"@type":"PropertyValueSpecification","valueRequired":true,"valueName":"search_term_string"}}],"inLanguage":"pt-BR"}]}},"_links":{"self":[{"href":"https:\/\/acoteq.com\/pt-br\/wp-json\/wp\/v2\/pages\/4070","targetHints":{"allow":["GET"]}}],"collection":[{"href":"https:\/\/acoteq.com\/pt-br\/wp-json\/wp\/v2\/pages"}],"about":[{"href":"https:\/\/acoteq.com\/pt-br\/wp-json\/wp\/v2\/types\/page"}],"author":[{"embeddable":true,"href":"https:\/\/acoteq.com\/pt-br\/wp-json\/wp\/v2\/users\/1"}],"replies":[{"embeddable":true,"href":"https:\/\/acoteq.com\/pt-br\/wp-json\/wp\/v2\/comments?post=4070"}],"version-history":[{"count":9,"href":"https:\/\/acoteq.com\/pt-br\/wp-json\/wp\/v2\/pages\/4070\/revisions"}],"predecessor-version":[{"id":8731,"href":"https:\/\/acoteq.com\/pt-br\/wp-json\/wp\/v2\/pages\/4070\/revisions\/8731"}],"up":[{"embeddable":true,"href":"https:\/\/acoteq.com\/pt-br\/wp-json\/wp\/v2\/pages\/4086"}],"wp:featuredmedia":[{"embeddable":true,"href":"https:\/\/acoteq.com\/pt-br\/wp-json\/wp\/v2\/media\/4071"}],"wp:attachment":[{"href":"https:\/\/acoteq.com\/pt-br\/wp-json\/wp\/v2\/media?parent=4070"}],"curies":[{"name":"wp","href":"https:\/\/api.w.org\/{rel}","templated":true}]}}