{"id":4094,"date":"2026-02-11T13:11:02","date_gmt":"2026-02-11T12:11:02","guid":{"rendered":"https:\/\/acoteq.com\/wire-and-cable\/"},"modified":"2026-03-19T19:45:27","modified_gmt":"2026-03-19T18:45:27","slug":"fios-e-cabos","status":"publish","type":"page","link":"https:\/\/acoteq.com\/pt-br\/fios-e-cabos\/","title":{"rendered":"Fios &amp; Cabos"},"content":{"rendered":"<section class=\"banner\">\n\n\t<img decoding=\"async\" src=\"https:\/\/acoteq.com\/wp-content\/uploads\/2026\/02\/Technical_Equipment.png\" alt=\"\">\n\n\t<div class=\"banner_overlay\">\n\n\t\t<div class=\"container\">\n\n\t\t\t<div class=\"row banner_text\">\n\n\t\t\t\t<div class=\"col-lg-12\">\n\n\t\t\t\t\t<h1><em>SOLU\u00c7\u00d5ES INDUSTRIAIS<\/em> <strong>FIOS &amp;<\/strong> CABOS<\/h1>\n<p style=\"text-align: justify;\">O seu parceiro estrat\u00e9gico na fabrica\u00e7\u00e3o, oferecendo a experi\u00eancia e o suporte integral necess\u00e1rios para otimizar as linhas de trefilagem, encordoamento e extrus\u00e3o.<\/p>\n\n\t\t\t\t\t \n\t\t\t\t<\/div>\n\n\t\t\t<\/div>\n\n\t\t<\/div>\n\n\t<\/div>\n\n<\/section>\n\n\n<div class=\"wp-block-group has-white-background-color has-background\"><div class=\"wp-block-group__inner-container is-layout-constrained wp-block-group-is-layout-constrained\">\n<div style=\"height:20px\" aria-hidden=\"true\" class=\"wp-block-spacer\"><\/div>\n\n\n<section class=\"headline align-center \">\n\t\n\t<div class=\"container\">\n\n\t\t<div class=\"row\">\n\n\t\t\t<div class=\"col-lg-12\">\n\n\t\t\t\t<div class=\"headline_wrapper\">\n\n\t\t\t\t\t<h2><span style=\"color: #14315c;\"><em>ESPECIALISTAS EM FIOS &amp; CABOS<\/em> <strong>NOSSOS SERVI\u00c7OS<\/strong><\/span><\/h2>\n\n\t\t\t\t\t\n\t\t\t\t<\/div>\n\n\t\t\t<\/div>\n\n\t\t<\/div>\n\n\t<\/div>\n\n<\/section>\n\n\n<div style=\"height:50px\" aria-hidden=\"true\" class=\"wp-block-spacer\"><\/div>\n\n\n<section class=\"teaser\">\n\t\n\t<div class=\"container\">\n\n\t\t<div class=\"row\">\n\n\t\t\t\n\t\t\t\t\t<div class=\"col-lg-6 teaser_single\">\n\n\t\t\t\t\t\t<div class=\"teaser_inner\">\n\n\t\t\t\t\t\t\t<div class=\"teaser_image\">\n\n\t\t\t\t\t\t\t\t<a href=\"https:\/\/acoteq.com\/pt-br\/fios-e-cabos\/automacao\/\" target=\"\">\n\n\t\t\t\t\t\t\t\t\t<img decoding=\"async\" src=\"https:\/\/acoteq.com\/wp-content\/uploads\/2026\/02\/Automation.jpeg\" alt=\"\">\n\n\t\t\t\t\t\t\t\t<\/a>\n\n\t\t\t\t\t\t\t<\/div>\n\n\t\t\t\t\t\t\t<div class=\"teaser_info\">\n\n\t\t\t\t\t\t\t\t<div>\n\n\t\t\t\t\t\t\t\t\t<a href=\"https:\/\/acoteq.com\/pt-br\/fios-e-cabos\/automacao\/\" target=\"\">\t\t\t\t\t\t\t\t\t\n\n\t\t\t\t\t\t\t\t\t\t<strong class=\"title\">AUTOMA\u00c7\u00c3O<\/strong>\n\n\t\t\t\t\t\t\t\t\t<\/a>\n\t\t\t\t\t\t\t\t\n\t\t\t\t\t\t\t\t\t<span class=\"subtitle\"><\/span>\n\n\t\t\t\t\t\t\t\t<\/div>\n\n\t\t\t\t\t\t\t\t<a class=\"button\" href=\"https:\/\/acoteq.com\/pt-br\/fios-e-cabos\/automacao\/\" target=\"\">SAIBA MAIS &nbsp;<i class=\"fas fa-arrow-right\"><\/i><\/a>\n\n\t\t\t\t\t\t\t<\/div>\n\n\t\t\t\t\t\t<\/div>\n\n\t\t\t\t\t<\/div>\n\n\t\t\t\t\n\t\t\t\t\t<div class=\"col-lg-6 teaser_single\">\n\n\t\t\t\t\t\t<div class=\"teaser_inner\">\n\n\t\t\t\t\t\t\t<div class=\"teaser_image\">\n\n\t\t\t\t\t\t\t\t<a href=\"https:\/\/acoteq.com\/pt-br\/fios-e-cabos\/consultoria\/\" target=\"\">\n\n\t\t\t\t\t\t\t\t\t<img decoding=\"async\" src=\"https:\/\/acoteq.com\/wp-content\/uploads\/2026\/02\/Consulting.jpeg\" alt=\"\">\n\n\t\t\t\t\t\t\t\t<\/a>\n\n\t\t\t\t\t\t\t<\/div>\n\n\t\t\t\t\t\t\t<div class=\"teaser_info\">\n\n\t\t\t\t\t\t\t\t<div>\n\n\t\t\t\t\t\t\t\t\t<a href=\"https:\/\/acoteq.com\/pt-br\/fios-e-cabos\/consultoria\/\" target=\"\">\t\t\t\t\t\t\t\t\t\n\n\t\t\t\t\t\t\t\t\t\t<strong class=\"title\">CONSULTORIA T\u00c9CNICA<\/strong>\n\n\t\t\t\t\t\t\t\t\t<\/a>\n\t\t\t\t\t\t\t\t\n\t\t\t\t\t\t\t\t\t<span class=\"subtitle\"><\/span>\n\n\t\t\t\t\t\t\t\t<\/div>\n\n\t\t\t\t\t\t\t\t<a class=\"button\" href=\"https:\/\/acoteq.com\/pt-br\/fios-e-cabos\/consultoria\/\" target=\"\">SAIBA MAIS &nbsp;<i class=\"fas fa-arrow-right\"><\/i><\/a>\n\n\t\t\t\t\t\t\t<\/div>\n\n\t\t\t\t\t\t<\/div>\n\n\t\t\t\t\t<\/div>\n\n\t\t\t\t\n\t\t\t\t\t<div class=\"col-lg-6 teaser_single\">\n\n\t\t\t\t\t\t<div class=\"teaser_inner\">\n\n\t\t\t\t\t\t\t<div class=\"teaser_image\">\n\n\t\t\t\t\t\t\t\t<a href=\"https:\/\/acoteq.com\/pt-br\/fios-e-cabos\/maquinario\/\" target=\"\">\n\n\t\t\t\t\t\t\t\t\t<img decoding=\"async\" src=\"https:\/\/acoteq.com\/wp-content\/uploads\/2026\/02\/Technical_Equipment.png\" alt=\"\">\n\n\t\t\t\t\t\t\t\t<\/a>\n\n\t\t\t\t\t\t\t<\/div>\n\n\t\t\t\t\t\t\t<div class=\"teaser_info\">\n\n\t\t\t\t\t\t\t\t<div>\n\n\t\t\t\t\t\t\t\t\t<a href=\"https:\/\/acoteq.com\/pt-br\/fios-e-cabos\/maquinario\/\" target=\"\">\t\t\t\t\t\t\t\t\t\n\n\t\t\t\t\t\t\t\t\t\t<strong class=\"title\">MAQUIN\u00c1RIO<\/strong>\n\n\t\t\t\t\t\t\t\t\t<\/a>\n\t\t\t\t\t\t\t\t\n\t\t\t\t\t\t\t\t\t<span class=\"subtitle\"><\/span>\n\n\t\t\t\t\t\t\t\t<\/div>\n\n\t\t\t\t\t\t\t\t<a class=\"button\" href=\"https:\/\/acoteq.com\/pt-br\/fios-e-cabos\/maquinario\/\" target=\"\">SAIBA MAIS &nbsp;<i class=\"fas fa-arrow-right\"><\/i><\/a>\n\n\t\t\t\t\t\t\t<\/div>\n\n\t\t\t\t\t\t<\/div>\n\n\t\t\t\t\t<\/div>\n\n\t\t\t\t\n\t\t\t\t\t<div class=\"col-lg-6 teaser_single\">\n\n\t\t\t\t\t\t<div class=\"teaser_inner\">\n\n\t\t\t\t\t\t\t<div class=\"teaser_image\">\n\n\t\t\t\t\t\t\t\t<a href=\"https:\/\/acoteq.com\/pt-br\/pecas-de-reposicao\/\" target=\"\">\n\n\t\t\t\t\t\t\t\t\t<img decoding=\"async\" src=\"https:\/\/acoteq.com\/wp-content\/uploads\/2026\/02\/Mechanical-Parts-1-2.png.webp\" alt=\"\">\n\n\t\t\t\t\t\t\t\t<\/a>\n\n\t\t\t\t\t\t\t<\/div>\n\n\t\t\t\t\t\t\t<div class=\"teaser_info\">\n\n\t\t\t\t\t\t\t\t<div>\n\n\t\t\t\t\t\t\t\t\t<a href=\"https:\/\/acoteq.com\/pt-br\/pecas-de-reposicao\/\" target=\"\">\t\t\t\t\t\t\t\t\t\n\n\t\t\t\t\t\t\t\t\t\t<strong class=\"title\">PE\u00c7AS DE REPOSI\u00c7\u00c3O<br>&#038; DESGASTE<\/strong>\n\n\t\t\t\t\t\t\t\t\t<\/a>\n\t\t\t\t\t\t\t\t\n\t\t\t\t\t\t\t\t\t<span class=\"subtitle\"><\/span>\n\n\t\t\t\t\t\t\t\t<\/div>\n\n\t\t\t\t\t\t\t\t<a class=\"button\" href=\"https:\/\/acoteq.com\/pt-br\/pecas-de-reposicao\/\" target=\"\">SAIBA MAIS &nbsp;<i class=\"fas fa-arrow-right\"><\/i><\/a>\n\n\t\t\t\t\t\t\t<\/div>\n\n\t\t\t\t\t\t<\/div>\n\n\t\t\t\t\t<\/div>\n\n\t\t\t\t\t\t\t\t\n\n\t\t<\/div>\n\n\t<\/div>\n\n<\/section>\n\n\n<div style=\"height:50px\" aria-hidden=\"true\" class=\"wp-block-spacer\"><\/div>\n<\/div><\/div>\n\n\n\n<div class=\"wp-block-group has-white-color has-text-color has-background has-link-color wp-elements-fe745d5b0a57bb213f26fb16eb9ca16d\" style=\"background-color:#051c3c\"><div class=\"wp-block-group__inner-container is-layout-constrained wp-block-group-is-layout-constrained\"><section class=\"headline align-left \">\n\t\n\t<div class=\"container\">\n\n\t\t<div class=\"row\">\n\n\t\t\t<div class=\"col-lg-12\">\n\n\t\t\t\t<div class=\"headline_wrapper\">\n\n\t\t\t\t\t<h2><span style=\"color: #c7d300;\"><strong>EXPERTISE<\/strong> <\/span>EM PROCESSOS<\/h2>\n\n\t\t\t\t\t\n\t\t\t\t<\/div>\n\n\t\t\t<\/div>\n\n\t\t<\/div>\n\n\t<\/div>\n\n<\/section>\n\n\n<div style=\"height:30px\" aria-hidden=\"true\" class=\"wp-block-spacer\"><\/div>\n\n\n<section class=\"stages\">\n\t\n\t<div class=\"container\">\n\n\t\t<div class=\"row\">\n\n\t\t\t<div class=\"col-lg-12\">\n\n\t\t\t\t<div class=\"stages_wrapper\">\n\n\t\t\t\t\t\n\t\t\t\t\t\t\t\n\t\t\t\t\t\t\t<div class=\"stages_single \">\n\n\t\t\t\t\t\t\t\t<div class=\"stages_inner\">\n\n\t\t\t\t\t\t\t\t\t\n\t\t\t\t\t\t\t\t\t<span class=\"number\">01<\/span>\n\n\t\t\t\t\t\t\t\t\t<strong class=\"title\">METALURGIA<\/strong>\n\n\t\t\t\t\t\t\t\t\t\n\t\t\t\t\t\t\t\t<\/div>\n\n\t\t\t\t\t\t\t<\/div>\n\n\t\t\t\t\t\t\n\t\t\t\t\t\t\t\n\t\t\t\t\t\t\t<div class=\"stages_single \">\n\n\t\t\t\t\t\t\t\t<div class=\"stages_inner\">\n\n\t\t\t\t\t\t\t\t\t\n\t\t\t\t\t\t\t\t\t<span class=\"number\">02<\/span>\n\n\t\t\t\t\t\t\t\t\t<strong class=\"title\">TREFILAGEM<\/strong>\n\n\t\t\t\t\t\t\t\t\t\n\t\t\t\t\t\t\t\t<\/div>\n\n\t\t\t\t\t\t\t<\/div>\n\n\t\t\t\t\t\t\n\t\t\t\t\t\t\t\n\t\t\t\t\t\t\t<div class=\"stages_single \">\n\n\t\t\t\t\t\t\t\t<div class=\"stages_inner\">\n\n\t\t\t\t\t\t\t\t\t\n\t\t\t\t\t\t\t\t\t<span class=\"number\">03<\/span>\n\n\t\t\t\t\t\t\t\t\t<strong class=\"title\">ENCORDOAMENTO<\/strong>\n\n\t\t\t\t\t\t\t\t\t\n\t\t\t\t\t\t\t\t<\/div>\n\n\t\t\t\t\t\t\t<\/div>\n\n\t\t\t\t\t\t\n\t\t\t\t\t\t\t\n\t\t\t\t\t\t\t<div class=\"stages_single \">\n\n\t\t\t\t\t\t\t\t<div class=\"stages_inner\">\n\n\t\t\t\t\t\t\t\t\t\n\t\t\t\t\t\t\t\t\t<span class=\"number\">04<\/span>\n\n\t\t\t\t\t\t\t\t\t<strong class=\"title\">EXTRUS\u00c3O<\/strong>\n\n\t\t\t\t\t\t\t\t\t\n\t\t\t\t\t\t\t\t<\/div>\n\n\t\t\t\t\t\t\t<\/div>\n\n\t\t\t\t\t\t\n\t\t\t\t\t\t\t\n\t\t\t\t\t\t\t<div class=\"stages_single \">\n\n\t\t\t\t\t\t\t\t<div class=\"stages_inner\">\n\n\t\t\t\t\t\t\t\t\t\n\t\t\t\t\t\t\t\t\t<span class=\"number\">05<\/span>\n\n\t\t\t\t\t\t\t\t\t<strong class=\"title\">BOBINAGEM<\/strong>\n\n\t\t\t\t\t\t\t\t\t\n\t\t\t\t\t\t\t\t<\/div>\n\n\t\t\t\t\t\t\t<\/div>\n\n\t\t\t\t\t\t\n\t\t\t\t\t\t\t\n\t\t\t\t\t\t\t<div class=\"stages_single \">\n\n\t\t\t\t\t\t\t\t<div class=\"stages_inner\">\n\n\t\t\t\t\t\t\t\t\t\n\t\t\t\t\t\t\t\t\t<span class=\"number\">06<\/span>\n\n\t\t\t\t\t\t\t\t\t<strong class=\"title\">EMBALAGEM<\/strong>\n\n\t\t\t\t\t\t\t\t\t\n\t\t\t\t\t\t\t\t<\/div>\n\n\t\t\t\t\t\t\t<\/div>\n\n\t\t\t\t\t\t\n\t\t\t\t\t\t\t\n\t\t\t\t\t\t\t<div class=\"stages_single \">\n\n\t\t\t\t\t\t\t\t<div class=\"stages_inner\">\n\n\t\t\t\t\t\t\t\t\t\n\t\t\t\t\t\t\t\t\t<span class=\"number\">07<\/span>\n\n\t\t\t\t\t\t\t\t\t<strong class=\"title\">TRANSPORTE<\/strong>\n\n\t\t\t\t\t\t\t\t\t\n\t\t\t\t\t\t\t\t<\/div>\n\n\t\t\t\t\t\t\t<\/div>\n\n\t\t\t\t\t\t\t\n\n\t\t\t\t<\/div>\n\n\t\t\t<\/div>\n\n\t\t<\/div>\n\n\t<\/div>\n\n<\/section><\/div><\/div>\n\n\n\n<div class=\"wp-block-group has-text-color has-background has-link-color wp-elements-a091295f2eaff9dd8052be5f1559e24f\" style=\"color:#0e3770;background-color:#f3f4f7\"><div class=\"wp-block-group__inner-container is-layout-constrained wp-block-group-is-layout-constrained\">\n<div style=\"height:25px\" aria-hidden=\"true\" class=\"wp-block-spacer\"><\/div>\n\n\n<section class=\"headline align-center \">\n\t\n\t<div class=\"container\">\n\n\t\t<div class=\"row\">\n\n\t\t\t<div class=\"col-lg-12\">\n\n\t\t\t\t<div class=\"headline_wrapper\">\n\n\t\t\t\t\t<h2><em>Suporte t\u00e9cnico multimarcas<\/em> <strong>FABRICANTES SUPORTADOS<\/strong><\/h2>\n\n\t\t\t\t\t\n\t\t\t\t<\/div>\n\n\t\t\t<\/div>\n\n\t\t<\/div>\n\n\t<\/div>\n\n<\/section>\n\n\n<div style=\"height:25px\" aria-hidden=\"true\" class=\"wp-block-spacer\"><\/div>\n\n\n<section class=\"manufacturers\">\n\t\n\t<div class=\"container\">\n\n\t\t<div class=\"row\">\n\n\t\t\t<div class=\"col-lg-12\">\n\n\t\t\t\t<div class=\"manufacturers_wrapper\">\n\n\t\t\t\t\t\n\t\t\t\t\t\t\t<div class=\"manufacturer_single\">\n\n\t\t\t\t\t\t\t\t<div class=\"manufacturer_inner\">\n\t\t\n\t\t\t\t\t\t\t\t\t<span>Niehoff<\/span>\n\n\t\t\t\t\t\t\t\t<\/div>\n\n\t\t\t\t\t\t\t<\/div>\n\n\t\t\t\t\t\t\n\t\t\t\t\t\t\t<div class=\"manufacturer_single\">\n\n\t\t\t\t\t\t\t\t<div class=\"manufacturer_inner\">\n\t\t\n\t\t\t\t\t\t\t\t\t<span>HENRICH<\/span>\n\n\t\t\t\t\t\t\t\t<\/div>\n\n\t\t\t\t\t\t\t<\/div>\n\n\t\t\t\t\t\t\n\t\t\t\t\t\t\t<div class=\"manufacturer_single\">\n\n\t\t\t\t\t\t\t\t<div class=\"manufacturer_inner\">\n\t\t\n\t\t\t\t\t\t\t\t\t<span>SAMP<\/span>\n\n\t\t\t\t\t\t\t\t<\/div>\n\n\t\t\t\t\t\t\t<\/div>\n\n\t\t\t\t\t\t\n\t\t\t\t\t\t\t<div class=\"manufacturer_single\">\n\n\t\t\t\t\t\t\t\t<div class=\"manufacturer_inner\">\n\t\t\n\t\t\t\t\t\t\t\t\t<span>QUEINS<\/span>\n\n\t\t\t\t\t\t\t\t<\/div>\n\n\t\t\t\t\t\t\t<\/div>\n\n\t\t\t\t\t\t\n\t\t\t\t\t\t\t<div class=\"manufacturer_single\">\n\n\t\t\t\t\t\t\t\t<div class=\"manufacturer_inner\">\n\t\t\n\t\t\t\t\t\t\t\t\t<span>GAUDER<\/span>\n\n\t\t\t\t\t\t\t\t<\/div>\n\n\t\t\t\t\t\t\t<\/div>\n\n\t\t\t\t\t\t\n\t\t\t\t\t\t\t<div class=\"manufacturer_single\">\n\n\t\t\t\t\t\t\t\t<div class=\"manufacturer_inner\">\n\t\t\n\t\t\t\t\t\t\t\t\t<span>POURTIER<\/span>\n\n\t\t\t\t\t\t\t\t<\/div>\n\n\t\t\t\t\t\t\t<\/div>\n\n\t\t\t\t\t\t\n\t\t\t\t\t\t\t<div class=\"manufacturer_single\">\n\n\t\t\t\t\t\t\t\t<div class=\"manufacturer_inner\">\n\t\t\n\t\t\t\t\t\t\t\t\t<span>SETIC<\/span>\n\n\t\t\t\t\t\t\t\t<\/div>\n\n\t\t\t\t\t\t\t<\/div>\n\n\t\t\t\t\t\t\n\t\t\t\t\t\t\t<div class=\"manufacturer_single\">\n\n\t\t\t\t\t\t\t\t<div class=\"manufacturer_inner\">\n\t\t\n\t\t\t\t\t\t\t\t\t<span>Stolberger<\/span>\n\n\t\t\t\t\t\t\t\t<\/div>\n\n\t\t\t\t\t\t\t<\/div>\n\n\t\t\t\t\t\t\n\t\t\t\t\t\t\t<div class=\"manufacturer_single\">\n\n\t\t\t\t\t\t\t\t<div class=\"manufacturer_inner\">\n\t\t\n\t\t\t\t\t\t\t\t\t<span>CABALL\u00c8<\/span>\n\n\t\t\t\t\t\t\t\t<\/div>\n\n\t\t\t\t\t\t\t<\/div>\n\n\t\t\t\t\t\t\n\t\t\t\t\t\t\t<div class=\"manufacturer_single\">\n\n\t\t\t\t\t\t\t\t<div class=\"manufacturer_inner\">\n\t\t\n\t\t\t\t\t\t\t\t\t<span>MAILLEFER<\/span>\n\n\t\t\t\t\t\t\t\t<\/div>\n\n\t\t\t\t\t\t\t<\/div>\n\n\t\t\t\t\t\t\n\t\t\t\t\t\t\t<div class=\"manufacturer_single\">\n\n\t\t\t\t\t\t\t\t<div class=\"manufacturer_inner\">\n\t\t\n\t\t\t\t\t\t\t\t\t<span>ROSENDAHL NEXTROM<\/span>\n\n\t\t\t\t\t\t\t\t<\/div>\n\n\t\t\t\t\t\t\t<\/div>\n\n\t\t\t\t\t\t\n\t\t\t\t\t\t\t<div class=\"manufacturer_single\">\n\n\t\t\t\t\t\t\t\t<div class=\"manufacturer_inner\">\n\t\t\n\t\t\t\t\t\t\t\t\t<span>SKET<\/span>\n\n\t\t\t\t\t\t\t\t<\/div>\n\n\t\t\t\t\t\t\t<\/div>\n\n\t\t\t\t\t\t\n\t\t\t\t\t\t\t<div class=\"manufacturer_single\">\n\n\t\t\t\t\t\t\t\t<div class=\"manufacturer_inner\">\n\t\t\n\t\t\t\t\t\t\t\t\t<span>TROESTER<\/span>\n\n\t\t\t\t\t\t\t\t<\/div>\n\n\t\t\t\t\t\t\t<\/div>\n\n\t\t\t\t\t\t\n\t\t\t\t\t\t\t<div class=\"manufacturer_single\">\n\n\t\t\t\t\t\t\t\t<div class=\"manufacturer_inner\">\n\t\t\n\t\t\t\t\t\t\t\t\t<span>CORTINOVIS<\/span>\n\n\t\t\t\t\t\t\t\t<\/div>\n\n\t\t\t\t\t\t\t<\/div>\n\n\t\t\t\t\t\t\n\t\t\t\t\t\t\t<div class=\"manufacturer_single\">\n\n\t\t\t\t\t\t\t\t<div class=\"manufacturer_inner\">\n\t\t\n\t\t\t\t\t\t\t\t\t<span>MFL GROUP<\/span>\n\n\t\t\t\t\t\t\t\t<\/div>\n\n\t\t\t\t\t\t\t<\/div>\n\n\t\t\t\t\t\t\n\t\t\t\t\t\t\t<div class=\"manufacturer_single\">\n\n\t\t\t\t\t\t\t\t<div class=\"manufacturer_inner\">\n\t\t\n\t\t\t\t\t\t\t\t\t<span>TECALSA<\/span>\n\n\t\t\t\t\t\t\t\t<\/div>\n\n\t\t\t\t\t\t\t<\/div>\n\n\t\t\t\t\t\t\n\t\t\t\t\t\t\t<div class=\"manufacturer_single\">\n\n\t\t\t\t\t\t\t\t<div class=\"manufacturer_inner\">\n\t\t\n\t\t\t\t\t\t\t\t\t<span>LESMO<\/span>\n\n\t\t\t\t\t\t\t\t<\/div>\n\n\t\t\t\t\t\t\t<\/div>\n\n\t\t\t\t\t\t\n\t\t\t\t\t\t\t<div class=\"manufacturer_single\">\n\n\t\t\t\t\t\t\t\t<div class=\"manufacturer_inner\">\n\t\t\n\t\t\t\t\t\t\t\t\t<span>EURODRAW<\/span>\n\n\t\t\t\t\t\t\t\t<\/div>\n\n\t\t\t\t\t\t\t<\/div>\n\n\t\t\t\t\t\t\n\t\t\t\t\t\t\t<div class=\"manufacturer_single\">\n\n\t\t\t\t\t\t\t\t<div class=\"manufacturer_inner\">\n\t\t\n\t\t\t\t\t\t\t\t\t<span>KINREI<\/span>\n\n\t\t\t\t\t\t\t\t<\/div>\n\n\t\t\t\t\t\t\t<\/div>\n\n\t\t\t\t\t\t\n\t\t\t\t\t\t\t<div class=\"manufacturer_single\">\n\n\t\t\t\t\t\t\t\t<div class=\"manufacturer_inner\">\n\t\t\n\t\t\t\t\t\t\t\t\t<span>E MUITO MAIS&#8230;<\/span>\n\n\t\t\t\t\t\t\t\t<\/div>\n\n\t\t\t\t\t\t\t<\/div>\n\n\t\t\t\t\t\t\t\n\n\t\t\t\t<\/div>\t\t\t\t\n\n\t\t\t<\/div>\n\n\t\t<\/div>\n\n\t<\/div>\n\n<\/section>\n\n\n<div style=\"height:30px\" aria-hidden=\"true\" class=\"wp-block-spacer\"><\/div>\n\n\n\n<div style=\"height:50px\" aria-hidden=\"true\" class=\"wp-block-spacer\"><\/div>\n<\/div><\/div>\n\n\n<section class=\"service\">\n\t\n\t<div class=\"container\">\n\n\t\t<div class=\"row\">\n\n\t\t\t<div class=\"col-lg-12\">\n\n\t\t\t\t<div class=\"service_inner\">\n\n\t\t\t\t\t<div class=\"row\">\n\n\t\t\t\t\t\t<div class=\"col-lg-6 service_text\">\n\n\t\t\t\t\t\t\t<h2><em>IND\u00daSTRIA DE FIOS E CABOS<\/em> <strong>SERVI\u00c7O<\/strong> T\u00c9CNICO<\/h2>\n<p><strong>PROBLEMAS NA PRODU\u00c7\u00c3O?<\/strong><br \/>\nObtenha suporte de diagn\u00f3stico direto dos nossos engenheiros.<br \/>\nAvaliamos problemas mec\u00e2nicos e el\u00e9tricos imediatamente.<\/p>\n\n\t\t\t\t\t\t\t\n\t\t\t\t\t\t\t\t<ul>\n\n\t\t\t\t\t\t\t\t\n\t\t\t\t\t\t\t\t\t<li>AN\u00c1LISE DE M\u00c1QUINAS<\/li>\n\n\t\t\t\t\t\t\t\t\n\t\t\t\t\t\t\t\t\t<li>SUPORTE DE SOFTWARE<\/li>\n\n\t\t\t\t\t\t\t\t\n\t\t\t\t\t\t\t\t<\/ul>\n\n\t\t\t\t\t\t\t\t\t\t\t\t\t\t\n\n\t\t\t\t\t\t<\/div>\n\n\t\t\t\t\t\t<div class=\"col-lg-6 service_links\">\n\n\t\t\t\t\t\t\t<div>\n\n\t\t\t\t\t\t\t\t<span><span class=\"pulsing_dot\"><\/span>&nbsp;Linha direta com a equipe de engenharia<\/span>\n\n\t\t\t\t\t\t\t\t<a target=\"_blank\" href=\"https:\/\/wa.me\/4915140779592\">\n\t\t\t\t\t\t\t\t\t\n\t\t\t\t\t\t\t\t\t<img decoding=\"async\" src=\"https:\/\/acoteq.com\/wp-content\/themes\/acoteq\/assets\/img\/whatsapp.png\" alt=\"Icon WhatsApp\">\n\n\t\t\t\t\t\t\t\t\t<div>\n\n\t\t\t\t\t\t\t\t\t\t<strong>Conversar no WhatsApp<\/strong>\n\n\t\t\t\t\t\t\t\t\t<\/div>\n\n\t\t\t\t\t\t\t\t<\/a>\n\n\t\t\t\t\t\t\t\t<a target=\"_blank\" href=\"https:\/\/teams.microsoft.com\/l\/chat\/0\/0?users=info@acoteq.com\">\n\t\t\t\t\t\t\t\t\t\n\t\t\t\t\t\t\t\t\t<img decoding=\"async\" src=\"https:\/\/acoteq.com\/wp-content\/themes\/acoteq\/assets\/img\/teams.png\" alt=\"Icon MS Teams\">\n\n\t\t\t\t\t\t\t\t\t<div>\n\n\t\t\t\t\t\t\t\t\t\t<strong>Conversar no Teams<\/strong>\n\n\t\t\t\t\t\t\t\t\t<\/div>\t\t\t\t\t\t\t\n\n\t\t\t\t\t\t\t\t<\/a>\n\n\t\t\t\t\t\t\t\t<span><a href=\"mailto:info@acoteq.com\">Ou entre em contato por e-mail&nbsp;<i class=\"fas fa-arrow-right\"><\/i><\/a><\/span>\n\n\t\t\t\t\t\t\t<\/div>\n\n\t\t\t\t\t\t<\/div>\n\n\t\t\t\t\t<\/div>\n\n\t\t\t\t<\/div>\n\n\t\t\t<\/div>\n\n\t\t<\/div>\n\n\t<\/div>\n\n<\/section>\n\n\n<div class=\"wp-block-group has-white-background-color has-background\"><div class=\"wp-block-group__inner-container is-layout-constrained wp-block-group-is-layout-constrained\">\n<div style=\"height:30px\" aria-hidden=\"true\" class=\"wp-block-spacer\"><\/div>\n\n\n\n<div class=\"wp-block-columns is-layout-flex wp-container-core-columns-is-layout-9d6595d7 wp-block-columns-is-layout-flex\">\n<div class=\"wp-block-column is-layout-flow wp-block-column-is-layout-flow\" style=\"flex-basis:66.66%\"><section class=\"text arrow_list green\">\n\t\n\t<div class=\"container\">\n\n\t\t<div class=\"row\">\n\n\t\t\t<div class=\"col-lg-12\">\n\n\t\t\t\t<h3><span style=\"color: #14315c;\">A ind\u00fastria de fios e cabos exige processos est\u00e1veis, equipamentos confi\u00e1veis e suporte t\u00e9cnico r\u00e1pido.<\/span><\/h3>\n<p><b data-path-to-node=\"15,1,0\" data-index-in-node=\"14\">ACOTEQ<\/b> oferece os quatro pilares do sucesso industrial:<\/p>\n<ul>\n<li><b>Automa\u00e7\u00e3o, Consultoria T\u00e9cnica, Equipamento T\u00e9cnico e Pe\u00e7as de Reposi\u00e7\u00e3o.<\/b><\/li>\n<\/ul>\n<p>Capacitamos os fabricantes do setor de fios e cabos para alcan\u00e7ar uma <strong>produ\u00e7\u00e3o cont\u00ednua e r\u00e1pida escalabilidade<\/strong> atrav\u00e9s de suporte t\u00e9cnico especializado.<\/p>\n\n\t\t\t<\/div>\n\n\t\t<\/div>\n\n\t<\/div>\n\n<\/section>\n\n\n<div style=\"height:15px\" aria-hidden=\"true\" class=\"wp-block-spacer\"><\/div>\n\n\n<section class=\"quote\">\n\t\n\t<div class=\"container\">\n\n\t\t<div class=\"row\">\n\n\t\t\t<div class=\"col-lg-12\">\n\n\t\t\t\t<div class=\"quote_inner\">\n\n\t\t\t\t\t<p><strong>A dist\u00e2ncia nunca \u00e9 uma barreira:<\/strong> Com uma entrega mundial r\u00e1pida e supervis\u00e3o t\u00e9cnica remota, a ACOTEQ \u00e9 o parceiro local para fabricantes globais no M\u00e9xico, Brasil, Turquia, China, Pol\u00f3nia ou em qualquer lugar, de <b data-path-to-node=\"15,5,0\" data-index-in-node=\"198\">A (Argentina) a Z (Z\u00e2mbia)<\/b> \u2013 a nossa equipa est\u00e1 pronta para ajudar.<\/p>\n<p><a href=\"https:\/\/acoteq.com\/contact-us\/\">ENTRE EM CONTACTO AGORA<\/a><\/p>\n\n\t\t\t\t<\/div>\n\n\t\t\t<\/div>\n\n\t\t<\/div>\n\n\t<\/div>\n\n<\/section><\/div>\n\n\n\n<div class=\"wp-block-column is-layout-flow wp-block-column-is-layout-flow\" style=\"flex-basis:33.33%\"><div class=\"container\">\n\n\t<div class=\"row\">\n\n\t\t<div class=\"col-lg-12\">\n\n\t\t\t<div class=\"imagewrap\">\n\n\t\t\t\t<img decoding=\"async\" src=\"https:\/\/acoteq.com\/wp-content\/uploads\/2026\/02\/wida2-e1771953583326.png\" alt=\"\">\n\n\t\t\t\t\n\t\t\t<\/div>\n\n\t\t<\/div>\n\n\t<\/div>\n\n<\/div><\/div>\n<\/div>\n\n\n\n<div style=\"height:50px\" aria-hidden=\"true\" class=\"wp-block-spacer\"><\/div>\n<\/div><\/div>\n","protected":false},"excerpt":{"rendered":"","protected":false},"author":1,"featured_media":0,"parent":0,"menu_order":0,"comment_status":"closed","ping_status":"closed","template":"","meta":{"_acf_changed":false,"footnotes":""},"class_list":["post-4094","page","type-page","status-publish","hentry"],"acf":[],"yoast_head":"<!-- This site is optimized with the Yoast SEO plugin v27.4 - https:\/\/yoast.com\/product\/yoast-seo-wordpress\/ -->\n<title>Fios &amp; Cabos | ACOTEQ<\/title>\n<meta name=\"robots\" content=\"index, follow, max-snippet:-1, max-image-preview:large, max-video-preview:-1\" \/>\n<link rel=\"canonical\" href=\"https:\/\/acoteq.com\/pt-br\/fios-e-cabos\/\" \/>\n<meta property=\"og:locale\" content=\"pt_BR\" \/>\n<meta property=\"og:type\" content=\"article\" \/>\n<meta property=\"og:title\" content=\"Fios &amp; Cabos | ACOTEQ\" \/>\n<meta property=\"og:url\" content=\"https:\/\/acoteq.com\/pt-br\/fios-e-cabos\/\" \/>\n<meta property=\"og:site_name\" content=\"ACOTEQ\" \/>\n<meta property=\"article:modified_time\" content=\"2026-03-19T18:45:27+00:00\" \/>\n<meta name=\"twitter:card\" content=\"summary_large_image\" \/>\n<script type=\"application\/ld+json\" class=\"yoast-schema-graph\">{\"@context\":\"https:\\\/\\\/schema.org\",\"@graph\":[{\"@type\":\"WebPage\",\"@id\":\"https:\\\/\\\/acoteq.com\\\/pt-br\\\/fios-e-cabos\\\/\",\"url\":\"https:\\\/\\\/acoteq.com\\\/pt-br\\\/fios-e-cabos\\\/\",\"name\":\"Fios & Cabos | ACOTEQ\",\"isPartOf\":{\"@id\":\"https:\\\/\\\/acoteq.com\\\/pt-br\\\/#website\"},\"datePublished\":\"2026-02-11T12:11:02+00:00\",\"dateModified\":\"2026-03-19T18:45:27+00:00\",\"breadcrumb\":{\"@id\":\"https:\\\/\\\/acoteq.com\\\/pt-br\\\/fios-e-cabos\\\/#breadcrumb\"},\"inLanguage\":\"pt-BR\",\"potentialAction\":[{\"@type\":\"ReadAction\",\"target\":[\"https:\\\/\\\/acoteq.com\\\/pt-br\\\/fios-e-cabos\\\/\"]}]},{\"@type\":\"BreadcrumbList\",\"@id\":\"https:\\\/\\\/acoteq.com\\\/pt-br\\\/fios-e-cabos\\\/#breadcrumb\",\"itemListElement\":[{\"@type\":\"ListItem\",\"position\":1,\"name\":\"Home\",\"item\":\"https:\\\/\\\/acoteq.com\\\/pt-br\\\/\"},{\"@type\":\"ListItem\",\"position\":2,\"name\":\"Fios &amp; Cabos\"}]},{\"@type\":\"WebSite\",\"@id\":\"https:\\\/\\\/acoteq.com\\\/pt-br\\\/#website\",\"url\":\"https:\\\/\\\/acoteq.com\\\/pt-br\\\/\",\"name\":\"ACOTEQ\",\"description\":\"\",\"potentialAction\":[{\"@type\":\"SearchAction\",\"target\":{\"@type\":\"EntryPoint\",\"urlTemplate\":\"https:\\\/\\\/acoteq.com\\\/pt-br\\\/?s={search_term_string}\"},\"query-input\":{\"@type\":\"PropertyValueSpecification\",\"valueRequired\":true,\"valueName\":\"search_term_string\"}}],\"inLanguage\":\"pt-BR\"}]}<\/script>\n<!-- \/ Yoast SEO plugin. -->","yoast_head_json":{"title":"Fios & Cabos | ACOTEQ","robots":{"index":"index","follow":"follow","max-snippet":"max-snippet:-1","max-image-preview":"max-image-preview:large","max-video-preview":"max-video-preview:-1"},"canonical":"https:\/\/acoteq.com\/pt-br\/fios-e-cabos\/","og_locale":"pt_BR","og_type":"article","og_title":"Fios & Cabos | ACOTEQ","og_url":"https:\/\/acoteq.com\/pt-br\/fios-e-cabos\/","og_site_name":"ACOTEQ","article_modified_time":"2026-03-19T18:45:27+00:00","twitter_card":"summary_large_image","schema":{"@context":"https:\/\/schema.org","@graph":[{"@type":"WebPage","@id":"https:\/\/acoteq.com\/pt-br\/fios-e-cabos\/","url":"https:\/\/acoteq.com\/pt-br\/fios-e-cabos\/","name":"Fios & Cabos | ACOTEQ","isPartOf":{"@id":"https:\/\/acoteq.com\/pt-br\/#website"},"datePublished":"2026-02-11T12:11:02+00:00","dateModified":"2026-03-19T18:45:27+00:00","breadcrumb":{"@id":"https:\/\/acoteq.com\/pt-br\/fios-e-cabos\/#breadcrumb"},"inLanguage":"pt-BR","potentialAction":[{"@type":"ReadAction","target":["https:\/\/acoteq.com\/pt-br\/fios-e-cabos\/"]}]},{"@type":"BreadcrumbList","@id":"https:\/\/acoteq.com\/pt-br\/fios-e-cabos\/#breadcrumb","itemListElement":[{"@type":"ListItem","position":1,"name":"Home","item":"https:\/\/acoteq.com\/pt-br\/"},{"@type":"ListItem","position":2,"name":"Fios &amp; Cabos"}]},{"@type":"WebSite","@id":"https:\/\/acoteq.com\/pt-br\/#website","url":"https:\/\/acoteq.com\/pt-br\/","name":"ACOTEQ","description":"","potentialAction":[{"@type":"SearchAction","target":{"@type":"EntryPoint","urlTemplate":"https:\/\/acoteq.com\/pt-br\/?s={search_term_string}"},"query-input":{"@type":"PropertyValueSpecification","valueRequired":true,"valueName":"search_term_string"}}],"inLanguage":"pt-BR"}]}},"_links":{"self":[{"href":"https:\/\/acoteq.com\/pt-br\/wp-json\/wp\/v2\/pages\/4094","targetHints":{"allow":["GET"]}}],"collection":[{"href":"https:\/\/acoteq.com\/pt-br\/wp-json\/wp\/v2\/pages"}],"about":[{"href":"https:\/\/acoteq.com\/pt-br\/wp-json\/wp\/v2\/types\/page"}],"author":[{"embeddable":true,"href":"https:\/\/acoteq.com\/pt-br\/wp-json\/wp\/v2\/users\/1"}],"replies":[{"embeddable":true,"href":"https:\/\/acoteq.com\/pt-br\/wp-json\/wp\/v2\/comments?post=4094"}],"version-history":[{"count":14,"href":"https:\/\/acoteq.com\/pt-br\/wp-json\/wp\/v2\/pages\/4094\/revisions"}],"predecessor-version":[{"id":10331,"href":"https:\/\/acoteq.com\/pt-br\/wp-json\/wp\/v2\/pages\/4094\/revisions\/10331"}],"wp:attachment":[{"href":"https:\/\/acoteq.com\/pt-br\/wp-json\/wp\/v2\/media?parent=4094"}],"curies":[{"name":"wp","href":"https:\/\/api.w.org\/{rel}","templated":true}]}}